{"id":47,"date":"2021-08-26T13:22:07","date_gmt":"2021-08-26T12:22:07","guid":{"rendered":"http:\/\/dummy.xtemos.com\/woodmart2\/elementor\/?page_id=47"},"modified":"2025-11-25T08:47:13","modified_gmt":"2025-11-25T07:47:13","slug":"serioser-gbl-shop","status":"publish","type":"page","link":"https:\/\/ko-tropfen-kaufen.com\/ml\/serioser-gbl-shop\/","title":{"rendered":"Shop"},"content":{"rendered":"<div id=\"ez-toc-container\" class=\"ez-toc-v2_0_82_2 counter-hierarchy ez-toc-counter ez-toc-grey ez-toc-container-direction\">\n<div class=\"ez-toc-title-container\">\n<p class=\"ez-toc-title\" style=\"cursor:inherit\">Table of Contents<\/p>\n<span class=\"ez-toc-title-toggle\"><a href=\"#\" class=\"ez-toc-pull-right ez-toc-btn ez-toc-btn-xs ez-toc-btn-default ez-toc-toggle\" aria-label=\"Toggle Table of Content\"><span class=\"ez-toc-js-icon-con\"><span class=\"\"><span class=\"eztoc-hide\" style=\"display:none;\">Toggle<\/span><span class=\"ez-toc-icon-toggle-span\"><svg style=\"fill: #999;color:#999\" xmlns=\"http:\/\/www.w3.org\/2000\/svg\" class=\"list-377408\" width=\"20px\" height=\"20px\" viewbox=\"0 0 24 24\" fill=\"none\"><path d=\"M6 6H4v2h2V6zm14 0H8v2h12V6zM4 11h2v2H4v-2zm16 0H8v2h12v-2zM4 16h2v2H4v-2zm16 0H8v2h12v-2z\" fill=\"currentColor\"><\/path><\/svg><svg style=\"fill: #999;color:#999\" class=\"arrow-unsorted-368013\" xmlns=\"http:\/\/www.w3.org\/2000\/svg\" width=\"10px\" height=\"10px\" viewbox=\"0 0 24 24\" version=\"1.2\" baseprofile=\"tiny\"><path d=\"M18.2 9.3l-6.2-6.3-6.2 6.3c-.2.2-.3.4-.3.7s.1.5.3.7c.2.2.4.3.7.3h11c.3 0 .5-.1.7-.3.2-.2.3-.5.3-.7s-.1-.5-.3-.7zM5.8 14.7l6.2 6.3 6.2-6.3c.2-.2.3-.5.3-.7s-.1-.5-.3-.7c-.2-.2-.4-.3-.7-.3h-11c-.3 0-.5.1-.7.3-.2.2-.3.5-.3.7s.1.5.3.7z\"\/><\/svg><\/span><\/span><\/span><\/a><\/span><\/div>\n<nav><ul class='ez-toc-list ez-toc-list-level-1' ><li class='ez-toc-page-1 ez-toc-heading-level-2'><a class=\"ez-toc-link ez-toc-heading-1\" href=\"https:\/\/ko-tropfen-kaufen.com\/ml\/serioser-gbl-shop\/#Serioser_GBL_Shop_Deutschland_ko-tropfen-kaufen\" >Seri\u00f6ser GBL Shop Deutschland ko-tropfen-kaufen<\/a><\/li><li class='ez-toc-page-1 ez-toc-heading-level-2'><a class=\"ez-toc-link ez-toc-heading-2\" href=\"https:\/\/ko-tropfen-kaufen.com\/ml\/serioser-gbl-shop\/#Hochste_Qualitat_GBLGHB_zu_wettbewerbsfahigen_Preisen\" >H\u00f6chste Qualit\u00e4t GBL\/GHB zu wettbewerbsf\u00e4higen Preisen<\/a><\/li><\/ul><\/nav><\/div>\n<h2 class=\"wp-block-heading\" id=\"h-serioser-gbl-shop-deutschland-ko-tropfen-kaufen\"><span class=\"ez-toc-section\" id=\"Serioser_GBL_Shop_Deutschland_ko-tropfen-kaufen\"><\/span>Seri\u00f6ser GBL Shop Deutschland ko-tropfen-kaufen<span class=\"ez-toc-section-end\"><\/span><\/h2>\n\n\n\n<p>Sie suchen einen vertrauensw\u00fcrdigen Anbieter von GBL (Gamma-Butyrolacton)? <a href=\"https:\/\/ko-tropfen-kaufen.com\/\">ko-tropfen-kaufen.com<\/a> in Deutschland ist hier! Wir bieten Ihnen:<\/p>\n\n\n\n<h2 class=\"wp-block-heading\" id=\"h-hochste-qualitat-gbl-ghb-zu-wettbewerbsfahigen-preisen\"><span class=\"ez-toc-section\" id=\"Hochste_Qualitat_GBLGHB_zu_wettbewerbsfahigen_Preisen\"><\/span>H\u00f6chste Qualit\u00e4t GBL\/GHB zu wettbewerbsf\u00e4higen Preisen<span class=\"ez-toc-section-end\"><\/span><\/h2>\n\n\n\n<ul class=\"wp-block-list\">\n<li>Diskrete und sichere Lieferung<\/li>\n\n\n\n<li>Schnelle Bearbeitung Ihrer Bestellung<\/li>\n\n\n\n<li>Umfassende Kundenbetreuung<\/li>\n<\/ul>\n\n\n\n<p>Wir sind bestrebt, unseren Kunden das beste GBL-Erlebnis zu bieten. Bestellen Sie noch heute bei uns!<\/p>\n\n\n\n<p>Tag: <a href=\"https:\/\/ko-tropfen-kaufen.com\/product-category\/ko-tropfen-wo-kaufen\/\">KO Tropfen Wo Kaufen<\/a>, GBL Shop, Gamma-Butyrolacton kaufen, Deutschland, seri\u00f6s, diskret, sicher, GHB, Bestellen<\/p>\n\n\n\n<blockquote class=\"wp-block-quote is-layout-flow wp-block-quote-is-layout-flow\">\n<p>(Disclaimer: <a href=\"https:\/\/www.die-anwalts-kanzlei.de\/ghb-gbl-die-partydroge-und-das-btmg\/\" target=\"_blank\" rel=\"noopener\">Bitte informieren Sie sich \u00fcber die gesetzlichen Bestimmungen von GBL<\/a> in Ihrer Region)<\/p>\n<\/blockquote>","protected":false},"excerpt":{"rendered":"<p>Seri\u00f6ser GBL Shop Deutschland ko-tropfen-kaufen Sie suchen einen vertrauensw\u00fcrdigen Anbieter von GBL (Gamma-Butyrolacton)? ko-tropfen-kaufen.com in Deutschland ist hier! Wir bieten Ihnen: H\u00f6chste Qualit\u00e4t GBL\/GHB zu wettbewerbsf\u00e4higen Preisen Wir sind bestrebt, unseren Kunden das beste GBL-Erlebnis zu bieten. Bestellen Sie noch heute bei uns! Tag: KO Tropfen Wo Kaufen, GBL Shop, Gamma-Butyrolacton kaufen, Deutschland, seri\u00f6s, diskret, [&hellip;]<\/p>\n","protected":false},"author":2,"featured_media":0,"parent":0,"menu_order":0,"comment_status":"closed","ping_status":"closed","template":"","meta":{"footnotes":""},"class_list":["post-47","page","type-page","status-publish","hentry"],"blocksy_meta":[],"jetpack_sharing_enabled":true,"_links":{"self":[{"href":"https:\/\/ko-tropfen-kaufen.com\/ml\/wp-json\/wp\/v2\/pages\/47","targetHints":{"allow":["GET"]}}],"collection":[{"href":"https:\/\/ko-tropfen-kaufen.com\/ml\/wp-json\/wp\/v2\/pages"}],"about":[{"href":"https:\/\/ko-tropfen-kaufen.com\/ml\/wp-json\/wp\/v2\/types\/page"}],"author":[{"embeddable":true,"href":"https:\/\/ko-tropfen-kaufen.com\/ml\/wp-json\/wp\/v2\/users\/2"}],"replies":[{"embeddable":true,"href":"https:\/\/ko-tropfen-kaufen.com\/ml\/wp-json\/wp\/v2\/comments?post=47"}],"version-history":[{"count":5,"href":"https:\/\/ko-tropfen-kaufen.com\/ml\/wp-json\/wp\/v2\/pages\/47\/revisions"}],"predecessor-version":[{"id":16275,"href":"https:\/\/ko-tropfen-kaufen.com\/ml\/wp-json\/wp\/v2\/pages\/47\/revisions\/16275"}],"wp:attachment":[{"href":"https:\/\/ko-tropfen-kaufen.com\/ml\/wp-json\/wp\/v2\/media?parent=47"}],"curies":[{"name":"wp","href":"https:\/\/api.w.org\/{rel}","templated":true}]}}