{"id":15720,"date":"2024-11-25T20:38:37","date_gmt":"2024-11-25T20:38:37","guid":{"rendered":"https:\/\/ko-tropfen-kaufen.com\/?page_id=15720"},"modified":"2024-11-25T20:38:42","modified_gmt":"2024-11-25T20:38:42","slug":"datenschutzrichtlinie","status":"publish","type":"page","link":"https:\/\/ko-tropfen-kaufen.com\/ml\/datenschutzrichtlinie\/","title":{"rendered":"Datenschutzrichtlinie"},"content":{"rendered":"<div id=\"ez-toc-container\" class=\"ez-toc-v2_0_82_2 counter-hierarchy ez-toc-counter ez-toc-grey ez-toc-container-direction\">\n<div class=\"ez-toc-title-container\">\n<p class=\"ez-toc-title\" style=\"cursor:inherit\">Table of Contents<\/p>\n<span class=\"ez-toc-title-toggle\"><a href=\"#\" class=\"ez-toc-pull-right ez-toc-btn ez-toc-btn-xs ez-toc-btn-default ez-toc-toggle\" aria-label=\"Toggle Table of Content\"><span class=\"ez-toc-js-icon-con\"><span class=\"\"><span class=\"eztoc-hide\" style=\"display:none;\">Toggle<\/span><span class=\"ez-toc-icon-toggle-span\"><svg style=\"fill: #999;color:#999\" xmlns=\"http:\/\/www.w3.org\/2000\/svg\" class=\"list-377408\" width=\"20px\" height=\"20px\" viewbox=\"0 0 24 24\" fill=\"none\"><path d=\"M6 6H4v2h2V6zm14 0H8v2h12V6zM4 11h2v2H4v-2zm16 0H8v2h12v-2zM4 16h2v2H4v-2zm16 0H8v2h12v-2z\" fill=\"currentColor\"><\/path><\/svg><svg style=\"fill: #999;color:#999\" class=\"arrow-unsorted-368013\" xmlns=\"http:\/\/www.w3.org\/2000\/svg\" width=\"10px\" height=\"10px\" viewbox=\"0 0 24 24\" version=\"1.2\" baseprofile=\"tiny\"><path d=\"M18.2 9.3l-6.2-6.3-6.2 6.3c-.2.2-.3.4-.3.7s.1.5.3.7c.2.2.4.3.7.3h11c.3 0 .5-.1.7-.3.2-.2.3-.5.3-.7s-.1-.5-.3-.7zM5.8 14.7l6.2 6.3 6.2-6.3c.2-.2.3-.5.3-.7s-.1-.5-.3-.7c-.2-.2-.4-.3-.7-.3h-11c-.3 0-.5.1-.7.3-.2.2-.3.5-.3.7s.1.5.3.7z\"\/><\/svg><\/span><\/span><\/span><\/a><\/span><\/div>\n<nav><ul class='ez-toc-list ez-toc-list-level-1' ><li class='ez-toc-page-1 ez-toc-heading-level-3'><a class=\"ez-toc-link ez-toc-heading-1\" href=\"https:\/\/ko-tropfen-kaufen.com\/ml\/datenschutzrichtlinie\/#Ko-Tropfen-Kaufencom_Datenschutzrichtlinie\" >Ko-Tropfen-Kaufen.com Datenschutzrichtlinie<\/a><\/li><li class='ez-toc-page-1 ez-toc-heading-level-3'><a class=\"ez-toc-link ez-toc-heading-2\" href=\"https:\/\/ko-tropfen-kaufen.com\/ml\/datenschutzrichtlinie\/#Erfassung_und_Verwendung_von_Daten\" >Erfassung und Verwendung von Daten<\/a><ul class='ez-toc-list-level-4' ><li class='ez-toc-heading-level-4'><a class=\"ez-toc-link ez-toc-heading-3\" href=\"https:\/\/ko-tropfen-kaufen.com\/ml\/datenschutzrichtlinie\/#Personliche_Daten\" >Pers\u00f6nliche Daten<\/a><\/li><li class='ez-toc-page-1 ez-toc-heading-level-4'><a class=\"ez-toc-link ez-toc-heading-4\" href=\"https:\/\/ko-tropfen-kaufen.com\/ml\/datenschutzrichtlinie\/#Automatisch_erfasste_Daten\" >Automatisch erfasste Daten<\/a><\/li><\/ul><\/li><li class='ez-toc-page-1 ez-toc-heading-level-3'><a class=\"ez-toc-link ez-toc-heading-5\" href=\"https:\/\/ko-tropfen-kaufen.com\/ml\/datenschutzrichtlinie\/#Verwendung_von_Cookies\" >Verwendung von Cookies<\/a><\/li><li class='ez-toc-page-1 ez-toc-heading-level-3'><a class=\"ez-toc-link ez-toc-heading-6\" href=\"https:\/\/ko-tropfen-kaufen.com\/ml\/datenschutzrichtlinie\/#Weitergabe_von_Daten\" >Weitergabe von Daten<\/a><\/li><li class='ez-toc-page-1 ez-toc-heading-level-3'><a class=\"ez-toc-link ez-toc-heading-7\" href=\"https:\/\/ko-tropfen-kaufen.com\/ml\/datenschutzrichtlinie\/#Datensicherheit\" >Datensicherheit<\/a><\/li><li class='ez-toc-page-1 ez-toc-heading-level-3'><a class=\"ez-toc-link ez-toc-heading-8\" href=\"https:\/\/ko-tropfen-kaufen.com\/ml\/datenschutzrichtlinie\/#Ihre_Rechte\" >Ihre Rechte<\/a><\/li><li class='ez-toc-page-1 ez-toc-heading-level-3'><a class=\"ez-toc-link ez-toc-heading-9\" href=\"https:\/\/ko-tropfen-kaufen.com\/ml\/datenschutzrichtlinie\/#Anderungen_an_dieser_Datenschutzrichtlinie\" >\u00c4nderungen an dieser Datenschutzrichtlinie<\/a><\/li><li class='ez-toc-page-1 ez-toc-heading-level-3'><a class=\"ez-toc-link ez-toc-heading-10\" href=\"https:\/\/ko-tropfen-kaufen.com\/ml\/datenschutzrichtlinie\/#Kontakt\" >Kontakt<\/a><\/li><\/ul><\/nav><\/div>\n<h3 class=\"wp-block-heading\" id=\"h-ko-tropfen-kaufen-com-datenschutzrichtlinie\"><span class=\"ez-toc-section\" id=\"Ko-Tropfen-Kaufencom_Datenschutzrichtlinie\"><\/span>Ko-Tropfen-Kaufen.com Datenschutzrichtlinie<span class=\"ez-toc-section-end\"><\/span><\/h3>\n\n\n\n<p>Bei <a href=\"https:\/\/ko-tropfen-kaufen.com?v=820eb5b696ea\">Ko-Tropfen-Kaufen.com<\/a> legen wir gro\u00dfen Wert auf den Schutz Ihrer Privatsph\u00e4re und die Sicherheit Ihrer pers\u00f6nlichen Daten. Diese Datenschutzrichtlinie erkl\u00e4rt, welche Informationen wir sammeln, wie wir sie verwenden und welche Ma\u00dfnahmen wir ergreifen, um Ihre Daten zu sch\u00fctzen.<\/p>\n\n\n\n<h3 class=\"wp-block-heading\" id=\"h-erfassung-und-verwendung-von-daten\"><span class=\"ez-toc-section\" id=\"Erfassung_und_Verwendung_von_Daten\"><\/span>Erfassung und Verwendung von Daten<span class=\"ez-toc-section-end\"><\/span><\/h3>\n\n\n\n<h4 class=\"wp-block-heading\" id=\"h-personliche-daten\"><span class=\"ez-toc-section\" id=\"Personliche_Daten\"><\/span>Pers\u00f6nliche Daten<span class=\"ez-toc-section-end\"><\/span><\/h4>\n\n\n\n<p>Wir erfassen pers\u00f6nliche Daten, die Sie uns freiwillig zur Verf\u00fcgung stellen, wenn Sie unsere Website nutzen, wie zum Beispiel:<\/p>\n\n\n\n<ul class=\"wp-block-list\">\n<li>Name<\/li>\n\n\n\n<li>Adresse<\/li>\n\n\n\n<li>E-Mail-Adresse<\/li>\n\n\n\n<li>Telefonnummer<\/li>\n\n\n\n<li>Zahlungsinformationen<\/li>\n<\/ul>\n\n\n\n<p>Diese Informationen werden verwendet, um Ihre Bestellungen zu bearbeiten, Kundensupport zu leisten und Ihnen relevante Informationen und Angebote zuzusenden.<\/p>\n\n\n\n<h4 class=\"wp-block-heading\" id=\"h-automatisch-erfasste-daten\"><span class=\"ez-toc-section\" id=\"Automatisch_erfasste_Daten\"><\/span>Automatisch erfasste Daten<span class=\"ez-toc-section-end\"><\/span><\/h4>\n\n\n\n<p>Wenn Sie unsere Website besuchen, erfassen wir automatisch bestimmte Informationen \u00fcber Ihr Ger\u00e4t und Ihre Nutzung unserer Website, einschlie\u00dflich:<\/p>\n\n\n\n<ul class=\"wp-block-list\">\n<li>IP-Adresse<\/li>\n\n\n\n<li>Browsertyp und -version<\/li>\n\n\n\n<li>Verweis-URL<\/li>\n\n\n\n<li>Datum und Uhrzeit des Zugriffs<\/li>\n\n\n\n<li>Besuchte Seiten und angeklickte Links<\/li>\n<\/ul>\n\n\n\n<p>Diese Informationen helfen uns, unsere Website zu verbessern und das Nutzererlebnis zu optimieren.<\/p>\n\n\n\n<h3 class=\"wp-block-heading\" id=\"h-verwendung-von-cookies\"><span class=\"ez-toc-section\" id=\"Verwendung_von_Cookies\"><\/span>Verwendung von Cookies<span class=\"ez-toc-section-end\"><\/span><\/h3>\n\n\n\n<p>Unsere Website verwendet Cookies, um Ihre Benutzererfahrung zu verbessern und bestimmte Funktionen bereitzustellen. Cookies sind kleine Textdateien, die auf Ihrem Ger\u00e4t gespeichert werden. Sie k\u00f6nnen die Verwendung von Cookies in den Einstellungen Ihres Browsers deaktivieren, dies kann jedoch die Funktionalit\u00e4t unserer Website beeintr\u00e4chtigen.<\/p>\n\n\n\n<h3 class=\"wp-block-heading\" id=\"h-weitergabe-von-daten\"><span class=\"ez-toc-section\" id=\"Weitergabe_von_Daten\"><\/span>Weitergabe von Daten<span class=\"ez-toc-section-end\"><\/span><\/h3>\n\n\n\n<p>Wir geben Ihre pers\u00f6nlichen Daten nicht an Dritte weiter, au\u00dfer in den folgenden F\u00e4llen:<\/p>\n\n\n\n<ul class=\"wp-block-list\">\n<li><strong>Dienstleister:<\/strong> Wir arbeiten mit vertrauensw\u00fcrdigen Dienstleistern zusammen, die in unserem Auftrag bestimmte Aufgaben ausf\u00fchren, wie z.B. Zahlungsabwicklung und Versand. Diese Dienstleister haben nur Zugriff auf die Informationen, die sie zur Erf\u00fcllung ihrer Aufgaben ben\u00f6tigen, und sind vertraglich verpflichtet, Ihre Daten zu sch\u00fctzen.<\/li>\n\n\n\n<li><strong>Gesetzliche Anforderungen:<\/strong> Wir k\u00f6nnen Ihre Daten offenlegen, wenn dies gesetzlich vorgeschrieben ist oder um unsere Rechte zu sch\u00fctzen.<\/li>\n<\/ul>\n\n\n\n<h3 class=\"wp-block-heading\" id=\"h-datensicherheit\"><span class=\"ez-toc-section\" id=\"Datensicherheit\"><\/span>Datensicherheit<span class=\"ez-toc-section-end\"><\/span><\/h3>\n\n\n\n<p>Wir setzen geeignete technische und organisatorische Ma\u00dfnahmen ein, um Ihre pers\u00f6nlichen Daten vor unbefugtem Zugriff, Verlust oder Missbrauch zu sch\u00fctzen. Dazu geh\u00f6ren unter anderem die Verschl\u00fcsselung sensibler Informationen und regelm\u00e4\u00dfige Sicherheits\u00fcberpr\u00fcfungen.<\/p>\n\n\n\n<h3 class=\"wp-block-heading\" id=\"h-ihre-rechte\"><span class=\"ez-toc-section\" id=\"Ihre_Rechte\"><\/span>Ihre Rechte<span class=\"ez-toc-section-end\"><\/span><\/h3>\n\n\n\n<p>Sie haben das Recht, jederzeit Auskunft \u00fcber die von uns gespeicherten pers\u00f6nlichen Daten zu erhalten, deren Berichtigung oder L\u00f6schung zu verlangen und der Verarbeitung Ihrer Daten zu widersprechen. Bitte kontaktieren Sie uns hierzu unter <a>support@ko-tropfen-kaufen.com<\/a>.<\/p>\n\n\n\n<h3 class=\"wp-block-heading\" id=\"h-anderungen-an-dieser-datenschutzrichtlinie\"><span class=\"ez-toc-section\" id=\"Anderungen_an_dieser_Datenschutzrichtlinie\"><\/span>\u00c4nderungen an dieser Datenschutzrichtlinie<span class=\"ez-toc-section-end\"><\/span><\/h3>\n\n\n\n<p>Wir behalten uns das Recht vor, diese Datenschutzrichtlinie jederzeit zu aktualisieren. \u00c4nderungen werden auf dieser Seite ver\u00f6ffentlicht und treten sofort in Kraft. Wir empfehlen Ihnen, diese Richtlinie regelm\u00e4\u00dfig zu \u00fcberpr\u00fcfen.<\/p>\n\n\n\n<h3 class=\"wp-block-heading\" id=\"h-kontakt\"><span class=\"ez-toc-section\" id=\"Kontakt\"><\/span>Kontakt<span class=\"ez-toc-section-end\"><\/span><\/h3>\n\n\n\n<p>Wenn Sie Fragen oder Bedenken bez\u00fcglich unserer Datenschutzrichtlinie haben, kontaktieren Sie uns bitte unter <a>support@ko-tropfen-kaufen.com<\/a>. Wir sind stets bem\u00fcht, Ihre Anliegen schnell und zufriedenstellend zu kl\u00e4ren.<\/p>\n\n\n\n<p>Vielen Dank, dass Sie Ko-Tropfen-Kaufen.com vertrauen!<\/p>","protected":false},"excerpt":{"rendered":"<p>Ko-Tropfen-Kaufen.com Datenschutzrichtlinie Bei Ko-Tropfen-Kaufen.com legen wir gro\u00dfen Wert auf den Schutz Ihrer Privatsph\u00e4re und die Sicherheit Ihrer pers\u00f6nlichen Daten. Diese Datenschutzrichtlinie erkl\u00e4rt, welche Informationen wir sammeln, wie wir sie verwenden und welche Ma\u00dfnahmen wir ergreifen, um Ihre Daten zu sch\u00fctzen. Erfassung und Verwendung von Daten Pers\u00f6nliche Daten Wir erfassen pers\u00f6nliche Daten, die Sie uns freiwillig [&hellip;]<\/p>\n","protected":false},"author":2,"featured_media":0,"parent":0,"menu_order":0,"comment_status":"closed","ping_status":"closed","template":"","meta":{"footnotes":""},"class_list":["post-15720","page","type-page","status-publish","hentry"],"blocksy_meta":[],"jetpack_sharing_enabled":true,"_links":{"self":[{"href":"https:\/\/ko-tropfen-kaufen.com\/ml\/wp-json\/wp\/v2\/pages\/15720","targetHints":{"allow":["GET"]}}],"collection":[{"href":"https:\/\/ko-tropfen-kaufen.com\/ml\/wp-json\/wp\/v2\/pages"}],"about":[{"href":"https:\/\/ko-tropfen-kaufen.com\/ml\/wp-json\/wp\/v2\/types\/page"}],"author":[{"embeddable":true,"href":"https:\/\/ko-tropfen-kaufen.com\/ml\/wp-json\/wp\/v2\/users\/2"}],"replies":[{"embeddable":true,"href":"https:\/\/ko-tropfen-kaufen.com\/ml\/wp-json\/wp\/v2\/comments?post=15720"}],"version-history":[{"count":1,"href":"https:\/\/ko-tropfen-kaufen.com\/ml\/wp-json\/wp\/v2\/pages\/15720\/revisions"}],"predecessor-version":[{"id":15721,"href":"https:\/\/ko-tropfen-kaufen.com\/ml\/wp-json\/wp\/v2\/pages\/15720\/revisions\/15721"}],"wp:attachment":[{"href":"https:\/\/ko-tropfen-kaufen.com\/ml\/wp-json\/wp\/v2\/media?parent=15720"}],"curies":[{"name":"wp","href":"https:\/\/api.w.org\/{rel}","templated":true}]}}