{"id":15715,"date":"2024-11-25T20:20:18","date_gmt":"2024-11-25T20:20:18","guid":{"rendered":"https:\/\/ko-tropfen-kaufen.com\/?page_id=15715"},"modified":"2024-11-28T18:29:42","modified_gmt":"2024-11-28T18:29:42","slug":"ruckgaberecht","status":"publish","type":"page","link":"https:\/\/ko-tropfen-kaufen.com\/ml\/ruckgaberecht\/","title":{"rendered":"R\u00fcckgaberecht"},"content":{"rendered":"<div id=\"ez-toc-container\" class=\"ez-toc-v2_0_82_2 counter-hierarchy ez-toc-counter ez-toc-grey ez-toc-container-direction\">\n<div class=\"ez-toc-title-container\">\n<p class=\"ez-toc-title\" style=\"cursor:inherit\">Table of Contents<\/p>\n<span class=\"ez-toc-title-toggle\"><a href=\"#\" class=\"ez-toc-pull-right ez-toc-btn ez-toc-btn-xs ez-toc-btn-default ez-toc-toggle\" aria-label=\"Toggle Table of Content\"><span class=\"ez-toc-js-icon-con\"><span class=\"\"><span class=\"eztoc-hide\" style=\"display:none;\">Toggle<\/span><span class=\"ez-toc-icon-toggle-span\"><svg style=\"fill: #999;color:#999\" xmlns=\"http:\/\/www.w3.org\/2000\/svg\" class=\"list-377408\" width=\"20px\" height=\"20px\" viewbox=\"0 0 24 24\" fill=\"none\"><path d=\"M6 6H4v2h2V6zm14 0H8v2h12V6zM4 11h2v2H4v-2zm16 0H8v2h12v-2zM4 16h2v2H4v-2zm16 0H8v2h12v-2z\" fill=\"currentColor\"><\/path><\/svg><svg style=\"fill: #999;color:#999\" class=\"arrow-unsorted-368013\" xmlns=\"http:\/\/www.w3.org\/2000\/svg\" width=\"10px\" height=\"10px\" viewbox=\"0 0 24 24\" version=\"1.2\" baseprofile=\"tiny\"><path d=\"M18.2 9.3l-6.2-6.3-6.2 6.3c-.2.2-.3.4-.3.7s.1.5.3.7c.2.2.4.3.7.3h11c.3 0 .5-.1.7-.3.2-.2.3-.5.3-.7s-.1-.5-.3-.7zM5.8 14.7l6.2 6.3 6.2-6.3c.2-.2.3-.5.3-.7s-.1-.5-.3-.7c-.2-.2-.4-.3-.7-.3h-11c-.3 0-.5.1-.7.3-.2.2-.3.5-.3.7s.1.5.3.7z\"\/><\/svg><\/span><\/span><\/span><\/a><\/span><\/div>\n<nav><ul class='ez-toc-list ez-toc-list-level-1' ><li class='ez-toc-page-1 ez-toc-heading-level-2'><a class=\"ez-toc-link ez-toc-heading-1\" href=\"https:\/\/ko-tropfen-kaufen.com\/ml\/ruckgaberecht\/#ko-tropfen-kaufencom_Ruckgaberecht\" >ko-tropfen-kaufen.com R\u00fcckgaberecht<\/a><ul class='ez-toc-list-level-3' ><li class='ez-toc-heading-level-3'><a class=\"ez-toc-link ez-toc-heading-2\" href=\"https:\/\/ko-tropfen-kaufen.com\/ml\/ruckgaberecht\/#30-Tage-Geld-zuruck-Garantie\" >30-Tage-Geld-zur\u00fcck-Garantie<\/a><\/li><li class='ez-toc-page-1 ez-toc-heading-level-3'><a class=\"ez-toc-link ez-toc-heading-3\" href=\"https:\/\/ko-tropfen-kaufen.com\/ml\/ruckgaberecht\/#Voraussetzungen_fur_eine_Ruckerstattung\" >Voraussetzungen f\u00fcr eine R\u00fcckerstattung<\/a><\/li><li class='ez-toc-page-1 ez-toc-heading-level-3'><a class=\"ez-toc-link ez-toc-heading-4\" href=\"https:\/\/ko-tropfen-kaufen.com\/ml\/ruckgaberecht\/#Nicht_erstattungsfahige_Artikel\" >Nicht erstattungsf\u00e4hige Artikel<\/a><\/li><li class='ez-toc-page-1 ez-toc-heading-level-3'><a class=\"ez-toc-link ez-toc-heading-5\" href=\"https:\/\/ko-tropfen-kaufen.com\/ml\/ruckgaberecht\/#So_beantragen_Sie_eine_Ruckerstattung\" >So beantragen Sie eine R\u00fcckerstattung<\/a><\/li><li class='ez-toc-page-1 ez-toc-heading-level-3'><a class=\"ez-toc-link ez-toc-heading-6\" href=\"https:\/\/ko-tropfen-kaufen.com\/ml\/ruckgaberecht\/#Bearbeitung_Ihrer_Ruckerstattung\" >Bearbeitung Ihrer R\u00fcckerstattung<\/a><\/li><li class='ez-toc-page-1 ez-toc-heading-level-3'><a class=\"ez-toc-link ez-toc-heading-7\" href=\"https:\/\/ko-tropfen-kaufen.com\/ml\/ruckgaberecht\/#Kontaktieren_Sie_uns\" >Kontaktieren Sie uns<\/a><\/li><\/ul><\/li><\/ul><\/nav><\/div>\n<h2 class=\"wp-block-heading\" id=\"h-ko-tropfen-kaufen-com-ruckgaberecht\"><span class=\"ez-toc-section\" id=\"ko-tropfen-kaufencom_Ruckgaberecht\"><\/span>ko-tropfen-kaufen.com R\u00fcckgaberecht<span class=\"ez-toc-section-end\"><\/span><\/h2>\n\n\n\n<p>Bei <a href=\"https:\/\/ko-tropfen-kaufen.com?v=820eb5b696ea\">Ko-Tropfen-Kaufen.com<\/a> bem\u00fchen wir uns, sicherzustellen, dass unsere Kunden vollst\u00e4ndig zufrieden mit ihren Eink\u00e4ufen sind. Wenn Sie aus irgendeinem Grund nicht ganz zufrieden mit Ihrer Bestellung sind, hilft Ihnen unser R\u00fcckgaberecht weiter.<\/p>\n\n\n\n<h3 class=\"wp-block-heading\" id=\"h-30-tage-geld-zuruck-garantie\"><span class=\"ez-toc-section\" id=\"30-Tage-Geld-zuruck-Garantie\"><\/span>30-Tage-Geld-zur\u00fcck-Garantie<span class=\"ez-toc-section-end\"><\/span><\/h3>\n\n\n\n<p>Wir bieten eine 30-Tage-Geld-zur\u00fcck-Garantie auf alle unsere Produkte. Wenn Sie mit Ihrem Kauf nicht zufrieden sind, k\u00f6nnen Sie innerhalb von 30 Tagen nach dem Kaufdatum eine R\u00fcckerstattung beantragen.<\/p>\n\n\n\n<h3 class=\"wp-block-heading\" id=\"h-voraussetzungen-fur-eine-ruckerstattung\"><span class=\"ez-toc-section\" id=\"Voraussetzungen_fur_eine_Ruckerstattung\"><\/span>Voraussetzungen f\u00fcr eine R\u00fcckerstattung<span class=\"ez-toc-section-end\"><\/span><\/h3>\n\n\n\n<p>Um f\u00fcr eine R\u00fcckerstattung berechtigt zu sein, m\u00fcssen die folgenden Bedingungen erf\u00fcllt sein:<\/p>\n\n\n\n<ul class=\"wp-block-list\">\n<li>Das Produkt muss in seinem Originalzustand, unge\u00f6ffnet und unbenutzt, zur\u00fcckgesendet werden.<\/li>\n\n\n\n<li>Ein Kaufnachweis (Bestellnummer, Quittung oder Best\u00e4tigungs-E-Mail) muss vorgelegt werden.<\/li>\n\n\n\n<li>Der R\u00fcckerstattungsantrag muss innerhalb von 30 Tagen nach dem Kaufdatum gestellt werden.<\/li>\n<\/ul>\n\n\n\n<h3 class=\"wp-block-heading\" id=\"h-nicht-erstattungsfahige-artikel\"><span class=\"ez-toc-section\" id=\"Nicht_erstattungsfahige_Artikel\"><\/span>Nicht erstattungsf\u00e4hige Artikel<span class=\"ez-toc-section-end\"><\/span><\/h3>\n\n\n\n<p>Bestimmte Artikel sind nicht erstattungsf\u00e4hig, darunter:<\/p>\n\n\n\n<ul class=\"wp-block-list\">\n<li>Produkte, die ge\u00f6ffnet oder benutzt wurden.<\/li>\n\n\n\n<li>Artikel, die im Ausverkauf oder Sonderangebot gekauft wurden.<\/li>\n<\/ul>\n\n\n\n<h3 class=\"wp-block-heading\" id=\"h-so-beantragen-sie-eine-ruckerstattung\"><span class=\"ez-toc-section\" id=\"So_beantragen_Sie_eine_Ruckerstattung\"><\/span>So beantragen Sie eine R\u00fcckerstattung<span class=\"ez-toc-section-end\"><\/span><\/h3>\n\n\n\n<ol class=\"wp-block-list\">\n<li><strong>Kontaktieren Sie uns:<\/strong> Senden Sie eine E-Mail an unser Kundenservice-Team unter support@ko-tropfen-kaufen.com mit Ihren Bestelldaten und dem Grund f\u00fcr die R\u00fcckerstattung.<\/li>\n\n\n\n<li><strong>R\u00fcckgabeautorisation:<\/strong> Unser Team wird Ihnen eine R\u00fcckgabeautorisation und Anweisungen zur R\u00fccksendung des Produkts zukommen lassen.<\/li>\n\n\n\n<li><strong>Artikel versenden:<\/strong> Senden Sie den Artikel in seiner Originalverpackung zusammen mit der R\u00fcckgabeautorisation an uns zur\u00fcck.<\/li>\n<\/ol>\n\n\n\n<h3 class=\"wp-block-heading\" id=\"h-bearbeitung-ihrer-ruckerstattung\"><span class=\"ez-toc-section\" id=\"Bearbeitung_Ihrer_Ruckerstattung\"><\/span>Bearbeitung Ihrer R\u00fcckerstattung<span class=\"ez-toc-section-end\"><\/span><\/h3>\n\n\n\n<p>Sobald wir das zur\u00fcckgesandte Produkt erhalten und gepr\u00fcft haben, benachrichtigen wir Sie per E-Mail. Wenn Ihre R\u00fcckerstattung genehmigt wird, wird sie bearbeitet und eine Gutschrift wird innerhalb von 5-7 Werktagen auf Ihre urspr\u00fcngliche Zahlungsmethode angewendet.<\/p>\n\n\n\n<h3 class=\"wp-block-heading\" id=\"h-kontaktieren-sie-uns\"><span class=\"ez-toc-section\" id=\"Kontaktieren_Sie_uns\"><\/span>Kontaktieren Sie uns<span class=\"ez-toc-section-end\"><\/span><\/h3>\n\n\n\n<p>Wenn Sie Fragen zu unserem R\u00fcckgaberecht haben, kontaktieren Sie bitte unser Kundenservice-Team unter support@ko-tropfen-kaufen.com. Wir sind hier, um Ihnen zu helfen und sicherzustellen, dass Ihr Einkaufserlebnis zufriedenstellend ist.<\/p>\n\n\n\n<p>Vielen Dank, dass Sie bei Ko-Tropfen-Kaufen.com einkaufen!<\/p>","protected":false},"excerpt":{"rendered":"<p>ko-tropfen-kaufen.com R\u00fcckgaberecht Bei Ko-Tropfen-Kaufen.com bem\u00fchen wir uns, sicherzustellen, dass unsere Kunden vollst\u00e4ndig zufrieden mit ihren Eink\u00e4ufen sind. Wenn Sie aus irgendeinem Grund nicht ganz zufrieden mit Ihrer Bestellung sind, hilft Ihnen unser R\u00fcckgaberecht weiter. 30-Tage-Geld-zur\u00fcck-Garantie Wir bieten eine 30-Tage-Geld-zur\u00fcck-Garantie auf alle unsere Produkte. Wenn Sie mit Ihrem Kauf nicht zufrieden sind, k\u00f6nnen Sie innerhalb von [&hellip;]<\/p>\n","protected":false},"author":2,"featured_media":0,"parent":0,"menu_order":0,"comment_status":"closed","ping_status":"closed","template":"","meta":{"footnotes":""},"class_list":["post-15715","page","type-page","status-publish","hentry"],"blocksy_meta":[],"jetpack_sharing_enabled":true,"_links":{"self":[{"href":"https:\/\/ko-tropfen-kaufen.com\/ml\/wp-json\/wp\/v2\/pages\/15715","targetHints":{"allow":["GET"]}}],"collection":[{"href":"https:\/\/ko-tropfen-kaufen.com\/ml\/wp-json\/wp\/v2\/pages"}],"about":[{"href":"https:\/\/ko-tropfen-kaufen.com\/ml\/wp-json\/wp\/v2\/types\/page"}],"author":[{"embeddable":true,"href":"https:\/\/ko-tropfen-kaufen.com\/ml\/wp-json\/wp\/v2\/users\/2"}],"replies":[{"embeddable":true,"href":"https:\/\/ko-tropfen-kaufen.com\/ml\/wp-json\/wp\/v2\/comments?post=15715"}],"version-history":[{"count":1,"href":"https:\/\/ko-tropfen-kaufen.com\/ml\/wp-json\/wp\/v2\/pages\/15715\/revisions"}],"predecessor-version":[{"id":15716,"href":"https:\/\/ko-tropfen-kaufen.com\/ml\/wp-json\/wp\/v2\/pages\/15715\/revisions\/15716"}],"wp:attachment":[{"href":"https:\/\/ko-tropfen-kaufen.com\/ml\/wp-json\/wp\/v2\/media?parent=15715"}],"curies":[{"name":"wp","href":"https:\/\/api.w.org\/{rel}","templated":true}]}}