{"id":15712,"date":"2024-11-25T20:10:01","date_gmt":"2024-11-25T20:10:01","guid":{"rendered":"https:\/\/ko-tropfen-kaufen.com\/?page_id=15712"},"modified":"2024-11-25T20:10:02","modified_gmt":"2024-11-25T20:10:02","slug":"sicherheit-und-rechtliche-informationen","status":"publish","type":"page","link":"https:\/\/ko-tropfen-kaufen.com\/ml\/sicherheit-und-rechtliche-informationen\/","title":{"rendered":"Sicherheit"},"content":{"rendered":"<p><a href=\"https:\/\/ko-tropfen-kaufen.com\/product\/gbl-kaufen-legal\/\">GBL<\/a> und <a href=\"https:\/\/ko-tropfen-kaufen.com\/product\/ghb-kaufen\/\">GHB<\/a> k\u00f6nnen gef\u00e4hrliche Stoffe sein, wenn sie nicht ordnungsgem\u00e4\u00df gehandhabt werden.<\/p>\n\n\n\n<ul class=\"wp-block-list\">\n<li><strong>Gesundheitssch\u00e4den:<\/strong> Beide Substanzen k\u00f6nnen bei unsachgem\u00e4\u00dfer Einnahme zu schweren gesundheitlichen Sch\u00e4den, Bewusstlosigkeit, Atemdepression und sogar zum Tod f\u00fchren.<\/li>\n\n\n\n<li><strong>Suchtgefahr:<\/strong> GHB hat ein hohes Suchtpotenzial und der Konsum kann schnell zu Abh\u00e4ngigkeit f\u00fchren.<\/li>\n\n\n\n<li><strong>Gesetzliche Beschr\u00e4nkungen:<\/strong> Der Verkauf und Besitz von GHB ist in Deutschland nach dem Bet\u00e4ubungsmittelgesetz (BtMG) strengstens verboten. GBL unterliegt je nach Anwendungsbereich ebenfalls gesetzlicher Kontrolle.<\/li>\n<\/ul>\n\n\n\n<p>Informieren Sie sich vor jeder Verwendung!<\/p>\n\n\n\n<h2 class=\"wp-block-heading\" id=\"h-rechtliche-aspekte\"><strong>Rechtliche Aspekte<\/strong><\/h2>\n\n\n\n<ul class=\"wp-block-list\">\n<li><strong>Deutschland:<\/strong> Der Verkauf und Besitz von GHB ist nicht legal (H\u00e4ndler kaufen und verkaufen GHB aber trotzdem). GBL unterliegt der Anlage 2 der Gefahrstoffverordnung (GefStoffV) und darf nur mit einer entsprechenden Genehmigung erworben und verwendet werden.<\/li>\n\n\n\n<li><strong>International:<\/strong> Die Rechtslage zu GBL und GHB kann sich weltweit erheblich unterscheiden. Informieren Sie sich immer \u00fcber die geltenden Gesetze in Ihrem Land, bevor Sie GBL oder GHB erwerben oder verwenden.<\/li>\n<\/ul>\n\n\n\n<p><strong>Wenn Sie Fragen zum Umgang mit gef\u00e4hrlichen chemischen Substanzen haben, wenden Sie sich bitte an einen zertifizierten Fachh\u00e4ndler oder eine chemische Sachverst\u00e4ndigen.<\/strong><\/p>\n\n\n\n<p><strong>Folgende Ressourcen k\u00f6nnen hilfreich sein:<\/strong><\/p>\n\n\n\n<ul class=\"wp-block-list\">\n<li><strong>Bundesanstalt f\u00fcr Arbeitsschutz und Arbeitsmedizin (BAUA):<\/strong> <a href=\"https:\/\/www.baua.de\/\" target=\"_blank\" rel=\"noreferrer noopener\">https:\/\/www.baua.de\/<\/a><\/li>\n\n\n\n<li><strong>Giftnotrufzentrale:<\/strong> <a href=\"\/\/www.bvl.bund.de\/DE\/Arbeitsbereiche\/01_Lebensmittel\/03_Verbraucher\/09_InfektionenIntoxikationen\/02_Giftnotrufzentralen\/lm_LMVergiftung_giftnotrufzentralen_node.html\" target=\"_blank\" rel=\"noreferrer noopener\">https:\/\/www.bvl.bund.de\/DE\/Arbeitsbereiche\/01_Lebensmittel\/03_Verbraucher\/09_InfektionenIntoxikationen\/02_Giftnotrufzentralen\/lm_LMVergiftung_giftnotrufzentralen_node.html<\/a><\/li>\n<\/ul>\n\n\n\n<p><strong>Andere relevante Keywords:<\/strong> GBL, Gamma-Butyrolacton, GHB, Gamma-Hydroxybutters\u00e4ure, Gefahrstoffe, Bet\u00e4ubungsmittelgesetz (BtMG), Gefahrstoffverordnung (GefStoffV), Rechtslage, Gesundheitssch\u00e4den, Suchtgefahr.<\/p>","protected":false},"excerpt":{"rendered":"<p>GBL und GHB k\u00f6nnen gef\u00e4hrliche Stoffe sein, wenn sie nicht ordnungsgem\u00e4\u00df gehandhabt werden. Informieren Sie sich vor jeder Verwendung! Rechtliche Aspekte Wenn Sie Fragen zum Umgang mit gef\u00e4hrlichen chemischen Substanzen haben, wenden Sie sich bitte an einen zertifizierten Fachh\u00e4ndler oder eine chemische Sachverst\u00e4ndigen. Folgende Ressourcen k\u00f6nnen hilfreich sein: Andere relevante Keywords: GBL, Gamma-Butyrolacton, GHB, Gamma-Hydroxybutters\u00e4ure, [&hellip;]<\/p>\n","protected":false},"author":2,"featured_media":15713,"parent":0,"menu_order":0,"comment_status":"closed","ping_status":"closed","template":"","meta":{"footnotes":""},"class_list":["post-15712","page","type-page","status-publish","has-post-thumbnail","hentry"],"blocksy_meta":[],"jetpack_sharing_enabled":true,"_links":{"self":[{"href":"https:\/\/ko-tropfen-kaufen.com\/ml\/wp-json\/wp\/v2\/pages\/15712","targetHints":{"allow":["GET"]}}],"collection":[{"href":"https:\/\/ko-tropfen-kaufen.com\/ml\/wp-json\/wp\/v2\/pages"}],"about":[{"href":"https:\/\/ko-tropfen-kaufen.com\/ml\/wp-json\/wp\/v2\/types\/page"}],"author":[{"embeddable":true,"href":"https:\/\/ko-tropfen-kaufen.com\/ml\/wp-json\/wp\/v2\/users\/2"}],"replies":[{"embeddable":true,"href":"https:\/\/ko-tropfen-kaufen.com\/ml\/wp-json\/wp\/v2\/comments?post=15712"}],"version-history":[{"count":1,"href":"https:\/\/ko-tropfen-kaufen.com\/ml\/wp-json\/wp\/v2\/pages\/15712\/revisions"}],"predecessor-version":[{"id":15714,"href":"https:\/\/ko-tropfen-kaufen.com\/ml\/wp-json\/wp\/v2\/pages\/15712\/revisions\/15714"}],"wp:featuredmedia":[{"embeddable":true,"href":"https:\/\/ko-tropfen-kaufen.com\/ml\/wp-json\/wp\/v2\/media\/15713"}],"wp:attachment":[{"href":"https:\/\/ko-tropfen-kaufen.com\/ml\/wp-json\/wp\/v2\/media?parent=15712"}],"curies":[{"name":"wp","href":"https:\/\/api.w.org\/{rel}","templated":true}]}}