{"id":15705,"date":"2024-11-25T20:57:41","date_gmt":"2024-11-25T19:57:41","guid":{"rendered":"https:\/\/ko-tropfen-kaufen.com\/?page_id=15705"},"modified":"2025-11-05T08:36:16","modified_gmt":"2025-11-05T07:36:16","slug":"was-ist-gbl","status":"publish","type":"page","link":"https:\/\/ko-tropfen-kaufen.com\/ml\/was-ist-gbl\/","title":{"rendered":"Was ist GBL"},"content":{"rendered":"<p>Was ist GBL &#8211; Gamma-Butyrolacton (GBL) ist eine farblose, hygroskopische Fl\u00fcssigkeit, die f\u00fcr ihre Verwendung als industrielles L\u00f6sungsmittel und chemisches Zwischenprodukt bekannt ist.<\/p>\n\n\n\n<p>Es hat die Molekularformel C\u2084H\u2086O\u2082 und zeichnet sich durch einen schwachen Geruch und einen bitteren Geschmack aus. GBL ist ein Lacton, eine Art zyklischer Ester, und ist ein Vorl\u00e4ufer von Gamma-Hydroxybutters\u00e4ure (GHB).<\/p>\n\n\n\n<blockquote class=\"wp-block-quote is-layout-flow wp-block-quote-is-layout-flow\">\n<p>Andere Namen von GBL: liquid ecstasys, blue nitro, blue Nitro vitality, ghb droge, g droge, gbl dosieren, renewtrient, fire water, gamma-g, gh revitaliser, remforce.<\/p>\n<\/blockquote>\n\n\n\n<div id=\"ez-toc-container\" class=\"ez-toc-v2_0_82_2 counter-hierarchy ez-toc-counter ez-toc-grey ez-toc-container-direction\">\n<div class=\"ez-toc-title-container\">\n<p class=\"ez-toc-title\" style=\"cursor:inherit\">Table of Contents<\/p>\n<span class=\"ez-toc-title-toggle\"><a href=\"#\" class=\"ez-toc-pull-right ez-toc-btn ez-toc-btn-xs ez-toc-btn-default ez-toc-toggle\" aria-label=\"Toggle Table of Content\"><span class=\"ez-toc-js-icon-con\"><span class=\"\"><span class=\"eztoc-hide\" style=\"display:none;\">Toggle<\/span><span class=\"ez-toc-icon-toggle-span\"><svg style=\"fill: #999;color:#999\" xmlns=\"http:\/\/www.w3.org\/2000\/svg\" class=\"list-377408\" width=\"20px\" height=\"20px\" viewbox=\"0 0 24 24\" fill=\"none\"><path d=\"M6 6H4v2h2V6zm14 0H8v2h12V6zM4 11h2v2H4v-2zm16 0H8v2h12v-2zM4 16h2v2H4v-2zm16 0H8v2h12v-2z\" fill=\"currentColor\"><\/path><\/svg><svg style=\"fill: #999;color:#999\" class=\"arrow-unsorted-368013\" xmlns=\"http:\/\/www.w3.org\/2000\/svg\" width=\"10px\" height=\"10px\" viewbox=\"0 0 24 24\" version=\"1.2\" baseprofile=\"tiny\"><path d=\"M18.2 9.3l-6.2-6.3-6.2 6.3c-.2.2-.3.4-.3.7s.1.5.3.7c.2.2.4.3.7.3h11c.3 0 .5-.1.7-.3.2-.2.3-.5.3-.7s-.1-.5-.3-.7zM5.8 14.7l6.2 6.3 6.2-6.3c.2-.2.3-.5.3-.7s-.1-.5-.3-.7c-.2-.2-.4-.3-.7-.3h-11c-.3 0-.5.1-.7.3-.2.2-.3.5-.3.7s.1.5.3.7z\"\/><\/svg><\/span><\/span><\/span><\/a><\/span><\/div>\n<nav><ul class='ez-toc-list ez-toc-list-level-1' ><li class='ez-toc-page-1 ez-toc-heading-level-2'><a class=\"ez-toc-link ez-toc-heading-1\" href=\"https:\/\/ko-tropfen-kaufen.com\/ml\/was-ist-gbl\/#Chemische_Eigenschaften_und_industrielle_Verwendung_von_Gamma-Butyrolacton\" >Chemische Eigenschaften und industrielle Verwendung von Gamma-Butyrolacton<\/a><\/li><li class='ez-toc-page-1 ez-toc-heading-level-2'><a class=\"ez-toc-link ez-toc-heading-2\" href=\"https:\/\/ko-tropfen-kaufen.com\/ml\/was-ist-gbl\/#Andere_Verwendungen_von_GBL\" >Andere Verwendungen von GBL<\/a><\/li><li class='ez-toc-page-1 ez-toc-heading-level-2'><a class=\"ez-toc-link ez-toc-heading-3\" href=\"https:\/\/ko-tropfen-kaufen.com\/ml\/was-ist-gbl\/#Chemische_Reaktionen_von_GBL\" >Chemische Reaktionen von GBL<\/a><\/li><li class='ez-toc-page-1 ez-toc-heading-level-2'><a class=\"ez-toc-link ez-toc-heading-4\" href=\"https:\/\/ko-tropfen-kaufen.com\/ml\/was-ist-gbl\/#Regulierung_und_Rechtsstatus\" >Regulierung und Rechtsstatus<\/a><\/li><li class='ez-toc-page-1 ez-toc-heading-level-2'><a class=\"ez-toc-link ez-toc-heading-5\" href=\"https:\/\/ko-tropfen-kaufen.com\/ml\/was-ist-gbl\/#Gesundheitliche_Auswirkungen_und_Risiken\" >Gesundheitliche Auswirkungen und Risiken<\/a><\/li><li class='ez-toc-page-1 ez-toc-heading-level-2'><a class=\"ez-toc-link ez-toc-heading-6\" href=\"https:\/\/ko-tropfen-kaufen.com\/ml\/was-ist-gbl\/#Wo_kann_man_GBL_kaufen\" >Wo kann man GBL kaufen?<\/a><\/li><\/ul><\/nav><\/div>\n<h2 class=\"wp-block-heading\" id=\"h-chemische-eigenschaften-und-industrielle-verwendung-von-gamma-butyrolacton\"><span class=\"ez-toc-section\" id=\"Chemische_Eigenschaften_und_industrielle_Verwendung_von_Gamma-Butyrolacton\"><\/span>Chemische Eigenschaften und industrielle Verwendung von Gamma-Butyrolacton<span class=\"ez-toc-section-end\"><\/span><\/h2>\n\n\n\n<p>GBL wird industriell durch Dehydrierung von 1,4-Butandiol in Gegenwart eines Kupferkatalysators bei Temperaturen zwischen 180-300 \u00b0C hergestellt.<\/p>\n\n\n\n<p>Die Ausbeute bei diesem Verfahren betr\u00e4gt etwa 95 %, wobei die Reinigung durch Fl\u00fcssiggasphasenextraktion erfolgt. GBL kann auch im Labor durch Oxidation von Tetrahydrofuran (THF) oder durch eine Lipase-katalysierte Reaktion mit 4-Hydroxybutyrat (4-HB) synthetisiert werden.<\/p>\n\n\n\n<p>Au\u00dferdem wird GBL als Zwischenprodukt bei der Herstellung anderer Chemikalien wie N-Methyl-2-pyrrolidon (NMP) und Pyrrolidon sowie bei der Synthese bestimmter Arzneimittel verwendet.<\/p>\n\n\n\n<h2 class=\"wp-block-heading\" id=\"h-andere-verwendungen-von-gbl\"><span class=\"ez-toc-section\" id=\"Andere_Verwendungen_von_GBL\"><\/span>Andere Verwendungen von GBL<span class=\"ez-toc-section-end\"><\/span><\/h2>\n\n\n\n<ul class=\"wp-block-list\">\n<li>Farbverd\u00fcnner<\/li>\n\n\n\n<li>Reinigungsmittel<\/li>\n\n\n\n<li>Superkleber-Entferner<\/li>\n\n\n\n<li>Elektrolytische Kondensatoren<\/li>\n<\/ul>\n\n\n\n<h2 class=\"wp-block-heading\" id=\"h-chemische-reaktionen-von-gbl\"><span class=\"ez-toc-section\" id=\"Chemische_Reaktionen_von_GBL\"><\/span>Chemische Reaktionen von GBL<span class=\"ez-toc-section-end\"><\/span><\/h2>\n\n\n\n<p>Die chemische Struktur von GBL erm\u00f6glicht seine Hydrolyse zu Gamma-Hydroxybutters\u00e4ure (GHB) unter basischen Bedingungen. Diese Eigenschaft hat dazu gef\u00fchrt, dass GBL zur Herstellung von GHB verwendet wird, das sowohl ein therapeutisches Mittel als auch eine missbr\u00e4uchliche Substanz ist. Der Umwandlungsprozess ist einfach, was GBL zu einem wichtigen Vorprodukt f\u00fcr die GHB-Synthese macht.<\/p>\n\n\n\n<figure class=\"wp-block-image size-full\"><img data-recalc-dims=\"1\" fetchpriority=\"high\" decoding=\"async\" width=\"1024\" height=\"379\" src=\"https:\/\/i0.wp.com\/ko-tropfen-kaufen.com\/wp-content\/uploads\/2024\/11\/Gbl-Produktionsprozess-1024x379-1.png?resize=1024%2C379&#038;ssl=1\" alt=\"\" class=\"wp-image-15708\" srcset=\"https:\/\/i0.wp.com\/ko-tropfen-kaufen.com\/wp-content\/uploads\/2024\/11\/Gbl-Produktionsprozess-1024x379-1.png?w=1024&amp;ssl=1 1024w, https:\/\/i0.wp.com\/ko-tropfen-kaufen.com\/wp-content\/uploads\/2024\/11\/Gbl-Produktionsprozess-1024x379-1.png?resize=430%2C159&amp;ssl=1 430w, https:\/\/i0.wp.com\/ko-tropfen-kaufen.com\/wp-content\/uploads\/2024\/11\/Gbl-Produktionsprozess-1024x379-1.png?resize=700%2C259&amp;ssl=1 700w, https:\/\/i0.wp.com\/ko-tropfen-kaufen.com\/wp-content\/uploads\/2024\/11\/Gbl-Produktionsprozess-1024x379-1.png?resize=400%2C148&amp;ssl=1 400w, https:\/\/i0.wp.com\/ko-tropfen-kaufen.com\/wp-content\/uploads\/2024\/11\/Gbl-Produktionsprozess-1024x379-1.png?resize=768%2C284&amp;ssl=1 768w\" sizes=\"(max-width: 1024px) 100vw, 1024px\" \/><\/figure>\n\n\n\n<h2 class=\"wp-block-heading\" id=\"h-regulierung-und-rechtsstatus\"><span class=\"ez-toc-section\" id=\"Regulierung_und_Rechtsstatus\"><\/span>Regulierung und Rechtsstatus<span class=\"ez-toc-section-end\"><\/span><\/h2>\n\n\n\n<p>GBL ist in vielen L\u00e4ndern gesetzlich geregelt, da es als Freizeitdroge missbraucht werden kann, indem es im K\u00f6rper in GHB umgewandelt wird. GHB ist f\u00fcr seine sedierende und euphorisierende Wirkung bekannt, die dazu gef\u00fchrt hat, dass es mit illegalem Konsum und Sicherheitsbedenken in Verbindung gebracht wird. Infolgedessen wird GBL h\u00e4ufig im Rahmen von Gesetzen \u00fcber Drogenausgangsstoffe kontrolliert, und sein Verkauf und Besitz kann eingeschr\u00e4nkt werden.<\/p>\n\n\n\n<h2 class=\"wp-block-heading\" id=\"h-gesundheitliche-auswirkungen-und-risiken\"><span class=\"ez-toc-section\" id=\"Gesundheitliche_Auswirkungen_und_Risiken\"><\/span>Gesundheitliche Auswirkungen und Risiken<span class=\"ez-toc-section-end\"><\/span><\/h2>\n\n\n\n<p>Die Einnahme von GBL kann eine Reihe von Nebenwirkungen hervorrufen, darunter \u00dcbelkeit, Kopfschmerzen, verschwommenes Sehen, Herzrasen und erh\u00f6hter Blutdruck. Langfristiger Missbrauch kann zu schweren psychischen und physischen Gesundheitsproblemen wie Depressionen, Angstzust\u00e4nden und sogar Psychosen f\u00fchren. Daher ist es von entscheidender Bedeutung, GBL verantwortungsvoll und unter Einhaltung der entsprechenden rechtlichen und sicherheitstechnischen Richtlinien zu konsumieren.<\/p>\n\n\n\n<figure class=\"wp-block-image size-full is-resized\"><img data-recalc-dims=\"1\" decoding=\"async\" width=\"1024\" height=\"585\" src=\"https:\/\/i0.wp.com\/ko-tropfen-kaufen.com\/wp-content\/uploads\/2024\/11\/GBL-pharmacie-1024x585-1.jpg?resize=1024%2C585&#038;ssl=1\" alt=\"\" class=\"wp-image-15709\" style=\"width:1192px;height:auto\" srcset=\"https:\/\/i0.wp.com\/ko-tropfen-kaufen.com\/wp-content\/uploads\/2024\/11\/GBL-pharmacie-1024x585-1.jpg?w=1024&amp;ssl=1 1024w, https:\/\/i0.wp.com\/ko-tropfen-kaufen.com\/wp-content\/uploads\/2024\/11\/GBL-pharmacie-1024x585-1.jpg?resize=430%2C246&amp;ssl=1 430w, https:\/\/i0.wp.com\/ko-tropfen-kaufen.com\/wp-content\/uploads\/2024\/11\/GBL-pharmacie-1024x585-1.jpg?resize=700%2C400&amp;ssl=1 700w, https:\/\/i0.wp.com\/ko-tropfen-kaufen.com\/wp-content\/uploads\/2024\/11\/GBL-pharmacie-1024x585-1.jpg?resize=400%2C229&amp;ssl=1 400w, https:\/\/i0.wp.com\/ko-tropfen-kaufen.com\/wp-content\/uploads\/2024\/11\/GBL-pharmacie-1024x585-1.jpg?resize=768%2C439&amp;ssl=1 768w\" sizes=\"(max-width: 1024px) 100vw, 1024px\" \/><\/figure>\n\n\n\n<h2 class=\"wp-block-heading\" id=\"h-wo-kann-man-gbl-kaufen\"><span class=\"ez-toc-section\" id=\"Wo_kann_man_GBL_kaufen\"><\/span>Wo kann man GBL kaufen?<span class=\"ez-toc-section-end\"><\/span><\/h2>\n\n\n\n<p>Wer GBL f\u00fcr legitime industrielle Zwecke ben\u00f6tigt, kann es bei verschiedenen Anbietern kaufen. Zu den verl\u00e4sslichen Quellen geh\u00f6ren spezialisierte Chemielieferanten und industrielle Anbieter. Achten Sie beim Kauf von GBL stets auf die Einhaltung der \u00f6rtlichen Vorschriften. Die Recherche nach Anbietern und das Lesen von Bewertungen kann dazu beitragen, dass Sie hochwertiges GBL f\u00fcr Ihren Bedarf erhalten.<\/p>\n\n\n\n<ul class=\"wp-block-list\">\n<li><strong>GBL Clean Shop<\/strong>: Dieser Shop bietet eine Vielzahl von GBL-Produkten an, die in erster Linie f\u00fcr industrielle Reinigungszwecke, wie z. B. die Reinigung von R\u00e4dern und L\u00f6sungsmittelanwendungen, vermarktet werden. Das Unternehmen legt gro\u00dfen Wert auf die Qualit\u00e4t und Reinheit seiner GBL-Produkte und bietet detaillierte Gebrauchsanweisungen (GBL Clean Shop).<\/li>\n\n\n\n<li><strong>GBL-Shop<\/strong>: Dieser Shop ist bekannt f\u00fcr sein umfassendes Angebot an GBL-Produkten und bietet Optionen f\u00fcr verschiedene Mengen, darunter 500 ml, 1 l, 2 l, 5 l und mehr. Er gew\u00e4hrleistet sichere und diskrete Transaktionen und bietet wettbewerbsf\u00e4hige Preise (<a href=\"https:\/\/ko-tropfen-kaufen.com\/serioser-gbl-shop\">GBL Shop<\/a>).<\/li>\n\n\n\n<li><strong>GBL Chem Lab<\/strong>: Auf dieser Website wird GBL in verschiedenen Mengen verkauft und seine Verwendung f\u00fcr die industrielle Reinigung und als chemisches Zwischenprodukt beworben. Sie heben ihr sicheres Bestellverfahren und ihre schnellen Versandoptionen hervor (GBL Chem Lab).<\/li>\n<\/ul>\n\n\n\n<p>Ausf\u00fchrlichere Informationen finden Sie in Quellen wie Wikipedia und FineChemical.net (<a href=\"https:\/\/de.wikipedia.org\/wiki\/\u0393-Butyrolacton\" target=\"_blank\" rel=\"noopener\">Wikipedia<\/a>) (Anbu Chem).<\/p>\n\n\n\n<p>Zusammenfassend l\u00e4sst sich sagen, dass die Geschichte von GBL durch seine Doppelrolle als wertvolles industrielles L\u00f6sungsmittel und kontrollierter Vorl\u00e4ufer von GHB gekennzeichnet ist, was sowohl seinen Nutzen als auch die Notwendigkeit einer Regulierung zur Verringerung des Missbrauchs widerspiegelt.<\/p>","protected":false},"excerpt":{"rendered":"<p>Was ist GBL &#8211; Gamma-Butyrolacton (GBL) ist eine farblose, hygroskopische Fl\u00fcssigkeit, die f\u00fcr ihre Verwendung als industrielles L\u00f6sungsmittel und chemisches Zwischenprodukt bekannt ist. Es hat die Molekularformel C\u2084H\u2086O\u2082 und zeichnet sich durch einen schwachen Geruch und einen bitteren Geschmack aus. GBL ist ein Lacton, eine Art zyklischer Ester, und ist ein Vorl\u00e4ufer von Gamma-Hydroxybutters\u00e4ure (GHB). [&hellip;]<\/p>\n","protected":false},"author":2,"featured_media":0,"parent":0,"menu_order":0,"comment_status":"closed","ping_status":"closed","template":"","meta":{"footnotes":""},"class_list":["post-15705","page","type-page","status-publish","hentry"],"blocksy_meta":[],"jetpack_sharing_enabled":true,"_links":{"self":[{"href":"https:\/\/ko-tropfen-kaufen.com\/ml\/wp-json\/wp\/v2\/pages\/15705","targetHints":{"allow":["GET"]}}],"collection":[{"href":"https:\/\/ko-tropfen-kaufen.com\/ml\/wp-json\/wp\/v2\/pages"}],"about":[{"href":"https:\/\/ko-tropfen-kaufen.com\/ml\/wp-json\/wp\/v2\/types\/page"}],"author":[{"embeddable":true,"href":"https:\/\/ko-tropfen-kaufen.com\/ml\/wp-json\/wp\/v2\/users\/2"}],"replies":[{"embeddable":true,"href":"https:\/\/ko-tropfen-kaufen.com\/ml\/wp-json\/wp\/v2\/comments?post=15705"}],"version-history":[{"count":2,"href":"https:\/\/ko-tropfen-kaufen.com\/ml\/wp-json\/wp\/v2\/pages\/15705\/revisions"}],"predecessor-version":[{"id":15831,"href":"https:\/\/ko-tropfen-kaufen.com\/ml\/wp-json\/wp\/v2\/pages\/15705\/revisions\/15831"}],"wp:attachment":[{"href":"https:\/\/ko-tropfen-kaufen.com\/ml\/wp-json\/wp\/v2\/media?parent=15705"}],"curies":[{"name":"wp","href":"https:\/\/api.w.org\/{rel}","templated":true}]}}