{"id":1034,"date":"2024-02-10T14:42:35","date_gmt":"2024-02-10T13:42:35","guid":{"rendered":"https:\/\/startersites.io\/elementor\/smile-dent\/?page_id=1034"},"modified":"2026-03-21T21:42:46","modified_gmt":"2026-03-21T20:42:46","slug":"uber-uns","status":"publish","type":"page","link":"https:\/\/ko-tropfen-kaufen.com\/ml\/uber-uns\/","title":{"rendered":"\u00dcber uns"},"content":{"rendered":"<div data-elementor-type=\"wp-page\" data-elementor-id=\"1034\" class=\"elementor elementor-1034\" data-elementor-post-type=\"page\">\n\t\t\t\t<div class=\"elementor-element elementor-element-21fc403 e-flex e-con-boxed e-con e-parent\" data-id=\"21fc403\" data-element_type=\"container\" data-e-type=\"container\">\n\t\t\t\t\t<div class=\"e-con-inner\">\n\t\t<div class=\"elementor-element elementor-element-3b99d1b e-flex e-con-boxed e-con e-child\" data-id=\"3b99d1b\" data-element_type=\"container\" data-e-type=\"container\" data-settings=\"{&quot;background_background&quot;:&quot;classic&quot;}\">\n\t\t\t\t\t<div class=\"e-con-inner\">\n\t\t<div class=\"elementor-element elementor-element-808fb92 e-con-full e-flex e-con e-child\" data-id=\"808fb92\" data-element_type=\"container\" data-e-type=\"container\">\n\t\t\t\t<div class=\"elementor-element elementor-element-1b05e13 elementor-widget elementor-widget-shortcode\" data-id=\"1b05e13\" data-element_type=\"widget\" data-e-type=\"widget\" data-widget_type=\"shortcode.default\">\n\t\t\t\t<div class=\"elementor-widget-container\">\n\t\t\t\t\t\t\t<div class=\"elementor-shortcode\"><\/div>\n\t\t\t\t\t\t<\/div>\n\t\t\t\t<\/div>\n\t\t\t\t<div class=\"elementor-element elementor-element-69e14f5 elementor-widget elementor-widget-heading\" data-id=\"69e14f5\" data-element_type=\"widget\" data-e-type=\"widget\" data-widget_type=\"heading.default\">\n\t\t\t\t<div class=\"elementor-widget-container\">\n\t\t\t\t\t<div id=\"ez-toc-container\" class=\"ez-toc-v2_0_82_2 counter-hierarchy ez-toc-counter ez-toc-grey ez-toc-container-direction\">\n<div class=\"ez-toc-title-container\">\n<p class=\"ez-toc-title\" style=\"cursor:inherit\">Table of Contents<\/p>\n<span class=\"ez-toc-title-toggle\"><a href=\"#\" class=\"ez-toc-pull-right ez-toc-btn ez-toc-btn-xs ez-toc-btn-default ez-toc-toggle\" aria-label=\"Toggle Table of Content\"><span class=\"ez-toc-js-icon-con\"><span class=\"\"><span class=\"eztoc-hide\" style=\"display:none;\">Toggle<\/span><span class=\"ez-toc-icon-toggle-span\"><svg style=\"fill: #999;color:#999\" xmlns=\"http:\/\/www.w3.org\/2000\/svg\" class=\"list-377408\" width=\"20px\" height=\"20px\" viewbox=\"0 0 24 24\" fill=\"none\"><path d=\"M6 6H4v2h2V6zm14 0H8v2h12V6zM4 11h2v2H4v-2zm16 0H8v2h12v-2zM4 16h2v2H4v-2zm16 0H8v2h12v-2z\" fill=\"currentColor\"><\/path><\/svg><svg style=\"fill: #999;color:#999\" class=\"arrow-unsorted-368013\" xmlns=\"http:\/\/www.w3.org\/2000\/svg\" width=\"10px\" height=\"10px\" viewbox=\"0 0 24 24\" version=\"1.2\" baseprofile=\"tiny\"><path d=\"M18.2 9.3l-6.2-6.3-6.2 6.3c-.2.2-.3.4-.3.7s.1.5.3.7c.2.2.4.3.7.3h11c.3 0 .5-.1.7-.3.2-.2.3-.5.3-.7s-.1-.5-.3-.7zM5.8 14.7l6.2 6.3 6.2-6.3c.2-.2.3-.5.3-.7s-.1-.5-.3-.7c-.2-.2-.4-.3-.7-.3h-11c-.3 0-.5.1-.7.3-.2.2-.3.5-.3.7s.1.5.3.7z\"\/><\/svg><\/span><\/span><\/span><\/a><\/span><\/div>\n<nav><ul class='ez-toc-list ez-toc-list-level-1' ><li class='ez-toc-page-1 ez-toc-heading-level-2'><a class=\"ez-toc-link ez-toc-heading-1\" href=\"https:\/\/ko-tropfen-kaufen.com\/ml\/uber-uns\/#Uber_uns\" >\u00dcber uns<\/a><\/li><li class='ez-toc-page-1 ez-toc-heading-level-2'><a class=\"ez-toc-link ez-toc-heading-2\" href=\"https:\/\/ko-tropfen-kaufen.com\/ml\/uber-uns\/#Geprufte_Seriositat_Rechtssicherheit\" >Gepr\u00fcfte Seriosit\u00e4t &amp; Rechtssicherheit<\/a><ul class='ez-toc-list-level-3' ><li class='ez-toc-heading-level-3'><a class=\"ez-toc-link ez-toc-heading-3\" href=\"https:\/\/ko-tropfen-kaufen.com\/ml\/uber-uns\/#Unsere_Mission\" >Unsere Mission<\/a><\/li><\/ul><\/li><\/ul><\/nav><\/div>\n<h2 class=\"elementor-heading-title elementor-size-default\"><span class=\"ez-toc-section\" id=\"Uber_uns\"><\/span>\u00dcber uns<span class=\"ez-toc-section-end\"><\/span><\/h2>\t\t\t\t<\/div>\n\t\t\t\t<\/div>\n\t\t\t\t<div class=\"elementor-element elementor-element-7fca67a elementor-widget elementor-widget-text-editor\" data-id=\"7fca67a\" data-element_type=\"widget\" data-e-type=\"widget\" data-widget_type=\"text-editor.default\">\n\t\t\t\t<div class=\"elementor-widget-container\">\n\t\t\t\t\t\t\t\t\t<p>ko-tropfen-kaufen.com ist nicht einfach nur ein Online-Shop \u2013 wir sind ein lizensierter und zertifizierter Gro\u00dfh\u00e4ndler f\u00fcr hochwertige Research Chemicals in Europa.<\/p><p>Unser Team besteht aus erfahrenen Chemikern und Branchenexperten mit 3 bis 5 Jahren Praxis in der Forschung, Entwicklung und im legalen Handel von Spezialchemikalien.<\/p>\t\t\t\t\t\t\t\t<\/div>\n\t\t\t\t<\/div>\n\t\t\t\t<div class=\"elementor-element elementor-element-6ea1013 elementor-widget elementor-widget-button\" data-id=\"6ea1013\" data-element_type=\"widget\" data-e-type=\"widget\" data-widget_type=\"button.default\">\n\t\t\t\t<div class=\"elementor-widget-container\">\n\t\t\t\t\t\t\t\t\t<div class=\"elementor-button-wrapper\">\n\t\t\t\t\t<a class=\"elementor-button elementor-button-link elementor-size-sm\" href=\"https:\/\/ko-tropfen-kaufen.com\/serioser-gbl-shop\/\">\n\t\t\t\t\t\t<span class=\"elementor-button-content-wrapper\">\n\t\t\t\t\t\t<span class=\"elementor-button-icon\">\n\t\t\t\t<svg xmlns=\"http:\/\/www.w3.org\/2000\/svg\" viewbox=\"0 0 24 24\"><path fill-rule=\"evenodd\" d=\"M24 0v22.78h-2.87V4.9L2.03 24 0 21.97l19.1-19.1H1.26V0H24Z\"><\/path><\/svg>\t\t\t<\/span>\n\t\t\t\t\t\t\t\t\t<span class=\"elementor-button-text\">Jetzt bestellen<\/span>\n\t\t\t\t\t<\/span>\n\t\t\t\t\t<\/a>\n\t\t\t\t<\/div>\n\t\t\t\t\t\t\t\t<\/div>\n\t\t\t\t<\/div>\n\t\t\t\t<\/div>\n\t\t<div class=\"elementor-element elementor-element-ee88ee0 e-con-full e-flex e-con e-child\" data-id=\"ee88ee0\" data-element_type=\"container\" data-e-type=\"container\">\n\t\t\t\t<div class=\"elementor-element elementor-element-14fa9a9 elementor-widget elementor-widget-image\" data-id=\"14fa9a9\" data-element_type=\"widget\" data-e-type=\"widget\" data-widget_type=\"image.default\">\n\t\t\t\t<div class=\"elementor-widget-container\">\n\t\t\t\t\t\t\t\t\t\t\t\t\t\t\t<img fetchpriority=\"high\" decoding=\"async\" width=\"800\" height=\"800\" src=\"https:\/\/i0.wp.com\/ko-tropfen-kaufen.com\/wp-content\/uploads\/2024\/11\/callout-chemical-conveyor.jpg?fit=800%2C800&amp;ssl=1\" class=\"attachment-large size-large wp-image-15696\" alt=\"\u00dcber uns KO Tropfen, KO Tropfen Kaufen, KO Tropfen kaufen \u2013 GBL, GHB, BDO\" srcset=\"https:\/\/i0.wp.com\/ko-tropfen-kaufen.com\/wp-content\/uploads\/2024\/11\/callout-chemical-conveyor.jpg?w=1000&amp;ssl=1 1000w, https:\/\/i0.wp.com\/ko-tropfen-kaufen.com\/wp-content\/uploads\/2024\/11\/callout-chemical-conveyor.jpg?resize=430%2C430&amp;ssl=1 430w, https:\/\/i0.wp.com\/ko-tropfen-kaufen.com\/wp-content\/uploads\/2024\/11\/callout-chemical-conveyor.jpg?resize=100%2C100&amp;ssl=1 100w, https:\/\/i0.wp.com\/ko-tropfen-kaufen.com\/wp-content\/uploads\/2024\/11\/callout-chemical-conveyor.jpg?resize=700%2C700&amp;ssl=1 700w, https:\/\/i0.wp.com\/ko-tropfen-kaufen.com\/wp-content\/uploads\/2024\/11\/callout-chemical-conveyor.jpg?resize=500%2C500&amp;ssl=1 500w, https:\/\/i0.wp.com\/ko-tropfen-kaufen.com\/wp-content\/uploads\/2024\/11\/callout-chemical-conveyor.jpg?resize=300%2C300&amp;ssl=1 300w, https:\/\/i0.wp.com\/ko-tropfen-kaufen.com\/wp-content\/uploads\/2024\/11\/callout-chemical-conveyor.jpg?resize=800%2C800&amp;ssl=1 800w, https:\/\/i0.wp.com\/ko-tropfen-kaufen.com\/wp-content\/uploads\/2024\/11\/callout-chemical-conveyor.jpg?resize=150%2C150&amp;ssl=1 150w, https:\/\/i0.wp.com\/ko-tropfen-kaufen.com\/wp-content\/uploads\/2024\/11\/callout-chemical-conveyor.jpg?resize=768%2C768&amp;ssl=1 768w\" sizes=\"(max-width: 800px) 100vw, 800px\" \/>\t\t\t\t\t\t\t\t\t\t\t\t\t\t\t<\/div>\n\t\t\t\t<\/div>\n\t\t\t\t<\/div>\n\t\t\t\t\t<\/div>\n\t\t\t\t<\/div>\n\t\t\t\t\t<\/div>\n\t\t\t\t<\/div>\n\t\t<div class=\"elementor-element elementor-element-05d5f64 e-flex e-con-boxed e-con e-parent\" data-id=\"05d5f64\" data-element_type=\"container\" data-e-type=\"container\">\n\t\t\t\t\t<div class=\"e-con-inner\">\n\t\t<div class=\"elementor-element elementor-element-3d05ddc e-con-full e-flex e-con e-child\" data-id=\"3d05ddc\" data-element_type=\"container\" data-e-type=\"container\" data-settings=\"{&quot;background_background&quot;:&quot;classic&quot;}\">\n\t\t\t\t<div class=\"elementor-element elementor-element-38a8f7e elementor-widget elementor-widget-image\" data-id=\"38a8f7e\" data-element_type=\"widget\" data-e-type=\"widget\" data-widget_type=\"image.default\">\n\t\t\t\t<div class=\"elementor-widget-container\">\n\t\t\t\t\t\t\t\t\t\t\t\t\t\t\t<img decoding=\"async\" width=\"933\" height=\"800\" src=\"https:\/\/i0.wp.com\/ko-tropfen-kaufen.com\/wp-content\/uploads\/2024\/11\/GBL-kaufen-schweiz.jpg?fit=933%2C800&amp;ssl=1\" class=\"attachment-large size-large wp-image-15602\" alt=\"GBL kaufen schweiz, KO Tropfen kaufen, KO Tropfen kaufen \u2013 GBL, GHB, BDO\" srcset=\"https:\/\/i0.wp.com\/ko-tropfen-kaufen.com\/wp-content\/uploads\/2024\/11\/GBL-kaufen-schweiz.jpg?w=1200&amp;ssl=1 1200w, https:\/\/i0.wp.com\/ko-tropfen-kaufen.com\/wp-content\/uploads\/2024\/11\/GBL-kaufen-schweiz.jpg?resize=430%2C369&amp;ssl=1 430w, https:\/\/i0.wp.com\/ko-tropfen-kaufen.com\/wp-content\/uploads\/2024\/11\/GBL-kaufen-schweiz.jpg?resize=700%2C600&amp;ssl=1 700w, https:\/\/i0.wp.com\/ko-tropfen-kaufen.com\/wp-content\/uploads\/2024\/11\/GBL-kaufen-schweiz.jpg?resize=350%2C300&amp;ssl=1 350w, https:\/\/i0.wp.com\/ko-tropfen-kaufen.com\/wp-content\/uploads\/2024\/11\/GBL-kaufen-schweiz.jpg?resize=933%2C800&amp;ssl=1 933w, https:\/\/i0.wp.com\/ko-tropfen-kaufen.com\/wp-content\/uploads\/2024\/11\/GBL-kaufen-schweiz.jpg?resize=768%2C659&amp;ssl=1 768w, https:\/\/i0.wp.com\/ko-tropfen-kaufen.com\/wp-content\/uploads\/2024\/11\/GBL-kaufen-schweiz.jpg?resize=75%2C65&amp;ssl=1 75w\" sizes=\"(max-width: 933px) 100vw, 933px\" \/>\t\t\t\t\t\t\t\t\t\t\t\t\t\t\t<\/div>\n\t\t\t\t<\/div>\n\t\t\t\t<\/div>\n\t\t<div class=\"elementor-element elementor-element-37c51f6 e-con-full e-flex e-con e-child\" data-id=\"37c51f6\" data-element_type=\"container\" data-e-type=\"container\">\n\t\t\t\t<div class=\"elementor-element elementor-element-0870c5c elementor-widget elementor-widget-heading\" data-id=\"0870c5c\" data-element_type=\"widget\" data-e-type=\"widget\" data-widget_type=\"heading.default\">\n\t\t\t\t<div class=\"elementor-widget-container\">\n\t\t\t\t\t<h2 class=\"elementor-heading-title elementor-size-default\"><span class=\"ez-toc-section\" id=\"Geprufte_Seriositat_Rechtssicherheit\"><\/span>Gepr\u00fcfte Seriosit\u00e4t &amp; Rechtssicherheit<span class=\"ez-toc-section-end\"><\/span><\/h2>\t\t\t\t<\/div>\n\t\t\t\t<\/div>\n\t\t\t\t<div class=\"elementor-element elementor-element-793e645 elementor-widget elementor-widget-text-editor\" data-id=\"793e645\" data-element_type=\"widget\" data-e-type=\"widget\" data-widget_type=\"text-editor.default\">\n\t\t\t\t<div class=\"elementor-widget-container\">\n\t\t\t\t\t\t\t\t\t<p data-start=\"584\" data-end=\"877\">Wir verf\u00fcgen \u00fcber alle erforderlichen Lizenzen, Zertifikate und rechtlichen Genehmigungen, um europaweit sicher und transparent zu handeln.<br data-start=\"727\" data-end=\"730\" \/>Unsere Prozesse \u2013 von der Produktbeschaffung bis zur Lieferung \u2013 sind auf maximale Qualit\u00e4t, Sicherheit und Gesetzeskonformit\u00e4t ausgerichtet.<\/p><p data-start=\"879\" data-end=\"907\"><strong>Unser Produktsortiment<\/strong><\/p><p data-start=\"908\" data-end=\"1003\">Wir bieten ausschlie\u00dflich gepr\u00fcfte und dokumentierte Produkte in Laborqualit\u00e4t, darunter:<\/p><ul data-start=\"1004\" data-end=\"1141\"><li data-start=\"1004\" data-end=\"1045\"><p data-start=\"1006\" data-end=\"1045\"><a href=\"https:\/\/ko-tropfen-kaufen.com\/product\/natriumoxybat\/\">Natriumoxybat Ethypharm 500 mg\/ml<\/a><\/p><\/li><li data-start=\"1046\" data-end=\"1073\"><p data-start=\"1048\" data-end=\"1073\"><a href=\"https:\/\/ko-tropfen-kaufen.com\/product\/bdo-kaufen\/\">BDO (1,4-Butandiol)<\/a><\/p><\/li><li data-start=\"1074\" data-end=\"1106\"><p data-start=\"1076\" data-end=\"1106\"><a href=\"https:\/\/ko-tropfen-kaufen.com\/product\/gbl-kaufen-legal\/\">Gamma-Butyrolacton (GBL)<\/a><\/p><\/li><li data-start=\"1107\" data-end=\"1141\"><p data-start=\"1109\" data-end=\"1141\"><a href=\"https:\/\/ko-tropfen-kaufen.com\/product\/ghb-kaufen\/\">Gamma-Hydroxybutyrat (GHB)<\/a><\/p><\/li><\/ul><p data-start=\"1143\" data-end=\"1286\">Jede Charge wird in zertifizierten Laboren analysiert und erh\u00e4lt ein entsprechendes Pr\u00fcfprotokoll, um Reinheit und Qualit\u00e4t nachzuweisen.<\/p>\t\t\t\t\t\t\t\t<\/div>\n\t\t\t\t<\/div>\n\t\t\t\t<\/div>\n\t\t\t\t\t<\/div>\n\t\t\t\t<\/div>\n\t\t<div class=\"elementor-element elementor-element-aa30ad0 e-flex e-con-boxed e-con e-parent\" data-id=\"aa30ad0\" data-element_type=\"container\" data-e-type=\"container\">\n\t\t\t\t\t<div class=\"e-con-inner\">\n\t\t<div class=\"elementor-element elementor-element-43f0ffd e-flex e-con-boxed e-con e-child\" data-id=\"43f0ffd\" data-element_type=\"container\" data-e-type=\"container\" data-settings=\"{&quot;background_background&quot;:&quot;classic&quot;}\">\n\t\t\t\t\t<div class=\"e-con-inner\">\n\t\t<div class=\"elementor-element elementor-element-bc0a40e e-con-full e-flex e-con e-child\" data-id=\"bc0a40e\" data-element_type=\"container\" data-e-type=\"container\" data-settings=\"{&quot;background_background&quot;:&quot;classic&quot;}\">\n\t\t\t\t<\/div>\n\t\t<div class=\"elementor-element elementor-element-06f8c1c e-flex e-con-boxed e-con e-child\" data-id=\"06f8c1c\" data-element_type=\"container\" data-e-type=\"container\">\n\t\t\t\t\t<div class=\"e-con-inner\">\n\t\t<div class=\"elementor-element elementor-element-f80d03c e-flex e-con-boxed e-con e-child\" data-id=\"f80d03c\" data-element_type=\"container\" data-e-type=\"container\">\n\t\t\t\t\t<div class=\"e-con-inner\">\n\t\t<div class=\"elementor-element elementor-element-60c9d98 e-flex e-con-boxed e-con e-child\" data-id=\"60c9d98\" data-element_type=\"container\" data-e-type=\"container\">\n\t\t\t\t\t<div class=\"e-con-inner\">\n\t\t\t\t<div class=\"elementor-element elementor-element-2746b69 elementor-widget elementor-widget-text-editor\" data-id=\"2746b69\" data-element_type=\"widget\" data-e-type=\"widget\" data-widget_type=\"text-editor.default\">\n\t\t\t\t<div class=\"elementor-widget-container\">\n\t\t\t\t\t\t\t\t\t<p>Lizensierter Handel<\/p>\t\t\t\t\t\t\t\t<\/div>\n\t\t\t\t<\/div>\n\t\t\t\t\t<\/div>\n\t\t\t\t<\/div>\n\t\t\t\t<div class=\"elementor-element elementor-element-6f8626c elementor-widget elementor-widget-text-editor\" data-id=\"6f8626c\" data-element_type=\"widget\" data-e-type=\"widget\" data-widget_type=\"text-editor.default\">\n\t\t\t\t<div class=\"elementor-widget-container\">\n\t\t\t\t\t\t\t\t\t<p>Vollst\u00e4ndige Dokumentation und Rechtskonformit\u00e4t in der gesamten EU<\/p>\t\t\t\t\t\t\t\t<\/div>\n\t\t\t\t<\/div>\n\t\t\t\t\t<\/div>\n\t\t\t\t<\/div>\n\t\t<div class=\"elementor-element elementor-element-d485229 e-flex e-con-boxed e-con e-child\" data-id=\"d485229\" data-element_type=\"container\" data-e-type=\"container\">\n\t\t\t\t\t<div class=\"e-con-inner\">\n\t\t<div class=\"elementor-element elementor-element-3b55573 e-flex e-con-boxed e-con e-child\" data-id=\"3b55573\" data-element_type=\"container\" data-e-type=\"container\">\n\t\t\t\t\t<div class=\"e-con-inner\">\n\t\t\t\t<div class=\"elementor-element elementor-element-fbda178 elementor-widget elementor-widget-text-editor\" data-id=\"fbda178\" data-element_type=\"widget\" data-e-type=\"widget\" data-widget_type=\"text-editor.default\">\n\t\t\t\t<div class=\"elementor-widget-container\">\n\t\t\t\t\t\t\t\t\t<p><strong data-start=\"1514\" data-end=\"1536\">Diskrete Lieferung<\/strong><\/p>\t\t\t\t\t\t\t\t<\/div>\n\t\t\t\t<\/div>\n\t\t\t\t\t<\/div>\n\t\t\t\t<\/div>\n\t\t\t\t<div class=\"elementor-element elementor-element-acf65e8 elementor-widget elementor-widget-text-editor\" data-id=\"acf65e8\" data-element_type=\"widget\" data-e-type=\"widget\" data-widget_type=\"text-editor.default\">\n\t\t\t\t<div class=\"elementor-widget-container\">\n\t\t\t\t\t\t\t\t\t<p>Neutrale Verpackung und sichere Transportwege<\/p>\t\t\t\t\t\t\t\t<\/div>\n\t\t\t\t<\/div>\n\t\t\t\t\t<\/div>\n\t\t\t\t<\/div>\n\t\t<div class=\"elementor-element elementor-element-8747df5 e-flex e-con-boxed e-con e-child\" data-id=\"8747df5\" data-element_type=\"container\" data-e-type=\"container\">\n\t\t\t\t\t<div class=\"e-con-inner\">\n\t\t<div class=\"elementor-element elementor-element-5b335a8 e-flex e-con-boxed e-con e-child\" data-id=\"5b335a8\" data-element_type=\"container\" data-e-type=\"container\">\n\t\t\t\t\t<div class=\"e-con-inner\">\n\t\t\t\t<div class=\"elementor-element elementor-element-e8742a1 elementor-widget elementor-widget-text-editor\" data-id=\"e8742a1\" data-element_type=\"widget\" data-e-type=\"widget\" data-widget_type=\"text-editor.default\">\n\t\t\t\t<div class=\"elementor-widget-container\">\n\t\t\t\t\t\t\t\t\t<p>Erfahrung &amp; Fachwissen<\/p>\t\t\t\t\t\t\t\t<\/div>\n\t\t\t\t<\/div>\n\t\t\t\t\t<\/div>\n\t\t\t\t<\/div>\n\t\t\t\t<div class=\"elementor-element elementor-element-4152e3e elementor-widget elementor-widget-text-editor\" data-id=\"4152e3e\" data-element_type=\"widget\" data-e-type=\"widget\" data-widget_type=\"text-editor.default\">\n\t\t\t\t<div class=\"elementor-widget-container\">\n\t\t\t\t\t\t\t\t\t<p>Tiefes Branchen-Know-how und ein professionelles Netzwerk<\/p>\t\t\t\t\t\t\t\t<\/div>\n\t\t\t\t<\/div>\n\t\t\t\t\t<\/div>\n\t\t\t\t<\/div>\n\t\t\t\t\t<\/div>\n\t\t\t\t<\/div>\n\t\t\t\t\t<\/div>\n\t\t\t\t<\/div>\n\t\t\t\t\t<\/div>\n\t\t\t\t<\/div>\n\t\t<div class=\"elementor-element elementor-element-53b7f06 e-flex e-con-boxed e-con e-parent\" data-id=\"53b7f06\" data-element_type=\"container\" data-e-type=\"container\" data-settings=\"{&quot;background_background&quot;:&quot;gradient&quot;}\">\n\t\t\t\t\t<div class=\"e-con-inner\">\n\t\t<div class=\"elementor-element elementor-element-48a6fd3 e-flex e-con-boxed e-con e-child\" data-id=\"48a6fd3\" data-element_type=\"container\" data-e-type=\"container\" data-settings=\"{&quot;background_background&quot;:&quot;classic&quot;}\">\n\t\t\t\t\t<div class=\"e-con-inner\">\n\t\t<div class=\"elementor-element elementor-element-4574ed9 e-con-full e-flex e-con e-child\" data-id=\"4574ed9\" data-element_type=\"container\" data-e-type=\"container\">\n\t\t\t\t<div class=\"elementor-element elementor-element-7912f87 elementor-widget elementor-widget-heading\" data-id=\"7912f87\" data-element_type=\"widget\" data-e-type=\"widget\" data-widget_type=\"heading.default\">\n\t\t\t\t<div class=\"elementor-widget-container\">\n\t\t\t\t\t<h3 class=\"elementor-heading-title elementor-size-default\"><span class=\"ez-toc-section\" id=\"Unsere_Mission\"><\/span>Unsere Mission<span class=\"ez-toc-section-end\"><\/span><\/h3>\t\t\t\t<\/div>\n\t\t\t\t<\/div>\n\t\t\t\t<div class=\"elementor-element elementor-element-7901c9d elementor-widget elementor-widget-text-editor\" data-id=\"7901c9d\" data-element_type=\"widget\" data-e-type=\"widget\" data-widget_type=\"text-editor.default\">\n\t\t\t\t<div class=\"elementor-widget-container\">\n\t\t\t\t\t\t\t\t\t<p>Wir m\u00f6chten unseren Kunden nicht nur Produkte liefern, sondern Sicherheit, Verl\u00e4sslichkeit und Qualit\u00e4t garantieren. Mit ko-tropfen-kaufen.com entscheiden Sie sich f\u00fcr einen Partner, der Seriosit\u00e4t und Fachkompetenz an erste Stelle setzt.<\/p>\t\t\t\t\t\t\t\t<\/div>\n\t\t\t\t<\/div>\n\t\t\t\t<\/div>\n\t\t<div class=\"elementor-element elementor-element-2b329cd e-con-full e-flex e-con e-child\" data-id=\"2b329cd\" data-element_type=\"container\" data-e-type=\"container\">\n\t\t\t\t<div class=\"elementor-element elementor-element-c3463ea elementor-widget elementor-widget-button\" data-id=\"c3463ea\" data-element_type=\"widget\" data-e-type=\"widget\" data-widget_type=\"button.default\">\n\t\t\t\t<div class=\"elementor-widget-container\">\n\t\t\t\t\t\t\t\t\t<div class=\"elementor-button-wrapper\">\n\t\t\t\t\t<a class=\"elementor-button elementor-button-link elementor-size-sm\" href=\"https:\/\/ko-tropfen-kaufen.com\/kontakt\/\">\n\t\t\t\t\t\t<span class=\"elementor-button-content-wrapper\">\n\t\t\t\t\t\t<span class=\"elementor-button-icon\">\n\t\t\t\t<svg xmlns=\"http:\/\/www.w3.org\/2000\/svg\" viewbox=\"0 0 24 24\"><path fill-rule=\"evenodd\" d=\"M24 0v22.78h-2.87V4.9L2.03 24 0 21.97l19.1-19.1H1.26V0H24Z\"><\/path><\/svg>\t\t\t<\/span>\n\t\t\t\t\t\t\t\t\t<span class=\"elementor-button-text\">Kontakt<\/span>\n\t\t\t\t\t<\/span>\n\t\t\t\t\t<\/a>\n\t\t\t\t<\/div>\n\t\t\t\t\t\t\t\t<\/div>\n\t\t\t\t<\/div>\n\t\t\t\t<\/div>\n\t\t\t\t\t<\/div>\n\t\t\t\t<\/div>\n\t\t\t\t\t<\/div>\n\t\t\t\t<\/div>\n\t\t\t\t<\/div>","protected":false},"excerpt":{"rendered":"<p>KO Tropfen legal online kaufen \u2013 GBL, GHB, BDO &#038; Natriumoxybat in gepr\u00fcfter Laborqualit\u00e4t. Lizenzierter H\u00e4ndler mit schneller, diskreter EU-weiter Lieferung.<\/p>","protected":false},"author":2,"featured_media":0,"parent":0,"menu_order":0,"comment_status":"closed","ping_status":"closed","template":"","meta":{"footnotes":""},"class_list":["post-1034","page","type-page","status-publish","hentry"],"blocksy_meta":{"has_hero_section":"disabled","vertical_spacing_source":"custom","content_area_spacing":"none","styles_descriptor":{"styles":{"desktop":"","tablet":"","mobile":""},"google_fonts":[],"version":6}},"jetpack_sharing_enabled":true,"_links":{"self":[{"href":"https:\/\/ko-tropfen-kaufen.com\/ml\/wp-json\/wp\/v2\/pages\/1034","targetHints":{"allow":["GET"]}}],"collection":[{"href":"https:\/\/ko-tropfen-kaufen.com\/ml\/wp-json\/wp\/v2\/pages"}],"about":[{"href":"https:\/\/ko-tropfen-kaufen.com\/ml\/wp-json\/wp\/v2\/types\/page"}],"author":[{"embeddable":true,"href":"https:\/\/ko-tropfen-kaufen.com\/ml\/wp-json\/wp\/v2\/users\/2"}],"replies":[{"embeddable":true,"href":"https:\/\/ko-tropfen-kaufen.com\/ml\/wp-json\/wp\/v2\/comments?post=1034"}],"version-history":[{"count":15,"href":"https:\/\/ko-tropfen-kaufen.com\/ml\/wp-json\/wp\/v2\/pages\/1034\/revisions"}],"predecessor-version":[{"id":16408,"href":"https:\/\/ko-tropfen-kaufen.com\/ml\/wp-json\/wp\/v2\/pages\/1034\/revisions\/16408"}],"wp:attachment":[{"href":"https:\/\/ko-tropfen-kaufen.com\/ml\/wp-json\/wp\/v2\/media?parent=1034"}],"curies":[{"name":"wp","href":"https:\/\/api.w.org\/{rel}","templated":true}]}}