{"id":15725,"date":"2024-11-25T21:57:31","date_gmt":"2024-11-25T20:57:31","guid":{"rendered":"https:\/\/ko-tropfen-kaufen.com\/?page_id=15725"},"modified":"2025-11-24T16:12:14","modified_gmt":"2025-11-24T15:12:14","slug":"%e4%b8%80%e8%88%ac%e6%9d%a1%e4%bb%b6","status":"publish","type":"page","link":"https:\/\/ko-tropfen-kaufen.com\/ja\/%e4%b8%80%e8%88%ac%e6%9d%a1%e4%bb%b6\/","title":{"rendered":"\u4e00\u822c\u53d6\u5f15\u6761\u4ef6"},"content":{"rendered":"<div id=\"ez-toc-container\" class=\"ez-toc-v2_0_82_2 counter-hierarchy ez-toc-counter ez-toc-grey ez-toc-container-direction\">\n<div class=\"ez-toc-title-container\">\n<p class=\"ez-toc-title\" style=\"cursor:inherit\">\u76ee\u6b21<\/p>\n<span class=\"ez-toc-title-toggle\"><a href=\"#\" class=\"ez-toc-pull-right ez-toc-btn ez-toc-btn-xs ez-toc-btn-default ez-toc-toggle\" aria-label=\"\u30c8\u30b0\u30eb\u76ee\u6b21\"><span class=\"ez-toc-js-icon-con\"><span class=\"\"><span class=\"eztoc-hide\" style=\"display:none;\">\u30c8\u30b0\u30eb<\/span><span class=\"ez-toc-icon-toggle-span\"><svg style=\"fill: #999;color:#999\" xmlns=\"http:\/\/www.w3.org\/2000\/svg\" class=\"list-377408\" width=\"20px\" height=\"20px\" viewbox=\"0 0 24 24\" fill=\"none\"><path d=\"M6 6H4v2h2V6zm14 0H8v2h12V6zM4 11h2v2H4v-2zm16 0H8v2h12v-2zM4 16h2v2H4v-2zm16 0H8v2h12v-2z\" fill=\"currentColor\"><\/path><\/svg><svg style=\"fill: #999;color:#999\" class=\"arrow-unsorted-368013\" xmlns=\"http:\/\/www.w3.org\/2000\/svg\" width=\"10px\" height=\"10px\" viewbox=\"0 0 24 24\" version=\"1.2\" baseprofile=\"tiny\"><path d=\"M18.2 9.3l-6.2-6.3-6.2 6.3c-.2.2-.3.4-.3.7s.1.5.3.7c.2.2.4.3.7.3h11c.3 0 .5-.1.7-.3.2-.2.3-.5.3-.7s-.1-.5-.3-.7zM5.8 14.7l6.2 6.3 6.2-6.3c.2-.2.3-.5.3-.7s-.1-.5-.3-.7c-.2-.2-.4-.3-.7-.3h-11c-.3 0-.5.1-.7.3-.2.2-.3.5-.3.7s.1.5.3.7z\"\/><\/svg><\/span><\/span><\/span><\/a><\/span><\/div>\n<nav><ul class='ez-toc-list ez-toc-list-level-1' ><li class='ez-toc-page-1 ez-toc-heading-level-3'><a class=\"ez-toc-link ez-toc-heading-1\" href=\"https:\/\/ko-tropfen-kaufen.com\/ja\/%e4%b8%80%e8%88%ac%e6%9d%a1%e4%bb%b6\/#Ko-Tropfen-Kaufencom\" >co-drops.com\u3092\u8cfc\u5165\u3059\u308b<\/a><\/li><li class='ez-toc-page-1 ez-toc-heading-level-3'><a class=\"ez-toc-link ez-toc-heading-2\" href=\"https:\/\/ko-tropfen-kaufen.com\/ja\/%e4%b8%80%e8%88%ac%e6%9d%a1%e4%bb%b6\/#1_Allgemeine_Bedingungen\" >1. \u4e00\u822c\u6761\u4ef6<\/a><\/li><li class='ez-toc-page-1 ez-toc-heading-level-3'><a class=\"ez-toc-link ez-toc-heading-3\" href=\"https:\/\/ko-tropfen-kaufen.com\/ja\/%e4%b8%80%e8%88%ac%e6%9d%a1%e4%bb%b6\/#2_Bestellungen_und_Zahlungen\" >2. \u6ce8\u6587\u3068\u652f\u6255\u3044<\/a><\/li><li class='ez-toc-page-1 ez-toc-heading-level-3'><a class=\"ez-toc-link ez-toc-heading-4\" href=\"https:\/\/ko-tropfen-kaufen.com\/ja\/%e4%b8%80%e8%88%ac%e6%9d%a1%e4%bb%b6\/#3_Versand_und_Lieferung\" >3. \u767a\u9001\u3068\u914d\u9054<\/a><\/li><li class='ez-toc-page-1 ez-toc-heading-level-3'><a class=\"ez-toc-link ez-toc-heading-5\" href=\"https:\/\/ko-tropfen-kaufen.com\/ja\/%e4%b8%80%e8%88%ac%e6%9d%a1%e4%bb%b6\/#4_Ruckgabe_und_Ruckerstattung\" >4. \u8fd4\u54c1\u3068\u8fd4\u91d1<\/a><\/li><li class='ez-toc-page-1 ez-toc-heading-level-3'><a class=\"ez-toc-link ez-toc-heading-6\" href=\"https:\/\/ko-tropfen-kaufen.com\/ja\/%e4%b8%80%e8%88%ac%e6%9d%a1%e4%bb%b6\/#5_Haftungsausschluss\" >5. \u514d\u8cac\u4e8b\u9805<\/a><\/li><li class='ez-toc-page-1 ez-toc-heading-level-3'><a class=\"ez-toc-link ez-toc-heading-7\" href=\"https:\/\/ko-tropfen-kaufen.com\/ja\/%e4%b8%80%e8%88%ac%e6%9d%a1%e4%bb%b6\/#6_Datenschutz\" >6. \u30c7\u30fc\u30bf\u4fdd\u8b77<\/a><\/li><li class='ez-toc-page-1 ez-toc-heading-level-3'><a class=\"ez-toc-link ez-toc-heading-8\" href=\"https:\/\/ko-tropfen-kaufen.com\/ja\/%e4%b8%80%e8%88%ac%e6%9d%a1%e4%bb%b6\/#7_Geistiges_Eigentum\" >7 \u77e5\u7684\u8ca1\u7523<\/a><\/li><li class='ez-toc-page-1 ez-toc-heading-level-3'><a class=\"ez-toc-link ez-toc-heading-9\" href=\"https:\/\/ko-tropfen-kaufen.com\/ja\/%e4%b8%80%e8%88%ac%e6%9d%a1%e4%bb%b6\/#8_Anwendbares_Recht\" >8 \u9069\u7528\u6cd5<\/a><\/li><li class='ez-toc-page-1 ez-toc-heading-level-3'><a class=\"ez-toc-link ez-toc-heading-10\" href=\"https:\/\/ko-tropfen-kaufen.com\/ja\/%e4%b8%80%e8%88%ac%e6%9d%a1%e4%bb%b6\/#9_Kontakt\" >9.\u30b3\u30f3\u30bf\u30af\u30c8<\/a><\/li><\/ul><\/nav><\/div>\n<h3 class=\"wp-block-heading\" id=\"h-ko-tropfen-kaufen-com\"><span class=\"ez-toc-section\" id=\"Ko-Tropfen-Kaufencom\"><\/span>co-drops.com\u3092\u8cfc\u5165\u3059\u308b<span class=\"ez-toc-section-end\"><\/span><\/h3>\n\n\n\n<p>\u3088\u3046\u3053\u305d <a href=\"https:\/\/ko-tropfen-kaufen.com?v=820eb5b696ea\">co-drops.com\u3092\u8cfc\u5165\u3059\u308b<\/a>.\u5f53\u793e\u306e\u30a6\u30a7\u30d6\u30b5\u30a4\u30c8\u306b\u30a2\u30af\u30bb\u30b9\u3057\u3001\u5f53\u793e\u306e\u30b5\u30fc\u30d3\u30b9\u3092\u5229\u7528\u3059\u308b\u3053\u3068\u306b\u3088\u308a\u3001\u304a\u5ba2\u69d8\u306f\u4ee5\u4e0b\u306e\u4e00\u822c\u53d6\u5f15\u6761\u4ef6\uff08GTC\uff09\u306b\u540c\u610f\u3057\u305f\u3082\u306e\u3068\u307f\u306a\u3055\u308c\u307e\u3059\u3002\u3088\u304f\u304a\u8aad\u307f\u304f\u3060\u3055\u3044\u3002<\/p>\n\n\n\n<h3 class=\"wp-block-heading\" id=\"h-1-allgemeine-bedingungen\"><span class=\"ez-toc-section\" id=\"1_Allgemeine_Bedingungen\"><\/span>1. \u4e00\u822c\u6761\u4ef6<span class=\"ez-toc-section-end\"><\/span><\/h3>\n\n\n\n<p>1.1. <strong>\u30a6\u30a7\u30d6\u30b5\u30a4\u30c8\u306e\u5229\u7528<\/strong> \u5f53\u793e\u306e\u30a6\u30a7\u30d6\u30b5\u30a4\u30c8\u3092\u5229\u7528\u3059\u308b\u3053\u3068\u306b\u3088\u308a\u3001\u5229\u7528\u8005\u306f\u3053\u308c\u3089\u306e\u6761\u4ef6\u306b\u540c\u610f\u3057\u3001\u9069\u7528\u3055\u308c\u308b\u3059\u3079\u3066\u306e\u6cd5\u5f8b\u304a\u3088\u3073\u898f\u5236\u3092\u9075\u5b88\u3059\u308b\u3053\u3068\u3092\u7d04\u675f\u3059\u308b\u3082\u306e\u3068\u3057\u307e\u3059\u3002<\/p>\n\n\n\n<p>1.2. <strong>\u5909\u66f4\uff1a<\/strong> \u5f53\u793e\u306f\u3001\u672cGTC\u3092\u3044\u3064\u3067\u3082\u5909\u66f4\u3059\u308b\u6a29\u5229\u3092\u7559\u4fdd\u3057\u307e\u3059\u3002\u5909\u66f4\u5185\u5bb9\u306f\u3053\u306e\u30da\u30fc\u30b8\u306b\u63b2\u8f09\u3055\u308c\u3001\u76f4\u3061\u306b\u6709\u52b9\u3068\u306a\u308a\u307e\u3059\u3002\u5f53\u30a6\u30a7\u30d6\u30b5\u30a4\u30c8\u306e\u7d99\u7d9a\u7684\u306a\u3054\u5229\u7528\u306f\u3001\u5909\u66f4\u5f8c\u306e\u898f\u7d04\u306b\u540c\u610f\u3057\u305f\u3082\u306e\u3068\u307f\u306a\u3055\u308c\u307e\u3059\u3002<\/p>\n\n\n\n<h3 class=\"wp-block-heading\" id=\"h-2-bestellungen-und-zahlungen\"><span class=\"ez-toc-section\" id=\"2_Bestellungen_und_Zahlungen\"><\/span>2. \u6ce8\u6587\u3068\u652f\u6255\u3044<span class=\"ez-toc-section-end\"><\/span><\/h3>\n\n\n\n<p>2.1. <strong>\u6ce8\u6587\u306e\u6d41\u308c<\/strong> \u5f53\u30a6\u30a7\u30d6\u30b5\u30a4\u30c8\u3067\u306e\u3054\u6ce8\u6587\u306f\u3059\u3079\u3066\u62d8\u675f\u529b\u3092\u6301\u3061\u307e\u3059\u3002\u3054\u6ce8\u6587\u304c\u5b8c\u4e86\u6b21\u7b2c\u3001E\u30e1\u30fc\u30eb\u306b\u3066\u3054\u6ce8\u6587\u78ba\u8a8d\u66f8\u3092\u304a\u9001\u308a\u3044\u305f\u3057\u307e\u3059\u3002<\/p>\n\n\n\n<p>2.2. <strong>\u4fa1\u683c\u3060\uff1a<\/strong> \u5f53\u30a6\u30a7\u30d6\u30b5\u30a4\u30c8\u306b\u63b2\u8f09\u3055\u308c\u3066\u3044\u308b\u4fa1\u683c\u306f\u3001\u6d88\u8cbb\u7a0e\u8fbc\u307f\u3001\u9001\u6599\u5225\u3067\u3059\u3002\u5f53\u793e\u306f\u3044\u3064\u3067\u3082\u4fa1\u683c\u3092\u5909\u66f4\u3059\u308b\u6a29\u5229\u3092\u7559\u4fdd\u3057\u307e\u3059\u3002<\/p>\n\n\n\n<p>2.3. <strong>\u652f\u6255\u3044\u65b9\u6cd5<\/strong> \u304a\u652f\u6255\u3044\u65b9\u6cd5\u306f\u3001\u3054\u6ce8\u6587\u306e\u969b\u306b\u3054\u6307\u5b9a\u3044\u305f\u3060\u3051\u307e\u3059\u3002\u304a\u652f\u6255\u3044\u306f\u3001\u3054\u6ce8\u6587\u5546\u54c1\u306e\u767a\u9001\u524d\u306b\u304a\u6e08\u307e\u305b\u304f\u3060\u3055\u3044\u3002<\/p>\n\n\n\n<h3 class=\"wp-block-heading\" id=\"h-3-versand-und-lieferung\"><span class=\"ez-toc-section\" id=\"3_Versand_und_Lieferung\"><\/span>3. \u767a\u9001\u3068\u914d\u9054<span class=\"ez-toc-section-end\"><\/span><\/h3>\n\n\n\n<p>3.1. <strong>\u6d3e\u9063\u3059\u308b\uff1a<\/strong> \u5546\u54c1\u306f\u30c9\u30a4\u30c4\u56fd\u5185\u304a\u3088\u3073\u6d77\u5916\u306b\u767a\u9001\u3044\u305f\u3057\u307e\u3059\u3002\u9001\u6599\u3068\u7d0d\u671f\u306f\u3054\u6ce8\u6587\u306e\u969b\u306b\u8868\u793a\u3055\u308c\u307e\u3059\u3002<\/p>\n\n\n\n<p>3.2. <strong>\u914d\u9054\u6642\u9593<\/strong> \u914d\u9001\u6642\u9593\u306f\u914d\u9001\u5148\u306b\u3088\u3063\u3066\u7570\u306a\u308a\u307e\u3059\u3002\u5f53\u793e\u306f\u3001\u304a\u5ba2\u69d8\u306e\u3054\u6ce8\u6587\u3092\u53ef\u80fd\u306a\u9650\u308a\u8fc5\u901f\u306b\u767a\u9001\u3059\u308b\u3088\u3046\u52aa\u3081\u307e\u3059\u3002\u4e0d\u6e2c\u306e\u4e8b\u614b\u306b\u3088\u308b\u9045\u5ef6\u306f\u5f53\u793e\u306e\u7ba1\u7406\u7bc4\u56f2\u5916\u3068\u306a\u308a\u307e\u3059\u3002<\/p>\n\n\n\n<h3 class=\"wp-block-heading\" id=\"h-4-ruckgabe-und-ruckerstattung\"><span class=\"ez-toc-section\" id=\"4_Ruckgabe_und_Ruckerstattung\"><\/span>4. \u8fd4\u54c1\u3068\u8fd4\u91d1<span class=\"ez-toc-section-end\"><\/span><\/h3>\n\n\n\n<p>4.1. <strong>\u5e30\u56fd\u6a29\uff1a<\/strong> \u5546\u54c1\u5230\u7740\u5f8c30\u65e5\u4ee5\u5185\u3067\u3042\u308c\u3070\u3001\u8fd4\u54c1\u3059\u308b\u6a29\u5229\u304c\u3042\u308a\u307e\u3059\u3002\u5546\u54c1\u306f\u672a\u958b\u5c01\u30fb\u672a\u4f7f\u7528\u306e\u72b6\u614b\u3067\u3054\u8fd4\u54c1\u304f\u3060\u3055\u3044\u3002<\/p>\n\n\n\n<p>4.2. <strong>\u6255\u3044\u623b\u3057\uff1a<\/strong> \u8fd4\u54c1\u3055\u308c\u305f\u5546\u54c1\u3092\u53d7\u9818\u3057\u3001\u691c\u54c1\u5f8c\u30015\uff5e7\u55b6\u696d\u65e5\u4ee5\u5185\u306b\u5143\u306e\u304a\u652f\u6255\u3044\u65b9\u6cd5\u306b\u3066\u8fd4\u91d1\u3044\u305f\u3057\u307e\u3059\u3002<\/p>\n\n\n\n<h3 class=\"wp-block-heading\" id=\"h-5-haftungsausschluss\"><span class=\"ez-toc-section\" id=\"5_Haftungsausschluss\"><\/span>5. \u514d\u8cac\u4e8b\u9805<span class=\"ez-toc-section-end\"><\/span><\/h3>\n\n\n\n<p>5.1. <strong>\u30a6\u30a7\u30d6\u30b5\u30a4\u30c8\u306e\u5185\u5bb9<\/strong> \u5f53\u793e\u306f\u3001\u6b63\u78ba\u304b\u3064\u6700\u65b0\u306e\u60c5\u5831\u3092\u63d0\u4f9b\u3059\u308b\u3088\u3046\u52aa\u3081\u307e\u3059\u304c\u3001\u5f53\u30a6\u30a7\u30d6\u30b5\u30a4\u30c8\u4e0a\u306e\u30b3\u30f3\u30c6\u30f3\u30c4\u306e\u6b63\u78ba\u6027\u3001\u5b8c\u5168\u6027\u3001\u9069\u6642\u6027\u306b\u3064\u3044\u3066\u8cac\u4efb\u3092\u8ca0\u3046\u3082\u306e\u3067\u306f\u3042\u308a\u307e\u305b\u3093\u3002<\/p>\n\n\n\n<p>5.2. <strong>\u5916\u90e8\u30ea\u30f3\u30af<\/strong> \u5f53\u793e\u306e\u30a6\u30a7\u30d6\u30b5\u30a4\u30c8\u306b\u306f\u3001\u5916\u90e8\u306e\u30a6\u30a7\u30d6\u30b5\u30a4\u30c8\u3078\u306e\u30ea\u30f3\u30af\u304c\u542b\u307e\u308c\u3066\u3044\u308b\u5834\u5408\u304c\u3042\u308a\u307e\u3059\u3002\u5f53\u793e\u306f\u3001\u3053\u308c\u3089\u306e\u30a6\u30a7\u30d6\u30b5\u30a4\u30c8\u306e\u30b3\u30f3\u30c6\u30f3\u30c4\u3084\u30d7\u30e9\u30a4\u30d0\u30b7\u30fc\u6163\u884c\u306b\u3064\u3044\u3066\u8cac\u4efb\u3092\u8ca0\u3044\u307e\u305b\u3093\u3002<\/p>\n\n\n\n<h3 class=\"wp-block-heading\" id=\"h-6-datenschutz\"><span class=\"ez-toc-section\" id=\"6_Datenschutz\"><\/span>6. \u30c7\u30fc\u30bf\u4fdd\u8b77<span class=\"ez-toc-section-end\"><\/span><\/h3>\n\n\n\n<p>6.1. <strong>\u30d7\u30e9\u30a4\u30d0\u30b7\u30fc\u30dd\u30ea\u30b7\u30fc<\/strong> \u5f53\u793e\u306e\u500b\u4eba\u60c5\u5831\u4fdd\u8b77\u65b9\u91dd\u306f\u3001\u5f53\u793e\u304c\u304a\u5ba2\u69d8\u306e\u500b\u4eba\u60c5\u5831\u3092\u53ce\u96c6\u3001\u4f7f\u7528\u3001\u4fdd\u8b77\u3059\u308b\u65b9\u6cd5\u3092\u8aac\u660e\u3059\u308b\u3082\u306e\u3067\u3042\u308a\u3001\u672cGTC\u306e\u4e0d\u53ef\u6b20\u306a\u90e8\u5206\u3067\u3059\u3002<\/p>\n\n\n\n<h3 class=\"wp-block-heading\" id=\"h-7-geistiges-eigentum\"><span class=\"ez-toc-section\" id=\"7_Geistiges_Eigentum\"><\/span>7 \u77e5\u7684\u8ca1\u7523<span class=\"ez-toc-section-end\"><\/span><\/h3>\n\n\n\n<p>7.1. <strong>\u8457\u4f5c\u6a29\u306b\u3064\u3044\u3066<\/strong> \u30c6\u30ad\u30b9\u30c8\u3001\u753b\u50cf\u3001\u30b0\u30e9\u30d5\u30a3\u30c3\u30af\u3092\u542b\u3080\u5f53\u30a6\u30a7\u30d6\u30b5\u30a4\u30c8\u4e0a\u306e\u3059\u3079\u3066\u306e\u30b3\u30f3\u30c6\u30f3\u30c4\u306f\u3001\u8457\u4f5c\u6a29\u306b\u3088\u308a\u4fdd\u8b77\u3055\u308c\u3066\u3044\u307e\u3059\u3002\u5f53\u793e\u306e\u66f8\u9762\u306b\u3088\u308b\u660e\u793a\u7684\u306a\u540c\u610f\u306a\u3057\u306b\u3001\u3053\u308c\u3089\u306e\u30b3\u30f3\u30c6\u30f3\u30c4\u3092\u4f7f\u7528\u3059\u308b\u3053\u3068\u306f\u7981\u6b62\u3055\u308c\u3066\u3044\u307e\u3059\u3002<\/p>\n\n\n\n<h3 class=\"wp-block-heading\" id=\"h-8-anwendbares-recht\"><span class=\"ez-toc-section\" id=\"8_Anwendbares_Recht\"><\/span>8 \u9069\u7528\u6cd5<span class=\"ez-toc-section-end\"><\/span><\/h3>\n\n\n\n<p>8.1. <strong>\u7ba1\u8f44\u5730<\/strong> \u672cGTC\u306f\u30c9\u30a4\u30c4\u6cd5\u306b\u6e96\u62e0\u3057\u307e\u3059\u3002\u7d1b\u4e89\u304c\u751f\u3058\u305f\u5834\u5408\u3001\u5f53\u793e\u306e\u767b\u9332\u4e8b\u52d9\u6240\u3092\u7ba1\u8f44\u88c1\u5224\u6240\u3068\u3057\u307e\u3059\u3002<\/p>\n\n\n\n<h3 class=\"wp-block-heading\" id=\"h-9-kontakt\"><span class=\"ez-toc-section\" id=\"9_Kontakt\"><\/span>9.\u30b3\u30f3\u30bf\u30af\u30c8<span class=\"ez-toc-section-end\"><\/span><\/h3>\n\n\n\n<p>\u3053\u306eGTC\u306b\u3064\u3044\u3066\u3054\u8cea\u554f\u304c\u3042\u308b\u5834\u5408\u306f\u3001\u4e0b\u8a18\u307e\u3067\u3054\u9023\u7d61\u304f\u3060\u3055\u3044\u3002 <a>support@ko-tropfen-kaufen.com<\/a>.\u79c1\u305f\u3061\u306f\u5e38\u306b\u3001\u304a\u5ba2\u69d8\u306e\u61f8\u5ff5\u3092\u8fc5\u901f\u304b\u3064\u6e80\u8db3\u306e\u3044\u304f\u5f62\u3067\u89e3\u6c7a\u3059\u308b\u3088\u3046\u52aa\u3081\u3066\u3044\u307e\u3059\u3002<\/p>\n\n\n\n<p>Ko-Tropfen-Kaufen.com\u3067\u304a\u8cb7\u3044\u7269\u3044\u305f\u3060\u304d\u3042\u308a\u304c\u3068\u3046\u3054\u3056\u3044\u307e\u3059\uff01<\/p>","protected":false},"excerpt":{"rendered":"<p>Ko-Tropfen-Kaufen.com Willkommen bei Ko-Tropfen-Kaufen.com. Durch den Zugriff auf unsere Website und die Nutzung unserer Dienste stimmen Sie den folgenden Allgemeinen Gesch\u00e4ftsbedingungen (AGB) zu. Bitte lesen Sie diese sorgf\u00e4ltig durch. 1. Allgemeine Bedingungen 1.1. Nutzung der Website: Durch die Nutzung unserer Website erkl\u00e4ren Sie sich mit diesen AGB einverstanden und verpflichten sich, alle geltenden Gesetze und Vorschriften einzuhalten. 1.2. \u00c4nderungen: Wir behalten uns das Recht vor, diese AGB jederzeit zu \u00e4ndern. \u00c4nderungen werden auf dieser Seite ver\u00f6ffentlicht und treten sofort in Kraft. Ihre fortgesetzte Nutzung der Website gilt als Zustimmung zu den ge\u00e4nderten Bedingungen. 2. Bestellungen und Zahlungen 2.1. Bestellvorgang: Alle Bestellungen auf unserer Website sind verbindlich. Sie erhalten eine Bestellbest\u00e4tigung [&hellip;]<\/p>\n","protected":false},"author":2,"featured_media":0,"parent":0,"menu_order":0,"comment_status":"closed","ping_status":"closed","template":"","meta":{"footnotes":""},"class_list":["post-15725","page","type-page","status-publish","hentry"],"blocksy_meta":[],"jetpack_sharing_enabled":true,"_links":{"self":[{"href":"https:\/\/ko-tropfen-kaufen.com\/ja\/wp-json\/wp\/v2\/pages\/15725","targetHints":{"allow":["GET"]}}],"collection":[{"href":"https:\/\/ko-tropfen-kaufen.com\/ja\/wp-json\/wp\/v2\/pages"}],"about":[{"href":"https:\/\/ko-tropfen-kaufen.com\/ja\/wp-json\/wp\/v2\/types\/page"}],"author":[{"embeddable":true,"href":"https:\/\/ko-tropfen-kaufen.com\/ja\/wp-json\/wp\/v2\/users\/2"}],"replies":[{"embeddable":true,"href":"https:\/\/ko-tropfen-kaufen.com\/ja\/wp-json\/wp\/v2\/comments?post=15725"}],"version-history":[{"count":1,"href":"https:\/\/ko-tropfen-kaufen.com\/ja\/wp-json\/wp\/v2\/pages\/15725\/revisions"}],"predecessor-version":[{"id":15726,"href":"https:\/\/ko-tropfen-kaufen.com\/ja\/wp-json\/wp\/v2\/pages\/15725\/revisions\/15726"}],"wp:attachment":[{"href":"https:\/\/ko-tropfen-kaufen.com\/ja\/wp-json\/wp\/v2\/media?parent=15725"}],"curies":[{"name":"wp","href":"https:\/\/api.w.org\/{rel}","templated":true}]}}