{"id":15720,"date":"2024-11-25T20:38:37","date_gmt":"2024-11-25T20:38:37","guid":{"rendered":"https:\/\/ko-tropfen-kaufen.com\/?page_id=15720"},"modified":"2024-11-25T20:38:42","modified_gmt":"2024-11-25T20:38:42","slug":"%e3%83%97%e3%83%a9%e3%82%a4%e3%83%90%e3%82%b7%e3%83%bc%e3%83%9d%e3%83%aa%e3%82%b7%e3%83%bc","status":"publish","type":"page","link":"https:\/\/ko-tropfen-kaufen.com\/ja\/%e3%83%97%e3%83%a9%e3%82%a4%e3%83%90%e3%82%b7%e3%83%bc%e3%83%9d%e3%83%aa%e3%82%b7%e3%83%bc\/","title":{"rendered":"\u30d7\u30e9\u30a4\u30d0\u30b7\u30fc\u30dd\u30ea\u30b7\u30fc"},"content":{"rendered":"<div id=\"ez-toc-container\" class=\"ez-toc-v2_0_82_2 counter-hierarchy ez-toc-counter ez-toc-grey ez-toc-container-direction\">\n<div class=\"ez-toc-title-container\">\n<p class=\"ez-toc-title\" style=\"cursor:inherit\">\u76ee\u6b21<\/p>\n<span class=\"ez-toc-title-toggle\"><a href=\"#\" class=\"ez-toc-pull-right ez-toc-btn ez-toc-btn-xs ez-toc-btn-default ez-toc-toggle\" aria-label=\"\u30c8\u30b0\u30eb\u76ee\u6b21\"><span class=\"ez-toc-js-icon-con\"><span class=\"\"><span class=\"eztoc-hide\" style=\"display:none;\">\u30c8\u30b0\u30eb<\/span><span class=\"ez-toc-icon-toggle-span\"><svg style=\"fill: #999;color:#999\" xmlns=\"http:\/\/www.w3.org\/2000\/svg\" class=\"list-377408\" width=\"20px\" height=\"20px\" viewbox=\"0 0 24 24\" fill=\"none\"><path d=\"M6 6H4v2h2V6zm14 0H8v2h12V6zM4 11h2v2H4v-2zm16 0H8v2h12v-2zM4 16h2v2H4v-2zm16 0H8v2h12v-2z\" fill=\"currentColor\"><\/path><\/svg><svg style=\"fill: #999;color:#999\" class=\"arrow-unsorted-368013\" xmlns=\"http:\/\/www.w3.org\/2000\/svg\" width=\"10px\" height=\"10px\" viewbox=\"0 0 24 24\" version=\"1.2\" baseprofile=\"tiny\"><path d=\"M18.2 9.3l-6.2-6.3-6.2 6.3c-.2.2-.3.4-.3.7s.1.5.3.7c.2.2.4.3.7.3h11c.3 0 .5-.1.7-.3.2-.2.3-.5.3-.7s-.1-.5-.3-.7zM5.8 14.7l6.2 6.3 6.2-6.3c.2-.2.3-.5.3-.7s-.1-.5-.3-.7c-.2-.2-.4-.3-.7-.3h-11c-.3 0-.5.1-.7.3-.2.2-.3.5-.3.7s.1.5.3.7z\"\/><\/svg><\/span><\/span><\/span><\/a><\/span><\/div>\n<nav><ul class='ez-toc-list ez-toc-list-level-1' ><li class='ez-toc-page-1 ez-toc-heading-level-3'><a class=\"ez-toc-link ez-toc-heading-1\" href=\"https:\/\/ko-tropfen-kaufen.com\/ja\/%e3%83%97%e3%83%a9%e3%82%a4%e3%83%90%e3%82%b7%e3%83%bc%e3%83%9d%e3%83%aa%e3%82%b7%e3%83%bc\/#Ko-Tropfen-Kaufencom_Datenschutzrichtlinie\" >Ko-Tropfen-Kaufen.com \u30d7\u30e9\u30a4\u30d0\u30b7\u30fc\u30dd\u30ea\u30b7\u30fc<\/a><\/li><li class='ez-toc-page-1 ez-toc-heading-level-3'><a class=\"ez-toc-link ez-toc-heading-2\" href=\"https:\/\/ko-tropfen-kaufen.com\/ja\/%e3%83%97%e3%83%a9%e3%82%a4%e3%83%90%e3%82%b7%e3%83%bc%e3%83%9d%e3%83%aa%e3%82%b7%e3%83%bc\/#Erfassung_und_Verwendung_von_Daten\" >\u30c7\u30fc\u30bf\u306e\u53ce\u96c6\u3068\u4f7f\u7528<\/a><ul class='ez-toc-list-level-4' ><li class='ez-toc-heading-level-4'><a class=\"ez-toc-link ez-toc-heading-3\" href=\"https:\/\/ko-tropfen-kaufen.com\/ja\/%e3%83%97%e3%83%a9%e3%82%a4%e3%83%90%e3%82%b7%e3%83%bc%e3%83%9d%e3%83%aa%e3%82%b7%e3%83%bc\/#Personliche_Daten\" >\u500b\u4eba\u60c5\u5831<\/a><\/li><li class='ez-toc-page-1 ez-toc-heading-level-4'><a class=\"ez-toc-link ez-toc-heading-4\" href=\"https:\/\/ko-tropfen-kaufen.com\/ja\/%e3%83%97%e3%83%a9%e3%82%a4%e3%83%90%e3%82%b7%e3%83%bc%e3%83%9d%e3%83%aa%e3%82%b7%e3%83%bc\/#Automatisch_erfasste_Daten\" >\u81ea\u52d5\u7684\u306b\u8a18\u9332\u3055\u308c\u308b\u30c7\u30fc\u30bf<\/a><\/li><\/ul><\/li><li class='ez-toc-page-1 ez-toc-heading-level-3'><a class=\"ez-toc-link ez-toc-heading-5\" href=\"https:\/\/ko-tropfen-kaufen.com\/ja\/%e3%83%97%e3%83%a9%e3%82%a4%e3%83%90%e3%82%b7%e3%83%bc%e3%83%9d%e3%83%aa%e3%82%b7%e3%83%bc\/#Verwendung_von_Cookies\" >\u30af\u30c3\u30ad\u30fc\u306e\u4f7f\u7528<\/a><\/li><li class='ez-toc-page-1 ez-toc-heading-level-3'><a class=\"ez-toc-link ez-toc-heading-6\" href=\"https:\/\/ko-tropfen-kaufen.com\/ja\/%e3%83%97%e3%83%a9%e3%82%a4%e3%83%90%e3%82%b7%e3%83%bc%e3%83%9d%e3%83%aa%e3%82%b7%e3%83%bc\/#Weitergabe_von_Daten\" >\u30c7\u30fc\u30bf\u306e\u8ee2\u9001<\/a><\/li><li class='ez-toc-page-1 ez-toc-heading-level-3'><a class=\"ez-toc-link ez-toc-heading-7\" href=\"https:\/\/ko-tropfen-kaufen.com\/ja\/%e3%83%97%e3%83%a9%e3%82%a4%e3%83%90%e3%82%b7%e3%83%bc%e3%83%9d%e3%83%aa%e3%82%b7%e3%83%bc\/#Datensicherheit\" >\u30c7\u30fc\u30bf\u30fb\u30bb\u30ad\u30e5\u30ea\u30c6\u30a3<\/a><\/li><li class='ez-toc-page-1 ez-toc-heading-level-3'><a class=\"ez-toc-link ez-toc-heading-8\" href=\"https:\/\/ko-tropfen-kaufen.com\/ja\/%e3%83%97%e3%83%a9%e3%82%a4%e3%83%90%e3%82%b7%e3%83%bc%e3%83%9d%e3%83%aa%e3%82%b7%e3%83%bc\/#Ihre_Rechte\" >\u3042\u306a\u305f\u306e\u6a29\u5229<\/a><\/li><li class='ez-toc-page-1 ez-toc-heading-level-3'><a class=\"ez-toc-link ez-toc-heading-9\" href=\"https:\/\/ko-tropfen-kaufen.com\/ja\/%e3%83%97%e3%83%a9%e3%82%a4%e3%83%90%e3%82%b7%e3%83%bc%e3%83%9d%e3%83%aa%e3%82%b7%e3%83%bc\/#Anderungen_an_dieser_Datenschutzrichtlinie\" >\u30d7\u30e9\u30a4\u30d0\u30b7\u30fc\u30dd\u30ea\u30b7\u30fc\u306e\u5909\u66f4<\/a><\/li><li class='ez-toc-page-1 ez-toc-heading-level-3'><a class=\"ez-toc-link ez-toc-heading-10\" href=\"https:\/\/ko-tropfen-kaufen.com\/ja\/%e3%83%97%e3%83%a9%e3%82%a4%e3%83%90%e3%82%b7%e3%83%bc%e3%83%9d%e3%83%aa%e3%82%b7%e3%83%bc\/#Kontakt\" >\u304a\u554f\u3044\u5408\u308f\u305b<\/a><\/li><\/ul><\/nav><\/div>\n<h3 class=\"wp-block-heading\" id=\"h-ko-tropfen-kaufen-com-datenschutzrichtlinie\"><span class=\"ez-toc-section\" id=\"Ko-Tropfen-Kaufencom_Datenschutzrichtlinie\"><\/span>Ko-Tropfen-Kaufen.com \u30d7\u30e9\u30a4\u30d0\u30b7\u30fc\u30dd\u30ea\u30b7\u30fc<span class=\"ez-toc-section-end\"><\/span><\/h3>\n\n\n\n<p>\u3068 <a href=\"https:\/\/ko-tropfen-kaufen.com?v=820eb5b696ea\">co-drops.com\u3092\u8cfc\u5165\u3059\u308b<\/a> \u5f53\u793e\u306f\u3001\u304a\u5ba2\u69d8\u306e\u30d7\u30e9\u30a4\u30d0\u30b7\u30fc\u306e\u4fdd\u8b77\u3068\u500b\u4eba\u30c7\u30fc\u30bf\u306e\u30bb\u30ad\u30e5\u30ea\u30c6\u30a3\u3092\u975e\u5e38\u306b\u91cd\u8996\u3057\u3066\u3044\u307e\u3059\u3002\u3053\u306e\u30d7\u30e9\u30a4\u30d0\u30b7\u30fc\u30dd\u30ea\u30b7\u30fc\u3067\u306f\u3001\u5f53\u793e\u304c\u3069\u306e\u3088\u3046\u306a\u60c5\u5831\u3092\u53ce\u96c6\u3057\u3001\u305d\u308c\u3092\u3069\u306e\u3088\u3046\u306b\u4f7f\u7528\u3057\u3001\u304a\u5ba2\u69d8\u306e\u30c7\u30fc\u30bf\u3092\u4fdd\u8b77\u3059\u308b\u305f\u3081\u306b\u3069\u306e\u3088\u3046\u306a\u63aa\u7f6e\u3092\u8b1b\u3058\u3066\u3044\u308b\u304b\u306b\u3064\u3044\u3066\u8aac\u660e\u3057\u307e\u3059\u3002<\/p>\n\n\n\n<h3 class=\"wp-block-heading\" id=\"h-erfassung-und-verwendung-von-daten\"><span class=\"ez-toc-section\" id=\"Erfassung_und_Verwendung_von_Daten\"><\/span>\u30c7\u30fc\u30bf\u306e\u53ce\u96c6\u3068\u4f7f\u7528<span class=\"ez-toc-section-end\"><\/span><\/h3>\n\n\n\n<h4 class=\"wp-block-heading\" id=\"h-personliche-daten\"><span class=\"ez-toc-section\" id=\"Personliche_Daten\"><\/span>\u500b\u4eba\u60c5\u5831<span class=\"ez-toc-section-end\"><\/span><\/h4>\n\n\n\n<p>\u5f53\u793e\u306f\u3001\u304a\u5ba2\u69d8\u304c\u5f53\u793e\u306e\u30a6\u30a7\u30d6\u30b5\u30a4\u30c8\u3092\u5229\u7528\u3059\u308b\u969b\u306b\u3001\u81ea\u767a\u7684\u306b\u63d0\u4f9b\u3055\u308c\u305f\u4ee5\u4e0b\u306e\u3088\u3046\u306a\u500b\u4eba\u30c7\u30fc\u30bf\u3092\u53ce\u96c6\u3057\u307e\u3059\u3002<\/p>\n\n\n\n<ul class=\"wp-block-list\">\n<li>\u540d\u79f0<\/li>\n\n\n\n<li>\u4f4f\u6240<\/li>\n\n\n\n<li>E\u30e1\u30fc\u30eb\u30a2\u30c9\u30ec\u30b9<\/li>\n\n\n\n<li>\u96fb\u8a71\u756a\u53f7<\/li>\n\n\n\n<li>\u304a\u652f\u6255\u3044\u306b\u3064\u3044\u3066<\/li>\n<\/ul>\n\n\n\n<p>\u3053\u308c\u3089\u306e\u60c5\u5831\u306f\u3001\u3054\u6ce8\u6587\u306e\u51e6\u7406\u3001\u30ab\u30b9\u30bf\u30de\u30fc\u30b5\u30dd\u30fc\u30c8\u306e\u63d0\u4f9b\u3001\u95a2\u9023\u60c5\u5831\u3084\u30aa\u30d5\u30a1\u30fc\u306e\u9001\u4ed8\u306e\u305f\u3081\u306b\u4f7f\u7528\u3055\u308c\u307e\u3059\u3002<\/p>\n\n\n\n<h4 class=\"wp-block-heading\" id=\"h-automatisch-erfasste-daten\"><span class=\"ez-toc-section\" id=\"Automatisch_erfasste_Daten\"><\/span>\u81ea\u52d5\u7684\u306b\u8a18\u9332\u3055\u308c\u308b\u30c7\u30fc\u30bf<span class=\"ez-toc-section-end\"><\/span><\/h4>\n\n\n\n<p>\u304a\u5ba2\u69d8\u304c\u5f53\u793e\u30a6\u30a7\u30d6\u30b5\u30a4\u30c8\u3092\u8a2a\u554f\u3055\u308c\u308b\u3068\u3001\u5f53\u793e\u306f\u81ea\u52d5\u7684\u306b\u304a\u5ba2\u69d8\u306e\u30c7\u30d0\u30a4\u30b9\u304a\u3088\u3073\u5f53\u793e\u30a6\u30a7\u30d6\u30b5\u30a4\u30c8\u306e\u4f7f\u7528\u306b\u95a2\u3059\u308b\u7279\u5b9a\u306e\u60c5\u5831\u3092\u53ce\u96c6\u3057\u307e\u3059\uff1a<\/p>\n\n\n\n<ul class=\"wp-block-list\">\n<li>IP\u30a2\u30c9\u30ec\u30b9<\/li>\n\n\n\n<li>\u30d6\u30e9\u30a6\u30b6\u306e\u7a2e\u985e\u3068\u30d0\u30fc\u30b8\u30e7\u30f3<\/li>\n\n\n\n<li>\u53c2\u8003URL<\/li>\n\n\n\n<li>\u30a2\u30af\u30bb\u30b9\u65e5\u6642<\/li>\n\n\n\n<li>\u8a2a\u554f\u3057\u305f\u30da\u30fc\u30b8\u3068\u30af\u30ea\u30c3\u30af\u3057\u305f\u30ea\u30f3\u30af<\/li>\n<\/ul>\n\n\n\n<p>\u3053\u306e\u60c5\u5831\u306f\u3001\u30a6\u30a7\u30d6\u30b5\u30a4\u30c8\u306e\u6539\u5584\u3068\u30e6\u30fc\u30b6\u30fc\u30a8\u30af\u30b9\u30da\u30ea\u30a8\u30f3\u30b9\u306e\u6700\u9069\u5316\u306b\u5f79\u7acb\u3061\u307e\u3059\u3002<\/p>\n\n\n\n<h3 class=\"wp-block-heading\" id=\"h-verwendung-von-cookies\"><span class=\"ez-toc-section\" id=\"Verwendung_von_Cookies\"><\/span>\u30af\u30c3\u30ad\u30fc\u306e\u4f7f\u7528<span class=\"ez-toc-section-end\"><\/span><\/h3>\n\n\n\n<p>\u5f53\u793e\u306e\u30a6\u30a7\u30d6\u30b5\u30a4\u30c8\u3067\u306f\u3001\u30e6\u30fc\u30b6\u30fc\u30a8\u30af\u30b9\u30da\u30ea\u30a8\u30f3\u30b9\u3092\u5411\u4e0a\u3055\u305b\u3001\u7279\u5b9a\u306e\u6a5f\u80fd\u3092\u63d0\u4f9b\u3059\u308b\u305f\u3081\u306b\u30af\u30c3\u30ad\u30fc\u3092\u4f7f\u7528\u3057\u3066\u3044\u307e\u3059\u3002\u30af\u30c3\u30ad\u30fc\u306f\u3001\u304a\u5ba2\u69d8\u306e\u30c7\u30d0\u30a4\u30b9\u306b\u4fdd\u5b58\u3055\u308c\u308b\u5c0f\u3055\u306a\u30c6\u30ad\u30b9\u30c8\u30d5\u30a1\u30a4\u30eb\u3067\u3059\u3002\u30d6\u30e9\u30a6\u30b6\u306e\u8a2d\u5b9a\u3067\u30af\u30c3\u30ad\u30fc\u306e\u4f7f\u7528\u3092\u7121\u52b9\u306b\u3059\u308b\u3053\u3068\u304c\u3067\u304d\u307e\u3059\u304c\u3001\u5f53\u793e\u30a6\u30a7\u30d6\u30b5\u30a4\u30c8\u306e\u6a5f\u80fd\u306b\u5f71\u97ff\u3092\u4e0e\u3048\u308b\u53ef\u80fd\u6027\u304c\u3042\u308a\u307e\u3059\u3002<\/p>\n\n\n\n<h3 class=\"wp-block-heading\" id=\"h-weitergabe-von-daten\"><span class=\"ez-toc-section\" id=\"Weitergabe_von_Daten\"><\/span>\u30c7\u30fc\u30bf\u306e\u8ee2\u9001<span class=\"ez-toc-section-end\"><\/span><\/h3>\n\n\n\n<p>\u4ee5\u4e0b\u306e\u5834\u5408\u3092\u9664\u304d\u3001\u304a\u5ba2\u69d8\u306e\u500b\u4eba\u60c5\u5831\u3092\u7b2c\u4e09\u8005\u306b\u63d0\u4f9b\u3059\u308b\u3053\u3068\u306f\u3042\u308a\u307e\u305b\u3093\uff1a<\/p>\n\n\n\n<ul class=\"wp-block-list\">\n<li><strong>\u30b5\u30fc\u30d3\u30b9\u30d7\u30ed\u30d0\u30a4\u30c0\u30fc\uff1a<\/strong> \u5f53\u793e\u306f\u3001\u652f\u6255\u51e6\u7406\u3084\u767a\u9001\u306a\u3069\u306e\u7279\u5b9a\u306e\u696d\u52d9\u3092\u5f53\u793e\u306b\u4ee3\u308f\u3063\u3066\u884c\u3046\u4fe1\u983c\u3067\u304d\u308b\u30b5\u30fc\u30d3\u30b9\u30d7\u30ed\u30d0\u30a4\u30c0\u30fc\u3068\u9023\u643a\u3057\u3066\u3044\u307e\u3059\u3002\u3053\u308c\u3089\u306e\u30b5\u30fc\u30d3\u30b9\u30d7\u30ed\u30d0\u30a4\u30c0\u30fc\u306f\u3001\u696d\u52d9\u3092\u9042\u884c\u3059\u308b\u305f\u3081\u306b\u5fc5\u8981\u306a\u60c5\u5831\u306e\u307f\u306b\u30a2\u30af\u30bb\u30b9\u3059\u308b\u3053\u3068\u304c\u3067\u304d\u3001\u304a\u5ba2\u69d8\u306e\u30c7\u30fc\u30bf\u3092\u4fdd\u8b77\u3059\u308b\u5951\u7d04\u4e0a\u306e\u7fa9\u52d9\u3092\u8ca0\u3063\u3066\u3044\u307e\u3059\u3002<\/li>\n\n\n\n<li><strong>\u6cd5\u7684\u8981\u4ef6\uff1a<\/strong> \u5f53\u793e\u306f\u3001\u6cd5\u5f8b\u306b\u3088\u3063\u3066\u8981\u6c42\u3055\u308c\u305f\u5834\u5408\u3001\u307e\u305f\u306f\u5f53\u793e\u306e\u6a29\u5229\u3092\u4fdd\u8b77\u3059\u308b\u305f\u3081\u306b\u3001\u304a\u5ba2\u69d8\u306e\u60c5\u5831\u3092\u958b\u793a\u3059\u308b\u3053\u3068\u304c\u3042\u308a\u307e\u3059\u3002<\/li>\n<\/ul>\n\n\n\n<h3 class=\"wp-block-heading\" id=\"h-datensicherheit\"><span class=\"ez-toc-section\" id=\"Datensicherheit\"><\/span>\u30c7\u30fc\u30bf\u30fb\u30bb\u30ad\u30e5\u30ea\u30c6\u30a3<span class=\"ez-toc-section-end\"><\/span><\/h3>\n\n\n\n<p>\u5f53\u793e\u306f\u3001\u304a\u5ba2\u69d8\u306e\u500b\u4eba\u30c7\u30fc\u30bf\u3092\u4e0d\u6b63\u30a2\u30af\u30bb\u30b9\u3001\u7d1b\u5931\u307e\u305f\u306f\u8aa4\u7528\u304b\u3089\u4fdd\u8b77\u3059\u308b\u305f\u3081\u306b\u3001\u9069\u5207\u306a\u6280\u8853\u7684\u304a\u3088\u3073\u7d44\u7e54\u7684\u624b\u6bb5\u3092\u4f7f\u7528\u3057\u307e\u3059\u3002\u3053\u308c\u306b\u306f\u3001\u6a5f\u5bc6\u60c5\u5831\u306e\u6697\u53f7\u5316\u3084\u5b9a\u671f\u7684\u306a\u30bb\u30ad\u30e5\u30ea\u30c6\u30a3\u30c1\u30a7\u30c3\u30af\u304c\u542b\u307e\u308c\u307e\u3059\u3002<\/p>\n\n\n\n<h3 class=\"wp-block-heading\" id=\"h-ihre-rechte\"><span class=\"ez-toc-section\" id=\"Ihre_Rechte\"><\/span>\u3042\u306a\u305f\u306e\u6a29\u5229<span class=\"ez-toc-section-end\"><\/span><\/h3>\n\n\n\n<p>\u304a\u5ba2\u69d8\u306f\u3001\u5f53\u793e\u304c\u4fdd\u7ba1\u3059\u308b\u500b\u4eba\u30c7\u30fc\u30bf\u306b\u95a2\u3059\u308b\u60c5\u5831\u3092\u3044\u3064\u3067\u3082\u53d7\u3051\u53d6\u308a\u3001\u305d\u306e\u8a02\u6b63\u307e\u305f\u306f\u524a\u9664\u3092\u8981\u6c42\u3057\u3001\u304a\u5ba2\u69d8\u306e\u30c7\u30fc\u30bf\u306e\u51e6\u7406\u306b\u7570\u8b70\u3092\u5531\u3048\u308b\u6a29\u5229\u3092\u6709\u3057\u307e\u3059\u3002\u305d\u306e\u305f\u3081\u306b\u306f\u3001\u4e0b\u8a18\u307e\u3067\u3054\u9023\u7d61\u304f\u3060\u3055\u3044\u3002 <a>support@ko-tropfen-kaufen.com<\/a>.<\/p>\n\n\n\n<h3 class=\"wp-block-heading\" id=\"h-anderungen-an-dieser-datenschutzrichtlinie\"><span class=\"ez-toc-section\" id=\"Anderungen_an_dieser_Datenschutzrichtlinie\"><\/span>\u30d7\u30e9\u30a4\u30d0\u30b7\u30fc\u30dd\u30ea\u30b7\u30fc\u306e\u5909\u66f4<span class=\"ez-toc-section-end\"><\/span><\/h3>\n\n\n\n<p>\u5f53\u793e\u306f\u3001\u672c\u30d7\u30e9\u30a4\u30d0\u30b7\u30fc\u30dd\u30ea\u30b7\u30fc\u3092\u968f\u6642\u66f4\u65b0\u3059\u308b\u6a29\u5229\u3092\u7559\u4fdd\u3057\u307e\u3059\u3002\u5909\u66f4\u306f\u3053\u306e\u30da\u30fc\u30b8\u306b\u63b2\u8f09\u3055\u308c\u3001\u76f4\u3061\u306b\u6709\u52b9\u3068\u306a\u308a\u307e\u3059\u3002\u672c\u30dd\u30ea\u30b7\u30fc\u3092\u5b9a\u671f\u7684\u306b\u78ba\u8a8d\u3059\u308b\u3053\u3068\u3092\u304a\u52e7\u3081\u3057\u307e\u3059\u3002<\/p>\n\n\n\n<h3 class=\"wp-block-heading\" id=\"h-kontakt\"><span class=\"ez-toc-section\" id=\"Kontakt\"><\/span>\u304a\u554f\u3044\u5408\u308f\u305b<span class=\"ez-toc-section-end\"><\/span><\/h3>\n\n\n\n<p>\u5f53\u793e\u306e\u500b\u4eba\u60c5\u5831\u4fdd\u8b77\u65b9\u91dd\u306b\u3064\u3044\u3066\u3054\u8cea\u554f\u3084\u3054\u4e0d\u660e\u306a\u70b9\u304c\u3054\u3056\u3044\u307e\u3057\u305f\u3089\u3001\u4e0b\u8a18\u307e\u3067\u3054\u9023\u7d61\u304f\u3060\u3055\u3044\u3002 <a>support@ko-tropfen-kaufen.com<\/a>.\u79c1\u305f\u3061\u306f\u5e38\u306b\u3001\u304a\u5ba2\u69d8\u306e\u61f8\u5ff5\u3092\u8fc5\u901f\u304b\u3064\u6e80\u8db3\u306e\u3044\u304f\u5f62\u3067\u89e3\u6c7a\u3059\u308b\u3088\u3046\u52aa\u3081\u3066\u3044\u307e\u3059\u3002<\/p>\n\n\n\n<p>Ko-Tropfen-Kaufen.com\u3092\u4fe1\u983c\u3057\u3066\u3044\u305f\u3060\u304d\u3042\u308a\u304c\u3068\u3046\u3054\u3056\u3044\u307e\u3059\uff01<\/p>","protected":false},"excerpt":{"rendered":"<p>Ko-Tropfen-Kaufen.com Datenschutzrichtlinie Bei Ko-Tropfen-Kaufen.com legen wir gro\u00dfen Wert auf den Schutz Ihrer Privatsph\u00e4re und die Sicherheit Ihrer pers\u00f6nlichen Daten. Diese Datenschutzrichtlinie erkl\u00e4rt, welche Informationen wir sammeln, wie wir sie verwenden und welche Ma\u00dfnahmen wir ergreifen, um Ihre Daten zu sch\u00fctzen. Erfassung und Verwendung von Daten Pers\u00f6nliche Daten Wir erfassen pers\u00f6nliche Daten, die Sie uns freiwillig zur Verf\u00fcgung stellen, wenn Sie unsere Website nutzen, wie zum Beispiel: Diese Informationen werden verwendet, um Ihre Bestellungen zu bearbeiten, Kundensupport zu leisten und Ihnen relevante Informationen und Angebote zuzusenden. Automatisch erfasste Daten Wenn Sie unsere Website besuchen, erfassen wir automatisch bestimmte Informationen \u00fcber Ihr Ger\u00e4t und Ihre Nutzung unserer Website, einschlie\u00dflich: Diese Informationen helfen [&hellip;]<\/p>\n","protected":false},"author":2,"featured_media":0,"parent":0,"menu_order":0,"comment_status":"closed","ping_status":"closed","template":"","meta":{"footnotes":""},"class_list":["post-15720","page","type-page","status-publish","hentry"],"blocksy_meta":[],"jetpack_sharing_enabled":true,"_links":{"self":[{"href":"https:\/\/ko-tropfen-kaufen.com\/ja\/wp-json\/wp\/v2\/pages\/15720","targetHints":{"allow":["GET"]}}],"collection":[{"href":"https:\/\/ko-tropfen-kaufen.com\/ja\/wp-json\/wp\/v2\/pages"}],"about":[{"href":"https:\/\/ko-tropfen-kaufen.com\/ja\/wp-json\/wp\/v2\/types\/page"}],"author":[{"embeddable":true,"href":"https:\/\/ko-tropfen-kaufen.com\/ja\/wp-json\/wp\/v2\/users\/2"}],"replies":[{"embeddable":true,"href":"https:\/\/ko-tropfen-kaufen.com\/ja\/wp-json\/wp\/v2\/comments?post=15720"}],"version-history":[{"count":1,"href":"https:\/\/ko-tropfen-kaufen.com\/ja\/wp-json\/wp\/v2\/pages\/15720\/revisions"}],"predecessor-version":[{"id":15721,"href":"https:\/\/ko-tropfen-kaufen.com\/ja\/wp-json\/wp\/v2\/pages\/15720\/revisions\/15721"}],"wp:attachment":[{"href":"https:\/\/ko-tropfen-kaufen.com\/ja\/wp-json\/wp\/v2\/media?parent=15720"}],"curies":[{"name":"wp","href":"https:\/\/api.w.org\/{rel}","templated":true}]}}