{"id":15717,"date":"2024-11-25T21:29:54","date_gmt":"2024-11-25T20:29:54","guid":{"rendered":"https:\/\/ko-tropfen-kaufen.com\/?page_id=15717"},"modified":"2025-11-24T16:12:52","modified_gmt":"2025-11-24T15:12:52","slug":"gbl%e3%81%a8ghb%e3%81%ab%e9%96%a2%e3%81%99%e3%82%8bfaq","status":"publish","type":"page","link":"https:\/\/ko-tropfen-kaufen.com\/ja\/gbl%e3%81%a8ghb%e3%81%ab%e9%96%a2%e3%81%99%e3%82%8bfaq\/","title":{"rendered":"\u3088\u304f\u3042\u308b\u3054\u8cea\u554f"},"content":{"rendered":"<div id=\"ez-toc-container\" class=\"ez-toc-v2_0_82_2 counter-hierarchy ez-toc-counter ez-toc-grey ez-toc-container-direction\">\n<div class=\"ez-toc-title-container\">\n<p class=\"ez-toc-title\" style=\"cursor:inherit\">\u76ee\u6b21<\/p>\n<span class=\"ez-toc-title-toggle\"><a href=\"#\" class=\"ez-toc-pull-right ez-toc-btn ez-toc-btn-xs ez-toc-btn-default ez-toc-toggle\" aria-label=\"\u30c8\u30b0\u30eb\u76ee\u6b21\"><span class=\"ez-toc-js-icon-con\"><span class=\"\"><span class=\"eztoc-hide\" style=\"display:none;\">\u30c8\u30b0\u30eb<\/span><span class=\"ez-toc-icon-toggle-span\"><svg style=\"fill: #999;color:#999\" xmlns=\"http:\/\/www.w3.org\/2000\/svg\" class=\"list-377408\" width=\"20px\" height=\"20px\" viewbox=\"0 0 24 24\" fill=\"none\"><path d=\"M6 6H4v2h2V6zm14 0H8v2h12V6zM4 11h2v2H4v-2zm16 0H8v2h12v-2zM4 16h2v2H4v-2zm16 0H8v2h12v-2z\" fill=\"currentColor\"><\/path><\/svg><svg style=\"fill: #999;color:#999\" class=\"arrow-unsorted-368013\" xmlns=\"http:\/\/www.w3.org\/2000\/svg\" width=\"10px\" height=\"10px\" viewbox=\"0 0 24 24\" version=\"1.2\" baseprofile=\"tiny\"><path d=\"M18.2 9.3l-6.2-6.3-6.2 6.3c-.2.2-.3.4-.3.7s.1.5.3.7c.2.2.4.3.7.3h11c.3 0 .5-.1.7-.3.2-.2.3-.5.3-.7s-.1-.5-.3-.7zM5.8 14.7l6.2 6.3 6.2-6.3c.2-.2.3-.5.3-.7s-.1-.5-.3-.7c-.2-.2-.4-.3-.7-.3h-11c-.3 0-.5.1-.7.3-.2.2-.3.5-.3.7s.1.5.3.7z\"\/><\/svg><\/span><\/span><\/span><\/a><\/span><\/div>\n<nav><ul class='ez-toc-list ez-toc-list-level-1' ><li class='ez-toc-page-1 ez-toc-heading-level-1'><a class=\"ez-toc-link ez-toc-heading-1\" href=\"https:\/\/ko-tropfen-kaufen.com\/ja\/gbl%e3%81%a8ghb%e3%81%ab%e9%96%a2%e3%81%99%e3%82%8bfaq\/#FAQs_zu_GBL_und_GHB\" >GBL\u3068GHB\u306b\u95a2\u3059\u308bFAQ<\/a><ul class='ez-toc-list-level-3' ><li class='ez-toc-heading-level-3'><ul class='ez-toc-list-level-3' ><li class='ez-toc-heading-level-3'><a class=\"ez-toc-link ez-toc-heading-2\" href=\"https:\/\/ko-tropfen-kaufen.com\/ja\/gbl%e3%81%a8ghb%e3%81%ab%e9%96%a2%e3%81%99%e3%82%8bfaq\/#Was_sind_GBL_und_GHB\" >GBL\u3068GHB\u3068\u306f\u4f55\u304b\uff1f<\/a><\/li><li class='ez-toc-page-1 ez-toc-heading-level-3'><a class=\"ez-toc-link ez-toc-heading-3\" href=\"https:\/\/ko-tropfen-kaufen.com\/ja\/gbl%e3%81%a8ghb%e3%81%ab%e9%96%a2%e3%81%99%e3%82%8bfaq\/#Wie_werden_GBL_und_GHB_konsumiert\" >GBL\u3068GHB\u306f\u3069\u306e\u3088\u3046\u306b\u6d88\u8cbb\u3055\u308c\u308b\u306e\u304b\uff1f<\/a><\/li><li class='ez-toc-page-1 ez-toc-heading-level-3'><a class=\"ez-toc-link ez-toc-heading-4\" href=\"https:\/\/ko-tropfen-kaufen.com\/ja\/gbl%e3%81%a8ghb%e3%81%ab%e9%96%a2%e3%81%99%e3%82%8bfaq\/#Welche_Wirkungen_haben_GBL_und_GHB\" >GBL\u3068GHB\u306e\u5f71\u97ff\u3068\u306f\uff1f<\/a><\/li><li class='ez-toc-page-1 ez-toc-heading-level-3'><a class=\"ez-toc-link ez-toc-heading-5\" href=\"https:\/\/ko-tropfen-kaufen.com\/ja\/gbl%e3%81%a8ghb%e3%81%ab%e9%96%a2%e3%81%99%e3%82%8bfaq\/#Was_sind_die_Risiken_und_Nebenwirkungen\" >\u30ea\u30b9\u30af\u3068\u526f\u4f5c\u7528\u306f\uff1f<\/a><\/li><li class='ez-toc-page-1 ez-toc-heading-level-3'><a class=\"ez-toc-link ez-toc-heading-6\" href=\"https:\/\/ko-tropfen-kaufen.com\/ja\/gbl%e3%81%a8ghb%e3%81%ab%e9%96%a2%e3%81%99%e3%82%8bfaq\/#Warum_werden_GBL_und_GHB_manchmal_als_%E2%80%9EK-o-Tropfen%E2%80%9C_bezeichnet\" >GBL\u3084GHB\u304c\u300c\u30ce\u30c3\u30af\u30a2\u30a6\u30c8\u30fb\u30c9\u30ed\u30c3\u30d7\u300d\u3068\u547c\u3070\u308c\u308b\u3053\u3068\u304c\u3042\u308b\u306e\u306f\u306a\u305c\u304b\uff1f<\/a><\/li><li class='ez-toc-page-1 ez-toc-heading-level-3'><a class=\"ez-toc-link ez-toc-heading-7\" href=\"https:\/\/ko-tropfen-kaufen.com\/ja\/gbl%e3%81%a8ghb%e3%81%ab%e9%96%a2%e3%81%99%e3%82%8bfaq\/#Wie_kann_man_das_Risiko_bei_der_Verwendung_von_GBL_oder_GHB_minimieren\" >GBL\u3084GHB\u3092\u4f7f\u7528\u3059\u308b\u969b\u3001\u3069\u306e\u3088\u3046\u306b\u3059\u308c\u3070\u30ea\u30b9\u30af\u3092\u6700\u5c0f\u9650\u306b\u6291\u3048\u3089\u308c\u308b\u304b\uff1f<\/a><\/li><li class='ez-toc-page-1 ez-toc-heading-level-3'><a class=\"ez-toc-link ez-toc-heading-8\" href=\"https:\/\/ko-tropfen-kaufen.com\/ja\/gbl%e3%81%a8ghb%e3%81%ab%e9%96%a2%e3%81%99%e3%82%8bfaq\/#Was_sollte_man_im_Falle_einer_Uberdosierung_tun\" >\u904e\u5270\u6442\u53d6\u306e\u5834\u5408\u306f\u3069\u3046\u3059\u308c\u3070\u3088\u3044\u3067\u3059\u304b\uff1f<\/a><\/li><\/ul><\/li><\/ul><\/li><\/ul><\/nav><\/div>\n<h1 class=\"wp-block-heading\" id=\"h-faqs-zu-gbl-und-ghb\"><span class=\"ez-toc-section\" id=\"FAQs_zu_GBL_und_GHB\"><\/span>GBL\u3068GHB\u306b\u95a2\u3059\u308bFAQ<span class=\"ez-toc-section-end\"><\/span><\/h1>\n\n\n\n<p>\u3088\u304f\u3042\u308b\u8cea\u554f<a href=\"https:\/\/ko-tropfen-kaufen.com\/product\/gbl-kaufen-legal\/\" data-type=\"product\" data-id=\"15632\"> \u30ae\u30ac\u30d0\u30a4\u30c8<\/a>- \u305d\u3057\u3066 <a href=\"https:\/\/ko-tropfen-kaufen.com\/product\/ghb-kaufen\/\" data-type=\"product\" data-id=\"15622\">GHB<\/a>-\u88fd\u54c1\u3068\u30b5\u30fc\u30d3\u30b9<\/p>\n\n\n\n<h3 class=\"wp-block-heading\" id=\"h-was-sind-gbl-und-ghb\"><span class=\"ez-toc-section\" id=\"Was_sind_GBL_und_GHB\"><\/span><strong>GBL\u3068GHB\u3068\u306f\u4f55\u304b\uff1f<\/strong><span class=\"ez-toc-section-end\"><\/span><\/h3>\n\n\n\n<p>GBL\uff08\u03b3-\u30d6\u30c1\u30ed\u30e9\u30af\u30c8\u30f3\uff09\u3068GHB\uff08\u03b3-\u30d2\u30c9\u30ed\u30ad\u30b7\u916a\u9178\uff09\u306f\u5316\u5b66\u7684\u306b\u985e\u4f3c\u3057\u305f\u7269\u8cea\u3067\u3042\u308b\u3002GBL\u306fGHB\u306e\u524d\u99c6\u4f53\u3067\u3042\u308a\u3001\u4f53\u5185\u3067GHB\u306b\u5909\u63db\u3055\u308c\u308b\u3002\u3069\u3061\u3089\u3082\u4e2d\u67a2\u795e\u7d4c\u6291\u5236\u5264\u3067\u3001\u93ae\u9759\u4f5c\u7528\u3068\u9676\u9154\u4f5c\u7528\u304c\u3042\u308b (<a href=\"https:\/\/www.alcoholanddrugsaction.org.uk\/a-to-z\/ghb-gbl\" target=\"_blank\" rel=\"noreferrer noopener\">\u30a2\u30eb\u30b3\u30fc\u30eb\u3068\u85ac\u7269\u5bfe\u7b56<\/a>).<\/p>\n\n\n\n<h3 class=\"wp-block-heading\" id=\"h-wie-werden-gbl-und-ghb-konsumiert\"><span class=\"ez-toc-section\" id=\"Wie_werden_GBL_und_GHB_konsumiert\"><\/span><strong>GBL\u3068GHB\u306f\u3069\u306e\u3088\u3046\u306b\u6d88\u8cbb\u3055\u308c\u308b\u306e\u304b\uff1f<\/strong><span class=\"ez-toc-section-end\"><\/span><\/h3>\n\n\n\n<p>\u3069\u3061\u3089\u306e\u7269\u8cea\u3082\u901a\u5e38\u306f\u7d4c\u53e3\u6442\u53d6\u3055\u308c\u308b\u3002GHB\u306f\u591a\u304f\u306e\u5834\u5408\u3001\u7121\u5473\u7121\u81ed\u306e\u900f\u660e\u306a\u6db2\u4f53\u3067\u5165\u624b\u3067\u304d\u308b\u3002GBL\u306f\u5316\u5b66\u7684\u306a\u98a8\u5473\u304c\u5f37\u3044\u305f\u3081\u3001\u901a\u5e38\u306f\u30b8\u30e5\u30fc\u30b9\u3084\u4ed6\u306e\u6db2\u4f53\u3067\u5e0c\u91c8\u3055\u308c\u308b\u3002<\/p>\n\n\n\n<h3 class=\"wp-block-heading\" id=\"h-welche-wirkungen-haben-gbl-und-ghb\"><span class=\"ez-toc-section\" id=\"Welche_Wirkungen_haben_GBL_und_GHB\"><\/span><strong>GBL\u3068GHB\u306e\u5f71\u97ff\u3068\u306f\uff1f<\/strong><span class=\"ez-toc-section-end\"><\/span><\/h3>\n\n\n\n<p>\u591a\u5e78\u611f\u3001\u6291\u5236\u529b\u306e\u4f4e\u4e0b\u3001\u7720\u6c17\u306a\u3069\u306e\u4f5c\u7528\u304c\u3042\u308b\u3002\u9ad8\u7528\u91cf\u3067\u306f\u932f\u4e71\u3001\u610f\u8b58\u969c\u5bb3\u3001\u547c\u5438\u6291\u5236\u3092\u5f15\u304d\u8d77\u3053\u3059\u3053\u3068\u3082\u3042\u308b\u3002\u52b9\u679c\u306f10\uff5e60\u5206\u4ee5\u5185\u306b\u73fe\u308c\u3001\u6700\u59277\u6642\u9593\u6301\u7d9a\u3059\u308b(<a href=\"https:\/\/www.drugfacts.org.uk\/index.php?title=GBL_\/_GHB\" target=\"_blank\" rel=\"noreferrer noopener\">\u533b\u85ac\u54c1\u60c5\u5831<\/a>) (<a href=\"https:\/\/www.cads.org.nz\/reducing-harm\/drugs\/ghb-gbl-and-14b-g-gbh-one4b-liquid-ecstasy-fantasy\/\" target=\"_blank\" rel=\"noreferrer noopener\">CADS\u30aa\u30fc\u30af\u30e9\u30f3\u30c9<\/a>).<\/p>\n\n\n\n<h3 class=\"wp-block-heading\" id=\"h-was-sind-die-risiken-und-nebenwirkungen\"><span class=\"ez-toc-section\" id=\"Was_sind_die_Risiken_und_Nebenwirkungen\"><\/span><strong>\u30ea\u30b9\u30af\u3068\u526f\u4f5c\u7528\u306f\uff1f<\/strong><span class=\"ez-toc-section-end\"><\/span><\/h3>\n\n\n\n<p>\u77ed\u671f\u7684\u306a\u5f71\u97ff\u3068\u3057\u3066\u306f\u3001\u5410\u304d\u6c17\u3001\u5614\u5410\u3001\u8a18\u61b6\u55aa\u5931\u3001\u5fc3\u62cd\u6570\u306e\u4f4e\u4e0b\u306a\u3069\u304c\u3042\u308b\u3002\u904e\u5270\u6442\u53d6\u306e\u30ea\u30b9\u30af\u306f\u5927\u304d\u304f\u3001\u7279\u306b\u30a2\u30eb\u30b3\u30fc\u30eb\u3084\u4ed6\u306e\u6291\u3046\u3064\u5264\u3068\u6df7\u5408\u3057\u305f\u5834\u5408\u3001\u660f\u7761\u3084\u6b7b\u306b\u81f3\u308b\u53ef\u80fd\u6027\u304c\u3042\u308b\u3002\u9577\u671f\u7684\u306a\u4f7f\u7528\u306f\u3001\u4f9d\u5b58\u6027\u3001\u7981\u65ad\u75c7\u72b6\u3001\u6df1\u523b\u306a\u5065\u5eb7\u554f\u984c\u306b\u3064\u306a\u304c\u308b\u53ef\u80fd\u6027\u304c\u3042\u308b\u3002<\/p>\n\n\n\n<h3 class=\"wp-block-heading\" id=\"h-warum-werden-gbl-und-ghb-manchmal-als-k-o-tropfen-bezeichnet\"><span class=\"ez-toc-section\" id=\"Warum_werden_GBL_und_GHB_manchmal_als_%E2%80%9EK-o-Tropfen%E2%80%9C_bezeichnet\"><\/span><strong>GBL\u3084GHB\u304c\u300c\u30ce\u30c3\u30af\u30a2\u30a6\u30c8\u30fb\u30c9\u30ed\u30c3\u30d7\u300d\u3068\u547c\u3070\u308c\u308b\u3053\u3068\u304c\u3042\u308b\u306e\u306f\u306a\u305c\u304b\uff1f<\/strong><span class=\"ez-toc-section-end\"><\/span><\/h3>\n\n\n\n<p>GBL\u3068GHB\u306f\u93ae\u9759\u4f5c\u7528\u304c\u3042\u308a\u3001\u7121\u8272\u7121\u5473\u3067\u3042\u308b\u3053\u3068\u304c\u591a\u3044\u305f\u3081\u3001\u88ab\u5bb3\u8005\u304c\u77e5\u3089\u306a\u3044\u3046\u3061\u306b\u93ae\u9759\u5264\u3092\u6295\u4e0e\u3057\u3001\u6027\u72af\u7f6a\u3092\u52a9\u9577\u3059\u308b\u305f\u3081\u306b\u4f7f\u7528\u3055\u308c\u3066\u304d\u305f\u3002<\/p>\n\n\n\n<h3 class=\"wp-block-heading\" id=\"h-wie-kann-man-das-risiko-bei-der-verwendung-von-gbl-oder-ghb-minimieren\"><span class=\"ez-toc-section\" id=\"Wie_kann_man_das_Risiko_bei_der_Verwendung_von_GBL_oder_GHB_minimieren\"><\/span><strong>GBL\u3084GHB\u3092\u4f7f\u7528\u3059\u308b\u969b\u3001\u3069\u306e\u3088\u3046\u306b\u3059\u308c\u3070\u30ea\u30b9\u30af\u3092\u6700\u5c0f\u9650\u306b\u6291\u3048\u3089\u308c\u308b\u304b\uff1f<\/strong><span class=\"ez-toc-section-end\"><\/span><\/h3>\n\n\n\n<p>\u4e00\u4eba\u3067\u306e\u670d\u7528\u306f\u907f\u3051\u3001\u5fc5\u305a\u53cb\u4eba\u3068\u4e00\u7dd2\u306b\u884c\u52d5\u3057\u3001\u81ea\u5206\u304c\u4f55\u3092\u670d\u7528\u3057\u305f\u304b\u3092\u8ab0\u304b\u304c\u77e5\u3063\u3066\u3044\u308b\u3053\u3068\u3092\u78ba\u8a8d\u3059\u308b\u3053\u3068\u3002\u85ac\u306e\u5f37\u3055\u306f\u69d8\u3005\u306a\u306e\u3067\u3001\u5165\u624b\u5148\u306b\u306f\u6ce8\u610f\u3059\u308b\u3053\u3068\u3002\u904e\u5270\u6442\u53d6\u306e\u5371\u967a\u6027\u304c\u9ad8\u3044\u306e\u3067\u3001\u30a2\u30eb\u30b3\u30fc\u30eb\u3084\u4ed6\u306e\u7cbe\u795e\u5b89\u5b9a\u5264\u3068\u306f\u7d76\u5bfe\u306b\u6df7\u305c\u306a\u3044\u3053\u3068\u3002<\/p>\n\n\n\n<h3 class=\"wp-block-heading\" id=\"h-was-sollte-man-im-falle-einer-uberdosierung-tun\"><span class=\"ez-toc-section\" id=\"Was_sollte_man_im_Falle_einer_Uberdosierung_tun\"><\/span><strong>\u904e\u5270\u6442\u53d6\u306e\u5834\u5408\u306f\u3069\u3046\u3059\u308c\u3070\u3088\u3044\u3067\u3059\u304b\uff1f<\/strong><span class=\"ez-toc-section-end\"><\/span><\/h3>\n\n\n\n<p>GBL\u3084GHB\u3092\u670d\u7528\u3057\u305f\u5f8c\u3001\u8ab0\u304b\u304c\u610f\u8b58\u3092\u5931\u3063\u305f\u5834\u5408\u306f\u3001\u3059\u3050\u306b911\u306b\u96fb\u8a71\u3059\u308b\u3053\u3068\u304c\u91cd\u8981\u3067\u3059\u3002\u6551\u52a9\u304c\u5230\u7740\u3059\u308b\u307e\u3067\u3001\u305d\u306e\u4eba\u306f\u76ee\u3092\u899a\u307e\u3057\u3001\u5b89\u5168\u306a\u59ff\u52e2\u3092\u4fdd\u3063\u3066\u304f\u3060\u3055\u3044\u3002<\/p>","protected":false},"excerpt":{"rendered":"<p>FAQs zu GBL und GHB Finden Sie Antworten auf h\u00e4ufig gestellte Fragen zu unseren GBL&#8211; und GHB-Produkten und -Dienstleistungen. Was sind GBL und GHB? GBL (Gamma-Butyrolacton) und GHB (Gamma-Hydroxybutyrat) sind chemisch \u00e4hnliche Substanzen. GBL ist eine Vorstufe von GHB und wird im K\u00f6rper zu GHB umgewandelt. Beide sind ZNS-Depressiva mit sedativen und euphorisierenden Effekten\u200b (Alcohol and Drugs Action)\u200b. Wie werden GBL und GHB konsumiert? Beide Substanzen werden meist oral eingenommen. GHB ist oft in einer klaren, geruchlosen und fast geschmacklosen fl\u00fcssigen Form erh\u00e4ltlich. GBL wird wegen seines starken chemischen Geschmacks typischerweise mit Saft oder anderen Fl\u00fcssigkeiten verd\u00fcnnt\u200b. Welche Wirkungen haben GBL und GHB? Zu den Wirkungen geh\u00f6ren Euphorie, reduzierte Hemmungen [&hellip;]<\/p>\n","protected":false},"author":2,"featured_media":0,"parent":0,"menu_order":0,"comment_status":"closed","ping_status":"closed","template":"","meta":{"footnotes":""},"class_list":["post-15717","page","type-page","status-publish","hentry"],"blocksy_meta":[],"jetpack_sharing_enabled":true,"_links":{"self":[{"href":"https:\/\/ko-tropfen-kaufen.com\/ja\/wp-json\/wp\/v2\/pages\/15717","targetHints":{"allow":["GET"]}}],"collection":[{"href":"https:\/\/ko-tropfen-kaufen.com\/ja\/wp-json\/wp\/v2\/pages"}],"about":[{"href":"https:\/\/ko-tropfen-kaufen.com\/ja\/wp-json\/wp\/v2\/types\/page"}],"author":[{"embeddable":true,"href":"https:\/\/ko-tropfen-kaufen.com\/ja\/wp-json\/wp\/v2\/users\/2"}],"replies":[{"embeddable":true,"href":"https:\/\/ko-tropfen-kaufen.com\/ja\/wp-json\/wp\/v2\/comments?post=15717"}],"version-history":[{"count":2,"href":"https:\/\/ko-tropfen-kaufen.com\/ja\/wp-json\/wp\/v2\/pages\/15717\/revisions"}],"predecessor-version":[{"id":15886,"href":"https:\/\/ko-tropfen-kaufen.com\/ja\/wp-json\/wp\/v2\/pages\/15717\/revisions\/15886"}],"wp:attachment":[{"href":"https:\/\/ko-tropfen-kaufen.com\/ja\/wp-json\/wp\/v2\/media?parent=15717"}],"curies":[{"name":"wp","href":"https:\/\/api.w.org\/{rel}","templated":true}]}}