{"id":15715,"date":"2024-11-25T20:20:18","date_gmt":"2024-11-25T20:20:18","guid":{"rendered":"https:\/\/ko-tropfen-kaufen.com\/?page_id=15715"},"modified":"2024-11-28T18:29:42","modified_gmt":"2024-11-28T18:29:42","slug":"%e5%be%a9%e5%b8%b0%e6%a8%a9","status":"publish","type":"page","link":"https:\/\/ko-tropfen-kaufen.com\/ja\/%e5%be%a9%e5%b8%b0%e6%a8%a9\/","title":{"rendered":"\u5e30\u56fd\u6a29"},"content":{"rendered":"<div id=\"ez-toc-container\" class=\"ez-toc-v2_0_82_2 counter-hierarchy ez-toc-counter ez-toc-grey ez-toc-container-direction\">\n<div class=\"ez-toc-title-container\">\n<p class=\"ez-toc-title\" style=\"cursor:inherit\">\u76ee\u6b21<\/p>\n<span class=\"ez-toc-title-toggle\"><a href=\"#\" class=\"ez-toc-pull-right ez-toc-btn ez-toc-btn-xs ez-toc-btn-default ez-toc-toggle\" aria-label=\"\u30c8\u30b0\u30eb\u76ee\u6b21\"><span class=\"ez-toc-js-icon-con\"><span class=\"\"><span class=\"eztoc-hide\" style=\"display:none;\">\u30c8\u30b0\u30eb<\/span><span class=\"ez-toc-icon-toggle-span\"><svg style=\"fill: #999;color:#999\" xmlns=\"http:\/\/www.w3.org\/2000\/svg\" class=\"list-377408\" width=\"20px\" height=\"20px\" viewbox=\"0 0 24 24\" fill=\"none\"><path d=\"M6 6H4v2h2V6zm14 0H8v2h12V6zM4 11h2v2H4v-2zm16 0H8v2h12v-2zM4 16h2v2H4v-2zm16 0H8v2h12v-2z\" fill=\"currentColor\"><\/path><\/svg><svg style=\"fill: #999;color:#999\" class=\"arrow-unsorted-368013\" xmlns=\"http:\/\/www.w3.org\/2000\/svg\" width=\"10px\" height=\"10px\" viewbox=\"0 0 24 24\" version=\"1.2\" baseprofile=\"tiny\"><path d=\"M18.2 9.3l-6.2-6.3-6.2 6.3c-.2.2-.3.4-.3.7s.1.5.3.7c.2.2.4.3.7.3h11c.3 0 .5-.1.7-.3.2-.2.3-.5.3-.7s-.1-.5-.3-.7zM5.8 14.7l6.2 6.3 6.2-6.3c.2-.2.3-.5.3-.7s-.1-.5-.3-.7c-.2-.2-.4-.3-.7-.3h-11c-.3 0-.5.1-.7.3-.2.2-.3.5-.3.7s.1.5.3.7z\"\/><\/svg><\/span><\/span><\/span><\/a><\/span><\/div>\n<nav><ul class='ez-toc-list ez-toc-list-level-1' ><li class='ez-toc-page-1 ez-toc-heading-level-2'><a class=\"ez-toc-link ez-toc-heading-1\" href=\"https:\/\/ko-tropfen-kaufen.com\/ja\/%e5%be%a9%e5%b8%b0%e6%a8%a9\/#ko-tropfen-kaufencom_Ruckgaberecht\" >ko-tropfen-kaufen.com \u8fd4\u54c1\u6a29<\/a><ul class='ez-toc-list-level-3' ><li class='ez-toc-heading-level-3'><a class=\"ez-toc-link ez-toc-heading-2\" href=\"https:\/\/ko-tropfen-kaufen.com\/ja\/%e5%be%a9%e5%b8%b0%e6%a8%a9\/#30-Tage-Geld-zuruck-Garantie\" >30\u65e5\u9593\u8fd4\u91d1\u4fdd\u8a3c<\/a><\/li><li class='ez-toc-page-1 ez-toc-heading-level-3'><a class=\"ez-toc-link ez-toc-heading-3\" href=\"https:\/\/ko-tropfen-kaufen.com\/ja\/%e5%be%a9%e5%b8%b0%e6%a8%a9\/#Voraussetzungen_fur_eine_Ruckerstattung\" >\u8fd4\u91d1\u306e\u8981\u4ef6<\/a><\/li><li class='ez-toc-page-1 ez-toc-heading-level-3'><a class=\"ez-toc-link ez-toc-heading-4\" href=\"https:\/\/ko-tropfen-kaufen.com\/ja\/%e5%be%a9%e5%b8%b0%e6%a8%a9\/#Nicht_erstattungsfahige_Artikel\" >\u6255\u3044\u623b\u3057\u4e0d\u53ef\u306e\u5546\u54c1<\/a><\/li><li class='ez-toc-page-1 ez-toc-heading-level-3'><a class=\"ez-toc-link ez-toc-heading-5\" href=\"https:\/\/ko-tropfen-kaufen.com\/ja\/%e5%be%a9%e5%b8%b0%e6%a8%a9\/#So_beantragen_Sie_eine_Ruckerstattung\" >\u6255\u3044\u623b\u3057\u306e\u7533\u8acb\u65b9\u6cd5<\/a><\/li><li class='ez-toc-page-1 ez-toc-heading-level-3'><a class=\"ez-toc-link ez-toc-heading-6\" href=\"https:\/\/ko-tropfen-kaufen.com\/ja\/%e5%be%a9%e5%b8%b0%e6%a8%a9\/#Bearbeitung_Ihrer_Ruckerstattung\" >\u6255\u3044\u623b\u3057\u306e\u624b\u7d9a\u304d<\/a><\/li><li class='ez-toc-page-1 ez-toc-heading-level-3'><a class=\"ez-toc-link ez-toc-heading-7\" href=\"https:\/\/ko-tropfen-kaufen.com\/ja\/%e5%be%a9%e5%b8%b0%e6%a8%a9\/#Kontaktieren_Sie_uns\" >\u304a\u554f\u3044\u5408\u308f\u305b<\/a><\/li><\/ul><\/li><\/ul><\/nav><\/div>\n<h2 class=\"wp-block-heading\" id=\"h-ko-tropfen-kaufen-com-ruckgaberecht\"><span class=\"ez-toc-section\" id=\"ko-tropfen-kaufencom_Ruckgaberecht\"><\/span>ko-tropfen-kaufen.com \u8fd4\u54c1\u6a29<span class=\"ez-toc-section-end\"><\/span><\/h2>\n\n\n\n<p>\u3068 <a href=\"https:\/\/ko-tropfen-kaufen.com?v=820eb5b696ea\">co-drops.com\u3092\u8cfc\u5165\u3059\u308b<\/a> \u79c1\u9054\u306f\u79c1\u9054\u306e\u9867\u5ba2\u304c\u5f7c\u3089\u306e\u8cfc\u5165\u306b\u5b8c\u5168\u306b\u6e80\u8db3\u3057\u3066\u3044\u308b\u3053\u3068\u3092\u78ba\u8a8d\u3059\u308b\u3088\u3046\u306b\u52aa\u3081\u3066\u3044\u307e\u3059\u3002\u3082\u3057\u4f55\u3089\u304b\u306e\u7406\u7531\u3067\u3054\u6ce8\u6587\u306e\u5546\u54c1\u306b\u3054\u6e80\u8db3\u3044\u305f\u3060\u3051\u306a\u3044\u5834\u5408\u306f\u3001\u5f53\u793e\u306e\u8fd4\u54c1\u898f\u5b9a\u3092\u3054\u5229\u7528\u304f\u3060\u3055\u3044\u3002<\/p>\n\n\n\n<h3 class=\"wp-block-heading\" id=\"h-30-tage-geld-zuruck-garantie\"><span class=\"ez-toc-section\" id=\"30-Tage-Geld-zuruck-Garantie\"><\/span>30\u65e5\u9593\u8fd4\u91d1\u4fdd\u8a3c<span class=\"ez-toc-section-end\"><\/span><\/h3>\n\n\n\n<p>\u79c1\u305f\u3061\u306f\u3001\u3059\u3079\u3066\u306e\u88fd\u54c1\u306b\u3064\u3044\u306630\u65e5\u9593\u306e\u8fd4\u91d1\u4fdd\u8a3c\u3092\u63d0\u4f9b\u3057\u3066\u3044\u307e\u3059\u3002\u3054\u8cfc\u5165\u3044\u305f\u3060\u3044\u305f\u5546\u54c1\u306b\u3054\u6e80\u8db3\u3044\u305f\u3060\u3051\u306a\u3044\u5834\u5408\u306f\u3001\u3054\u8cfc\u5165\u65e5\u304b\u308930\u65e5\u4ee5\u5185\u3067\u3042\u308c\u3070\u3001\u8fd4\u91d1\u3092\u3054\u8acb\u6c42\u3044\u305f\u3060\u3051\u307e\u3059\u3002<\/p>\n\n\n\n<h3 class=\"wp-block-heading\" id=\"h-voraussetzungen-fur-eine-ruckerstattung\"><span class=\"ez-toc-section\" id=\"Voraussetzungen_fur_eine_Ruckerstattung\"><\/span>\u8fd4\u91d1\u306e\u8981\u4ef6<span class=\"ez-toc-section-end\"><\/span><\/h3>\n\n\n\n<p>\u6255\u3044\u623b\u3057\u3092\u53d7\u3051\u308b\u306b\u306f\u3001\u4ee5\u4e0b\u306e\u6761\u4ef6\u3092\u6e80\u305f\u3059\u5fc5\u8981\u304c\u3042\u308a\u307e\u3059\uff1a<\/p>\n\n\n\n<ul class=\"wp-block-list\">\n<li>\u88fd\u54c1\u306f\u672a\u958b\u5c01\u3001\u672a\u4f7f\u7528\u306e\u72b6\u614b\u3067\u8fd4\u54c1\u3055\u308c\u306a\u3051\u308c\u3070\u306a\u308a\u307e\u305b\u3093\u3002<\/li>\n\n\n\n<li>\u8cfc\u5165\u3092\u8a3c\u660e\u3059\u308b\u3082\u306e\uff08\u6ce8\u6587\u756a\u53f7\u3001\u9818\u53ce\u66f8\u3001\u78ba\u8a8d\u30e1\u30fc\u30eb\uff09\u3092\u3054\u63d0\u793a\u304f\u3060\u3055\u3044\u3002<\/li>\n\n\n\n<li>\u8fd4\u91d1\u8acb\u6c42\u306f\u3001\u8cfc\u5165\u65e5\u304b\u308930\u65e5\u4ee5\u5185\u306b\u884c\u3046\u5fc5\u8981\u304c\u3042\u308a\u307e\u3059\u3002<\/li>\n<\/ul>\n\n\n\n<h3 class=\"wp-block-heading\" id=\"h-nicht-erstattungsfahige-artikel\"><span class=\"ez-toc-section\" id=\"Nicht_erstattungsfahige_Artikel\"><\/span>\u6255\u3044\u623b\u3057\u4e0d\u53ef\u306e\u5546\u54c1<span class=\"ez-toc-section-end\"><\/span><\/h3>\n\n\n\n<p>\u6255\u3044\u623b\u3057\u306e\u3067\u304d\u306a\u3044\u3082\u306e\u3082\u3042\u308a\u307e\u3059\uff1a<\/p>\n\n\n\n<ul class=\"wp-block-list\">\n<li>\u958b\u5c01\u307e\u305f\u306f\u4f7f\u7528\u3055\u308c\u305f\u88fd\u54c1\u3002<\/li>\n\n\n\n<li>\u30bb\u30fc\u30eb\u3084\u30b9\u30da\u30b7\u30e3\u30eb\u30aa\u30d5\u30a1\u30fc\u3067\u8cfc\u5165\u3055\u308c\u305f\u5546\u54c1\u3002<\/li>\n<\/ul>\n\n\n\n<h3 class=\"wp-block-heading\" id=\"h-so-beantragen-sie-eine-ruckerstattung\"><span class=\"ez-toc-section\" id=\"So_beantragen_Sie_eine_Ruckerstattung\"><\/span>\u6255\u3044\u623b\u3057\u306e\u7533\u8acb\u65b9\u6cd5<span class=\"ez-toc-section-end\"><\/span><\/h3>\n\n\n\n<ol class=\"wp-block-list\">\n<li><strong>\u3054\u9023\u7d61\u304f\u3060\u3055\u3044\uff1a<\/strong> \u3054\u6ce8\u6587\u306e\u8a73\u7d30\u3068\u8fd4\u91d1\u7406\u7531\u3092\u660e\u8a18\u306e\u4e0a\u3001\u30ab\u30b9\u30bf\u30de\u30fc\u30b5\u30fc\u30d3\u30b9\uff08support@ko-tropfen-kaufen.com\uff09\u307e\u3067\u30e1\u30fc\u30eb\u3092\u304a\u9001\u308a\u304f\u3060\u3055\u3044\u3002<\/li>\n\n\n\n<li><strong>\u8fd4\u54c1\u627f\u8a8d\uff1a<\/strong> \u6298\u308a\u8fd4\u3057\u3001\u8fd4\u54c1\u78ba\u8a8d\u66f8\u3068\u8fd4\u54c1\u65b9\u6cd5\u3092\u304a\u9001\u308a\u3044\u305f\u3057\u307e\u3059\u3002<\/li>\n\n\n\n<li><strong>\u8a18\u4e8b\u3092\u9001\u308b<\/strong> \u8fd4\u54c1\u627f\u8a8d\u66f8\u3068\u3068\u3082\u306b\u3001\u5546\u54c1\u3092\u5143\u306e\u68b1\u5305\u3067\u5f0a\u793e\u306b\u8fd4\u9001\u3057\u3066\u304f\u3060\u3055\u3044\u3002<\/li>\n<\/ol>\n\n\n\n<h3 class=\"wp-block-heading\" id=\"h-bearbeitung-ihrer-ruckerstattung\"><span class=\"ez-toc-section\" id=\"Bearbeitung_Ihrer_Ruckerstattung\"><\/span>\u6255\u3044\u623b\u3057\u306e\u624b\u7d9a\u304d<span class=\"ez-toc-section-end\"><\/span><\/h3>\n\n\n\n<p>\u8fd4\u54c1\u3055\u308c\u305f\u5546\u54c1\u3092\u53d7\u9818\u3057\u3001\u691c\u54c1\u3057\u305f\u5f8c\u3001E\u30e1\u30fc\u30eb\u306b\u3066\u3054\u9023\u7d61\u3044\u305f\u3057\u307e\u3059\u3002\u8fd4\u91d1\u304c\u627f\u8a8d\u3055\u308c\u305f\u5834\u5408\u30015\uff5e7\u55b6\u696d\u65e5\u4ee5\u5185\u306b\u51e6\u7406\u3055\u308c\u3001\u5143\u306e\u304a\u652f\u6255\u3044\u65b9\u6cd5\u306b\u30af\u30ec\u30b8\u30c3\u30c8\u304c\u9069\u7528\u3055\u308c\u307e\u3059\u3002<\/p>\n\n\n\n<h3 class=\"wp-block-heading\" id=\"h-kontaktieren-sie-uns\"><span class=\"ez-toc-section\" id=\"Kontaktieren_Sie_uns\"><\/span>\u304a\u554f\u3044\u5408\u308f\u305b<span class=\"ez-toc-section-end\"><\/span><\/h3>\n\n\n\n<p>\u8fd4\u54c1\u306b\u3064\u3044\u3066\u3054\u4e0d\u660e\u306a\u70b9\u304c\u3054\u3056\u3044\u307e\u3057\u305f\u3089\u3001support@ko-tropfen-kaufen.com\u3002\u304a\u5ba2\u69d8\u306e\u304a\u8cb7\u3044\u7269\u306b\u3054\u6e80\u8db3\u3044\u305f\u3060\u3051\u308b\u3088\u3046\u3001\u304a\u624b\u4f1d\u3044\u3055\u305b\u3066\u3044\u305f\u3060\u304d\u307e\u3059\u3002<\/p>\n\n\n\n<p>Ko-Tropfen-Kaufen.com\u3067\u304a\u8cb7\u3044\u7269\u3044\u305f\u3060\u304d\u3042\u308a\u304c\u3068\u3046\u3054\u3056\u3044\u307e\u3059\uff01<\/p>","protected":false},"excerpt":{"rendered":"<p>ko-tropfen-kaufen.com R\u00fcckgaberecht Bei Ko-Tropfen-Kaufen.com bem\u00fchen wir uns, sicherzustellen, dass unsere Kunden vollst\u00e4ndig zufrieden mit ihren Eink\u00e4ufen sind. Wenn Sie aus irgendeinem Grund nicht ganz zufrieden mit Ihrer Bestellung sind, hilft Ihnen unser R\u00fcckgaberecht weiter. 30-Tage-Geld-zur\u00fcck-Garantie Wir bieten eine 30-Tage-Geld-zur\u00fcck-Garantie auf alle unsere Produkte. Wenn Sie mit Ihrem Kauf nicht zufrieden sind, k\u00f6nnen Sie innerhalb von 30 Tagen nach dem Kaufdatum eine R\u00fcckerstattung beantragen. Voraussetzungen f\u00fcr eine R\u00fcckerstattung Um f\u00fcr eine R\u00fcckerstattung berechtigt zu sein, m\u00fcssen die folgenden Bedingungen erf\u00fcllt sein: Nicht erstattungsf\u00e4hige Artikel Bestimmte Artikel sind nicht erstattungsf\u00e4hig, darunter: So beantragen Sie eine R\u00fcckerstattung Bearbeitung Ihrer R\u00fcckerstattung Sobald wir das zur\u00fcckgesandte Produkt erhalten und gepr\u00fcft haben, benachrichtigen wir Sie per [&hellip;]<\/p>\n","protected":false},"author":2,"featured_media":0,"parent":0,"menu_order":0,"comment_status":"closed","ping_status":"closed","template":"","meta":{"footnotes":""},"class_list":["post-15715","page","type-page","status-publish","hentry"],"blocksy_meta":[],"jetpack_sharing_enabled":true,"_links":{"self":[{"href":"https:\/\/ko-tropfen-kaufen.com\/ja\/wp-json\/wp\/v2\/pages\/15715","targetHints":{"allow":["GET"]}}],"collection":[{"href":"https:\/\/ko-tropfen-kaufen.com\/ja\/wp-json\/wp\/v2\/pages"}],"about":[{"href":"https:\/\/ko-tropfen-kaufen.com\/ja\/wp-json\/wp\/v2\/types\/page"}],"author":[{"embeddable":true,"href":"https:\/\/ko-tropfen-kaufen.com\/ja\/wp-json\/wp\/v2\/users\/2"}],"replies":[{"embeddable":true,"href":"https:\/\/ko-tropfen-kaufen.com\/ja\/wp-json\/wp\/v2\/comments?post=15715"}],"version-history":[{"count":1,"href":"https:\/\/ko-tropfen-kaufen.com\/ja\/wp-json\/wp\/v2\/pages\/15715\/revisions"}],"predecessor-version":[{"id":15716,"href":"https:\/\/ko-tropfen-kaufen.com\/ja\/wp-json\/wp\/v2\/pages\/15715\/revisions\/15716"}],"wp:attachment":[{"href":"https:\/\/ko-tropfen-kaufen.com\/ja\/wp-json\/wp\/v2\/media?parent=15715"}],"curies":[{"name":"wp","href":"https:\/\/api.w.org\/{rel}","templated":true}]}}