{"id":15705,"date":"2024-11-25T20:57:41","date_gmt":"2024-11-25T19:57:41","guid":{"rendered":"https:\/\/ko-tropfen-kaufen.com\/?page_id=15705"},"modified":"2025-11-05T08:36:16","modified_gmt":"2025-11-05T07:36:16","slug":"gbl%e3%81%a8%e3%81%af","status":"publish","type":"page","link":"https:\/\/ko-tropfen-kaufen.com\/ja\/gbl%e3%81%a8%e3%81%af\/","title":{"rendered":"GBL\u3068\u306f"},"content":{"rendered":"<p>GBL\u3068\u306f - \u30ac\u30f3\u30de\u30d6\u30c1\u30ed\u30e9\u30af\u30c8\u30f3\uff08GBL\uff09\u306f\u7121\u8272\u3067\u5438\u6e7f\u6027\u306e\u3042\u308b\u6db2\u4f53\u3067\u3001\u5de5\u696d\u7528\u6eb6\u5264\u3084\u5316\u5b66\u4e2d\u9593\u4f53\u3068\u3057\u3066\u77e5\u3089\u308c\u3066\u3044\u307e\u3059\u3002<\/p>\n\n\n\n<p>\u5206\u5b50\u5f0f\u306fC\u2084H\u2086O\u2082\u3067\u3001\u304b\u3059\u304b\u306a\u81ed\u3044\u3068\u82e6\u5473\u304c\u7279\u5fb4\u3067\u3042\u308b\u3002GBL\u306f\u74b0\u72b6\u30a8\u30b9\u30c6\u30eb\u306e\u4e00\u7a2e\u3067\u3042\u308b\u30e9\u30af\u30c8\u30f3\u3067\u3001\u03b3-\u30d2\u30c9\u30ed\u30ad\u30b7\u916a\u9178\uff08GHB\uff09\u306e\u524d\u99c6\u4f53\u3067\u3042\u308b\u3002<\/p>\n\n\n\n<blockquote class=\"wp-block-quote is-layout-flow wp-block-quote-is-layout-flow\">\n<p>GBL\u306e\u4ed6\u306e\u540d\u79f0\uff1a\u30ea\u30ad\u30c3\u30c9\u30a8\u30af\u30b9\u30bf\u30b7\u30b9\u3001\u30d6\u30eb\u30fc\u30cb\u30c8\u30ed\u3001\u30d6\u30eb\u30fc\u30cb\u30c8\u30ed\u30d0\u30a4\u30bf\u30ea\u30c6\u30a3\u3001GHB\u30c9\u30ed\u30b2\u3001G\u30c9\u30ed\u30b2\u3001GBL\u30c9\u30b7\u30fc\u30ec\u30f3\u3001\u30ea\u30cb\u30e5\u30fc\u30c8\u30ea\u30a8\u30f3\u30c8\u3001\u30d5\u30a1\u30a4\u30e4\u30fc\u30a6\u30a9\u30fc\u30bf\u30fc\u3001\u30ac\u30f3\u30deG\u3001GH\u30ea\u30d0\u30a4\u30bf\u30e9\u30a4\u30b6\u30fc\u3001\u30ec\u30e0\u30d5\u30a9\u30fc\u30b9\u3002<\/p>\n<\/blockquote>\n\n\n\n<div id=\"ez-toc-container\" class=\"ez-toc-v2_0_82_2 counter-hierarchy ez-toc-counter ez-toc-grey ez-toc-container-direction\">\n<div class=\"ez-toc-title-container\">\n<p class=\"ez-toc-title\" style=\"cursor:inherit\">\u76ee\u6b21<\/p>\n<span class=\"ez-toc-title-toggle\"><a href=\"#\" class=\"ez-toc-pull-right ez-toc-btn ez-toc-btn-xs ez-toc-btn-default ez-toc-toggle\" aria-label=\"\u30c8\u30b0\u30eb\u76ee\u6b21\"><span class=\"ez-toc-js-icon-con\"><span class=\"\"><span class=\"eztoc-hide\" style=\"display:none;\">\u30c8\u30b0\u30eb<\/span><span class=\"ez-toc-icon-toggle-span\"><svg style=\"fill: #999;color:#999\" xmlns=\"http:\/\/www.w3.org\/2000\/svg\" class=\"list-377408\" width=\"20px\" height=\"20px\" viewbox=\"0 0 24 24\" fill=\"none\"><path d=\"M6 6H4v2h2V6zm14 0H8v2h12V6zM4 11h2v2H4v-2zm16 0H8v2h12v-2zM4 16h2v2H4v-2zm16 0H8v2h12v-2z\" fill=\"currentColor\"><\/path><\/svg><svg style=\"fill: #999;color:#999\" class=\"arrow-unsorted-368013\" xmlns=\"http:\/\/www.w3.org\/2000\/svg\" width=\"10px\" height=\"10px\" viewbox=\"0 0 24 24\" version=\"1.2\" baseprofile=\"tiny\"><path d=\"M18.2 9.3l-6.2-6.3-6.2 6.3c-.2.2-.3.4-.3.7s.1.5.3.7c.2.2.4.3.7.3h11c.3 0 .5-.1.7-.3.2-.2.3-.5.3-.7s-.1-.5-.3-.7zM5.8 14.7l6.2 6.3 6.2-6.3c.2-.2.3-.5.3-.7s-.1-.5-.3-.7c-.2-.2-.4-.3-.7-.3h-11c-.3 0-.5.1-.7.3-.2.2-.3.5-.3.7s.1.5.3.7z\"\/><\/svg><\/span><\/span><\/span><\/a><\/span><\/div>\n<nav><ul class='ez-toc-list ez-toc-list-level-1' ><li class='ez-toc-page-1 ez-toc-heading-level-2'><a class=\"ez-toc-link ez-toc-heading-1\" href=\"https:\/\/ko-tropfen-kaufen.com\/ja\/gbl%e3%81%a8%e3%81%af\/#Chemische_Eigenschaften_und_industrielle_Verwendung_von_Gamma-Butyrolacton\" >\u03b3-\u30d6\u30c1\u30ed\u30e9\u30af\u30c8\u30f3\u306e\u5316\u5b66\u7684\u6027\u8cea\u3068\u5de5\u696d\u7684\u5229\u7528<\/a><\/li><li class='ez-toc-page-1 ez-toc-heading-level-2'><a class=\"ez-toc-link ez-toc-heading-2\" href=\"https:\/\/ko-tropfen-kaufen.com\/ja\/gbl%e3%81%a8%e3%81%af\/#Andere_Verwendungen_von_GBL\" >GBL\u306e\u305d\u306e\u4ed6\u306e\u7528\u9014<\/a><\/li><li class='ez-toc-page-1 ez-toc-heading-level-2'><a class=\"ez-toc-link ez-toc-heading-3\" href=\"https:\/\/ko-tropfen-kaufen.com\/ja\/gbl%e3%81%a8%e3%81%af\/#Chemische_Reaktionen_von_GBL\" >GBL\u306e\u5316\u5b66\u53cd\u5fdc<\/a><\/li><li class='ez-toc-page-1 ez-toc-heading-level-2'><a class=\"ez-toc-link ez-toc-heading-4\" href=\"https:\/\/ko-tropfen-kaufen.com\/ja\/gbl%e3%81%a8%e3%81%af\/#Regulierung_und_Rechtsstatus\" >\u898f\u5236\u3068\u6cd5\u7684\u5730\u4f4d<\/a><\/li><li class='ez-toc-page-1 ez-toc-heading-level-2'><a class=\"ez-toc-link ez-toc-heading-5\" href=\"https:\/\/ko-tropfen-kaufen.com\/ja\/gbl%e3%81%a8%e3%81%af\/#Gesundheitliche_Auswirkungen_und_Risiken\" >\u5065\u5eb7\u3078\u306e\u5f71\u97ff\u3068\u30ea\u30b9\u30af<\/a><\/li><li class='ez-toc-page-1 ez-toc-heading-level-2'><a class=\"ez-toc-link ez-toc-heading-6\" href=\"https:\/\/ko-tropfen-kaufen.com\/ja\/gbl%e3%81%a8%e3%81%af\/#Wo_kann_man_GBL_kaufen\" >GBL\u306f\u3069\u3053\u3067\u8cb7\u3048\u307e\u3059\u304b\uff1f<\/a><\/li><\/ul><\/nav><\/div>\n<h2 class=\"wp-block-heading\" id=\"h-chemische-eigenschaften-und-industrielle-verwendung-von-gamma-butyrolacton\"><span class=\"ez-toc-section\" id=\"Chemische_Eigenschaften_und_industrielle_Verwendung_von_Gamma-Butyrolacton\"><\/span>\u03b3-\u30d6\u30c1\u30ed\u30e9\u30af\u30c8\u30f3\u306e\u5316\u5b66\u7684\u6027\u8cea\u3068\u5de5\u696d\u7684\u5229\u7528<span class=\"ez-toc-section-end\"><\/span><\/h2>\n\n\n\n<p>GBL\u306f\u3001\u9285\u89e6\u5a92\u306e\u5b58\u5728\u4e0b\u3001180\uff5e300\u2103\u306e\u6e29\u5ea6\u30671,4-\u30d6\u30bf\u30f3\u30b8\u30aa\u30fc\u30eb\u3092\u8131\u6c34\u7d20\u3059\u308b\u3053\u3068\u306b\u3088\u308a\u5de5\u696d\u7684\u306b\u88fd\u9020\u3055\u308c\u308b\u3002<\/p>\n\n\n\n<p>\u3053\u306e\u30d7\u30ed\u30bb\u30b9\u306e\u53ce\u7387\u306f\u7d0495 %\u3067\u3001\u6db2\u76f8\u6c17\u76f8\u62bd\u51fa\u3067\u7cbe\u88fd\u3055\u308c\u308b\u3002GBL\u306f\u3001\u30c6\u30c8\u30e9\u30d2\u30c9\u30ed\u30d5\u30e9\u30f3(THF)\u306e\u9178\u5316\u30844-\u30d2\u30c9\u30ed\u30ad\u30b7\u916a\u9178(4-HB)\u3068\u306e\u30ea\u30d1\u30fc\u30bc\u89e6\u5a92\u53cd\u5fdc\u306b\u3088\u3063\u3066\u3082\u5b9f\u9a13\u5ba4\u3067\u5408\u6210\u3067\u304d\u308b\u3002<\/p>\n\n\n\n<p>GBL\u306f\u307e\u305f\u3001N-\u30e1\u30c1\u30eb-2-\u30d4\u30ed\u30ea\u30c9\u30f3\uff08NMP\uff09\u3084\u30d4\u30ed\u30ea\u30c9\u30f3\u306a\u3069\u306e\u4ed6\u306e\u5316\u5b66\u7269\u8cea\u306e\u88fd\u9020\u3084\u3001\u7279\u5b9a\u306e\u533b\u85ac\u54c1\u306e\u5408\u6210\u306e\u4e2d\u9593\u4f53\u3068\u3057\u3066\u3082\u4f7f\u7528\u3055\u308c\u308b\u3002<\/p>\n\n\n\n<h2 class=\"wp-block-heading\" id=\"h-andere-verwendungen-von-gbl\"><span class=\"ez-toc-section\" id=\"Andere_Verwendungen_von_GBL\"><\/span>GBL\u306e\u305d\u306e\u4ed6\u306e\u7528\u9014<span class=\"ez-toc-section-end\"><\/span><\/h2>\n\n\n\n<ul class=\"wp-block-list\">\n<li>\u30ab\u30e9\u30fc\u30b7\u30f3\u30ca\u30fc<\/li>\n\n\n\n<li>\u6d17\u6d44\u5264<\/li>\n\n\n\n<li>\u30b9\u30fc\u30d1\u30fc\u30fb\u30b0\u30eb\u30fc\u30fb\u30ea\u30e0\u30fc\u30d0\u30fc<\/li>\n\n\n\n<li>\u96fb\u89e3\u30b3\u30f3\u30c7\u30f3\u30b5<\/li>\n<\/ul>\n\n\n\n<h2 class=\"wp-block-heading\" id=\"h-chemische-reaktionen-von-gbl\"><span class=\"ez-toc-section\" id=\"Chemische_Reaktionen_von_GBL\"><\/span>GBL\u306e\u5316\u5b66\u53cd\u5fdc<span class=\"ez-toc-section-end\"><\/span><\/h2>\n\n\n\n<p>GBL\u306e\u5316\u5b66\u69cb\u9020\u306f\u3001\u5869\u57fa\u6027\u6761\u4ef6\u4e0b\u3067\u03b3-\u30d2\u30c9\u30ed\u30ad\u30b7\u916a\u9178\uff08GHB\uff09\u3078\u306e\u52a0\u6c34\u5206\u89e3\u3092\u53ef\u80fd\u306b\u3059\u308b\u3002\u3053\u306e\u7279\u6027\u306b\u3088\u308a\u3001GBL\u306f\u6cbb\u7642\u85ac\u3067\u3042\u308b\u3068\u540c\u6642\u306b\u4e71\u7528\u7269\u8cea\u3067\u3082\u3042\u308bGHB\u306e\u88fd\u9020\u306b\u4f7f\u7528\u3055\u308c\u3066\u3044\u308b\u3002\u5909\u63db\u30d7\u30ed\u30bb\u30b9\u306f\u5358\u7d14\u3067\u3042\u308b\u305f\u3081\u3001GBL\u306fGHB\u5408\u6210\u306e\u91cd\u8981\u306a\u524d\u99c6\u7269\u8cea\u3068\u306a\u3063\u3066\u3044\u308b\u3002<\/p>\n\n\n\n<figure class=\"wp-block-image size-full\"><img data-recalc-dims=\"1\" fetchpriority=\"high\" decoding=\"async\" width=\"1024\" height=\"379\" src=\"https:\/\/i0.wp.com\/ko-tropfen-kaufen.com\/wp-content\/uploads\/2024\/11\/Gbl-Produktionsprozess-1024x379-1.png?resize=1024%2C379&#038;ssl=1\" alt=\"\" class=\"wp-image-15708\" srcset=\"https:\/\/i0.wp.com\/ko-tropfen-kaufen.com\/wp-content\/uploads\/2024\/11\/Gbl-Produktionsprozess-1024x379-1.png?w=1024&amp;ssl=1 1024w, https:\/\/i0.wp.com\/ko-tropfen-kaufen.com\/wp-content\/uploads\/2024\/11\/Gbl-Produktionsprozess-1024x379-1.png?resize=430%2C159&amp;ssl=1 430w, https:\/\/i0.wp.com\/ko-tropfen-kaufen.com\/wp-content\/uploads\/2024\/11\/Gbl-Produktionsprozess-1024x379-1.png?resize=700%2C259&amp;ssl=1 700w, https:\/\/i0.wp.com\/ko-tropfen-kaufen.com\/wp-content\/uploads\/2024\/11\/Gbl-Produktionsprozess-1024x379-1.png?resize=400%2C148&amp;ssl=1 400w, https:\/\/i0.wp.com\/ko-tropfen-kaufen.com\/wp-content\/uploads\/2024\/11\/Gbl-Produktionsprozess-1024x379-1.png?resize=768%2C284&amp;ssl=1 768w\" sizes=\"(max-width: 1024px) 100vw, 1024px\" \/><\/figure>\n\n\n\n<h2 class=\"wp-block-heading\" id=\"h-regulierung-und-rechtsstatus\"><span class=\"ez-toc-section\" id=\"Regulierung_und_Rechtsstatus\"><\/span>\u898f\u5236\u3068\u6cd5\u7684\u5730\u4f4d<span class=\"ez-toc-section-end\"><\/span><\/h2>\n\n\n\n<p>GBL\u306f\u3001\u4f53\u5185\u3067GHB\u306b\u5909\u63db\u3055\u308c\u308b\u3053\u3068\u3067\u3001\u30ec\u30af\u30ea\u30a8\u30fc\u30b7\u30e7\u30f3\u30fb\u30c9\u30e9\u30c3\u30b0\u3068\u3057\u3066\u4e71\u7528\u3055\u308c\u308b\u53ef\u80fd\u6027\u304c\u3042\u308b\u305f\u3081\u3001\u591a\u304f\u306e\u56fd\u3067\u6cd5\u5f8b\u3067\u898f\u5236\u3055\u308c\u3066\u3044\u308b\u3002GHB\u306f\u93ae\u9759\u4f5c\u7528\u3068\u9676\u9154\u4f5c\u7528\u304c\u3042\u308b\u3053\u3068\u3067\u77e5\u3089\u308c\u3066\u304a\u308a\u3001\u305d\u306e\u305f\u3081\u9055\u6cd5\u306a\u4f7f\u7528\u3068\u5b89\u5168\u6027\u3078\u306e\u61f8\u5ff5\u304c\u6307\u6458\u3055\u308c\u3066\u3044\u308b\u3002\u305d\u306e\u305f\u3081\u3001GBL\u306f\u85ac\u7269\u524d\u99c6\u4f53\u6cd5\u3067\u898f\u5236\u3055\u308c\u308b\u3053\u3068\u304c\u591a\u304f\u3001\u8ca9\u58f2\u3084\u6240\u6301\u304c\u5236\u9650\u3055\u308c\u308b\u3053\u3068\u3082\u3042\u308b\u3002<\/p>\n\n\n\n<h2 class=\"wp-block-heading\" id=\"h-gesundheitliche-auswirkungen-und-risiken\"><span class=\"ez-toc-section\" id=\"Gesundheitliche_Auswirkungen_und_Risiken\"><\/span>\u5065\u5eb7\u3078\u306e\u5f71\u97ff\u3068\u30ea\u30b9\u30af<span class=\"ez-toc-section-end\"><\/span><\/h2>\n\n\n\n<p>GBL\u3092\u670d\u7528\u3059\u308b\u3068\u3001\u5410\u304d\u6c17\u3001\u982d\u75db\u3001\u76ee\u306e\u304b\u3059\u307f\u3001\u5fc3\u62cd\u306e\u901f\u3055\u3001\u8840\u5727\u306e\u4e0a\u6607\u306a\u3069\u3001\u3055\u307e\u3056\u307e\u306a\u526f\u4f5c\u7528\u304c\u8d77\u3053\u308b\u53ef\u80fd\u6027\u304c\u3042\u308b\u3002\u9577\u671f\u7684\u306a\u4e71\u7528\u306f\u3001\u3046\u3064\u75c5\u3001\u4e0d\u5b89\u3001\u7cbe\u795e\u75c5\u306a\u3069\u306e\u6df1\u523b\u306a\u7cbe\u795e\u7684\u30fb\u8eab\u4f53\u7684\u5065\u5eb7\u554f\u984c\u3092\u5f15\u304d\u8d77\u3053\u3059\u53ef\u80fd\u6027\u304c\u3042\u308a\u307e\u3059\u3002\u305d\u306e\u305f\u3081\u3001GBL\u3092\u6442\u53d6\u3059\u308b\u969b\u306f\u3001\u95a2\u9023\u3059\u308b\u6cd5\u5f8b\u3084\u5b89\u5168\u306b\u95a2\u3059\u308b\u30ac\u30a4\u30c9\u30e9\u30a4\u30f3\u306b\u5f93\u3044\u3001\u8cac\u4efb\u3092\u6301\u3063\u3066\u6442\u53d6\u3059\u308b\u3053\u3068\u304c\u6975\u3081\u3066\u91cd\u8981\u3067\u3059\u3002<\/p>\n\n\n\n<figure class=\"wp-block-image size-full is-resized\"><img data-recalc-dims=\"1\" decoding=\"async\" width=\"1024\" height=\"585\" src=\"https:\/\/i0.wp.com\/ko-tropfen-kaufen.com\/wp-content\/uploads\/2024\/11\/GBL-pharmacie-1024x585-1.jpg?resize=1024%2C585&#038;ssl=1\" alt=\"\" class=\"wp-image-15709\" style=\"width:1192px;height:auto\" srcset=\"https:\/\/i0.wp.com\/ko-tropfen-kaufen.com\/wp-content\/uploads\/2024\/11\/GBL-pharmacie-1024x585-1.jpg?w=1024&amp;ssl=1 1024w, https:\/\/i0.wp.com\/ko-tropfen-kaufen.com\/wp-content\/uploads\/2024\/11\/GBL-pharmacie-1024x585-1.jpg?resize=430%2C246&amp;ssl=1 430w, https:\/\/i0.wp.com\/ko-tropfen-kaufen.com\/wp-content\/uploads\/2024\/11\/GBL-pharmacie-1024x585-1.jpg?resize=700%2C400&amp;ssl=1 700w, https:\/\/i0.wp.com\/ko-tropfen-kaufen.com\/wp-content\/uploads\/2024\/11\/GBL-pharmacie-1024x585-1.jpg?resize=400%2C229&amp;ssl=1 400w, https:\/\/i0.wp.com\/ko-tropfen-kaufen.com\/wp-content\/uploads\/2024\/11\/GBL-pharmacie-1024x585-1.jpg?resize=768%2C439&amp;ssl=1 768w\" sizes=\"(max-width: 1024px) 100vw, 1024px\" \/><\/figure>\n\n\n\n<h2 class=\"wp-block-heading\" id=\"h-wo-kann-man-gbl-kaufen\"><span class=\"ez-toc-section\" id=\"Wo_kann_man_GBL_kaufen\"><\/span>GBL\u306f\u3069\u3053\u3067\u8cb7\u3048\u307e\u3059\u304b\uff1f<span class=\"ez-toc-section-end\"><\/span><\/h2>\n\n\n\n<p>\u5408\u6cd5\u7684\u306a\u7523\u696d\u76ee\u7684\u3067GBL\u304c\u5fc5\u8981\u306a\u5834\u5408\u306f\u3001\u69d8\u3005\u306a\u30b5\u30d7\u30e9\u30a4\u30e4\u30fc\u304b\u3089\u8cfc\u5165\u3059\u308b\u3053\u3068\u304c\u3067\u304d\u308b\u3002\u4fe1\u983c\u3067\u304d\u308b\u4f9b\u7d66\u5143\u306b\u306f\u3001\u5c02\u9580\u306e\u5316\u5b66\u85ac\u54c1\u4f9b\u7d66\u696d\u8005\u3084\u5de5\u696d\u7528\u4f9b\u7d66\u696d\u8005\u304c\u542b\u307e\u308c\u308b\u3002GBL\u3092\u8cfc\u5165\u3059\u308b\u969b\u306f\u3001\u5fc5\u305a\u73fe\u5730\u306e\u898f\u5236\u3092\u9075\u5b88\u3057\u3066\u304f\u3060\u3055\u3044\u3002\u30b5\u30d7\u30e9\u30a4\u30e4\u30fc\u3092\u30ea\u30b5\u30fc\u30c1\u3057\u3001\u30ec\u30d3\u30e5\u30fc\u3092\u8aad\u3080\u3053\u3068\u3067\u3001\u30cb\u30fc\u30ba\u306b\u5408\u3063\u305f\u9ad8\u54c1\u8cea\u306eGBL\u3092\u78ba\u5b9f\u306b\u5165\u624b\u3059\u308b\u3053\u3068\u304c\u3067\u304d\u307e\u3059\u3002<\/p>\n\n\n\n<ul class=\"wp-block-list\">\n<li><strong>GBL\u30af\u30ea\u30fc\u30f3\u30b7\u30e7\u30c3\u30d7<\/strong>\u3053\u306e\u30b7\u30e7\u30c3\u30d7\u3067\u306f\u3001\u4e3b\u306b\u30db\u30a4\u30fc\u30eb\u6d17\u6d44\u3084\u6eb6\u5264\u7528\u9014\u306a\u3069\u306e\u5de5\u696d\u7528\u6d17\u6d44\u3092\u76ee\u7684\u3068\u3057\u3066\u8ca9\u58f2\u3055\u308c\u3066\u3044\u308b\u69d8\u3005\u306aGBL\u88fd\u54c1\u3092\u63d0\u4f9b\u3057\u3066\u3044\u308b\u3002\u540c\u793e\u306fGBL\u88fd\u54c1\u306e\u54c1\u8cea\u3068\u7d14\u5ea6\u3092\u91cd\u8996\u3057\u3001\u8a73\u7d30\u306a\u4f7f\u7528\u8aac\u660e\u66f8\u3092\u63d0\u4f9b\u3057\u3066\u3044\u308b\uff08GBL\u30af\u30ea\u30fc\u30f3\u30b7\u30e7\u30c3\u30d7\uff09\u3002<\/li>\n\n\n\n<li><strong>GBL\u30b7\u30e7\u30c3\u30d7<\/strong>\u3053\u306e\u30b7\u30e7\u30c3\u30d7\u306fGBL\u88fd\u54c1\u306e\u7dcf\u5408\u7684\u306a\u54c1\u63c3\u3048\u3067\u77e5\u3089\u308c\u3066\u304a\u308a\u3001500ml\u30011\u30ea\u30c3\u30c8\u30eb\u30012\u30ea\u30c3\u30c8\u30eb\u30015\u30ea\u30c3\u30c8\u30eb\u306a\u3069\u69d8\u3005\u306a\u91cf\u306e\u30aa\u30d7\u30b7\u30e7\u30f3\u3092\u63d0\u4f9b\u3057\u3066\u3044\u308b\u3002\u5b89\u5168\u3067\u614e\u91cd\u306a\u53d6\u5f15\u3092\u4fdd\u8a3c\u3057\u3001\u7af6\u4e89\u529b\u306e\u3042\u308b\u4fa1\u683c\u3092\u63d0\u4f9b\u3057\u3066\u3044\u308b(<a href=\"https:\/\/ko-tropfen-kaufen.com\/serioser-gbl-shop\">GBL\u30b7\u30e7\u30c3\u30d7<\/a>).<\/li>\n\n\n\n<li><strong>GBL\u5316\u5b66\u5b9f\u9a13\u5ba4<\/strong>GBL\u306f\u3053\u306e\u30a6\u30a7\u30d6\u30b5\u30a4\u30c8\u3067\u69d8\u3005\u306a\u91cf\u304c\u8ca9\u58f2\u3055\u308c\u3066\u304a\u308a\u3001\u5de5\u696d\u7528\u6d17\u6d44\u3084\u5316\u5b66\u4e2d\u9593\u4f53\u3068\u3057\u3066\u306e\u7528\u9014\u304c\u5ba3\u4f1d\u3055\u308c\u3066\u3044\u308b\u3002\u5f7c\u3089\u306f\u5b89\u5168\u306a\u6ce8\u6587\u30d7\u30ed\u30bb\u30b9\u3068\u8fc5\u901f\u306a\u914d\u9001\u30aa\u30d7\u30b7\u30e7\u30f3\u3092\u5f37\u8abf\u3057\u3066\u3044\u308b(GBL Chem Lab)\u3002<\/li>\n<\/ul>\n\n\n\n<p>\u3088\u308a\u8a73\u7d30\u306a\u60c5\u5831\u306f\u3001Wikipedia\u3084FineChemical.net (<a href=\"https:\/\/de.wikipedia.org\/wiki\/\u0393-Butyrolacton\" target=\"_blank\" rel=\"noopener\">\u30a6\u30a3\u30ad\u30da\u30c7\u30a3\u30a2<\/a>\u5b89\u6b66\u5316\u5b66\uff09\u3002<\/p>\n\n\n\n<p>\u307e\u3068\u3081\u308b\u3068\u3001GBL\u306e\u6b74\u53f2\u306f\u3001\u8cb4\u91cd\u306a\u5de5\u696d\u7528\u6eb6\u5264\u3068\u3057\u3066\u306e\u5f79\u5272\u3068\u3001GHB\u306e\u524d\u99c6\u4f53\u3068\u3057\u3066\u7ba1\u7406\u3055\u308c\u308b\u3068\u3044\u3046\u4e8c\u91cd\u306e\u5f79\u5272\u306b\u3088\u3063\u3066\u7279\u5fb4\u4ed8\u3051\u3089\u308c\u3001\u305d\u306e\u6709\u7528\u6027\u3068\u4e71\u7528\u3092\u6e1b\u3089\u3059\u305f\u3081\u306e\u898f\u5236\u306e\u5fc5\u8981\u6027\u306e\u4e21\u65b9\u3092\u53cd\u6620\u3057\u3066\u3044\u308b\u3002<\/p>","protected":false},"excerpt":{"rendered":"<p>Was ist GBL &#8211; Gamma-Butyrolacton (GBL) ist eine farblose, hygroskopische Fl\u00fcssigkeit, die f\u00fcr ihre Verwendung als industrielles L\u00f6sungsmittel und chemisches Zwischenprodukt bekannt ist. Es hat die Molekularformel C\u2084H\u2086O\u2082 und zeichnet sich durch einen schwachen Geruch und einen bitteren Geschmack aus. GBL ist ein Lacton, eine Art zyklischer Ester, und ist ein Vorl\u00e4ufer von Gamma-Hydroxybutters\u00e4ure (GHB). Andere Namen von GBL: liquid ecstasys, blue nitro, blue Nitro vitality, ghb droge, g droge, gbl dosieren, renewtrient, fire water, gamma-g, gh revitaliser, remforce. Chemische Eigenschaften und industrielle Verwendung von Gamma-Butyrolacton GBL wird industriell durch Dehydrierung von 1,4-Butandiol in Gegenwart eines Kupferkatalysators bei Temperaturen zwischen 180-300 \u00b0C hergestellt. Die Ausbeute bei diesem Verfahren betr\u00e4gt etwa [&hellip;]<\/p>\n","protected":false},"author":2,"featured_media":0,"parent":0,"menu_order":0,"comment_status":"closed","ping_status":"closed","template":"","meta":{"footnotes":""},"class_list":["post-15705","page","type-page","status-publish","hentry"],"blocksy_meta":[],"jetpack_sharing_enabled":true,"_links":{"self":[{"href":"https:\/\/ko-tropfen-kaufen.com\/ja\/wp-json\/wp\/v2\/pages\/15705","targetHints":{"allow":["GET"]}}],"collection":[{"href":"https:\/\/ko-tropfen-kaufen.com\/ja\/wp-json\/wp\/v2\/pages"}],"about":[{"href":"https:\/\/ko-tropfen-kaufen.com\/ja\/wp-json\/wp\/v2\/types\/page"}],"author":[{"embeddable":true,"href":"https:\/\/ko-tropfen-kaufen.com\/ja\/wp-json\/wp\/v2\/users\/2"}],"replies":[{"embeddable":true,"href":"https:\/\/ko-tropfen-kaufen.com\/ja\/wp-json\/wp\/v2\/comments?post=15705"}],"version-history":[{"count":2,"href":"https:\/\/ko-tropfen-kaufen.com\/ja\/wp-json\/wp\/v2\/pages\/15705\/revisions"}],"predecessor-version":[{"id":15831,"href":"https:\/\/ko-tropfen-kaufen.com\/ja\/wp-json\/wp\/v2\/pages\/15705\/revisions\/15831"}],"wp:attachment":[{"href":"https:\/\/ko-tropfen-kaufen.com\/ja\/wp-json\/wp\/v2\/media?parent=15705"}],"curies":[{"name":"wp","href":"https:\/\/api.w.org\/{rel}","templated":true}]}}