{"id":15957,"date":"2025-08-13T18:57:26","date_gmt":"2025-08-13T18:57:26","guid":{"rendered":"https:\/\/ko-tropfen-kaufen.com\/?post_type=product&#038;p=15957"},"modified":"2026-04-19T13:50:37","modified_gmt":"2026-04-19T12:50:37","slug":"acquista-bdo","status":"publish","type":"product","link":"https:\/\/ko-tropfen-kaufen.com\/it\/product\/acquista-bdo\/","title":{"rendered":"BDO (1,4-butandiolo)"},"content":{"rendered":"<h1 data-start=\"362\" data-end=\"434\">Acquistare BDO - La guida compatta all'1,4-butandiolo (BDO) in Germania<\/h1>\n<p data-start=\"436\" data-end=\"645\"><strong data-start=\"436\" data-end=\"452\">Breve e chiaro:<\/strong> Se <strong data-start=\"462\" data-end=\"485\">BDO (1,4-butandiolo)<\/strong> per la ricerca o per le applicazioni industriali in Germania, potete scoprire rapidamente cosa \u00e8 importante qui: qualit\u00e0, sicurezza e certezza del diritto.<\/p>\n<h2 data-start=\"652\" data-end=\"697\">Che cos'\u00e8 e a cosa serve BDO (acquistare BDO)?<\/h2>\n<p data-start=\"698\" data-end=\"970\">L'1,4-butandiolo (BDO) \u00e8 un diolo incolore e igroscopico, un solvente e un intermedio versatile. Applicazioni tipiche: Produzione di polimeri e materie plastiche, sintesi farmaceutica, solvente reattivo in laboratorio e formulazioni industriali.<\/p>\n<p data-start=\"972\" data-end=\"995\"><strong data-start=\"972\" data-end=\"993\">Perch\u00e9 scegliere BDO?<\/strong><\/p>\n<ul data-start=\"996\" data-end=\"1159\">\n<li data-start=\"996\" data-end=\"1041\">\n<p data-start=\"998\" data-end=\"1041\">Buona solubilit\u00e0 e stabilit\u00e0 chimica<\/p>\n<\/li>\n<li data-start=\"1042\" data-end=\"1096\">\n<p data-start=\"1044\" data-end=\"1096\">Durata di conservazione a lungo termine con una corretta conservazione<\/p>\n<\/li>\n<li data-start=\"1097\" data-end=\"1159\">\n<p data-start=\"1099\" data-end=\"1159\">Prodotto intermedio ampiamente utilizzato nella ricerca e nell'industria<\/p>\n<\/li>\n<\/ul>\n<h2 data-start=\"1166\" data-end=\"1217\">A cosa bisogna prestare attenzione al momento dell'acquisto<\/h2>\n<ul data-start=\"1218\" data-end=\"1823\">\n<li data-start=\"1218\" data-end=\"1303\">\n<p data-start=\"1220\" data-end=\"1303\"><strong data-start=\"1220\" data-end=\"1233\">Purezza:<\/strong> \u2265 99,5% (per le richieste pi\u00f9 elevate \u00e8 possibile 99,9%). Richiedere sempre il COA.<\/p>\n<\/li>\n<li data-start=\"1304\" data-end=\"1406\">\n<p data-start=\"1306\" data-end=\"1406\"><strong data-start=\"1306\" data-end=\"1320\">COA E SDS:<\/strong> Certificato di analisi + scheda di sicurezza per lotto. Senza COA: non acquistare.<\/p>\n<\/li>\n<li data-start=\"1407\" data-end=\"1484\">\n<p data-start=\"1409\" data-end=\"1484\"><strong data-start=\"1409\" data-end=\"1435\">Certificati del produttore:<\/strong> Le istruzioni GMP\/ISO aumentano l'affidabilit\u00e0.<\/p>\n<\/li>\n<li data-start=\"1485\" data-end=\"1595\">\n<p data-start=\"1487\" data-end=\"1595\"><strong data-start=\"1487\" data-end=\"1512\">Imballaggio e spedizione:<\/strong> Contenitori a prova di perdite e conformi alle norme ONU; consegna discreta e sicura in Germania.<\/p>\n<\/li>\n<li data-start=\"1596\" data-end=\"1733\">\n<p data-start=\"1598\" data-end=\"1733\"><strong data-start=\"1598\" data-end=\"1612\">Tipo di acquirente:<\/strong> Vendite preferibilmente a clienti commerciali, laboratori e istituti di ricerca - clienti privati solo con prove legittime.<\/p>\n<\/li>\n<li data-start=\"1734\" data-end=\"1823\">\n<p data-start=\"1736\" data-end=\"1823\"><strong data-start=\"1736\" data-end=\"1754\">Assistenza clienti:<\/strong> Dovrebbero essere disponibili consigli tecnici e informazioni sui lotti.<\/p>\n<\/li>\n<\/ul>\n<h2 data-start=\"1830\" data-end=\"1877\">Dati tecnici<\/h2>\n<div class=\"_tableContainer_1rjym_1\">\n<div class=\"_tableWrapper_1rjym_13 group flex w-fit flex-col-reverse\" tabindex=\"-1\">\n<table class=\"w-fit min-w-(--thread-content-width)\" data-start=\"1878\" data-end=\"2321\">\n<thead data-start=\"1878\" data-end=\"1910\">\n<tr data-start=\"1878\" data-end=\"1910\">\n<th data-start=\"1878\" data-end=\"1892\" data-col-size=\"sm\">Caratteristica<\/th>\n<th data-start=\"1892\" data-end=\"1910\" data-col-size=\"md\">Valore tipico<\/th>\n<\/tr>\n<\/thead>\n<tbody data-start=\"1922\" data-end=\"2321\">\n<tr data-start=\"1922\" data-end=\"1969\">\n<td data-start=\"1922\" data-end=\"1946\" data-col-size=\"sm\">Nome chimico<\/td>\n<td data-start=\"1946\" data-end=\"1969\" data-col-size=\"md\">1,4-butandiolo (BDO)<\/td>\n<\/tr>\n<tr data-start=\"1970\" data-end=\"1996\">\n<td data-start=\"1970\" data-end=\"1985\" data-col-size=\"sm\">Formula della somma<\/td>\n<td data-start=\"1985\" data-end=\"1996\" data-col-size=\"md\"><a href=\"https:\/\/de.wikipedia.org\/wiki\/1,4-Butandiol\" target=\"_blank\" rel=\"noopener\">C\u2084H\u2081\u2080O\u2082<\/a><\/td>\n<\/tr>\n<tr data-start=\"1997\" data-end=\"2033\">\n<td data-start=\"1997\" data-end=\"2016\" data-col-size=\"sm\">Peso molecolare<\/td>\n<td data-start=\"2016\" data-end=\"2033\" data-col-size=\"md\">90,12 g-mol-\u00b9<\/td>\n<\/tr>\n<tr data-start=\"2034\" data-end=\"2073\">\n<td data-start=\"2034\" data-end=\"2045\" data-col-size=\"sm\">La purezza<\/td>\n<td data-start=\"2045\" data-end=\"2073\" data-col-size=\"md\">\u2265 99,5 % (COA confermato)<\/td>\n<\/tr>\n<tr data-start=\"2074\" data-end=\"2113\">\n<td data-start=\"2074\" data-end=\"2092\" data-col-size=\"sm\">Stato aggregato<\/td>\n<td data-start=\"2092\" data-end=\"2113\" data-col-size=\"md\">Liquido (incolore)<\/td>\n<\/tr>\n<tr data-start=\"2114\" data-end=\"2155\">\n<td data-start=\"2114\" data-end=\"2131\" data-col-size=\"sm\">Densit\u00e0 (20 \u00b0C)<\/td>\n<td data-start=\"2131\" data-end=\"2155\" data-col-size=\"md\">circa 1,01-1,02 g-cm-\u00b3<\/td>\n<\/tr>\n<tr data-start=\"2156\" data-end=\"2183\">\n<td data-start=\"2156\" data-end=\"2169\" data-col-size=\"sm\">Punto di ebollizione<\/td>\n<td data-start=\"2169\" data-end=\"2183\" data-col-size=\"md\">circa 230 \u00b0C<\/td>\n<\/tr>\n<tr data-start=\"2184\" data-end=\"2222\">\n<td data-start=\"2184\" data-end=\"2211\" data-col-size=\"sm\">Punto di infiammabilit\u00e0 (chiuso)<\/td>\n<td data-start=\"2211\" data-end=\"2222\" data-col-size=\"md\">\u2248 96 \u00b0C<\/td>\n<\/tr>\n<tr data-start=\"2223\" data-end=\"2298\">\n<td data-start=\"2223\" data-end=\"2237\" data-col-size=\"sm\">Solubilit\u00e0<\/td>\n<td data-start=\"2237\" data-end=\"2298\" data-col-size=\"md\">Miscibile con acqua e molti solventi organici<\/td>\n<\/tr>\n<tr data-start=\"2299\" data-end=\"2321\">\n<td data-start=\"2299\" data-end=\"2309\" data-col-size=\"sm\">Numero CAS<\/td>\n<td data-start=\"2309\" data-end=\"2321\" data-col-size=\"md\">110-63-4<\/td>\n<\/tr>\n<\/tbody>\n<\/table>\n<div class=\"sticky end-(--thread-content-margin) h-0 self-end select-none\">\n<div class=\"absolute end-0 flex items-end\"><\/div>\n<\/div>\n<\/div>\n<\/div>\n<p data-start=\"2323\" data-end=\"2423\"><em data-start=\"2323\" data-end=\"2333\">Nota:<\/em> I valori esatti sono riportati sul COA di ciascun lotto; controllare questo documento prima dell'uso.<\/p>\n<h2 data-start=\"2430\" data-end=\"2462\">Conservazione e manipolazione sicura<\/h2>\n<ul data-start=\"2463\" data-end=\"2880\">\n<li data-start=\"2463\" data-end=\"2547\">\n<p data-start=\"2465\" data-end=\"2547\"><strong data-start=\"2465\" data-end=\"2486\">Condizioni di conservazione:<\/strong> Fresco (10-25 \u00b0C), asciutto, protetto dalla luce e ben ventilato.<\/p>\n<\/li>\n<li data-start=\"2548\" data-end=\"2622\">\n<p data-start=\"2550\" data-end=\"2622\"><strong data-start=\"2550\" data-end=\"2558\">PSA:<\/strong> Utilizzare guanti, occhiali di sicurezza e indumenti protettivi adeguati.<\/p>\n<\/li>\n<li data-start=\"2623\" data-end=\"2708\">\n<p data-start=\"2625\" data-end=\"2708\"><strong data-start=\"2625\" data-end=\"2636\">Manipolazione:<\/strong> Lavorare in un'area ben ventilata; evitare il contatto con la pelle\/gli occhi.<\/p>\n<\/li>\n<li data-start=\"2709\" data-end=\"2799\">\n<p data-start=\"2711\" data-end=\"2799\"><strong data-start=\"2711\" data-end=\"2726\">Smaltimento:<\/strong> In conformit\u00e0 alle normative tedesche ed europee sui rifiuti; non smaltire mai nelle acque reflue.<\/p>\n<\/li>\n<li data-start=\"2800\" data-end=\"2880\">\n<p data-start=\"2802\" data-end=\"2880\"><strong data-start=\"2802\" data-end=\"2814\">Emergenza:<\/strong> In caso di ingestione o di contatto con gli occhi, consultare immediatamente un medico.<\/p>\n<\/li>\n<\/ul>\n<h2 data-start=\"2887\" data-end=\"2913\">Breve FAQ<\/h2>\n<p data-start=\"2914\" data-end=\"3108\"><strong data-start=\"2914\" data-end=\"2955\">Posso acquistare BDO come privato?<\/strong><br data-start=\"2955\" data-end=\"2958\" \/>Generalmente no: le consegne vengono effettuate a clienti commerciali, laboratori e istituti di ricerca. Verificheremo le eccezioni in presenza di prove giustificate.<\/p>\n<p data-start=\"3110\" data-end=\"3253\"><strong data-start=\"3110\" data-end=\"3144\">Quali documenti ricever\u00f2?<\/strong><br data-start=\"3144\" data-end=\"3147\" \/>Vengono forniti COA (certificato di analisi) e SDS (scheda di sicurezza); i documenti di trasporto sono disponibili su richiesta.<\/p>\n<p data-start=\"3255\" data-end=\"3439\"><strong data-start=\"3255\" data-end=\"3298\">In quanto tempo consegnate in Germania?<\/strong><br data-start=\"3298\" data-end=\"3301\" \/>I tempi di consegna dipendono dalla quantit\u00e0, dallo stato di disponibilit\u00e0 e dal controllo di conformit\u00e0 - la spedizione standard \u00e8 possibile dopo l'approvazione dei documenti.<\/p>\n<p data-start=\"3441\" data-end=\"3667\"><strong data-start=\"3441\" data-end=\"3506\">In che modo il BDO si differenzia da sostanze simili (ad es. <a href=\"https:\/\/ko-tropfen-kaufen.com\/product\/gbl-kaufen-legal\/\">GBL<\/a>)?<\/strong><br data-start=\"3506\" data-end=\"3509\" \/>Il BDO \u00e8 meno volatile, pi\u00f9 stabile e pi\u00f9 facile da maneggiare rispetto ai butirrolattoni; tuttavia, le principali aree di applicazione si sovrappongono nell'industria e nella ricerca.<\/p>\n<h4 data-start=\"4175\" data-end=\"4204\">\u26a0\ufe0f Nota legale<\/h4>\n<p data-start=\"4205\" data-end=\"4456\">Il BDO \u00e8 un prodotto chimico industriale. <strong data-start=\"4239\" data-end=\"4317\">La vendita e la consegna avvengono solo per scopi legali e autorizzati.<\/strong> L'acquirente \u00e8 responsabile della conformit\u00e0 a tutte le leggi tedesche e dell'UE applicabili. \u00c8 vietato l'uso improprio.<\/p>","protected":false},"excerpt":{"rendered":"<p>Acquistare BDO - 1,4-Butandiolo (BDO) in massima purezza \u226599,5% per la ricerca e l'industria in Germania. Spedizione sicura e consulenza legale.<\/p>","protected":false},"featured_media":15959,"comment_status":"open","ping_status":"closed","template":"","meta":{"jetpack_publicize_message":"","jetpack_publicize_feature_enabled":true,"jetpack_social_post_already_shared":false,"jetpack_social_options":{"image_generator_settings":{"template":"highway","default_image_id":0,"font":"","enabled":false},"version":2}},"product_brand":[],"product_cat":[27],"product_tag":[89,90],"class_list":{"0":"post-15957","1":"product","2":"type-product","3":"status-publish","4":"has-post-thumbnail","6":"product_cat-ko-tropfen-wo-kaufen","7":"product_tag-gbl-bestellen-deutschland","8":"product_tag-ghb-kaufen-deutschland","10":"first","11":"instock","12":"shipping-taxable","13":"purchasable","14":"product-type-variable"},"jetpack_publicize_connections":[],"jetpack_sharing_enabled":true,"_links":{"self":[{"href":"https:\/\/ko-tropfen-kaufen.com\/it\/wp-json\/wp\/v2\/product\/15957","targetHints":{"allow":["GET"]}}],"collection":[{"href":"https:\/\/ko-tropfen-kaufen.com\/it\/wp-json\/wp\/v2\/product"}],"about":[{"href":"https:\/\/ko-tropfen-kaufen.com\/it\/wp-json\/wp\/v2\/types\/product"}],"replies":[{"embeddable":true,"href":"https:\/\/ko-tropfen-kaufen.com\/it\/wp-json\/wp\/v2\/comments?post=15957"}],"version-history":[{"count":3,"href":"https:\/\/ko-tropfen-kaufen.com\/it\/wp-json\/wp\/v2\/product\/15957\/revisions"}],"predecessor-version":[{"id":15961,"href":"https:\/\/ko-tropfen-kaufen.com\/it\/wp-json\/wp\/v2\/product\/15957\/revisions\/15961"}],"wp:featuredmedia":[{"embeddable":true,"href":"https:\/\/ko-tropfen-kaufen.com\/it\/wp-json\/wp\/v2\/media\/15959"}],"wp:attachment":[{"href":"https:\/\/ko-tropfen-kaufen.com\/it\/wp-json\/wp\/v2\/media?parent=15957"}],"wp:term":[{"taxonomy":"product_brand","embeddable":true,"href":"https:\/\/ko-tropfen-kaufen.com\/it\/wp-json\/wp\/v2\/product_brand?post=15957"},{"taxonomy":"product_cat","embeddable":true,"href":"https:\/\/ko-tropfen-kaufen.com\/it\/wp-json\/wp\/v2\/product_cat?post=15957"},{"taxonomy":"product_tag","embeddable":true,"href":"https:\/\/ko-tropfen-kaufen.com\/it\/wp-json\/wp\/v2\/product_tag?post=15957"}],"curies":[{"name":"wp","href":"https:\/\/api.w.org\/{rel}","templated":true}]}}