{"id":15725,"date":"2024-11-25T21:57:31","date_gmt":"2024-11-25T20:57:31","guid":{"rendered":"https:\/\/ko-tropfen-kaufen.com\/?page_id=15725"},"modified":"2025-11-24T16:12:14","modified_gmt":"2025-11-24T15:12:14","slug":"termini-e-condizioni-generali","status":"publish","type":"page","link":"https:\/\/ko-tropfen-kaufen.com\/it\/termini-e-condizioni-generali\/","title":{"rendered":"Termini e condizioni generali"},"content":{"rendered":"<div id=\"ez-toc-container\" class=\"ez-toc-v2_0_82_2 counter-hierarchy ez-toc-counter ez-toc-grey ez-toc-container-direction\">\n<div class=\"ez-toc-title-container\">\n<p class=\"ez-toc-title\" style=\"cursor:inherit\">Indice dei contenuti<\/p>\n<span class=\"ez-toc-title-toggle\"><a href=\"#\" class=\"ez-toc-pull-right ez-toc-btn ez-toc-btn-xs ez-toc-btn-default ez-toc-toggle\" aria-label=\"Allinea la tabella dei contenuti\"><span class=\"ez-toc-js-icon-con\"><span class=\"\"><span class=\"eztoc-hide\" style=\"display:none;\">Toggle<\/span><span class=\"ez-toc-icon-toggle-span\"><svg style=\"fill: #999;color:#999\" xmlns=\"http:\/\/www.w3.org\/2000\/svg\" class=\"list-377408\" width=\"20px\" height=\"20px\" viewbox=\"0 0 24 24\" fill=\"none\"><path d=\"M6 6H4v2h2V6zm14 0H8v2h12V6zM4 11h2v2H4v-2zm16 0H8v2h12v-2zM4 16h2v2H4v-2zm16 0H8v2h12v-2z\" fill=\"currentColor\"><\/path><\/svg><svg style=\"fill: #999;color:#999\" class=\"arrow-unsorted-368013\" xmlns=\"http:\/\/www.w3.org\/2000\/svg\" width=\"10px\" height=\"10px\" viewbox=\"0 0 24 24\" version=\"1.2\" baseprofile=\"tiny\"><path d=\"M18.2 9.3l-6.2-6.3-6.2 6.3c-.2.2-.3.4-.3.7s.1.5.3.7c.2.2.4.3.7.3h11c.3 0 .5-.1.7-.3.2-.2.3-.5.3-.7s-.1-.5-.3-.7zM5.8 14.7l6.2 6.3 6.2-6.3c.2-.2.3-.5.3-.7s-.1-.5-.3-.7c-.2-.2-.4-.3-.7-.3h-11c-.3 0-.5.1-.7.3-.2.2-.3.5-.3.7s.1.5.3.7z\"\/><\/svg><\/span><\/span><\/span><\/a><\/span><\/div>\n<nav><ul class='ez-toc-list ez-toc-list-level-1' ><li class='ez-toc-page-1 ez-toc-heading-level-3'><a class=\"ez-toc-link ez-toc-heading-1\" href=\"https:\/\/ko-tropfen-kaufen.com\/it\/termini-e-condizioni-generali\/#Ko-Tropfen-Kaufencom\" >Acquista-co-drops.com<\/a><\/li><li class='ez-toc-page-1 ez-toc-heading-level-3'><a class=\"ez-toc-link ez-toc-heading-2\" href=\"https:\/\/ko-tropfen-kaufen.com\/it\/termini-e-condizioni-generali\/#1_Allgemeine_Bedingungen\" >1. condizioni generali<\/a><\/li><li class='ez-toc-page-1 ez-toc-heading-level-3'><a class=\"ez-toc-link ez-toc-heading-3\" href=\"https:\/\/ko-tropfen-kaufen.com\/it\/termini-e-condizioni-generali\/#2_Bestellungen_und_Zahlungen\" >2. ordini e pagamenti<\/a><\/li><li class='ez-toc-page-1 ez-toc-heading-level-3'><a class=\"ez-toc-link ez-toc-heading-4\" href=\"https:\/\/ko-tropfen-kaufen.com\/it\/termini-e-condizioni-generali\/#3_Versand_und_Lieferung\" >3. spedizione e consegna<\/a><\/li><li class='ez-toc-page-1 ez-toc-heading-level-3'><a class=\"ez-toc-link ez-toc-heading-5\" href=\"https:\/\/ko-tropfen-kaufen.com\/it\/termini-e-condizioni-generali\/#4_Ruckgabe_und_Ruckerstattung\" >4. restituzione e rimborso<\/a><\/li><li class='ez-toc-page-1 ez-toc-heading-level-3'><a class=\"ez-toc-link ez-toc-heading-6\" href=\"https:\/\/ko-tropfen-kaufen.com\/it\/termini-e-condizioni-generali\/#5_Haftungsausschluss\" >5. esclusione di responsabilit\u00e0<\/a><\/li><li class='ez-toc-page-1 ez-toc-heading-level-3'><a class=\"ez-toc-link ez-toc-heading-7\" href=\"https:\/\/ko-tropfen-kaufen.com\/it\/termini-e-condizioni-generali\/#6_Datenschutz\" >6. protezione dei dati<\/a><\/li><li class='ez-toc-page-1 ez-toc-heading-level-3'><a class=\"ez-toc-link ez-toc-heading-8\" href=\"https:\/\/ko-tropfen-kaufen.com\/it\/termini-e-condizioni-generali\/#7_Geistiges_Eigentum\" >7 Propriet\u00e0 intellettuale<\/a><\/li><li class='ez-toc-page-1 ez-toc-heading-level-3'><a class=\"ez-toc-link ez-toc-heading-9\" href=\"https:\/\/ko-tropfen-kaufen.com\/it\/termini-e-condizioni-generali\/#8_Anwendbares_Recht\" >8 Legge applicabile<\/a><\/li><li class='ez-toc-page-1 ez-toc-heading-level-3'><a class=\"ez-toc-link ez-toc-heading-10\" href=\"https:\/\/ko-tropfen-kaufen.com\/it\/termini-e-condizioni-generali\/#9_Kontakt\" >9. Contatto<\/a><\/li><\/ul><\/nav><\/div>\n<h3 class=\"wp-block-heading\" id=\"h-ko-tropfen-kaufen-com\"><span class=\"ez-toc-section\" id=\"Ko-Tropfen-Kaufencom\"><\/span>Acquista-co-drops.com<span class=\"ez-toc-section-end\"><\/span><\/h3>\n\n\n\n<p>Benvenuti a <a href=\"https:\/\/ko-tropfen-kaufen.com?v=820eb5b696ea\">Acquista-co-drops.com<\/a>. Accedendo al nostro sito web e utilizzando i nostri servizi, l'utente accetta le seguenti Condizioni Generali (CGC). Si prega di leggerle attentamente.<\/p>\n\n\n\n<h3 class=\"wp-block-heading\" id=\"h-1-allgemeine-bedingungen\"><span class=\"ez-toc-section\" id=\"1_Allgemeine_Bedingungen\"><\/span>1. condizioni generali<span class=\"ez-toc-section-end\"><\/span><\/h3>\n\n\n\n<p>1.1. <strong>Utilizzo del sito web:<\/strong> Utilizzando il nostro sito web, l'utente accetta i presenti termini e condizioni e si impegna a rispettare tutte le leggi e le normative vigenti.<\/p>\n\n\n\n<p>1.2. <strong>Modifiche:<\/strong> Ci riserviamo il diritto di modificare le presenti CGV in qualsiasi momento. Le modifiche saranno pubblicate su questa pagina e avranno effetto immediato. L'uso continuato del sito web da parte dell'utente costituisce accettazione dei termini modificati.<\/p>\n\n\n\n<h3 class=\"wp-block-heading\" id=\"h-2-bestellungen-und-zahlungen\"><span class=\"ez-toc-section\" id=\"2_Bestellungen_und_Zahlungen\"><\/span>2. ordini e pagamenti<span class=\"ez-toc-section-end\"><\/span><\/h3>\n\n\n\n<p>2.1. <strong>Processo di ordinazione:<\/strong> Tutti gli ordini effettuati sul nostro sito web sono vincolanti. Riceverete una conferma d'ordine via e-mail non appena il vostro ordine sar\u00e0 andato a buon fine.<\/p>\n\n\n\n<p>2.2. <strong>Prezzi:<\/strong> Tutti i prezzi indicati sul sito web sono comprensivi di IVA, ma non delle spese di spedizione. Ci riserviamo il diritto di modificare i prezzi in qualsiasi momento.<\/p>\n\n\n\n<p>2.3. <strong>Metodi di pagamento:<\/strong> Accettiamo diversi metodi di pagamento, che vengono specificati durante il processo d'ordine. Il pagamento deve essere effettuato prima della spedizione dei prodotti ordinati.<\/p>\n\n\n\n<h3 class=\"wp-block-heading\" id=\"h-3-versand-und-lieferung\"><span class=\"ez-toc-section\" id=\"3_Versand_und_Lieferung\"><\/span>3. spedizione e consegna<span class=\"ez-toc-section-end\"><\/span><\/h3>\n\n\n\n<p>3.1. <strong>Spedizione:<\/strong> Spediamo i nostri prodotti in Germania e all'estero. I costi di spedizione e i tempi di consegna sono indicati durante il processo di ordinazione.<\/p>\n\n\n\n<p>3.2. <strong>Tempi di consegna:<\/strong> I tempi di consegna possono variare a seconda della destinazione della spedizione. Ci impegniamo a spedire l'ordine nel pi\u00f9 breve tempo possibile. I ritardi dovuti a circostanze impreviste sono fuori dal nostro controllo.<\/p>\n\n\n\n<h3 class=\"wp-block-heading\" id=\"h-4-ruckgabe-und-ruckerstattung\"><span class=\"ez-toc-section\" id=\"4_Ruckgabe_und_Ruckerstattung\"><\/span>4. restituzione e rimborso<span class=\"ez-toc-section-end\"><\/span><\/h3>\n\n\n\n<p>4.1. <strong>Diritto al ritorno:<\/strong> Avete il diritto di restituire i prodotti entro 30 giorni dal ricevimento. I prodotti devono essere restituiti nelle loro condizioni originali, non aperti e non utilizzati.<\/p>\n\n\n\n<p>4.2. <strong>Rimborso:<\/strong> Al ricevimento e all'ispezione dei prodotti restituiti, verr\u00e0 emesso un rimborso sul metodo di pagamento originale entro 5-7 giorni lavorativi.<\/p>\n\n\n\n<h3 class=\"wp-block-heading\" id=\"h-5-haftungsausschluss\"><span class=\"ez-toc-section\" id=\"5_Haftungsausschluss\"><\/span>5. esclusione di responsabilit\u00e0<span class=\"ez-toc-section-end\"><\/span><\/h3>\n\n\n\n<p>5.1. <strong>Contenuti del sito web:<\/strong> Sebbene ci sforziamo di fornire informazioni accurate e aggiornate, non ci assumiamo alcuna responsabilit\u00e0 per l'accuratezza, la completezza o la tempestivit\u00e0 dei contenuti del nostro sito web.<\/p>\n\n\n\n<p>5.2. <strong>Collegamenti esterni:<\/strong> Il nostro sito web pu\u00f2 contenere link a siti esterni. Non siamo responsabili del contenuto o delle pratiche di privacy di questi siti web.<\/p>\n\n\n\n<h3 class=\"wp-block-heading\" id=\"h-6-datenschutz\"><span class=\"ez-toc-section\" id=\"6_Datenschutz\"><\/span>6. protezione dei dati<span class=\"ez-toc-section-end\"><\/span><\/h3>\n\n\n\n<p>6.1. <strong>Informativa sulla privacy:<\/strong> La nostra Informativa sulla privacy, che descrive le modalit\u00e0 di raccolta, utilizzo e protezione dei dati personali, \u00e8 parte integrante delle presenti CGV.<\/p>\n\n\n\n<h3 class=\"wp-block-heading\" id=\"h-7-geistiges-eigentum\"><span class=\"ez-toc-section\" id=\"7_Geistiges_Eigentum\"><\/span>7 Propriet\u00e0 intellettuale<span class=\"ez-toc-section-end\"><\/span><\/h3>\n\n\n\n<p>7.1. <strong>Copyright:<\/strong> Tutti i contenuti del nostro sito web, compresi testi, immagini e grafica, sono protetti da copyright. \u00c8 vietato l'uso di questi contenuti senza il nostro esplicito consenso scritto.<\/p>\n\n\n\n<h3 class=\"wp-block-heading\" id=\"h-8-anwendbares-recht\"><span class=\"ez-toc-section\" id=\"8_Anwendbares_Recht\"><\/span>8 Legge applicabile<span class=\"ez-toc-section-end\"><\/span><\/h3>\n\n\n\n<p>8.1. <strong>Luogo di giurisdizione:<\/strong> Le presenti CG sono soggette al diritto tedesco. In caso di controversie, il foro competente \u00e8 la sede legale della nostra societ\u00e0.<\/p>\n\n\n\n<h3 class=\"wp-block-heading\" id=\"h-9-kontakt\"><span class=\"ez-toc-section\" id=\"9_Kontakt\"><\/span>9. Contatto<span class=\"ez-toc-section-end\"><\/span><\/h3>\n\n\n\n<p>In caso di domande sulle presenti CGV, si prega di contattarci all'indirizzo <a>support@ko-tropfen-kaufen.com<\/a>. Cerchiamo sempre di risolvere i vostri problemi in modo rapido e soddisfacente.<\/p>\n\n\n\n<p>Grazie per aver acquistato su Ko-Tropfen-Kaufen.com!<\/p>","protected":false},"excerpt":{"rendered":"<p>Ko-Tropfen-Kaufen.com Willkommen bei Ko-Tropfen-Kaufen.com. Durch den Zugriff auf unsere Website und die Nutzung unserer Dienste stimmen Sie den folgenden Allgemeinen Gesch\u00e4ftsbedingungen (AGB) zu. Bitte lesen Sie diese sorgf\u00e4ltig durch. 1. Allgemeine Bedingungen 1.1. Nutzung der Website: Durch die Nutzung unserer Website erkl\u00e4ren Sie sich mit diesen AGB einverstanden und verpflichten sich, alle geltenden Gesetze und [&hellip;]<\/p>\n","protected":false},"author":2,"featured_media":0,"parent":0,"menu_order":0,"comment_status":"closed","ping_status":"closed","template":"","meta":{"footnotes":""},"class_list":["post-15725","page","type-page","status-publish","hentry"],"blocksy_meta":[],"jetpack_sharing_enabled":true,"_links":{"self":[{"href":"https:\/\/ko-tropfen-kaufen.com\/it\/wp-json\/wp\/v2\/pages\/15725","targetHints":{"allow":["GET"]}}],"collection":[{"href":"https:\/\/ko-tropfen-kaufen.com\/it\/wp-json\/wp\/v2\/pages"}],"about":[{"href":"https:\/\/ko-tropfen-kaufen.com\/it\/wp-json\/wp\/v2\/types\/page"}],"author":[{"embeddable":true,"href":"https:\/\/ko-tropfen-kaufen.com\/it\/wp-json\/wp\/v2\/users\/2"}],"replies":[{"embeddable":true,"href":"https:\/\/ko-tropfen-kaufen.com\/it\/wp-json\/wp\/v2\/comments?post=15725"}],"version-history":[{"count":1,"href":"https:\/\/ko-tropfen-kaufen.com\/it\/wp-json\/wp\/v2\/pages\/15725\/revisions"}],"predecessor-version":[{"id":15726,"href":"https:\/\/ko-tropfen-kaufen.com\/it\/wp-json\/wp\/v2\/pages\/15725\/revisions\/15726"}],"wp:attachment":[{"href":"https:\/\/ko-tropfen-kaufen.com\/it\/wp-json\/wp\/v2\/media?parent=15725"}],"curies":[{"name":"wp","href":"https:\/\/api.w.org\/{rel}","templated":true}]}}