{"id":15720,"date":"2024-11-25T20:38:37","date_gmt":"2024-11-25T20:38:37","guid":{"rendered":"https:\/\/ko-tropfen-kaufen.com\/?page_id=15720"},"modified":"2024-11-25T20:38:42","modified_gmt":"2024-11-25T20:38:42","slug":"informativa-sulla-privacy","status":"publish","type":"page","link":"https:\/\/ko-tropfen-kaufen.com\/it\/informativa-sulla-privacy\/","title":{"rendered":"Informativa sulla privacy"},"content":{"rendered":"<div id=\"ez-toc-container\" class=\"ez-toc-v2_0_82_2 counter-hierarchy ez-toc-counter ez-toc-grey ez-toc-container-direction\">\n<div class=\"ez-toc-title-container\">\n<p class=\"ez-toc-title\" style=\"cursor:inherit\">Indice dei contenuti<\/p>\n<span class=\"ez-toc-title-toggle\"><a href=\"#\" class=\"ez-toc-pull-right ez-toc-btn ez-toc-btn-xs ez-toc-btn-default ez-toc-toggle\" aria-label=\"Allinea la tabella dei contenuti\"><span class=\"ez-toc-js-icon-con\"><span class=\"\"><span class=\"eztoc-hide\" style=\"display:none;\">Toggle<\/span><span class=\"ez-toc-icon-toggle-span\"><svg style=\"fill: #999;color:#999\" xmlns=\"http:\/\/www.w3.org\/2000\/svg\" class=\"list-377408\" width=\"20px\" height=\"20px\" viewbox=\"0 0 24 24\" fill=\"none\"><path d=\"M6 6H4v2h2V6zm14 0H8v2h12V6zM4 11h2v2H4v-2zm16 0H8v2h12v-2zM4 16h2v2H4v-2zm16 0H8v2h12v-2z\" fill=\"currentColor\"><\/path><\/svg><svg style=\"fill: #999;color:#999\" class=\"arrow-unsorted-368013\" xmlns=\"http:\/\/www.w3.org\/2000\/svg\" width=\"10px\" height=\"10px\" viewbox=\"0 0 24 24\" version=\"1.2\" baseprofile=\"tiny\"><path d=\"M18.2 9.3l-6.2-6.3-6.2 6.3c-.2.2-.3.4-.3.7s.1.5.3.7c.2.2.4.3.7.3h11c.3 0 .5-.1.7-.3.2-.2.3-.5.3-.7s-.1-.5-.3-.7zM5.8 14.7l6.2 6.3 6.2-6.3c.2-.2.3-.5.3-.7s-.1-.5-.3-.7c-.2-.2-.4-.3-.7-.3h-11c-.3 0-.5.1-.7.3-.2.2-.3.5-.3.7s.1.5.3.7z\"\/><\/svg><\/span><\/span><\/span><\/a><\/span><\/div>\n<nav><ul class='ez-toc-list ez-toc-list-level-1' ><li class='ez-toc-page-1 ez-toc-heading-level-3'><a class=\"ez-toc-link ez-toc-heading-1\" href=\"https:\/\/ko-tropfen-kaufen.com\/it\/informativa-sulla-privacy\/#Ko-Tropfen-Kaufencom_Datenschutzrichtlinie\" >Informativa sulla privacy di Ko-Tropfen-Kaufen.com<\/a><\/li><li class='ez-toc-page-1 ez-toc-heading-level-3'><a class=\"ez-toc-link ez-toc-heading-2\" href=\"https:\/\/ko-tropfen-kaufen.com\/it\/informativa-sulla-privacy\/#Erfassung_und_Verwendung_von_Daten\" >Raccolta e utilizzo dei dati<\/a><ul class='ez-toc-list-level-4' ><li class='ez-toc-heading-level-4'><a class=\"ez-toc-link ez-toc-heading-3\" href=\"https:\/\/ko-tropfen-kaufen.com\/it\/informativa-sulla-privacy\/#Personliche_Daten\" >Dati personali<\/a><\/li><li class='ez-toc-page-1 ez-toc-heading-level-4'><a class=\"ez-toc-link ez-toc-heading-4\" href=\"https:\/\/ko-tropfen-kaufen.com\/it\/informativa-sulla-privacy\/#Automatisch_erfasste_Daten\" >Dati registrati automaticamente<\/a><\/li><\/ul><\/li><li class='ez-toc-page-1 ez-toc-heading-level-3'><a class=\"ez-toc-link ez-toc-heading-5\" href=\"https:\/\/ko-tropfen-kaufen.com\/it\/informativa-sulla-privacy\/#Verwendung_von_Cookies\" >Utilizzo dei cookie<\/a><\/li><li class='ez-toc-page-1 ez-toc-heading-level-3'><a class=\"ez-toc-link ez-toc-heading-6\" href=\"https:\/\/ko-tropfen-kaufen.com\/it\/informativa-sulla-privacy\/#Weitergabe_von_Daten\" >Inoltro dei dati<\/a><\/li><li class='ez-toc-page-1 ez-toc-heading-level-3'><a class=\"ez-toc-link ez-toc-heading-7\" href=\"https:\/\/ko-tropfen-kaufen.com\/it\/informativa-sulla-privacy\/#Datensicherheit\" >Sicurezza dei dati<\/a><\/li><li class='ez-toc-page-1 ez-toc-heading-level-3'><a class=\"ez-toc-link ez-toc-heading-8\" href=\"https:\/\/ko-tropfen-kaufen.com\/it\/informativa-sulla-privacy\/#Ihre_Rechte\" >I vostri diritti<\/a><\/li><li class='ez-toc-page-1 ez-toc-heading-level-3'><a class=\"ez-toc-link ez-toc-heading-9\" href=\"https:\/\/ko-tropfen-kaufen.com\/it\/informativa-sulla-privacy\/#Anderungen_an_dieser_Datenschutzrichtlinie\" >Modifiche alla presente informativa sulla privacy<\/a><\/li><li class='ez-toc-page-1 ez-toc-heading-level-3'><a class=\"ez-toc-link ez-toc-heading-10\" href=\"https:\/\/ko-tropfen-kaufen.com\/it\/informativa-sulla-privacy\/#Kontakt\" >Contattateci<\/a><\/li><\/ul><\/nav><\/div>\n<h3 class=\"wp-block-heading\" id=\"h-ko-tropfen-kaufen-com-datenschutzrichtlinie\"><span class=\"ez-toc-section\" id=\"Ko-Tropfen-Kaufencom_Datenschutzrichtlinie\"><\/span>Informativa sulla privacy di Ko-Tropfen-Kaufen.com<span class=\"ez-toc-section-end\"><\/span><\/h3>\n\n\n\n<p>Con <a href=\"https:\/\/ko-tropfen-kaufen.com?v=820eb5b696ea\">Acquista-co-drops.com<\/a> attribuiamo grande importanza alla tutela della vostra privacy e alla sicurezza dei vostri dati personali. La presente informativa sulla privacy spiega quali informazioni raccogliamo, come le utilizziamo e quali misure adottiamo per proteggere i vostri dati.<\/p>\n\n\n\n<h3 class=\"wp-block-heading\" id=\"h-erfassung-und-verwendung-von-daten\"><span class=\"ez-toc-section\" id=\"Erfassung_und_Verwendung_von_Daten\"><\/span>Raccolta e utilizzo dei dati<span class=\"ez-toc-section-end\"><\/span><\/h3>\n\n\n\n<h4 class=\"wp-block-heading\" id=\"h-personliche-daten\"><span class=\"ez-toc-section\" id=\"Personliche_Daten\"><\/span>Dati personali<span class=\"ez-toc-section-end\"><\/span><\/h4>\n\n\n\n<p>Raccogliamo i dati personali che ci fornite volontariamente quando utilizzate il nostro sito web, come ad esempio<\/p>\n\n\n\n<ul class=\"wp-block-list\">\n<li>Nome<\/li>\n\n\n\n<li>Indirizzo<\/li>\n\n\n\n<li>Indirizzo e-mail<\/li>\n\n\n\n<li>Numero di telefono<\/li>\n\n\n\n<li>Informazioni sul pagamento<\/li>\n<\/ul>\n\n\n\n<p>Queste informazioni vengono utilizzate per elaborare gli ordini, fornire assistenza ai clienti e inviare informazioni e offerte pertinenti.<\/p>\n\n\n\n<h4 class=\"wp-block-heading\" id=\"h-automatisch-erfasste-daten\"><span class=\"ez-toc-section\" id=\"Automatisch_erfasste_Daten\"><\/span>Dati registrati automaticamente<span class=\"ez-toc-section-end\"><\/span><\/h4>\n\n\n\n<p>Quando visitate il nostro sito web, raccogliamo automaticamente alcune informazioni sul vostro dispositivo e sul vostro utilizzo del sito, tra cui:<\/p>\n\n\n\n<ul class=\"wp-block-list\">\n<li>Indirizzo IP<\/li>\n\n\n\n<li>Tipo e versione del browser<\/li>\n\n\n\n<li>URL di riferimento<\/li>\n\n\n\n<li>Data e ora dell'accesso<\/li>\n\n\n\n<li>Pagine visitate e link cliccati<\/li>\n<\/ul>\n\n\n\n<p>Queste informazioni ci aiutano a migliorare il nostro sito web e a ottimizzare l'esperienza dell'utente.<\/p>\n\n\n\n<h3 class=\"wp-block-heading\" id=\"h-verwendung-von-cookies\"><span class=\"ez-toc-section\" id=\"Verwendung_von_Cookies\"><\/span>Utilizzo dei cookie<span class=\"ez-toc-section-end\"><\/span><\/h3>\n\n\n\n<p>Il nostro sito web utilizza i cookie per migliorare l'esperienza dell'utente e per fornire determinate funzioni. I cookie sono piccoli file di testo che vengono memorizzati sul vostro dispositivo. \u00c8 possibile disabilitare l'uso dei cookie nelle impostazioni del browser, ma ci\u00f2 potrebbe influire sulla funzionalit\u00e0 del nostro sito web.<\/p>\n\n\n\n<h3 class=\"wp-block-heading\" id=\"h-weitergabe-von-daten\"><span class=\"ez-toc-section\" id=\"Weitergabe_von_Daten\"><\/span>Inoltro dei dati<span class=\"ez-toc-section-end\"><\/span><\/h3>\n\n\n\n<p>Non trasmettiamo i vostri dati personali a terzi, tranne nei seguenti casi:<\/p>\n\n\n\n<ul class=\"wp-block-list\">\n<li><strong>Fornitore di servizi:<\/strong> Collaboriamo con fornitori di servizi di fiducia che svolgono determinate attivit\u00e0 per nostro conto, come l'elaborazione dei pagamenti e la spedizione. Questi fornitori di servizi hanno accesso solo alle informazioni necessarie per svolgere i loro compiti e sono obbligati per contratto a proteggere i vostri dati.<\/li>\n\n\n\n<li><strong>Requisiti legali:<\/strong> Possiamo divulgare le vostre informazioni se richiesto dalla legge o per proteggere i nostri diritti.<\/li>\n<\/ul>\n\n\n\n<h3 class=\"wp-block-heading\" id=\"h-datensicherheit\"><span class=\"ez-toc-section\" id=\"Datensicherheit\"><\/span>Sicurezza dei dati<span class=\"ez-toc-section-end\"><\/span><\/h3>\n\n\n\n<p>Utilizziamo misure tecniche e organizzative adeguate per proteggere i vostri dati personali da accessi non autorizzati, perdita o uso improprio. Tali misure comprendono la crittografia delle informazioni sensibili e regolari controlli di sicurezza.<\/p>\n\n\n\n<h3 class=\"wp-block-heading\" id=\"h-ihre-rechte\"><span class=\"ez-toc-section\" id=\"Ihre_Rechte\"><\/span>I vostri diritti<span class=\"ez-toc-section-end\"><\/span><\/h3>\n\n\n\n<p>Avete il diritto di ottenere in qualsiasi momento informazioni sui dati personali da noi conservati, di richiederne la correzione o la cancellazione e di opporvi al trattamento dei vostri dati. A tal fine, vi preghiamo di contattarci all'indirizzo <a>support@ko-tropfen-kaufen.com<\/a>.<\/p>\n\n\n\n<h3 class=\"wp-block-heading\" id=\"h-anderungen-an-dieser-datenschutzrichtlinie\"><span class=\"ez-toc-section\" id=\"Anderungen_an_dieser_Datenschutzrichtlinie\"><\/span>Modifiche alla presente informativa sulla privacy<span class=\"ez-toc-section-end\"><\/span><\/h3>\n\n\n\n<p>Ci riserviamo il diritto di aggiornare la presente informativa sulla privacy in qualsiasi momento. Le modifiche saranno pubblicate su questa pagina e avranno effetto immediato. Si consiglia di controllare regolarmente questa informativa.<\/p>\n\n\n\n<h3 class=\"wp-block-heading\" id=\"h-kontakt\"><span class=\"ez-toc-section\" id=\"Kontakt\"><\/span>Contattateci<span class=\"ez-toc-section-end\"><\/span><\/h3>\n\n\n\n<p>In caso di domande o dubbi sulla nostra politica sulla privacy, si prega di contattarci all'indirizzo <a>support@ko-tropfen-kaufen.com<\/a>. Cerchiamo sempre di risolvere i vostri problemi in modo rapido e soddisfacente.<\/p>\n\n\n\n<p>Grazie per esservi affidati a Ko-Tropfen-Kaufen.com!<\/p>","protected":false},"excerpt":{"rendered":"<p>Ko-Tropfen-Kaufen.com Datenschutzrichtlinie Bei Ko-Tropfen-Kaufen.com legen wir gro\u00dfen Wert auf den Schutz Ihrer Privatsph\u00e4re und die Sicherheit Ihrer pers\u00f6nlichen Daten. Diese Datenschutzrichtlinie erkl\u00e4rt, welche Informationen wir sammeln, wie wir sie verwenden und welche Ma\u00dfnahmen wir ergreifen, um Ihre Daten zu sch\u00fctzen. Erfassung und Verwendung von Daten Pers\u00f6nliche Daten Wir erfassen pers\u00f6nliche Daten, die Sie uns freiwillig [&hellip;]<\/p>\n","protected":false},"author":2,"featured_media":0,"parent":0,"menu_order":0,"comment_status":"closed","ping_status":"closed","template":"","meta":{"footnotes":""},"class_list":["post-15720","page","type-page","status-publish","hentry"],"blocksy_meta":[],"jetpack_sharing_enabled":true,"_links":{"self":[{"href":"https:\/\/ko-tropfen-kaufen.com\/it\/wp-json\/wp\/v2\/pages\/15720","targetHints":{"allow":["GET"]}}],"collection":[{"href":"https:\/\/ko-tropfen-kaufen.com\/it\/wp-json\/wp\/v2\/pages"}],"about":[{"href":"https:\/\/ko-tropfen-kaufen.com\/it\/wp-json\/wp\/v2\/types\/page"}],"author":[{"embeddable":true,"href":"https:\/\/ko-tropfen-kaufen.com\/it\/wp-json\/wp\/v2\/users\/2"}],"replies":[{"embeddable":true,"href":"https:\/\/ko-tropfen-kaufen.com\/it\/wp-json\/wp\/v2\/comments?post=15720"}],"version-history":[{"count":1,"href":"https:\/\/ko-tropfen-kaufen.com\/it\/wp-json\/wp\/v2\/pages\/15720\/revisions"}],"predecessor-version":[{"id":15721,"href":"https:\/\/ko-tropfen-kaufen.com\/it\/wp-json\/wp\/v2\/pages\/15720\/revisions\/15721"}],"wp:attachment":[{"href":"https:\/\/ko-tropfen-kaufen.com\/it\/wp-json\/wp\/v2\/media?parent=15720"}],"curies":[{"name":"wp","href":"https:\/\/api.w.org\/{rel}","templated":true}]}}