{"id":15715,"date":"2024-11-25T20:20:18","date_gmt":"2024-11-25T20:20:18","guid":{"rendered":"https:\/\/ko-tropfen-kaufen.com\/?page_id=15715"},"modified":"2024-11-28T18:29:42","modified_gmt":"2024-11-28T18:29:42","slug":"diritto-al-ritorno","status":"publish","type":"page","link":"https:\/\/ko-tropfen-kaufen.com\/it\/diritto-al-ritorno\/","title":{"rendered":"Diritto di restituzione"},"content":{"rendered":"<div id=\"ez-toc-container\" class=\"ez-toc-v2_0_82_2 counter-hierarchy ez-toc-counter ez-toc-grey ez-toc-container-direction\">\n<div class=\"ez-toc-title-container\">\n<p class=\"ez-toc-title\" style=\"cursor:inherit\">Indice dei contenuti<\/p>\n<span class=\"ez-toc-title-toggle\"><a href=\"#\" class=\"ez-toc-pull-right ez-toc-btn ez-toc-btn-xs ez-toc-btn-default ez-toc-toggle\" aria-label=\"Allinea la tabella dei contenuti\"><span class=\"ez-toc-js-icon-con\"><span class=\"\"><span class=\"eztoc-hide\" style=\"display:none;\">Toggle<\/span><span class=\"ez-toc-icon-toggle-span\"><svg style=\"fill: #999;color:#999\" xmlns=\"http:\/\/www.w3.org\/2000\/svg\" class=\"list-377408\" width=\"20px\" height=\"20px\" viewbox=\"0 0 24 24\" fill=\"none\"><path d=\"M6 6H4v2h2V6zm14 0H8v2h12V6zM4 11h2v2H4v-2zm16 0H8v2h12v-2zM4 16h2v2H4v-2zm16 0H8v2h12v-2z\" fill=\"currentColor\"><\/path><\/svg><svg style=\"fill: #999;color:#999\" class=\"arrow-unsorted-368013\" xmlns=\"http:\/\/www.w3.org\/2000\/svg\" width=\"10px\" height=\"10px\" viewbox=\"0 0 24 24\" version=\"1.2\" baseprofile=\"tiny\"><path d=\"M18.2 9.3l-6.2-6.3-6.2 6.3c-.2.2-.3.4-.3.7s.1.5.3.7c.2.2.4.3.7.3h11c.3 0 .5-.1.7-.3.2-.2.3-.5.3-.7s-.1-.5-.3-.7zM5.8 14.7l6.2 6.3 6.2-6.3c.2-.2.3-.5.3-.7s-.1-.5-.3-.7c-.2-.2-.4-.3-.7-.3h-11c-.3 0-.5.1-.7.3-.2.2-.3.5-.3.7s.1.5.3.7z\"\/><\/svg><\/span><\/span><\/span><\/a><\/span><\/div>\n<nav><ul class='ez-toc-list ez-toc-list-level-1' ><li class='ez-toc-page-1 ez-toc-heading-level-2'><a class=\"ez-toc-link ez-toc-heading-1\" href=\"https:\/\/ko-tropfen-kaufen.com\/it\/diritto-al-ritorno\/#ko-tropfen-kaufencom_Ruckgaberecht\" >ko-tropfen-kaufen.com Diritto di recesso<\/a><ul class='ez-toc-list-level-3' ><li class='ez-toc-heading-level-3'><a class=\"ez-toc-link ez-toc-heading-2\" href=\"https:\/\/ko-tropfen-kaufen.com\/it\/diritto-al-ritorno\/#30-Tage-Geld-zuruck-Garantie\" >Garanzia di rimborso di 30 giorni<\/a><\/li><li class='ez-toc-page-1 ez-toc-heading-level-3'><a class=\"ez-toc-link ez-toc-heading-3\" href=\"https:\/\/ko-tropfen-kaufen.com\/it\/diritto-al-ritorno\/#Voraussetzungen_fur_eine_Ruckerstattung\" >Requisiti per il rimborso<\/a><\/li><li class='ez-toc-page-1 ez-toc-heading-level-3'><a class=\"ez-toc-link ez-toc-heading-4\" href=\"https:\/\/ko-tropfen-kaufen.com\/it\/diritto-al-ritorno\/#Nicht_erstattungsfahige_Artikel\" >Articoli non rimborsabili<\/a><\/li><li class='ez-toc-page-1 ez-toc-heading-level-3'><a class=\"ez-toc-link ez-toc-heading-5\" href=\"https:\/\/ko-tropfen-kaufen.com\/it\/diritto-al-ritorno\/#So_beantragen_Sie_eine_Ruckerstattung\" >Come richiedere il rimborso<\/a><\/li><li class='ez-toc-page-1 ez-toc-heading-level-3'><a class=\"ez-toc-link ez-toc-heading-6\" href=\"https:\/\/ko-tropfen-kaufen.com\/it\/diritto-al-ritorno\/#Bearbeitung_Ihrer_Ruckerstattung\" >Elaborazione del rimborso<\/a><\/li><li class='ez-toc-page-1 ez-toc-heading-level-3'><a class=\"ez-toc-link ez-toc-heading-7\" href=\"https:\/\/ko-tropfen-kaufen.com\/it\/diritto-al-ritorno\/#Kontaktieren_Sie_uns\" >Mettetevi in contatto con noi<\/a><\/li><\/ul><\/li><\/ul><\/nav><\/div>\n<h2 class=\"wp-block-heading\" id=\"h-ko-tropfen-kaufen-com-ruckgaberecht\"><span class=\"ez-toc-section\" id=\"ko-tropfen-kaufencom_Ruckgaberecht\"><\/span>ko-tropfen-kaufen.com Diritto di recesso<span class=\"ez-toc-section-end\"><\/span><\/h2>\n\n\n\n<p>Con <a href=\"https:\/\/ko-tropfen-kaufen.com?v=820eb5b696ea\">Acquista-co-drops.com<\/a> ci impegniamo a garantire che i nostri clienti siano completamente soddisfatti dei loro acquisti. Se per qualsiasi motivo non siete completamente soddisfatti del vostro ordine, la nostra politica di restituzione vi aiuter\u00e0.<\/p>\n\n\n\n<h3 class=\"wp-block-heading\" id=\"h-30-tage-geld-zuruck-garantie\"><span class=\"ez-toc-section\" id=\"30-Tage-Geld-zuruck-Garantie\"><\/span>Garanzia di rimborso di 30 giorni<span class=\"ez-toc-section-end\"><\/span><\/h3>\n\n\n\n<p>Offriamo una garanzia di rimborso di 30 giorni su tutti i nostri prodotti. Se non siete soddisfatti del vostro acquisto, potete richiedere un rimborso entro 30 giorni dalla data di acquisto.<\/p>\n\n\n\n<h3 class=\"wp-block-heading\" id=\"h-voraussetzungen-fur-eine-ruckerstattung\"><span class=\"ez-toc-section\" id=\"Voraussetzungen_fur_eine_Ruckerstattung\"><\/span>Requisiti per il rimborso<span class=\"ez-toc-section-end\"><\/span><\/h3>\n\n\n\n<p>Per avere diritto al rimborso, devono essere soddisfatte le seguenti condizioni:<\/p>\n\n\n\n<ul class=\"wp-block-list\">\n<li>Il prodotto deve essere restituito nelle sue condizioni originali, non aperto e non utilizzato.<\/li>\n\n\n\n<li>\u00c8 necessario presentare la prova d'acquisto (numero d'ordine, ricevuta o e-mail di conferma).<\/li>\n\n\n\n<li>La richiesta di rimborso deve essere effettuata entro 30 giorni dalla data di acquisto.<\/li>\n<\/ul>\n\n\n\n<h3 class=\"wp-block-heading\" id=\"h-nicht-erstattungsfahige-artikel\"><span class=\"ez-toc-section\" id=\"Nicht_erstattungsfahige_Artikel\"><\/span>Articoli non rimborsabili<span class=\"ez-toc-section-end\"><\/span><\/h3>\n\n\n\n<p>Alcuni articoli non sono rimborsabili, tra cui:<\/p>\n\n\n\n<ul class=\"wp-block-list\">\n<li>Prodotti che sono stati aperti o utilizzati.<\/li>\n\n\n\n<li>Articoli acquistati durante una vendita o un'offerta speciale.<\/li>\n<\/ul>\n\n\n\n<h3 class=\"wp-block-heading\" id=\"h-so-beantragen-sie-eine-ruckerstattung\"><span class=\"ez-toc-section\" id=\"So_beantragen_Sie_eine_Ruckerstattung\"><\/span>Come richiedere il rimborso<span class=\"ez-toc-section-end\"><\/span><\/h3>\n\n\n\n<ol class=\"wp-block-list\">\n<li><strong>Contattateci:<\/strong> Inviate un'e-mail al nostro servizio clienti all'indirizzo support@ko-tropfen-kaufen.com con i dettagli dell'ordine e il motivo del rimborso.<\/li>\n\n\n\n<li><strong>Autorizzazione alla restituzione:<\/strong> Il nostro team vi invier\u00e0 un'autorizzazione alla restituzione e le istruzioni su come restituire il prodotto.<\/li>\n\n\n\n<li><strong>Inviare l'articolo:<\/strong> Inviateci l'articolo nella sua confezione originale insieme all'autorizzazione al reso.<\/li>\n<\/ol>\n\n\n\n<h3 class=\"wp-block-heading\" id=\"h-bearbeitung-ihrer-ruckerstattung\"><span class=\"ez-toc-section\" id=\"Bearbeitung_Ihrer_Ruckerstattung\"><\/span>Elaborazione del rimborso<span class=\"ez-toc-section-end\"><\/span><\/h3>\n\n\n\n<p>Una volta ricevuto e ispezionato il prodotto restituito, vi informeremo via e-mail. Se il rimborso viene approvato, verr\u00e0 elaborato e un credito verr\u00e0 applicato al metodo di pagamento originale entro 5-7 giorni lavorativi.<\/p>\n\n\n\n<h3 class=\"wp-block-heading\" id=\"h-kontaktieren-sie-uns\"><span class=\"ez-toc-section\" id=\"Kontaktieren_Sie_uns\"><\/span>Mettetevi in contatto con noi<span class=\"ez-toc-section-end\"><\/span><\/h3>\n\n\n\n<p>In caso di domande sulla nostra politica di restituzione, si prega di contattare il nostro servizio clienti all'indirizzo support@ko-tropfen-kaufen.com. Siamo qui per aiutarvi e assicurarci che la vostra esperienza di acquisto sia soddisfacente.<\/p>\n\n\n\n<p>Grazie per aver acquistato su Ko-Tropfen-Kaufen.com!<\/p>","protected":false},"excerpt":{"rendered":"<p>ko-tropfen-kaufen.com R\u00fcckgaberecht Bei Ko-Tropfen-Kaufen.com bem\u00fchen wir uns, sicherzustellen, dass unsere Kunden vollst\u00e4ndig zufrieden mit ihren Eink\u00e4ufen sind. Wenn Sie aus irgendeinem Grund nicht ganz zufrieden mit Ihrer Bestellung sind, hilft Ihnen unser R\u00fcckgaberecht weiter. 30-Tage-Geld-zur\u00fcck-Garantie Wir bieten eine 30-Tage-Geld-zur\u00fcck-Garantie auf alle unsere Produkte. Wenn Sie mit Ihrem Kauf nicht zufrieden sind, k\u00f6nnen Sie innerhalb von [&hellip;]<\/p>\n","protected":false},"author":2,"featured_media":0,"parent":0,"menu_order":0,"comment_status":"closed","ping_status":"closed","template":"","meta":{"footnotes":""},"class_list":["post-15715","page","type-page","status-publish","hentry"],"blocksy_meta":[],"jetpack_sharing_enabled":true,"_links":{"self":[{"href":"https:\/\/ko-tropfen-kaufen.com\/it\/wp-json\/wp\/v2\/pages\/15715","targetHints":{"allow":["GET"]}}],"collection":[{"href":"https:\/\/ko-tropfen-kaufen.com\/it\/wp-json\/wp\/v2\/pages"}],"about":[{"href":"https:\/\/ko-tropfen-kaufen.com\/it\/wp-json\/wp\/v2\/types\/page"}],"author":[{"embeddable":true,"href":"https:\/\/ko-tropfen-kaufen.com\/it\/wp-json\/wp\/v2\/users\/2"}],"replies":[{"embeddable":true,"href":"https:\/\/ko-tropfen-kaufen.com\/it\/wp-json\/wp\/v2\/comments?post=15715"}],"version-history":[{"count":1,"href":"https:\/\/ko-tropfen-kaufen.com\/it\/wp-json\/wp\/v2\/pages\/15715\/revisions"}],"predecessor-version":[{"id":15716,"href":"https:\/\/ko-tropfen-kaufen.com\/it\/wp-json\/wp\/v2\/pages\/15715\/revisions\/15716"}],"wp:attachment":[{"href":"https:\/\/ko-tropfen-kaufen.com\/it\/wp-json\/wp\/v2\/media?parent=15715"}],"curies":[{"name":"wp","href":"https:\/\/api.w.org\/{rel}","templated":true}]}}