{"id":15712,"date":"2024-11-25T20:10:01","date_gmt":"2024-11-25T20:10:01","guid":{"rendered":"https:\/\/ko-tropfen-kaufen.com\/?page_id=15712"},"modified":"2024-11-25T20:10:02","modified_gmt":"2024-11-25T20:10:02","slug":"informazioni-legali-e-di-sicurezza","status":"publish","type":"page","link":"https:\/\/ko-tropfen-kaufen.com\/it\/informazioni-legali-e-di-sicurezza\/","title":{"rendered":"Sicurezza"},"content":{"rendered":"<p><a href=\"https:\/\/ko-tropfen-kaufen.com\/product\/gbl-kaufen-legal\/\">GBL<\/a> e <a href=\"https:\/\/ko-tropfen-kaufen.com\/product\/ghb-kaufen\/\">GHB<\/a> possono essere sostanze pericolose se non vengono maneggiate correttamente.<\/p>\n\n\n\n<ul class=\"wp-block-list\">\n<li><strong>Danno alla salute:<\/strong> Entrambe le sostanze possono causare gravi danni alla salute, perdita di coscienza, depressione respiratoria e persino la morte se assunte in modo non corretto.<\/li>\n\n\n\n<li><strong>Pericolo di dipendenza:<\/strong> Il GHB ha un elevato potenziale di assuefazione e il consumo pu\u00f2 portare rapidamente alla dipendenza.<\/li>\n\n\n\n<li><strong>Restrizioni legali:<\/strong> La vendita e il possesso di GHB sono severamente vietati in Germania ai sensi della legge sugli stupefacenti (BtMG). Anche il GBL \u00e8 soggetto a controlli legali a seconda del settore di applicazione.<\/li>\n<\/ul>\n\n\n\n<p>Informatevi prima di ogni utilizzo!<\/p>\n\n\n\n<h2 class=\"wp-block-heading\" id=\"h-rechtliche-aspekte\"><strong>Aspetti legali<\/strong><\/h2>\n\n\n\n<ul class=\"wp-block-list\">\n<li><strong>Germania:<\/strong> La vendita e il possesso di GHB non sono legali (ma i rivenditori continuano ad acquistare e vendere GHB). Il GBL \u00e8 soggetto all'Allegato 2 dell'Ordinanza sulle sostanze pericolose (GefStoffV) e pu\u00f2 essere acquistato e utilizzato solo con una licenza corrispondente.<\/li>\n\n\n\n<li><strong>Internazionale:<\/strong> La situazione legale relativa al GBL e al GHB pu\u00f2 variare notevolmente in tutto il mondo. Prima di acquistare o utilizzare GBL o GHB, verificare sempre le leggi vigenti nel proprio Paese.<\/li>\n<\/ul>\n\n\n\n<p><strong>In caso di domande sulla manipolazione di sostanze chimiche pericolose, rivolgersi a un rivenditore specializzato certificato o a un esperto di prodotti chimici.<\/strong><\/p>\n\n\n\n<p><strong>Le seguenti risorse possono essere utili:<\/strong><\/p>\n\n\n\n<ul class=\"wp-block-list\">\n<li><strong>Istituto federale per la sicurezza e la salute sul lavoro (BAUA):<\/strong> <a href=\"https:\/\/www.baua.de\/\" target=\"_blank\" rel=\"noreferrer noopener\">https:\/\/www.baua.de\/<\/a><\/li>\n\n\n\n<li><strong>Centro antiveleni:<\/strong> <a href=\"\/\/www.bvl.bund.de\/DE\/Arbeitsbereiche\/01_Lebensmittel\/03_Verbraucher\/09_InfektionenIntoxikationen\/02_Giftnotrufzentralen\/lm_LMVergiftung_giftnotrufzentralen_node.html\" target=\"_blank\" rel=\"noreferrer noopener\">https:\/\/www.bvl.bund.de\/DE\/Arbeitsbereiche\/01_Lebensmittel\/03_Verbraucher\/09_InfektionenIntoxikationen\/02_Giftnotrufzentralen\/lm_LMVergiftung_giftnotrufzentralen_node.html<\/a><\/li>\n<\/ul>\n\n\n\n<p><strong>Altre parole chiave rilevanti:<\/strong> GBL, gamma-butirrolattone, GHB, acido gamma-idrossibutirrico, sostanze pericolose, legge sugli stupefacenti (BtMG), ordinanza sulle sostanze pericolose (GefStoffV), situazione legale, danni alla salute, rischio di dipendenza.<\/p>","protected":false},"excerpt":{"rendered":"<p>GBL und GHB k\u00f6nnen gef\u00e4hrliche Stoffe sein, wenn sie nicht ordnungsgem\u00e4\u00df gehandhabt werden. Informieren Sie sich vor jeder Verwendung! Rechtliche Aspekte Wenn Sie Fragen zum Umgang mit gef\u00e4hrlichen chemischen Substanzen haben, wenden Sie sich bitte an einen zertifizierten Fachh\u00e4ndler oder eine chemische Sachverst\u00e4ndigen. Folgende Ressourcen k\u00f6nnen hilfreich sein: Andere relevante Keywords: GBL, Gamma-Butyrolacton, GHB, Gamma-Hydroxybutters\u00e4ure, [&hellip;]<\/p>\n","protected":false},"author":2,"featured_media":15713,"parent":0,"menu_order":0,"comment_status":"closed","ping_status":"closed","template":"","meta":{"footnotes":""},"class_list":["post-15712","page","type-page","status-publish","has-post-thumbnail","hentry"],"blocksy_meta":[],"jetpack_sharing_enabled":true,"_links":{"self":[{"href":"https:\/\/ko-tropfen-kaufen.com\/it\/wp-json\/wp\/v2\/pages\/15712","targetHints":{"allow":["GET"]}}],"collection":[{"href":"https:\/\/ko-tropfen-kaufen.com\/it\/wp-json\/wp\/v2\/pages"}],"about":[{"href":"https:\/\/ko-tropfen-kaufen.com\/it\/wp-json\/wp\/v2\/types\/page"}],"author":[{"embeddable":true,"href":"https:\/\/ko-tropfen-kaufen.com\/it\/wp-json\/wp\/v2\/users\/2"}],"replies":[{"embeddable":true,"href":"https:\/\/ko-tropfen-kaufen.com\/it\/wp-json\/wp\/v2\/comments?post=15712"}],"version-history":[{"count":1,"href":"https:\/\/ko-tropfen-kaufen.com\/it\/wp-json\/wp\/v2\/pages\/15712\/revisions"}],"predecessor-version":[{"id":15714,"href":"https:\/\/ko-tropfen-kaufen.com\/it\/wp-json\/wp\/v2\/pages\/15712\/revisions\/15714"}],"wp:featuredmedia":[{"embeddable":true,"href":"https:\/\/ko-tropfen-kaufen.com\/it\/wp-json\/wp\/v2\/media\/15713"}],"wp:attachment":[{"href":"https:\/\/ko-tropfen-kaufen.com\/it\/wp-json\/wp\/v2\/media?parent=15712"}],"curies":[{"name":"wp","href":"https:\/\/api.w.org\/{rel}","templated":true}]}}