{"id":15705,"date":"2024-11-25T20:57:41","date_gmt":"2024-11-25T19:57:41","guid":{"rendered":"https:\/\/ko-tropfen-kaufen.com\/?page_id=15705"},"modified":"2025-11-05T08:36:16","modified_gmt":"2025-11-05T07:36:16","slug":"cose-il-gbl","status":"publish","type":"page","link":"https:\/\/ko-tropfen-kaufen.com\/it\/cose-il-gbl\/","title":{"rendered":"Che cos'\u00e8 il GBL"},"content":{"rendered":"<p>Cos'\u00e8 il GBL - Il gamma-butirrolattone (GBL) \u00e8 un liquido incolore e igroscopico noto per il suo utilizzo come solvente industriale e intermedio chimico.<\/p>\n\n\n\n<p>Ha la formula molecolare C\u2084H\u2086O\u2082 ed \u00e8 caratterizzato da un odore tenue e da un sapore amaro. Il GBL \u00e8 un lattone, un tipo di estere ciclico, ed \u00e8 un precursore dell'acido gamma-idrossibutirrico (GHB).<\/p>\n\n\n\n<blockquote class=\"wp-block-quote is-layout-flow wp-block-quote-is-layout-flow\">\n<p>Altri nomi di GBL: liquid ecstasys, blue nitro, blue nitro vitality, ghb droge, g droge, gbl dosieren, renewtrient, fire water, gamma-g, gh revitaliser, remforce.<\/p>\n<\/blockquote>\n\n\n\n<div id=\"ez-toc-container\" class=\"ez-toc-v2_0_82_2 counter-hierarchy ez-toc-counter ez-toc-grey ez-toc-container-direction\">\n<div class=\"ez-toc-title-container\">\n<p class=\"ez-toc-title\" style=\"cursor:inherit\">Indice dei contenuti<\/p>\n<span class=\"ez-toc-title-toggle\"><a href=\"#\" class=\"ez-toc-pull-right ez-toc-btn ez-toc-btn-xs ez-toc-btn-default ez-toc-toggle\" aria-label=\"Allinea la tabella dei contenuti\"><span class=\"ez-toc-js-icon-con\"><span class=\"\"><span class=\"eztoc-hide\" style=\"display:none;\">Toggle<\/span><span class=\"ez-toc-icon-toggle-span\"><svg style=\"fill: #999;color:#999\" xmlns=\"http:\/\/www.w3.org\/2000\/svg\" class=\"list-377408\" width=\"20px\" height=\"20px\" viewbox=\"0 0 24 24\" fill=\"none\"><path d=\"M6 6H4v2h2V6zm14 0H8v2h12V6zM4 11h2v2H4v-2zm16 0H8v2h12v-2zM4 16h2v2H4v-2zm16 0H8v2h12v-2z\" fill=\"currentColor\"><\/path><\/svg><svg style=\"fill: #999;color:#999\" class=\"arrow-unsorted-368013\" xmlns=\"http:\/\/www.w3.org\/2000\/svg\" width=\"10px\" height=\"10px\" viewbox=\"0 0 24 24\" version=\"1.2\" baseprofile=\"tiny\"><path d=\"M18.2 9.3l-6.2-6.3-6.2 6.3c-.2.2-.3.4-.3.7s.1.5.3.7c.2.2.4.3.7.3h11c.3 0 .5-.1.7-.3.2-.2.3-.5.3-.7s-.1-.5-.3-.7zM5.8 14.7l6.2 6.3 6.2-6.3c.2-.2.3-.5.3-.7s-.1-.5-.3-.7c-.2-.2-.4-.3-.7-.3h-11c-.3 0-.5.1-.7.3-.2.2-.3.5-.3.7s.1.5.3.7z\"\/><\/svg><\/span><\/span><\/span><\/a><\/span><\/div>\n<nav><ul class='ez-toc-list ez-toc-list-level-1' ><li class='ez-toc-page-1 ez-toc-heading-level-2'><a class=\"ez-toc-link ez-toc-heading-1\" href=\"https:\/\/ko-tropfen-kaufen.com\/it\/cose-il-gbl\/#Chemische_Eigenschaften_und_industrielle_Verwendung_von_Gamma-Butyrolacton\" >Propriet\u00e0 chimiche e uso industriale del gamma-butirrolattone<\/a><\/li><li class='ez-toc-page-1 ez-toc-heading-level-2'><a class=\"ez-toc-link ez-toc-heading-2\" href=\"https:\/\/ko-tropfen-kaufen.com\/it\/cose-il-gbl\/#Andere_Verwendungen_von_GBL\" >Altri usi del GBL<\/a><\/li><li class='ez-toc-page-1 ez-toc-heading-level-2'><a class=\"ez-toc-link ez-toc-heading-3\" href=\"https:\/\/ko-tropfen-kaufen.com\/it\/cose-il-gbl\/#Chemische_Reaktionen_von_GBL\" >Reazioni chimiche del GBL<\/a><\/li><li class='ez-toc-page-1 ez-toc-heading-level-2'><a class=\"ez-toc-link ez-toc-heading-4\" href=\"https:\/\/ko-tropfen-kaufen.com\/it\/cose-il-gbl\/#Regulierung_und_Rechtsstatus\" >Regolamentazione e status giuridico<\/a><\/li><li class='ez-toc-page-1 ez-toc-heading-level-2'><a class=\"ez-toc-link ez-toc-heading-5\" href=\"https:\/\/ko-tropfen-kaufen.com\/it\/cose-il-gbl\/#Gesundheitliche_Auswirkungen_und_Risiken\" >Effetti e rischi per la salute<\/a><\/li><li class='ez-toc-page-1 ez-toc-heading-level-2'><a class=\"ez-toc-link ez-toc-heading-6\" href=\"https:\/\/ko-tropfen-kaufen.com\/it\/cose-il-gbl\/#Wo_kann_man_GBL_kaufen\" >Dove si pu\u00f2 acquistare il GBL?<\/a><\/li><\/ul><\/nav><\/div>\n<h2 class=\"wp-block-heading\" id=\"h-chemische-eigenschaften-und-industrielle-verwendung-von-gamma-butyrolacton\"><span class=\"ez-toc-section\" id=\"Chemische_Eigenschaften_und_industrielle_Verwendung_von_Gamma-Butyrolacton\"><\/span>Propriet\u00e0 chimiche e uso industriale del gamma-butirrolattone<span class=\"ez-toc-section-end\"><\/span><\/h2>\n\n\n\n<p>Il GBL viene prodotto industrialmente per deidrogenazione dell'1,4-butandiolo in presenza di un catalizzatore di rame a temperature comprese tra 180-300 \u00b0C.<\/p>\n\n\n\n<p>La resa di questo processo \u00e8 di circa il 95 %, con purificazione mediante estrazione in fase gassosa liquida. Il GBL pu\u00f2 anche essere sintetizzato in laboratorio per ossidazione del tetraidrofurano (THF) o per reazione catalizzata da lipasi con il 4-idrossibutirrato (4-HB).<\/p>\n\n\n\n<p>Il GBL viene utilizzato anche come intermedio nella produzione di altre sostanze chimiche come l'N-metil-2-pirrolidone (NMP) e il pirrolidone e nella sintesi di alcuni prodotti farmaceutici.<\/p>\n\n\n\n<h2 class=\"wp-block-heading\" id=\"h-andere-verwendungen-von-gbl\"><span class=\"ez-toc-section\" id=\"Andere_Verwendungen_von_GBL\"><\/span>Altri usi del GBL<span class=\"ez-toc-section-end\"><\/span><\/h2>\n\n\n\n<ul class=\"wp-block-list\">\n<li>Colore pi\u00f9 sottile<\/li>\n\n\n\n<li>Agenti di pulizia<\/li>\n\n\n\n<li>Rimuovi supercolla<\/li>\n\n\n\n<li>Condensatori elettrolitici<\/li>\n<\/ul>\n\n\n\n<h2 class=\"wp-block-heading\" id=\"h-chemische-reaktionen-von-gbl\"><span class=\"ez-toc-section\" id=\"Chemische_Reaktionen_von_GBL\"><\/span>Reazioni chimiche del GBL<span class=\"ez-toc-section-end\"><\/span><\/h2>\n\n\n\n<p>La struttura chimica del GBL ne consente l'idrolisi ad acido gamma-idrossibutirrico (GHB) in condizioni basiche. Questa propriet\u00e0 ha fatto s\u00ec che il GBL venisse utilizzato per produrre il GHB, che \u00e8 sia un agente terapeutico sia una sostanza d'abuso. Il processo di conversione \u00e8 semplice e rende il GBL un importante precursore per la sintesi del GHB.<\/p>\n\n\n\n<figure class=\"wp-block-image size-full\"><img data-recalc-dims=\"1\" fetchpriority=\"high\" decoding=\"async\" width=\"1024\" height=\"379\" src=\"https:\/\/i0.wp.com\/ko-tropfen-kaufen.com\/wp-content\/uploads\/2024\/11\/Gbl-Produktionsprozess-1024x379-1.png?resize=1024%2C379&#038;ssl=1\" alt=\"\" class=\"wp-image-15708\" srcset=\"https:\/\/i0.wp.com\/ko-tropfen-kaufen.com\/wp-content\/uploads\/2024\/11\/Gbl-Produktionsprozess-1024x379-1.png?w=1024&amp;ssl=1 1024w, https:\/\/i0.wp.com\/ko-tropfen-kaufen.com\/wp-content\/uploads\/2024\/11\/Gbl-Produktionsprozess-1024x379-1.png?resize=430%2C159&amp;ssl=1 430w, https:\/\/i0.wp.com\/ko-tropfen-kaufen.com\/wp-content\/uploads\/2024\/11\/Gbl-Produktionsprozess-1024x379-1.png?resize=700%2C259&amp;ssl=1 700w, https:\/\/i0.wp.com\/ko-tropfen-kaufen.com\/wp-content\/uploads\/2024\/11\/Gbl-Produktionsprozess-1024x379-1.png?resize=400%2C148&amp;ssl=1 400w, https:\/\/i0.wp.com\/ko-tropfen-kaufen.com\/wp-content\/uploads\/2024\/11\/Gbl-Produktionsprozess-1024x379-1.png?resize=768%2C284&amp;ssl=1 768w\" sizes=\"(max-width: 1024px) 100vw, 1024px\" \/><\/figure>\n\n\n\n<h2 class=\"wp-block-heading\" id=\"h-regulierung-und-rechtsstatus\"><span class=\"ez-toc-section\" id=\"Regulierung_und_Rechtsstatus\"><\/span>Regolamentazione e status giuridico<span class=\"ez-toc-section-end\"><\/span><\/h2>\n\n\n\n<p>Il GBL \u00e8 regolamentato dalla legge in molti Paesi perch\u00e9 pu\u00f2 essere abusato come droga ricreativa attraverso la conversione in GHB nell'organismo. Il GHB \u00e8 noto per i suoi effetti sedativi ed euforizzanti, che lo hanno portato a essere associato all'uso illegale e a problemi di sicurezza. Di conseguenza, il GBL \u00e8 spesso controllato dalle leggi sui precursori di droghe e la sua vendita e il suo possesso possono essere limitati.<\/p>\n\n\n\n<h2 class=\"wp-block-heading\" id=\"h-gesundheitliche-auswirkungen-und-risiken\"><span class=\"ez-toc-section\" id=\"Gesundheitliche_Auswirkungen_und_Risiken\"><\/span>Effetti e rischi per la salute<span class=\"ez-toc-section-end\"><\/span><\/h2>\n\n\n\n<p>L'assunzione di GBL pu\u00f2 causare una serie di effetti collaterali, tra cui nausea, mal di testa, visione offuscata, battito cardiaco accelerato e aumento della pressione sanguigna. L'abuso a lungo termine pu\u00f2 portare a gravi problemi di salute mentale e fisica, come depressione, ansia e persino psicosi. \u00c8 quindi fondamentale consumare il GBL in modo responsabile e nel rispetto delle linee guida legali e di sicurezza.<\/p>\n\n\n\n<figure class=\"wp-block-image size-full is-resized\"><img data-recalc-dims=\"1\" decoding=\"async\" width=\"1024\" height=\"585\" src=\"https:\/\/i0.wp.com\/ko-tropfen-kaufen.com\/wp-content\/uploads\/2024\/11\/GBL-pharmacie-1024x585-1.jpg?resize=1024%2C585&#038;ssl=1\" alt=\"\" class=\"wp-image-15709\" style=\"width:1192px;height:auto\" srcset=\"https:\/\/i0.wp.com\/ko-tropfen-kaufen.com\/wp-content\/uploads\/2024\/11\/GBL-pharmacie-1024x585-1.jpg?w=1024&amp;ssl=1 1024w, https:\/\/i0.wp.com\/ko-tropfen-kaufen.com\/wp-content\/uploads\/2024\/11\/GBL-pharmacie-1024x585-1.jpg?resize=430%2C246&amp;ssl=1 430w, https:\/\/i0.wp.com\/ko-tropfen-kaufen.com\/wp-content\/uploads\/2024\/11\/GBL-pharmacie-1024x585-1.jpg?resize=700%2C400&amp;ssl=1 700w, https:\/\/i0.wp.com\/ko-tropfen-kaufen.com\/wp-content\/uploads\/2024\/11\/GBL-pharmacie-1024x585-1.jpg?resize=400%2C229&amp;ssl=1 400w, https:\/\/i0.wp.com\/ko-tropfen-kaufen.com\/wp-content\/uploads\/2024\/11\/GBL-pharmacie-1024x585-1.jpg?resize=768%2C439&amp;ssl=1 768w\" sizes=\"(max-width: 1024px) 100vw, 1024px\" \/><\/figure>\n\n\n\n<h2 class=\"wp-block-heading\" id=\"h-wo-kann-man-gbl-kaufen\"><span class=\"ez-toc-section\" id=\"Wo_kann_man_GBL_kaufen\"><\/span>Dove si pu\u00f2 acquistare il GBL?<span class=\"ez-toc-section-end\"><\/span><\/h2>\n\n\n\n<p>Se avete bisogno di GBL per scopi industriali legittimi, potete acquistarlo da diversi fornitori. Tra le fonti affidabili vi sono i fornitori di prodotti chimici specializzati e i fornitori industriali. Quando acquistate il GBL, assicuratevi sempre di rispettare le normative locali. La ricerca dei fornitori e la lettura delle recensioni possono contribuire a garantire l'ottenimento di GBL di alta qualit\u00e0 per le vostre esigenze.<\/p>\n\n\n\n<ul class=\"wp-block-list\">\n<li><strong>GBL Clean Shop<\/strong>Questo negozio offre una variet\u00e0 di prodotti GBL commercializzati principalmente per la pulizia industriale, come la pulizia delle ruote e le applicazioni con solventi. L'azienda pone grande attenzione alla qualit\u00e0 e alla purezza dei suoi prodotti GBL e fornisce istruzioni dettagliate per l'uso (GBL Clean Shop).<\/li>\n\n\n\n<li><strong>Negozio GBL<\/strong>Questo negozio \u00e8 noto per la sua gamma completa di prodotti GBL e offre opzioni per varie quantit\u00e0, tra cui 500 ml, 1 litro, 2 litri, 5 litri e altro ancora. Garantisce transazioni sicure e discrete e offre prezzi competitivi (<a href=\"https:\/\/ko-tropfen-kaufen.com\/serioser-gbl-shop\">Negozio GBL<\/a>).<\/li>\n\n\n\n<li><strong>Laboratorio di chimica GBL<\/strong>Il GBL \u00e8 venduto in varie quantit\u00e0 su questo sito web e ne viene pubblicizzato l'uso per la pulizia industriale e come intermedio chimico. Il sito sottolinea la sicurezza del processo di ordinazione e la rapidit\u00e0 di spedizione (GBL Chem Lab).<\/li>\n<\/ul>\n\n\n\n<p>Informazioni pi\u00f9 dettagliate sono reperibili in fonti come Wikipedia e FineChemical.net (<a href=\"https:\/\/de.wikipedia.org\/wiki\/\u0393-Butyrolacton\" target=\"_blank\" rel=\"noopener\">Wikipedia<\/a>) (Anbu Chem).<\/p>\n\n\n\n<p>In sintesi, la storia del GBL \u00e8 caratterizzata dal suo duplice ruolo di prezioso solvente industriale e di precursore controllato del GHB, il che riflette sia la sua utilit\u00e0 che la necessit\u00e0 di una regolamentazione per ridurre l'abuso.<\/p>","protected":false},"excerpt":{"rendered":"<p>Was ist GBL &#8211; Gamma-Butyrolacton (GBL) ist eine farblose, hygroskopische Fl\u00fcssigkeit, die f\u00fcr ihre Verwendung als industrielles L\u00f6sungsmittel und chemisches Zwischenprodukt bekannt ist. Es hat die Molekularformel C\u2084H\u2086O\u2082 und zeichnet sich durch einen schwachen Geruch und einen bitteren Geschmack aus. GBL ist ein Lacton, eine Art zyklischer Ester, und ist ein Vorl\u00e4ufer von Gamma-Hydroxybutters\u00e4ure (GHB). [&hellip;]<\/p>\n","protected":false},"author":2,"featured_media":0,"parent":0,"menu_order":0,"comment_status":"closed","ping_status":"closed","template":"","meta":{"footnotes":""},"class_list":["post-15705","page","type-page","status-publish","hentry"],"blocksy_meta":[],"jetpack_sharing_enabled":true,"_links":{"self":[{"href":"https:\/\/ko-tropfen-kaufen.com\/it\/wp-json\/wp\/v2\/pages\/15705","targetHints":{"allow":["GET"]}}],"collection":[{"href":"https:\/\/ko-tropfen-kaufen.com\/it\/wp-json\/wp\/v2\/pages"}],"about":[{"href":"https:\/\/ko-tropfen-kaufen.com\/it\/wp-json\/wp\/v2\/types\/page"}],"author":[{"embeddable":true,"href":"https:\/\/ko-tropfen-kaufen.com\/it\/wp-json\/wp\/v2\/users\/2"}],"replies":[{"embeddable":true,"href":"https:\/\/ko-tropfen-kaufen.com\/it\/wp-json\/wp\/v2\/comments?post=15705"}],"version-history":[{"count":2,"href":"https:\/\/ko-tropfen-kaufen.com\/it\/wp-json\/wp\/v2\/pages\/15705\/revisions"}],"predecessor-version":[{"id":15831,"href":"https:\/\/ko-tropfen-kaufen.com\/it\/wp-json\/wp\/v2\/pages\/15705\/revisions\/15831"}],"wp:attachment":[{"href":"https:\/\/ko-tropfen-kaufen.com\/it\/wp-json\/wp\/v2\/media?parent=15705"}],"curies":[{"name":"wp","href":"https:\/\/api.w.org\/{rel}","templated":true}]}}