{"id":15965,"date":"2025-08-13T20:06:48","date_gmt":"2025-08-13T20:06:48","guid":{"rendered":"https:\/\/ko-tropfen-kaufen.com\/?post_type=product&#038;p=15965"},"modified":"2025-11-16T14:24:14","modified_gmt":"2025-11-16T13:24:14","slug":"natrium-oxibat","status":"publish","type":"product","link":"https:\/\/ko-tropfen-kaufen.com\/hu\/termek-2\/natrium-oxibat\/","title":{"rendered":"N\u00e1trium-oxib\u00e1t Ethypharm 500 mg\/ml"},"content":{"rendered":"<h2 data-start=\"213\" data-end=\"315\">V\u00e1s\u00e1roljon n\u00e1trium-oxib\u00e1t Ethypharm 500 mg\/ml oldatot - Kiv\u00e1l\u00f3 min\u0151s\u00e9g\u0171 nyersanyag a kutat\u00e1s \u00e9s az ipar sz\u00e1m\u00e1ra<\/h2>\n<p data-start=\"317\" data-end=\"694\"><strong data-start=\"317\" data-end=\"361\">N\u00e1trium-oxib\u00e1t Ethypharm 500 mg\/ml oldat<\/strong> (m\u00e1s n\u00e9ven a nemzetk\u00f6zi szabadalmazott n\u00e1triumoxib\u00e1t \u00e9s a kereskedelmi n\u00e9v alatt is ismert). <em data-start=\"448\" data-end=\"455\">Xyrem<\/em>) a gamma-hidroxi-vajsav n\u00e1triums\u00f3ja (<a href=\"https:\/\/ko-tropfen-kaufen.com\/product\/ghb-kaufen\/\">GHB<\/a>).<br data-start=\"512\" data-end=\"515\" \/>A kutat\u00e1sban \u00e9s az iparban els\u0151sorban farmakol\u00f3giai vizsg\u00e1latokra, neurok\u00e9miai elemz\u00e9sekre \u00e9s \u00faj k\u00e9sz\u00edtm\u00e9nyek kifejleszt\u00e9s\u00e9re \u00e9s valid\u00e1l\u00e1s\u00e1ra haszn\u00e1lj\u00e1k.<\/p>\n<p data-start=\"696\" data-end=\"929\">N\u00e9metorsz\u00e1gban <strong data-start=\"722\" data-end=\"749\">N\u00e1trium-oxib\u00e1t Ethypharm<\/strong> szigor\u00fa jogi szab\u00e1lyoz\u00e1s szerint a <strong data-start=\"792\" data-end=\"825\">K\u00e1b\u00edt\u00f3szert\u00f6rv\u00e9ny (BtMG)<\/strong> \u00e9s csak enged\u00e9lyezett tudom\u00e1nyos vagy ipari c\u00e9lokra haszn\u00e1lhat\u00f3 fel.<\/p>\n<h3 data-start=\"936\" data-end=\"977\">Mi\u00e9rt v\u00e1lassza az Ethypharm n\u00e1trium-oxib\u00e1tot?<\/h3>\n<ul data-start=\"978\" data-end=\"1391\">\n<li data-start=\"978\" data-end=\"1074\">\n<p data-start=\"980\" data-end=\"1074\"><strong data-start=\"980\" data-end=\"1013\">Pontos kutat\u00e1si alkalmaz\u00e1sok<\/strong> - ide\u00e1lis farmakol\u00f3giai \u00e9s neurobiol\u00f3giai vizsg\u00e1latokhoz.<\/p>\n<\/li>\n<li data-start=\"1075\" data-end=\"1183\">\n<p data-start=\"1077\" data-end=\"1183\"><strong data-start=\"1077\" data-end=\"1121\">Nagy tisztas\u00e1g \u00e9s meghat\u00e1rozott koncentr\u00e1ci\u00f3<\/strong> - 500 mg\/ml garant\u00e1lja a reproduk\u00e1lhat\u00f3 vizsg\u00e1lati eredm\u00e9nyeket.<\/p>\n<\/li>\n<li data-start=\"1184\" data-end=\"1281\">\n<p data-start=\"1186\" data-end=\"1281\"><strong data-start=\"1186\" data-end=\"1209\">Ipar\u00e1gi kompatibilis<\/strong> - Alkalmas folyamatoptimaliz\u00e1l\u00e1sra, min\u0151s\u00e9gellen\u0151rz\u00e9sre \u00e9s analitik\u00e1ra.<\/p>\n<\/li>\n<li data-start=\"1282\" data-end=\"1391\">\n<p data-start=\"1284\" data-end=\"1391\"><strong data-start=\"1284\" data-end=\"1312\">Teljes dokument\u00e1ci\u00f3<\/strong> - COA (analitikai tan\u00fas\u00edtv\u00e1ny) \u00e9s SDS (biztons\u00e1gi adatlap) mell\u00e9kelve.<\/p>\n<\/li>\n<\/ul>\n<h3 data-start=\"1398\" data-end=\"1464\">Mire kell \u00fcgyelni a n\u00e1triumoxib\u00e1t Ethypharm 500 mg\/ml v\u00e1s\u00e1rl\u00e1sakor?<\/h3>\n<ol data-start=\"1465\" data-end=\"2035\">\n<li data-start=\"1465\" data-end=\"1615\">\n<p data-start=\"1468\" data-end=\"1500\"><strong data-start=\"1468\" data-end=\"1498\">Tisztas\u00e1g \u00e9s koncentr\u00e1ci\u00f3<\/strong><\/p>\n<ul data-start=\"1504\" data-end=\"1615\">\n<li data-start=\"1504\" data-end=\"1615\">\n<p data-start=\"1506\" data-end=\"1615\">Gy\u00f3gyszer\u00e9szeti min\u0151s\u00e9g\u0171, 500 mg\/ml; tudom\u00e1nyos munk\u00e1khoz \u2265 99 % tisztas\u00e1g sz\u00fcks\u00e9ges.<\/p>\n<\/li>\n<\/ul>\n<\/li>\n<li data-start=\"1616\" data-end=\"1751\">\n<p data-start=\"1619\" data-end=\"1636\"><strong data-start=\"1619\" data-end=\"1634\">Tan\u00fas\u00edtv\u00e1nyok<\/strong><\/p>\n<ul data-start=\"1640\" data-end=\"1751\">\n<li data-start=\"1640\" data-end=\"1690\">\n<p data-start=\"1642\" data-end=\"1690\"><strong data-start=\"1642\" data-end=\"1649\">COA<\/strong> a k\u00e9miai elemz\u00e9s meger\u0151s\u00edt\u00e9se<\/p>\n<\/li>\n<li data-start=\"1694\" data-end=\"1751\">\n<p data-start=\"1696\" data-end=\"1751\"><strong data-start=\"1696\" data-end=\"1703\">SDS<\/strong> minden biztons\u00e1gi szempontb\u00f3l fontos inform\u00e1ci\u00f3val<\/p>\n<\/li>\n<\/ul>\n<\/li>\n<li data-start=\"1752\" data-end=\"1906\">\n<p data-start=\"1755\" data-end=\"1789\"><strong data-start=\"1755\" data-end=\"1787\">Megb\u00edzhat\u00f3 besz\u00e1ll\u00edt\u00f3<\/strong><\/p>\n<ul data-start=\"1793\" data-end=\"1906\">\n<li data-start=\"1793\" data-end=\"1850\">\n<p data-start=\"1795\" data-end=\"1850\">Ellen\u0151rz\u00f6tt anyagokkal kapcsolatos bizony\u00edtott tapasztalat<\/p>\n<\/li>\n<li data-start=\"1854\" data-end=\"1906\">\n<p data-start=\"1856\" data-end=\"1906\">A n\u00e9met \u00e9s az uni\u00f3s jogi k\u00f6vetelm\u00e9nyeknek val\u00f3 megfelel\u00e9s<\/p>\n<\/li>\n<\/ul>\n<\/li>\n<li data-start=\"1907\" data-end=\"2035\">\n<p data-start=\"1910\" data-end=\"1936\"><strong data-start=\"1910\" data-end=\"1934\">Csomagol\u00e1s \u00e9s sz\u00e1ll\u00edt\u00e1s<\/strong><\/p>\n<ul data-start=\"1940\" data-end=\"2035\">\n<li data-start=\"1940\" data-end=\"1982\">\n<p data-start=\"1942\" data-end=\"1982\">Vegyszer\u00e1ll\u00f3, lez\u00e1rt palackok<\/p>\n<\/li>\n<li data-start=\"1986\" data-end=\"2035\">\n<p data-start=\"1988\" data-end=\"2035\">H\u0151m\u00e9rs\u00e9klet-szab\u00e1lyozott ADR vesz\u00e9lyes \u00e1ruk sz\u00e1ll\u00edt\u00e1sa<\/p>\n<\/li>\n<\/ul>\n<\/li>\n<\/ol>\n<h3 data-start=\"2042\" data-end=\"2079\">M\u0171szaki adatok<\/h3>\n<ul data-start=\"2080\" data-end=\"2469\">\n<li data-start=\"2080\" data-end=\"2141\">\n<p data-start=\"2082\" data-end=\"2141\"><strong data-start=\"2082\" data-end=\"2098\">Kereskedelmi n\u00e9v:<\/strong> N\u00e1trium-oxib\u00e1t Ethypharm 500 mg\/ml oldat<\/p>\n<\/li>\n<li data-start=\"2142\" data-end=\"2198\">\n<p data-start=\"2144\" data-end=\"2198\"><strong data-start=\"2144\" data-end=\"2170\">K\u00e9miai n\u00e9v:<\/strong> N\u00e1trium-4-hidroxibutano\u00e1t<\/p>\n<\/li>\n<li data-start=\"2199\" data-end=\"2229\">\n<p data-start=\"2201\" data-end=\"2229\"><strong data-start=\"2201\" data-end=\"2218\">\u00d6sszegk\u00e9plet:<\/strong> <a href=\"https:\/\/pubchem.ncbi.nlm.nih.gov\/compound\/49849725\" target=\"_blank\" rel=\"noopener\">C\u2084H\u2087NaO\u2083<\/a><\/p>\n<\/li>\n<li data-start=\"2230\" data-end=\"2264\">\n<p data-start=\"2232\" data-end=\"2264\"><strong data-start=\"2232\" data-end=\"2249\">Mol\u00e1ris t\u00f6meg:<\/strong> 126,09 g\/mol<\/p>\n<\/li>\n<li data-start=\"2265\" data-end=\"2330\">\n<p data-start=\"2267\" data-end=\"2330\"><strong data-start=\"2267\" data-end=\"2288\">Adagol\u00e1si forma:<\/strong> Tiszta, sz\u00edntelen folyad\u00e9k (500 mg\/ml)<\/p>\n<\/li>\n<li data-start=\"2331\" data-end=\"2370\">\n<p data-start=\"2333\" data-end=\"2370\"><strong data-start=\"2333\" data-end=\"2349\">Oldhat\u00f3s\u00e1g:<\/strong> Nagyon j\u00f3 a v\u00edzben<\/p>\n<\/li>\n<li data-start=\"2371\" data-end=\"2409\">\n<p data-start=\"2373\" data-end=\"2409\"><strong data-start=\"2373\" data-end=\"2399\">pH-\u00e9rt\u00e9k (10 % oldat):<\/strong> kb. 7-8<\/p>\n<\/li>\n<li data-start=\"2410\" data-end=\"2469\">\n<p data-start=\"2412\" data-end=\"2469\"><strong data-start=\"2412\" data-end=\"2435\">Csomagol\u00e1si egys\u00e9g:<\/strong> 180 ml-es palack = 90 g hat\u00f3anyag<\/p>\n<\/li>\n<\/ul>\n<h3 data-start=\"2476\" data-end=\"2501\">T\u00e1rol\u00e1s \u00e9s biztons\u00e1g<\/h3>\n<ul data-start=\"2502\" data-end=\"2759\">\n<li data-start=\"2502\" data-end=\"2565\">\n<p data-start=\"2504\" data-end=\"2565\"><strong data-start=\"2504\" data-end=\"2517\">T\u00e1rol\u00e1s:<\/strong> H\u0171v\u00f6s, sz\u00e1raz \u00e9s j\u00f3l lez\u00e1rt \u00e1llapotban 2-8 \u00b0C-on.<\/p>\n<\/li>\n<li data-start=\"2566\" data-end=\"2622\">\n<p data-start=\"2568\" data-end=\"2622\"><strong data-start=\"2568\" data-end=\"2576\">PPE:<\/strong> V\u00e9d\u0151szem\u00fcveg, nitril keszty\u0171, laborat\u00f3riumi k\u00f6peny<\/p>\n<\/li>\n<li data-start=\"2623\" data-end=\"2675\">\n<p data-start=\"2625\" data-end=\"2675\"><strong data-start=\"2625\" data-end=\"2640\">Kezel\u00e9s:<\/strong> Csak szell\u0151ztetett laborat\u00f3riumi helyis\u00e9gekben<\/p>\n<\/li>\n<li data-start=\"2676\" data-end=\"2759\">\n<p data-start=\"2678\" data-end=\"2759\"><strong data-start=\"2678\" data-end=\"2693\">Elt\u00e1vol\u00edt\u00e1s:<\/strong> A k\u00e1b\u00edt\u00f3szerekre \u00e9s vesz\u00e9lyes anyagokra vonatkoz\u00f3 helyi el\u0151\u00edr\u00e1soknak megfelel\u0151en<\/p>\n<\/li>\n<\/ul>\n<h3 data-start=\"2766\" data-end=\"2790\">GYIK - Gyakran ism\u00e9telt k\u00e9rd\u00e9sek<\/h3>\n<p data-start=\"2791\" data-end=\"2858\"><strong data-start=\"2791\" data-end=\"2856\">A n\u00e1trium-oxib\u00e1t Ethypharm leg\u00e1lisan v\u00e1s\u00e1rolhat\u00f3 N\u00e9metorsz\u00e1gban?<\/strong><\/p>\n<ul data-start=\"2859\" data-end=\"2933\">\n<li data-start=\"2859\" data-end=\"2933\">\n<p data-start=\"2861\" data-end=\"2933\">Igen, de csak a BtMG szerinti enged\u00e9llyel rendelkez\u0151 enged\u00e9lyezett l\u00e9tes\u00edtm\u00e9nyek eset\u00e9ben.<\/p>\n<\/li>\n<\/ul>\n<p data-start=\"2935\" data-end=\"2967\"><strong data-start=\"2935\" data-end=\"2965\">Hogyan szervezik a sz\u00e1ll\u00edt\u00e1st?<\/strong><\/p>\n<ul data-start=\"2968\" data-end=\"3045\">\n<li data-start=\"2968\" data-end=\"3045\">\n<p data-start=\"2970\" data-end=\"3045\">Kiz\u00e1r\u00f3lag regisztr\u00e1lt int\u00e9zm\u00e9nyeknek, ADR vesz\u00e9lyes \u00e1ruk sz\u00e1ll\u00edt\u00e1s\u00e1val.<\/p>\n<\/li>\n<\/ul>\n<p data-start=\"3047\" data-end=\"3086\"><strong data-start=\"3047\" data-end=\"3084\">Milyen dokumentumokra van sz\u00fcks\u00e9g?<\/strong><\/p>\n<ul data-start=\"3087\" data-end=\"3158\">\n<li data-start=\"3087\" data-end=\"3158\">\n<p data-start=\"3089\" data-end=\"3158\">Hat\u00f3s\u00e1gi enged\u00e9ly, kereskedelmi enged\u00e9ly, v\u00e9gfelhaszn\u00e1l\u00f3i tan\u00fas\u00edtv\u00e1ny, ha van ilyen.<\/p>\n<\/li>\n<\/ul>\n<p data-start=\"3160\" data-end=\"3202\"><strong data-start=\"3160\" data-end=\"3200\">K\u00fcl\u00f6nbs\u00e9g a hasonl\u00f3 anyagokhoz k\u00e9pest?<\/strong><\/p>\n<ul data-start=\"3203\" data-end=\"3301\">\n<li data-start=\"3203\" data-end=\"3301\">\n<p data-start=\"3205\" data-end=\"3301\">Szigor\u00faan szab\u00e1lyozott anyag, nem t\u00e9vesztend\u0151 \u00f6ssze az ellen\u0151rizetlen s\u00f3kkal vagy prekurzorokkal.<\/p>\n<\/li>\n<\/ul>\n<h3 data-start=\"3308\" data-end=\"3335\">K\u00e9rjen aj\u00e1nlatot most<\/h3>\n<p data-start=\"3336\" data-end=\"3521\">Szem\u00e9lyre szabott aj\u00e1nlat a <strong data-start=\"3369\" data-end=\"3420\">V\u00e1s\u00e1rl\u00e1s N\u00e1trium-oxib\u00e1t Ethypharm 500 mg\/ml oldat<\/strong> \u00e9s a n\u00e9metorsz\u00e1gi sz\u00e1ll\u00edt\u00e1si felt\u00e9telek r\u00e9szleteir\u0151l, k\u00e9rj\u00fck, k\u00fcldje el nek\u00fcnk az enged\u00e9lyez\u00e9si dokumentumokat.<\/p>\n<p data-start=\"3528\" data-end=\"3815\"><strong data-start=\"3528\" data-end=\"3552\">Jogi figyelmeztet\u00e9s:<\/strong><br data-start=\"3552\" data-end=\"3555\" \/>A n\u00e9met BtMG \u00e9s az uni\u00f3s el\u0151\u00edr\u00e1soknak megfelel\u0151en a forgalmaz\u00e1s \u00e9s a kisz\u00e1ll\u00edt\u00e1s kiz\u00e1r\u00f3lag enged\u00e9lyezett int\u00e9zm\u00e9nyeknek t\u00f6rt\u00e9nik. A vev\u0151 felel\u0151s az \u00f6sszes jogszab\u00e1lyi k\u00f6vetelm\u00e9ny betart\u00e1s\u00e1\u00e9rt, bele\u00e9rtve a t\u00e1rol\u00e1st, a kezel\u00e9st \u00e9s a v\u00e9gfelhaszn\u00e1l\u00e1st.<\/p>","protected":false},"excerpt":{"rendered":"<p>N\u00e1trium-oxib\u00e1t Ethypharm 500 mg\/ml oldat (n\u00e1trium-oxib\u00e1t, Xyrem) gy\u00f3gyszer\u00e9szeti tisztas\u00e1g\u00fa \u226599 % tisztas\u00e1g\u00fa, COA \u00e9s SDS. Jogszab\u00e1lyoknak megfelel\u0151 ADR sz\u00e1ll\u00edt\u00e1s N\u00e9metorsz\u00e1gban enged\u00e9lyezett l\u00e9tes\u00edtm\u00e9nyekbe a BtMG szerint.<\/p>","protected":false},"featured_media":15966,"comment_status":"open","ping_status":"closed","template":"","meta":{"jetpack_publicize_message":"","jetpack_publicize_feature_enabled":true,"jetpack_social_post_already_shared":false,"jetpack_social_options":{"image_generator_settings":{"template":"highway","default_image_id":0,"font":"","enabled":false},"version":2}},"product_brand":[],"product_cat":[27],"product_tag":[89,90],"class_list":{"0":"post-15965","1":"product","2":"type-product","3":"status-publish","4":"has-post-thumbnail","6":"product_cat-ko-tropfen-wo-kaufen","7":"product_tag-gbl-bestellen-deutschland","8":"product_tag-ghb-kaufen-deutschland","10":"first","11":"instock","12":"sale","13":"featured","14":"shipping-taxable","15":"purchasable","16":"product-type-simple"},"jetpack_publicize_connections":[],"jetpack_sharing_enabled":true,"_links":{"self":[{"href":"https:\/\/ko-tropfen-kaufen.com\/hu\/wp-json\/wp\/v2\/product\/15965","targetHints":{"allow":["GET"]}}],"collection":[{"href":"https:\/\/ko-tropfen-kaufen.com\/hu\/wp-json\/wp\/v2\/product"}],"about":[{"href":"https:\/\/ko-tropfen-kaufen.com\/hu\/wp-json\/wp\/v2\/types\/product"}],"replies":[{"embeddable":true,"href":"https:\/\/ko-tropfen-kaufen.com\/hu\/wp-json\/wp\/v2\/comments?post=15965"}],"version-history":[{"count":1,"href":"https:\/\/ko-tropfen-kaufen.com\/hu\/wp-json\/wp\/v2\/product\/15965\/revisions"}],"predecessor-version":[{"id":15967,"href":"https:\/\/ko-tropfen-kaufen.com\/hu\/wp-json\/wp\/v2\/product\/15965\/revisions\/15967"}],"wp:featuredmedia":[{"embeddable":true,"href":"https:\/\/ko-tropfen-kaufen.com\/hu\/wp-json\/wp\/v2\/media\/15966"}],"wp:attachment":[{"href":"https:\/\/ko-tropfen-kaufen.com\/hu\/wp-json\/wp\/v2\/media?parent=15965"}],"wp:term":[{"taxonomy":"product_brand","embeddable":true,"href":"https:\/\/ko-tropfen-kaufen.com\/hu\/wp-json\/wp\/v2\/product_brand?post=15965"},{"taxonomy":"product_cat","embeddable":true,"href":"https:\/\/ko-tropfen-kaufen.com\/hu\/wp-json\/wp\/v2\/product_cat?post=15965"},{"taxonomy":"product_tag","embeddable":true,"href":"https:\/\/ko-tropfen-kaufen.com\/hu\/wp-json\/wp\/v2\/product_tag?post=15965"}],"curies":[{"name":"wp","href":"https:\/\/api.w.org\/{rel}","templated":true}]}}