{"id":15957,"date":"2025-08-13T18:57:26","date_gmt":"2025-08-13T18:57:26","guid":{"rendered":"https:\/\/ko-tropfen-kaufen.com\/?post_type=product&#038;p=15957"},"modified":"2026-04-24T17:37:18","modified_gmt":"2026-04-24T16:37:18","slug":"vasaroljon-bdo","status":"publish","type":"product","link":"https:\/\/ko-tropfen-kaufen.com\/hu\/termek-2\/vasaroljon-bdo\/","title":{"rendered":"BDO (1,4-but\u00e1ndiol)"},"content":{"rendered":"<h1 data-start=\"362\" data-end=\"434\">BDO megv\u00e1s\u00e1rl\u00e1sa - A kompakt \u00fatmutat\u00f3 az 1,4-but\u00e1ndiol (BDO) haszn\u00e1lat\u00e1hoz N\u00e9metorsz\u00e1gban<\/h1>\n<p data-start=\"436\" data-end=\"645\"><strong data-start=\"436\" data-end=\"452\">R\u00f6vid \u00e9s vil\u00e1gos:<\/strong> Ha <strong data-start=\"462\" data-end=\"485\">BDO (1,4-but\u00e1ndiol)<\/strong> kutat\u00e1si vagy ipari alkalmaz\u00e1sokhoz N\u00e9metorsz\u00e1gban, akkor gyorsan r\u00e1j\u00f6n, hogy mi a fontos itt: a min\u0151s\u00e9g, a biztons\u00e1g \u00e9s a jogbiztons\u00e1g.<\/p>\n<h2 data-start=\"652\" data-end=\"697\">Milyen t\u00edpus\u00fa gy\u00f3gyszer a BDO \u00e9s milyen betegs\u00e9gek eset\u00e9n alkalmazhat\u00f3 (BDO v\u00e1s\u00e1rl\u00e1s)?<\/h2>\n<p data-start=\"698\" data-end=\"970\">Az 1,4-but\u00e1ndiol (BDO) sz\u00edntelen, higroszk\u00f3pos diol - sokoldal\u00fa old\u00f3szer \u00e9s k\u00f6ztes term\u00e9k. Tipikus alkalmaz\u00e1sok: Polimer- \u00e9s m\u0171anyaggy\u00e1rt\u00e1s, gy\u00f3gyszeripari szint\u00e9zis, reakt\u00edv old\u00f3szer laborat\u00f3riumokban \u00e9s ipari k\u00e9sz\u00edtm\u00e9nyekben.<\/p>\n<p data-start=\"972\" data-end=\"995\"><strong data-start=\"972\" data-end=\"993\">Mi\u00e9rt v\u00e1lassza a BDO-t?<\/strong><\/p>\n<ul data-start=\"996\" data-end=\"1159\">\n<li data-start=\"996\" data-end=\"1041\">\n<p data-start=\"998\" data-end=\"1041\">J\u00f3 oldhat\u00f3s\u00e1g \u00e9s k\u00e9miai stabilit\u00e1s<\/p>\n<\/li>\n<li data-start=\"1042\" data-end=\"1096\">\n<p data-start=\"1044\" data-end=\"1096\">Megfelel\u0151 t\u00e1rol\u00e1s mellett hossz\u00fa t\u00e1v\u00fa eltarthat\u00f3s\u00e1g<\/p>\n<\/li>\n<li data-start=\"1097\" data-end=\"1159\">\n<p data-start=\"1099\" data-end=\"1159\">Sz\u00e9les k\u00f6rben haszn\u00e1lt k\u00f6ztes term\u00e9k a kutat\u00e1sban \u00e9s az iparban<\/p>\n<\/li>\n<\/ul>\n<h2 data-start=\"1166\" data-end=\"1217\">Mire kell figyelnie v\u00e1s\u00e1rl\u00e1skor<\/h2>\n<ul data-start=\"1218\" data-end=\"1823\">\n<li data-start=\"1218\" data-end=\"1303\">\n<p data-start=\"1220\" data-end=\"1303\"><strong data-start=\"1220\" data-end=\"1233\">Tisztas\u00e1g:<\/strong> \u2265 99,5% (a legmagasabb ig\u00e9nyek eset\u00e9n 99,9% lehets\u00e9ges). Mindig k\u00e9rjen COA-t.<\/p>\n<\/li>\n<li data-start=\"1304\" data-end=\"1406\">\n<p data-start=\"1306\" data-end=\"1406\"><strong data-start=\"1306\" data-end=\"1320\">COA \u00c9S SDS:<\/strong> Elemz\u00e9si bizony\u00edtv\u00e1ny + biztons\u00e1gi adatlap t\u00e9telenk\u00e9nt. COA n\u00e9lk\u00fcl: ne v\u00e1s\u00e1roljon.<\/p>\n<\/li>\n<li data-start=\"1407\" data-end=\"1484\">\n<p data-start=\"1409\" data-end=\"1484\"><strong data-start=\"1409\" data-end=\"1435\">Gy\u00e1rt\u00f3i tan\u00fas\u00edtv\u00e1nyok:<\/strong> A GMP\/ISO utas\u00edt\u00e1sok n\u00f6velik a megb\u00edzhat\u00f3s\u00e1got.<\/p>\n<\/li>\n<li data-start=\"1485\" data-end=\"1595\">\n<p data-start=\"1487\" data-end=\"1595\"><strong data-start=\"1487\" data-end=\"1512\">Csomagol\u00e1s \u00e9s sz\u00e1ll\u00edt\u00e1s:<\/strong> ENSZ-konform, sziv\u00e1rg\u00e1smentes tart\u00e1lyok; diszkr\u00e9t, biztons\u00e1gos sz\u00e1ll\u00edt\u00e1s N\u00e9metorsz\u00e1gban.<\/p>\n<\/li>\n<li data-start=\"1596\" data-end=\"1733\">\n<p data-start=\"1598\" data-end=\"1733\"><strong data-start=\"1598\" data-end=\"1612\">Vev\u0151 t\u00edpusa:<\/strong> \u00c9rt\u00e9kes\u00edt\u00e9s lehet\u0151leg kereskedelmi \u00fcgyfeleknek, laborat\u00f3riumoknak \u00e9s kutat\u00f3int\u00e9zeteknek - mag\u00e1n\u00fcgyfelek csak t\u00f6rv\u00e9nyes bizony\u00edtv\u00e1nnyal.<\/p>\n<\/li>\n<li data-start=\"1734\" data-end=\"1823\">\n<p data-start=\"1736\" data-end=\"1823\"><strong data-start=\"1736\" data-end=\"1754\">\u00dcgyf\u00e9lszolg\u00e1lat:<\/strong> M\u0171szaki tan\u00e1csad\u00e1snak \u00e9s t\u00e9telinform\u00e1ci\u00f3knak kell rendelkez\u00e9sre \u00e1llniuk.<\/p>\n<\/li>\n<\/ul>\n<h2 data-start=\"1830\" data-end=\"1877\">M\u0171szaki adatok<\/h2>\n<div class=\"_tableContainer_1rjym_1\">\n<div class=\"_tableWrapper_1rjym_13 group flex w-fit flex-col-reverse\" tabindex=\"-1\">\n<table class=\"w-fit min-w-(--thread-content-width)\" data-start=\"1878\" data-end=\"2321\">\n<thead data-start=\"1878\" data-end=\"1910\">\n<tr data-start=\"1878\" data-end=\"1910\">\n<th data-start=\"1878\" data-end=\"1892\" data-col-size=\"sm\">Jellemz\u0151<\/th>\n<th data-start=\"1892\" data-end=\"1910\" data-col-size=\"md\">Tipikus \u00e9rt\u00e9k<\/th>\n<\/tr>\n<\/thead>\n<tbody data-start=\"1922\" data-end=\"2321\">\n<tr data-start=\"1922\" data-end=\"1969\">\n<td data-start=\"1922\" data-end=\"1946\" data-col-size=\"sm\">K\u00e9miai n\u00e9v<\/td>\n<td data-start=\"1946\" data-end=\"1969\" data-col-size=\"md\">1,4-but\u00e1ndiol (BDO)<\/td>\n<\/tr>\n<tr data-start=\"1970\" data-end=\"1996\">\n<td data-start=\"1970\" data-end=\"1985\" data-col-size=\"sm\">\u00d6sszegk\u00e9plet<\/td>\n<td data-start=\"1985\" data-end=\"1996\" data-col-size=\"md\"><a href=\"https:\/\/de.wikipedia.org\/wiki\/1,4-Butandiol\" target=\"_blank\" rel=\"noopener\">C\u2084H\u2081\u2081\u2080O\u2082<\/a><\/td>\n<\/tr>\n<tr data-start=\"1997\" data-end=\"2033\">\n<td data-start=\"1997\" data-end=\"2016\" data-col-size=\"sm\">Molekulat\u00f6meg<\/td>\n<td data-start=\"2016\" data-end=\"2033\" data-col-size=\"md\">90,12 g-mol-\u00b9<\/td>\n<\/tr>\n<tr data-start=\"2034\" data-end=\"2073\">\n<td data-start=\"2034\" data-end=\"2045\" data-col-size=\"sm\">Tisztas\u00e1g<\/td>\n<td data-start=\"2045\" data-end=\"2073\" data-col-size=\"md\">\u2265 99,5 % (COA meger\u0151s\u00edtve)<\/td>\n<\/tr>\n<tr data-start=\"2074\" data-end=\"2113\">\n<td data-start=\"2074\" data-end=\"2092\" data-col-size=\"sm\">\u00d6sszes\u00edtett \u00e1llapot<\/td>\n<td data-start=\"2092\" data-end=\"2113\" data-col-size=\"md\">Foly\u00e9kony (sz\u00edntelen)<\/td>\n<\/tr>\n<tr data-start=\"2114\" data-end=\"2155\">\n<td data-start=\"2114\" data-end=\"2131\" data-col-size=\"sm\">S\u0171r\u0171s\u00e9g (20 \u00b0C)<\/td>\n<td data-start=\"2131\" data-end=\"2155\" data-col-size=\"md\">kb. 1,01-1,02 g-cm-\u00b3<\/td>\n<\/tr>\n<tr data-start=\"2156\" data-end=\"2183\">\n<td data-start=\"2156\" data-end=\"2169\" data-col-size=\"sm\">Forr\u00e1spont<\/td>\n<td data-start=\"2169\" data-end=\"2183\" data-col-size=\"md\">kb. 230 \u00b0C<\/td>\n<\/tr>\n<tr data-start=\"2184\" data-end=\"2222\">\n<td data-start=\"2184\" data-end=\"2211\" data-col-size=\"sm\">Lobban\u00e1spont (z\u00e1rt)<\/td>\n<td data-start=\"2211\" data-end=\"2222\" data-col-size=\"md\">\u2248 96 \u00b0C<\/td>\n<\/tr>\n<tr data-start=\"2223\" data-end=\"2298\">\n<td data-start=\"2223\" data-end=\"2237\" data-col-size=\"sm\">Oldhat\u00f3s\u00e1g<\/td>\n<td data-start=\"2237\" data-end=\"2298\" data-col-size=\"md\">V\u00edzzel \u00e9s sz\u00e1mos szerves old\u00f3szerrel keverhet\u0151<\/td>\n<\/tr>\n<tr data-start=\"2299\" data-end=\"2321\">\n<td data-start=\"2299\" data-end=\"2309\" data-col-size=\"sm\">CAS-sz\u00e1m.<\/td>\n<td data-start=\"2309\" data-end=\"2321\" data-col-size=\"md\">110-63-4<\/td>\n<\/tr>\n<\/tbody>\n<\/table>\n<div class=\"sticky end-(--thread-content-margin) h-0 self-end select-none\">\n<div class=\"absolute end-0 flex items-end\"><\/div>\n<\/div>\n<\/div>\n<\/div>\n<p data-start=\"2323\" data-end=\"2423\"><em data-start=\"2323\" data-end=\"2333\">Megjegyz\u00e9s:<\/em> A pontos \u00e9rt\u00e9kek az egyes t\u00e9telek COA-j\u00e1n tal\u00e1lhat\u00f3k - k\u00e9rj\u00fck, haszn\u00e1lat el\u0151tt ellen\u0151rizze ezt a dokumentumot.<\/p>\n<h2 data-start=\"2430\" data-end=\"2462\">T\u00e1rol\u00e1s \u00e9s biztons\u00e1gos kezel\u00e9s<\/h2>\n<ul data-start=\"2463\" data-end=\"2880\">\n<li data-start=\"2463\" data-end=\"2547\">\n<p data-start=\"2465\" data-end=\"2547\"><strong data-start=\"2465\" data-end=\"2486\">T\u00e1rol\u00e1si felt\u00e9telek:<\/strong> H\u0171v\u00f6s (10-25 \u00b0C), sz\u00e1raz, f\u00e9nyt\u0151l v\u00e9dett \u00e9s j\u00f3l szell\u0151z\u0151 helyen.<\/p>\n<\/li>\n<li data-start=\"2548\" data-end=\"2622\">\n<p data-start=\"2550\" data-end=\"2622\"><strong data-start=\"2550\" data-end=\"2558\">PSA:<\/strong> Haszn\u00e1ljon keszty\u0171t, v\u00e9d\u0151szem\u00fcveget, megfelel\u0151 v\u00e9d\u0151ruh\u00e1zatot.<\/p>\n<\/li>\n<li data-start=\"2623\" data-end=\"2708\">\n<p data-start=\"2625\" data-end=\"2708\"><strong data-start=\"2625\" data-end=\"2636\">Kezel\u00e9s:<\/strong> J\u00f3l szell\u0151z\u0151 helyen dolgozzon; ker\u00fclje a b\u0151rrel\/szemmel val\u00f3 \u00e9rintkez\u00e9st.<\/p>\n<\/li>\n<li data-start=\"2709\" data-end=\"2799\">\n<p data-start=\"2711\" data-end=\"2799\"><strong data-start=\"2711\" data-end=\"2726\">Elt\u00e1vol\u00edt\u00e1s:<\/strong> A n\u00e9met \u00e9s az EU hullad\u00e9kokra vonatkoz\u00f3 szab\u00e1lyainak megfelel\u0151en; soha ne dobja a szennyv\u00edzbe.<\/p>\n<\/li>\n<li data-start=\"2800\" data-end=\"2880\">\n<p data-start=\"2802\" data-end=\"2880\"><strong data-start=\"2802\" data-end=\"2814\">V\u00e9szhelyzet:<\/strong> Lenyel\u00e9s vagy szembe jut\u00e1s eset\u00e9n azonnal orvoshoz kell fordulni.<\/p>\n<\/li>\n<\/ul>\n<h2 data-start=\"2887\" data-end=\"2913\">R\u00f6vid GYIK<\/h2>\n<p data-start=\"2914\" data-end=\"3108\"><strong data-start=\"2914\" data-end=\"2955\">V\u00e1s\u00e1rolhatok BDO-t mag\u00e1nszem\u00e9lyk\u00e9nt?<\/strong><br data-start=\"2955\" data-end=\"2958\" \/>\u00c1ltal\u00e1ban nem - a sz\u00e1ll\u00edt\u00e1sok kereskedelmi \u00fcgyfeleknek, laborat\u00f3riumoknak \u00e9s kutat\u00f3int\u00e9zeteknek t\u00f6rt\u00e9nnek. A kiv\u00e9teleket indokolt esetben ellen\u0151rizz\u00fck.<\/p>\n<p data-start=\"3110\" data-end=\"3253\"><strong data-start=\"3110\" data-end=\"3144\">Milyen dokumentumokat kapok?<\/strong><br data-start=\"3144\" data-end=\"3147\" \/>COA (analitikai tan\u00fas\u00edtv\u00e1ny) \u00e9s SDS (biztons\u00e1gi adatlap) mell\u00e9kelve; sz\u00e1ll\u00edt\u00e1si dokumentumok k\u00e9r\u00e9sre.<\/p>\n<p data-start=\"3255\" data-end=\"3439\"><strong data-start=\"3255\" data-end=\"3298\">Milyen gyorsan sz\u00e1ll\u00edtanak N\u00e9metorsz\u00e1gban?<\/strong><br data-start=\"3298\" data-end=\"3301\" \/>A sz\u00e1ll\u00edt\u00e1si hat\u00e1rid\u0151 a mennyis\u00e9gt\u0151l, a rendelkez\u00e9sre \u00e1ll\u00e1si \u00e1llapott\u00f3l \u00e9s a megfelel\u0151s\u00e9g ellen\u0151rz\u00e9s\u00e9t\u0151l f\u00fcgg - a dokumentumok j\u00f3v\u00e1hagy\u00e1sa ut\u00e1n lehets\u00e9ges a standard kisz\u00e1ll\u00edt\u00e1s.<\/p>\n<p data-start=\"3441\" data-end=\"3667\"><strong data-start=\"3441\" data-end=\"3506\">Miben k\u00fcl\u00f6nb\u00f6zik a BDO a hasonl\u00f3 anyagokt\u00f3l (pl. <a href=\"https:\/\/ko-tropfen-kaufen.com\/product\/gbl-kaufen-legal\/\">GBL<\/a>)?<\/strong><br data-start=\"3506\" data-end=\"3509\" \/>A BDO kev\u00e9sb\u00e9 ill\u00e9kony, stabilabb \u00e9s k\u00f6nnyebben kezelhet\u0151, mint a butilaktonok; a f\u0151 alkalmaz\u00e1si ter\u00fcletek azonban \u00e1tfedik egym\u00e1st az iparban \u00e9s a kutat\u00e1sban.<\/p>\n<h4 data-start=\"4175\" data-end=\"4204\">\u26a0\ufe0f Jogi nyilatkozat<\/h4>\n<p data-start=\"4205\" data-end=\"4456\">A BDO egy ipari vegyi anyag. <strong data-start=\"4239\" data-end=\"4317\">Az \u00e9rt\u00e9kes\u00edt\u00e9s \u00e9s a sz\u00e1ll\u00edt\u00e1s kiz\u00e1r\u00f3lag t\u00f6rv\u00e9nyes, enged\u00e9lyezett c\u00e9lokra t\u00f6rt\u00e9nik.<\/strong> A vev\u0151 felel\u0151s a vonatkoz\u00f3 n\u00e9met \u00e9s uni\u00f3s jogszab\u00e1lyok betart\u00e1s\u00e1\u00e9rt. A nem rendeltet\u00e9sszer\u0171 haszn\u00e1lat tilos.<\/p>","protected":false},"excerpt":{"rendered":"<p>V\u00e1s\u00e1roljon BDO - 1,4-but\u00e1ndiol (BDO) a legnagyobb tisztas\u00e1g\u00fa \u226599,5%-t a kutat\u00e1s \u00e9s ipar sz\u00e1m\u00e1ra N\u00e9metorsz\u00e1gban. Biztons\u00e1gos sz\u00e1ll\u00edt\u00e1s \u00e9s jogi tan\u00e1csad\u00e1s.<\/p>","protected":false},"featured_media":15959,"comment_status":"open","ping_status":"closed","template":"","meta":{"jetpack_publicize_message":"","jetpack_publicize_feature_enabled":true,"jetpack_social_post_already_shared":false,"jetpack_social_options":{"image_generator_settings":{"template":"highway","default_image_id":0,"font":"","enabled":false},"version":2}},"product_brand":[],"product_cat":[27],"product_tag":[89,90],"class_list":{"0":"post-15957","1":"product","2":"type-product","3":"status-publish","4":"has-post-thumbnail","6":"product_cat-ko-tropfen-wo-kaufen","7":"product_tag-gbl-bestellen-deutschland","8":"product_tag-ghb-kaufen-deutschland","10":"first","11":"instock","12":"shipping-taxable","13":"purchasable","14":"product-type-variable"},"jetpack_publicize_connections":[],"jetpack_sharing_enabled":true,"_links":{"self":[{"href":"https:\/\/ko-tropfen-kaufen.com\/hu\/wp-json\/wp\/v2\/product\/15957","targetHints":{"allow":["GET"]}}],"collection":[{"href":"https:\/\/ko-tropfen-kaufen.com\/hu\/wp-json\/wp\/v2\/product"}],"about":[{"href":"https:\/\/ko-tropfen-kaufen.com\/hu\/wp-json\/wp\/v2\/types\/product"}],"replies":[{"embeddable":true,"href":"https:\/\/ko-tropfen-kaufen.com\/hu\/wp-json\/wp\/v2\/comments?post=15957"}],"version-history":[{"count":3,"href":"https:\/\/ko-tropfen-kaufen.com\/hu\/wp-json\/wp\/v2\/product\/15957\/revisions"}],"predecessor-version":[{"id":15961,"href":"https:\/\/ko-tropfen-kaufen.com\/hu\/wp-json\/wp\/v2\/product\/15957\/revisions\/15961"}],"wp:featuredmedia":[{"embeddable":true,"href":"https:\/\/ko-tropfen-kaufen.com\/hu\/wp-json\/wp\/v2\/media\/15959"}],"wp:attachment":[{"href":"https:\/\/ko-tropfen-kaufen.com\/hu\/wp-json\/wp\/v2\/media?parent=15957"}],"wp:term":[{"taxonomy":"product_brand","embeddable":true,"href":"https:\/\/ko-tropfen-kaufen.com\/hu\/wp-json\/wp\/v2\/product_brand?post=15957"},{"taxonomy":"product_cat","embeddable":true,"href":"https:\/\/ko-tropfen-kaufen.com\/hu\/wp-json\/wp\/v2\/product_cat?post=15957"},{"taxonomy":"product_tag","embeddable":true,"href":"https:\/\/ko-tropfen-kaufen.com\/hu\/wp-json\/wp\/v2\/product_tag?post=15957"}],"curies":[{"name":"wp","href":"https:\/\/api.w.org\/{rel}","templated":true}]}}