{"id":15632,"date":"2024-11-25T12:11:27","date_gmt":"2024-11-25T12:11:27","guid":{"rendered":"https:\/\/ko-tropfen-kaufen.com\/?post_type=product&#038;p=15632"},"modified":"2026-03-21T14:38:40","modified_gmt":"2026-03-21T13:38:40","slug":"vasarolni-gbl-jogi","status":"publish","type":"product","link":"https:\/\/ko-tropfen-kaufen.com\/hu\/termek-2\/vasarolni-gbl-jogi\/","title":{"rendered":"Gamma-butilakton (GBL)"},"content":{"rendered":"<h1>GBL V\u00e1s\u00e1rl\u00e1s jogi<\/h1>\n<h2>A gamma-butilakton (GBL) bevezet\u00e9se<\/h2>\n<p>\u00dcdv\u00f6z\u00f6lj\u00fck a <a href=\"https:\/\/ko-tropfen-kaufen.com\/\">KO-Drops-Buy.com<\/a>az \u00d6n megb\u00edzhat\u00f3 forr\u00e1sa a k\u00f6vetkez\u0151 term\u00e9kek beszerz\u00e9s\u00e9hez <a href=\"https:\/\/de.wikipedia.org\/wiki\/\u0393-Butyrolacton\" target=\"_blank\" rel=\"noopener\">Gamma-butilakton (GBL)<\/a>. A gamma-butilakton (GBL) egy kiv\u00e1l\u00f3 min\u0151s\u00e9g\u0171, sokoldal\u00fa k\u00e9miai vegy\u00fclet, amelyet sz\u00e9les k\u00f6rben haszn\u00e1lnak k\u00fcl\u00f6nb\u00f6z\u0151 ipari \u00e9s kutat\u00e1si alkalmaz\u00e1sokban. A kiv\u00e1l\u00f3 old\u00f3szer tulajdons\u00e1gair\u00f3l ismert GBL sz\u00e1mos kereskedelmi \u00e9s ipari term\u00e9k el\u0151\u00e1ll\u00edt\u00e1s\u00e1hoz n\u00e9lk\u00fcl\u00f6zhetetlen.<\/p>\n<h2>A gamma-butilakton (GBL) felhaszn\u00e1l\u00e1sa \u00e9s el\u0151nyei<\/h2>\n<p>A K.O.-Tropfen gamma-butilakton (GBL buy legal) sz\u00e1mos el\u0151nyt k\u00edn\u00e1l ipari \u00e9s kutat\u00e1si c\u00e9lokra:<\/p>\n<ul>\n<li><strong>Ipari alkalmaz\u00e1sok<\/strong>A GBL fontos old\u00f3szer a gy\u00f3gyszerek, polimerek \u00e9s agrok\u00e9miai term\u00e9kek gy\u00e1rt\u00e1s\u00e1ban. Er\u0151s old\u00f3szer tulajdons\u00e1gai miatt ide\u00e1lis tiszt\u00edt\u00e1si, fest\u00e9kelt\u00e1vol\u00edt\u00e1si \u00e9s ragaszt\u00f3elt\u00e1vol\u00edt\u00e1si folyamatokhoz.<\/li>\n<li><strong>Kutat\u00e1si alkalmaz\u00e1sok<\/strong>A GBL \u00e9rt\u00e9kes reagensk\u00e9nt \u00e9s k\u00f6ztes term\u00e9kk\u00e9nt szolg\u00e1l a szerves szint\u00e9zisben a kutat\u00f3int\u00e9zetekben. A laborat\u00f3riumokban \u00faj k\u00e9miai vegy\u00fcletek \u00e9s k\u00e9sz\u00edtm\u00e9nyek kifejleszt\u00e9s\u00e9re haszn\u00e1lj\u00e1k.<\/li>\n<li><strong>Nagy tisztas\u00e1g \u00e9s min\u0151s\u00e9g<\/strong>GBL-\u00fcnk a legnagyobb tisztas\u00e1g\u00fa, \u00e9s minden alkalmaz\u00e1sban optim\u00e1lis teljes\u00edtm\u00e9nyt \u00e9s megb\u00edzhat\u00f3s\u00e1got biztos\u00edt.<\/li>\n<\/ul>\n<h2>Term\u00e9kv\u00e1ltozatok \u00e9s csomagol\u00e1si lehet\u0151s\u00e9gek (v\u00e1s\u00e1roljon GBL-t leg\u00e1lisan)<\/h2>\n<p>Sz\u00e1mos gamma-butilakton (GBL) hat\u00f3anyag-v\u00e1ltozatot \u00e9s csomagol\u00e1si lehet\u0151s\u00e9get k\u00edn\u00e1lunk az \u00d6n egyedi ig\u00e9nyeinek megfelel\u0151en:<\/p>\n<ul>\n<li><strong>Term\u00e9kv\u00e1ltozatok<\/strong>V\u00e1lasszon a GBL k\u00fcl\u00f6nb\u00f6z\u0151 koncentr\u00e1ci\u00f3i \u00e9s min\u0151s\u00e9gei k\u00f6z\u00fcl, hogy megfeleljen ipari vagy kutat\u00e1si ig\u00e9nyeinek.<\/li>\n<li><strong>Csomagol\u00e1si lehet\u0151s\u00e9gek<\/strong>A GBL-t k\u00fcl\u00f6nb\u00f6z\u0151 kiszerel\u00e9si m\u00e9retekben k\u00edn\u00e1ljuk, bele\u00e9rtve az 1 literes palackokat, az 5 literes kann\u00e1kat \u00e9s a nagyobb \u00f6mlesztett tart\u00e1lyokat. Minden csomagol\u00e1st \u00fagy tervezt\u00fcnk, hogy biztos\u00edtsa a biztons\u00e1gos sz\u00e1ll\u00edt\u00e1st.<\/li>\n<\/ul>\n<h2>Biztons\u00e1gi \u00e9s kezel\u00e9si ir\u00e1nymutat\u00e1sok<\/h2>\n<p>Az al\u00e1bbiak biztons\u00e1gos haszn\u00e1lata \u00e9s kezel\u00e9se <span class=\"\" title=\"\" data-v-365c7fdc=\"\">gy\u00f3gyszerek<\/span> a legf\u0151bb priorit\u00e1sunk. Amikor gamma-butilaktont (GBL v\u00e1s\u00e1rl\u00e1s jogi) v\u00e1s\u00e1rol a K.O.-Tropfen-t\u0151l, k\u00f6vesse az al\u00e1bbi ir\u00e1nyelveket a biztons\u00e1g \u00e9s a megfelel\u0151s\u00e9g biztos\u00edt\u00e1sa \u00e9rdek\u00e9ben:<\/p>\n<ul>\n<li><strong>Szem\u00e9lyi v\u00e9d\u0151felszerel\u00e9s (<a href=\"https:\/\/www.bghm.de\/arbeitsschuetzer\/fach-themen\/persoenliche-schutzausruestung-psa\/\" target=\"_blank\" rel=\"noopener\">PSA<\/a>)<\/strong>A GBL kezel\u00e9se sor\u00e1n mindig viseljen megfelel\u0151 egy\u00e9ni v\u00e9d\u0151felszerel\u00e9st, bele\u00e9rtve a keszty\u0171t, v\u00e9d\u0151szem\u00fcveget \u00e9s v\u00e9d\u0151ruh\u00e1zatot.<\/li>\n<li><strong>T\u00e1rol\u00e1s<\/strong>A GBL-t h\u0171v\u00f6s, sz\u00e1raz \u00e9s j\u00f3l szell\u0151z\u0151 helyen, k\u00f6zvetlen napf\u00e9nyt\u0151l \u00e9s h\u0151forr\u00e1st\u00f3l t\u00e1vol kell t\u00e1rolni. \u00dcgyeljen arra, hogy a tart\u00e1lyok haszn\u00e1laton k\u00edv\u00fcl szorosan z\u00e1rva legyenek.<\/li>\n<li><strong>Kezel\u00e9si elj\u00e1r\u00e1sok<\/strong>A GBL-t j\u00f3l szell\u0151ztetett helyen kell haszn\u00e1lni, \u00e9s ker\u00fclni kell a bel\u00e9gz\u00e9st, illetve a b\u0151rrel \u00e9s szemmel val\u00f3 \u00e9rintkez\u00e9st. V\u00e9letlen \u00e9rintkez\u00e9s eset\u00e9n alaposan \u00f6bl\u00edtse le v\u00edzzel, \u00e9s sz\u00fcks\u00e9g eset\u00e9n forduljon orvoshoz.<\/li>\n<li><strong>Hullad\u00e9k\u00e1rtalmatlan\u00edt\u00e1s<\/strong>A GBL-t a helyi, \u00e1llami \u00e9s sz\u00f6vets\u00e9gi el\u0151\u00edr\u00e1soknak megfelel\u0151en \u00e1rtalmatlan\u00edtsa. Ne \u00f6ntse a GBL-t a lefoly\u00f3ba, \u00e9s ne engedje a k\u00f6rnyezetbe.<\/li>\n<\/ul>\n<blockquote><p>Fedezze fel a gamma-butilakton (GBL v\u00e1s\u00e1rl\u00e1s leg\u00e1lis) lehet\u0151s\u00e9gek sz\u00e9les v\u00e1laszt\u00e9k\u00e1t, \u00e9s tapasztalja meg a KO-Drops-Buy.com \u00e1ltal k\u00edn\u00e1lt min\u0151s\u00e9get \u00e9s megb\u00edzhat\u00f3s\u00e1got. Rendeljen m\u00e9g ma, \u00e9s \u00e9lvezze biztons\u00e1gos \u00e9s diszkr\u00e9t sz\u00e1ll\u00edt\u00e1si szolg\u00e1ltat\u00e1sainkat.<\/p><\/blockquote>","protected":false},"excerpt":{"rendered":"<p>Kiv\u00e1l\u00f3 min\u0151s\u00e9g\u0171 GBL az ipar \u00e9s a kutat\u00e1s sz\u00e1m\u00e1ra. V\u00e1s\u00e1roljon GBL-t nagy vagy kis mennyis\u00e9gben.<\/p>","protected":false},"featured_media":15633,"comment_status":"open","ping_status":"closed","template":"","meta":{"jetpack_publicize_message":"","jetpack_publicize_feature_enabled":true,"jetpack_social_post_already_shared":false,"jetpack_social_options":{"image_generator_settings":{"template":"highway","default_image_id":0,"font":"","enabled":false},"version":2}},"product_brand":[],"product_cat":[27],"product_tag":[89,90],"class_list":{"0":"post-15632","1":"product","2":"type-product","3":"status-publish","4":"has-post-thumbnail","6":"product_cat-ko-tropfen-wo-kaufen","7":"product_tag-gbl-bestellen-deutschland","8":"product_tag-ghb-kaufen-deutschland","10":"first","11":"instock","12":"shipping-taxable","13":"purchasable","14":"product-type-variable"},"jetpack_publicize_connections":[],"jetpack_sharing_enabled":true,"_links":{"self":[{"href":"https:\/\/ko-tropfen-kaufen.com\/hu\/wp-json\/wp\/v2\/product\/15632","targetHints":{"allow":["GET"]}}],"collection":[{"href":"https:\/\/ko-tropfen-kaufen.com\/hu\/wp-json\/wp\/v2\/product"}],"about":[{"href":"https:\/\/ko-tropfen-kaufen.com\/hu\/wp-json\/wp\/v2\/types\/product"}],"replies":[{"embeddable":true,"href":"https:\/\/ko-tropfen-kaufen.com\/hu\/wp-json\/wp\/v2\/comments?post=15632"}],"version-history":[{"count":2,"href":"https:\/\/ko-tropfen-kaufen.com\/hu\/wp-json\/wp\/v2\/product\/15632\/revisions"}],"predecessor-version":[{"id":15658,"href":"https:\/\/ko-tropfen-kaufen.com\/hu\/wp-json\/wp\/v2\/product\/15632\/revisions\/15658"}],"wp:featuredmedia":[{"embeddable":true,"href":"https:\/\/ko-tropfen-kaufen.com\/hu\/wp-json\/wp\/v2\/media\/15633"}],"wp:attachment":[{"href":"https:\/\/ko-tropfen-kaufen.com\/hu\/wp-json\/wp\/v2\/media?parent=15632"}],"wp:term":[{"taxonomy":"product_brand","embeddable":true,"href":"https:\/\/ko-tropfen-kaufen.com\/hu\/wp-json\/wp\/v2\/product_brand?post=15632"},{"taxonomy":"product_cat","embeddable":true,"href":"https:\/\/ko-tropfen-kaufen.com\/hu\/wp-json\/wp\/v2\/product_cat?post=15632"},{"taxonomy":"product_tag","embeddable":true,"href":"https:\/\/ko-tropfen-kaufen.com\/hu\/wp-json\/wp\/v2\/product_tag?post=15632"}],"curies":[{"name":"wp","href":"https:\/\/api.w.org\/{rel}","templated":true}]}}