{"id":15622,"date":"2024-11-25T10:53:35","date_gmt":"2024-11-25T10:53:35","guid":{"rendered":"https:\/\/ko-tropfen-kaufen.com\/?post_type=product&#038;p=15622"},"modified":"2026-04-29T08:55:31","modified_gmt":"2026-04-29T07:55:31","slug":"vasarolni-ghb","status":"publish","type":"product","link":"https:\/\/ko-tropfen-kaufen.com\/hu\/termek-2\/vasarolni-ghb\/","title":{"rendered":"Gamma-hidroxibutir\u00e1t (GHB)"},"content":{"rendered":"<h1>V\u00e1s\u00e1roljon GHB-t<\/h1>\n<h2>A gamma-hidroxibutir\u00e1t (GHB) bevezet\u00e9se<\/h2>\n<p>\u00dcdv\u00f6z\u00f6lj\u00fck a <a href=\"https:\/\/ko-tropfen-kaufen.com\/\">KO-Drops-Buy.com<\/a>az \u00d6n megb\u00edzhat\u00f3 forr\u00e1sa a k\u00f6vetkez\u0151 term\u00e9kek beszerz\u00e9s\u00e9hez <a href=\"https:\/\/flexikon.doccheck.com\/de\/Gammahydroxybutters\u00e4ure\" target=\"_blank\" rel=\"noopener\">Gamma-hidroxibutir\u00e1t (GHB)<\/a>. A gamma-hidroxibutir\u00e1t (GHB v\u00e1s\u00e1rl\u00e1s) egy kiv\u00e1l\u00f3 min\u0151s\u00e9g\u0171 k\u00e9miai vegy\u00fclet, amelyet sz\u00e9les k\u00f6rben haszn\u00e1lnak k\u00fcl\u00f6nb\u00f6z\u0151 ipari \u00e9s kutat\u00e1si alkalmaz\u00e1sokban. A hat\u00e9konys\u00e1g\u00e1r\u00f3l \u00e9s sokoldal\u00fas\u00e1g\u00e1r\u00f3l ismert GHB sz\u00e1mos speci\u00e1lis folyamat alapvet\u0151 \u00f6sszetev\u0151je.<\/p>\n<h2>A gamma-hidroxibutir\u00e1t felhaszn\u00e1l\u00e1sa \u00e9s el\u0151nyei (GHB v\u00e1s\u00e1rl\u00e1s)<\/h2>\n<p>A KO-Tropfen-Kaufen.com gamma-hidroxibutir\u00e1t (GHB) sz\u00e1mos el\u0151nyt k\u00edn\u00e1l ipari \u00e9s kutat\u00e1si c\u00e9lokra:<\/p>\n<ul>\n<li><strong>Ipari alkalmaz\u00e1sok<\/strong>A GHB-t gyakran haszn\u00e1lj\u00e1k a vegyiparban, k\u00fcl\u00f6n\u00f6sen old\u00f3szerek \u00e9s reagensek gy\u00e1rt\u00e1sa sor\u00e1n. Fontos \u00f6sszetev\u0151je a gy\u00f3gyszer- \u00e9s kozmetikai term\u00e9kek gy\u00e1rt\u00e1s\u00e1nak is.<\/li>\n<li><strong>Kutat\u00e1si alkalmaz\u00e1sok<\/strong>A kutat\u00e1sban a GHB \u00e9rt\u00e9kes eszk\u00f6zk\u00e9nt szolg\u00e1l a neurol\u00f3giai folyamatok vizsg\u00e1lat\u00e1hoz, valamint k\u00f6ztes term\u00e9kk\u00e9nt k\u00fcl\u00f6nb\u00f6z\u0151 k\u00e9miai vegy\u00fcletek szint\u00e9zis\u00e9ben.<\/li>\n<li><strong>Nagy tisztas\u00e1g \u00e9s min\u0151s\u00e9g<\/strong>GHB-ink a legnagyobb tisztas\u00e1g\u00faak, ami optim\u00e1lis teljes\u00edtm\u00e9nyt \u00e9s megb\u00edzhat\u00f3s\u00e1got biztos\u00edt minden alkalmaz\u00e1sban.<\/li>\n<\/ul>\n<h2>Term\u00e9kv\u00e1ltozatok \u00e9s csomagol\u00e1si lehet\u0151s\u00e9gek<\/h2>\n<p>A KO-Drops-Buy.com-n\u00e1l sz\u00e1mos gamma-hidroxibutir\u00e1t (GHB v\u00e1s\u00e1rl\u00e1s) term\u00e9kv\u00e1ltozatot \u00e9s csomagol\u00e1si lehet\u0151s\u00e9get k\u00edn\u00e1lunk az \u00d6n egyedi ig\u00e9nyeinek megfelel\u0151en:<\/p>\n<ul>\n<li><strong>Term\u00e9kv\u00e1ltozatok<\/strong>V\u00e1lasszon a GHB k\u00fcl\u00f6nb\u00f6z\u0151 koncentr\u00e1ci\u00f3i \u00e9s min\u0151s\u00e9gei k\u00f6z\u00fcl, hogy megfeleljen ipari vagy kutat\u00e1si ig\u00e9nyeinek.<\/li>\n<li><strong>Csomagol\u00e1si lehet\u0151s\u00e9gek<\/strong>A GHB-t k\u00fcl\u00f6nb\u00f6z\u0151 kiszerel\u00e9si m\u00e9retekben k\u00edn\u00e1ljuk, bele\u00e9rtve az 1 literes palackokat, az 5 literes kann\u00e1kat \u00e9s a nagyobb \u00f6mlesztett tart\u00e1lyokat. Minden csomagol\u00e1st \u00fagy tervezt\u00fcnk, hogy biztos\u00edtsa a biztons\u00e1gos sz\u00e1ll\u00edt\u00e1st.<\/li>\n<\/ul>\n<h2>Biztons\u00e1gi \u00e9s kezel\u00e9si ir\u00e1nymutat\u00e1sok<\/h2>\n<p>A GHB biztons\u00e1gos haszn\u00e1lata \u00e9s kezel\u00e9se a legfontosabb feladatunk. Amikor gamma-hidroxibutir\u00e1tot (GHB) v\u00e1s\u00e1rol a KO-Drops-Buy.com-t\u00f3l, k\u00f6vesse az al\u00e1bbi ir\u00e1nyelveket a biztons\u00e1g \u00e9s a megfelel\u0151s\u00e9g biztos\u00edt\u00e1sa \u00e9rdek\u00e9ben:<\/p>\n<ul>\n<li><strong>Szem\u00e9lyi v\u00e9d\u0151felszerel\u00e9s (<a href=\"https:\/\/www.bghm.de\/arbeitsschuetzer\/fach-themen\/persoenliche-schutzausruestung-psa\/\" target=\"_blank\" rel=\"noopener\">PSA<\/a>)<\/strong>A GHB kezel\u00e9se sor\u00e1n mindig viseljen megfelel\u0151 egy\u00e9ni v\u00e9d\u0151felszerel\u00e9st, bele\u00e9rtve a keszty\u0171t, v\u00e9d\u0151szem\u00fcveget \u00e9s v\u00e9d\u0151ruh\u00e1zatot.<\/li>\n<li><strong>T\u00e1rol\u00e1s<\/strong>A GHB-t h\u0171v\u00f6s, sz\u00e1raz \u00e9s j\u00f3l szell\u0151z\u0151 helyen, k\u00f6zvetlen napf\u00e9nyt\u0151l \u00e9s h\u0151forr\u00e1st\u00f3l t\u00e1vol kell t\u00e1rolni. Gondoskodjon arr\u00f3l, hogy a tart\u00e1lyok haszn\u00e1laton k\u00edv\u00fcl szorosan z\u00e1rva legyenek.<\/li>\n<li><strong>Kezel\u00e9si elj\u00e1r\u00e1sok<\/strong>A GHB-t j\u00f3l szell\u0151ztetett helyen haszn\u00e1lja, \u00e9s ker\u00fclje a bel\u00e9gz\u00e9st vagy a b\u0151rrel \u00e9s szemmel val\u00f3 \u00e9rintkez\u00e9st. V\u00e9letlen \u00e9rintkez\u00e9s eset\u00e9n alaposan \u00f6bl\u00edtse le v\u00edzzel, \u00e9s sz\u00fcks\u00e9g eset\u00e9n forduljon orvoshoz.<\/li>\n<li><strong>Hullad\u00e9k\u00e1rtalmatlan\u00edt\u00e1s<\/strong>A GHB-t a helyi, \u00e1llami \u00e9s sz\u00f6vets\u00e9gi el\u0151\u00edr\u00e1soknak megfelel\u0151en \u00e1rtalmatlan\u00edtsa. Ne \u00f6ntse a GHB-t a lefoly\u00f3ba, \u00e9s ne juttassa a k\u00f6rnyezetbe.<\/li>\n<\/ul>\n<blockquote><p>Fedezze fel sz\u00e9les v\u00e1laszt\u00e9kunkat <strong>Gamma-hidroxibutir\u00e1t (v\u00e1s\u00e1rl\u00e1s GHB)<\/strong> \u00e9s tapasztalja meg a KO-Tropfen-Kaufen.com \u00e1ltal k\u00edn\u00e1lt min\u0151s\u00e9get \u00e9s megb\u00edzhat\u00f3s\u00e1got. Rendeljen m\u00e9g ma, \u00e9s \u00e9lvezze biztons\u00e1gos \u00e9s diszkr\u00e9t sz\u00e1ll\u00edt\u00e1si szolg\u00e1ltat\u00e1sainkat.<\/p><\/blockquote>","protected":false},"excerpt":{"rendered":"<p>Min\u0151s\u00e9gi gamma-hidroxibutir\u00e1t (GHB) k\u00fcl\u00f6nb\u00f6z\u0151 alkalmaz\u00e1sokhoz. Biztons\u00e1gos \u00e9s megb\u00edzhat\u00f3.<\/p>","protected":false},"featured_media":15628,"comment_status":"open","ping_status":"closed","template":"","meta":{"jetpack_publicize_message":"","jetpack_publicize_feature_enabled":true,"jetpack_social_post_already_shared":false,"jetpack_social_options":{"image_generator_settings":{"template":"highway","default_image_id":0,"font":"","enabled":false},"version":2}},"product_brand":[],"product_cat":[27],"product_tag":[89,90],"class_list":{"0":"post-15622","1":"product","2":"type-product","3":"status-publish","4":"has-post-thumbnail","6":"product_cat-ko-tropfen-wo-kaufen","7":"product_tag-gbl-bestellen-deutschland","8":"product_tag-ghb-kaufen-deutschland","10":"first","11":"instock","12":"shipping-taxable","13":"purchasable","14":"product-type-variable"},"jetpack_publicize_connections":[],"jetpack_sharing_enabled":true,"_links":{"self":[{"href":"https:\/\/ko-tropfen-kaufen.com\/hu\/wp-json\/wp\/v2\/product\/15622","targetHints":{"allow":["GET"]}}],"collection":[{"href":"https:\/\/ko-tropfen-kaufen.com\/hu\/wp-json\/wp\/v2\/product"}],"about":[{"href":"https:\/\/ko-tropfen-kaufen.com\/hu\/wp-json\/wp\/v2\/types\/product"}],"replies":[{"embeddable":true,"href":"https:\/\/ko-tropfen-kaufen.com\/hu\/wp-json\/wp\/v2\/comments?post=15622"}],"version-history":[{"count":1,"href":"https:\/\/ko-tropfen-kaufen.com\/hu\/wp-json\/wp\/v2\/product\/15622\/revisions"}],"predecessor-version":[{"id":15631,"href":"https:\/\/ko-tropfen-kaufen.com\/hu\/wp-json\/wp\/v2\/product\/15622\/revisions\/15631"}],"wp:featuredmedia":[{"embeddable":true,"href":"https:\/\/ko-tropfen-kaufen.com\/hu\/wp-json\/wp\/v2\/media\/15628"}],"wp:attachment":[{"href":"https:\/\/ko-tropfen-kaufen.com\/hu\/wp-json\/wp\/v2\/media?parent=15622"}],"wp:term":[{"taxonomy":"product_brand","embeddable":true,"href":"https:\/\/ko-tropfen-kaufen.com\/hu\/wp-json\/wp\/v2\/product_brand?post=15622"},{"taxonomy":"product_cat","embeddable":true,"href":"https:\/\/ko-tropfen-kaufen.com\/hu\/wp-json\/wp\/v2\/product_cat?post=15622"},{"taxonomy":"product_tag","embeddable":true,"href":"https:\/\/ko-tropfen-kaufen.com\/hu\/wp-json\/wp\/v2\/product_tag?post=15622"}],"curies":[{"name":"wp","href":"https:\/\/api.w.org\/{rel}","templated":true}]}}