{"id":15725,"date":"2024-11-25T21:57:31","date_gmt":"2024-11-25T20:57:31","guid":{"rendered":"https:\/\/ko-tropfen-kaufen.com\/?page_id=15725"},"modified":"2025-11-24T16:12:14","modified_gmt":"2025-11-24T15:12:14","slug":"altalanos-feltetelek","status":"publish","type":"page","link":"https:\/\/ko-tropfen-kaufen.com\/hu\/altalanos-feltetelek\/","title":{"rendered":"\u00c1ltal\u00e1nos Szerz\u0151d\u00e9si Felt\u00e9telek"},"content":{"rendered":"<div id=\"ez-toc-container\" class=\"ez-toc-v2_0_82_2 counter-hierarchy ez-toc-counter ez-toc-grey ez-toc-container-direction\">\n<div class=\"ez-toc-title-container\">\n<p class=\"ez-toc-title\" style=\"cursor:inherit\">Tartalomjegyz\u00e9k<\/p>\n<span class=\"ez-toc-title-toggle\"><a href=\"#\" class=\"ez-toc-pull-right ez-toc-btn ez-toc-btn-xs ez-toc-btn-default ez-toc-toggle\" aria-label=\"Toggle Tartalomjegyz\u00e9k\"><span class=\"ez-toc-js-icon-con\"><span class=\"\"><span class=\"eztoc-hide\" style=\"display:none;\">Toggle<\/span><span class=\"ez-toc-icon-toggle-span\"><svg style=\"fill: #999;color:#999\" xmlns=\"http:\/\/www.w3.org\/2000\/svg\" class=\"list-377408\" width=\"20px\" height=\"20px\" viewbox=\"0 0 24 24\" fill=\"none\"><path d=\"M6 6H4v2h2V6zm14 0H8v2h12V6zM4 11h2v2H4v-2zm16 0H8v2h12v-2zM4 16h2v2H4v-2zm16 0H8v2h12v-2z\" fill=\"currentColor\"><\/path><\/svg><svg style=\"fill: #999;color:#999\" class=\"arrow-unsorted-368013\" xmlns=\"http:\/\/www.w3.org\/2000\/svg\" width=\"10px\" height=\"10px\" viewbox=\"0 0 24 24\" version=\"1.2\" baseprofile=\"tiny\"><path d=\"M18.2 9.3l-6.2-6.3-6.2 6.3c-.2.2-.3.4-.3.7s.1.5.3.7c.2.2.4.3.7.3h11c.3 0 .5-.1.7-.3.2-.2.3-.5.3-.7s-.1-.5-.3-.7zM5.8 14.7l6.2 6.3 6.2-6.3c.2-.2.3-.5.3-.7s-.1-.5-.3-.7c-.2-.2-.4-.3-.7-.3h-11c-.3 0-.5.1-.7.3-.2.2-.3.5-.3.7s.1.5.3.7z\"\/><\/svg><\/span><\/span><\/span><\/a><\/span><\/div>\n<nav><ul class='ez-toc-list ez-toc-list-level-1' ><li class='ez-toc-page-1 ez-toc-heading-level-3'><a class=\"ez-toc-link ez-toc-heading-1\" href=\"https:\/\/ko-tropfen-kaufen.com\/hu\/altalanos-feltetelek\/#Ko-Tropfen-Kaufencom\" >Buy-co-drops.com<\/a><\/li><li class='ez-toc-page-1 ez-toc-heading-level-3'><a class=\"ez-toc-link ez-toc-heading-2\" href=\"https:\/\/ko-tropfen-kaufen.com\/hu\/altalanos-feltetelek\/#1_Allgemeine_Bedingungen\" >1. \u00e1ltal\u00e1nos felt\u00e9telek<\/a><\/li><li class='ez-toc-page-1 ez-toc-heading-level-3'><a class=\"ez-toc-link ez-toc-heading-3\" href=\"https:\/\/ko-tropfen-kaufen.com\/hu\/altalanos-feltetelek\/#2_Bestellungen_und_Zahlungen\" >2. megrendel\u00e9sek \u00e9s kifizet\u00e9sek<\/a><\/li><li class='ez-toc-page-1 ez-toc-heading-level-3'><a class=\"ez-toc-link ez-toc-heading-4\" href=\"https:\/\/ko-tropfen-kaufen.com\/hu\/altalanos-feltetelek\/#3_Versand_und_Lieferung\" >3. felad\u00e1s \u00e9s sz\u00e1ll\u00edt\u00e1s<\/a><\/li><li class='ez-toc-page-1 ez-toc-heading-level-3'><a class=\"ez-toc-link ez-toc-heading-5\" href=\"https:\/\/ko-tropfen-kaufen.com\/hu\/altalanos-feltetelek\/#4_Ruckgabe_und_Ruckerstattung\" >4. visszak\u00fcld\u00e9s \u00e9s visszat\u00e9r\u00edt\u00e9s<\/a><\/li><li class='ez-toc-page-1 ez-toc-heading-level-3'><a class=\"ez-toc-link ez-toc-heading-6\" href=\"https:\/\/ko-tropfen-kaufen.com\/hu\/altalanos-feltetelek\/#5_Haftungsausschluss\" >5. nyilatkozat<\/a><\/li><li class='ez-toc-page-1 ez-toc-heading-level-3'><a class=\"ez-toc-link ez-toc-heading-7\" href=\"https:\/\/ko-tropfen-kaufen.com\/hu\/altalanos-feltetelek\/#6_Datenschutz\" >6. adatv\u00e9delem<\/a><\/li><li class='ez-toc-page-1 ez-toc-heading-level-3'><a class=\"ez-toc-link ez-toc-heading-8\" href=\"https:\/\/ko-tropfen-kaufen.com\/hu\/altalanos-feltetelek\/#7_Geistiges_Eigentum\" >7 Szellemi tulajdon<\/a><\/li><li class='ez-toc-page-1 ez-toc-heading-level-3'><a class=\"ez-toc-link ez-toc-heading-9\" href=\"https:\/\/ko-tropfen-kaufen.com\/hu\/altalanos-feltetelek\/#8_Anwendbares_Recht\" >8 Alkalmazand\u00f3 jog<\/a><\/li><li class='ez-toc-page-1 ez-toc-heading-level-3'><a class=\"ez-toc-link ez-toc-heading-10\" href=\"https:\/\/ko-tropfen-kaufen.com\/hu\/altalanos-feltetelek\/#9_Kontakt\" >9. kapcsolat<\/a><\/li><\/ul><\/nav><\/div>\n<h3 class=\"wp-block-heading\" id=\"h-ko-tropfen-kaufen-com\"><span class=\"ez-toc-section\" id=\"Ko-Tropfen-Kaufencom\"><\/span>Buy-co-drops.com<span class=\"ez-toc-section-end\"><\/span><\/h3>\n\n\n\n<p>\u00dcdv\u00f6z\u00f6lj\u00fck a <a href=\"https:\/\/ko-tropfen-kaufen.com?v=820eb5b696ea\">Buy-co-drops.com<\/a>. A weboldalunkhoz val\u00f3 hozz\u00e1f\u00e9r\u00e9ssel \u00e9s szolg\u00e1ltat\u00e1saink ig\u00e9nybev\u00e9tel\u00e9vel \u00d6n elfogadja az al\u00e1bbi \u00c1ltal\u00e1nos Szerz\u0151d\u00e9si Felt\u00e9teleket (\u00c1SZF). K\u00e9rj\u00fck, figyelmesen olvassa el \u0151ket.<\/p>\n\n\n\n<h3 class=\"wp-block-heading\" id=\"h-1-allgemeine-bedingungen\"><span class=\"ez-toc-section\" id=\"1_Allgemeine_Bedingungen\"><\/span>1. \u00e1ltal\u00e1nos felt\u00e9telek<span class=\"ez-toc-section-end\"><\/span><\/h3>\n\n\n\n<p>1.1. <strong>A weboldal haszn\u00e1lata:<\/strong> Weboldalunk haszn\u00e1lat\u00e1val \u00d6n elfogadja ezeket a felt\u00e9teleket, \u00e9s v\u00e1llalja, hogy betartja az \u00f6sszes vonatkoz\u00f3 t\u00f6rv\u00e9nyt \u00e9s rendeletet.<\/p>\n\n\n\n<p>1.2. <strong>V\u00e1ltoz\u00e1sok:<\/strong> Fenntartjuk a jogot, hogy a jelen \u00c1SZF-et b\u00e1rmikor m\u00f3dos\u00edtsuk. A m\u00f3dos\u00edt\u00e1sokat ezen az oldalon tessz\u00fck k\u00f6zz\u00e9, \u00e9s azok azonnal hat\u00e1lyba l\u00e9pnek. A weboldal tov\u00e1bbi haszn\u00e1lata a m\u00f3dos\u00edtott felt\u00e9telek elfogad\u00e1s\u00e1t jelenti.<\/p>\n\n\n\n<h3 class=\"wp-block-heading\" id=\"h-2-bestellungen-und-zahlungen\"><span class=\"ez-toc-section\" id=\"2_Bestellungen_und_Zahlungen\"><\/span>2. megrendel\u00e9sek \u00e9s kifizet\u00e9sek<span class=\"ez-toc-section-end\"><\/span><\/h3>\n\n\n\n<p>2.1. <strong>Rendel\u00e9si folyamat:<\/strong> A weboldalunkon leadott minden megrendel\u00e9s k\u00f6telez\u0151 \u00e9rv\u00e9ny\u0171. Amint megrendel\u00e9s\u00e9t sikeresen leadta, e-mailben visszaigazol\u00e1st kap a megrendel\u00e9s\u00e9r\u0151l.<\/p>\n\n\n\n<p>2.2. <strong>\u00c1rak:<\/strong> A weboldalon felt\u00fcntetett \u00e1rak tartalmazz\u00e1k az \u00c1FA-t, de nem tartalmazz\u00e1k a sz\u00e1ll\u00edt\u00e1si k\u00f6lts\u00e9geket. Fenntartjuk a jogot, hogy az \u00e1rakat b\u00e1rmikor megv\u00e1ltoztassuk.<\/p>\n\n\n\n<p>2.3. <strong>Fizet\u00e9si m\u00f3dok:<\/strong> K\u00fcl\u00f6nb\u00f6z\u0151 fizet\u00e9si m\u00f3dokat fogadunk el, amelyeket a megrendel\u00e9s sor\u00e1n adunk meg. A fizet\u00e9st a megrendelt term\u00e9kek felad\u00e1sa el\u0151tt kell teljes\u00edteni.<\/p>\n\n\n\n<h3 class=\"wp-block-heading\" id=\"h-3-versand-und-lieferung\"><span class=\"ez-toc-section\" id=\"3_Versand_und_Lieferung\"><\/span>3. felad\u00e1s \u00e9s sz\u00e1ll\u00edt\u00e1s<span class=\"ez-toc-section-end\"><\/span><\/h3>\n\n\n\n<p>3.1. <strong>K\u00fcld\u00e9s:<\/strong> Term\u00e9keinket N\u00e9metorsz\u00e1gon bel\u00fcl \u00e9s nemzetk\u00f6zileg is sz\u00e1ll\u00edtjuk. A sz\u00e1ll\u00edt\u00e1si k\u00f6lts\u00e9geket \u00e9s a sz\u00e1ll\u00edt\u00e1si hat\u00e1rid\u0151ket a rendel\u00e9si folyamat sor\u00e1n t\u00fcntetj\u00fck fel.<\/p>\n\n\n\n<p>3.2. <strong>Sz\u00e1ll\u00edt\u00e1si id\u0151k:<\/strong> A sz\u00e1ll\u00edt\u00e1si id\u0151 a sz\u00e1ll\u00edt\u00e1si c\u00e9l\u00e1llom\u00e1st\u00f3l f\u00fcgg\u0151en v\u00e1ltozhat. Igyeksz\u00fcnk a lehet\u0151 leggyorsabban feladni a megrendel\u00e9s\u00e9t. Az el\u0151re nem l\u00e1that\u00f3 k\u00f6r\u00fclm\u00e9nyek miatti k\u00e9sedelmekre nincs r\u00e1hat\u00e1sunk.<\/p>\n\n\n\n<h3 class=\"wp-block-heading\" id=\"h-4-ruckgabe-und-ruckerstattung\"><span class=\"ez-toc-section\" id=\"4_Ruckgabe_und_Ruckerstattung\"><\/span>4. visszak\u00fcld\u00e9s \u00e9s visszat\u00e9r\u00edt\u00e9s<span class=\"ez-toc-section-end\"><\/span><\/h3>\n\n\n\n<p>4.1. <strong>Visszat\u00e9r\u00e9si jog:<\/strong> A term\u00e9keket a k\u00e9zhezv\u00e9telt\u0151l sz\u00e1m\u00edtott 30 napon bel\u00fcl jogosult visszak\u00fcldeni. A term\u00e9keket eredeti \u00e1llapotukban, bontatlanul \u00e9s haszn\u00e1latlanul kell visszak\u00fcldeni.<\/p>\n\n\n\n<p>4.2. <strong>Visszat\u00e9r\u00edt\u00e9s:<\/strong> A visszak\u00fcld\u00f6tt term\u00e9kek k\u00e9zhezv\u00e9tel\u00e9t \u00e9s ellen\u0151rz\u00e9s\u00e9t k\u00f6vet\u0151en 5-7 munkanapon bel\u00fcl visszat\u00e9r\u00edt\u00e9sre ker\u00fcl az eredeti fizet\u00e9si m\u00f3dra.<\/p>\n\n\n\n<h3 class=\"wp-block-heading\" id=\"h-5-haftungsausschluss\"><span class=\"ez-toc-section\" id=\"5_Haftungsausschluss\"><\/span>5. nyilatkozat<span class=\"ez-toc-section-end\"><\/span><\/h3>\n\n\n\n<p>5.1. <strong>A weboldal tartalma:<\/strong> B\u00e1r igyeksz\u00fcnk pontos \u00e9s naprak\u00e9sz inform\u00e1ci\u00f3kat ny\u00fajtani, nem v\u00e1llalunk felel\u0151ss\u00e9get a weboldalunkon tal\u00e1lhat\u00f3 tartalom pontoss\u00e1g\u00e1\u00e9rt, teljess\u00e9g\u00e9\u00e9rt vagy id\u0151szer\u0171s\u00e9g\u00e9\u00e9rt.<\/p>\n\n\n\n<p>5.2. <strong>K\u00fcls\u0151 hivatkoz\u00e1sok:<\/strong> Weboldalunk tartalmazhat k\u00fcls\u0151 weboldalakra mutat\u00f3 linkeket. Nem vagyunk felel\u0151sek ezen weboldalak tartalm\u00e1\u00e9rt vagy adatv\u00e9delmi gyakorlat\u00e1\u00e9rt.<\/p>\n\n\n\n<h3 class=\"wp-block-heading\" id=\"h-6-datenschutz\"><span class=\"ez-toc-section\" id=\"6_Datenschutz\"><\/span>6. adatv\u00e9delem<span class=\"ez-toc-section-end\"><\/span><\/h3>\n\n\n\n<p>6.1. <strong>Adatv\u00e9delmi ir\u00e1nyelvek:<\/strong> Az Adatv\u00e9delmi szab\u00e1lyzatunk, amely le\u00edrja, hogyan gy\u0171jtj\u00fck, haszn\u00e1ljuk \u00e9s v\u00e9dj\u00fck az \u00d6n szem\u00e9lyes adatait, a jelen \u00c1SZF szerves r\u00e9sz\u00e9t k\u00e9pezi.<\/p>\n\n\n\n<h3 class=\"wp-block-heading\" id=\"h-7-geistiges-eigentum\"><span class=\"ez-toc-section\" id=\"7_Geistiges_Eigentum\"><\/span>7 Szellemi tulajdon<span class=\"ez-toc-section-end\"><\/span><\/h3>\n\n\n\n<p>7.1. <strong>Szerz\u0151i jog:<\/strong> A weboldalunk minden tartalma, bele\u00e9rtve a sz\u00f6veget, k\u00e9peket \u00e9s grafik\u00e1kat, szerz\u0151i jogv\u00e9delem alatt \u00e1ll. E tartalom felhaszn\u00e1l\u00e1sa kifejezett \u00edr\u00e1sbeli hozz\u00e1j\u00e1rul\u00e1sunk n\u00e9lk\u00fcl tilos.<\/p>\n\n\n\n<h3 class=\"wp-block-heading\" id=\"h-8-anwendbares-recht\"><span class=\"ez-toc-section\" id=\"8_Anwendbares_Recht\"><\/span>8 Alkalmazand\u00f3 jog<span class=\"ez-toc-section-end\"><\/span><\/h3>\n\n\n\n<p>8.1. <strong>A joghat\u00f3s\u00e1g helye:<\/strong> A jelen \u00c1SZF a n\u00e9met jog hat\u00e1lya al\u00e1 tartozik. Jogvit\u00e1k eset\u00e9n a joghat\u00f3s\u00e1g helye c\u00e9g\u00fcnk sz\u00e9khelye.<\/p>\n\n\n\n<h3 class=\"wp-block-heading\" id=\"h-9-kontakt\"><span class=\"ez-toc-section\" id=\"9_Kontakt\"><\/span>9. kapcsolat<span class=\"ez-toc-section-end\"><\/span><\/h3>\n\n\n\n<p>Ha b\u00e1rmilyen k\u00e9rd\u00e9se van ezekkel az \u00c1SZF-ekkel kapcsolatban, k\u00e9rj\u00fck, forduljon hozz\u00e1nk a k\u00f6vetkez\u0151 c\u00edmen <a>support@ko-tropfen-kaufen.com<\/a>. Mindig igyeksz\u00fcnk gyorsan \u00e9s kiel\u00e9g\u00edt\u0151en megoldani az \u00d6n probl\u00e9m\u00e1it.<\/p>\n\n\n\n<p>K\u00f6sz\u00f6nj\u00fck, hogy a Ko-Tropfen-Kaufen.com-on v\u00e1s\u00e1rolt!<\/p>","protected":false},"excerpt":{"rendered":"<p>Ko-Tropfen-Kaufen.com Willkommen bei Ko-Tropfen-Kaufen.com. Durch den Zugriff auf unsere Website und die Nutzung unserer Dienste stimmen Sie den folgenden Allgemeinen Gesch\u00e4ftsbedingungen (AGB) zu. Bitte lesen Sie diese sorgf\u00e4ltig durch. 1. Allgemeine Bedingungen 1.1. Nutzung der Website: Durch die Nutzung unserer Website erkl\u00e4ren Sie sich mit diesen AGB einverstanden und verpflichten sich, alle geltenden Gesetze und [&hellip;]<\/p>\n","protected":false},"author":2,"featured_media":0,"parent":0,"menu_order":0,"comment_status":"closed","ping_status":"closed","template":"","meta":{"footnotes":""},"class_list":["post-15725","page","type-page","status-publish","hentry"],"blocksy_meta":[],"jetpack_sharing_enabled":true,"_links":{"self":[{"href":"https:\/\/ko-tropfen-kaufen.com\/hu\/wp-json\/wp\/v2\/pages\/15725","targetHints":{"allow":["GET"]}}],"collection":[{"href":"https:\/\/ko-tropfen-kaufen.com\/hu\/wp-json\/wp\/v2\/pages"}],"about":[{"href":"https:\/\/ko-tropfen-kaufen.com\/hu\/wp-json\/wp\/v2\/types\/page"}],"author":[{"embeddable":true,"href":"https:\/\/ko-tropfen-kaufen.com\/hu\/wp-json\/wp\/v2\/users\/2"}],"replies":[{"embeddable":true,"href":"https:\/\/ko-tropfen-kaufen.com\/hu\/wp-json\/wp\/v2\/comments?post=15725"}],"version-history":[{"count":1,"href":"https:\/\/ko-tropfen-kaufen.com\/hu\/wp-json\/wp\/v2\/pages\/15725\/revisions"}],"predecessor-version":[{"id":15726,"href":"https:\/\/ko-tropfen-kaufen.com\/hu\/wp-json\/wp\/v2\/pages\/15725\/revisions\/15726"}],"wp:attachment":[{"href":"https:\/\/ko-tropfen-kaufen.com\/hu\/wp-json\/wp\/v2\/media?parent=15725"}],"curies":[{"name":"wp","href":"https:\/\/api.w.org\/{rel}","templated":true}]}}