{"id":15720,"date":"2024-11-25T20:38:37","date_gmt":"2024-11-25T20:38:37","guid":{"rendered":"https:\/\/ko-tropfen-kaufen.com\/?page_id=15720"},"modified":"2024-11-25T20:38:42","modified_gmt":"2024-11-25T20:38:42","slug":"adatvedelmi-politika","status":"publish","type":"page","link":"https:\/\/ko-tropfen-kaufen.com\/hu\/adatvedelmi-politika\/","title":{"rendered":"Adatv\u00e9delmi ir\u00e1nyelvek"},"content":{"rendered":"<div id=\"ez-toc-container\" class=\"ez-toc-v2_0_82_2 counter-hierarchy ez-toc-counter ez-toc-grey ez-toc-container-direction\">\n<div class=\"ez-toc-title-container\">\n<p class=\"ez-toc-title\" style=\"cursor:inherit\">Tartalomjegyz\u00e9k<\/p>\n<span class=\"ez-toc-title-toggle\"><a href=\"#\" class=\"ez-toc-pull-right ez-toc-btn ez-toc-btn-xs ez-toc-btn-default ez-toc-toggle\" aria-label=\"Toggle Tartalomjegyz\u00e9k\"><span class=\"ez-toc-js-icon-con\"><span class=\"\"><span class=\"eztoc-hide\" style=\"display:none;\">Toggle<\/span><span class=\"ez-toc-icon-toggle-span\"><svg style=\"fill: #999;color:#999\" xmlns=\"http:\/\/www.w3.org\/2000\/svg\" class=\"list-377408\" width=\"20px\" height=\"20px\" viewbox=\"0 0 24 24\" fill=\"none\"><path d=\"M6 6H4v2h2V6zm14 0H8v2h12V6zM4 11h2v2H4v-2zm16 0H8v2h12v-2zM4 16h2v2H4v-2zm16 0H8v2h12v-2z\" fill=\"currentColor\"><\/path><\/svg><svg style=\"fill: #999;color:#999\" class=\"arrow-unsorted-368013\" xmlns=\"http:\/\/www.w3.org\/2000\/svg\" width=\"10px\" height=\"10px\" viewbox=\"0 0 24 24\" version=\"1.2\" baseprofile=\"tiny\"><path d=\"M18.2 9.3l-6.2-6.3-6.2 6.3c-.2.2-.3.4-.3.7s.1.5.3.7c.2.2.4.3.7.3h11c.3 0 .5-.1.7-.3.2-.2.3-.5.3-.7s-.1-.5-.3-.7zM5.8 14.7l6.2 6.3 6.2-6.3c.2-.2.3-.5.3-.7s-.1-.5-.3-.7c-.2-.2-.4-.3-.7-.3h-11c-.3 0-.5.1-.7.3-.2.2-.3.5-.3.7s.1.5.3.7z\"\/><\/svg><\/span><\/span><\/span><\/a><\/span><\/div>\n<nav><ul class='ez-toc-list ez-toc-list-level-1' ><li class='ez-toc-page-1 ez-toc-heading-level-3'><a class=\"ez-toc-link ez-toc-heading-1\" href=\"https:\/\/ko-tropfen-kaufen.com\/hu\/adatvedelmi-politika\/#Ko-Tropfen-Kaufencom_Datenschutzrichtlinie\" >Ko-Tropfen-Kaufen.com Adatv\u00e9delmi szab\u00e1lyzat<\/a><\/li><li class='ez-toc-page-1 ez-toc-heading-level-3'><a class=\"ez-toc-link ez-toc-heading-2\" href=\"https:\/\/ko-tropfen-kaufen.com\/hu\/adatvedelmi-politika\/#Erfassung_und_Verwendung_von_Daten\" >Az adatok gy\u0171jt\u00e9se \u00e9s felhaszn\u00e1l\u00e1sa<\/a><ul class='ez-toc-list-level-4' ><li class='ez-toc-heading-level-4'><a class=\"ez-toc-link ez-toc-heading-3\" href=\"https:\/\/ko-tropfen-kaufen.com\/hu\/adatvedelmi-politika\/#Personliche_Daten\" >Szem\u00e9lyes adatok<\/a><\/li><li class='ez-toc-page-1 ez-toc-heading-level-4'><a class=\"ez-toc-link ez-toc-heading-4\" href=\"https:\/\/ko-tropfen-kaufen.com\/hu\/adatvedelmi-politika\/#Automatisch_erfasste_Daten\" >Automatikusan r\u00f6gz\u00edtett adatok<\/a><\/li><\/ul><\/li><li class='ez-toc-page-1 ez-toc-heading-level-3'><a class=\"ez-toc-link ez-toc-heading-5\" href=\"https:\/\/ko-tropfen-kaufen.com\/hu\/adatvedelmi-politika\/#Verwendung_von_Cookies\" >S\u00fctik haszn\u00e1lata<\/a><\/li><li class='ez-toc-page-1 ez-toc-heading-level-3'><a class=\"ez-toc-link ez-toc-heading-6\" href=\"https:\/\/ko-tropfen-kaufen.com\/hu\/adatvedelmi-politika\/#Weitergabe_von_Daten\" >Adattov\u00e1bb\u00edt\u00e1s<\/a><\/li><li class='ez-toc-page-1 ez-toc-heading-level-3'><a class=\"ez-toc-link ez-toc-heading-7\" href=\"https:\/\/ko-tropfen-kaufen.com\/hu\/adatvedelmi-politika\/#Datensicherheit\" >Adatbiztons\u00e1g<\/a><\/li><li class='ez-toc-page-1 ez-toc-heading-level-3'><a class=\"ez-toc-link ez-toc-heading-8\" href=\"https:\/\/ko-tropfen-kaufen.com\/hu\/adatvedelmi-politika\/#Ihre_Rechte\" >Az \u00d6n jogai<\/a><\/li><li class='ez-toc-page-1 ez-toc-heading-level-3'><a class=\"ez-toc-link ez-toc-heading-9\" href=\"https:\/\/ko-tropfen-kaufen.com\/hu\/adatvedelmi-politika\/#Anderungen_an_dieser_Datenschutzrichtlinie\" >Az adatv\u00e9delmi szab\u00e1lyzat m\u00f3dos\u00edt\u00e1sai<\/a><\/li><li class='ez-toc-page-1 ez-toc-heading-level-3'><a class=\"ez-toc-link ez-toc-heading-10\" href=\"https:\/\/ko-tropfen-kaufen.com\/hu\/adatvedelmi-politika\/#Kontakt\" >Kapcsolatfelv\u00e9tel<\/a><\/li><\/ul><\/nav><\/div>\n<h3 class=\"wp-block-heading\" id=\"h-ko-tropfen-kaufen-com-datenschutzrichtlinie\"><span class=\"ez-toc-section\" id=\"Ko-Tropfen-Kaufencom_Datenschutzrichtlinie\"><\/span>Ko-Tropfen-Kaufen.com Adatv\u00e9delmi szab\u00e1lyzat<span class=\"ez-toc-section-end\"><\/span><\/h3>\n\n\n\n<p>A  c\u00edmen <a href=\"https:\/\/ko-tropfen-kaufen.com?v=820eb5b696ea\">Buy-co-drops.com<\/a> nagy jelent\u0151s\u00e9get tulajdon\u00edtunk az \u00d6n mag\u00e1n\u00e9let\u00e9nek v\u00e9delm\u00e9nek \u00e9s szem\u00e9lyes adatainak biztons\u00e1g\u00e1nak. Ez az adatv\u00e9delmi szab\u00e1lyzat elmagyar\u00e1zza, hogy milyen inform\u00e1ci\u00f3kat gy\u0171jt\u00fcnk, hogyan haszn\u00e1ljuk fel azokat, \u00e9s milyen int\u00e9zked\u00e9seket tesz\u00fcnk az \u00d6n adatainak v\u00e9delme \u00e9rdek\u00e9ben.<\/p>\n\n\n\n<h3 class=\"wp-block-heading\" id=\"h-erfassung-und-verwendung-von-daten\"><span class=\"ez-toc-section\" id=\"Erfassung_und_Verwendung_von_Daten\"><\/span>Az adatok gy\u0171jt\u00e9se \u00e9s felhaszn\u00e1l\u00e1sa<span class=\"ez-toc-section-end\"><\/span><\/h3>\n\n\n\n<h4 class=\"wp-block-heading\" id=\"h-personliche-daten\"><span class=\"ez-toc-section\" id=\"Personliche_Daten\"><\/span>Szem\u00e9lyes adatok<span class=\"ez-toc-section-end\"><\/span><\/h4>\n\n\n\n<p>Olyan szem\u00e9lyes adatokat gy\u0171jt\u00fcnk, amelyeket \u00d6n \u00f6nk\u00e9ntesen ad meg nek\u00fcnk, amikor a weboldalunkat haszn\u00e1lja, mint pl.<\/p>\n\n\n\n<ul class=\"wp-block-list\">\n<li>N\u00e9v<\/li>\n\n\n\n<li>C\u00edm:<\/li>\n\n\n\n<li>E-mail c\u00edm<\/li>\n\n\n\n<li>Telefonsz\u00e1m<\/li>\n\n\n\n<li>Fizet\u00e9si inform\u00e1ci\u00f3k<\/li>\n<\/ul>\n\n\n\n<p>Ezeket az inform\u00e1ci\u00f3kat a megrendel\u00e9sek feldolgoz\u00e1s\u00e1ra, \u00fcgyf\u00e9lszolg\u00e1lat ny\u00fajt\u00e1s\u00e1ra, valamint relev\u00e1ns inform\u00e1ci\u00f3k \u00e9s aj\u00e1nlatok k\u00fcld\u00e9s\u00e9re haszn\u00e1ljuk.<\/p>\n\n\n\n<h4 class=\"wp-block-heading\" id=\"h-automatisch-erfasste-daten\"><span class=\"ez-toc-section\" id=\"Automatisch_erfasste_Daten\"><\/span>Automatikusan r\u00f6gz\u00edtett adatok<span class=\"ez-toc-section-end\"><\/span><\/h4>\n\n\n\n<p>Amikor \u00d6n megl\u00e1togatja weboldalunkat, automatikusan gy\u0171jt\u00fcnk bizonyos inform\u00e1ci\u00f3kat az \u00d6n eszk\u00f6z\u00e9r\u0151l \u00e9s weboldalunk haszn\u00e1lat\u00e1r\u00f3l, t\u00f6bbek k\u00f6z\u00f6tt:<\/p>\n\n\n\n<ul class=\"wp-block-list\">\n<li>IP-c\u00edm<\/li>\n\n\n\n<li>B\u00f6ng\u00e9sz\u0151 t\u00edpusa \u00e9s verzi\u00f3ja<\/li>\n\n\n\n<li>Hivatkoz\u00e1si URL<\/li>\n\n\n\n<li>A hozz\u00e1f\u00e9r\u00e9s d\u00e1tuma \u00e9s id\u0151pontja<\/li>\n\n\n\n<li>Megl\u00e1togatott oldalak \u00e9s r\u00e1kattintott linkek<\/li>\n<\/ul>\n\n\n\n<p>Ezek az inform\u00e1ci\u00f3k seg\u00edtenek nek\u00fcnk a weboldalunk fejleszt\u00e9s\u00e9ben \u00e9s a felhaszn\u00e1l\u00f3i \u00e9lm\u00e9ny optimaliz\u00e1l\u00e1s\u00e1ban.<\/p>\n\n\n\n<h3 class=\"wp-block-heading\" id=\"h-verwendung-von-cookies\"><span class=\"ez-toc-section\" id=\"Verwendung_von_Cookies\"><\/span>S\u00fctik haszn\u00e1lata<span class=\"ez-toc-section-end\"><\/span><\/h3>\n\n\n\n<p>Weboldalunk s\u00fctiket haszn\u00e1l a felhaszn\u00e1l\u00f3i \u00e9lm\u00e9ny jav\u00edt\u00e1sa \u00e9s bizonyos funkci\u00f3k biztos\u00edt\u00e1sa \u00e9rdek\u00e9ben. A s\u00fctik olyan kis sz\u00f6veges f\u00e1jlok, amelyeket az \u00d6n eszk\u00f6z\u00e9n t\u00e1rolnak. A b\u00f6ng\u00e9sz\u0151 be\u00e1ll\u00edt\u00e1saiban letilthatja a cookie-k haszn\u00e1lat\u00e1t, de ez befoly\u00e1solhatja weboldalunk m\u0171k\u00f6d\u00e9s\u00e9t.<\/p>\n\n\n\n<h3 class=\"wp-block-heading\" id=\"h-weitergabe-von-daten\"><span class=\"ez-toc-section\" id=\"Weitergabe_von_Daten\"><\/span>Adattov\u00e1bb\u00edt\u00e1s<span class=\"ez-toc-section-end\"><\/span><\/h3>\n\n\n\n<p>Szem\u00e9lyes adatait nem adjuk \u00e1t harmadik f\u00e9lnek, kiv\u00e9ve a k\u00f6vetkez\u0151 esetekben:<\/p>\n\n\n\n<ul class=\"wp-block-list\">\n<li><strong>Szolg\u00e1ltat\u00f3:<\/strong> Megb\u00edzhat\u00f3 szolg\u00e1ltat\u00f3kkal dolgozunk egy\u00fctt, akik bizonyos feladatokat v\u00e9geznek el a nev\u00fcnkben, mint p\u00e9ld\u00e1ul a fizet\u00e9s feldolgoz\u00e1sa \u00e9s a sz\u00e1ll\u00edt\u00e1s. Ezek a szolg\u00e1ltat\u00f3k csak a feladataik ell\u00e1t\u00e1s\u00e1hoz sz\u00fcks\u00e9ges inform\u00e1ci\u00f3khoz f\u00e9rnek hozz\u00e1, \u00e9s szerz\u0151d\u00e9ses k\u00f6teless\u00e9g\u00fck az \u00d6n adatainak v\u00e9delme.<\/li>\n\n\n\n<li><strong>Jogi k\u00f6vetelm\u00e9nyek:<\/strong> Az \u00d6n adatait nyilv\u00e1noss\u00e1gra hozhatjuk, ha azt a t\u00f6rv\u00e9ny el\u0151\u00edrja, vagy ha jogaink v\u00e9delme \u00e9rdek\u00e9ben sz\u00fcks\u00e9ges.<\/li>\n<\/ul>\n\n\n\n<h3 class=\"wp-block-heading\" id=\"h-datensicherheit\"><span class=\"ez-toc-section\" id=\"Datensicherheit\"><\/span>Adatbiztons\u00e1g<span class=\"ez-toc-section-end\"><\/span><\/h3>\n\n\n\n<p>Megfelel\u0151 technikai \u00e9s szervez\u00e9si int\u00e9zked\u00e9seket alkalmazunk az \u00d6n szem\u00e9lyes adatainak a jogosulatlan hozz\u00e1f\u00e9r\u00e9st\u0151l, elveszt\u00e9st\u0151l vagy vissza\u00e9l\u00e9st\u0151l val\u00f3 v\u00e9delme \u00e9rdek\u00e9ben. Ezek k\u00f6z\u00e9 tartozik az \u00e9rz\u00e9keny inform\u00e1ci\u00f3k titkos\u00edt\u00e1sa \u00e9s a rendszeres biztons\u00e1gi ellen\u0151rz\u00e9sek.<\/p>\n\n\n\n<h3 class=\"wp-block-heading\" id=\"h-ihre-rechte\"><span class=\"ez-toc-section\" id=\"Ihre_Rechte\"><\/span>Az \u00d6n jogai<span class=\"ez-toc-section-end\"><\/span><\/h3>\n\n\n\n<p>\u00d6nnek joga van ahhoz, hogy b\u00e1rmikor t\u00e1j\u00e9koztat\u00e1st kapjon az \u00e1ltalunk t\u00e1rolt szem\u00e9lyes adatair\u00f3l, k\u00e9rheti azok helyesb\u00edt\u00e9s\u00e9t vagy t\u00f6rl\u00e9s\u00e9t, \u00e9s tiltakozhat az adatai feldolgoz\u00e1sa ellen. Ehhez k\u00e9rj\u00fck, l\u00e9pjen kapcsolatba vel\u00fcnk a k\u00f6vetkez\u0151 c\u00edmen <a>support@ko-tropfen-kaufen.com<\/a>.<\/p>\n\n\n\n<h3 class=\"wp-block-heading\" id=\"h-anderungen-an-dieser-datenschutzrichtlinie\"><span class=\"ez-toc-section\" id=\"Anderungen_an_dieser_Datenschutzrichtlinie\"><\/span>Az adatv\u00e9delmi szab\u00e1lyzat m\u00f3dos\u00edt\u00e1sai<span class=\"ez-toc-section-end\"><\/span><\/h3>\n\n\n\n<p>Fenntartjuk a jogot, hogy b\u00e1rmikor friss\u00edts\u00fck ezt az adatv\u00e9delmi szab\u00e1lyzatot. A v\u00e1ltoz\u00e1sokat ezen az oldalon tessz\u00fck k\u00f6zz\u00e9, \u00e9s azok azonnal hat\u00e1lyba l\u00e9pnek. Javasoljuk, hogy rendszeresen ellen\u0151rizze ezt a szab\u00e1lyzatot.<\/p>\n\n\n\n<h3 class=\"wp-block-heading\" id=\"h-kontakt\"><span class=\"ez-toc-section\" id=\"Kontakt\"><\/span>Kapcsolatfelv\u00e9tel<span class=\"ez-toc-section-end\"><\/span><\/h3>\n\n\n\n<p>Ha b\u00e1rmilyen k\u00e9rd\u00e9se vagy agg\u00e1lya van adatv\u00e9delmi szab\u00e1lyzatunkkal kapcsolatban, k\u00e9rj\u00fck, l\u00e9pjen kapcsolatba vel\u00fcnk a k\u00f6vetkez\u0151 c\u00edmen <a>support@ko-tropfen-kaufen.com<\/a>. Mindig igyeksz\u00fcnk gyorsan \u00e9s kiel\u00e9g\u00edt\u0151en megoldani az \u00d6n probl\u00e9m\u00e1it.<\/p>\n\n\n\n<p>K\u00f6sz\u00f6nj\u00fck, hogy megb\u00edzik a Ko-Tropfen-Kaufen.com-ban!<\/p>","protected":false},"excerpt":{"rendered":"<p>Ko-Tropfen-Kaufen.com Datenschutzrichtlinie Bei Ko-Tropfen-Kaufen.com legen wir gro\u00dfen Wert auf den Schutz Ihrer Privatsph\u00e4re und die Sicherheit Ihrer pers\u00f6nlichen Daten. Diese Datenschutzrichtlinie erkl\u00e4rt, welche Informationen wir sammeln, wie wir sie verwenden und welche Ma\u00dfnahmen wir ergreifen, um Ihre Daten zu sch\u00fctzen. Erfassung und Verwendung von Daten Pers\u00f6nliche Daten Wir erfassen pers\u00f6nliche Daten, die Sie uns freiwillig [&hellip;]<\/p>\n","protected":false},"author":2,"featured_media":0,"parent":0,"menu_order":0,"comment_status":"closed","ping_status":"closed","template":"","meta":{"footnotes":""},"class_list":["post-15720","page","type-page","status-publish","hentry"],"blocksy_meta":[],"jetpack_sharing_enabled":true,"_links":{"self":[{"href":"https:\/\/ko-tropfen-kaufen.com\/hu\/wp-json\/wp\/v2\/pages\/15720","targetHints":{"allow":["GET"]}}],"collection":[{"href":"https:\/\/ko-tropfen-kaufen.com\/hu\/wp-json\/wp\/v2\/pages"}],"about":[{"href":"https:\/\/ko-tropfen-kaufen.com\/hu\/wp-json\/wp\/v2\/types\/page"}],"author":[{"embeddable":true,"href":"https:\/\/ko-tropfen-kaufen.com\/hu\/wp-json\/wp\/v2\/users\/2"}],"replies":[{"embeddable":true,"href":"https:\/\/ko-tropfen-kaufen.com\/hu\/wp-json\/wp\/v2\/comments?post=15720"}],"version-history":[{"count":1,"href":"https:\/\/ko-tropfen-kaufen.com\/hu\/wp-json\/wp\/v2\/pages\/15720\/revisions"}],"predecessor-version":[{"id":15721,"href":"https:\/\/ko-tropfen-kaufen.com\/hu\/wp-json\/wp\/v2\/pages\/15720\/revisions\/15721"}],"wp:attachment":[{"href":"https:\/\/ko-tropfen-kaufen.com\/hu\/wp-json\/wp\/v2\/media?parent=15720"}],"curies":[{"name":"wp","href":"https:\/\/api.w.org\/{rel}","templated":true}]}}