{"id":15717,"date":"2024-11-25T21:29:54","date_gmt":"2024-11-25T20:29:54","guid":{"rendered":"https:\/\/ko-tropfen-kaufen.com\/?page_id=15717"},"modified":"2025-11-24T16:12:52","modified_gmt":"2025-11-24T15:12:52","slug":"a-gbl-es-a-ghb-kerdesei","status":"publish","type":"page","link":"https:\/\/ko-tropfen-kaufen.com\/hu\/a-gbl-es-a-ghb-kerdesei\/","title":{"rendered":"GYIK"},"content":{"rendered":"<div id=\"ez-toc-container\" class=\"ez-toc-v2_0_82_2 counter-hierarchy ez-toc-counter ez-toc-grey ez-toc-container-direction\">\n<div class=\"ez-toc-title-container\">\n<p class=\"ez-toc-title\" style=\"cursor:inherit\">Tartalomjegyz\u00e9k<\/p>\n<span class=\"ez-toc-title-toggle\"><a href=\"#\" class=\"ez-toc-pull-right ez-toc-btn ez-toc-btn-xs ez-toc-btn-default ez-toc-toggle\" aria-label=\"Toggle Tartalomjegyz\u00e9k\"><span class=\"ez-toc-js-icon-con\"><span class=\"\"><span class=\"eztoc-hide\" style=\"display:none;\">Toggle<\/span><span class=\"ez-toc-icon-toggle-span\"><svg style=\"fill: #999;color:#999\" xmlns=\"http:\/\/www.w3.org\/2000\/svg\" class=\"list-377408\" width=\"20px\" height=\"20px\" viewbox=\"0 0 24 24\" fill=\"none\"><path d=\"M6 6H4v2h2V6zm14 0H8v2h12V6zM4 11h2v2H4v-2zm16 0H8v2h12v-2zM4 16h2v2H4v-2zm16 0H8v2h12v-2z\" fill=\"currentColor\"><\/path><\/svg><svg style=\"fill: #999;color:#999\" class=\"arrow-unsorted-368013\" xmlns=\"http:\/\/www.w3.org\/2000\/svg\" width=\"10px\" height=\"10px\" viewbox=\"0 0 24 24\" version=\"1.2\" baseprofile=\"tiny\"><path d=\"M18.2 9.3l-6.2-6.3-6.2 6.3c-.2.2-.3.4-.3.7s.1.5.3.7c.2.2.4.3.7.3h11c.3 0 .5-.1.7-.3.2-.2.3-.5.3-.7s-.1-.5-.3-.7zM5.8 14.7l6.2 6.3 6.2-6.3c.2-.2.3-.5.3-.7s-.1-.5-.3-.7c-.2-.2-.4-.3-.7-.3h-11c-.3 0-.5.1-.7.3-.2.2-.3.5-.3.7s.1.5.3.7z\"\/><\/svg><\/span><\/span><\/span><\/a><\/span><\/div>\n<nav><ul class='ez-toc-list ez-toc-list-level-1' ><li class='ez-toc-page-1 ez-toc-heading-level-1'><a class=\"ez-toc-link ez-toc-heading-1\" href=\"https:\/\/ko-tropfen-kaufen.com\/hu\/a-gbl-es-a-ghb-kerdesei\/#FAQs_zu_GBL_und_GHB\" >GYIK a GBL-r\u0151l \u00e9s a GHB-r\u0151l<\/a><ul class='ez-toc-list-level-3' ><li class='ez-toc-heading-level-3'><ul class='ez-toc-list-level-3' ><li class='ez-toc-heading-level-3'><a class=\"ez-toc-link ez-toc-heading-2\" href=\"https:\/\/ko-tropfen-kaufen.com\/hu\/a-gbl-es-a-ghb-kerdesei\/#Was_sind_GBL_und_GHB\" >Mi a GBL \u00e9s a GHB?<\/a><\/li><li class='ez-toc-page-1 ez-toc-heading-level-3'><a class=\"ez-toc-link ez-toc-heading-3\" href=\"https:\/\/ko-tropfen-kaufen.com\/hu\/a-gbl-es-a-ghb-kerdesei\/#Wie_werden_GBL_und_GHB_konsumiert\" >Hogyan fogyasztj\u00e1k a GBL-t \u00e9s a GHB-t?<\/a><\/li><li class='ez-toc-page-1 ez-toc-heading-level-3'><a class=\"ez-toc-link ez-toc-heading-4\" href=\"https:\/\/ko-tropfen-kaufen.com\/hu\/a-gbl-es-a-ghb-kerdesei\/#Welche_Wirkungen_haben_GBL_und_GHB\" >Milyen hat\u00e1sai vannak a GBL-nek \u00e9s a GHB-nek?<\/a><\/li><li class='ez-toc-page-1 ez-toc-heading-level-3'><a class=\"ez-toc-link ez-toc-heading-5\" href=\"https:\/\/ko-tropfen-kaufen.com\/hu\/a-gbl-es-a-ghb-kerdesei\/#Was_sind_die_Risiken_und_Nebenwirkungen\" >Mik a kock\u00e1zatok \u00e9s mell\u00e9khat\u00e1sok?<\/a><\/li><li class='ez-toc-page-1 ez-toc-heading-level-3'><a class=\"ez-toc-link ez-toc-heading-6\" href=\"https:\/\/ko-tropfen-kaufen.com\/hu\/a-gbl-es-a-ghb-kerdesei\/#Warum_werden_GBL_und_GHB_manchmal_als_%E2%80%9EK-o-Tropfen%E2%80%9C_bezeichnet\" >Mi\u00e9rt nevezik a GBL-t \u00e9s a GHB-t n\u00e9ha \"ki\u00fct\u00e9ses cseppeknek\"?<\/a><\/li><li class='ez-toc-page-1 ez-toc-heading-level-3'><a class=\"ez-toc-link ez-toc-heading-7\" href=\"https:\/\/ko-tropfen-kaufen.com\/hu\/a-gbl-es-a-ghb-kerdesei\/#Wie_kann_man_das_Risiko_bei_der_Verwendung_von_GBL_oder_GHB_minimieren\" >Hogyan lehet minimaliz\u00e1lni a kock\u00e1zatot GBL vagy GHB haszn\u00e1lata eset\u00e9n?<\/a><\/li><li class='ez-toc-page-1 ez-toc-heading-level-3'><a class=\"ez-toc-link ez-toc-heading-8\" href=\"https:\/\/ko-tropfen-kaufen.com\/hu\/a-gbl-es-a-ghb-kerdesei\/#Was_sollte_man_im_Falle_einer_Uberdosierung_tun\" >Mit kell tennem t\u00faladagol\u00e1s eset\u00e9n?<\/a><\/li><\/ul><\/li><\/ul><\/li><\/ul><\/nav><\/div>\n<h1 class=\"wp-block-heading\" id=\"h-faqs-zu-gbl-und-ghb\"><span class=\"ez-toc-section\" id=\"FAQs_zu_GBL_und_GHB\"><\/span>GYIK a GBL-r\u0151l \u00e9s a GHB-r\u0151l<span class=\"ez-toc-section-end\"><\/span><\/h1>\n\n\n\n<p>V\u00e1laszokat tal\u00e1l a gyakran feltett k\u00e9rd\u00e9sekre a<a href=\"https:\/\/ko-tropfen-kaufen.com\/product\/gbl-kaufen-legal\/\" data-type=\"product\" data-id=\"15632\"> GBL<\/a>- \u00e9s <a href=\"https:\/\/ko-tropfen-kaufen.com\/product\/ghb-kaufen\/\" data-type=\"product\" data-id=\"15622\">GHB<\/a>-term\u00e9kek \u00e9s szolg\u00e1ltat\u00e1sok.<\/p>\n\n\n\n<h3 class=\"wp-block-heading\" id=\"h-was-sind-gbl-und-ghb\"><span class=\"ez-toc-section\" id=\"Was_sind_GBL_und_GHB\"><\/span><strong>Mi a GBL \u00e9s a GHB?<\/strong><span class=\"ez-toc-section-end\"><\/span><\/h3>\n\n\n\n<p>A GBL (gamma-butilakton) \u00e9s a GHB (gamma-hidroxibutir\u00e1t) k\u00e9miailag hasonl\u00f3 anyagok. A GBL a GHB el\u0151anyaga, \u00e9s a szervezetben GHB-v\u00e1 alakul \u00e1t. Mindkett\u0151 nyugtat\u00f3 \u00e9s euf\u00f3rikus hat\u00e1s\u00fa CNS-nyomaszt\u00f3 szer (<a href=\"https:\/\/www.alcoholanddrugsaction.org.uk\/a-to-z\/ghb-gbl\" target=\"_blank\" rel=\"noreferrer noopener\">Alkohol- \u00e9s k\u00e1b\u00edt\u00f3szer-ellenes fell\u00e9p\u00e9s<\/a>).<\/p>\n\n\n\n<h3 class=\"wp-block-heading\" id=\"h-wie-werden-gbl-und-ghb-konsumiert\"><span class=\"ez-toc-section\" id=\"Wie_werden_GBL_und_GHB_konsumiert\"><\/span><strong>Hogyan fogyasztj\u00e1k a GBL-t \u00e9s a GHB-t?<\/strong><span class=\"ez-toc-section-end\"><\/span><\/h3>\n\n\n\n<p>Mindk\u00e9t anyagot \u00e1ltal\u00e1ban sz\u00e1jon \u00e1t szedik. A GHB gyakran tiszta, szagtalan \u00e9s szinte \u00edztelen foly\u00e9kony form\u00e1ban kaphat\u00f3. A GBL-t er\u0151s k\u00e9miai \u00edze miatt \u00e1ltal\u00e1ban gy\u00fcm\u00f6lcsl\u00e9vel vagy m\u00e1s folyad\u00e9kkal h\u00edg\u00edtj\u00e1k.<\/p>\n\n\n\n<h3 class=\"wp-block-heading\" id=\"h-welche-wirkungen-haben-gbl-und-ghb\"><span class=\"ez-toc-section\" id=\"Welche_Wirkungen_haben_GBL_und_GHB\"><\/span><strong>Milyen hat\u00e1sai vannak a GBL-nek \u00e9s a GHB-nek?<\/strong><span class=\"ez-toc-section-end\"><\/span><\/h3>\n\n\n\n<p>Hat\u00e1sai k\u00f6z\u00e9 tartozik az euf\u00f3ria, a g\u00e1tl\u00e1sok cs\u00f6kken\u00e9se \u00e9s az \u00e1lmoss\u00e1g. Nagyobb d\u00f3zisokban zavarts\u00e1got, eszm\u00e9letveszt\u00e9st \u00e9s l\u00e9gz\u00e9sdepresszi\u00f3t okozhatnak. A hat\u00e1sok 10-60 percen bel\u00fcl jelentkezhetnek, \u00e9s ak\u00e1r h\u00e9t \u00f3r\u00e1n \u00e1t is tarthatnak (<a href=\"https:\/\/www.drugfacts.org.uk\/index.php?title=GBL_\/_GHB\" target=\"_blank\" rel=\"noreferrer noopener\">DrugFacts<\/a>) (<a href=\"https:\/\/www.cads.org.nz\/reducing-harm\/drugs\/ghb-gbl-and-14b-g-gbh-one4b-liquid-ecstasy-fantasy\/\" target=\"_blank\" rel=\"noreferrer noopener\">CADS Auckland<\/a>).<\/p>\n\n\n\n<h3 class=\"wp-block-heading\" id=\"h-was-sind-die-risiken-und-nebenwirkungen\"><span class=\"ez-toc-section\" id=\"Was_sind_die_Risiken_und_Nebenwirkungen\"><\/span><strong>Mik a kock\u00e1zatok \u00e9s mell\u00e9khat\u00e1sok?<\/strong><span class=\"ez-toc-section-end\"><\/span><\/h3>\n\n\n\n<p>A r\u00f6vid t\u00e1v\u00fa hat\u00e1sok k\u00f6z\u00e9 tartozik a h\u00e1nyinger, h\u00e1ny\u00e1s, mem\u00f3riaveszt\u00e9s \u00e9s cs\u00f6kkent sz\u00edvver\u00e9s. A t\u00faladagol\u00e1s vesz\u00e9lye jelent\u0151s, k\u00fcl\u00f6n\u00f6sen alkohollal vagy m\u00e1s depressz\u00e1nsokkal keverve, ami k\u00f3m\u00e1hoz vagy hal\u00e1lhoz vezethet. A hossz\u00fa t\u00e1v\u00fa haszn\u00e1lat f\u00fcgg\u0151s\u00e9ghez, elvon\u00e1si t\u00fcnetekhez \u00e9s s\u00falyos eg\u00e9szs\u00e9g\u00fcgyi probl\u00e9m\u00e1khoz vezethet.<\/p>\n\n\n\n<h3 class=\"wp-block-heading\" id=\"h-warum-werden-gbl-und-ghb-manchmal-als-k-o-tropfen-bezeichnet\"><span class=\"ez-toc-section\" id=\"Warum_werden_GBL_und_GHB_manchmal_als_%E2%80%9EK-o-Tropfen%E2%80%9C_bezeichnet\"><\/span><strong>Mi\u00e9rt nevezik a GBL-t \u00e9s a GHB-t n\u00e9ha \"ki\u00fct\u00e9ses cseppeknek\"?<\/strong><span class=\"ez-toc-section-end\"><\/span><\/h3>\n\n\n\n<p>Nyugtat\u00f3 hat\u00e1suknak, valamint annak a t\u00e9nynek k\u00f6sz\u00f6nhet\u0151en, hogy gyakran sz\u00edntelenek \u00e9s \u00edztelenek, a GBL-t \u00e9s a GHB-t szexu\u00e1lis b\u0171ncselekm\u00e9nyek el\u0151seg\u00edt\u00e9s\u00e9re haszn\u00e1lt\u00e1k az \u00e1ldozatok tudtuk n\u00e9lk\u00fcl t\u00f6rt\u00e9n\u0151 elaltat\u00e1s\u00e1val.<\/p>\n\n\n\n<h3 class=\"wp-block-heading\" id=\"h-wie-kann-man-das-risiko-bei-der-verwendung-von-gbl-oder-ghb-minimieren\"><span class=\"ez-toc-section\" id=\"Wie_kann_man_das_Risiko_bei_der_Verwendung_von_GBL_oder_GHB_minimieren\"><\/span><strong>Hogyan lehet minimaliz\u00e1lni a kock\u00e1zatot GBL vagy GHB haszn\u00e1lata eset\u00e9n?<\/strong><span class=\"ez-toc-section-end\"><\/span><\/h3>\n\n\n\n<p>Ker\u00fclje az egyed\u00fcl t\u00f6rt\u00e9n\u0151 szed\u00e9st, mindig maradjon bar\u00e1tokkal, \u00e9s gy\u0151z\u0151dj\u00f6n meg r\u00f3la, hogy valaki tudja, mit vett be. Legyen \u00f3vatos a gy\u00f3gyszer forr\u00e1s\u00e1t illet\u0151en, mivel az er\u0151ss\u00e9g v\u00e1ltozhat. Soha ne keverje alkohollal vagy m\u00e1s nyugtat\u00f3kkal, mivel nagy a t\u00faladagol\u00e1s vesz\u00e9lye.<\/p>\n\n\n\n<h3 class=\"wp-block-heading\" id=\"h-was-sollte-man-im-falle-einer-uberdosierung-tun\"><span class=\"ez-toc-section\" id=\"Was_sollte_man_im_Falle_einer_Uberdosierung_tun\"><\/span><strong>Mit kell tennem t\u00faladagol\u00e1s eset\u00e9n?<\/strong><span class=\"ez-toc-section-end\"><\/span><\/h3>\n\n\n\n<p>Ha valaki GBL vagy GHB bev\u00e9tele ut\u00e1n elvesz\u00edti az eszm\u00e9let\u00e9t, fontos, hogy azonnal h\u00edvja a 911-et. Tartsa a szem\u00e9lyt \u00e9bren \u00e9s biztons\u00e1gos helyzetben, am\u00edg a seg\u00edts\u00e9g meg\u00e9rkezik.<\/p>","protected":false},"excerpt":{"rendered":"<p>FAQs zu GBL und GHB Finden Sie Antworten auf h\u00e4ufig gestellte Fragen zu unseren GBL&#8211; und GHB-Produkten und -Dienstleistungen. Was sind GBL und GHB? GBL (Gamma-Butyrolacton) und GHB (Gamma-Hydroxybutyrat) sind chemisch \u00e4hnliche Substanzen. GBL ist eine Vorstufe von GHB und wird im K\u00f6rper zu GHB umgewandelt. Beide sind ZNS-Depressiva mit sedativen und euphorisierenden Effekten\u200b (Alcohol [&hellip;]<\/p>\n","protected":false},"author":2,"featured_media":0,"parent":0,"menu_order":0,"comment_status":"closed","ping_status":"closed","template":"","meta":{"footnotes":""},"class_list":["post-15717","page","type-page","status-publish","hentry"],"blocksy_meta":[],"jetpack_sharing_enabled":true,"_links":{"self":[{"href":"https:\/\/ko-tropfen-kaufen.com\/hu\/wp-json\/wp\/v2\/pages\/15717","targetHints":{"allow":["GET"]}}],"collection":[{"href":"https:\/\/ko-tropfen-kaufen.com\/hu\/wp-json\/wp\/v2\/pages"}],"about":[{"href":"https:\/\/ko-tropfen-kaufen.com\/hu\/wp-json\/wp\/v2\/types\/page"}],"author":[{"embeddable":true,"href":"https:\/\/ko-tropfen-kaufen.com\/hu\/wp-json\/wp\/v2\/users\/2"}],"replies":[{"embeddable":true,"href":"https:\/\/ko-tropfen-kaufen.com\/hu\/wp-json\/wp\/v2\/comments?post=15717"}],"version-history":[{"count":2,"href":"https:\/\/ko-tropfen-kaufen.com\/hu\/wp-json\/wp\/v2\/pages\/15717\/revisions"}],"predecessor-version":[{"id":15886,"href":"https:\/\/ko-tropfen-kaufen.com\/hu\/wp-json\/wp\/v2\/pages\/15717\/revisions\/15886"}],"wp:attachment":[{"href":"https:\/\/ko-tropfen-kaufen.com\/hu\/wp-json\/wp\/v2\/media?parent=15717"}],"curies":[{"name":"wp","href":"https:\/\/api.w.org\/{rel}","templated":true}]}}