{"id":15715,"date":"2024-11-25T20:20:18","date_gmt":"2024-11-25T20:20:18","guid":{"rendered":"https:\/\/ko-tropfen-kaufen.com\/?page_id=15715"},"modified":"2024-11-28T18:29:42","modified_gmt":"2024-11-28T18:29:42","slug":"visszateresi-jog","status":"publish","type":"page","link":"https:\/\/ko-tropfen-kaufen.com\/hu\/visszateresi-jog\/","title":{"rendered":"Visszat\u00e9r\u00e9si jog"},"content":{"rendered":"<div id=\"ez-toc-container\" class=\"ez-toc-v2_0_82_2 counter-hierarchy ez-toc-counter ez-toc-grey ez-toc-container-direction\">\n<div class=\"ez-toc-title-container\">\n<p class=\"ez-toc-title\" style=\"cursor:inherit\">Tartalomjegyz\u00e9k<\/p>\n<span class=\"ez-toc-title-toggle\"><a href=\"#\" class=\"ez-toc-pull-right ez-toc-btn ez-toc-btn-xs ez-toc-btn-default ez-toc-toggle\" aria-label=\"Toggle Tartalomjegyz\u00e9k\"><span class=\"ez-toc-js-icon-con\"><span class=\"\"><span class=\"eztoc-hide\" style=\"display:none;\">Toggle<\/span><span class=\"ez-toc-icon-toggle-span\"><svg style=\"fill: #999;color:#999\" xmlns=\"http:\/\/www.w3.org\/2000\/svg\" class=\"list-377408\" width=\"20px\" height=\"20px\" viewbox=\"0 0 24 24\" fill=\"none\"><path d=\"M6 6H4v2h2V6zm14 0H8v2h12V6zM4 11h2v2H4v-2zm16 0H8v2h12v-2zM4 16h2v2H4v-2zm16 0H8v2h12v-2z\" fill=\"currentColor\"><\/path><\/svg><svg style=\"fill: #999;color:#999\" class=\"arrow-unsorted-368013\" xmlns=\"http:\/\/www.w3.org\/2000\/svg\" width=\"10px\" height=\"10px\" viewbox=\"0 0 24 24\" version=\"1.2\" baseprofile=\"tiny\"><path d=\"M18.2 9.3l-6.2-6.3-6.2 6.3c-.2.2-.3.4-.3.7s.1.5.3.7c.2.2.4.3.7.3h11c.3 0 .5-.1.7-.3.2-.2.3-.5.3-.7s-.1-.5-.3-.7zM5.8 14.7l6.2 6.3 6.2-6.3c.2-.2.3-.5.3-.7s-.1-.5-.3-.7c-.2-.2-.4-.3-.7-.3h-11c-.3 0-.5.1-.7.3-.2.2-.3.5-.3.7s.1.5.3.7z\"\/><\/svg><\/span><\/span><\/span><\/a><\/span><\/div>\n<nav><ul class='ez-toc-list ez-toc-list-level-1' ><li class='ez-toc-page-1 ez-toc-heading-level-2'><a class=\"ez-toc-link ez-toc-heading-1\" href=\"https:\/\/ko-tropfen-kaufen.com\/hu\/visszateresi-jog\/#ko-tropfen-kaufencom_Ruckgaberecht\" >ko-tropfen-kaufen.com Visszat\u00e9r\u00edt\u00e9si jog<\/a><ul class='ez-toc-list-level-3' ><li class='ez-toc-heading-level-3'><a class=\"ez-toc-link ez-toc-heading-2\" href=\"https:\/\/ko-tropfen-kaufen.com\/hu\/visszateresi-jog\/#30-Tage-Geld-zuruck-Garantie\" >30 napos p\u00e9nzvisszafizet\u00e9si garancia<\/a><\/li><li class='ez-toc-page-1 ez-toc-heading-level-3'><a class=\"ez-toc-link ez-toc-heading-3\" href=\"https:\/\/ko-tropfen-kaufen.com\/hu\/visszateresi-jog\/#Voraussetzungen_fur_eine_Ruckerstattung\" >A visszat\u00e9r\u00edt\u00e9s felt\u00e9telei<\/a><\/li><li class='ez-toc-page-1 ez-toc-heading-level-3'><a class=\"ez-toc-link ez-toc-heading-4\" href=\"https:\/\/ko-tropfen-kaufen.com\/hu\/visszateresi-jog\/#Nicht_erstattungsfahige_Artikel\" >Nem visszat\u00e9r\u00edtend\u0151 t\u00e9telek<\/a><\/li><li class='ez-toc-page-1 ez-toc-heading-level-3'><a class=\"ez-toc-link ez-toc-heading-5\" href=\"https:\/\/ko-tropfen-kaufen.com\/hu\/visszateresi-jog\/#So_beantragen_Sie_eine_Ruckerstattung\" >Hogyan kell visszat\u00e9r\u00edt\u00e9st k\u00e9rni<\/a><\/li><li class='ez-toc-page-1 ez-toc-heading-level-3'><a class=\"ez-toc-link ez-toc-heading-6\" href=\"https:\/\/ko-tropfen-kaufen.com\/hu\/visszateresi-jog\/#Bearbeitung_Ihrer_Ruckerstattung\" >A visszat\u00e9r\u00edt\u00e9s feldolgoz\u00e1sa<\/a><\/li><li class='ez-toc-page-1 ez-toc-heading-level-3'><a class=\"ez-toc-link ez-toc-heading-7\" href=\"https:\/\/ko-tropfen-kaufen.com\/hu\/visszateresi-jog\/#Kontaktieren_Sie_uns\" >L\u00e9pjen kapcsolatba vel\u00fcnk<\/a><\/li><\/ul><\/li><\/ul><\/nav><\/div>\n<h2 class=\"wp-block-heading\" id=\"h-ko-tropfen-kaufen-com-ruckgaberecht\"><span class=\"ez-toc-section\" id=\"ko-tropfen-kaufencom_Ruckgaberecht\"><\/span>ko-tropfen-kaufen.com Visszat\u00e9r\u00edt\u00e9si jog<span class=\"ez-toc-section-end\"><\/span><\/h2>\n\n\n\n<p>A  c\u00edmen <a href=\"https:\/\/ko-tropfen-kaufen.com?v=820eb5b696ea\">Buy-co-drops.com<\/a> igyeksz\u00fcnk biztos\u00edtani, hogy v\u00e1s\u00e1rl\u00f3ink teljes m\u00e9rt\u00e9kben el\u00e9gedettek legyenek v\u00e1s\u00e1rl\u00e1saikkal. Ha b\u00e1rmilyen okb\u00f3l kifoly\u00f3lag nem teljesen el\u00e9gedett a megrendel\u00e9s\u00e9vel, visszat\u00e9r\u00edt\u00e9si szab\u00e1lyzatunk seg\u00edt \u00d6nnek.<\/p>\n\n\n\n<h3 class=\"wp-block-heading\" id=\"h-30-tage-geld-zuruck-garantie\"><span class=\"ez-toc-section\" id=\"30-Tage-Geld-zuruck-Garantie\"><\/span>30 napos p\u00e9nzvisszafizet\u00e9si garancia<span class=\"ez-toc-section-end\"><\/span><\/h3>\n\n\n\n<p>Minden term\u00e9k\u00fcnkre 30 napos p\u00e9nzvisszafizet\u00e9si garanci\u00e1t v\u00e1llalunk. Ha nem el\u00e9gedett a v\u00e1s\u00e1rl\u00e1ssal, a v\u00e1s\u00e1rl\u00e1st\u00f3l sz\u00e1m\u00edtott 30 napon bel\u00fcl visszat\u00e9r\u00edt\u00e9st k\u00e9rhet.<\/p>\n\n\n\n<h3 class=\"wp-block-heading\" id=\"h-voraussetzungen-fur-eine-ruckerstattung\"><span class=\"ez-toc-section\" id=\"Voraussetzungen_fur_eine_Ruckerstattung\"><\/span>A visszat\u00e9r\u00edt\u00e9s felt\u00e9telei<span class=\"ez-toc-section-end\"><\/span><\/h3>\n\n\n\n<p>A visszat\u00e9r\u00edt\u00e9sre val\u00f3 jogosults\u00e1ghoz a k\u00f6vetkez\u0151 felt\u00e9teleknek kell teljes\u00fclni\u00fck:<\/p>\n\n\n\n<ul class=\"wp-block-list\">\n<li>A term\u00e9ket eredeti \u00e1llapot\u00e1ban, bontatlanul \u00e9s haszn\u00e1latlanul kell visszak\u00fcldeni.<\/li>\n\n\n\n<li>A v\u00e1s\u00e1rl\u00e1st igazol\u00f3 dokumentumot (rendel\u00e9si sz\u00e1m, nyugta vagy visszaigazol\u00f3 e-mail) be kell ny\u00fajtani.<\/li>\n\n\n\n<li>A visszat\u00e9r\u00edt\u00e9si k\u00e9relmet a v\u00e1s\u00e1rl\u00e1st\u00f3l sz\u00e1m\u00edtott 30 napon bel\u00fcl kell beny\u00fajtani.<\/li>\n<\/ul>\n\n\n\n<h3 class=\"wp-block-heading\" id=\"h-nicht-erstattungsfahige-artikel\"><span class=\"ez-toc-section\" id=\"Nicht_erstattungsfahige_Artikel\"><\/span>Nem visszat\u00e9r\u00edtend\u0151 t\u00e9telek<span class=\"ez-toc-section-end\"><\/span><\/h3>\n\n\n\n<p>Bizonyos t\u00e9telek nem t\u00e9r\u00edthet\u0151k vissza, t\u00f6bbek k\u00f6z\u00f6tt:<\/p>\n\n\n\n<ul class=\"wp-block-list\">\n<li>Felbontott vagy haszn\u00e1lt term\u00e9kek.<\/li>\n\n\n\n<li>Ki\u00e1rus\u00edt\u00e1son vagy akci\u00f3ban v\u00e1s\u00e1rolt term\u00e9kek.<\/li>\n<\/ul>\n\n\n\n<h3 class=\"wp-block-heading\" id=\"h-so-beantragen-sie-eine-ruckerstattung\"><span class=\"ez-toc-section\" id=\"So_beantragen_Sie_eine_Ruckerstattung\"><\/span>Hogyan kell visszat\u00e9r\u00edt\u00e9st k\u00e9rni<span class=\"ez-toc-section-end\"><\/span><\/h3>\n\n\n\n<ol class=\"wp-block-list\">\n<li><strong>K\u00e9rj\u00fck, vegye fel vel\u00fcnk a kapcsolatot:<\/strong> K\u00fcldj\u00f6n egy e-mailt \u00fcgyf\u00e9lszolg\u00e1latunknak a support@ko-tropfen-kaufen.com c\u00edmre a megrendel\u00e9s\u00e9nek r\u00e9szleteivel \u00e9s a visszat\u00e9r\u00edt\u00e9s ok\u00e1val.<\/li>\n\n\n\n<li><strong>Visszat\u00e9r\u00e9si enged\u00e9ly:<\/strong> Csapatunk k\u00fcld \u00d6nnek egy visszak\u00fcld\u00e9si enged\u00e9lyt \u00e9s utas\u00edt\u00e1sokat a term\u00e9k visszak\u00fcld\u00e9s\u00e9nek m\u00f3dj\u00e1ra vonatkoz\u00f3an.<\/li>\n\n\n\n<li><strong>Cikk k\u00fcld\u00e9se:<\/strong> K\u00fcldje vissza a term\u00e9ket az eredeti csomagol\u00e1sban, a visszak\u00fcld\u00e9si enged\u00e9llyel egy\u00fctt.<\/li>\n<\/ol>\n\n\n\n<h3 class=\"wp-block-heading\" id=\"h-bearbeitung-ihrer-ruckerstattung\"><span class=\"ez-toc-section\" id=\"Bearbeitung_Ihrer_Ruckerstattung\"><\/span>A visszat\u00e9r\u00edt\u00e9s feldolgoz\u00e1sa<span class=\"ez-toc-section-end\"><\/span><\/h3>\n\n\n\n<p>Amint megkaptuk \u00e9s megvizsg\u00e1ltuk a visszak\u00fcld\u00f6tt term\u00e9ket, e-mailben \u00e9rtes\u00edtj\u00fck \u00d6nt. Ha a visszat\u00e9r\u00edt\u00e9st j\u00f3v\u00e1hagytuk, azt feldolgozzuk, \u00e9s 5-7 munkanapon bel\u00fcl j\u00f3v\u00e1\u00edrjuk az eredeti fizet\u00e9si m\u00f3dra.<\/p>\n\n\n\n<h3 class=\"wp-block-heading\" id=\"h-kontaktieren-sie-uns\"><span class=\"ez-toc-section\" id=\"Kontaktieren_Sie_uns\"><\/span>L\u00e9pjen kapcsolatba vel\u00fcnk<span class=\"ez-toc-section-end\"><\/span><\/h3>\n\n\n\n<p>Ha b\u00e1rmilyen k\u00e9rd\u00e9se van a visszak\u00fcld\u00e9si politik\u00e1nkkal kapcsolatban, k\u00e9rj\u00fck, forduljon \u00fcgyf\u00e9lszolg\u00e1latunkhoz a support@ko-tropfen-kaufen.com e-mail c\u00edmen. Az\u00e9rt vagyunk itt, hogy seg\u00edts\u00fcnk \u00d6nnek, \u00e9s biztos\u00edtsuk, hogy v\u00e1s\u00e1rl\u00e1si \u00e9lm\u00e9nye kiel\u00e9g\u00edt\u0151 legyen.<\/p>\n\n\n\n<p>K\u00f6sz\u00f6nj\u00fck, hogy a Ko-Tropfen-Kaufen.com-on v\u00e1s\u00e1rolt!<\/p>","protected":false},"excerpt":{"rendered":"<p>ko-tropfen-kaufen.com R\u00fcckgaberecht Bei Ko-Tropfen-Kaufen.com bem\u00fchen wir uns, sicherzustellen, dass unsere Kunden vollst\u00e4ndig zufrieden mit ihren Eink\u00e4ufen sind. Wenn Sie aus irgendeinem Grund nicht ganz zufrieden mit Ihrer Bestellung sind, hilft Ihnen unser R\u00fcckgaberecht weiter. 30-Tage-Geld-zur\u00fcck-Garantie Wir bieten eine 30-Tage-Geld-zur\u00fcck-Garantie auf alle unsere Produkte. Wenn Sie mit Ihrem Kauf nicht zufrieden sind, k\u00f6nnen Sie innerhalb von [&hellip;]<\/p>\n","protected":false},"author":2,"featured_media":0,"parent":0,"menu_order":0,"comment_status":"closed","ping_status":"closed","template":"","meta":{"footnotes":""},"class_list":["post-15715","page","type-page","status-publish","hentry"],"blocksy_meta":[],"jetpack_sharing_enabled":true,"_links":{"self":[{"href":"https:\/\/ko-tropfen-kaufen.com\/hu\/wp-json\/wp\/v2\/pages\/15715","targetHints":{"allow":["GET"]}}],"collection":[{"href":"https:\/\/ko-tropfen-kaufen.com\/hu\/wp-json\/wp\/v2\/pages"}],"about":[{"href":"https:\/\/ko-tropfen-kaufen.com\/hu\/wp-json\/wp\/v2\/types\/page"}],"author":[{"embeddable":true,"href":"https:\/\/ko-tropfen-kaufen.com\/hu\/wp-json\/wp\/v2\/users\/2"}],"replies":[{"embeddable":true,"href":"https:\/\/ko-tropfen-kaufen.com\/hu\/wp-json\/wp\/v2\/comments?post=15715"}],"version-history":[{"count":1,"href":"https:\/\/ko-tropfen-kaufen.com\/hu\/wp-json\/wp\/v2\/pages\/15715\/revisions"}],"predecessor-version":[{"id":15716,"href":"https:\/\/ko-tropfen-kaufen.com\/hu\/wp-json\/wp\/v2\/pages\/15715\/revisions\/15716"}],"wp:attachment":[{"href":"https:\/\/ko-tropfen-kaufen.com\/hu\/wp-json\/wp\/v2\/media?parent=15715"}],"curies":[{"name":"wp","href":"https:\/\/api.w.org\/{rel}","templated":true}]}}