{"id":15712,"date":"2024-11-25T20:10:01","date_gmt":"2024-11-25T20:10:01","guid":{"rendered":"https:\/\/ko-tropfen-kaufen.com\/?page_id=15712"},"modified":"2024-11-25T20:10:02","modified_gmt":"2024-11-25T20:10:02","slug":"biztonsagi-es-jogi-informaciok","status":"publish","type":"page","link":"https:\/\/ko-tropfen-kaufen.com\/hu\/biztonsagi-es-jogi-informaciok\/","title":{"rendered":"Biztons\u00e1g"},"content":{"rendered":"<p><a href=\"https:\/\/ko-tropfen-kaufen.com\/product\/gbl-kaufen-legal\/\">GBL<\/a> \u00e9s <a href=\"https:\/\/ko-tropfen-kaufen.com\/product\/ghb-kaufen\/\">GHB<\/a> vesz\u00e9lyes anyagok lehetnek, ha nem megfelel\u0151en kezelik \u0151ket.<\/p>\n\n\n\n<ul class=\"wp-block-list\">\n<li><strong>Eg\u00e9szs\u00e9gk\u00e1rosod\u00e1s:<\/strong> Mindk\u00e9t anyag s\u00falyos eg\u00e9szs\u00e9gk\u00e1rosod\u00e1st, eszm\u00e9letveszt\u00e9st, l\u00e9gz\u00e9sdepresszi\u00f3t, s\u0151t helytelen szed\u00e9s eset\u00e9n ak\u00e1r hal\u00e1lt is okozhat.<\/li>\n\n\n\n<li><strong>A f\u00fcgg\u0151s\u00e9g vesz\u00e9lye:<\/strong> A GHB nagy f\u00fcgg\u0151s\u00e9gi potenci\u00e1llal rendelkezik, \u00e9s fogyaszt\u00e1sa gyorsan f\u00fcgg\u0151s\u00e9ghez vezethet.<\/li>\n\n\n\n<li><strong>Jogi korl\u00e1toz\u00e1sok:<\/strong> A GHB \u00e1rus\u00edt\u00e1sa \u00e9s birtokl\u00e1sa N\u00e9metorsz\u00e1gban a k\u00e1b\u00edt\u00f3szert\u00f6rv\u00e9ny (BtMG) \u00e9rtelm\u00e9ben szigor\u00faan tilos. A GBL az alkalmaz\u00e1si ter\u00fclett\u0151l f\u00fcgg\u0151en szint\u00e9n jogi ellen\u0151rz\u00e9s al\u00e1 esik.<\/li>\n<\/ul>\n\n\n\n<p>Minden haszn\u00e1lat el\u0151tt t\u00e1j\u00e9koz\u00f3djon!<\/p>\n\n\n\n<h2 class=\"wp-block-heading\" id=\"h-rechtliche-aspekte\"><strong>Jogi szempontok<\/strong><\/h2>\n\n\n\n<ul class=\"wp-block-list\">\n<li><strong>N\u00e9metorsz\u00e1g:<\/strong> A GHB elad\u00e1sa \u00e9s birtokl\u00e1sa nem leg\u00e1lis (de a keresked\u0151k tov\u00e1bbra is v\u00e1s\u00e1rolnak \u00e9s \u00e1rulnak GHB-t). A GBL a vesz\u00e9lyes anyagokr\u00f3l sz\u00f3l\u00f3 rendelet (GefStoffV) 2. mell\u00e9klet\u00e9nek hat\u00e1lya al\u00e1 tartozik, \u00e9s csak megfelel\u0151 enged\u00e9llyel lehet megv\u00e1s\u00e1rolni \u00e9s felhaszn\u00e1lni.<\/li>\n\n\n\n<li><strong>Nemzetk\u00f6zi:<\/strong> A GBL \u00e9s a GHB jogi helyzete vil\u00e1gszerte jelent\u0151sen elt\u00e9rhet. A GBL vagy GHB v\u00e1s\u00e1rl\u00e1sa vagy haszn\u00e1lata el\u0151tt mindig ellen\u0151rizze az \u00d6n orsz\u00e1g\u00e1ban \u00e9rv\u00e9nyes jogszab\u00e1lyokat.<\/li>\n<\/ul>\n\n\n\n<p><strong>Ha b\u00e1rmilyen k\u00e9rd\u00e9se van a vesz\u00e9lyes vegyi anyagok kezel\u00e9s\u00e9vel kapcsolatban, k\u00e9rj\u00fck, forduljon min\u0151s\u00edtett szakkeresked\u0151h\u00f6z vagy vegyipari szak\u00e9rt\u0151h\u00f6z.<\/strong><\/p>\n\n\n\n<p><strong>Az al\u00e1bbi forr\u00e1sok hasznosak lehetnek:<\/strong><\/p>\n\n\n\n<ul class=\"wp-block-list\">\n<li><strong>Sz\u00f6vets\u00e9gi Munkahelyi Biztons\u00e1gi \u00e9s Eg\u00e9szs\u00e9gv\u00e9delmi Int\u00e9zet (BAUA):<\/strong> <a href=\"https:\/\/www.baua.de\/\" target=\"_blank\" rel=\"noreferrer noopener\">https:\/\/www.baua.de\/<\/a><\/li>\n\n\n\n<li><strong>M\u00e9regtelen\u00edt\u0151 k\u00f6zpont:<\/strong> <a href=\"\/\/www.bvl.bund.de\/DE\/Arbeitsbereiche\/01_Lebensmittel\/03_Verbraucher\/09_InfektionenIntoxikationen\/02_Giftnotrufzentralen\/lm_LMVergiftung_giftnotrufzentralen_node.html\" target=\"_blank\" rel=\"noreferrer noopener\">https:\/\/www.bvl.bund.de\/DE\/Arbeitsbereiche\/01_Lebensmittel\/03_Verbraucher\/09_InfektionenIntoxikationen\/02_Giftnotrufzentralen\/lm_LMVergiftung_giftnotrufzentralen_node.html<\/a><\/li>\n<\/ul>\n\n\n\n<p><strong>Egy\u00e9b relev\u00e1ns kulcsszavak:<\/strong> GBL, gamma-butilakton, GHB, gamma-hidroxi-vajsav, vesz\u00e9lyes anyagok, k\u00e1b\u00edt\u00f3szert\u00f6rv\u00e9ny (BtMG), vesz\u00e9lyes anyagokr\u00f3l sz\u00f3l\u00f3 rendelet (GefStoffV), jogi helyzet, eg\u00e9szs\u00e9gk\u00e1rosod\u00e1s, f\u00fcgg\u0151s\u00e9gi kock\u00e1zat.<\/p>","protected":false},"excerpt":{"rendered":"<p>GBL und GHB k\u00f6nnen gef\u00e4hrliche Stoffe sein, wenn sie nicht ordnungsgem\u00e4\u00df gehandhabt werden. Informieren Sie sich vor jeder Verwendung! Rechtliche Aspekte Wenn Sie Fragen zum Umgang mit gef\u00e4hrlichen chemischen Substanzen haben, wenden Sie sich bitte an einen zertifizierten Fachh\u00e4ndler oder eine chemische Sachverst\u00e4ndigen. Folgende Ressourcen k\u00f6nnen hilfreich sein: Andere relevante Keywords: GBL, Gamma-Butyrolacton, GHB, Gamma-Hydroxybutters\u00e4ure, [&hellip;]<\/p>\n","protected":false},"author":2,"featured_media":15713,"parent":0,"menu_order":0,"comment_status":"closed","ping_status":"closed","template":"","meta":{"footnotes":""},"class_list":["post-15712","page","type-page","status-publish","has-post-thumbnail","hentry"],"blocksy_meta":[],"jetpack_sharing_enabled":true,"_links":{"self":[{"href":"https:\/\/ko-tropfen-kaufen.com\/hu\/wp-json\/wp\/v2\/pages\/15712","targetHints":{"allow":["GET"]}}],"collection":[{"href":"https:\/\/ko-tropfen-kaufen.com\/hu\/wp-json\/wp\/v2\/pages"}],"about":[{"href":"https:\/\/ko-tropfen-kaufen.com\/hu\/wp-json\/wp\/v2\/types\/page"}],"author":[{"embeddable":true,"href":"https:\/\/ko-tropfen-kaufen.com\/hu\/wp-json\/wp\/v2\/users\/2"}],"replies":[{"embeddable":true,"href":"https:\/\/ko-tropfen-kaufen.com\/hu\/wp-json\/wp\/v2\/comments?post=15712"}],"version-history":[{"count":1,"href":"https:\/\/ko-tropfen-kaufen.com\/hu\/wp-json\/wp\/v2\/pages\/15712\/revisions"}],"predecessor-version":[{"id":15714,"href":"https:\/\/ko-tropfen-kaufen.com\/hu\/wp-json\/wp\/v2\/pages\/15712\/revisions\/15714"}],"wp:featuredmedia":[{"embeddable":true,"href":"https:\/\/ko-tropfen-kaufen.com\/hu\/wp-json\/wp\/v2\/media\/15713"}],"wp:attachment":[{"href":"https:\/\/ko-tropfen-kaufen.com\/hu\/wp-json\/wp\/v2\/media?parent=15712"}],"curies":[{"name":"wp","href":"https:\/\/api.w.org\/{rel}","templated":true}]}}