{"id":15705,"date":"2024-11-25T20:57:41","date_gmt":"2024-11-25T19:57:41","guid":{"rendered":"https:\/\/ko-tropfen-kaufen.com\/?page_id=15705"},"modified":"2025-11-05T08:36:16","modified_gmt":"2025-11-05T07:36:16","slug":"mi-az-a-gbl","status":"publish","type":"page","link":"https:\/\/ko-tropfen-kaufen.com\/hu\/mi-az-a-gbl\/","title":{"rendered":"Mi a GBL"},"content":{"rendered":"<p>Mi az a GBL - A gamma-butilakton (GBL) sz\u00edntelen, higroszk\u00f3pos folyad\u00e9k, amely ipari old\u00f3szerk\u00e9nt \u00e9s k\u00e9miai k\u00f6ztes term\u00e9kk\u00e9nt val\u00f3 felhaszn\u00e1l\u00e1s\u00e1r\u00f3l ismert.<\/p>\n\n\n\n<p>Molekul\u00e1ris k\u00e9plete C\u2084H\u2086O\u2082, \u00e9s gyenge szag \u00e9s keserny\u00e9s \u00edz jellemzi. A GBL egy lakton, egyfajta ciklikus \u00e9szter, \u00e9s a gamma-hidroxi-vajsav (GHB) el\u0151anyaga.<\/p>\n\n\n\n<blockquote class=\"wp-block-quote is-layout-flow wp-block-quote-is-layout-flow\">\n<p>A GBL egy\u00e9b nevei: foly\u00e9kony ecstasys, k\u00e9k nitro, k\u00e9k nitro vitalit\u00e1s, ghb droge, g droge, gbl dosieren, renewtrient, t\u0171zv\u00edz, gamma-g, gh revitaliser, remforce.<\/p>\n<\/blockquote>\n\n\n\n<div id=\"ez-toc-container\" class=\"ez-toc-v2_0_82_2 counter-hierarchy ez-toc-counter ez-toc-grey ez-toc-container-direction\">\n<div class=\"ez-toc-title-container\">\n<p class=\"ez-toc-title\" style=\"cursor:inherit\">Tartalomjegyz\u00e9k<\/p>\n<span class=\"ez-toc-title-toggle\"><a href=\"#\" class=\"ez-toc-pull-right ez-toc-btn ez-toc-btn-xs ez-toc-btn-default ez-toc-toggle\" aria-label=\"Toggle Tartalomjegyz\u00e9k\"><span class=\"ez-toc-js-icon-con\"><span class=\"\"><span class=\"eztoc-hide\" style=\"display:none;\">Toggle<\/span><span class=\"ez-toc-icon-toggle-span\"><svg style=\"fill: #999;color:#999\" xmlns=\"http:\/\/www.w3.org\/2000\/svg\" class=\"list-377408\" width=\"20px\" height=\"20px\" viewbox=\"0 0 24 24\" fill=\"none\"><path d=\"M6 6H4v2h2V6zm14 0H8v2h12V6zM4 11h2v2H4v-2zm16 0H8v2h12v-2zM4 16h2v2H4v-2zm16 0H8v2h12v-2z\" fill=\"currentColor\"><\/path><\/svg><svg style=\"fill: #999;color:#999\" class=\"arrow-unsorted-368013\" xmlns=\"http:\/\/www.w3.org\/2000\/svg\" width=\"10px\" height=\"10px\" viewbox=\"0 0 24 24\" version=\"1.2\" baseprofile=\"tiny\"><path d=\"M18.2 9.3l-6.2-6.3-6.2 6.3c-.2.2-.3.4-.3.7s.1.5.3.7c.2.2.4.3.7.3h11c.3 0 .5-.1.7-.3.2-.2.3-.5.3-.7s-.1-.5-.3-.7zM5.8 14.7l6.2 6.3 6.2-6.3c.2-.2.3-.5.3-.7s-.1-.5-.3-.7c-.2-.2-.4-.3-.7-.3h-11c-.3 0-.5.1-.7.3-.2.2-.3.5-.3.7s.1.5.3.7z\"\/><\/svg><\/span><\/span><\/span><\/a><\/span><\/div>\n<nav><ul class='ez-toc-list ez-toc-list-level-1' ><li class='ez-toc-page-1 ez-toc-heading-level-2'><a class=\"ez-toc-link ez-toc-heading-1\" href=\"https:\/\/ko-tropfen-kaufen.com\/hu\/mi-az-a-gbl\/#Chemische_Eigenschaften_und_industrielle_Verwendung_von_Gamma-Butyrolacton\" >A gamma-butilakton k\u00e9miai tulajdons\u00e1gai \u00e9s ipari felhaszn\u00e1l\u00e1sa<\/a><\/li><li class='ez-toc-page-1 ez-toc-heading-level-2'><a class=\"ez-toc-link ez-toc-heading-2\" href=\"https:\/\/ko-tropfen-kaufen.com\/hu\/mi-az-a-gbl\/#Andere_Verwendungen_von_GBL\" >A GBL egy\u00e9b felhaszn\u00e1l\u00e1sai<\/a><\/li><li class='ez-toc-page-1 ez-toc-heading-level-2'><a class=\"ez-toc-link ez-toc-heading-3\" href=\"https:\/\/ko-tropfen-kaufen.com\/hu\/mi-az-a-gbl\/#Chemische_Reaktionen_von_GBL\" >A GBL k\u00e9miai reakci\u00f3i<\/a><\/li><li class='ez-toc-page-1 ez-toc-heading-level-2'><a class=\"ez-toc-link ez-toc-heading-4\" href=\"https:\/\/ko-tropfen-kaufen.com\/hu\/mi-az-a-gbl\/#Regulierung_und_Rechtsstatus\" >Szab\u00e1lyoz\u00e1s \u00e9s jog\u00e1ll\u00e1s<\/a><\/li><li class='ez-toc-page-1 ez-toc-heading-level-2'><a class=\"ez-toc-link ez-toc-heading-5\" href=\"https:\/\/ko-tropfen-kaufen.com\/hu\/mi-az-a-gbl\/#Gesundheitliche_Auswirkungen_und_Risiken\" >Eg\u00e9szs\u00e9g\u00fcgyi hat\u00e1sok \u00e9s kock\u00e1zatok<\/a><\/li><li class='ez-toc-page-1 ez-toc-heading-level-2'><a class=\"ez-toc-link ez-toc-heading-6\" href=\"https:\/\/ko-tropfen-kaufen.com\/hu\/mi-az-a-gbl\/#Wo_kann_man_GBL_kaufen\" >Hol lehet GBL-t v\u00e1s\u00e1rolni?<\/a><\/li><\/ul><\/nav><\/div>\n<h2 class=\"wp-block-heading\" id=\"h-chemische-eigenschaften-und-industrielle-verwendung-von-gamma-butyrolacton\"><span class=\"ez-toc-section\" id=\"Chemische_Eigenschaften_und_industrielle_Verwendung_von_Gamma-Butyrolacton\"><\/span>A gamma-butilakton k\u00e9miai tulajdons\u00e1gai \u00e9s ipari felhaszn\u00e1l\u00e1sa<span class=\"ez-toc-section-end\"><\/span><\/h2>\n\n\n\n<p>A GBL-t iparilag 1,4-but\u00e1ndiol dehidrog\u00e9nez\u00e9s\u00e9vel \u00e1ll\u00edtj\u00e1k el\u0151 r\u00e9zkataliz\u00e1tor jelenl\u00e9t\u00e9ben 180-300 \u00b0C k\u00f6z\u00f6tti h\u0151m\u00e9rs\u00e9kleten.<\/p>\n\n\n\n<p>Ennek az elj\u00e1r\u00e1snak a hozama k\u00f6r\u00fclbel\u00fcl 95 %, a tiszt\u00edt\u00e1s foly\u00e9kony g\u00e1zf\u00e1zis\u00fa extrakci\u00f3val t\u00f6rt\u00e9nik. A GBL laborat\u00f3riumban tetrahidrofur\u00e1n (THF) oxid\u00e1ci\u00f3j\u00e1val vagy 4-hidroxibutir\u00e1ttal (4-HB) v\u00e9gzett lip\u00e1z-kataliz\u00e1lt reakci\u00f3val is szintetiz\u00e1lhat\u00f3.<\/p>\n\n\n\n<p>A GBL-t m\u00e1s vegyi anyagok, p\u00e9ld\u00e1ul az N-metil-2-pirrolidon (NMP) \u00e9s a pirrolidon el\u0151\u00e1ll\u00edt\u00e1sa sor\u00e1n, valamint egyes gy\u00f3gyszerek szint\u00e9zis\u00e9ben is haszn\u00e1lj\u00e1k k\u00f6ztes term\u00e9kk\u00e9nt.<\/p>\n\n\n\n<h2 class=\"wp-block-heading\" id=\"h-andere-verwendungen-von-gbl\"><span class=\"ez-toc-section\" id=\"Andere_Verwendungen_von_GBL\"><\/span>A GBL egy\u00e9b felhaszn\u00e1l\u00e1sai<span class=\"ez-toc-section-end\"><\/span><\/h2>\n\n\n\n<ul class=\"wp-block-list\">\n<li>Sz\u00ednh\u00edg\u00edt\u00f3<\/li>\n\n\n\n<li>Tiszt\u00edt\u00f3szerek<\/li>\n\n\n\n<li>Szuper ragaszt\u00f3 elt\u00e1vol\u00edt\u00f3<\/li>\n\n\n\n<li>Elektrolitikus kondenz\u00e1torok<\/li>\n<\/ul>\n\n\n\n<h2 class=\"wp-block-heading\" id=\"h-chemische-reaktionen-von-gbl\"><span class=\"ez-toc-section\" id=\"Chemische_Reaktionen_von_GBL\"><\/span>A GBL k\u00e9miai reakci\u00f3i<span class=\"ez-toc-section-end\"><\/span><\/h2>\n\n\n\n<p>A GBL k\u00e9miai szerkezete lehet\u0151v\u00e9 teszi, hogy b\u00e1zikus k\u00f6r\u00fclm\u00e9nyek k\u00f6z\u00f6tt gamma-hidroxivajsavv\u00e1 (GHB) hidrol\u00edzis\u00e9t. Ez a tulajdons\u00e1g vezetett ahhoz, hogy a GBL-t GHB el\u0151\u00e1ll\u00edt\u00e1s\u00e1ra haszn\u00e1lj\u00e1k, amely egyszerre ter\u00e1pi\u00e1s szer \u00e9s vissza\u00e9l\u00e9st okoz\u00f3 anyag. Az \u00e1talak\u00edt\u00e1si folyamat egyszer\u0171, ami a GBL-t a GHB szint\u00e9zis fontos prekurzor\u00e1v\u00e1 teszi.<\/p>\n\n\n\n<figure class=\"wp-block-image size-full\"><img data-recalc-dims=\"1\" fetchpriority=\"high\" decoding=\"async\" width=\"1024\" height=\"379\" src=\"https:\/\/i0.wp.com\/ko-tropfen-kaufen.com\/wp-content\/uploads\/2024\/11\/Gbl-Produktionsprozess-1024x379-1.png?resize=1024%2C379&#038;ssl=1\" alt=\"\" class=\"wp-image-15708\" srcset=\"https:\/\/i0.wp.com\/ko-tropfen-kaufen.com\/wp-content\/uploads\/2024\/11\/Gbl-Produktionsprozess-1024x379-1.png?w=1024&amp;ssl=1 1024w, https:\/\/i0.wp.com\/ko-tropfen-kaufen.com\/wp-content\/uploads\/2024\/11\/Gbl-Produktionsprozess-1024x379-1.png?resize=430%2C159&amp;ssl=1 430w, https:\/\/i0.wp.com\/ko-tropfen-kaufen.com\/wp-content\/uploads\/2024\/11\/Gbl-Produktionsprozess-1024x379-1.png?resize=700%2C259&amp;ssl=1 700w, https:\/\/i0.wp.com\/ko-tropfen-kaufen.com\/wp-content\/uploads\/2024\/11\/Gbl-Produktionsprozess-1024x379-1.png?resize=400%2C148&amp;ssl=1 400w, https:\/\/i0.wp.com\/ko-tropfen-kaufen.com\/wp-content\/uploads\/2024\/11\/Gbl-Produktionsprozess-1024x379-1.png?resize=768%2C284&amp;ssl=1 768w\" sizes=\"(max-width: 1024px) 100vw, 1024px\" \/><\/figure>\n\n\n\n<h2 class=\"wp-block-heading\" id=\"h-regulierung-und-rechtsstatus\"><span class=\"ez-toc-section\" id=\"Regulierung_und_Rechtsstatus\"><\/span>Szab\u00e1lyoz\u00e1s \u00e9s jog\u00e1ll\u00e1s<span class=\"ez-toc-section-end\"><\/span><\/h2>\n\n\n\n<p>A GBL-t sz\u00e1mos orsz\u00e1gban t\u00f6rv\u00e9nyileg szab\u00e1lyozz\u00e1k, mivel a szervezetben GHB-v\u00e1 alakulva vissza lehet \u00e9lni vele, mint rekre\u00e1ci\u00f3s droggal. A GHB nyugtat\u00f3 \u00e9s euf\u00f3rikus hat\u00e1sair\u00f3l ismert, ami miatt illeg\u00e1lis haszn\u00e1lat\u00e1hoz \u00e9s biztons\u00e1gi agg\u00e1lyokhoz t\u00e1rsul. Ennek eredm\u00e9nyek\u00e9ppen a GBL-t gyakran a k\u00e1b\u00edt\u00f3szer-prekurzorokra vonatkoz\u00f3 t\u00f6rv\u00e9nyek alapj\u00e1n ellen\u0151rzik, \u00e9s elad\u00e1sa \u00e9s birtokl\u00e1sa korl\u00e1tozhat\u00f3.<\/p>\n\n\n\n<h2 class=\"wp-block-heading\" id=\"h-gesundheitliche-auswirkungen-und-risiken\"><span class=\"ez-toc-section\" id=\"Gesundheitliche_Auswirkungen_und_Risiken\"><\/span>Eg\u00e9szs\u00e9g\u00fcgyi hat\u00e1sok \u00e9s kock\u00e1zatok<span class=\"ez-toc-section-end\"><\/span><\/h2>\n\n\n\n<p>A GBL szed\u00e9se sz\u00e1mos mell\u00e9khat\u00e1st okozhat, t\u00f6bbek k\u00f6z\u00f6tt h\u00e1nyingert, fejf\u00e1j\u00e1st, hom\u00e1lyos l\u00e1t\u00e1st, szapora sz\u00edvver\u00e9st \u00e9s megn\u00f6vekedett v\u00e9rnyom\u00e1st. A hossz\u00fa t\u00e1v\u00fa vissza\u00e9l\u00e9s s\u00falyos ment\u00e1lis \u00e9s fizikai eg\u00e9szs\u00e9g\u00fcgyi probl\u00e9m\u00e1khoz vezethet, mint p\u00e9ld\u00e1ul depresszi\u00f3, szorong\u00e1s \u00e9s ak\u00e1r pszich\u00f3zis. Ez\u00e9rt alapvet\u0151 fontoss\u00e1g\u00fa, hogy a GBL-t felel\u0151ss\u00e9gteljesen, a vonatkoz\u00f3 jogi \u00e9s biztons\u00e1gi ir\u00e1nyelveknek megfelel\u0151en fogyasszuk.<\/p>\n\n\n\n<figure class=\"wp-block-image size-full is-resized\"><img data-recalc-dims=\"1\" decoding=\"async\" width=\"1024\" height=\"585\" src=\"https:\/\/i0.wp.com\/ko-tropfen-kaufen.com\/wp-content\/uploads\/2024\/11\/GBL-pharmacie-1024x585-1.jpg?resize=1024%2C585&#038;ssl=1\" alt=\"\" class=\"wp-image-15709\" style=\"width:1192px;height:auto\" srcset=\"https:\/\/i0.wp.com\/ko-tropfen-kaufen.com\/wp-content\/uploads\/2024\/11\/GBL-pharmacie-1024x585-1.jpg?w=1024&amp;ssl=1 1024w, https:\/\/i0.wp.com\/ko-tropfen-kaufen.com\/wp-content\/uploads\/2024\/11\/GBL-pharmacie-1024x585-1.jpg?resize=430%2C246&amp;ssl=1 430w, https:\/\/i0.wp.com\/ko-tropfen-kaufen.com\/wp-content\/uploads\/2024\/11\/GBL-pharmacie-1024x585-1.jpg?resize=700%2C400&amp;ssl=1 700w, https:\/\/i0.wp.com\/ko-tropfen-kaufen.com\/wp-content\/uploads\/2024\/11\/GBL-pharmacie-1024x585-1.jpg?resize=400%2C229&amp;ssl=1 400w, https:\/\/i0.wp.com\/ko-tropfen-kaufen.com\/wp-content\/uploads\/2024\/11\/GBL-pharmacie-1024x585-1.jpg?resize=768%2C439&amp;ssl=1 768w\" sizes=\"(max-width: 1024px) 100vw, 1024px\" \/><\/figure>\n\n\n\n<h2 class=\"wp-block-heading\" id=\"h-wo-kann-man-gbl-kaufen\"><span class=\"ez-toc-section\" id=\"Wo_kann_man_GBL_kaufen\"><\/span>Hol lehet GBL-t v\u00e1s\u00e1rolni?<span class=\"ez-toc-section-end\"><\/span><\/h2>\n\n\n\n<p>Ha t\u00f6rv\u00e9nyes ipari c\u00e9lokra van sz\u00fcks\u00e9ge GBL-re, k\u00fcl\u00f6nb\u00f6z\u0151 besz\u00e1ll\u00edt\u00f3kt\u00f3l v\u00e1s\u00e1rolhatja meg. A megb\u00edzhat\u00f3 forr\u00e1sok k\u00f6z\u00e9 tartoznak a szakosodott vegyipari besz\u00e1ll\u00edt\u00f3k \u00e9s az ipari besz\u00e1ll\u00edt\u00f3k. A GBL beszerz\u00e9sekor mindig \u00fcgyeljen a helyi el\u0151\u00edr\u00e1sok betart\u00e1s\u00e1ra. A besz\u00e1ll\u00edt\u00f3k felkutat\u00e1sa \u00e9s a v\u00e9lem\u00e9nyek elolvas\u00e1sa seg\u00edthet abban, hogy ig\u00e9nyeihez j\u00f3 min\u0151s\u00e9g\u0171 GBL-t kapjon.<\/p>\n\n\n\n<ul class=\"wp-block-list\">\n<li><strong>GBL Clean Shop<\/strong>Ez az \u00fczlet k\u00fcl\u00f6nf\u00e9le GBL-term\u00e9keket k\u00edn\u00e1l, amelyeket els\u0151sorban ipari tiszt\u00edt\u00e1si c\u00e9lokra, p\u00e9ld\u00e1ul ker\u00e9ktiszt\u00edt\u00e1sra \u00e9s old\u00f3szeres alkalmaz\u00e1sokra forgalmaznak. A v\u00e1llalat nagy hangs\u00falyt fektet a GBL-term\u00e9kek min\u0151s\u00e9g\u00e9re \u00e9s tisztas\u00e1g\u00e1ra, \u00e9s r\u00e9szletes haszn\u00e1lati utas\u00edt\u00e1sokat ad (GBL Clean Shop).<\/li>\n\n\n\n<li><strong>GBL \u00fczlet<\/strong>Ez az \u00fczlet a GBL term\u00e9kek \u00e1tfog\u00f3 v\u00e1laszt\u00e9k\u00e1r\u00f3l ismert, \u00e9s k\u00fcl\u00f6nb\u00f6z\u0151 mennyis\u00e9geket k\u00edn\u00e1l, t\u00f6bbek k\u00f6z\u00f6tt 500ml, 1 liter, 2 liter, 5 liter \u00e9s t\u00f6bb. Biztos\u00edtja a biztons\u00e1gos \u00e9s diszkr\u00e9t tranzakci\u00f3kat, \u00e9s versenyk\u00e9pes \u00e1rakat k\u00edn\u00e1l (<a href=\"https:\/\/ko-tropfen-kaufen.com\/serioser-gbl-shop\">GBL \u00fczlet<\/a>).<\/li>\n\n\n\n<li><strong>GBL k\u00e9miai laborat\u00f3rium<\/strong>A GBL-t k\u00fcl\u00f6nb\u00f6z\u0151 mennyis\u00e9gben \u00e1rulj\u00e1k ezen a weboldalon, \u00e9s ipari tiszt\u00edt\u00e1shoz \u00e9s vegyipari k\u00f6ztes term\u00e9kk\u00e9nt val\u00f3 felhaszn\u00e1l\u00e1s\u00e1t hirdetik. Hangs\u00falyozz\u00e1k a biztons\u00e1gos rendel\u00e9si folyamatot \u00e9s a gyors sz\u00e1ll\u00edt\u00e1si lehet\u0151s\u00e9geket (GBL Chem Lab).<\/li>\n<\/ul>\n\n\n\n<p>R\u00e9szletesebb inform\u00e1ci\u00f3k olyan forr\u00e1sokban tal\u00e1lhat\u00f3k, mint a Wikipedia \u00e9s a FineChemical.net (<a href=\"https:\/\/de.wikipedia.org\/wiki\/\u0393-Butyrolacton\" target=\"_blank\" rel=\"noopener\">Wikipedia<\/a>) (Anbu Chem).<\/p>\n\n\n\n<p>\u00d6sszefoglalva, a GBL t\u00f6rt\u00e9net\u00e9t a kett\u0151s szerepe jellemzi: \u00e9rt\u00e9kes ipari old\u00f3szerk\u00e9nt \u00e9s a GHB ellen\u0151rz\u00f6tt prekurzorak\u00e9nt, ami egyszerre t\u00fckr\u00f6zi hasznoss\u00e1g\u00e1t \u00e9s a vissza\u00e9l\u00e9s visszaszor\u00edt\u00e1sa \u00e9rdek\u00e9ben sz\u00fcks\u00e9ges szab\u00e1lyoz\u00e1s sz\u00fcks\u00e9gess\u00e9g\u00e9t.<\/p>","protected":false},"excerpt":{"rendered":"<p>Was ist GBL &#8211; Gamma-Butyrolacton (GBL) ist eine farblose, hygroskopische Fl\u00fcssigkeit, die f\u00fcr ihre Verwendung als industrielles L\u00f6sungsmittel und chemisches Zwischenprodukt bekannt ist. Es hat die Molekularformel C\u2084H\u2086O\u2082 und zeichnet sich durch einen schwachen Geruch und einen bitteren Geschmack aus. GBL ist ein Lacton, eine Art zyklischer Ester, und ist ein Vorl\u00e4ufer von Gamma-Hydroxybutters\u00e4ure (GHB). [&hellip;]<\/p>\n","protected":false},"author":2,"featured_media":0,"parent":0,"menu_order":0,"comment_status":"closed","ping_status":"closed","template":"","meta":{"footnotes":""},"class_list":["post-15705","page","type-page","status-publish","hentry"],"blocksy_meta":[],"jetpack_sharing_enabled":true,"_links":{"self":[{"href":"https:\/\/ko-tropfen-kaufen.com\/hu\/wp-json\/wp\/v2\/pages\/15705","targetHints":{"allow":["GET"]}}],"collection":[{"href":"https:\/\/ko-tropfen-kaufen.com\/hu\/wp-json\/wp\/v2\/pages"}],"about":[{"href":"https:\/\/ko-tropfen-kaufen.com\/hu\/wp-json\/wp\/v2\/types\/page"}],"author":[{"embeddable":true,"href":"https:\/\/ko-tropfen-kaufen.com\/hu\/wp-json\/wp\/v2\/users\/2"}],"replies":[{"embeddable":true,"href":"https:\/\/ko-tropfen-kaufen.com\/hu\/wp-json\/wp\/v2\/comments?post=15705"}],"version-history":[{"count":2,"href":"https:\/\/ko-tropfen-kaufen.com\/hu\/wp-json\/wp\/v2\/pages\/15705\/revisions"}],"predecessor-version":[{"id":15831,"href":"https:\/\/ko-tropfen-kaufen.com\/hu\/wp-json\/wp\/v2\/pages\/15705\/revisions\/15831"}],"wp:attachment":[{"href":"https:\/\/ko-tropfen-kaufen.com\/hu\/wp-json\/wp\/v2\/media?parent=15705"}],"curies":[{"name":"wp","href":"https:\/\/api.w.org\/{rel}","templated":true}]}}