{"id":15965,"date":"2025-08-13T20:06:48","date_gmt":"2025-08-13T20:06:48","guid":{"rendered":"https:\/\/ko-tropfen-kaufen.com\/?post_type=product&#038;p=15965"},"modified":"2025-11-16T14:24:14","modified_gmt":"2025-11-16T13:24:14","slug":"oxybate-de-sodium","status":"publish","type":"product","link":"https:\/\/ko-tropfen-kaufen.com\/fr\/product\/oxybate-de-sodium\/","title":{"rendered":"oxybate de sodium Ethypharm 500 mg\/ml"},"content":{"rendered":"<h2 data-start=\"213\" data-end=\"315\">Acheter oxybate de sodium Ethypharm solution 500 mg\/ml - Mati\u00e8re premi\u00e8re de haute qualit\u00e9 pour la recherche et l'industrie<\/h2>\n<p data-start=\"317\" data-end=\"694\"><strong data-start=\"317\" data-end=\"361\">oxybate de sodium Ethypharm solution 500 mg\/ml<\/strong> (\u00e9galement connu sous la d\u00e9nomination commune internationale Sodium Oxybate et le nom commercial <em data-start=\"448\" data-end=\"455\">Xyrem<\/em>) est le sel de sodium de l'acide gamma-hydroxybutyrique (<a href=\"https:\/\/ko-tropfen-kaufen.com\/product\/ghb-kaufen\/\">GHB<\/a>).<br data-start=\"512\" data-end=\"515\" \/>Dans la recherche et l'industrie, il est principalement utilis\u00e9 pour des \u00e9tudes pharmacologiques, des analyses neurochimiques ainsi que pour le d\u00e9veloppement et la validation de nouvelles formulations.<\/p>\n<p data-start=\"696\" data-end=\"929\">En Allemagne, il est soumis <strong data-start=\"722\" data-end=\"749\">Oxybate de sodium Ethypharm<\/strong> r\u00e9glementations l\u00e9gales strictes selon la <strong data-start=\"792\" data-end=\"825\">Loi sur les stup\u00e9fiants (LStup)<\/strong> et ne peut \u00eatre utilis\u00e9 qu'\u00e0 des fins scientifiques ou industrielles autoris\u00e9es.<\/p>\n<h3 data-start=\"936\" data-end=\"977\">Pourquoi choisir l'oxybate de sodium Ethypharm ?<\/h3>\n<ul data-start=\"978\" data-end=\"1391\">\n<li data-start=\"978\" data-end=\"1074\">\n<p data-start=\"980\" data-end=\"1074\"><strong data-start=\"980\" data-end=\"1013\">Applications de recherche pr\u00e9cises<\/strong> - id\u00e9al pour les \u00e9tudes pharmacologiques et neurobiologiques.<\/p>\n<\/li>\n<li data-start=\"1075\" data-end=\"1183\">\n<p data-start=\"1077\" data-end=\"1183\"><strong data-start=\"1077\" data-end=\"1121\">Haute puret\u00e9 &amp; concentration d\u00e9finie<\/strong> - 500 mg\/ml garantissent des r\u00e9sultats exp\u00e9rimentaux reproductibles.<\/p>\n<\/li>\n<li data-start=\"1184\" data-end=\"1281\">\n<p data-start=\"1186\" data-end=\"1281\"><strong data-start=\"1186\" data-end=\"1209\">Compatible avec l'industrie<\/strong> - convient \u00e0 l'optimisation des processus, au contr\u00f4le de la qualit\u00e9 et \u00e0 l'analyse.<\/p>\n<\/li>\n<li data-start=\"1282\" data-end=\"1391\">\n<p data-start=\"1284\" data-end=\"1391\"><strong data-start=\"1284\" data-end=\"1312\">Documentation compl\u00e8te<\/strong> - Livr\u00e9 avec COA (Certificat d'analyse) et SDS (Fiche de donn\u00e9es de s\u00e9curit\u00e9).<\/p>\n<\/li>\n<\/ul>\n<h3 data-start=\"1398\" data-end=\"1464\">A quoi faut-il faire attention lors de l'achat d'oxybate de sodium Ethypharm 500 mg\/ml ?<\/h3>\n<ol data-start=\"1465\" data-end=\"2035\">\n<li data-start=\"1465\" data-end=\"1615\">\n<p data-start=\"1468\" data-end=\"1500\"><strong data-start=\"1468\" data-end=\"1498\">Puret\u00e9 et concentration<\/strong><\/p>\n<ul data-start=\"1504\" data-end=\"1615\">\n<li data-start=\"1504\" data-end=\"1615\">\n<p data-start=\"1506\" data-end=\"1615\">Qualit\u00e9 pharmaceutique, d\u00e9finie \u00e0 500 mg\/ml ; pour les travaux scientifiques, la puret\u00e9 \u2265 99 % est requise.<\/p>\n<\/li>\n<\/ul>\n<\/li>\n<li data-start=\"1616\" data-end=\"1751\">\n<p data-start=\"1619\" data-end=\"1636\"><strong data-start=\"1619\" data-end=\"1634\">Certificats<\/strong><\/p>\n<ul data-start=\"1640\" data-end=\"1751\">\n<li data-start=\"1640\" data-end=\"1690\">\n<p data-start=\"1642\" data-end=\"1690\"><strong data-start=\"1642\" data-end=\"1649\">COA<\/strong> pour confirmer l'analyse chimique<\/p>\n<\/li>\n<li data-start=\"1694\" data-end=\"1751\">\n<p data-start=\"1696\" data-end=\"1751\"><strong data-start=\"1696\" data-end=\"1703\">SDS<\/strong> avec toutes les informations relatives \u00e0 la s\u00e9curit\u00e9<\/p>\n<\/li>\n<\/ul>\n<\/li>\n<li data-start=\"1752\" data-end=\"1906\">\n<p data-start=\"1755\" data-end=\"1789\"><strong data-start=\"1755\" data-end=\"1787\">Fournisseur de confiance<\/strong><\/p>\n<ul data-start=\"1793\" data-end=\"1906\">\n<li data-start=\"1793\" data-end=\"1850\">\n<p data-start=\"1795\" data-end=\"1850\">Exp\u00e9rience av\u00e9r\u00e9e en mati\u00e8re de substances contr\u00f4l\u00e9es<\/p>\n<\/li>\n<li data-start=\"1854\" data-end=\"1906\">\n<p data-start=\"1856\" data-end=\"1906\">Respect de la l\u00e9gislation allemande et europ\u00e9enne<\/p>\n<\/li>\n<\/ul>\n<\/li>\n<li data-start=\"1907\" data-end=\"2035\">\n<p data-start=\"1910\" data-end=\"1936\"><strong data-start=\"1910\" data-end=\"1934\">Emballage et exp\u00e9dition<\/strong><\/p>\n<ul data-start=\"1940\" data-end=\"2035\">\n<li data-start=\"1940\" data-end=\"1982\">\n<p data-start=\"1942\" data-end=\"1982\">Flacons scell\u00e9s r\u00e9sistants aux produits chimiques<\/p>\n<\/li>\n<li data-start=\"1986\" data-end=\"2035\">\n<p data-start=\"1988\" data-end=\"2035\">Exp\u00e9dition de marchandises dangereuses ADR sous temp\u00e9rature contr\u00f4l\u00e9e<\/p>\n<\/li>\n<\/ul>\n<\/li>\n<\/ol>\n<h3 data-start=\"2042\" data-end=\"2079\">Donn\u00e9es techniques<\/h3>\n<ul data-start=\"2080\" data-end=\"2469\">\n<li data-start=\"2080\" data-end=\"2141\">\n<p data-start=\"2082\" data-end=\"2141\"><strong data-start=\"2082\" data-end=\"2098\">Nom commercial :<\/strong> oxybate de sodium Ethypharm solution 500 mg\/ml<\/p>\n<\/li>\n<li data-start=\"2142\" data-end=\"2198\">\n<p data-start=\"2144\" data-end=\"2198\"><strong data-start=\"2144\" data-end=\"2170\">D\u00e9nomination chimique :<\/strong> 4-hydroxybutanoate de sodium<\/p>\n<\/li>\n<li data-start=\"2199\" data-end=\"2229\">\n<p data-start=\"2201\" data-end=\"2229\"><strong data-start=\"2201\" data-end=\"2218\">Formule brute :<\/strong> <a href=\"https:\/\/pubchem.ncbi.nlm.nih.gov\/compound\/49849725\" target=\"_blank\" rel=\"noopener\">C\u2084H\u2087NaO\u2083<\/a><\/p>\n<\/li>\n<li data-start=\"2230\" data-end=\"2264\">\n<p data-start=\"2232\" data-end=\"2264\"><strong data-start=\"2232\" data-end=\"2249\">Masse molaire :<\/strong> 126,09 g\/mol<\/p>\n<\/li>\n<li data-start=\"2265\" data-end=\"2330\">\n<p data-start=\"2267\" data-end=\"2330\"><strong data-start=\"2267\" data-end=\"2288\">Forme pharmaceutique :<\/strong> Liquide clair et incolore (500 mg\/ml)<\/p>\n<\/li>\n<li data-start=\"2331\" data-end=\"2370\">\n<p data-start=\"2333\" data-end=\"2370\"><strong data-start=\"2333\" data-end=\"2349\">Solubilit\u00e9 :<\/strong> Tr\u00e8s bon dans l'eau<\/p>\n<\/li>\n<li data-start=\"2371\" data-end=\"2409\">\n<p data-start=\"2373\" data-end=\"2409\"><strong data-start=\"2373\" data-end=\"2399\">Valeur du pH (solution 10 %) :<\/strong> environ 7-8<\/p>\n<\/li>\n<li data-start=\"2410\" data-end=\"2469\">\n<p data-start=\"2412\" data-end=\"2469\"><strong data-start=\"2412\" data-end=\"2435\">Unit\u00e9 d'emballage :<\/strong> Flacon de 180 ml = 90 g de substance active<\/p>\n<\/li>\n<\/ul>\n<h3 data-start=\"2476\" data-end=\"2501\">Stockage et s\u00e9curit\u00e9<\/h3>\n<ul data-start=\"2502\" data-end=\"2759\">\n<li data-start=\"2502\" data-end=\"2565\">\n<p data-start=\"2504\" data-end=\"2565\"><strong data-start=\"2504\" data-end=\"2517\">le stockage :<\/strong> Au frais, au sec et bien ferm\u00e9 \u00e0 2-8 \u00b0C<\/p>\n<\/li>\n<li data-start=\"2566\" data-end=\"2622\">\n<p data-start=\"2568\" data-end=\"2622\"><strong data-start=\"2568\" data-end=\"2576\">PPE :<\/strong> Lunettes de protection, gants en nitrile, blouse de laboratoire<\/p>\n<\/li>\n<li data-start=\"2623\" data-end=\"2675\">\n<p data-start=\"2625\" data-end=\"2675\"><strong data-start=\"2625\" data-end=\"2640\">Manipulation :<\/strong> Uniquement dans les zones de laboratoire ventil\u00e9es<\/p>\n<\/li>\n<li data-start=\"2676\" data-end=\"2759\">\n<p data-start=\"2678\" data-end=\"2759\"><strong data-start=\"2678\" data-end=\"2693\">\u00c9limination des d\u00e9chets :<\/strong> Selon la r\u00e9glementation locale sur les stup\u00e9fiants et les substances dangereuses<\/p>\n<\/li>\n<\/ul>\n<h3 data-start=\"2766\" data-end=\"2790\">FAQ - Questions fr\u00e9quentes<\/h3>\n<p data-start=\"2791\" data-end=\"2858\"><strong data-start=\"2791\" data-end=\"2856\">Peut-on acheter l\u00e9galement de l'oxybate de sodium Ethypharm en Allemagne ?<\/strong><\/p>\n<ul data-start=\"2859\" data-end=\"2933\">\n<li data-start=\"2859\" data-end=\"2933\">\n<p data-start=\"2861\" data-end=\"2933\">Oui, mais uniquement pour les \u00e9tablissements autoris\u00e9s disposant d'une autorisation conform\u00e9ment \u00e0 la BtMG.<\/p>\n<\/li>\n<\/ul>\n<p data-start=\"2935\" data-end=\"2967\"><strong data-start=\"2935\" data-end=\"2965\">Comment s'effectue la livraison ?<\/strong><\/p>\n<ul data-start=\"2968\" data-end=\"3045\">\n<li data-start=\"2968\" data-end=\"3045\">\n<p data-start=\"2970\" data-end=\"3045\">Uniquement aux institutions enregistr\u00e9es, par transport de marchandises dangereuses ADR.<\/p>\n<\/li>\n<\/ul>\n<p data-start=\"3047\" data-end=\"3086\"><strong data-start=\"3047\" data-end=\"3084\">Quels sont les documents n\u00e9cessaires ?<\/strong><\/p>\n<ul data-start=\"3087\" data-end=\"3158\">\n<li data-start=\"3087\" data-end=\"3158\">\n<p data-start=\"3089\" data-end=\"3158\">Autorisation administrative, preuve d'activit\u00e9 commerciale, d\u00e9claration d'utilisation finale le cas \u00e9ch\u00e9ant.<\/p>\n<\/li>\n<\/ul>\n<p data-start=\"3160\" data-end=\"3202\"><strong data-start=\"3160\" data-end=\"3200\">Diff\u00e9rence avec des substances similaires ?<\/strong><\/p>\n<ul data-start=\"3203\" data-end=\"3301\">\n<li data-start=\"3203\" data-end=\"3301\">\n<p data-start=\"3205\" data-end=\"3301\">Substance strictement r\u00e9gul\u00e9e, \u00e0 ne pas confondre avec les sels ou pr\u00e9curseurs non contr\u00f4l\u00e9s.<\/p>\n<\/li>\n<\/ul>\n<h3 data-start=\"3308\" data-end=\"3335\">Demandez un devis maintenant<\/h3>\n<p data-start=\"3336\" data-end=\"3521\">Pour une offre personnalis\u00e9e sur <strong data-start=\"3369\" data-end=\"3420\">Acheter la solution d'oxybate de sodium Ethypharm 500 mg\/ml<\/strong> et des d\u00e9tails sur les conditions de livraison en Allemagne, veuillez nous envoyer votre dossier d'autorisation.<\/p>\n<p data-start=\"3528\" data-end=\"3815\"><strong data-start=\"3528\" data-end=\"3552\">Avis juridique :<\/strong><br data-start=\"3552\" data-end=\"3555\" \/>La distribution et l'exp\u00e9dition sont exclusivement r\u00e9serv\u00e9es aux \u00e9tablissements autoris\u00e9s, conform\u00e9ment \u00e0 la loi allemande sur les stup\u00e9fiants (BtMG) et \u00e0 la r\u00e9glementation europ\u00e9enne. L'acheteur est responsable du respect de toutes les dispositions l\u00e9gales, y compris le stockage, la manipulation et l'utilisation finale.<\/p>","protected":false},"excerpt":{"rendered":"<p>Oxybate de sodium Ethypharm 500 mg\/ml solution (Sodium Oxybate, Xyrem) de qualit\u00e9 pharmaceutique \u226599 % puret\u00e9 avec COA &amp; SDS. Envoi ADR conforme \u00e0 la loi aux \u00e9tablissements autoris\u00e9s en Allemagne conform\u00e9ment \u00e0 la BtMG.<\/p>","protected":false},"featured_media":15966,"comment_status":"open","ping_status":"closed","template":"","meta":{"jetpack_publicize_message":"","jetpack_publicize_feature_enabled":true,"jetpack_social_post_already_shared":false,"jetpack_social_options":{"image_generator_settings":{"template":"highway","default_image_id":0,"font":"","enabled":false},"version":2}},"product_brand":[],"product_cat":[27],"product_tag":[89,90],"class_list":{"0":"post-15965","1":"product","2":"type-product","3":"status-publish","4":"has-post-thumbnail","6":"product_cat-ko-tropfen-wo-kaufen","7":"product_tag-gbl-bestellen-deutschland","8":"product_tag-ghb-kaufen-deutschland","10":"first","11":"instock","12":"sale","13":"featured","14":"shipping-taxable","15":"purchasable","16":"product-type-simple"},"jetpack_publicize_connections":[],"jetpack_sharing_enabled":true,"_links":{"self":[{"href":"https:\/\/ko-tropfen-kaufen.com\/fr\/wp-json\/wp\/v2\/product\/15965","targetHints":{"allow":["GET"]}}],"collection":[{"href":"https:\/\/ko-tropfen-kaufen.com\/fr\/wp-json\/wp\/v2\/product"}],"about":[{"href":"https:\/\/ko-tropfen-kaufen.com\/fr\/wp-json\/wp\/v2\/types\/product"}],"replies":[{"embeddable":true,"href":"https:\/\/ko-tropfen-kaufen.com\/fr\/wp-json\/wp\/v2\/comments?post=15965"}],"version-history":[{"count":1,"href":"https:\/\/ko-tropfen-kaufen.com\/fr\/wp-json\/wp\/v2\/product\/15965\/revisions"}],"predecessor-version":[{"id":15967,"href":"https:\/\/ko-tropfen-kaufen.com\/fr\/wp-json\/wp\/v2\/product\/15965\/revisions\/15967"}],"wp:featuredmedia":[{"embeddable":true,"href":"https:\/\/ko-tropfen-kaufen.com\/fr\/wp-json\/wp\/v2\/media\/15966"}],"wp:attachment":[{"href":"https:\/\/ko-tropfen-kaufen.com\/fr\/wp-json\/wp\/v2\/media?parent=15965"}],"wp:term":[{"taxonomy":"product_brand","embeddable":true,"href":"https:\/\/ko-tropfen-kaufen.com\/fr\/wp-json\/wp\/v2\/product_brand?post=15965"},{"taxonomy":"product_cat","embeddable":true,"href":"https:\/\/ko-tropfen-kaufen.com\/fr\/wp-json\/wp\/v2\/product_cat?post=15965"},{"taxonomy":"product_tag","embeddable":true,"href":"https:\/\/ko-tropfen-kaufen.com\/fr\/wp-json\/wp\/v2\/product_tag?post=15965"}],"curies":[{"name":"wp","href":"https:\/\/api.w.org\/{rel}","templated":true}]}}