{"id":15720,"date":"2024-11-25T20:38:37","date_gmt":"2024-11-25T20:38:37","guid":{"rendered":"https:\/\/ko-tropfen-kaufen.com\/?page_id=15720"},"modified":"2024-11-25T20:38:42","modified_gmt":"2024-11-25T20:38:42","slug":"politique-de-protection-des-donnees","status":"publish","type":"page","link":"https:\/\/ko-tropfen-kaufen.com\/fr\/politique-de-protection-des-donnees\/","title":{"rendered":"Politique de confidentialit\u00e9"},"content":{"rendered":"<div id=\"ez-toc-container\" class=\"ez-toc-v2_0_82_2 counter-hierarchy ez-toc-counter ez-toc-grey ez-toc-container-direction\">\n<div class=\"ez-toc-title-container\">\n<p class=\"ez-toc-title\" style=\"cursor:inherit\">Table des mati\u00e8res<\/p>\n<span class=\"ez-toc-title-toggle\"><a href=\"#\" class=\"ez-toc-pull-right ez-toc-btn ez-toc-btn-xs ez-toc-btn-default ez-toc-toggle\" aria-label=\"Toggle Table of Content\"><span class=\"ez-toc-js-icon-con\"><span class=\"\"><span class=\"eztoc-hide\" style=\"display:none;\">Toggle<\/span><span class=\"ez-toc-icon-toggle-span\"><svg style=\"fill: #999;color:#999\" xmlns=\"http:\/\/www.w3.org\/2000\/svg\" class=\"list-377408\" width=\"20px\" height=\"20px\" viewbox=\"0 0 24 24\" fill=\"none\"><path d=\"M6 6H4v2h2V6zm14 0H8v2h12V6zM4 11h2v2H4v-2zm16 0H8v2h12v-2zM4 16h2v2H4v-2zm16 0H8v2h12v-2z\" fill=\"currentColor\"><\/path><\/svg><svg style=\"fill: #999;color:#999\" class=\"arrow-unsorted-368013\" xmlns=\"http:\/\/www.w3.org\/2000\/svg\" width=\"10px\" height=\"10px\" viewbox=\"0 0 24 24\" version=\"1.2\" baseprofile=\"tiny\"><path d=\"M18.2 9.3l-6.2-6.3-6.2 6.3c-.2.2-.3.4-.3.7s.1.5.3.7c.2.2.4.3.7.3h11c.3 0 .5-.1.7-.3.2-.2.3-.5.3-.7s-.1-.5-.3-.7zM5.8 14.7l6.2 6.3 6.2-6.3c.2-.2.3-.5.3-.7s-.1-.5-.3-.7c-.2-.2-.4-.3-.7-.3h-11c-.3 0-.5.1-.7.3-.2.2-.3.5-.3.7s.1.5.3.7z\"\/><\/svg><\/span><\/span><\/span><\/a><\/span><\/div>\n<nav><ul class='ez-toc-list ez-toc-list-level-1' ><li class='ez-toc-page-1 ez-toc-heading-level-3'><a class=\"ez-toc-link ez-toc-heading-1\" href=\"https:\/\/ko-tropfen-kaufen.com\/fr\/politique-de-protection-des-donnees\/#Ko-Tropfen-Kaufencom_Datenschutzrichtlinie\" >Ko-Tropfen-Kaufen.com Politique de confidentialit\u00e9<\/a><\/li><li class='ez-toc-page-1 ez-toc-heading-level-3'><a class=\"ez-toc-link ez-toc-heading-2\" href=\"https:\/\/ko-tropfen-kaufen.com\/fr\/politique-de-protection-des-donnees\/#Erfassung_und_Verwendung_von_Daten\" >Collecte et utilisation des donn\u00e9es<\/a><ul class='ez-toc-list-level-4' ><li class='ez-toc-heading-level-4'><a class=\"ez-toc-link ez-toc-heading-3\" href=\"https:\/\/ko-tropfen-kaufen.com\/fr\/politique-de-protection-des-donnees\/#Personliche_Daten\" >Donn\u00e9es personnelles<\/a><\/li><li class='ez-toc-page-1 ez-toc-heading-level-4'><a class=\"ez-toc-link ez-toc-heading-4\" href=\"https:\/\/ko-tropfen-kaufen.com\/fr\/politique-de-protection-des-donnees\/#Automatisch_erfasste_Daten\" >Donn\u00e9es collect\u00e9es automatiquement<\/a><\/li><\/ul><\/li><li class='ez-toc-page-1 ez-toc-heading-level-3'><a class=\"ez-toc-link ez-toc-heading-5\" href=\"https:\/\/ko-tropfen-kaufen.com\/fr\/politique-de-protection-des-donnees\/#Verwendung_von_Cookies\" >Utilisation des cookies<\/a><\/li><li class='ez-toc-page-1 ez-toc-heading-level-3'><a class=\"ez-toc-link ez-toc-heading-6\" href=\"https:\/\/ko-tropfen-kaufen.com\/fr\/politique-de-protection-des-donnees\/#Weitergabe_von_Daten\" >Transmission de donn\u00e9es<\/a><\/li><li class='ez-toc-page-1 ez-toc-heading-level-3'><a class=\"ez-toc-link ez-toc-heading-7\" href=\"https:\/\/ko-tropfen-kaufen.com\/fr\/politique-de-protection-des-donnees\/#Datensicherheit\" >S\u00e9curit\u00e9 des donn\u00e9es<\/a><\/li><li class='ez-toc-page-1 ez-toc-heading-level-3'><a class=\"ez-toc-link ez-toc-heading-8\" href=\"https:\/\/ko-tropfen-kaufen.com\/fr\/politique-de-protection-des-donnees\/#Ihre_Rechte\" >Vos droits<\/a><\/li><li class='ez-toc-page-1 ez-toc-heading-level-3'><a class=\"ez-toc-link ez-toc-heading-9\" href=\"https:\/\/ko-tropfen-kaufen.com\/fr\/politique-de-protection-des-donnees\/#Anderungen_an_dieser_Datenschutzrichtlinie\" >Modifications de la pr\u00e9sente politique de confidentialit\u00e9<\/a><\/li><li class='ez-toc-page-1 ez-toc-heading-level-3'><a class=\"ez-toc-link ez-toc-heading-10\" href=\"https:\/\/ko-tropfen-kaufen.com\/fr\/politique-de-protection-des-donnees\/#Kontakt\" >Contact<\/a><\/li><\/ul><\/nav><\/div>\n<h3 class=\"wp-block-heading\" id=\"h-ko-tropfen-kaufen-com-datenschutzrichtlinie\"><span class=\"ez-toc-section\" id=\"Ko-Tropfen-Kaufencom_Datenschutzrichtlinie\"><\/span>Ko-Tropfen-Kaufen.com Politique de confidentialit\u00e9<span class=\"ez-toc-section-end\"><\/span><\/h3>\n\n\n\n<p>Sur <a href=\"https:\/\/ko-tropfen-kaufen.com?v=820eb5b696ea\">Acheter des gouttes de Ko.com<\/a> nous attachons une grande importance \u00e0 la protection de votre vie priv\u00e9e et \u00e0 la s\u00e9curit\u00e9 de vos donn\u00e9es personnelles. Cette politique de confidentialit\u00e9 explique quelles informations nous collectons, comment nous les utilisons et quelles mesures nous prenons pour prot\u00e9ger vos donn\u00e9es.<\/p>\n\n\n\n<h3 class=\"wp-block-heading\" id=\"h-erfassung-und-verwendung-von-daten\"><span class=\"ez-toc-section\" id=\"Erfassung_und_Verwendung_von_Daten\"><\/span>Collecte et utilisation des donn\u00e9es<span class=\"ez-toc-section-end\"><\/span><\/h3>\n\n\n\n<h4 class=\"wp-block-heading\" id=\"h-personliche-daten\"><span class=\"ez-toc-section\" id=\"Personliche_Daten\"><\/span>Donn\u00e9es personnelles<span class=\"ez-toc-section-end\"><\/span><\/h4>\n\n\n\n<p>Nous collectons les donn\u00e9es personnelles que vous nous fournissez volontairement lorsque vous utilisez notre site web, comme par exemple<\/p>\n\n\n\n<ul class=\"wp-block-list\">\n<li>Nom<\/li>\n\n\n\n<li>Adresse<\/li>\n\n\n\n<li>Adresse \u00e9lectronique<\/li>\n\n\n\n<li>Num\u00e9ro de t\u00e9l\u00e9phone<\/li>\n\n\n\n<li>Informations sur le paiement<\/li>\n<\/ul>\n\n\n\n<p>Ces informations sont utilis\u00e9es pour traiter vos commandes, fournir une assistance client et vous envoyer des informations et des offres pertinentes.<\/p>\n\n\n\n<h4 class=\"wp-block-heading\" id=\"h-automatisch-erfasste-daten\"><span class=\"ez-toc-section\" id=\"Automatisch_erfasste_Daten\"><\/span>Donn\u00e9es collect\u00e9es automatiquement<span class=\"ez-toc-section-end\"><\/span><\/h4>\n\n\n\n<p>Lorsque vous visitez notre site Web, nous collectons automatiquement certaines informations sur votre appareil et votre utilisation de notre site Web, y compris :<\/p>\n\n\n\n<ul class=\"wp-block-list\">\n<li>Adresse IP<\/li>\n\n\n\n<li>Type et version du navigateur<\/li>\n\n\n\n<li>URL de r\u00e9f\u00e9rence<\/li>\n\n\n\n<li>date et heure de l'acc\u00e8s<\/li>\n\n\n\n<li>Pages visit\u00e9es et liens cliqu\u00e9s<\/li>\n<\/ul>\n\n\n\n<p>Ces informations nous aident \u00e0 am\u00e9liorer notre site web et \u00e0 optimiser l'exp\u00e9rience de l'utilisateur.<\/p>\n\n\n\n<h3 class=\"wp-block-heading\" id=\"h-verwendung-von-cookies\"><span class=\"ez-toc-section\" id=\"Verwendung_von_Cookies\"><\/span>Utilisation des cookies<span class=\"ez-toc-section-end\"><\/span><\/h3>\n\n\n\n<p>Notre site web utilise des cookies pour am\u00e9liorer votre exp\u00e9rience d'utilisateur et pour fournir certaines fonctions. Les cookies sont de petits fichiers texte qui sont stock\u00e9s sur votre appareil. Vous pouvez d\u00e9sactiver l'utilisation de cookies dans les param\u00e8tres de votre navigateur, mais cela peut affecter la fonctionnalit\u00e9 de notre site.<\/p>\n\n\n\n<h3 class=\"wp-block-heading\" id=\"h-weitergabe-von-daten\"><span class=\"ez-toc-section\" id=\"Weitergabe_von_Daten\"><\/span>Transmission de donn\u00e9es<span class=\"ez-toc-section-end\"><\/span><\/h3>\n\n\n\n<p>Nous ne transmettons pas vos donn\u00e9es personnelles \u00e0 des tiers, sauf dans les cas suivants :<\/p>\n\n\n\n<ul class=\"wp-block-list\">\n<li><strong>Fournisseur de services :<\/strong> Nous travaillons avec des prestataires de services de confiance qui ex\u00e9cutent certaines t\u00e2ches en notre nom, comme le traitement des paiements et l'exp\u00e9dition. Ces prestataires de services n'ont acc\u00e8s qu'aux informations dont ils ont besoin pour accomplir leurs t\u00e2ches et sont tenus par contrat de prot\u00e9ger vos donn\u00e9es.<\/li>\n\n\n\n<li><strong>Exigences l\u00e9gales :<\/strong> Nous pouvons divulguer vos donn\u00e9es si la loi l'exige ou pour prot\u00e9ger nos droits.<\/li>\n<\/ul>\n\n\n\n<h3 class=\"wp-block-heading\" id=\"h-datensicherheit\"><span class=\"ez-toc-section\" id=\"Datensicherheit\"><\/span>S\u00e9curit\u00e9 des donn\u00e9es<span class=\"ez-toc-section-end\"><\/span><\/h3>\n\n\n\n<p>Nous mettons en \u0153uvre des mesures techniques et organisationnelles appropri\u00e9es afin de prot\u00e9ger vos donn\u00e9es personnelles contre tout acc\u00e8s non autoris\u00e9, toute perte ou tout abus. Ces mesures comprennent, entre autres, le cryptage des informations sensibles et des contr\u00f4les de s\u00e9curit\u00e9 r\u00e9guliers.<\/p>\n\n\n\n<h3 class=\"wp-block-heading\" id=\"h-ihre-rechte\"><span class=\"ez-toc-section\" id=\"Ihre_Rechte\"><\/span>Vos droits<span class=\"ez-toc-section-end\"><\/span><\/h3>\n\n\n\n<p>Vous avez le droit d'obtenir \u00e0 tout moment des informations sur les donn\u00e9es personnelles que nous avons enregistr\u00e9es, de demander leur rectification ou leur suppression et de vous opposer au traitement de vos donn\u00e9es. Pour ce faire, veuillez nous contacter \u00e0 l'adresse suivante <a>support@ko-tropfen-kaufen.com<\/a>.<\/p>\n\n\n\n<h3 class=\"wp-block-heading\" id=\"h-anderungen-an-dieser-datenschutzrichtlinie\"><span class=\"ez-toc-section\" id=\"Anderungen_an_dieser_Datenschutzrichtlinie\"><\/span>Modifications de la pr\u00e9sente politique de confidentialit\u00e9<span class=\"ez-toc-section-end\"><\/span><\/h3>\n\n\n\n<p>Nous nous r\u00e9servons le droit de mettre \u00e0 jour cette politique de confidentialit\u00e9 \u00e0 tout moment. Les modifications seront publi\u00e9es sur cette page et prendront effet imm\u00e9diatement. Nous vous recommandons de consulter r\u00e9guli\u00e8rement cette politique.<\/p>\n\n\n\n<h3 class=\"wp-block-heading\" id=\"h-kontakt\"><span class=\"ez-toc-section\" id=\"Kontakt\"><\/span>Contact<span class=\"ez-toc-section-end\"><\/span><\/h3>\n\n\n\n<p>Si vous avez des questions ou des pr\u00e9occupations concernant notre politique de confidentialit\u00e9, veuillez nous contacter \u00e0 l'adresse suivante <a>support@ko-tropfen-kaufen.com<\/a>. Nous nous effor\u00e7ons toujours de r\u00e9pondre rapidement et de mani\u00e8re satisfaisante \u00e0 vos demandes.<\/p>\n\n\n\n<p>Merci de faire confiance \u00e0 Ko-Tropfen-Kaufen.com !<\/p>","protected":false},"excerpt":{"rendered":"<p>Ko-Tropfen-Kaufen.com Datenschutzrichtlinie Bei Ko-Tropfen-Kaufen.com legen wir gro\u00dfen Wert auf den Schutz Ihrer Privatsph\u00e4re und die Sicherheit Ihrer pers\u00f6nlichen Daten. Diese Datenschutzrichtlinie erkl\u00e4rt, welche Informationen wir sammeln, wie wir sie verwenden und welche Ma\u00dfnahmen wir ergreifen, um Ihre Daten zu sch\u00fctzen. Erfassung und Verwendung von Daten Pers\u00f6nliche Daten Wir erfassen pers\u00f6nliche Daten, die Sie uns freiwillig [&hellip;]<\/p>\n","protected":false},"author":2,"featured_media":0,"parent":0,"menu_order":0,"comment_status":"closed","ping_status":"closed","template":"","meta":{"footnotes":""},"class_list":["post-15720","page","type-page","status-publish","hentry"],"blocksy_meta":[],"jetpack_sharing_enabled":true,"_links":{"self":[{"href":"https:\/\/ko-tropfen-kaufen.com\/fr\/wp-json\/wp\/v2\/pages\/15720","targetHints":{"allow":["GET"]}}],"collection":[{"href":"https:\/\/ko-tropfen-kaufen.com\/fr\/wp-json\/wp\/v2\/pages"}],"about":[{"href":"https:\/\/ko-tropfen-kaufen.com\/fr\/wp-json\/wp\/v2\/types\/page"}],"author":[{"embeddable":true,"href":"https:\/\/ko-tropfen-kaufen.com\/fr\/wp-json\/wp\/v2\/users\/2"}],"replies":[{"embeddable":true,"href":"https:\/\/ko-tropfen-kaufen.com\/fr\/wp-json\/wp\/v2\/comments?post=15720"}],"version-history":[{"count":1,"href":"https:\/\/ko-tropfen-kaufen.com\/fr\/wp-json\/wp\/v2\/pages\/15720\/revisions"}],"predecessor-version":[{"id":15721,"href":"https:\/\/ko-tropfen-kaufen.com\/fr\/wp-json\/wp\/v2\/pages\/15720\/revisions\/15721"}],"wp:attachment":[{"href":"https:\/\/ko-tropfen-kaufen.com\/fr\/wp-json\/wp\/v2\/media?parent=15720"}],"curies":[{"name":"wp","href":"https:\/\/api.w.org\/{rel}","templated":true}]}}