{"id":15717,"date":"2024-11-25T21:29:54","date_gmt":"2024-11-25T20:29:54","guid":{"rendered":"https:\/\/ko-tropfen-kaufen.com\/?page_id=15717"},"modified":"2025-11-24T16:12:52","modified_gmt":"2025-11-24T15:12:52","slug":"faqs-sur-gbl-et-ghb","status":"publish","type":"page","link":"https:\/\/ko-tropfen-kaufen.com\/fr\/faqs-sur-gbl-et-ghb\/","title":{"rendered":"FAQ"},"content":{"rendered":"<div id=\"ez-toc-container\" class=\"ez-toc-v2_0_82_2 counter-hierarchy ez-toc-counter ez-toc-grey ez-toc-container-direction\">\n<div class=\"ez-toc-title-container\">\n<p class=\"ez-toc-title\" style=\"cursor:inherit\">Table des mati\u00e8res<\/p>\n<span class=\"ez-toc-title-toggle\"><a href=\"#\" class=\"ez-toc-pull-right ez-toc-btn ez-toc-btn-xs ez-toc-btn-default ez-toc-toggle\" aria-label=\"Toggle Table of Content\"><span class=\"ez-toc-js-icon-con\"><span class=\"\"><span class=\"eztoc-hide\" style=\"display:none;\">Toggle<\/span><span class=\"ez-toc-icon-toggle-span\"><svg style=\"fill: #999;color:#999\" xmlns=\"http:\/\/www.w3.org\/2000\/svg\" class=\"list-377408\" width=\"20px\" height=\"20px\" viewbox=\"0 0 24 24\" fill=\"none\"><path d=\"M6 6H4v2h2V6zm14 0H8v2h12V6zM4 11h2v2H4v-2zm16 0H8v2h12v-2zM4 16h2v2H4v-2zm16 0H8v2h12v-2z\" fill=\"currentColor\"><\/path><\/svg><svg style=\"fill: #999;color:#999\" class=\"arrow-unsorted-368013\" xmlns=\"http:\/\/www.w3.org\/2000\/svg\" width=\"10px\" height=\"10px\" viewbox=\"0 0 24 24\" version=\"1.2\" baseprofile=\"tiny\"><path d=\"M18.2 9.3l-6.2-6.3-6.2 6.3c-.2.2-.3.4-.3.7s.1.5.3.7c.2.2.4.3.7.3h11c.3 0 .5-.1.7-.3.2-.2.3-.5.3-.7s-.1-.5-.3-.7zM5.8 14.7l6.2 6.3 6.2-6.3c.2-.2.3-.5.3-.7s-.1-.5-.3-.7c-.2-.2-.4-.3-.7-.3h-11c-.3 0-.5.1-.7.3-.2.2-.3.5-.3.7s.1.5.3.7z\"\/><\/svg><\/span><\/span><\/span><\/a><\/span><\/div>\n<nav><ul class='ez-toc-list ez-toc-list-level-1' ><li class='ez-toc-page-1 ez-toc-heading-level-1'><a class=\"ez-toc-link ez-toc-heading-1\" href=\"https:\/\/ko-tropfen-kaufen.com\/fr\/faqs-sur-gbl-et-ghb\/#FAQs_zu_GBL_und_GHB\" >FAQ sur le GBL et le GHB<\/a><ul class='ez-toc-list-level-3' ><li class='ez-toc-heading-level-3'><ul class='ez-toc-list-level-3' ><li class='ez-toc-heading-level-3'><a class=\"ez-toc-link ez-toc-heading-2\" href=\"https:\/\/ko-tropfen-kaufen.com\/fr\/faqs-sur-gbl-et-ghb\/#Was_sind_GBL_und_GHB\" >Que sont le GBL et le GHB ?<\/a><\/li><li class='ez-toc-page-1 ez-toc-heading-level-3'><a class=\"ez-toc-link ez-toc-heading-3\" href=\"https:\/\/ko-tropfen-kaufen.com\/fr\/faqs-sur-gbl-et-ghb\/#Wie_werden_GBL_und_GHB_konsumiert\" >Comment le GBL et le GHB sont-ils consomm\u00e9s ?<\/a><\/li><li class='ez-toc-page-1 ez-toc-heading-level-3'><a class=\"ez-toc-link ez-toc-heading-4\" href=\"https:\/\/ko-tropfen-kaufen.com\/fr\/faqs-sur-gbl-et-ghb\/#Welche_Wirkungen_haben_GBL_und_GHB\" >Quels sont les effets du GBL et du GHB ?<\/a><\/li><li class='ez-toc-page-1 ez-toc-heading-level-3'><a class=\"ez-toc-link ez-toc-heading-5\" href=\"https:\/\/ko-tropfen-kaufen.com\/fr\/faqs-sur-gbl-et-ghb\/#Was_sind_die_Risiken_und_Nebenwirkungen\" >Quels sont les risques et les effets secondaires ?<\/a><\/li><li class='ez-toc-page-1 ez-toc-heading-level-3'><a class=\"ez-toc-link ez-toc-heading-6\" href=\"https:\/\/ko-tropfen-kaufen.com\/fr\/faqs-sur-gbl-et-ghb\/#Warum_werden_GBL_und_GHB_manchmal_als_%E2%80%9EK-o-Tropfen%E2%80%9C_bezeichnet\" >Pourquoi le GBL et le GHB sont-ils parfois appel\u00e9s \"gouttes K.-o.\" ?<\/a><\/li><li class='ez-toc-page-1 ez-toc-heading-level-3'><a class=\"ez-toc-link ez-toc-heading-7\" href=\"https:\/\/ko-tropfen-kaufen.com\/fr\/faqs-sur-gbl-et-ghb\/#Wie_kann_man_das_Risiko_bei_der_Verwendung_von_GBL_oder_GHB_minimieren\" >Comment minimiser les risques lors de l'utilisation de GBL ou de GHB ?<\/a><\/li><li class='ez-toc-page-1 ez-toc-heading-level-3'><a class=\"ez-toc-link ez-toc-heading-8\" href=\"https:\/\/ko-tropfen-kaufen.com\/fr\/faqs-sur-gbl-et-ghb\/#Was_sollte_man_im_Falle_einer_Uberdosierung_tun\" >Que faire en cas de surdosage ?<\/a><\/li><\/ul><\/li><\/ul><\/li><\/ul><\/nav><\/div>\n<h1 class=\"wp-block-heading\" id=\"h-faqs-zu-gbl-und-ghb\"><span class=\"ez-toc-section\" id=\"FAQs_zu_GBL_und_GHB\"><\/span>FAQ sur le GBL et le GHB<span class=\"ez-toc-section-end\"><\/span><\/h1>\n\n\n\n<p>Trouvez les r\u00e9ponses aux questions fr\u00e9quemment pos\u00e9es sur nos<a href=\"https:\/\/ko-tropfen-kaufen.com\/product\/gbl-kaufen-legal\/\" data-type=\"product\" data-id=\"15632\"> GBL<\/a>- et <a href=\"https:\/\/ko-tropfen-kaufen.com\/product\/ghb-kaufen\/\" data-type=\"product\" data-id=\"15622\">GHB<\/a>-produits et services.<\/p>\n\n\n\n<h3 class=\"wp-block-heading\" id=\"h-was-sind-gbl-und-ghb\"><span class=\"ez-toc-section\" id=\"Was_sind_GBL_und_GHB\"><\/span><strong>Que sont le GBL et le GHB ?<\/strong><span class=\"ez-toc-section-end\"><\/span><\/h3>\n\n\n\n<p>Le GBL (gamma-butyrolactone) et le GHB (gamma-hydroxybutyrate) sont des substances chimiquement similaires. Le GBL est un pr\u00e9curseur du GHB et est transform\u00e9 en GHB dans l'organisme. Les deux sont des d\u00e9presseurs du SNC avec des effets s\u00e9datifs et euphorisants (<a href=\"https:\/\/www.alcoholanddrugsaction.org.uk\/a-to-z\/ghb-gbl\" target=\"_blank\" rel=\"noreferrer noopener\">Alcohol and Drugs Action<\/a>).<\/p>\n\n\n\n<h3 class=\"wp-block-heading\" id=\"h-wie-werden-gbl-und-ghb-konsumiert\"><span class=\"ez-toc-section\" id=\"Wie_werden_GBL_und_GHB_konsumiert\"><\/span><strong>Comment le GBL et le GHB sont-ils consomm\u00e9s ?<\/strong><span class=\"ez-toc-section-end\"><\/span><\/h3>\n\n\n\n<p>Les deux substances sont g\u00e9n\u00e9ralement ing\u00e9r\u00e9es par voie orale. Le GHB est souvent disponible sous une forme liquide claire, inodore et presque insipide. Le GBL est typiquement dilu\u00e9 dans du jus ou d'autres liquides en raison de son go\u00fbt chimique prononc\u00e9.<\/p>\n\n\n\n<h3 class=\"wp-block-heading\" id=\"h-welche-wirkungen-haben-gbl-und-ghb\"><span class=\"ez-toc-section\" id=\"Welche_Wirkungen_haben_GBL_und_GHB\"><\/span><strong>Quels sont les effets du GBL et du GHB ?<\/strong><span class=\"ez-toc-section-end\"><\/span><\/h3>\n\n\n\n<p>Les effets comprennent l'euphorie, la r\u00e9duction des inhibitions et la somnolence. \u00c0 des doses plus \u00e9lev\u00e9es, ils peuvent provoquer une confusion, une perte de conscience et une d\u00e9pression respiratoire. Ces effets peuvent survenir dans les 10 \u00e0 60 minutes et durer jusqu'\u00e0 sept heures (<a href=\"https:\/\/www.drugfacts.org.uk\/index.php?title=GBL_\/_GHB\" target=\"_blank\" rel=\"noreferrer noopener\">DrugFacts<\/a>) (<a href=\"https:\/\/www.cads.org.nz\/reducing-harm\/drugs\/ghb-gbl-and-14b-g-gbh-one4b-liquid-ecstasy-fantasy\/\" target=\"_blank\" rel=\"noreferrer noopener\">CADS Auckland<\/a>).<\/p>\n\n\n\n<h3 class=\"wp-block-heading\" id=\"h-was-sind-die-risiken-und-nebenwirkungen\"><span class=\"ez-toc-section\" id=\"Was_sind_die_Risiken_und_Nebenwirkungen\"><\/span><strong>Quels sont les risques et les effets secondaires ?<\/strong><span class=\"ez-toc-section-end\"><\/span><\/h3>\n\n\n\n<p>Les effets \u00e0 court terme comprennent des naus\u00e9es, des vomissements, des pertes de m\u00e9moire et une diminution de la fr\u00e9quence cardiaque. Le risque de surdosage est important, en particulier en cas de consommation mixte avec de l'alcool ou d'autres d\u00e9presseurs, ce qui peut entra\u00eener le coma ou la mort. L'utilisation \u00e0 long terme peut entra\u00eener une d\u00e9pendance, des sympt\u00f4mes de sevrage et de graves probl\u00e8mes de sant\u00e9.<\/p>\n\n\n\n<h3 class=\"wp-block-heading\" id=\"h-warum-werden-gbl-und-ghb-manchmal-als-k-o-tropfen-bezeichnet\"><span class=\"ez-toc-section\" id=\"Warum_werden_GBL_und_GHB_manchmal_als_%E2%80%9EK-o-Tropfen%E2%80%9C_bezeichnet\"><\/span><strong>Pourquoi le GBL et le GHB sont-ils parfois appel\u00e9s \"gouttes K.-o.\" ?<\/strong><span class=\"ez-toc-section-end\"><\/span><\/h3>\n\n\n\n<p>En raison de leurs propri\u00e9t\u00e9s s\u00e9datives et du fait qu'ils sont souvent incolores et insipides, le GBL et le GHB ont \u00e9t\u00e9 utilis\u00e9s pour faciliter les d\u00e9lits sexuels en endormant les victimes \u00e0 leur insu.<\/p>\n\n\n\n<h3 class=\"wp-block-heading\" id=\"h-wie-kann-man-das-risiko-bei-der-verwendung-von-gbl-oder-ghb-minimieren\"><span class=\"ez-toc-section\" id=\"Wie_kann_man_das_Risiko_bei_der_Verwendung_von_GBL_oder_GHB_minimieren\"><\/span><strong>Comment minimiser les risques lors de l'utilisation de GBL ou de GHB ?<\/strong><span class=\"ez-toc-section-end\"><\/span><\/h3>\n\n\n\n<p>\u00c9vitez de prendre la drogue seul, restez toujours avec des amis et assurez-vous que quelqu'un sait ce que vous avez pris. Soyez prudent quant \u00e0 l'origine de la drogue, car sa puissance peut varier. Ne jamais m\u00e9langer avec de l'alcool ou d'autres tranquillisants, car le risque de surdosage est \u00e9lev\u00e9.<\/p>\n\n\n\n<h3 class=\"wp-block-heading\" id=\"h-was-sollte-man-im-falle-einer-uberdosierung-tun\"><span class=\"ez-toc-section\" id=\"Was_sollte_man_im_Falle_einer_Uberdosierung_tun\"><\/span><strong>Que faire en cas de surdosage ?<\/strong><span class=\"ez-toc-section-end\"><\/span><\/h3>\n\n\n\n<p>Si une personne perd conscience apr\u00e8s avoir pris du GBL ou du GHB, il est important d'appeler imm\u00e9diatement les secours. Maintenez la personne \u00e9veill\u00e9e et dans une position s\u00fbre jusqu'\u00e0 l'arriv\u00e9e des secours.<\/p>","protected":false},"excerpt":{"rendered":"<p>FAQs zu GBL und GHB Finden Sie Antworten auf h\u00e4ufig gestellte Fragen zu unseren GBL&#8211; und GHB-Produkten und -Dienstleistungen. Was sind GBL und GHB? GBL (Gamma-Butyrolacton) und GHB (Gamma-Hydroxybutyrat) sind chemisch \u00e4hnliche Substanzen. GBL ist eine Vorstufe von GHB und wird im K\u00f6rper zu GHB umgewandelt. Beide sind ZNS-Depressiva mit sedativen und euphorisierenden Effekten\u200b (Alcohol [&hellip;]<\/p>\n","protected":false},"author":2,"featured_media":0,"parent":0,"menu_order":0,"comment_status":"closed","ping_status":"closed","template":"","meta":{"footnotes":""},"class_list":["post-15717","page","type-page","status-publish","hentry"],"blocksy_meta":[],"jetpack_sharing_enabled":true,"_links":{"self":[{"href":"https:\/\/ko-tropfen-kaufen.com\/fr\/wp-json\/wp\/v2\/pages\/15717","targetHints":{"allow":["GET"]}}],"collection":[{"href":"https:\/\/ko-tropfen-kaufen.com\/fr\/wp-json\/wp\/v2\/pages"}],"about":[{"href":"https:\/\/ko-tropfen-kaufen.com\/fr\/wp-json\/wp\/v2\/types\/page"}],"author":[{"embeddable":true,"href":"https:\/\/ko-tropfen-kaufen.com\/fr\/wp-json\/wp\/v2\/users\/2"}],"replies":[{"embeddable":true,"href":"https:\/\/ko-tropfen-kaufen.com\/fr\/wp-json\/wp\/v2\/comments?post=15717"}],"version-history":[{"count":2,"href":"https:\/\/ko-tropfen-kaufen.com\/fr\/wp-json\/wp\/v2\/pages\/15717\/revisions"}],"predecessor-version":[{"id":15886,"href":"https:\/\/ko-tropfen-kaufen.com\/fr\/wp-json\/wp\/v2\/pages\/15717\/revisions\/15886"}],"wp:attachment":[{"href":"https:\/\/ko-tropfen-kaufen.com\/fr\/wp-json\/wp\/v2\/media?parent=15717"}],"curies":[{"name":"wp","href":"https:\/\/api.w.org\/{rel}","templated":true}]}}