{"id":15712,"date":"2024-11-25T20:10:01","date_gmt":"2024-11-25T20:10:01","guid":{"rendered":"https:\/\/ko-tropfen-kaufen.com\/?page_id=15712"},"modified":"2024-11-25T20:10:02","modified_gmt":"2024-11-25T20:10:02","slug":"securite-et-informations-legales","status":"publish","type":"page","link":"https:\/\/ko-tropfen-kaufen.com\/fr\/securite-et-informations-legales\/","title":{"rendered":"S\u00e9curit\u00e9"},"content":{"rendered":"<p><a href=\"https:\/\/ko-tropfen-kaufen.com\/product\/gbl-kaufen-legal\/\">GBL<\/a> et <a href=\"https:\/\/ko-tropfen-kaufen.com\/product\/ghb-kaufen\/\">GHB<\/a> peuvent \u00eatre des substances dangereuses si elles ne sont pas manipul\u00e9es correctement.<\/p>\n\n\n\n<ul class=\"wp-block-list\">\n<li><strong>les atteintes \u00e0 la sant\u00e9 :<\/strong> Ces deux substances peuvent entra\u00eener de graves probl\u00e8mes de sant\u00e9, une perte de conscience, une d\u00e9pression respiratoire et m\u00eame la mort si elles ne sont pas prises correctement.<\/li>\n\n\n\n<li><strong>Risque de d\u00e9pendance :<\/strong> Le GHB a un fort potentiel addictif et sa consommation peut rapidement entra\u00eener une d\u00e9pendance.<\/li>\n\n\n\n<li><strong>Restrictions l\u00e9gales :<\/strong> La vente et la possession de GHB sont strictement interdites en Allemagne par la loi sur les stup\u00e9fiants (BtMG). Le GBL est \u00e9galement soumis \u00e0 un contr\u00f4le l\u00e9gal, selon son domaine d'application.<\/li>\n<\/ul>\n\n\n\n<p>Informez-vous avant toute utilisation !<\/p>\n\n\n\n<h2 class=\"wp-block-heading\" id=\"h-rechtliche-aspekte\"><strong>Aspects juridiques<\/strong><\/h2>\n\n\n\n<ul class=\"wp-block-list\">\n<li><strong>Allemagne :<\/strong> La vente et la possession de GHB ne sont pas l\u00e9gales (mais les revendeurs ach\u00e8tent et vendent tout de m\u00eame du GHB). Le GBL est soumis \u00e0 l'annexe 2 de l'ordonnance sur les substances dangereuses (GefStoffV) et ne peut \u00eatre achet\u00e9 et utilis\u00e9 qu'avec une autorisation correspondante.<\/li>\n\n\n\n<li><strong>International :<\/strong> La situation juridique concernant le GBL et le GHB peut varier consid\u00e9rablement d'un pays \u00e0 l'autre. Renseignez-vous toujours sur les lois en vigueur dans votre pays avant d'acheter ou d'utiliser du GBL ou du GHB.<\/li>\n<\/ul>\n\n\n\n<p><strong>Si vous avez des questions sur la manipulation de substances chimiques dangereuses, veuillez vous adresser \u00e0 un revendeur certifi\u00e9 ou \u00e0 un expert en chimie.<\/strong><\/p>\n\n\n\n<p><strong>Les ressources suivantes peuvent \u00eatre utiles :<\/strong><\/p>\n\n\n\n<ul class=\"wp-block-list\">\n<li><strong>Institut f\u00e9d\u00e9ral pour la s\u00e9curit\u00e9 et la sant\u00e9 au travail (BAUA) :<\/strong> <a href=\"https:\/\/www.baua.de\/\" target=\"_blank\" rel=\"noreferrer noopener\">https:\/\/www.baua.de\/<\/a><\/li>\n\n\n\n<li><strong>Centre antipoison :<\/strong> <a href=\"\/\/www.bvl.bund.de\/DE\/Arbeitsbereiche\/01_Lebensmittel\/03_Verbraucher\/09_InfektionenIntoxikationen\/02_Giftnotrufzentralen\/lm_LMVergiftung_giftnotrufzentralen_node.html\" target=\"_blank\" rel=\"noreferrer noopener\">https:\/\/www.bvl.bund.de\/DE\/Arbeitsbereiche\/01_Lebensmittel\/03_Verbraucher\/09_InfektionenIntoxikationen\/02_Giftnotrufzentralen\/lm_LMVergiftung_giftnotrufzentralen_node.html<\/a><\/li>\n<\/ul>\n\n\n\n<p><strong>Autres mots-cl\u00e9s pertinents :<\/strong> GBL, gamma-butyrolactone, GHB, acide gamma-hydroxybutyrique, substances dangereuses, loi sur les stup\u00e9fiants (BtMG), ordonnance sur les substances dangereuses (GefStoffV), situation juridique, dommages pour la sant\u00e9, risque de d\u00e9pendance.<\/p>","protected":false},"excerpt":{"rendered":"<p>GBL und GHB k\u00f6nnen gef\u00e4hrliche Stoffe sein, wenn sie nicht ordnungsgem\u00e4\u00df gehandhabt werden. Informieren Sie sich vor jeder Verwendung! Rechtliche Aspekte Wenn Sie Fragen zum Umgang mit gef\u00e4hrlichen chemischen Substanzen haben, wenden Sie sich bitte an einen zertifizierten Fachh\u00e4ndler oder eine chemische Sachverst\u00e4ndigen. Folgende Ressourcen k\u00f6nnen hilfreich sein: Andere relevante Keywords: GBL, Gamma-Butyrolacton, GHB, Gamma-Hydroxybutters\u00e4ure, [&hellip;]<\/p>\n","protected":false},"author":2,"featured_media":15713,"parent":0,"menu_order":0,"comment_status":"closed","ping_status":"closed","template":"","meta":{"footnotes":""},"class_list":["post-15712","page","type-page","status-publish","has-post-thumbnail","hentry"],"blocksy_meta":[],"jetpack_sharing_enabled":true,"_links":{"self":[{"href":"https:\/\/ko-tropfen-kaufen.com\/fr\/wp-json\/wp\/v2\/pages\/15712","targetHints":{"allow":["GET"]}}],"collection":[{"href":"https:\/\/ko-tropfen-kaufen.com\/fr\/wp-json\/wp\/v2\/pages"}],"about":[{"href":"https:\/\/ko-tropfen-kaufen.com\/fr\/wp-json\/wp\/v2\/types\/page"}],"author":[{"embeddable":true,"href":"https:\/\/ko-tropfen-kaufen.com\/fr\/wp-json\/wp\/v2\/users\/2"}],"replies":[{"embeddable":true,"href":"https:\/\/ko-tropfen-kaufen.com\/fr\/wp-json\/wp\/v2\/comments?post=15712"}],"version-history":[{"count":1,"href":"https:\/\/ko-tropfen-kaufen.com\/fr\/wp-json\/wp\/v2\/pages\/15712\/revisions"}],"predecessor-version":[{"id":15714,"href":"https:\/\/ko-tropfen-kaufen.com\/fr\/wp-json\/wp\/v2\/pages\/15712\/revisions\/15714"}],"wp:featuredmedia":[{"embeddable":true,"href":"https:\/\/ko-tropfen-kaufen.com\/fr\/wp-json\/wp\/v2\/media\/15713"}],"wp:attachment":[{"href":"https:\/\/ko-tropfen-kaufen.com\/fr\/wp-json\/wp\/v2\/media?parent=15712"}],"curies":[{"name":"wp","href":"https:\/\/api.w.org\/{rel}","templated":true}]}}