{"id":15705,"date":"2024-11-25T20:57:41","date_gmt":"2024-11-25T19:57:41","guid":{"rendered":"https:\/\/ko-tropfen-kaufen.com\/?page_id=15705"},"modified":"2025-11-05T08:36:16","modified_gmt":"2025-11-05T07:36:16","slug":"quest-ce-que-gbl","status":"publish","type":"page","link":"https:\/\/ko-tropfen-kaufen.com\/fr\/quest-ce-que-gbl\/","title":{"rendered":"Qu'est-ce que le GBL ?"},"content":{"rendered":"<p>Qu'est-ce que le GBL - La gamma-butyrolactone (GBL) est un liquide incolore et hygroscopique connu pour son utilisation comme solvant industriel et interm\u00e9diaire chimique.<\/p>\n\n\n\n<p>Il a la formule mol\u00e9culaire C\u2084H\u2086O\u2082 et se caract\u00e9rise par une faible odeur et un go\u00fbt amer. Le GBL est une lactone, un type d'ester cyclique, et est un pr\u00e9curseur de l'acide gamma-hydroxybutyrique (GHB).<\/p>\n\n\n\n<blockquote class=\"wp-block-quote is-layout-flow wp-block-quote-is-layout-flow\">\n<p>Autres noms de GBL : liquid ecstasys, blue nitro, blue Nitro vitality, drogue ghb, drogue g, dosage gbl, renewtrient, fire water, gamma-g, gh revitaliser, remforce.<\/p>\n<\/blockquote>\n\n\n\n<div id=\"ez-toc-container\" class=\"ez-toc-v2_0_82_2 counter-hierarchy ez-toc-counter ez-toc-grey ez-toc-container-direction\">\n<div class=\"ez-toc-title-container\">\n<p class=\"ez-toc-title\" style=\"cursor:inherit\">Table des mati\u00e8res<\/p>\n<span class=\"ez-toc-title-toggle\"><a href=\"#\" class=\"ez-toc-pull-right ez-toc-btn ez-toc-btn-xs ez-toc-btn-default ez-toc-toggle\" aria-label=\"Toggle Table of Content\"><span class=\"ez-toc-js-icon-con\"><span class=\"\"><span class=\"eztoc-hide\" style=\"display:none;\">Toggle<\/span><span class=\"ez-toc-icon-toggle-span\"><svg style=\"fill: #999;color:#999\" xmlns=\"http:\/\/www.w3.org\/2000\/svg\" class=\"list-377408\" width=\"20px\" height=\"20px\" viewbox=\"0 0 24 24\" fill=\"none\"><path d=\"M6 6H4v2h2V6zm14 0H8v2h12V6zM4 11h2v2H4v-2zm16 0H8v2h12v-2zM4 16h2v2H4v-2zm16 0H8v2h12v-2z\" fill=\"currentColor\"><\/path><\/svg><svg style=\"fill: #999;color:#999\" class=\"arrow-unsorted-368013\" xmlns=\"http:\/\/www.w3.org\/2000\/svg\" width=\"10px\" height=\"10px\" viewbox=\"0 0 24 24\" version=\"1.2\" baseprofile=\"tiny\"><path d=\"M18.2 9.3l-6.2-6.3-6.2 6.3c-.2.2-.3.4-.3.7s.1.5.3.7c.2.2.4.3.7.3h11c.3 0 .5-.1.7-.3.2-.2.3-.5.3-.7s-.1-.5-.3-.7zM5.8 14.7l6.2 6.3 6.2-6.3c.2-.2.3-.5.3-.7s-.1-.5-.3-.7c-.2-.2-.4-.3-.7-.3h-11c-.3 0-.5.1-.7.3-.2.2-.3.5-.3.7s.1.5.3.7z\"\/><\/svg><\/span><\/span><\/span><\/a><\/span><\/div>\n<nav><ul class='ez-toc-list ez-toc-list-level-1' ><li class='ez-toc-page-1 ez-toc-heading-level-2'><a class=\"ez-toc-link ez-toc-heading-1\" href=\"https:\/\/ko-tropfen-kaufen.com\/fr\/quest-ce-que-gbl\/#Chemische_Eigenschaften_und_industrielle_Verwendung_von_Gamma-Butyrolacton\" >Propri\u00e9t\u00e9s chimiques et utilisation industrielle de la gamma-butyrolactone<\/a><\/li><li class='ez-toc-page-1 ez-toc-heading-level-2'><a class=\"ez-toc-link ez-toc-heading-2\" href=\"https:\/\/ko-tropfen-kaufen.com\/fr\/quest-ce-que-gbl\/#Andere_Verwendungen_von_GBL\" >Autres utilisations de GBL<\/a><\/li><li class='ez-toc-page-1 ez-toc-heading-level-2'><a class=\"ez-toc-link ez-toc-heading-3\" href=\"https:\/\/ko-tropfen-kaufen.com\/fr\/quest-ce-que-gbl\/#Chemische_Reaktionen_von_GBL\" >R\u00e9actions chimiques du GBL<\/a><\/li><li class='ez-toc-page-1 ez-toc-heading-level-2'><a class=\"ez-toc-link ez-toc-heading-4\" href=\"https:\/\/ko-tropfen-kaufen.com\/fr\/quest-ce-que-gbl\/#Regulierung_und_Rechtsstatus\" >R\u00e9glementation et statut juridique<\/a><\/li><li class='ez-toc-page-1 ez-toc-heading-level-2'><a class=\"ez-toc-link ez-toc-heading-5\" href=\"https:\/\/ko-tropfen-kaufen.com\/fr\/quest-ce-que-gbl\/#Gesundheitliche_Auswirkungen_und_Risiken\" >Effets sur la sant\u00e9 et risques<\/a><\/li><li class='ez-toc-page-1 ez-toc-heading-level-2'><a class=\"ez-toc-link ez-toc-heading-6\" href=\"https:\/\/ko-tropfen-kaufen.com\/fr\/quest-ce-que-gbl\/#Wo_kann_man_GBL_kaufen\" >O\u00f9 acheter GBL ?<\/a><\/li><\/ul><\/nav><\/div>\n<h2 class=\"wp-block-heading\" id=\"h-chemische-eigenschaften-und-industrielle-verwendung-von-gamma-butyrolacton\"><span class=\"ez-toc-section\" id=\"Chemische_Eigenschaften_und_industrielle_Verwendung_von_Gamma-Butyrolacton\"><\/span>Propri\u00e9t\u00e9s chimiques et utilisation industrielle de la gamma-butyrolactone<span class=\"ez-toc-section-end\"><\/span><\/h2>\n\n\n\n<p>Le GBL est produit industriellement par d\u00e9shydrog\u00e9nation du 1,4-butanediol en pr\u00e9sence d'un catalyseur \u00e0 base de cuivre, \u00e0 des temp\u00e9ratures comprises entre 180 et 300 \u00b0C. Le GBL est utilis\u00e9 dans la fabrication de produits pharmaceutiques.<\/p>\n\n\n\n<p>Le rendement de ce proc\u00e9d\u00e9 est d'environ 95 %, la purification \u00e9tant r\u00e9alis\u00e9e par extraction en phase liquide. Le GBL peut \u00e9galement \u00eatre synth\u00e9tis\u00e9 en laboratoire par oxydation du t\u00e9trahydrofurane (THF) ou par une r\u00e9action catalys\u00e9e par une lipase avec le 4-hydroxybutyrate (4-HB).<\/p>\n\n\n\n<p>Le GBL est \u00e9galement utilis\u00e9 comme interm\u00e9diaire dans la fabrication d'autres produits chimiques tels que la N-m\u00e9thyl-2-pyrrolidone (NMP) et la pyrrolidone, ainsi que dans la synth\u00e8se de certains m\u00e9dicaments.<\/p>\n\n\n\n<h2 class=\"wp-block-heading\" id=\"h-andere-verwendungen-von-gbl\"><span class=\"ez-toc-section\" id=\"Andere_Verwendungen_von_GBL\"><\/span>Autres utilisations de GBL<span class=\"ez-toc-section-end\"><\/span><\/h2>\n\n\n\n<ul class=\"wp-block-list\">\n<li>Diluant pour peinture<\/li>\n\n\n\n<li>Produits de nettoyage<\/li>\n\n\n\n<li>D\u00e9tachant super adh\u00e9sif<\/li>\n\n\n\n<li>Condensateurs \u00e9lectrolytiques<\/li>\n<\/ul>\n\n\n\n<h2 class=\"wp-block-heading\" id=\"h-chemische-reaktionen-von-gbl\"><span class=\"ez-toc-section\" id=\"Chemische_Reaktionen_von_GBL\"><\/span>R\u00e9actions chimiques du GBL<span class=\"ez-toc-section-end\"><\/span><\/h2>\n\n\n\n<p>La structure chimique du GBL permet son hydrolyse en acide gamma-hydroxybutyrique (GHB) dans des conditions basiques. Cette propri\u00e9t\u00e9 a conduit \u00e0 l'utilisation du GBL pour la production de GHB, qui est \u00e0 la fois un agent th\u00e9rapeutique et une substance abusive. Le processus de conversion est simple, ce qui fait du GBL un pr\u00e9curseur important pour la synth\u00e8se du GHB.<\/p>\n\n\n\n<figure class=\"wp-block-image size-full\"><img data-recalc-dims=\"1\" fetchpriority=\"high\" decoding=\"async\" width=\"1024\" height=\"379\" src=\"https:\/\/i0.wp.com\/ko-tropfen-kaufen.com\/wp-content\/uploads\/2024\/11\/Gbl-Produktionsprozess-1024x379-1.png?resize=1024%2C379&#038;ssl=1\" alt=\"\" class=\"wp-image-15708\" srcset=\"https:\/\/i0.wp.com\/ko-tropfen-kaufen.com\/wp-content\/uploads\/2024\/11\/Gbl-Produktionsprozess-1024x379-1.png?w=1024&amp;ssl=1 1024w, https:\/\/i0.wp.com\/ko-tropfen-kaufen.com\/wp-content\/uploads\/2024\/11\/Gbl-Produktionsprozess-1024x379-1.png?resize=430%2C159&amp;ssl=1 430w, https:\/\/i0.wp.com\/ko-tropfen-kaufen.com\/wp-content\/uploads\/2024\/11\/Gbl-Produktionsprozess-1024x379-1.png?resize=700%2C259&amp;ssl=1 700w, https:\/\/i0.wp.com\/ko-tropfen-kaufen.com\/wp-content\/uploads\/2024\/11\/Gbl-Produktionsprozess-1024x379-1.png?resize=400%2C148&amp;ssl=1 400w, https:\/\/i0.wp.com\/ko-tropfen-kaufen.com\/wp-content\/uploads\/2024\/11\/Gbl-Produktionsprozess-1024x379-1.png?resize=768%2C284&amp;ssl=1 768w\" sizes=\"(max-width: 1024px) 100vw, 1024px\" \/><\/figure>\n\n\n\n<h2 class=\"wp-block-heading\" id=\"h-regulierung-und-rechtsstatus\"><span class=\"ez-toc-section\" id=\"Regulierung_und_Rechtsstatus\"><\/span>R\u00e9glementation et statut juridique<span class=\"ez-toc-section-end\"><\/span><\/h2>\n\n\n\n<p>Le GBL est r\u00e9glement\u00e9 par la loi dans de nombreux pays, car il peut \u00eatre utilis\u00e9 de mani\u00e8re abusive comme drogue r\u00e9cr\u00e9ative en \u00e9tant transform\u00e9 en GHB dans l'organisme. Le GHB est connu pour ses effets s\u00e9datifs et euphorisants, ce qui a conduit \u00e0 l'associer \u00e0 une consommation ill\u00e9gale et \u00e0 des probl\u00e8mes de s\u00e9curit\u00e9. En cons\u00e9quence, le GBL est souvent contr\u00f4l\u00e9 dans le cadre de la l\u00e9gislation sur les pr\u00e9curseurs de drogues, et sa vente et sa possession peuvent \u00eatre restreintes.<\/p>\n\n\n\n<h2 class=\"wp-block-heading\" id=\"h-gesundheitliche-auswirkungen-und-risiken\"><span class=\"ez-toc-section\" id=\"Gesundheitliche_Auswirkungen_und_Risiken\"><\/span>Effets sur la sant\u00e9 et risques<span class=\"ez-toc-section-end\"><\/span><\/h2>\n\n\n\n<p>La prise de GBL peut provoquer un certain nombre d'effets secondaires, notamment des naus\u00e9es, des maux de t\u00eate, une vision floue, des palpitations cardiaques et une augmentation de la pression art\u00e9rielle. L'abus \u00e0 long terme peut entra\u00eener de graves probl\u00e8mes de sant\u00e9 mentale et physique, tels que la d\u00e9pression, l'anxi\u00e9t\u00e9 et m\u00eame la psychose. Il est donc essentiel de consommer le GBL de mani\u00e8re responsable, en respectant les directives l\u00e9gales et de s\u00e9curit\u00e9 appropri\u00e9es.<\/p>\n\n\n\n<figure class=\"wp-block-image size-full is-resized\"><img data-recalc-dims=\"1\" decoding=\"async\" width=\"1024\" height=\"585\" src=\"https:\/\/i0.wp.com\/ko-tropfen-kaufen.com\/wp-content\/uploads\/2024\/11\/GBL-pharmacie-1024x585-1.jpg?resize=1024%2C585&#038;ssl=1\" alt=\"\" class=\"wp-image-15709\" style=\"width:1192px;height:auto\" srcset=\"https:\/\/i0.wp.com\/ko-tropfen-kaufen.com\/wp-content\/uploads\/2024\/11\/GBL-pharmacie-1024x585-1.jpg?w=1024&amp;ssl=1 1024w, https:\/\/i0.wp.com\/ko-tropfen-kaufen.com\/wp-content\/uploads\/2024\/11\/GBL-pharmacie-1024x585-1.jpg?resize=430%2C246&amp;ssl=1 430w, https:\/\/i0.wp.com\/ko-tropfen-kaufen.com\/wp-content\/uploads\/2024\/11\/GBL-pharmacie-1024x585-1.jpg?resize=700%2C400&amp;ssl=1 700w, https:\/\/i0.wp.com\/ko-tropfen-kaufen.com\/wp-content\/uploads\/2024\/11\/GBL-pharmacie-1024x585-1.jpg?resize=400%2C229&amp;ssl=1 400w, https:\/\/i0.wp.com\/ko-tropfen-kaufen.com\/wp-content\/uploads\/2024\/11\/GBL-pharmacie-1024x585-1.jpg?resize=768%2C439&amp;ssl=1 768w\" sizes=\"(max-width: 1024px) 100vw, 1024px\" \/><\/figure>\n\n\n\n<h2 class=\"wp-block-heading\" id=\"h-wo-kann-man-gbl-kaufen\"><span class=\"ez-toc-section\" id=\"Wo_kann_man_GBL_kaufen\"><\/span>O\u00f9 acheter GBL ?<span class=\"ez-toc-section-end\"><\/span><\/h2>\n\n\n\n<p>Les personnes qui ont besoin de GBL \u00e0 des fins industrielles l\u00e9gitimes peuvent l'acheter aupr\u00e8s de diff\u00e9rents fournisseurs. Parmi les sources fiables figurent des fournisseurs de produits chimiques sp\u00e9cialis\u00e9s et des fournisseurs industriels. Lors de l'achat de GBL, veillez toujours \u00e0 respecter les r\u00e9glementations locales. La recherche de fournisseurs et la lecture d'\u00e9valuations peuvent vous aider \u00e0 obtenir du GBL de qualit\u00e9 pour vos besoins.<\/p>\n\n\n\n<ul class=\"wp-block-list\">\n<li><strong>GBL Clean Shop<\/strong>: Cette boutique propose une large gamme de produits GBL, principalement commercialis\u00e9s \u00e0 des fins de nettoyage industriel, comme le nettoyage des roues et les applications de solvants. L'entreprise accorde une grande importance \u00e0 la qualit\u00e9 et \u00e0 la puret\u00e9 de ses produits GBL et fournit des instructions d'utilisation d\u00e9taill\u00e9es (GBL Clean Shop).<\/li>\n\n\n\n<li><strong>Boutique GBL<\/strong>Ce magasin est r\u00e9put\u00e9 pour sa gamme compl\u00e8te de produits GBL et propose des options pour diff\u00e9rentes quantit\u00e9s, notamment 500 ml, 1 l, 2 l, 5 l et plus. Il garantit des transactions s\u00fbres et discr\u00e8tes et offre des prix comp\u00e9titifs (<a href=\"https:\/\/ko-tropfen-kaufen.com\/serioser-gbl-shop\">Boutique GBL<\/a>).<\/li>\n\n\n\n<li><strong>GBL Chem Lab<\/strong>Ce site web vend du GBL en diff\u00e9rentes quantit\u00e9s et fait la promotion de son utilisation pour le nettoyage industriel et comme produit chimique interm\u00e9diaire. Ils mettent en avant leur proc\u00e9dure de commande s\u00e9curis\u00e9e et leurs options de livraison rapide (GBL Chem Lab).<\/li>\n<\/ul>\n\n\n\n<p>Vous trouverez des informations plus d\u00e9taill\u00e9es dans des sources telles que Wikipedia et FineChemical.net (<a href=\"https:\/\/de.wikipedia.org\/wiki\/\u0393-Butyrolacton\" target=\"_blank\" rel=\"noopener\">Wikipedia<\/a>) (Anbu Chem).<\/p>\n\n\n\n<p>En r\u00e9sum\u00e9, l'histoire du GBL se caract\u00e9rise par son double r\u00f4le de solvant industriel pr\u00e9cieux et de pr\u00e9curseur contr\u00f4l\u00e9 du GHB, ce qui refl\u00e8te \u00e0 la fois son utilit\u00e9 et la n\u00e9cessit\u00e9 de le r\u00e9glementer pour en r\u00e9duire l'abus.<\/p>","protected":false},"excerpt":{"rendered":"<p>Was ist GBL &#8211; Gamma-Butyrolacton (GBL) ist eine farblose, hygroskopische Fl\u00fcssigkeit, die f\u00fcr ihre Verwendung als industrielles L\u00f6sungsmittel und chemisches Zwischenprodukt bekannt ist. Es hat die Molekularformel C\u2084H\u2086O\u2082 und zeichnet sich durch einen schwachen Geruch und einen bitteren Geschmack aus. GBL ist ein Lacton, eine Art zyklischer Ester, und ist ein Vorl\u00e4ufer von Gamma-Hydroxybutters\u00e4ure (GHB). [&hellip;]<\/p>\n","protected":false},"author":2,"featured_media":0,"parent":0,"menu_order":0,"comment_status":"closed","ping_status":"closed","template":"","meta":{"footnotes":""},"class_list":["post-15705","page","type-page","status-publish","hentry"],"blocksy_meta":[],"jetpack_sharing_enabled":true,"_links":{"self":[{"href":"https:\/\/ko-tropfen-kaufen.com\/fr\/wp-json\/wp\/v2\/pages\/15705","targetHints":{"allow":["GET"]}}],"collection":[{"href":"https:\/\/ko-tropfen-kaufen.com\/fr\/wp-json\/wp\/v2\/pages"}],"about":[{"href":"https:\/\/ko-tropfen-kaufen.com\/fr\/wp-json\/wp\/v2\/types\/page"}],"author":[{"embeddable":true,"href":"https:\/\/ko-tropfen-kaufen.com\/fr\/wp-json\/wp\/v2\/users\/2"}],"replies":[{"embeddable":true,"href":"https:\/\/ko-tropfen-kaufen.com\/fr\/wp-json\/wp\/v2\/comments?post=15705"}],"version-history":[{"count":2,"href":"https:\/\/ko-tropfen-kaufen.com\/fr\/wp-json\/wp\/v2\/pages\/15705\/revisions"}],"predecessor-version":[{"id":15831,"href":"https:\/\/ko-tropfen-kaufen.com\/fr\/wp-json\/wp\/v2\/pages\/15705\/revisions\/15831"}],"wp:attachment":[{"href":"https:\/\/ko-tropfen-kaufen.com\/fr\/wp-json\/wp\/v2\/media?parent=15705"}],"curies":[{"name":"wp","href":"https:\/\/api.w.org\/{rel}","templated":true}]}}