{"id":15632,"date":"2024-11-25T12:11:27","date_gmt":"2024-11-25T12:11:27","guid":{"rendered":"https:\/\/ko-tropfen-kaufen.com\/?post_type=product&#038;p=15632"},"modified":"2026-03-21T14:38:40","modified_gmt":"2026-03-21T13:38:40","slug":"comprar-gbl-legal","status":"publish","type":"product","link":"https:\/\/ko-tropfen-kaufen.com\/es\/product\/comprar-gbl-legal\/","title":{"rendered":"Gamma-butirolactona (GBL)"},"content":{"rendered":"<h1>GBL Compra legal<\/h1>\n<h2>Introducci\u00f3n a la gamma-butirolactona (GBL)<\/h2>\n<p>Bienvenido a <a href=\"https:\/\/ko-tropfen-kaufen.com\/\">KO-Drops-Comprar.com<\/a>su fuente de confianza para la compra de <a href=\"https:\/\/de.wikipedia.org\/wiki\/\u0393-Butyrolacton\" target=\"_blank\" rel=\"noopener\">Gamma-butirolactona (GBL)<\/a>. La gamma-butirolactona (GBL) es un compuesto qu\u00edmico vers\u00e1til y de alta calidad que se utiliza ampliamente en diversas aplicaciones industriales y de investigaci\u00f3n. Conocida por sus excelentes propiedades como disolvente, la GBL es esencial para la producci\u00f3n de muchos productos comerciales e industriales.<\/p>\n<h2>Usos y beneficios de la gamma-butirolactona (GBL)<\/h2>\n<p>La gamma-butirolactona (GBL buy legal) de K.O.-Tropfen ofrece numerosas ventajas para fines industriales y de investigaci\u00f3n:<\/p>\n<ul>\n<li><strong>Aplicaciones industriales<\/strong>El GBL es un disolvente importante en la producci\u00f3n de productos farmac\u00e9uticos, pol\u00edmeros y agroqu\u00edmicos. Sus potentes propiedades disolventes lo hacen ideal para procesos de limpieza, eliminaci\u00f3n de pintura y eliminaci\u00f3n de adhesivos.<\/li>\n<li><strong>Aplicaciones de la investigaci\u00f3n<\/strong>El GBL es un valioso reactivo e intermediario en la s\u00edntesis org\u00e1nica en centros de investigaci\u00f3n. Se utiliza en laboratorios para desarrollar nuevos compuestos y formulaciones qu\u00edmicas.<\/li>\n<li><strong>Alta pureza y calidad<\/strong>Nuestro GBL es de la m\u00e1xima pureza y garantiza un rendimiento y una fiabilidad \u00f3ptimos en todas las aplicaciones.<\/li>\n<\/ul>\n<h2>Variantes de productos y opciones de envasado (compre GBL legalmente)<\/h2>\n<p>Ofrecemos una gama de variantes del medicamento gamma-butirolactona (GBL) y opciones de envasado para satisfacer sus requisitos espec\u00edficos:<\/p>\n<ul>\n<li><strong>Variantes de productos<\/strong>Elija entre diferentes concentraciones y calidades de GBL para satisfacer sus necesidades industriales o de investigaci\u00f3n.<\/li>\n<li><strong>Opciones de envasado<\/strong>Ofrecemos GBL en varios tama\u00f1os de envase, incluidas botellas de 1 litro, bidones de 5 litros y grandes contenedores a granel. Todos los envases est\u00e1n dise\u00f1ados para garantizar un transporte seguro.<\/li>\n<\/ul>\n<h2>Normas de seguridad y manipulaci\u00f3n<\/h2>\n<p>Uso y manipulaci\u00f3n seguros de <span class=\"\" title=\"\" data-v-365c7fdc=\"\">medicamentos<\/span> es nuestra m\u00e1xima prioridad. Cuando usted compra gamma-butirolactona (GBL comprar legal) de K.O.-Tropfen, siga estas pautas para garantizar la seguridad y el cumplimiento:<\/p>\n<ul>\n<li><strong>Equipos de protecci\u00f3n individual (<a href=\"https:\/\/www.bghm.de\/arbeitsschuetzer\/fach-themen\/persoenliche-schutzausruestung-psa\/\" target=\"_blank\" rel=\"noopener\">PSA<\/a>)<\/strong>Utilice siempre los EPI adecuados, incluidos guantes, gafas y ropa protectora, cuando manipule GBL.<\/li>\n<li><strong>Almacenamiento<\/strong>Almacenar GBL en un lugar fresco, seco y bien ventilado, alejado de la luz solar directa y de fuentes de calor. Aseg\u00farese de que los recipientes est\u00e9n bien cerrados cuando no se utilicen.<\/li>\n<li><strong>Procedimientos de manipulaci\u00f3n<\/strong>Utilice GBL en un \u00e1rea bien ventilada y evite la inhalaci\u00f3n o el contacto con la piel y los ojos. En caso de contacto accidental, lavar abundantemente con agua y buscar atenci\u00f3n m\u00e9dica si es necesario.<\/li>\n<li><strong>Eliminaci\u00f3n de residuos<\/strong>Elimine GBL de acuerdo con las regulaciones locales, estatales y federales. No vierta GBL por el desag\u00fce ni lo libere en el medio ambiente.<\/li>\n<\/ul>\n<blockquote><p>Descubra nuestra amplia gama de gamma-butirolactona (GBL comprar legal) opciones y la experiencia de la calidad y la fiabilidad que KO-Drops-Buy.com ofrece. Haga su pedido hoy mismo y benef\u00edciese de nuestros servicios de env\u00edo seguros y discretos.<\/p><\/blockquote>","protected":false},"excerpt":{"rendered":"<p>GBL de alta calidad para la industria y la investigaci\u00f3n. Compre GBL en grandes o peque\u00f1as cantidades.<\/p>","protected":false},"featured_media":15633,"comment_status":"open","ping_status":"closed","template":"","meta":{"jetpack_publicize_message":"","jetpack_publicize_feature_enabled":true,"jetpack_social_post_already_shared":false,"jetpack_social_options":{"image_generator_settings":{"template":"highway","default_image_id":0,"font":"","enabled":false},"version":2}},"product_brand":[],"product_cat":[27],"product_tag":[89,90],"class_list":{"0":"post-15632","1":"product","2":"type-product","3":"status-publish","4":"has-post-thumbnail","6":"product_cat-ko-tropfen-wo-kaufen","7":"product_tag-gbl-bestellen-deutschland","8":"product_tag-ghb-kaufen-deutschland","10":"first","11":"instock","12":"shipping-taxable","13":"purchasable","14":"product-type-variable"},"jetpack_publicize_connections":[],"jetpack_sharing_enabled":true,"_links":{"self":[{"href":"https:\/\/ko-tropfen-kaufen.com\/es\/wp-json\/wp\/v2\/product\/15632","targetHints":{"allow":["GET"]}}],"collection":[{"href":"https:\/\/ko-tropfen-kaufen.com\/es\/wp-json\/wp\/v2\/product"}],"about":[{"href":"https:\/\/ko-tropfen-kaufen.com\/es\/wp-json\/wp\/v2\/types\/product"}],"replies":[{"embeddable":true,"href":"https:\/\/ko-tropfen-kaufen.com\/es\/wp-json\/wp\/v2\/comments?post=15632"}],"version-history":[{"count":2,"href":"https:\/\/ko-tropfen-kaufen.com\/es\/wp-json\/wp\/v2\/product\/15632\/revisions"}],"predecessor-version":[{"id":15658,"href":"https:\/\/ko-tropfen-kaufen.com\/es\/wp-json\/wp\/v2\/product\/15632\/revisions\/15658"}],"wp:featuredmedia":[{"embeddable":true,"href":"https:\/\/ko-tropfen-kaufen.com\/es\/wp-json\/wp\/v2\/media\/15633"}],"wp:attachment":[{"href":"https:\/\/ko-tropfen-kaufen.com\/es\/wp-json\/wp\/v2\/media?parent=15632"}],"wp:term":[{"taxonomy":"product_brand","embeddable":true,"href":"https:\/\/ko-tropfen-kaufen.com\/es\/wp-json\/wp\/v2\/product_brand?post=15632"},{"taxonomy":"product_cat","embeddable":true,"href":"https:\/\/ko-tropfen-kaufen.com\/es\/wp-json\/wp\/v2\/product_cat?post=15632"},{"taxonomy":"product_tag","embeddable":true,"href":"https:\/\/ko-tropfen-kaufen.com\/es\/wp-json\/wp\/v2\/product_tag?post=15632"}],"curies":[{"name":"wp","href":"https:\/\/api.w.org\/{rel}","templated":true}]}}