{"id":15622,"date":"2024-11-25T10:53:35","date_gmt":"2024-11-25T10:53:35","guid":{"rendered":"https:\/\/ko-tropfen-kaufen.com\/?post_type=product&#038;p=15622"},"modified":"2025-10-12T21:42:34","modified_gmt":"2025-10-12T20:42:34","slug":"comprar-ghb","status":"publish","type":"product","link":"https:\/\/ko-tropfen-kaufen.com\/es\/product\/comprar-ghb\/","title":{"rendered":"Gamma-hidroxibutirato (GHB)"},"content":{"rendered":"<h1>Comprar GHB<\/h1>\n<h2>Introducci\u00f3n al gamma-hidroxibutirato (GHB)<\/h2>\n<p>Bienvenido a <a href=\"https:\/\/ko-tropfen-kaufen.com\/\">KO-Drops-Comprar.com<\/a>su fuente de confianza para la compra de <a href=\"https:\/\/flexikon.doccheck.com\/de\/Gammahydroxybutters\u00e4ure\" target=\"_blank\" rel=\"noopener\">Gamma-hidroxibutirato (GHB)<\/a>. El gamma-hidroxibutirato (comprar GHB) es un compuesto qu\u00edmico de alta calidad que se utiliza ampliamente en diversas aplicaciones industriales y de investigaci\u00f3n. Conocido por su eficacia y versatilidad, el GHB es un componente esencial en muchos procesos especializados.<\/p>\n<h2>Usos y beneficios del gamma-hidroxibutirato (comprar GHB)<\/h2>\n<p>El Gamma-Hidroxibutirato (GHB) de KO-Tropfen-Kaufen.com ofrece numerosas ventajas para fines industriales y de investigaci\u00f3n:<\/p>\n<ul>\n<li><strong>Aplicaciones industriales<\/strong>El GHB se utiliza con frecuencia en la industria qu\u00edmica, sobre todo en la fabricaci\u00f3n de disolventes y reactivos. Tambi\u00e9n es un componente importante en la producci\u00f3n de productos farmac\u00e9uticos y cosm\u00e9ticos.<\/li>\n<li><strong>Aplicaciones de la investigaci\u00f3n<\/strong>En investigaci\u00f3n, el GHB sirve como valiosa herramienta para investigar procesos neurol\u00f3gicos y como intermediario en la s\u00edntesis de diversos compuestos qu\u00edmicos.<\/li>\n<li><strong>Alta pureza y calidad<\/strong>Nuestro GHB es de la m\u00e1xima pureza, lo que garantiza un rendimiento y una fiabilidad \u00f3ptimos en todas las aplicaciones.<\/li>\n<\/ul>\n<h2>Variantes de productos y opciones de envasado<\/h2>\n<p>En KO-Drops-Buy.com, ofrecemos una gama de gamma hidroxibutirato (comprar GHB) variantes de productos y opciones de embalaje para satisfacer sus necesidades espec\u00edficas:<\/p>\n<ul>\n<li><strong>Variantes de productos<\/strong>Elija entre diferentes concentraciones y calidades de GHB para satisfacer sus necesidades industriales o de investigaci\u00f3n.<\/li>\n<li><strong>Opciones de envasado<\/strong>Ofrecemos GHB en varios tama\u00f1os de envase, incluidas botellas de 1 litro, bidones de 5 litros y grandes contenedores a granel. Todos los envases est\u00e1n dise\u00f1ados para garantizar un transporte seguro.<\/li>\n<\/ul>\n<h2>Normas de seguridad y manipulaci\u00f3n<\/h2>\n<p>El uso seguro y la manipulaci\u00f3n de GHB es nuestra m\u00e1xima prioridad. Cuando usted compra gamma-hidroxibutirato (GHB) de KO-Drops-Buy.com, siga estas pautas para garantizar la seguridad y el cumplimiento:<\/p>\n<ul>\n<li><strong>Equipos de protecci\u00f3n individual (<a href=\"https:\/\/www.bghm.de\/arbeitsschuetzer\/fach-themen\/persoenliche-schutzausruestung-psa\/\" target=\"_blank\" rel=\"noopener\">PSA<\/a>)<\/strong>Utilice siempre los EPI adecuados, incluidos guantes, gafas y ropa protectora, cuando manipule GHB.<\/li>\n<li><strong>Almacenamiento<\/strong>Almacenar el GHB en un lugar fresco, seco y bien ventilado, alejado de la luz solar directa y de fuentes de calor. Aseg\u00farese de que los recipientes est\u00e9n bien cerrados cuando no se utilicen.<\/li>\n<li><strong>Procedimientos de manipulaci\u00f3n<\/strong>Utilice GHB en un \u00e1rea bien ventilada y evite la inhalaci\u00f3n o el contacto con la piel y los ojos. En caso de contacto accidental, lavar abundantemente con agua y buscar atenci\u00f3n m\u00e9dica si es necesario.<\/li>\n<li><strong>Eliminaci\u00f3n de residuos<\/strong>Deseche el GHB de acuerdo con las regulaciones locales, estatales y federales. No vierta GHB por el desag\u00fce o liberar en el medio ambiente.<\/li>\n<\/ul>\n<blockquote><p>Descubra nuestra amplia gama de <strong>Gamma-hidroxibutirato (comprar GHB)<\/strong> y experimente la calidad y fiabilidad que KO-Tropfen-Kaufen.com le ofrece. Haga su pedido hoy mismo y benef\u00edciese de nuestros servicios de env\u00edo seguros y discretos.<\/p><\/blockquote>","protected":false},"excerpt":{"rendered":"<p>Gamma-hidroxibutirato (GHB) de calidad para diversas aplicaciones. Seguro y fiable.<\/p>","protected":false},"featured_media":15628,"comment_status":"open","ping_status":"closed","template":"","meta":{"jetpack_publicize_message":"","jetpack_publicize_feature_enabled":true,"jetpack_social_post_already_shared":false,"jetpack_social_options":{"image_generator_settings":{"template":"highway","default_image_id":0,"font":"","enabled":false},"version":2}},"product_brand":[],"product_cat":[27],"product_tag":[89,90],"class_list":{"0":"post-15622","1":"product","2":"type-product","3":"status-publish","4":"has-post-thumbnail","6":"product_cat-ko-tropfen-wo-kaufen","7":"product_tag-gbl-bestellen-deutschland","8":"product_tag-ghb-kaufen-deutschland","10":"first","11":"instock","12":"shipping-taxable","13":"purchasable","14":"product-type-variable"},"jetpack_publicize_connections":[],"jetpack_sharing_enabled":true,"_links":{"self":[{"href":"https:\/\/ko-tropfen-kaufen.com\/es\/wp-json\/wp\/v2\/product\/15622","targetHints":{"allow":["GET"]}}],"collection":[{"href":"https:\/\/ko-tropfen-kaufen.com\/es\/wp-json\/wp\/v2\/product"}],"about":[{"href":"https:\/\/ko-tropfen-kaufen.com\/es\/wp-json\/wp\/v2\/types\/product"}],"replies":[{"embeddable":true,"href":"https:\/\/ko-tropfen-kaufen.com\/es\/wp-json\/wp\/v2\/comments?post=15622"}],"version-history":[{"count":1,"href":"https:\/\/ko-tropfen-kaufen.com\/es\/wp-json\/wp\/v2\/product\/15622\/revisions"}],"predecessor-version":[{"id":15631,"href":"https:\/\/ko-tropfen-kaufen.com\/es\/wp-json\/wp\/v2\/product\/15622\/revisions\/15631"}],"wp:featuredmedia":[{"embeddable":true,"href":"https:\/\/ko-tropfen-kaufen.com\/es\/wp-json\/wp\/v2\/media\/15628"}],"wp:attachment":[{"href":"https:\/\/ko-tropfen-kaufen.com\/es\/wp-json\/wp\/v2\/media?parent=15622"}],"wp:term":[{"taxonomy":"product_brand","embeddable":true,"href":"https:\/\/ko-tropfen-kaufen.com\/es\/wp-json\/wp\/v2\/product_brand?post=15622"},{"taxonomy":"product_cat","embeddable":true,"href":"https:\/\/ko-tropfen-kaufen.com\/es\/wp-json\/wp\/v2\/product_cat?post=15622"},{"taxonomy":"product_tag","embeddable":true,"href":"https:\/\/ko-tropfen-kaufen.com\/es\/wp-json\/wp\/v2\/product_tag?post=15622"}],"curies":[{"name":"wp","href":"https:\/\/api.w.org\/{rel}","templated":true}]}}