{"id":15725,"date":"2024-11-25T21:57:31","date_gmt":"2024-11-25T20:57:31","guid":{"rendered":"https:\/\/ko-tropfen-kaufen.com\/?page_id=15725"},"modified":"2025-11-24T16:12:14","modified_gmt":"2025-11-24T15:12:14","slug":"condiciones-generales","status":"publish","type":"page","link":"https:\/\/ko-tropfen-kaufen.com\/es\/condiciones-generales\/","title":{"rendered":"Condiciones generales"},"content":{"rendered":"<div id=\"ez-toc-container\" class=\"ez-toc-v2_0_82_2 counter-hierarchy ez-toc-counter ez-toc-grey ez-toc-container-direction\">\n<div class=\"ez-toc-title-container\">\n<p class=\"ez-toc-title\" style=\"cursor:inherit\">\u00cdndice<\/p>\n<span class=\"ez-toc-title-toggle\"><a href=\"#\" class=\"ez-toc-pull-right ez-toc-btn ez-toc-btn-xs ez-toc-btn-default ez-toc-toggle\" aria-label=\"Alternar tabla de contenidos\"><span class=\"ez-toc-js-icon-con\"><span class=\"\"><span class=\"eztoc-hide\" style=\"display:none;\">Toggle<\/span><span class=\"ez-toc-icon-toggle-span\"><svg style=\"fill: #999;color:#999\" xmlns=\"http:\/\/www.w3.org\/2000\/svg\" class=\"list-377408\" width=\"20px\" height=\"20px\" viewbox=\"0 0 24 24\" fill=\"none\"><path d=\"M6 6H4v2h2V6zm14 0H8v2h12V6zM4 11h2v2H4v-2zm16 0H8v2h12v-2zM4 16h2v2H4v-2zm16 0H8v2h12v-2z\" fill=\"currentColor\"><\/path><\/svg><svg style=\"fill: #999;color:#999\" class=\"arrow-unsorted-368013\" xmlns=\"http:\/\/www.w3.org\/2000\/svg\" width=\"10px\" height=\"10px\" viewbox=\"0 0 24 24\" version=\"1.2\" baseprofile=\"tiny\"><path d=\"M18.2 9.3l-6.2-6.3-6.2 6.3c-.2.2-.3.4-.3.7s.1.5.3.7c.2.2.4.3.7.3h11c.3 0 .5-.1.7-.3.2-.2.3-.5.3-.7s-.1-.5-.3-.7zM5.8 14.7l6.2 6.3 6.2-6.3c.2-.2.3-.5.3-.7s-.1-.5-.3-.7c-.2-.2-.4-.3-.7-.3h-11c-.3 0-.5.1-.7.3-.2.2-.3.5-.3.7s.1.5.3.7z\"\/><\/svg><\/span><\/span><\/span><\/a><\/span><\/div>\n<nav><ul class='ez-toc-list ez-toc-list-level-1' ><li class='ez-toc-page-1 ez-toc-heading-level-3'><a class=\"ez-toc-link ez-toc-heading-1\" href=\"https:\/\/ko-tropfen-kaufen.com\/es\/condiciones-generales\/#Ko-Tropfen-Kaufencom\" >Comprar-co-drops.com<\/a><\/li><li class='ez-toc-page-1 ez-toc-heading-level-3'><a class=\"ez-toc-link ez-toc-heading-2\" href=\"https:\/\/ko-tropfen-kaufen.com\/es\/condiciones-generales\/#1_Allgemeine_Bedingungen\" >1. condiciones generales<\/a><\/li><li class='ez-toc-page-1 ez-toc-heading-level-3'><a class=\"ez-toc-link ez-toc-heading-3\" href=\"https:\/\/ko-tropfen-kaufen.com\/es\/condiciones-generales\/#2_Bestellungen_und_Zahlungen\" >2. pedidos y pagos<\/a><\/li><li class='ez-toc-page-1 ez-toc-heading-level-3'><a class=\"ez-toc-link ez-toc-heading-4\" href=\"https:\/\/ko-tropfen-kaufen.com\/es\/condiciones-generales\/#3_Versand_und_Lieferung\" >3. env\u00edo y entrega<\/a><\/li><li class='ez-toc-page-1 ez-toc-heading-level-3'><a class=\"ez-toc-link ez-toc-heading-5\" href=\"https:\/\/ko-tropfen-kaufen.com\/es\/condiciones-generales\/#4_Ruckgabe_und_Ruckerstattung\" >4. devoluci\u00f3n y reembolso<\/a><\/li><li class='ez-toc-page-1 ez-toc-heading-level-3'><a class=\"ez-toc-link ez-toc-heading-6\" href=\"https:\/\/ko-tropfen-kaufen.com\/es\/condiciones-generales\/#5_Haftungsausschluss\" >5. descargo de responsabilidad<\/a><\/li><li class='ez-toc-page-1 ez-toc-heading-level-3'><a class=\"ez-toc-link ez-toc-heading-7\" href=\"https:\/\/ko-tropfen-kaufen.com\/es\/condiciones-generales\/#6_Datenschutz\" >6. protecci\u00f3n de datos<\/a><\/li><li class='ez-toc-page-1 ez-toc-heading-level-3'><a class=\"ez-toc-link ez-toc-heading-8\" href=\"https:\/\/ko-tropfen-kaufen.com\/es\/condiciones-generales\/#7_Geistiges_Eigentum\" >7 Propiedad intelectual<\/a><\/li><li class='ez-toc-page-1 ez-toc-heading-level-3'><a class=\"ez-toc-link ez-toc-heading-9\" href=\"https:\/\/ko-tropfen-kaufen.com\/es\/condiciones-generales\/#8_Anwendbares_Recht\" >8 Legislaci\u00f3n aplicable<\/a><\/li><li class='ez-toc-page-1 ez-toc-heading-level-3'><a class=\"ez-toc-link ez-toc-heading-10\" href=\"https:\/\/ko-tropfen-kaufen.com\/es\/condiciones-generales\/#9_Kontakt\" >9. contacto<\/a><\/li><\/ul><\/nav><\/div>\n<h3 class=\"wp-block-heading\" id=\"h-ko-tropfen-kaufen-com\"><span class=\"ez-toc-section\" id=\"Ko-Tropfen-Kaufencom\"><\/span>Comprar-co-drops.com<span class=\"ez-toc-section-end\"><\/span><\/h3>\n\n\n\n<p>Bienvenido a <a href=\"https:\/\/ko-tropfen-kaufen.com?v=820eb5b696ea\">Comprar-co-drops.com<\/a>. Al acceder a nuestro sitio web y utilizar nuestros servicios, usted acepta las siguientes Condiciones Generales de Contrataci\u00f3n (CGC). L\u00e9alas atentamente.<\/p>\n\n\n\n<h3 class=\"wp-block-heading\" id=\"h-1-allgemeine-bedingungen\"><span class=\"ez-toc-section\" id=\"1_Allgemeine_Bedingungen\"><\/span>1. condiciones generales<span class=\"ez-toc-section-end\"><\/span><\/h3>\n\n\n\n<p>1.1. <strong>Uso del sitio web:<\/strong> Al utilizar nuestro sitio web, usted acepta estas condiciones y se compromete a cumplir todas las leyes y reglamentos aplicables.<\/p>\n\n\n\n<p>1.2. <strong>Cambios:<\/strong> Nos reservamos el derecho a modificar estas CGC en cualquier momento. Los cambios se publicar\u00e1n en esta p\u00e1gina y entrar\u00e1n en vigor inmediatamente. El uso continuado del sitio web implica la aceptaci\u00f3n de las condiciones modificadas.<\/p>\n\n\n\n<h3 class=\"wp-block-heading\" id=\"h-2-bestellungen-und-zahlungen\"><span class=\"ez-toc-section\" id=\"2_Bestellungen_und_Zahlungen\"><\/span>2. pedidos y pagos<span class=\"ez-toc-section-end\"><\/span><\/h3>\n\n\n\n<p>2.1. <strong>Proceso de pedido:<\/strong> Todos los pedidos realizados en nuestro sitio web son vinculantes. Recibir\u00e1 una confirmaci\u00f3n de pedido por correo electr\u00f3nico en cuanto su pedido se haya realizado correctamente.<\/p>\n\n\n\n<p>2.2. <strong>Los precios:<\/strong> Todos los precios indicados en el sitio web incluyen el IVA, pero excluyen los gastos de env\u00edo. Nos reservamos el derecho a modificar los precios en cualquier momento.<\/p>\n\n\n\n<p>2.3. <strong>Formas de pago:<\/strong> Aceptamos varios m\u00e9todos de pago, que se especifican durante el proceso de pedido. El pago debe efectuarse antes del env\u00edo de los productos solicitados.<\/p>\n\n\n\n<h3 class=\"wp-block-heading\" id=\"h-3-versand-und-lieferung\"><span class=\"ez-toc-section\" id=\"3_Versand_und_Lieferung\"><\/span>3. env\u00edo y entrega<span class=\"ez-toc-section-end\"><\/span><\/h3>\n\n\n\n<p>3.1. <strong>Despacho:<\/strong> Enviamos nuestros productos dentro de Alemania y al extranjero. Los gastos de env\u00edo y los plazos de entrega se muestran durante el proceso de pedido.<\/p>\n\n\n\n<p>3.2. <strong>Plazos de entrega:<\/strong> Los plazos de entrega pueden variar en funci\u00f3n del destino del env\u00edo. Nos esforzamos por enviar su pedido lo antes posible. Los retrasos debidos a circunstancias imprevistas est\u00e1n fuera de nuestro control.<\/p>\n\n\n\n<h3 class=\"wp-block-heading\" id=\"h-4-ruckgabe-und-ruckerstattung\"><span class=\"ez-toc-section\" id=\"4_Ruckgabe_und_Ruckerstattung\"><\/span>4. devoluci\u00f3n y reembolso<span class=\"ez-toc-section-end\"><\/span><\/h3>\n\n\n\n<p>4.1. <strong>Derecho de retorno:<\/strong> Tiene derecho a devolver los productos en un plazo de 30 d\u00edas a partir de su recepci\u00f3n. Los productos deben devolverse en su estado original, sin abrir y sin usar.<\/p>\n\n\n\n<p>4.2. <strong>Reembolso:<\/strong> Una vez recibidos e inspeccionados los productos devueltos, se emitir\u00e1 un reembolso al m\u00e9todo de pago original en un plazo de 5 a 7 d\u00edas laborables.<\/p>\n\n\n\n<h3 class=\"wp-block-heading\" id=\"h-5-haftungsausschluss\"><span class=\"ez-toc-section\" id=\"5_Haftungsausschluss\"><\/span>5. descargo de responsabilidad<span class=\"ez-toc-section-end\"><\/span><\/h3>\n\n\n\n<p>5.1. <strong>Contenido del sitio web:<\/strong> Aunque nos esforzamos por ofrecer informaci\u00f3n exacta y actualizada, no asumimos ninguna responsabilidad por la exactitud, integridad o actualidad del contenido de nuestro sitio web.<\/p>\n\n\n\n<p>5.2. <strong>Enlaces externos:<\/strong> Nuestro sitio web puede contener enlaces a sitios web externos. No somos responsables del contenido ni de las pr\u00e1cticas de privacidad de estos sitios web.<\/p>\n\n\n\n<h3 class=\"wp-block-heading\" id=\"h-6-datenschutz\"><span class=\"ez-toc-section\" id=\"6_Datenschutz\"><\/span>6. protecci\u00f3n de datos<span class=\"ez-toc-section-end\"><\/span><\/h3>\n\n\n\n<p>6.1. <strong>Pol\u00edtica de privacidad:<\/strong> Nuestra Pol\u00edtica de Privacidad, que describe c\u00f3mo recogemos, utilizamos y protegemos sus datos personales, forma parte integrante de estas CGC.<\/p>\n\n\n\n<h3 class=\"wp-block-heading\" id=\"h-7-geistiges-eigentum\"><span class=\"ez-toc-section\" id=\"7_Geistiges_Eigentum\"><\/span>7 Propiedad intelectual<span class=\"ez-toc-section-end\"><\/span><\/h3>\n\n\n\n<p>7.1. <strong>Derechos de autor:<\/strong> Todo el contenido de nuestro sitio web, incluidos textos, im\u00e1genes y gr\u00e1ficos, est\u00e1 protegido por derechos de autor. Queda prohibido el uso de este contenido sin nuestro consentimiento expreso por escrito.<\/p>\n\n\n\n<h3 class=\"wp-block-heading\" id=\"h-8-anwendbares-recht\"><span class=\"ez-toc-section\" id=\"8_Anwendbares_Recht\"><\/span>8 Legislaci\u00f3n aplicable<span class=\"ez-toc-section-end\"><\/span><\/h3>\n\n\n\n<p>8.1. <strong>Lugar de jurisdicci\u00f3n:<\/strong> Estas CGC est\u00e1n sujetas a la legislaci\u00f3n alemana. En caso de litigio, el fuero competente es el domicilio social de nuestra empresa.<\/p>\n\n\n\n<h3 class=\"wp-block-heading\" id=\"h-9-kontakt\"><span class=\"ez-toc-section\" id=\"9_Kontakt\"><\/span>9. contacto<span class=\"ez-toc-section-end\"><\/span><\/h3>\n\n\n\n<p>Si tiene alguna pregunta sobre estas CGC, p\u00f3ngase en contacto con nosotros en <a>support@ko-tropfen-kaufen.com<\/a>. Siempre nos esforzamos por resolver sus dudas de forma r\u00e1pida y satisfactoria.<\/p>\n\n\n\n<p>Gracias por comprar en Ko-Tropfen-Kaufen.com.<\/p>","protected":false},"excerpt":{"rendered":"<p>Ko-Tropfen-Kaufen.com Willkommen bei Ko-Tropfen-Kaufen.com. Durch den Zugriff auf unsere Website und die Nutzung unserer Dienste stimmen Sie den folgenden Allgemeinen Gesch\u00e4ftsbedingungen (AGB) zu. Bitte lesen Sie diese sorgf\u00e4ltig durch. 1. Allgemeine Bedingungen 1.1. Nutzung der Website: Durch die Nutzung unserer Website erkl\u00e4ren Sie sich mit diesen AGB einverstanden und verpflichten sich, alle geltenden Gesetze und [&hellip;]<\/p>\n","protected":false},"author":2,"featured_media":0,"parent":0,"menu_order":0,"comment_status":"closed","ping_status":"closed","template":"","meta":{"footnotes":""},"class_list":["post-15725","page","type-page","status-publish","hentry"],"blocksy_meta":[],"jetpack_sharing_enabled":true,"_links":{"self":[{"href":"https:\/\/ko-tropfen-kaufen.com\/es\/wp-json\/wp\/v2\/pages\/15725","targetHints":{"allow":["GET"]}}],"collection":[{"href":"https:\/\/ko-tropfen-kaufen.com\/es\/wp-json\/wp\/v2\/pages"}],"about":[{"href":"https:\/\/ko-tropfen-kaufen.com\/es\/wp-json\/wp\/v2\/types\/page"}],"author":[{"embeddable":true,"href":"https:\/\/ko-tropfen-kaufen.com\/es\/wp-json\/wp\/v2\/users\/2"}],"replies":[{"embeddable":true,"href":"https:\/\/ko-tropfen-kaufen.com\/es\/wp-json\/wp\/v2\/comments?post=15725"}],"version-history":[{"count":1,"href":"https:\/\/ko-tropfen-kaufen.com\/es\/wp-json\/wp\/v2\/pages\/15725\/revisions"}],"predecessor-version":[{"id":15726,"href":"https:\/\/ko-tropfen-kaufen.com\/es\/wp-json\/wp\/v2\/pages\/15725\/revisions\/15726"}],"wp:attachment":[{"href":"https:\/\/ko-tropfen-kaufen.com\/es\/wp-json\/wp\/v2\/media?parent=15725"}],"curies":[{"name":"wp","href":"https:\/\/api.w.org\/{rel}","templated":true}]}}