{"id":15720,"date":"2024-11-25T20:38:37","date_gmt":"2024-11-25T20:38:37","guid":{"rendered":"https:\/\/ko-tropfen-kaufen.com\/?page_id=15720"},"modified":"2024-11-25T20:38:42","modified_gmt":"2024-11-25T20:38:42","slug":"politica-de-privacidad","status":"publish","type":"page","link":"https:\/\/ko-tropfen-kaufen.com\/es\/politica-de-privacidad\/","title":{"rendered":"Pol\u00edtica de privacidad"},"content":{"rendered":"<div id=\"ez-toc-container\" class=\"ez-toc-v2_0_82_2 counter-hierarchy ez-toc-counter ez-toc-grey ez-toc-container-direction\">\n<div class=\"ez-toc-title-container\">\n<p class=\"ez-toc-title\" style=\"cursor:inherit\">\u00cdndice<\/p>\n<span class=\"ez-toc-title-toggle\"><a href=\"#\" class=\"ez-toc-pull-right ez-toc-btn ez-toc-btn-xs ez-toc-btn-default ez-toc-toggle\" aria-label=\"Alternar tabla de contenidos\"><span class=\"ez-toc-js-icon-con\"><span class=\"\"><span class=\"eztoc-hide\" style=\"display:none;\">Toggle<\/span><span class=\"ez-toc-icon-toggle-span\"><svg style=\"fill: #999;color:#999\" xmlns=\"http:\/\/www.w3.org\/2000\/svg\" class=\"list-377408\" width=\"20px\" height=\"20px\" viewbox=\"0 0 24 24\" fill=\"none\"><path d=\"M6 6H4v2h2V6zm14 0H8v2h12V6zM4 11h2v2H4v-2zm16 0H8v2h12v-2zM4 16h2v2H4v-2zm16 0H8v2h12v-2z\" fill=\"currentColor\"><\/path><\/svg><svg style=\"fill: #999;color:#999\" class=\"arrow-unsorted-368013\" xmlns=\"http:\/\/www.w3.org\/2000\/svg\" width=\"10px\" height=\"10px\" viewbox=\"0 0 24 24\" version=\"1.2\" baseprofile=\"tiny\"><path d=\"M18.2 9.3l-6.2-6.3-6.2 6.3c-.2.2-.3.4-.3.7s.1.5.3.7c.2.2.4.3.7.3h11c.3 0 .5-.1.7-.3.2-.2.3-.5.3-.7s-.1-.5-.3-.7zM5.8 14.7l6.2 6.3 6.2-6.3c.2-.2.3-.5.3-.7s-.1-.5-.3-.7c-.2-.2-.4-.3-.7-.3h-11c-.3 0-.5.1-.7.3-.2.2-.3.5-.3.7s.1.5.3.7z\"\/><\/svg><\/span><\/span><\/span><\/a><\/span><\/div>\n<nav><ul class='ez-toc-list ez-toc-list-level-1' ><li class='ez-toc-page-1 ez-toc-heading-level-3'><a class=\"ez-toc-link ez-toc-heading-1\" href=\"https:\/\/ko-tropfen-kaufen.com\/es\/politica-de-privacidad\/#Ko-Tropfen-Kaufencom_Datenschutzrichtlinie\" >Pol\u00edtica de privacidad de Ko-Tropfen-Kaufen.com<\/a><\/li><li class='ez-toc-page-1 ez-toc-heading-level-3'><a class=\"ez-toc-link ez-toc-heading-2\" href=\"https:\/\/ko-tropfen-kaufen.com\/es\/politica-de-privacidad\/#Erfassung_und_Verwendung_von_Daten\" >Recogida y uso de datos<\/a><ul class='ez-toc-list-level-4' ><li class='ez-toc-heading-level-4'><a class=\"ez-toc-link ez-toc-heading-3\" href=\"https:\/\/ko-tropfen-kaufen.com\/es\/politica-de-privacidad\/#Personliche_Daten\" >Datos personales<\/a><\/li><li class='ez-toc-page-1 ez-toc-heading-level-4'><a class=\"ez-toc-link ez-toc-heading-4\" href=\"https:\/\/ko-tropfen-kaufen.com\/es\/politica-de-privacidad\/#Automatisch_erfasste_Daten\" >Datos registrados autom\u00e1ticamente<\/a><\/li><\/ul><\/li><li class='ez-toc-page-1 ez-toc-heading-level-3'><a class=\"ez-toc-link ez-toc-heading-5\" href=\"https:\/\/ko-tropfen-kaufen.com\/es\/politica-de-privacidad\/#Verwendung_von_Cookies\" >Uso de cookies<\/a><\/li><li class='ez-toc-page-1 ez-toc-heading-level-3'><a class=\"ez-toc-link ez-toc-heading-6\" href=\"https:\/\/ko-tropfen-kaufen.com\/es\/politica-de-privacidad\/#Weitergabe_von_Daten\" >Transmisi\u00f3n de datos<\/a><\/li><li class='ez-toc-page-1 ez-toc-heading-level-3'><a class=\"ez-toc-link ez-toc-heading-7\" href=\"https:\/\/ko-tropfen-kaufen.com\/es\/politica-de-privacidad\/#Datensicherheit\" >Seguridad de los datos<\/a><\/li><li class='ez-toc-page-1 ez-toc-heading-level-3'><a class=\"ez-toc-link ez-toc-heading-8\" href=\"https:\/\/ko-tropfen-kaufen.com\/es\/politica-de-privacidad\/#Ihre_Rechte\" >Sus derechos<\/a><\/li><li class='ez-toc-page-1 ez-toc-heading-level-3'><a class=\"ez-toc-link ez-toc-heading-9\" href=\"https:\/\/ko-tropfen-kaufen.com\/es\/politica-de-privacidad\/#Anderungen_an_dieser_Datenschutzrichtlinie\" >Cambios en esta pol\u00edtica de privacidad<\/a><\/li><li class='ez-toc-page-1 ez-toc-heading-level-3'><a class=\"ez-toc-link ez-toc-heading-10\" href=\"https:\/\/ko-tropfen-kaufen.com\/es\/politica-de-privacidad\/#Kontakt\" >P\u00f3ngase en contacto con nosotros<\/a><\/li><\/ul><\/nav><\/div>\n<h3 class=\"wp-block-heading\" id=\"h-ko-tropfen-kaufen-com-datenschutzrichtlinie\"><span class=\"ez-toc-section\" id=\"Ko-Tropfen-Kaufencom_Datenschutzrichtlinie\"><\/span>Pol\u00edtica de privacidad de Ko-Tropfen-Kaufen.com<span class=\"ez-toc-section-end\"><\/span><\/h3>\n\n\n\n<p>Con <a href=\"https:\/\/ko-tropfen-kaufen.com?v=820eb5b696ea\">Comprar-co-drops.com<\/a> concedemos gran importancia a la protecci\u00f3n de su intimidad y a la seguridad de sus datos personales. Esta pol\u00edtica de privacidad explica qu\u00e9 informaci\u00f3n recogemos, c\u00f3mo la utilizamos y qu\u00e9 medidas tomamos para proteger sus datos.<\/p>\n\n\n\n<h3 class=\"wp-block-heading\" id=\"h-erfassung-und-verwendung-von-daten\"><span class=\"ez-toc-section\" id=\"Erfassung_und_Verwendung_von_Daten\"><\/span>Recogida y uso de datos<span class=\"ez-toc-section-end\"><\/span><\/h3>\n\n\n\n<h4 class=\"wp-block-heading\" id=\"h-personliche-daten\"><span class=\"ez-toc-section\" id=\"Personliche_Daten\"><\/span>Datos personales<span class=\"ez-toc-section-end\"><\/span><\/h4>\n\n\n\n<p>Recogemos datos personales que usted nos proporciona voluntariamente cuando utiliza nuestro sitio web, como por ejemplo<\/p>\n\n\n\n<ul class=\"wp-block-list\">\n<li>Nombre<\/li>\n\n\n\n<li>Direcci\u00f3n<\/li>\n\n\n\n<li>Correo electr\u00f3nico<\/li>\n\n\n\n<li>N\u00famero de tel\u00e9fono<\/li>\n\n\n\n<li>Informaci\u00f3n de pago<\/li>\n<\/ul>\n\n\n\n<p>Esta informaci\u00f3n se utiliza para procesar sus pedidos, proporcionarle asistencia al cliente y enviarle informaci\u00f3n y ofertas relevantes.<\/p>\n\n\n\n<h4 class=\"wp-block-heading\" id=\"h-automatisch-erfasste-daten\"><span class=\"ez-toc-section\" id=\"Automatisch_erfasste_Daten\"><\/span>Datos registrados autom\u00e1ticamente<span class=\"ez-toc-section-end\"><\/span><\/h4>\n\n\n\n<p>Cuando usted visita nuestro sitio web, recopilamos autom\u00e1ticamente cierta informaci\u00f3n sobre su dispositivo y su uso de nuestro sitio web, incluyendo:<\/p>\n\n\n\n<ul class=\"wp-block-list\">\n<li>Direcci\u00f3n IP<\/li>\n\n\n\n<li>Tipo y versi\u00f3n de navegador<\/li>\n\n\n\n<li>URL de referencia<\/li>\n\n\n\n<li>Fecha y hora de acceso<\/li>\n\n\n\n<li>P\u00e1ginas visitadas y enlaces pulsados<\/li>\n<\/ul>\n\n\n\n<p>Esta informaci\u00f3n nos ayuda a mejorar nuestro sitio web y optimizar la experiencia del usuario.<\/p>\n\n\n\n<h3 class=\"wp-block-heading\" id=\"h-verwendung-von-cookies\"><span class=\"ez-toc-section\" id=\"Verwendung_von_Cookies\"><\/span>Uso de cookies<span class=\"ez-toc-section-end\"><\/span><\/h3>\n\n\n\n<p>Nuestro sitio web utiliza cookies para mejorar su experiencia de usuario y ofrecer determinadas funciones. Las cookies son peque\u00f1os archivos de texto que se almacenan en su dispositivo. Puede desactivar el uso de cookies en la configuraci\u00f3n de su navegador, pero esto puede afectar a la funcionalidad de nuestro sitio web.<\/p>\n\n\n\n<h3 class=\"wp-block-heading\" id=\"h-weitergabe-von-daten\"><span class=\"ez-toc-section\" id=\"Weitergabe_von_Daten\"><\/span>Transmisi\u00f3n de datos<span class=\"ez-toc-section-end\"><\/span><\/h3>\n\n\n\n<p>No transmitimos sus datos personales a terceros, salvo en los siguientes casos:<\/p>\n\n\n\n<ul class=\"wp-block-list\">\n<li><strong>Proveedor de servicios:<\/strong> Trabajamos con proveedores de servicios de confianza que realizan determinadas tareas en nuestro nombre, como la tramitaci\u00f3n de pagos y los env\u00edos. Estos proveedores de servicios solo tienen acceso a la informaci\u00f3n que necesitan para realizar sus tareas y est\u00e1n obligados por contrato a proteger sus datos.<\/li>\n\n\n\n<li><strong>Requisitos legales:<\/strong> Podemos revelar su informaci\u00f3n si as\u00ed lo exige la ley o para proteger nuestros derechos.<\/li>\n<\/ul>\n\n\n\n<h3 class=\"wp-block-heading\" id=\"h-datensicherheit\"><span class=\"ez-toc-section\" id=\"Datensicherheit\"><\/span>Seguridad de los datos<span class=\"ez-toc-section-end\"><\/span><\/h3>\n\n\n\n<p>Utilizamos medidas t\u00e9cnicas y organizativas adecuadas para proteger sus datos personales contra el acceso no autorizado, la p\u00e9rdida o el uso indebido. Entre ellas se incluyen el cifrado de informaci\u00f3n sensible y comprobaciones peri\u00f3dicas de seguridad.<\/p>\n\n\n\n<h3 class=\"wp-block-heading\" id=\"h-ihre-rechte\"><span class=\"ez-toc-section\" id=\"Ihre_Rechte\"><\/span>Sus derechos<span class=\"ez-toc-section-end\"><\/span><\/h3>\n\n\n\n<p>Usted tiene derecho a recibir informaci\u00f3n sobre los datos personales almacenados por nosotros en cualquier momento, a solicitar su correcci\u00f3n o supresi\u00f3n y a oponerse al tratamiento de sus datos. Para ello, p\u00f3ngase en contacto con nosotros en <a>support@ko-tropfen-kaufen.com<\/a>.<\/p>\n\n\n\n<h3 class=\"wp-block-heading\" id=\"h-anderungen-an-dieser-datenschutzrichtlinie\"><span class=\"ez-toc-section\" id=\"Anderungen_an_dieser_Datenschutzrichtlinie\"><\/span>Cambios en esta pol\u00edtica de privacidad<span class=\"ez-toc-section-end\"><\/span><\/h3>\n\n\n\n<p>Nos reservamos el derecho a actualizar esta pol\u00edtica de privacidad en cualquier momento. Los cambios se publicar\u00e1n en esta p\u00e1gina y entrar\u00e1n en vigor inmediatamente. Le recomendamos que consulte esta pol\u00edtica con regularidad.<\/p>\n\n\n\n<h3 class=\"wp-block-heading\" id=\"h-kontakt\"><span class=\"ez-toc-section\" id=\"Kontakt\"><\/span>P\u00f3ngase en contacto con nosotros<span class=\"ez-toc-section-end\"><\/span><\/h3>\n\n\n\n<p>Si tiene alguna pregunta o duda sobre nuestra pol\u00edtica de privacidad, p\u00f3ngase en contacto con nosotros en <a>support@ko-tropfen-kaufen.com<\/a>. Siempre nos esforzamos por resolver sus dudas de forma r\u00e1pida y satisfactoria.<\/p>\n\n\n\n<p>Gracias por confiar en Ko-Tropfen-Kaufen.com.<\/p>","protected":false},"excerpt":{"rendered":"<p>Ko-Tropfen-Kaufen.com Datenschutzrichtlinie Bei Ko-Tropfen-Kaufen.com legen wir gro\u00dfen Wert auf den Schutz Ihrer Privatsph\u00e4re und die Sicherheit Ihrer pers\u00f6nlichen Daten. Diese Datenschutzrichtlinie erkl\u00e4rt, welche Informationen wir sammeln, wie wir sie verwenden und welche Ma\u00dfnahmen wir ergreifen, um Ihre Daten zu sch\u00fctzen. Erfassung und Verwendung von Daten Pers\u00f6nliche Daten Wir erfassen pers\u00f6nliche Daten, die Sie uns freiwillig [&hellip;]<\/p>\n","protected":false},"author":2,"featured_media":0,"parent":0,"menu_order":0,"comment_status":"closed","ping_status":"closed","template":"","meta":{"footnotes":""},"class_list":["post-15720","page","type-page","status-publish","hentry"],"blocksy_meta":[],"jetpack_sharing_enabled":true,"_links":{"self":[{"href":"https:\/\/ko-tropfen-kaufen.com\/es\/wp-json\/wp\/v2\/pages\/15720","targetHints":{"allow":["GET"]}}],"collection":[{"href":"https:\/\/ko-tropfen-kaufen.com\/es\/wp-json\/wp\/v2\/pages"}],"about":[{"href":"https:\/\/ko-tropfen-kaufen.com\/es\/wp-json\/wp\/v2\/types\/page"}],"author":[{"embeddable":true,"href":"https:\/\/ko-tropfen-kaufen.com\/es\/wp-json\/wp\/v2\/users\/2"}],"replies":[{"embeddable":true,"href":"https:\/\/ko-tropfen-kaufen.com\/es\/wp-json\/wp\/v2\/comments?post=15720"}],"version-history":[{"count":1,"href":"https:\/\/ko-tropfen-kaufen.com\/es\/wp-json\/wp\/v2\/pages\/15720\/revisions"}],"predecessor-version":[{"id":15721,"href":"https:\/\/ko-tropfen-kaufen.com\/es\/wp-json\/wp\/v2\/pages\/15720\/revisions\/15721"}],"wp:attachment":[{"href":"https:\/\/ko-tropfen-kaufen.com\/es\/wp-json\/wp\/v2\/media?parent=15720"}],"curies":[{"name":"wp","href":"https:\/\/api.w.org\/{rel}","templated":true}]}}