{"id":15715,"date":"2024-11-25T20:20:18","date_gmt":"2024-11-25T20:20:18","guid":{"rendered":"https:\/\/ko-tropfen-kaufen.com\/?page_id=15715"},"modified":"2024-11-28T18:29:42","modified_gmt":"2024-11-28T18:29:42","slug":"derecho-de-retorno","status":"publish","type":"page","link":"https:\/\/ko-tropfen-kaufen.com\/es\/derecho-de-retorno\/","title":{"rendered":"Derecho de retorno"},"content":{"rendered":"<div id=\"ez-toc-container\" class=\"ez-toc-v2_0_82_2 counter-hierarchy ez-toc-counter ez-toc-grey ez-toc-container-direction\">\n<div class=\"ez-toc-title-container\">\n<p class=\"ez-toc-title\" style=\"cursor:inherit\">\u00cdndice<\/p>\n<span class=\"ez-toc-title-toggle\"><a href=\"#\" class=\"ez-toc-pull-right ez-toc-btn ez-toc-btn-xs ez-toc-btn-default ez-toc-toggle\" aria-label=\"Alternar tabla de contenidos\"><span class=\"ez-toc-js-icon-con\"><span class=\"\"><span class=\"eztoc-hide\" style=\"display:none;\">Toggle<\/span><span class=\"ez-toc-icon-toggle-span\"><svg style=\"fill: #999;color:#999\" xmlns=\"http:\/\/www.w3.org\/2000\/svg\" class=\"list-377408\" width=\"20px\" height=\"20px\" viewbox=\"0 0 24 24\" fill=\"none\"><path d=\"M6 6H4v2h2V6zm14 0H8v2h12V6zM4 11h2v2H4v-2zm16 0H8v2h12v-2zM4 16h2v2H4v-2zm16 0H8v2h12v-2z\" fill=\"currentColor\"><\/path><\/svg><svg style=\"fill: #999;color:#999\" class=\"arrow-unsorted-368013\" xmlns=\"http:\/\/www.w3.org\/2000\/svg\" width=\"10px\" height=\"10px\" viewbox=\"0 0 24 24\" version=\"1.2\" baseprofile=\"tiny\"><path d=\"M18.2 9.3l-6.2-6.3-6.2 6.3c-.2.2-.3.4-.3.7s.1.5.3.7c.2.2.4.3.7.3h11c.3 0 .5-.1.7-.3.2-.2.3-.5.3-.7s-.1-.5-.3-.7zM5.8 14.7l6.2 6.3 6.2-6.3c.2-.2.3-.5.3-.7s-.1-.5-.3-.7c-.2-.2-.4-.3-.7-.3h-11c-.3 0-.5.1-.7.3-.2.2-.3.5-.3.7s.1.5.3.7z\"\/><\/svg><\/span><\/span><\/span><\/a><\/span><\/div>\n<nav><ul class='ez-toc-list ez-toc-list-level-1' ><li class='ez-toc-page-1 ez-toc-heading-level-2'><a class=\"ez-toc-link ez-toc-heading-1\" href=\"https:\/\/ko-tropfen-kaufen.com\/es\/derecho-de-retorno\/#ko-tropfen-kaufencom_Ruckgaberecht\" >ko-tropfen-kaufen.com Derecho de devoluci\u00f3n<\/a><ul class='ez-toc-list-level-3' ><li class='ez-toc-heading-level-3'><a class=\"ez-toc-link ez-toc-heading-2\" href=\"https:\/\/ko-tropfen-kaufen.com\/es\/derecho-de-retorno\/#30-Tage-Geld-zuruck-Garantie\" >Garant\u00eda de devoluci\u00f3n de 30 d\u00edas<\/a><\/li><li class='ez-toc-page-1 ez-toc-heading-level-3'><a class=\"ez-toc-link ez-toc-heading-3\" href=\"https:\/\/ko-tropfen-kaufen.com\/es\/derecho-de-retorno\/#Voraussetzungen_fur_eine_Ruckerstattung\" >Requisitos para una devoluci\u00f3n<\/a><\/li><li class='ez-toc-page-1 ez-toc-heading-level-3'><a class=\"ez-toc-link ez-toc-heading-4\" href=\"https:\/\/ko-tropfen-kaufen.com\/es\/derecho-de-retorno\/#Nicht_erstattungsfahige_Artikel\" >Art\u00edculos no reembolsables<\/a><\/li><li class='ez-toc-page-1 ez-toc-heading-level-3'><a class=\"ez-toc-link ez-toc-heading-5\" href=\"https:\/\/ko-tropfen-kaufen.com\/es\/derecho-de-retorno\/#So_beantragen_Sie_eine_Ruckerstattung\" >C\u00f3mo solicitar el reembolso<\/a><\/li><li class='ez-toc-page-1 ez-toc-heading-level-3'><a class=\"ez-toc-link ez-toc-heading-6\" href=\"https:\/\/ko-tropfen-kaufen.com\/es\/derecho-de-retorno\/#Bearbeitung_Ihrer_Ruckerstattung\" >Tramitaci\u00f3n del reembolso<\/a><\/li><li class='ez-toc-page-1 ez-toc-heading-level-3'><a class=\"ez-toc-link ez-toc-heading-7\" href=\"https:\/\/ko-tropfen-kaufen.com\/es\/derecho-de-retorno\/#Kontaktieren_Sie_uns\" >P\u00f3ngase en contacto con nosotros<\/a><\/li><\/ul><\/li><\/ul><\/nav><\/div>\n<h2 class=\"wp-block-heading\" id=\"h-ko-tropfen-kaufen-com-ruckgaberecht\"><span class=\"ez-toc-section\" id=\"ko-tropfen-kaufencom_Ruckgaberecht\"><\/span>ko-tropfen-kaufen.com Derecho de devoluci\u00f3n<span class=\"ez-toc-section-end\"><\/span><\/h2>\n\n\n\n<p>Con <a href=\"https:\/\/ko-tropfen-kaufen.com?v=820eb5b696ea\">Comprar-co-drops.com<\/a> nos esforzamos para que nuestros clientes queden completamente satisfechos con sus compras. Si por cualquier motivo no quedas completamente satisfecho con tu pedido, nuestra pol\u00edtica de devoluciones te ayudar\u00e1.<\/p>\n\n\n\n<h3 class=\"wp-block-heading\" id=\"h-30-tage-geld-zuruck-garantie\"><span class=\"ez-toc-section\" id=\"30-Tage-Geld-zuruck-Garantie\"><\/span>Garant\u00eda de devoluci\u00f3n de 30 d\u00edas<span class=\"ez-toc-section-end\"><\/span><\/h3>\n\n\n\n<p>Ofrecemos una garant\u00eda de devoluci\u00f3n del dinero de 30 d\u00edas en todos nuestros productos. Si no queda satisfecho con su compra, puede solicitar el reembolso en un plazo de 30 d\u00edas a partir de la fecha de compra.<\/p>\n\n\n\n<h3 class=\"wp-block-heading\" id=\"h-voraussetzungen-fur-eine-ruckerstattung\"><span class=\"ez-toc-section\" id=\"Voraussetzungen_fur_eine_Ruckerstattung\"><\/span>Requisitos para una devoluci\u00f3n<span class=\"ez-toc-section-end\"><\/span><\/h3>\n\n\n\n<p>Para tener derecho a reembolso, deben cumplirse las siguientes condiciones:<\/p>\n\n\n\n<ul class=\"wp-block-list\">\n<li>El producto debe devolverse en su estado original, sin abrir y sin usar.<\/li>\n\n\n\n<li>Deber\u00e1 presentarse un justificante de compra (n\u00famero de pedido, recibo o correo electr\u00f3nico de confirmaci\u00f3n).<\/li>\n\n\n\n<li>La solicitud de reembolso debe realizarse en un plazo de 30 d\u00edas a partir de la fecha de compra.<\/li>\n<\/ul>\n\n\n\n<h3 class=\"wp-block-heading\" id=\"h-nicht-erstattungsfahige-artikel\"><span class=\"ez-toc-section\" id=\"Nicht_erstattungsfahige_Artikel\"><\/span>Art\u00edculos no reembolsables<span class=\"ez-toc-section-end\"><\/span><\/h3>\n\n\n\n<p>Algunos art\u00edculos no son reembolsables:<\/p>\n\n\n\n<ul class=\"wp-block-list\">\n<li>Productos abiertos o usados.<\/li>\n\n\n\n<li>Art\u00edculos adquiridos en rebajas u ofertas especiales.<\/li>\n<\/ul>\n\n\n\n<h3 class=\"wp-block-heading\" id=\"h-so-beantragen-sie-eine-ruckerstattung\"><span class=\"ez-toc-section\" id=\"So_beantragen_Sie_eine_Ruckerstattung\"><\/span>C\u00f3mo solicitar el reembolso<span class=\"ez-toc-section-end\"><\/span><\/h3>\n\n\n\n<ol class=\"wp-block-list\">\n<li><strong>P\u00f3ngase en contacto con nosotros:<\/strong> Env\u00ede un correo electr\u00f3nico a nuestro equipo de atenci\u00f3n al cliente a support@ko-tropfen-kaufen.com con los datos de su pedido y el motivo del reembolso.<\/li>\n\n\n\n<li><strong>Autorizaci\u00f3n de devoluci\u00f3n:<\/strong> Nuestro equipo le enviar\u00e1 una autorizaci\u00f3n de devoluci\u00f3n e instrucciones sobre c\u00f3mo devolver el producto.<\/li>\n\n\n\n<li><strong>Enviar art\u00edculo:<\/strong> Env\u00edenos el art\u00edculo en su embalaje original junto con la autorizaci\u00f3n de devoluci\u00f3n.<\/li>\n<\/ol>\n\n\n\n<h3 class=\"wp-block-heading\" id=\"h-bearbeitung-ihrer-ruckerstattung\"><span class=\"ez-toc-section\" id=\"Bearbeitung_Ihrer_Ruckerstattung\"><\/span>Tramitaci\u00f3n del reembolso<span class=\"ez-toc-section-end\"><\/span><\/h3>\n\n\n\n<p>Una vez que hayamos recibido e inspeccionado el producto devuelto, se lo notificaremos por correo electr\u00f3nico. Si se aprueba su reembolso, se procesar\u00e1 y se aplicar\u00e1 un cr\u00e9dito a su m\u00e9todo de pago original en un plazo de 5-7 d\u00edas laborables.<\/p>\n\n\n\n<h3 class=\"wp-block-heading\" id=\"h-kontaktieren-sie-uns\"><span class=\"ez-toc-section\" id=\"Kontaktieren_Sie_uns\"><\/span>P\u00f3ngase en contacto con nosotros<span class=\"ez-toc-section-end\"><\/span><\/h3>\n\n\n\n<p>Si tiene alguna pregunta sobre nuestra pol\u00edtica de devoluciones, p\u00f3ngase en contacto con nuestro equipo de atenci\u00f3n al cliente en support@ko-tropfen-kaufen.com. Estamos aqu\u00ed para ayudarte y asegurarnos de que tu experiencia de compra sea satisfactoria.<\/p>\n\n\n\n<p>Gracias por comprar en Ko-Tropfen-Kaufen.com.<\/p>","protected":false},"excerpt":{"rendered":"<p>ko-tropfen-kaufen.com R\u00fcckgaberecht Bei Ko-Tropfen-Kaufen.com bem\u00fchen wir uns, sicherzustellen, dass unsere Kunden vollst\u00e4ndig zufrieden mit ihren Eink\u00e4ufen sind. Wenn Sie aus irgendeinem Grund nicht ganz zufrieden mit Ihrer Bestellung sind, hilft Ihnen unser R\u00fcckgaberecht weiter. 30-Tage-Geld-zur\u00fcck-Garantie Wir bieten eine 30-Tage-Geld-zur\u00fcck-Garantie auf alle unsere Produkte. Wenn Sie mit Ihrem Kauf nicht zufrieden sind, k\u00f6nnen Sie innerhalb von [&hellip;]<\/p>\n","protected":false},"author":2,"featured_media":0,"parent":0,"menu_order":0,"comment_status":"closed","ping_status":"closed","template":"","meta":{"footnotes":""},"class_list":["post-15715","page","type-page","status-publish","hentry"],"blocksy_meta":[],"jetpack_sharing_enabled":true,"_links":{"self":[{"href":"https:\/\/ko-tropfen-kaufen.com\/es\/wp-json\/wp\/v2\/pages\/15715","targetHints":{"allow":["GET"]}}],"collection":[{"href":"https:\/\/ko-tropfen-kaufen.com\/es\/wp-json\/wp\/v2\/pages"}],"about":[{"href":"https:\/\/ko-tropfen-kaufen.com\/es\/wp-json\/wp\/v2\/types\/page"}],"author":[{"embeddable":true,"href":"https:\/\/ko-tropfen-kaufen.com\/es\/wp-json\/wp\/v2\/users\/2"}],"replies":[{"embeddable":true,"href":"https:\/\/ko-tropfen-kaufen.com\/es\/wp-json\/wp\/v2\/comments?post=15715"}],"version-history":[{"count":1,"href":"https:\/\/ko-tropfen-kaufen.com\/es\/wp-json\/wp\/v2\/pages\/15715\/revisions"}],"predecessor-version":[{"id":15716,"href":"https:\/\/ko-tropfen-kaufen.com\/es\/wp-json\/wp\/v2\/pages\/15715\/revisions\/15716"}],"wp:attachment":[{"href":"https:\/\/ko-tropfen-kaufen.com\/es\/wp-json\/wp\/v2\/media?parent=15715"}],"curies":[{"name":"wp","href":"https:\/\/api.w.org\/{rel}","templated":true}]}}