{"id":15712,"date":"2024-11-25T20:10:01","date_gmt":"2024-11-25T20:10:01","guid":{"rendered":"https:\/\/ko-tropfen-kaufen.com\/?page_id=15712"},"modified":"2024-11-25T20:10:02","modified_gmt":"2024-11-25T20:10:02","slug":"informacion-legal-y-de-seguridad","status":"publish","type":"page","link":"https:\/\/ko-tropfen-kaufen.com\/es\/informacion-legal-y-de-seguridad\/","title":{"rendered":"Seguridad"},"content":{"rendered":"<p><a href=\"https:\/\/ko-tropfen-kaufen.com\/product\/gbl-kaufen-legal\/\">GBL<\/a> y <a href=\"https:\/\/ko-tropfen-kaufen.com\/product\/ghb-kaufen\/\">GHB<\/a> pueden ser sustancias peligrosas si no se manipulan adecuadamente.<\/p>\n\n\n\n<ul class=\"wp-block-list\">\n<li><strong>Da\u00f1os a la salud:<\/strong> Ambas sustancias pueden causar graves da\u00f1os a la salud, inconsciencia, depresi\u00f3n respiratoria e incluso la muerte si se toman de forma incorrecta.<\/li>\n\n\n\n<li><strong>Peligro de adicci\u00f3n:<\/strong> El GHB tiene un alto potencial adictivo y su consumo puede conducir r\u00e1pidamente a la dependencia.<\/li>\n\n\n\n<li><strong>Restricciones legales:<\/strong> La venta y posesi\u00f3n de GHB est\u00e1 estrictamente prohibida en Alemania en virtud de la Ley de Estupefacientes (BtMG). La GBL tambi\u00e9n est\u00e1 sujeta a control legal en funci\u00f3n del \u00e1mbito de aplicaci\u00f3n.<\/li>\n<\/ul>\n\n\n\n<p>\u00a1Inf\u00f3rmese antes de cada uso!<\/p>\n\n\n\n<h2 class=\"wp-block-heading\" id=\"h-rechtliche-aspekte\"><strong>Aspectos jur\u00eddicos<\/strong><\/h2>\n\n\n\n<ul class=\"wp-block-list\">\n<li><strong>Alemania:<\/strong> La venta y posesi\u00f3n de GHB no es legal (pero los traficantes siguen comprando y vendiendo GHB). La GBL est\u00e1 sujeta al anexo 2 de la Ordenanza sobre Sustancias Peligrosas (GefStoffV) y s\u00f3lo puede adquirirse y utilizarse con la correspondiente licencia.<\/li>\n\n\n\n<li><strong>Internacional:<\/strong> La situaci\u00f3n legal de la GBL y el GHB puede variar considerablemente en todo el mundo. Compruebe siempre la legislaci\u00f3n aplicable en su pa\u00eds antes de comprar o consumir GBL o GHB.<\/li>\n<\/ul>\n\n\n\n<p><strong>Si tiene alguna duda sobre la manipulaci\u00f3n de sustancias qu\u00edmicas peligrosas, p\u00f3ngase en contacto con un distribuidor especializado certificado o con un experto en productos qu\u00edmicos.<\/strong><\/p>\n\n\n\n<p><strong>Los siguientes recursos pueden ser \u00fatiles:<\/strong><\/p>\n\n\n\n<ul class=\"wp-block-list\">\n<li><strong>Instituto Federal de Seguridad y Salud en el Trabajo (BAUA):<\/strong> <a href=\"https:\/\/www.baua.de\/\" target=\"_blank\" rel=\"noreferrer noopener\">https:\/\/www.baua.de\/<\/a><\/li>\n\n\n\n<li><strong>Centro de toxicolog\u00eda:<\/strong> <a href=\"\/\/www.bvl.bund.de\/DE\/Arbeitsbereiche\/01_Lebensmittel\/03_Verbraucher\/09_InfektionenIntoxikationen\/02_Giftnotrufzentralen\/lm_LMVergiftung_giftnotrufzentralen_node.html\" target=\"_blank\" rel=\"noreferrer noopener\">https:\/\/www.bvl.bund.de\/DE\/Arbeitsbereiche\/01_Lebensmittel\/03_Verbraucher\/09_InfektionenIntoxikationen\/02_Giftnotrufzentralen\/lm_LMVergiftung_giftnotrufzentralen_node.html<\/a><\/li>\n<\/ul>\n\n\n\n<p><strong>Otras palabras clave relevantes:<\/strong> GBL, gamma-butirolactona, GHB, \u00e1cido gamma-hidroxibut\u00edrico, sustancias peligrosas, Ley de Estupefacientes (BtMG), Ordenanza sobre Sustancias Peligrosas (GefStoffV), situaci\u00f3n jur\u00eddica, da\u00f1os para la salud, riesgo de adicci\u00f3n.<\/p>","protected":false},"excerpt":{"rendered":"<p>GBL und GHB k\u00f6nnen gef\u00e4hrliche Stoffe sein, wenn sie nicht ordnungsgem\u00e4\u00df gehandhabt werden. Informieren Sie sich vor jeder Verwendung! Rechtliche Aspekte Wenn Sie Fragen zum Umgang mit gef\u00e4hrlichen chemischen Substanzen haben, wenden Sie sich bitte an einen zertifizierten Fachh\u00e4ndler oder eine chemische Sachverst\u00e4ndigen. Folgende Ressourcen k\u00f6nnen hilfreich sein: Andere relevante Keywords: GBL, Gamma-Butyrolacton, GHB, Gamma-Hydroxybutters\u00e4ure, [&hellip;]<\/p>\n","protected":false},"author":2,"featured_media":15713,"parent":0,"menu_order":0,"comment_status":"closed","ping_status":"closed","template":"","meta":{"footnotes":""},"class_list":["post-15712","page","type-page","status-publish","has-post-thumbnail","hentry"],"blocksy_meta":[],"jetpack_sharing_enabled":true,"_links":{"self":[{"href":"https:\/\/ko-tropfen-kaufen.com\/es\/wp-json\/wp\/v2\/pages\/15712","targetHints":{"allow":["GET"]}}],"collection":[{"href":"https:\/\/ko-tropfen-kaufen.com\/es\/wp-json\/wp\/v2\/pages"}],"about":[{"href":"https:\/\/ko-tropfen-kaufen.com\/es\/wp-json\/wp\/v2\/types\/page"}],"author":[{"embeddable":true,"href":"https:\/\/ko-tropfen-kaufen.com\/es\/wp-json\/wp\/v2\/users\/2"}],"replies":[{"embeddable":true,"href":"https:\/\/ko-tropfen-kaufen.com\/es\/wp-json\/wp\/v2\/comments?post=15712"}],"version-history":[{"count":1,"href":"https:\/\/ko-tropfen-kaufen.com\/es\/wp-json\/wp\/v2\/pages\/15712\/revisions"}],"predecessor-version":[{"id":15714,"href":"https:\/\/ko-tropfen-kaufen.com\/es\/wp-json\/wp\/v2\/pages\/15712\/revisions\/15714"}],"wp:featuredmedia":[{"embeddable":true,"href":"https:\/\/ko-tropfen-kaufen.com\/es\/wp-json\/wp\/v2\/media\/15713"}],"wp:attachment":[{"href":"https:\/\/ko-tropfen-kaufen.com\/es\/wp-json\/wp\/v2\/media?parent=15712"}],"curies":[{"name":"wp","href":"https:\/\/api.w.org\/{rel}","templated":true}]}}