{"id":15705,"date":"2024-11-25T20:57:41","date_gmt":"2024-11-25T19:57:41","guid":{"rendered":"https:\/\/ko-tropfen-kaufen.com\/?page_id=15705"},"modified":"2025-11-05T08:36:16","modified_gmt":"2025-11-05T07:36:16","slug":"que-es-gbl","status":"publish","type":"page","link":"https:\/\/ko-tropfen-kaufen.com\/es\/que-es-gbl\/","title":{"rendered":"Qu\u00e9 es la GBL"},"content":{"rendered":"<p>Qu\u00e9 es la GBL - La gamma-butirolactona (GBL) es un l\u00edquido incoloro e higrosc\u00f3pico conocido por su uso como disolvente industrial e intermediario qu\u00edmico.<\/p>\n\n\n\n<p>Tiene la f\u00f3rmula molecular C\u2084H\u2086O\u2082 y se caracteriza por un olor d\u00e9bil y un sabor amargo. La GBL es una lactona, un tipo de \u00e9ster c\u00edclico, y es un precursor del \u00e1cido gamma-hidroxibut\u00edrico (GHB).<\/p>\n\n\n\n<blockquote class=\"wp-block-quote is-layout-flow wp-block-quote-is-layout-flow\">\n<p>Otros nombres de GBL: liquid ecstasys, blue nitro, blue nitro vitality, ghb droge, g droge, gbl dosieren, renewtrient, fire water, gamma-g, gh revitaliser, remforce.<\/p>\n<\/blockquote>\n\n\n\n<div id=\"ez-toc-container\" class=\"ez-toc-v2_0_82_2 counter-hierarchy ez-toc-counter ez-toc-grey ez-toc-container-direction\">\n<div class=\"ez-toc-title-container\">\n<p class=\"ez-toc-title\" style=\"cursor:inherit\">\u00cdndice<\/p>\n<span class=\"ez-toc-title-toggle\"><a href=\"#\" class=\"ez-toc-pull-right ez-toc-btn ez-toc-btn-xs ez-toc-btn-default ez-toc-toggle\" aria-label=\"Alternar tabla de contenidos\"><span class=\"ez-toc-js-icon-con\"><span class=\"\"><span class=\"eztoc-hide\" style=\"display:none;\">Toggle<\/span><span class=\"ez-toc-icon-toggle-span\"><svg style=\"fill: #999;color:#999\" xmlns=\"http:\/\/www.w3.org\/2000\/svg\" class=\"list-377408\" width=\"20px\" height=\"20px\" viewbox=\"0 0 24 24\" fill=\"none\"><path d=\"M6 6H4v2h2V6zm14 0H8v2h12V6zM4 11h2v2H4v-2zm16 0H8v2h12v-2zM4 16h2v2H4v-2zm16 0H8v2h12v-2z\" fill=\"currentColor\"><\/path><\/svg><svg style=\"fill: #999;color:#999\" class=\"arrow-unsorted-368013\" xmlns=\"http:\/\/www.w3.org\/2000\/svg\" width=\"10px\" height=\"10px\" viewbox=\"0 0 24 24\" version=\"1.2\" baseprofile=\"tiny\"><path d=\"M18.2 9.3l-6.2-6.3-6.2 6.3c-.2.2-.3.4-.3.7s.1.5.3.7c.2.2.4.3.7.3h11c.3 0 .5-.1.7-.3.2-.2.3-.5.3-.7s-.1-.5-.3-.7zM5.8 14.7l6.2 6.3 6.2-6.3c.2-.2.3-.5.3-.7s-.1-.5-.3-.7c-.2-.2-.4-.3-.7-.3h-11c-.3 0-.5.1-.7.3-.2.2-.3.5-.3.7s.1.5.3.7z\"\/><\/svg><\/span><\/span><\/span><\/a><\/span><\/div>\n<nav><ul class='ez-toc-list ez-toc-list-level-1' ><li class='ez-toc-page-1 ez-toc-heading-level-2'><a class=\"ez-toc-link ez-toc-heading-1\" href=\"https:\/\/ko-tropfen-kaufen.com\/es\/que-es-gbl\/#Chemische_Eigenschaften_und_industrielle_Verwendung_von_Gamma-Butyrolacton\" >Propiedades qu\u00edmicas y uso industrial de la gamma-butirolactona<\/a><\/li><li class='ez-toc-page-1 ez-toc-heading-level-2'><a class=\"ez-toc-link ez-toc-heading-2\" href=\"https:\/\/ko-tropfen-kaufen.com\/es\/que-es-gbl\/#Andere_Verwendungen_von_GBL\" >Otros usos de GBL<\/a><\/li><li class='ez-toc-page-1 ez-toc-heading-level-2'><a class=\"ez-toc-link ez-toc-heading-3\" href=\"https:\/\/ko-tropfen-kaufen.com\/es\/que-es-gbl\/#Chemische_Reaktionen_von_GBL\" >Reacciones qu\u00edmicas de GBL<\/a><\/li><li class='ez-toc-page-1 ez-toc-heading-level-2'><a class=\"ez-toc-link ez-toc-heading-4\" href=\"https:\/\/ko-tropfen-kaufen.com\/es\/que-es-gbl\/#Regulierung_und_Rechtsstatus\" >Normativa y estatuto jur\u00eddico<\/a><\/li><li class='ez-toc-page-1 ez-toc-heading-level-2'><a class=\"ez-toc-link ez-toc-heading-5\" href=\"https:\/\/ko-tropfen-kaufen.com\/es\/que-es-gbl\/#Gesundheitliche_Auswirkungen_und_Risiken\" >Efectos y riesgos para la salud<\/a><\/li><li class='ez-toc-page-1 ez-toc-heading-level-2'><a class=\"ez-toc-link ez-toc-heading-6\" href=\"https:\/\/ko-tropfen-kaufen.com\/es\/que-es-gbl\/#Wo_kann_man_GBL_kaufen\" >\u00bfD\u00f3nde se puede comprar GBL?<\/a><\/li><\/ul><\/nav><\/div>\n<h2 class=\"wp-block-heading\" id=\"h-chemische-eigenschaften-und-industrielle-verwendung-von-gamma-butyrolacton\"><span class=\"ez-toc-section\" id=\"Chemische_Eigenschaften_und_industrielle_Verwendung_von_Gamma-Butyrolacton\"><\/span>Propiedades qu\u00edmicas y uso industrial de la gamma-butirolactona<span class=\"ez-toc-section-end\"><\/span><\/h2>\n\n\n\n<p>El GBL se produce industrialmente por deshidrogenaci\u00f3n del 1,4-butanodiol en presencia de un catalizador de cobre a temperaturas entre 180-300 \u00b0C.<\/p>\n\n\n\n<p>El rendimiento de este proceso es de aproximadamente 95 %, con purificaci\u00f3n por extracci\u00f3n en fase gaseosa l\u00edquida. GBL tambi\u00e9n se puede sintetizar en el laboratorio por oxidaci\u00f3n de tetrahidrofurano (THF) o por una reacci\u00f3n catalizada por lipasa con 4-hidroxibutirato (4-HB).<\/p>\n\n\n\n<p>La GBL tambi\u00e9n se utiliza como producto intermedio en la producci\u00f3n de otras sustancias qu\u00edmicas, como la N-metil-2-pirrolidona (NMP) y la pirrolidona, y en la s\u00edntesis de determinados productos farmac\u00e9uticos.<\/p>\n\n\n\n<h2 class=\"wp-block-heading\" id=\"h-andere-verwendungen-von-gbl\"><span class=\"ez-toc-section\" id=\"Andere_Verwendungen_von_GBL\"><\/span>Otros usos de GBL<span class=\"ez-toc-section-end\"><\/span><\/h2>\n\n\n\n<ul class=\"wp-block-list\">\n<li>Diluyente de color<\/li>\n\n\n\n<li>Productos de limpieza<\/li>\n\n\n\n<li>Eliminador de superpegamento<\/li>\n\n\n\n<li>Condensadores electrol\u00edticos<\/li>\n<\/ul>\n\n\n\n<h2 class=\"wp-block-heading\" id=\"h-chemische-reaktionen-von-gbl\"><span class=\"ez-toc-section\" id=\"Chemische_Reaktionen_von_GBL\"><\/span>Reacciones qu\u00edmicas de GBL<span class=\"ez-toc-section-end\"><\/span><\/h2>\n\n\n\n<p>La estructura qu\u00edmica de la GBL permite su hidr\u00f3lisis en \u00e1cido gamma-hidroxibut\u00edrico (GHB) en condiciones b\u00e1sicas. Esta propiedad ha hecho que la GBL se utilice para producir GHB, que es tanto un agente terap\u00e9utico como una sustancia de abuso. El proceso de conversi\u00f3n es sencillo, lo que convierte al GBL en un importante precursor para la s\u00edntesis de GHB.<\/p>\n\n\n\n<figure class=\"wp-block-image size-full\"><img data-recalc-dims=\"1\" fetchpriority=\"high\" decoding=\"async\" width=\"1024\" height=\"379\" src=\"https:\/\/i0.wp.com\/ko-tropfen-kaufen.com\/wp-content\/uploads\/2024\/11\/Gbl-Produktionsprozess-1024x379-1.png?resize=1024%2C379&#038;ssl=1\" alt=\"\" class=\"wp-image-15708\" srcset=\"https:\/\/i0.wp.com\/ko-tropfen-kaufen.com\/wp-content\/uploads\/2024\/11\/Gbl-Produktionsprozess-1024x379-1.png?w=1024&amp;ssl=1 1024w, https:\/\/i0.wp.com\/ko-tropfen-kaufen.com\/wp-content\/uploads\/2024\/11\/Gbl-Produktionsprozess-1024x379-1.png?resize=430%2C159&amp;ssl=1 430w, https:\/\/i0.wp.com\/ko-tropfen-kaufen.com\/wp-content\/uploads\/2024\/11\/Gbl-Produktionsprozess-1024x379-1.png?resize=700%2C259&amp;ssl=1 700w, https:\/\/i0.wp.com\/ko-tropfen-kaufen.com\/wp-content\/uploads\/2024\/11\/Gbl-Produktionsprozess-1024x379-1.png?resize=400%2C148&amp;ssl=1 400w, https:\/\/i0.wp.com\/ko-tropfen-kaufen.com\/wp-content\/uploads\/2024\/11\/Gbl-Produktionsprozess-1024x379-1.png?resize=768%2C284&amp;ssl=1 768w\" sizes=\"(max-width: 1024px) 100vw, 1024px\" \/><\/figure>\n\n\n\n<h2 class=\"wp-block-heading\" id=\"h-regulierung-und-rechtsstatus\"><span class=\"ez-toc-section\" id=\"Regulierung_und_Rechtsstatus\"><\/span>Normativa y estatuto jur\u00eddico<span class=\"ez-toc-section-end\"><\/span><\/h2>\n\n\n\n<p>La GBL est\u00e1 regulada por ley en muchos pa\u00edses, ya que puede ser objeto de abuso como droga recreativa al convertirse en GHB en el organismo. El GHB es conocido por sus efectos sedantes y euforizantes, que han hecho que se asocie a su consumo ilegal y a problemas de seguridad. Como consecuencia, el GBL suele estar controlado por las leyes sobre precursores de drogas y su venta y posesi\u00f3n pueden estar restringidas.<\/p>\n\n\n\n<h2 class=\"wp-block-heading\" id=\"h-gesundheitliche-auswirkungen-und-risiken\"><span class=\"ez-toc-section\" id=\"Gesundheitliche_Auswirkungen_und_Risiken\"><\/span>Efectos y riesgos para la salud<span class=\"ez-toc-section-end\"><\/span><\/h2>\n\n\n\n<p>El consumo de GBL puede provocar diversos efectos secundarios, como n\u00e1useas, dolores de cabeza, visi\u00f3n borrosa, taquicardia y aumento de la tensi\u00f3n arterial. El abuso a largo plazo puede provocar graves problemas de salud mental y f\u00edsica, como depresi\u00f3n, ansiedad e incluso psicosis. Por lo tanto, es crucial consumir GBL de forma responsable y de acuerdo con las directrices legales y de seguridad pertinentes.<\/p>\n\n\n\n<figure class=\"wp-block-image size-full is-resized\"><img data-recalc-dims=\"1\" decoding=\"async\" width=\"1024\" height=\"585\" src=\"https:\/\/i0.wp.com\/ko-tropfen-kaufen.com\/wp-content\/uploads\/2024\/11\/GBL-pharmacie-1024x585-1.jpg?resize=1024%2C585&#038;ssl=1\" alt=\"\" class=\"wp-image-15709\" style=\"width:1192px;height:auto\" srcset=\"https:\/\/i0.wp.com\/ko-tropfen-kaufen.com\/wp-content\/uploads\/2024\/11\/GBL-pharmacie-1024x585-1.jpg?w=1024&amp;ssl=1 1024w, https:\/\/i0.wp.com\/ko-tropfen-kaufen.com\/wp-content\/uploads\/2024\/11\/GBL-pharmacie-1024x585-1.jpg?resize=430%2C246&amp;ssl=1 430w, https:\/\/i0.wp.com\/ko-tropfen-kaufen.com\/wp-content\/uploads\/2024\/11\/GBL-pharmacie-1024x585-1.jpg?resize=700%2C400&amp;ssl=1 700w, https:\/\/i0.wp.com\/ko-tropfen-kaufen.com\/wp-content\/uploads\/2024\/11\/GBL-pharmacie-1024x585-1.jpg?resize=400%2C229&amp;ssl=1 400w, https:\/\/i0.wp.com\/ko-tropfen-kaufen.com\/wp-content\/uploads\/2024\/11\/GBL-pharmacie-1024x585-1.jpg?resize=768%2C439&amp;ssl=1 768w\" sizes=\"(max-width: 1024px) 100vw, 1024px\" \/><\/figure>\n\n\n\n<h2 class=\"wp-block-heading\" id=\"h-wo-kann-man-gbl-kaufen\"><span class=\"ez-toc-section\" id=\"Wo_kann_man_GBL_kaufen\"><\/span>\u00bfD\u00f3nde se puede comprar GBL?<span class=\"ez-toc-section-end\"><\/span><\/h2>\n\n\n\n<p>Si necesita GBL para fines industriales leg\u00edtimos, puede comprarla a varios proveedores. Entre las fuentes fiables se encuentran los proveedores especializados en productos qu\u00edmicos y los proveedores industriales. Al comprar GBL, aseg\u00farese siempre de cumplir la normativa local. Investigar a los proveedores y leer las rese\u00f1as puede ayudarle a asegurarse de que obtiene GBL de alta calidad para sus necesidades.<\/p>\n\n\n\n<ul class=\"wp-block-list\">\n<li><strong>GBL Clean Shop<\/strong>Esta tienda ofrece una variedad de productos GBL que se comercializan principalmente para fines de limpieza industrial, como limpieza de ruedas y aplicaciones con disolventes. La empresa pone gran \u00e9nfasis en la calidad y pureza de sus productos GBL y proporciona instrucciones detalladas de uso (GBL Clean Shop).<\/li>\n\n\n\n<li><strong>Tienda GBL<\/strong>Esta tienda es conocida por su amplia gama de productos GBL y ofrece opciones para varias cantidades, como 500 ml, 1 litro, 2 litros, 5 litros y m\u00e1s. Garantiza transacciones seguras y discretas y ofrece precios competitivos (<a href=\"https:\/\/ko-tropfen-kaufen.com\/serioser-gbl-shop\">Tienda GBL<\/a>).<\/li>\n\n\n\n<li><strong>Laboratorio de qu\u00edmica GBL<\/strong>GBL se vende en varias cantidades en este sitio web y se anuncia su uso para la limpieza industrial y como producto qu\u00edmico intermedio. Destacan su proceso de pedido seguro y sus opciones de env\u00edo r\u00e1pido (GBL Chem Lab).<\/li>\n<\/ul>\n\n\n\n<p>Se puede encontrar informaci\u00f3n m\u00e1s detallada en fuentes como Wikipedia y FineChemical.net (<a href=\"https:\/\/de.wikipedia.org\/wiki\/\u0393-Butyrolacton\" target=\"_blank\" rel=\"noopener\">Wikipedia<\/a>) (Anbu Chem).<\/p>\n\n\n\n<p>En resumen, la historia de la GBL se caracteriza por su doble papel como valioso disolvente industrial y precursor controlado del GHB, lo que refleja tanto su utilidad como la necesidad de regulaci\u00f3n para reducir su abuso.<\/p>","protected":false},"excerpt":{"rendered":"<p>Was ist GBL &#8211; Gamma-Butyrolacton (GBL) ist eine farblose, hygroskopische Fl\u00fcssigkeit, die f\u00fcr ihre Verwendung als industrielles L\u00f6sungsmittel und chemisches Zwischenprodukt bekannt ist. Es hat die Molekularformel C\u2084H\u2086O\u2082 und zeichnet sich durch einen schwachen Geruch und einen bitteren Geschmack aus. GBL ist ein Lacton, eine Art zyklischer Ester, und ist ein Vorl\u00e4ufer von Gamma-Hydroxybutters\u00e4ure (GHB). [&hellip;]<\/p>\n","protected":false},"author":2,"featured_media":0,"parent":0,"menu_order":0,"comment_status":"closed","ping_status":"closed","template":"","meta":{"footnotes":""},"class_list":["post-15705","page","type-page","status-publish","hentry"],"blocksy_meta":[],"jetpack_sharing_enabled":true,"_links":{"self":[{"href":"https:\/\/ko-tropfen-kaufen.com\/es\/wp-json\/wp\/v2\/pages\/15705","targetHints":{"allow":["GET"]}}],"collection":[{"href":"https:\/\/ko-tropfen-kaufen.com\/es\/wp-json\/wp\/v2\/pages"}],"about":[{"href":"https:\/\/ko-tropfen-kaufen.com\/es\/wp-json\/wp\/v2\/types\/page"}],"author":[{"embeddable":true,"href":"https:\/\/ko-tropfen-kaufen.com\/es\/wp-json\/wp\/v2\/users\/2"}],"replies":[{"embeddable":true,"href":"https:\/\/ko-tropfen-kaufen.com\/es\/wp-json\/wp\/v2\/comments?post=15705"}],"version-history":[{"count":2,"href":"https:\/\/ko-tropfen-kaufen.com\/es\/wp-json\/wp\/v2\/pages\/15705\/revisions"}],"predecessor-version":[{"id":15831,"href":"https:\/\/ko-tropfen-kaufen.com\/es\/wp-json\/wp\/v2\/pages\/15705\/revisions\/15831"}],"wp:attachment":[{"href":"https:\/\/ko-tropfen-kaufen.com\/es\/wp-json\/wp\/v2\/media?parent=15705"}],"curies":[{"name":"wp","href":"https:\/\/api.w.org\/{rel}","templated":true}]}}