{"id":15722,"date":"2024-11-25T21:49:01","date_gmt":"2024-11-25T20:49:01","guid":{"rendered":"https:\/\/ko-tropfen-kaufen.com\/?page_id=15722"},"modified":"2025-11-24T16:12:30","modified_gmt":"2025-11-24T15:12:30","slug":"%ce%b5%cf%86%ce%b1%cf%81%ce%bc%ce%bf%ce%b3%ce%ad%cf%82-%cf%84%cf%89%ce%bd-gbl-%ce%ba%ce%b1%ce%b9-ghb","status":"publish","type":"page","link":"https:\/\/ko-tropfen-kaufen.com\/el\/%ce%b5%cf%86%ce%b1%cf%81%ce%bc%ce%bf%ce%b3%ce%ad%cf%82-%cf%84%cf%89%ce%bd-gbl-%ce%ba%ce%b1%ce%b9-ghb\/","title":{"rendered":"\u0395\u03c6\u03b1\u03c1\u03bc\u03bf\u03b3\u03ad\u03c2"},"content":{"rendered":"\n<div id=\"ez-toc-container\" class=\"ez-toc-v2_0_82_2 counter-hierarchy ez-toc-counter ez-toc-grey ez-toc-container-direction\">\n<div class=\"ez-toc-title-container\">\n<p class=\"ez-toc-title\" style=\"cursor:inherit\">Table of Contents<\/p>\n<span class=\"ez-toc-title-toggle\"><a href=\"#\" class=\"ez-toc-pull-right ez-toc-btn ez-toc-btn-xs ez-toc-btn-default ez-toc-toggle\" aria-label=\"Toggle Table of Content\"><span class=\"ez-toc-js-icon-con\"><span class=\"\"><span class=\"eztoc-hide\" style=\"display:none;\">Toggle<\/span><span class=\"ez-toc-icon-toggle-span\"><svg style=\"fill: #999;color:#999\" xmlns=\"http:\/\/www.w3.org\/2000\/svg\" class=\"list-377408\" width=\"20px\" height=\"20px\" viewBox=\"0 0 24 24\" fill=\"none\"><path d=\"M6 6H4v2h2V6zm14 0H8v2h12V6zM4 11h2v2H4v-2zm16 0H8v2h12v-2zM4 16h2v2H4v-2zm16 0H8v2h12v-2z\" fill=\"currentColor\"><\/path><\/svg><svg style=\"fill: #999;color:#999\" class=\"arrow-unsorted-368013\" xmlns=\"http:\/\/www.w3.org\/2000\/svg\" width=\"10px\" height=\"10px\" viewBox=\"0 0 24 24\" version=\"1.2\" baseProfile=\"tiny\"><path d=\"M18.2 9.3l-6.2-6.3-6.2 6.3c-.2.2-.3.4-.3.7s.1.5.3.7c.2.2.4.3.7.3h11c.3 0 .5-.1.7-.3.2-.2.3-.5.3-.7s-.1-.5-.3-.7zM5.8 14.7l6.2 6.3 6.2-6.3c.2-.2.3-.5.3-.7s-.1-.5-.3-.7c-.2-.2-.4-.3-.7-.3h-11c-.3 0-.5.1-.7.3-.2.2-.3.5-.3.7s.1.5.3.7z\"\/><\/svg><\/span><\/span><\/span><\/a><\/span><\/div>\n<nav><ul class='ez-toc-list ez-toc-list-level-1 ' ><li class='ez-toc-page-1 ez-toc-heading-level-1'><a class=\"ez-toc-link ez-toc-heading-1\" href=\"https:\/\/ko-tropfen-kaufen.com\/el\/%ce%b5%cf%86%ce%b1%cf%81%ce%bc%ce%bf%ce%b3%ce%ad%cf%82-%cf%84%cf%89%ce%bd-gbl-%ce%ba%ce%b1%ce%b9-ghb\/#Anwendungen_von_GBL_GHB_%E2%80%93_Industrielle_und_Forschungseinsatze\" >Anwendungen von GBL &amp; GHB \u2013 Industrielle und Forschungseins\u00e4tze<\/a><ul class='ez-toc-list-level-2' ><li class='ez-toc-heading-level-2'><a class=\"ez-toc-link ez-toc-heading-2\" href=\"https:\/\/ko-tropfen-kaufen.com\/el\/%ce%b5%cf%86%ce%b1%cf%81%ce%bc%ce%bf%ce%b3%ce%ad%cf%82-%cf%84%cf%89%ce%bd-gbl-%ce%ba%ce%b1%ce%b9-ghb\/#Haftungsausschluss\" >Haftungsausschluss:<\/a><\/li><li class='ez-toc-page-1 ez-toc-heading-level-2'><a class=\"ez-toc-link ez-toc-heading-3\" href=\"https:\/\/ko-tropfen-kaufen.com\/el\/%ce%b5%cf%86%ce%b1%cf%81%ce%bc%ce%bf%ce%b3%ce%ad%cf%82-%cf%84%cf%89%ce%bd-gbl-%ce%ba%ce%b1%ce%b9-ghb\/#Bitte_beachten_Sie\" >Bitte beachten Sie:<\/a><\/li><li class='ez-toc-page-1 ez-toc-heading-level-2'><a class=\"ez-toc-link ez-toc-heading-4\" href=\"https:\/\/ko-tropfen-kaufen.com\/el\/%ce%b5%cf%86%ce%b1%cf%81%ce%bc%ce%bf%ce%b3%ce%ad%cf%82-%cf%84%cf%89%ce%bd-gbl-%ce%ba%ce%b1%ce%b9-ghb\/#Zusatzliche_Ressourcen\" >Zus\u00e4tzliche Ressourcen:<\/a><\/li><\/ul><\/li><\/ul><\/nav><\/div>\n<h1 class=\"wp-block-heading\" id=\"h-anwendungen-von-gbl-amp-ghb-industrielle-und-forschungseinsatze\"><span class=\"ez-toc-section\" id=\"Anwendungen_von_GBL_GHB_%E2%80%93_Industrielle_und_Forschungseinsatze\"><\/span>Anwendungen von GBL &amp; GHB \u2013 Industrielle und Forschungseins\u00e4tze<span class=\"ez-toc-section-end\"><\/span><\/h1>\n\n\n\n<p><a href=\"https:\/\/ko-tropfen-kaufen.com\/\">ko-tropfen-kaufen.com<\/a> wei\u00df, dass GBL und GHB Chemikalien mit verschiedenen industriellen und wissenschaftlichen Anwendungen sind. Wir <strong>verkaufen diese Stoffe jedoch nicht<\/strong> und diese Informationen dienen nur zu Ausbildungszwecken.<\/p>\n\n\n\n<p><strong>GBL (<a href=\"https:\/\/ko-tropfen-kaufen.com\/product\/gbl-kaufen-legal\/\">Gamma-Butyrolacton<\/a>)<\/strong> ist ein vielseitiges industrielles L\u00f6sungsmittel mit einem breiten Anwendungsspektrum. Hier einige wichtige Bereiche:<\/p>\n\n\n\n<ul class=\"wp-block-list\">\n<li><strong>Industrielle Reinigung:<\/strong> Das starke L\u00f6sungsverm\u00f6gen von GBL macht es ideal zum Reinigen von Leiterplatten, zum Entfernen von Farbe und Flecken und sogar zum Entfernen von Nagellack.<\/li>\n\n\n\n<li><strong>Chemische Synthese:<\/strong> GBL dient als Zwischenprodukt bei der Herstellung verschiedener Chemikalien, einschlie\u00dflich Pyrrolidonen, die in industriellen Prozessen weit verbreitet sind.<\/li>\n\n\n\n<li><strong>Pharmazeutische Industrie:<\/strong> Es gibt begrenzte pharmazeutische Anwendungen von GHB, die Forschung l\u00e4uft jedoch weiter.<\/li>\n<\/ul>\n\n\n\n<p><strong>GHB (<a href=\"https:\/\/ko-tropfen-kaufen.com\/product\/ghb-kaufen\/\">Gamma-Hydroxybutyric acid<\/a>)<\/strong> hat einige Forschungsanwendungen, aber es ist wichtig zu beachten, dass es in vielen L\u00e4ndern eine <strong>kontrollierte Substanz<\/strong> ist. Hier ein kurzer \u00dcberblick \u00fcber sein Forschungspotenzial:<\/p>\n\n\n\n<ul class=\"wp-block-list\">\n<li><strong>Neurowissenschaftliche Forschung:<\/strong> Die Auswirkungen von GHB auf das Nervensystem sind f\u00fcr Forscher von Interesse, die sich mit Schlaf, Narkose und neurologischen Erkrankungen befassen.<\/li>\n\n\n\n<li><strong>Stoffwechselstudien:<\/strong> Die Forschung untersucht die Rolle von GHB als nat\u00fcrlich vorkommenden Neurotransmitter im K\u00f6rper.<\/li>\n<\/ul>\n\n\n\n<figure class=\"wp-block-image\"><img data-recalc-dims=\"1\" height=\"576\" width=\"1024\" decoding=\"async\" src=\"https:\/\/i0.wp.com\/ko-tropfen-kaufen.com\/wp-content\/uploads\/2024\/05\/Anwendungen-von-GBL-und-GHB-Verwendung-in-Industrie-und-Forschung-1024x576.jpg?resize=1024%2C576&#038;ssl=1\" alt=\"Anwendungen von GBL und GHB\" class=\"wp-image-1474\" title=\"Anwendungen\"\/><\/figure>\n\n\n\n<h2 class=\"wp-block-heading\" id=\"h-haftungsausschluss\"><span class=\"ez-toc-section\" id=\"Haftungsausschluss\"><\/span><strong>Haftungsausschluss:<\/strong><span class=\"ez-toc-section-end\"><\/span><\/h2>\n\n\n\n<p>ko-tropfen-kaufen.com wirbt nicht f\u00fcr den Verkauf oder die Verwendung von GBL oder GHB au\u00dferhalb von regulierten Forschungs- und Industrieanwendungen und duldet dies auch nicht. Diese Chemikalien k\u00f6nnen gef\u00e4hrlich sein und sollten nur von geschultem Personal gehandhabt werden.<\/p>\n\n\n\n<h2 class=\"wp-block-heading\" id=\"h-bitte-beachten-sie\"><span class=\"ez-toc-section\" id=\"Bitte_beachten_Sie\"><\/span><strong>Bitte beachten Sie:<\/strong><span class=\"ez-toc-section-end\"><\/span><\/h2>\n\n\n\n<p>Diese Informationen dienen nur zu Ausbildungszwecken und sollten nicht als Ersatz f\u00fcr professionelle Beratung ausgelegt werden. Wenden Sie sich vor der Handhabung oder Verwendung chemischer Substanzen immer an einen qualifizierten Fachmann.<\/p>\n\n\n\n<h2 class=\"wp-block-heading\" id=\"h-zusatzliche-ressourcen\"><span class=\"ez-toc-section\" id=\"Zusatzliche_Ressourcen\"><\/span><strong>Zus\u00e4tzliche Ressourcen:<\/strong><span class=\"ez-toc-section-end\"><\/span><\/h2>\n\n\n\n<ul class=\"wp-block-list\">\n<li>[Bundesinstitut f\u00fcr Risikobewertung](<a href=\"https:\/\/www.bfr.bund.de\/\" target=\"_blank\" rel=\"noreferrer noopener\">https:\/\/www.bfr.bund.de\/<\/a><\/li>\n\n\n\n<li>[Gesellschaft Deutscher Chemiker](<a href=\"https:\/\/www.gdch.de\/\" target=\"_blank\" rel=\"noreferrer noopener\">https:\/\/www.gdch.de\/<\/a><\/li>\n<\/ul>\n\n\n\n<p><strong>Andere relevante Keywords:<\/strong> GBL, Gamma-Butyrolacton, GHB, Gamma-Hydroxybutters\u00e4ure, industrielle Reinigung, chemische Synthese, neurowissenschaftliche Forschung, Stoffwechselstudien.<\/p>\n","protected":false},"excerpt":{"rendered":"<p>Anwendungen von GBL &amp; GHB \u2013 Industrielle und Forschungseins\u00e4tze ko-tropfen-kaufen.com wei\u00df, dass GBL und GHB Chemikalien mit verschiedenen industriellen und wissenschaftlichen Anwendungen sind. Wir verkaufen diese Stoffe jedoch nicht und diese Informationen dienen nur zu Ausbildungszwecken. GBL (Gamma-Butyrolacton) ist ein vielseitiges industrielles L\u00f6sungsmittel mit einem breiten Anwendungsspektrum. Hier einige wichtige Bereiche: GHB (Gamma-Hydroxybutyric acid) hat [&hellip;]<\/p>\n","protected":false},"author":2,"featured_media":0,"parent":0,"menu_order":0,"comment_status":"closed","ping_status":"closed","template":"","meta":{"footnotes":""},"class_list":["post-15722","page","type-page","status-publish","hentry"],"blocksy_meta":[],"jetpack_sharing_enabled":true,"_links":{"self":[{"href":"https:\/\/ko-tropfen-kaufen.com\/el\/wp-json\/wp\/v2\/pages\/15722","targetHints":{"allow":["GET"]}}],"collection":[{"href":"https:\/\/ko-tropfen-kaufen.com\/el\/wp-json\/wp\/v2\/pages"}],"about":[{"href":"https:\/\/ko-tropfen-kaufen.com\/el\/wp-json\/wp\/v2\/types\/page"}],"author":[{"embeddable":true,"href":"https:\/\/ko-tropfen-kaufen.com\/el\/wp-json\/wp\/v2\/users\/2"}],"replies":[{"embeddable":true,"href":"https:\/\/ko-tropfen-kaufen.com\/el\/wp-json\/wp\/v2\/comments?post=15722"}],"version-history":[{"count":1,"href":"https:\/\/ko-tropfen-kaufen.com\/el\/wp-json\/wp\/v2\/pages\/15722\/revisions"}],"predecessor-version":[{"id":15724,"href":"https:\/\/ko-tropfen-kaufen.com\/el\/wp-json\/wp\/v2\/pages\/15722\/revisions\/15724"}],"wp:attachment":[{"href":"https:\/\/ko-tropfen-kaufen.com\/el\/wp-json\/wp\/v2\/media?parent=15722"}],"curies":[{"name":"wp","href":"https:\/\/api.w.org\/{rel}","templated":true}]}}