{"id":15715,"date":"2024-11-25T20:20:18","date_gmt":"2024-11-25T20:20:18","guid":{"rendered":"https:\/\/ko-tropfen-kaufen.com\/?page_id=15715"},"modified":"2024-11-28T18:29:42","modified_gmt":"2024-11-28T18:29:42","slug":"%ce%b4%ce%b9%ce%ba%ce%b1%ce%af%cf%89%ce%bc%ce%b1-%ce%b5%cf%80%ce%b9%cf%83%cf%84%cf%81%ce%bf%cf%86%ce%ae%cf%82","status":"publish","type":"page","link":"https:\/\/ko-tropfen-kaufen.com\/el\/%ce%b4%ce%b9%ce%ba%ce%b1%ce%af%cf%89%ce%bc%ce%b1-%ce%b5%cf%80%ce%b9%cf%83%cf%84%cf%81%ce%bf%cf%86%ce%ae%cf%82\/","title":{"rendered":"\u0394\u03b9\u03ba\u03b1\u03af\u03c9\u03bc\u03b1 \u03b5\u03c0\u03b9\u03c3\u03c4\u03c1\u03bf\u03c6\u03ae\u03c2"},"content":{"rendered":"<div id=\"ez-toc-container\" class=\"ez-toc-v2_0_82_2 counter-hierarchy ez-toc-counter ez-toc-grey ez-toc-container-direction\">\n<div class=\"ez-toc-title-container\">\n<p class=\"ez-toc-title\" style=\"cursor:inherit\">\u03a0\u03af\u03bd\u03b1\u03ba\u03b1\u03c2 \u03c0\u03b5\u03c1\u03b9\u03b5\u03c7\u03bf\u03bc\u03ad\u03bd\u03c9\u03bd<\/p>\n<span class=\"ez-toc-title-toggle\"><a href=\"#\" class=\"ez-toc-pull-right ez-toc-btn ez-toc-btn-xs ez-toc-btn-default ez-toc-toggle\" aria-label=\"\u0395\u03bd\u03b1\u03bb\u03bb\u03b1\u03b3\u03ae \u03a0\u03af\u03bd\u03b1\u03ba\u03b1 \u03c0\u03b5\u03c1\u03b9\u03b5\u03c7\u03bf\u03bc\u03ad\u03bd\u03bf\u03c5\"><span class=\"ez-toc-js-icon-con\"><span class=\"\"><span class=\"eztoc-hide\" style=\"display:none;\">\u0395\u03bd\u03b1\u03bb\u03bb\u03b1\u03b3\u03ae<\/span><span class=\"ez-toc-icon-toggle-span\"><svg style=\"fill: #999;color:#999\" xmlns=\"http:\/\/www.w3.org\/2000\/svg\" class=\"list-377408\" width=\"20px\" height=\"20px\" viewbox=\"0 0 24 24\" fill=\"none\"><path d=\"M6 6H4v2h2V6zm14 0H8v2h12V6zM4 11h2v2H4v-2zm16 0H8v2h12v-2zM4 16h2v2H4v-2zm16 0H8v2h12v-2z\" fill=\"currentColor\"><\/path><\/svg><svg style=\"fill: #999;color:#999\" class=\"arrow-unsorted-368013\" xmlns=\"http:\/\/www.w3.org\/2000\/svg\" width=\"10px\" height=\"10px\" viewbox=\"0 0 24 24\" version=\"1.2\" baseprofile=\"tiny\"><path d=\"M18.2 9.3l-6.2-6.3-6.2 6.3c-.2.2-.3.4-.3.7s.1.5.3.7c.2.2.4.3.7.3h11c.3 0 .5-.1.7-.3.2-.2.3-.5.3-.7s-.1-.5-.3-.7zM5.8 14.7l6.2 6.3 6.2-6.3c.2-.2.3-.5.3-.7s-.1-.5-.3-.7c-.2-.2-.4-.3-.7-.3h-11c-.3 0-.5.1-.7.3-.2.2-.3.5-.3.7s.1.5.3.7z\"\/><\/svg><\/span><\/span><\/span><\/a><\/span><\/div>\n<nav><ul class='ez-toc-list ez-toc-list-level-1' ><li class='ez-toc-page-1 ez-toc-heading-level-2'><a class=\"ez-toc-link ez-toc-heading-1\" href=\"https:\/\/ko-tropfen-kaufen.com\/el\/%ce%b4%ce%b9%ce%ba%ce%b1%ce%af%cf%89%ce%bc%ce%b1-%ce%b5%cf%80%ce%b9%cf%83%cf%84%cf%81%ce%bf%cf%86%ce%ae%cf%82\/#ko-tropfen-kaufencom_Ruckgaberecht\" >ko-tropfen-kaufen.com \u0394\u03b9\u03ba\u03b1\u03af\u03c9\u03bc\u03b1 \u03b5\u03c0\u03b9\u03c3\u03c4\u03c1\u03bf\u03c6\u03ae\u03c2<\/a><ul class='ez-toc-list-level-3' ><li class='ez-toc-heading-level-3'><a class=\"ez-toc-link ez-toc-heading-2\" href=\"https:\/\/ko-tropfen-kaufen.com\/el\/%ce%b4%ce%b9%ce%ba%ce%b1%ce%af%cf%89%ce%bc%ce%b1-%ce%b5%cf%80%ce%b9%cf%83%cf%84%cf%81%ce%bf%cf%86%ce%ae%cf%82\/#30-Tage-Geld-zuruck-Garantie\" >\u0395\u03b3\u03b3\u03cd\u03b7\u03c3\u03b7 \u03b5\u03c0\u03b9\u03c3\u03c4\u03c1\u03bf\u03c6\u03ae\u03c2 \u03c7\u03c1\u03b7\u03bc\u03ac\u03c4\u03c9\u03bd 30 \u03b7\u03bc\u03b5\u03c1\u03ce\u03bd<\/a><\/li><li class='ez-toc-page-1 ez-toc-heading-level-3'><a class=\"ez-toc-link ez-toc-heading-3\" href=\"https:\/\/ko-tropfen-kaufen.com\/el\/%ce%b4%ce%b9%ce%ba%ce%b1%ce%af%cf%89%ce%bc%ce%b1-%ce%b5%cf%80%ce%b9%cf%83%cf%84%cf%81%ce%bf%cf%86%ce%ae%cf%82\/#Voraussetzungen_fur_eine_Ruckerstattung\" >\u03a0\u03c1\u03bf\u03cb\u03c0\u03bf\u03b8\u03ad\u03c3\u03b5\u03b9\u03c2 \u03b3\u03b9\u03b1 \u03b5\u03c0\u03b9\u03c3\u03c4\u03c1\u03bf\u03c6\u03ae \u03c7\u03c1\u03b7\u03bc\u03ac\u03c4\u03c9\u03bd<\/a><\/li><li class='ez-toc-page-1 ez-toc-heading-level-3'><a class=\"ez-toc-link ez-toc-heading-4\" href=\"https:\/\/ko-tropfen-kaufen.com\/el\/%ce%b4%ce%b9%ce%ba%ce%b1%ce%af%cf%89%ce%bc%ce%b1-%ce%b5%cf%80%ce%b9%cf%83%cf%84%cf%81%ce%bf%cf%86%ce%ae%cf%82\/#Nicht_erstattungsfahige_Artikel\" >\u039c\u03b7 \u03b5\u03c0\u03b9\u03c3\u03c4\u03c1\u03b5\u03c0\u03c4\u03ad\u03b1 \u03c3\u03c4\u03bf\u03b9\u03c7\u03b5\u03af\u03b1<\/a><\/li><li class='ez-toc-page-1 ez-toc-heading-level-3'><a class=\"ez-toc-link ez-toc-heading-5\" href=\"https:\/\/ko-tropfen-kaufen.com\/el\/%ce%b4%ce%b9%ce%ba%ce%b1%ce%af%cf%89%ce%bc%ce%b1-%ce%b5%cf%80%ce%b9%cf%83%cf%84%cf%81%ce%bf%cf%86%ce%ae%cf%82\/#So_beantragen_Sie_eine_Ruckerstattung\" >\u03a0\u03ce\u03c2 \u03bd\u03b1 \u03c5\u03c0\u03bf\u03b2\u03ac\u03bb\u03b5\u03c4\u03b5 \u03b1\u03af\u03c4\u03b7\u03c3\u03b7 \u03b3\u03b9\u03b1 \u03b5\u03c0\u03b9\u03c3\u03c4\u03c1\u03bf\u03c6\u03ae \u03c7\u03c1\u03b7\u03bc\u03ac\u03c4\u03c9\u03bd<\/a><\/li><li class='ez-toc-page-1 ez-toc-heading-level-3'><a class=\"ez-toc-link ez-toc-heading-6\" href=\"https:\/\/ko-tropfen-kaufen.com\/el\/%ce%b4%ce%b9%ce%ba%ce%b1%ce%af%cf%89%ce%bc%ce%b1-%ce%b5%cf%80%ce%b9%cf%83%cf%84%cf%81%ce%bf%cf%86%ce%ae%cf%82\/#Bearbeitung_Ihrer_Ruckerstattung\" >\u0395\u03c0\u03b5\u03be\u03b5\u03c1\u03b3\u03b1\u03c3\u03af\u03b1 \u03c4\u03b7\u03c2 \u03b5\u03c0\u03b9\u03c3\u03c4\u03c1\u03bf\u03c6\u03ae\u03c2 \u03c3\u03b1\u03c2<\/a><\/li><li class='ez-toc-page-1 ez-toc-heading-level-3'><a class=\"ez-toc-link ez-toc-heading-7\" href=\"https:\/\/ko-tropfen-kaufen.com\/el\/%ce%b4%ce%b9%ce%ba%ce%b1%ce%af%cf%89%ce%bc%ce%b1-%ce%b5%cf%80%ce%b9%cf%83%cf%84%cf%81%ce%bf%cf%86%ce%ae%cf%82\/#Kontaktieren_Sie_uns\" >\u0395\u03c0\u03b9\u03ba\u03bf\u03b9\u03bd\u03c9\u03bd\u03ae\u03c3\u03c4\u03b5 \u03bc\u03b1\u03b6\u03af \u03bc\u03b1\u03c2<\/a><\/li><\/ul><\/li><\/ul><\/nav><\/div>\n<h2 class=\"wp-block-heading\" id=\"h-ko-tropfen-kaufen-com-ruckgaberecht\"><span class=\"ez-toc-section\" id=\"ko-tropfen-kaufencom_Ruckgaberecht\"><\/span>ko-tropfen-kaufen.com \u0394\u03b9\u03ba\u03b1\u03af\u03c9\u03bc\u03b1 \u03b5\u03c0\u03b9\u03c3\u03c4\u03c1\u03bf\u03c6\u03ae\u03c2<span class=\"ez-toc-section-end\"><\/span><\/h2>\n\n\n\n<p>\u039c\u03b5 <a href=\"https:\/\/ko-tropfen-kaufen.com?v=820eb5b696ea\">\u0391\u03b3\u03bf\u03c1\u03ac\u03c3\u03c4\u03b5-co-drops.com<\/a> \u03c0\u03c1\u03bf\u03c3\u03c0\u03b1\u03b8\u03bf\u03cd\u03bc\u03b5 \u03bd\u03b1 \u03b4\u03b9\u03b1\u03c3\u03c6\u03b1\u03bb\u03af\u03c3\u03bf\u03c5\u03bc\u03b5 \u03cc\u03c4\u03b9 \u03bf\u03b9 \u03c0\u03b5\u03bb\u03ac\u03c4\u03b5\u03c2 \u03bc\u03b1\u03c2 \u03b5\u03af\u03bd\u03b1\u03b9 \u03b1\u03c0\u03cc\u03bb\u03c5\u03c4\u03b1 \u03b9\u03ba\u03b1\u03bd\u03bf\u03c0\u03bf\u03b9\u03b7\u03bc\u03ad\u03bd\u03bf\u03b9 \u03bc\u03b5 \u03c4\u03b9\u03c2 \u03b1\u03b3\u03bf\u03c1\u03ad\u03c2 \u03c4\u03bf\u03c5\u03c2. \u0395\u03ac\u03bd \u03b3\u03b9\u03b1 \u03bf\u03c0\u03bf\u03b9\u03bf\u03bd\u03b4\u03ae\u03c0\u03bf\u03c4\u03b5 \u03bb\u03cc\u03b3\u03bf \u03b4\u03b5\u03bd \u03b5\u03af\u03c3\u03c4\u03b5 \u03b1\u03c0\u03cc\u03bb\u03c5\u03c4\u03b1 \u03b9\u03ba\u03b1\u03bd\u03bf\u03c0\u03bf\u03b9\u03b7\u03bc\u03ad\u03bd\u03bf\u03b9 \u03bc\u03b5 \u03c4\u03b7\u03bd \u03c0\u03b1\u03c1\u03b1\u03b3\u03b3\u03b5\u03bb\u03af\u03b1 \u03c3\u03b1\u03c2, \u03b7 \u03c0\u03bf\u03bb\u03b9\u03c4\u03b9\u03ba\u03ae \u03b5\u03c0\u03b9\u03c3\u03c4\u03c1\u03bf\u03c6\u03ce\u03bd \u03bc\u03b1\u03c2 \u03b8\u03b1 \u03c3\u03b1\u03c2 \u03b2\u03bf\u03b7\u03b8\u03ae\u03c3\u03b5\u03b9.<\/p>\n\n\n\n<h3 class=\"wp-block-heading\" id=\"h-30-tage-geld-zuruck-garantie\"><span class=\"ez-toc-section\" id=\"30-Tage-Geld-zuruck-Garantie\"><\/span>\u0395\u03b3\u03b3\u03cd\u03b7\u03c3\u03b7 \u03b5\u03c0\u03b9\u03c3\u03c4\u03c1\u03bf\u03c6\u03ae\u03c2 \u03c7\u03c1\u03b7\u03bc\u03ac\u03c4\u03c9\u03bd 30 \u03b7\u03bc\u03b5\u03c1\u03ce\u03bd<span class=\"ez-toc-section-end\"><\/span><\/h3>\n\n\n\n<p>\u03a0\u03c1\u03bf\u03c3\u03c6\u03ad\u03c1\u03bf\u03c5\u03bc\u03b5 \u03b5\u03b3\u03b3\u03cd\u03b7\u03c3\u03b7 \u03b5\u03c0\u03b9\u03c3\u03c4\u03c1\u03bf\u03c6\u03ae\u03c2 \u03c7\u03c1\u03b7\u03bc\u03ac\u03c4\u03c9\u03bd 30 \u03b7\u03bc\u03b5\u03c1\u03ce\u03bd \u03b3\u03b9\u03b1 \u03cc\u03bb\u03b1 \u03c4\u03b1 \u03c0\u03c1\u03bf\u03ca\u03cc\u03bd\u03c4\u03b1 \u03bc\u03b1\u03c2. \u0395\u03ac\u03bd \u03b4\u03b5\u03bd \u03b5\u03af\u03c3\u03c4\u03b5 \u03b9\u03ba\u03b1\u03bd\u03bf\u03c0\u03bf\u03b9\u03b7\u03bc\u03ad\u03bd\u03bf\u03b9 \u03bc\u03b5 \u03c4\u03b7\u03bd \u03b1\u03b3\u03bf\u03c1\u03ac \u03c3\u03b1\u03c2, \u03bc\u03c0\u03bf\u03c1\u03b5\u03af\u03c4\u03b5 \u03bd\u03b1 \u03b6\u03b7\u03c4\u03ae\u03c3\u03b5\u03c4\u03b5 \u03b5\u03c0\u03b9\u03c3\u03c4\u03c1\u03bf\u03c6\u03ae \u03c7\u03c1\u03b7\u03bc\u03ac\u03c4\u03c9\u03bd \u03b5\u03bd\u03c4\u03cc\u03c2 30 \u03b7\u03bc\u03b5\u03c1\u03ce\u03bd \u03b1\u03c0\u03cc \u03c4\u03b7\u03bd \u03b7\u03bc\u03b5\u03c1\u03bf\u03bc\u03b7\u03bd\u03af\u03b1 \u03b1\u03b3\u03bf\u03c1\u03ac\u03c2.<\/p>\n\n\n\n<h3 class=\"wp-block-heading\" id=\"h-voraussetzungen-fur-eine-ruckerstattung\"><span class=\"ez-toc-section\" id=\"Voraussetzungen_fur_eine_Ruckerstattung\"><\/span>\u03a0\u03c1\u03bf\u03cb\u03c0\u03bf\u03b8\u03ad\u03c3\u03b5\u03b9\u03c2 \u03b3\u03b9\u03b1 \u03b5\u03c0\u03b9\u03c3\u03c4\u03c1\u03bf\u03c6\u03ae \u03c7\u03c1\u03b7\u03bc\u03ac\u03c4\u03c9\u03bd<span class=\"ez-toc-section-end\"><\/span><\/h3>\n\n\n\n<p>\u0393\u03b9\u03b1 \u03bd\u03b1 \u03b4\u03b9\u03ba\u03b1\u03b9\u03bf\u03cd\u03c3\u03c4\u03b5 \u03b5\u03c0\u03b9\u03c3\u03c4\u03c1\u03bf\u03c6\u03ae \u03c7\u03c1\u03b7\u03bc\u03ac\u03c4\u03c9\u03bd, \u03c0\u03c1\u03ad\u03c0\u03b5\u03b9 \u03bd\u03b1 \u03c0\u03bb\u03b7\u03c1\u03bf\u03cd\u03bd\u03c4\u03b1\u03b9 \u03bf\u03b9 \u03b1\u03ba\u03cc\u03bb\u03bf\u03c5\u03b8\u03b5\u03c2 \u03c0\u03c1\u03bf\u03cb\u03c0\u03bf\u03b8\u03ad\u03c3\u03b5\u03b9\u03c2:<\/p>\n\n\n\n<ul class=\"wp-block-list\">\n<li>\u03a4\u03bf \u03c0\u03c1\u03bf\u03ca\u03cc\u03bd \u03c0\u03c1\u03ad\u03c0\u03b5\u03b9 \u03bd\u03b1 \u03b5\u03c0\u03b9\u03c3\u03c4\u03c1\u03b1\u03c6\u03b5\u03af \u03c3\u03c4\u03b7\u03bd \u03b1\u03c1\u03c7\u03b9\u03ba\u03ae \u03c4\u03bf\u03c5 \u03ba\u03b1\u03c4\u03ac\u03c3\u03c4\u03b1\u03c3\u03b7, \u03b1\u03bd\u03bf\u03b9\u03b3\u03bc\u03ad\u03bd\u03bf \u03ba\u03b1\u03b9 \u03b1\u03c7\u03c1\u03b7\u03c3\u03b9\u03bc\u03bf\u03c0\u03bf\u03af\u03b7\u03c4\u03bf.<\/li>\n\n\n\n<li>\u03a0\u03c1\u03ad\u03c0\u03b5\u03b9 \u03bd\u03b1 \u03c0\u03c1\u03bf\u03c3\u03ba\u03bf\u03bc\u03b9\u03c3\u03c4\u03b5\u03af \u03b1\u03c0\u03cc\u03b4\u03b5\u03b9\u03be\u03b7 \u03b1\u03b3\u03bf\u03c1\u03ac\u03c2 (\u03b1\u03c1\u03b9\u03b8\u03bc\u03cc\u03c2 \u03c0\u03b1\u03c1\u03b1\u03b3\u03b3\u03b5\u03bb\u03af\u03b1\u03c2, \u03b1\u03c0\u03cc\u03b4\u03b5\u03b9\u03be\u03b7 \u03ae email \u03b5\u03c0\u03b9\u03b2\u03b5\u03b2\u03b1\u03af\u03c9\u03c3\u03b7\u03c2).<\/li>\n\n\n\n<li>\u03a4\u03bf \u03b1\u03af\u03c4\u03b7\u03bc\u03b1 \u03b5\u03c0\u03b9\u03c3\u03c4\u03c1\u03bf\u03c6\u03ae\u03c2 \u03c7\u03c1\u03b7\u03bc\u03ac\u03c4\u03c9\u03bd \u03c0\u03c1\u03ad\u03c0\u03b5\u03b9 \u03bd\u03b1 \u03c5\u03c0\u03bf\u03b2\u03bb\u03b7\u03b8\u03b5\u03af \u03b5\u03bd\u03c4\u03cc\u03c2 30 \u03b7\u03bc\u03b5\u03c1\u03ce\u03bd \u03b1\u03c0\u03cc \u03c4\u03b7\u03bd \u03b7\u03bc\u03b5\u03c1\u03bf\u03bc\u03b7\u03bd\u03af\u03b1 \u03b1\u03b3\u03bf\u03c1\u03ac\u03c2.<\/li>\n<\/ul>\n\n\n\n<h3 class=\"wp-block-heading\" id=\"h-nicht-erstattungsfahige-artikel\"><span class=\"ez-toc-section\" id=\"Nicht_erstattungsfahige_Artikel\"><\/span>\u039c\u03b7 \u03b5\u03c0\u03b9\u03c3\u03c4\u03c1\u03b5\u03c0\u03c4\u03ad\u03b1 \u03c3\u03c4\u03bf\u03b9\u03c7\u03b5\u03af\u03b1<span class=\"ez-toc-section-end\"><\/span><\/h3>\n\n\n\n<p>\u039f\u03c1\u03b9\u03c3\u03bc\u03ad\u03bd\u03b1 \u03b5\u03af\u03b4\u03b7 \u03b4\u03b5\u03bd \u03b5\u03c0\u03b9\u03c3\u03c4\u03c1\u03ad\u03c6\u03bf\u03bd\u03c4\u03b1\u03b9, \u03cc\u03c0\u03c9\u03c2:<\/p>\n\n\n\n<ul class=\"wp-block-list\">\n<li>\u03a0\u03c1\u03bf\u03ca\u03cc\u03bd\u03c4\u03b1 \u03c0\u03bf\u03c5 \u03ad\u03c7\u03bf\u03c5\u03bd \u03b1\u03bd\u03bf\u03b9\u03c7\u03c4\u03b5\u03af \u03ae \u03c7\u03c1\u03b7\u03c3\u03b9\u03bc\u03bf\u03c0\u03bf\u03b9\u03b7\u03b8\u03b5\u03af.<\/li>\n\n\n\n<li>\u0391\u03bd\u03c4\u03b9\u03ba\u03b5\u03af\u03bc\u03b5\u03bd\u03b1 \u03c0\u03bf\u03c5 \u03b1\u03b3\u03bf\u03c1\u03ac\u03c3\u03c4\u03b7\u03ba\u03b1\u03bd \u03c3\u03b5 \u03b5\u03ba\u03c0\u03c4\u03ce\u03c3\u03b5\u03b9\u03c2 \u03ae \u03b5\u03b9\u03b4\u03b9\u03ba\u03ad\u03c2 \u03c0\u03c1\u03bf\u03c3\u03c6\u03bf\u03c1\u03ad\u03c2.<\/li>\n<\/ul>\n\n\n\n<h3 class=\"wp-block-heading\" id=\"h-so-beantragen-sie-eine-ruckerstattung\"><span class=\"ez-toc-section\" id=\"So_beantragen_Sie_eine_Ruckerstattung\"><\/span>\u03a0\u03ce\u03c2 \u03bd\u03b1 \u03c5\u03c0\u03bf\u03b2\u03ac\u03bb\u03b5\u03c4\u03b5 \u03b1\u03af\u03c4\u03b7\u03c3\u03b7 \u03b3\u03b9\u03b1 \u03b5\u03c0\u03b9\u03c3\u03c4\u03c1\u03bf\u03c6\u03ae \u03c7\u03c1\u03b7\u03bc\u03ac\u03c4\u03c9\u03bd<span class=\"ez-toc-section-end\"><\/span><\/h3>\n\n\n\n<ol class=\"wp-block-list\">\n<li><strong>\u0395\u03c0\u03b9\u03ba\u03bf\u03b9\u03bd\u03c9\u03bd\u03ae\u03c3\u03c4\u03b5 \u03bc\u03b1\u03b6\u03af \u03bc\u03b1\u03c2:<\/strong> \u03a3\u03c4\u03b5\u03af\u03bb\u03c4\u03b5 \u03ad\u03bd\u03b1 email \u03c3\u03c4\u03b7\u03bd \u03bf\u03bc\u03ac\u03b4\u03b1 \u03b5\u03be\u03c5\u03c0\u03b7\u03c1\u03ad\u03c4\u03b7\u03c3\u03b7\u03c2 \u03c0\u03b5\u03bb\u03b1\u03c4\u03ce\u03bd \u03bc\u03b1\u03c2 \u03c3\u03c4\u03bf support@ko-tropfen-kaufen.com \u03bc\u03b5 \u03c4\u03b1 \u03c3\u03c4\u03bf\u03b9\u03c7\u03b5\u03af\u03b1 \u03c4\u03b7\u03c2 \u03c0\u03b1\u03c1\u03b1\u03b3\u03b3\u03b5\u03bb\u03af\u03b1\u03c2 \u03c3\u03b1\u03c2 \u03ba\u03b1\u03b9 \u03c4\u03bf\u03bd \u03bb\u03cc\u03b3\u03bf \u03b3\u03b9\u03b1 \u03c4\u03b7\u03bd \u03b5\u03c0\u03b9\u03c3\u03c4\u03c1\u03bf\u03c6\u03ae \u03c7\u03c1\u03b7\u03bc\u03ac\u03c4\u03c9\u03bd.<\/li>\n\n\n\n<li><strong>\u0388\u03b3\u03ba\u03c1\u03b9\u03c3\u03b7 \u03b5\u03c0\u03b9\u03c3\u03c4\u03c1\u03bf\u03c6\u03ae\u03c2:<\/strong> \u0397 \u03bf\u03bc\u03ac\u03b4\u03b1 \u03bc\u03b1\u03c2 \u03b8\u03b1 \u03c3\u03b1\u03c2 \u03c3\u03c4\u03b5\u03af\u03bb\u03b5\u03b9 \u03bc\u03b9\u03b1 \u03b5\u03be\u03bf\u03c5\u03c3\u03b9\u03bf\u03b4\u03cc\u03c4\u03b7\u03c3\u03b7 \u03b5\u03c0\u03b9\u03c3\u03c4\u03c1\u03bf\u03c6\u03ae\u03c2 \u03ba\u03b1\u03b9 \u03bf\u03b4\u03b7\u03b3\u03af\u03b5\u03c2 \u03b3\u03b9\u03b1 \u03c4\u03bf\u03bd \u03c4\u03c1\u03cc\u03c0\u03bf \u03b5\u03c0\u03b9\u03c3\u03c4\u03c1\u03bf\u03c6\u03ae\u03c2 \u03c4\u03bf\u03c5 \u03c0\u03c1\u03bf\u03ca\u03cc\u03bd\u03c4\u03bf\u03c2.<\/li>\n\n\n\n<li><strong>\u03a3\u03c4\u03b5\u03af\u03bb\u03c4\u03b5 \u03c4\u03bf \u03ac\u03c1\u03b8\u03c1\u03bf:<\/strong> \u03a3\u03c4\u03b5\u03af\u03bb\u03c4\u03b5 \u03c4\u03bf \u03c0\u03c1\u03bf\u03ca\u03cc\u03bd \u03c0\u03af\u03c3\u03c9 \u03c3\u03b5 \u03b5\u03bc\u03ac\u03c2 \u03c3\u03c4\u03b7\u03bd \u03b1\u03c1\u03c7\u03b9\u03ba\u03ae \u03c4\u03bf\u03c5 \u03c3\u03c5\u03c3\u03ba\u03b5\u03c5\u03b1\u03c3\u03af\u03b1 \u03bc\u03b1\u03b6\u03af \u03bc\u03b5 \u03c4\u03b7\u03bd \u03ac\u03b4\u03b5\u03b9\u03b1 \u03b5\u03c0\u03b9\u03c3\u03c4\u03c1\u03bf\u03c6\u03ae\u03c2.<\/li>\n<\/ol>\n\n\n\n<h3 class=\"wp-block-heading\" id=\"h-bearbeitung-ihrer-ruckerstattung\"><span class=\"ez-toc-section\" id=\"Bearbeitung_Ihrer_Ruckerstattung\"><\/span>\u0395\u03c0\u03b5\u03be\u03b5\u03c1\u03b3\u03b1\u03c3\u03af\u03b1 \u03c4\u03b7\u03c2 \u03b5\u03c0\u03b9\u03c3\u03c4\u03c1\u03bf\u03c6\u03ae\u03c2 \u03c3\u03b1\u03c2<span class=\"ez-toc-section-end\"><\/span><\/h3>\n\n\n\n<p>\u039c\u03cc\u03bb\u03b9\u03c2 \u03c0\u03b1\u03c1\u03b1\u03bb\u03ac\u03b2\u03bf\u03c5\u03bc\u03b5 \u03ba\u03b1\u03b9 \u03b5\u03bb\u03ad\u03b3\u03be\u03bf\u03c5\u03bc\u03b5 \u03c4\u03bf \u03b5\u03c0\u03b9\u03c3\u03c4\u03c1\u03b5\u03c6\u03cc\u03bc\u03b5\u03bd\u03bf \u03c0\u03c1\u03bf\u03ca\u03cc\u03bd, \u03b8\u03b1 \u03c3\u03b1\u03c2 \u03b5\u03b9\u03b4\u03bf\u03c0\u03bf\u03b9\u03ae\u03c3\u03bf\u03c5\u03bc\u03b5 \u03bc\u03ad\u03c3\u03c9 email. \u0395\u03ac\u03bd \u03b7 \u03b5\u03c0\u03b9\u03c3\u03c4\u03c1\u03bf\u03c6\u03ae \u03c7\u03c1\u03b7\u03bc\u03ac\u03c4\u03c9\u03bd \u03c3\u03b1\u03c2 \u03b5\u03b3\u03ba\u03c1\u03b9\u03b8\u03b5\u03af, \u03b8\u03b1 \u03b4\u03b9\u03b5\u03ba\u03c0\u03b5\u03c1\u03b1\u03b9\u03c9\u03b8\u03b5\u03af \u03ba\u03b1\u03b9 \u03b7 \u03c0\u03af\u03c3\u03c4\u03c9\u03c3\u03b7 \u03b8\u03b1 \u03b5\u03c6\u03b1\u03c1\u03bc\u03bf\u03c3\u03c4\u03b5\u03af \u03c3\u03c4\u03b7\u03bd \u03b1\u03c1\u03c7\u03b9\u03ba\u03ae \u03bc\u03ad\u03b8\u03bf\u03b4\u03bf \u03c0\u03bb\u03b7\u03c1\u03c9\u03bc\u03ae\u03c2 \u03c3\u03b1\u03c2 \u03b5\u03bd\u03c4\u03cc\u03c2 5-7 \u03b5\u03c1\u03b3\u03ac\u03c3\u03b9\u03bc\u03c9\u03bd \u03b7\u03bc\u03b5\u03c1\u03ce\u03bd.<\/p>\n\n\n\n<h3 class=\"wp-block-heading\" id=\"h-kontaktieren-sie-uns\"><span class=\"ez-toc-section\" id=\"Kontaktieren_Sie_uns\"><\/span>\u0395\u03c0\u03b9\u03ba\u03bf\u03b9\u03bd\u03c9\u03bd\u03ae\u03c3\u03c4\u03b5 \u03bc\u03b1\u03b6\u03af \u03bc\u03b1\u03c2<span class=\"ez-toc-section-end\"><\/span><\/h3>\n\n\n\n<p>\u0395\u03ac\u03bd \u03ad\u03c7\u03b5\u03c4\u03b5 \u03bf\u03c0\u03bf\u03b9\u03b5\u03c3\u03b4\u03ae\u03c0\u03bf\u03c4\u03b5 \u03b5\u03c1\u03c9\u03c4\u03ae\u03c3\u03b5\u03b9\u03c2 \u03c3\u03c7\u03b5\u03c4\u03b9\u03ba\u03ac \u03bc\u03b5 \u03c4\u03b7\u03bd \u03c0\u03bf\u03bb\u03b9\u03c4\u03b9\u03ba\u03ae \u03b5\u03c0\u03b9\u03c3\u03c4\u03c1\u03bf\u03c6\u03ce\u03bd \u03bc\u03b1\u03c2, \u03c0\u03b1\u03c1\u03b1\u03ba\u03b1\u03bb\u03bf\u03cd\u03bc\u03b5 \u03b5\u03c0\u03b9\u03ba\u03bf\u03b9\u03bd\u03c9\u03bd\u03ae\u03c3\u03c4\u03b5 \u03bc\u03b5 \u03c4\u03b7\u03bd \u03bf\u03bc\u03ac\u03b4\u03b1 \u03b5\u03be\u03c5\u03c0\u03b7\u03c1\u03ad\u03c4\u03b7\u03c3\u03b7\u03c2 \u03c0\u03b5\u03bb\u03b1\u03c4\u03ce\u03bd \u03bc\u03b1\u03c2 \u03c3\u03c4\u03bf support@ko-tropfen-kaufen.com. \u0395\u03af\u03bc\u03b1\u03c3\u03c4\u03b5 \u03b5\u03b4\u03ce \u03b3\u03b9\u03b1 \u03bd\u03b1 \u03c3\u03b1\u03c2 \u03b2\u03bf\u03b7\u03b8\u03ae\u03c3\u03bf\u03c5\u03bc\u03b5 \u03ba\u03b1\u03b9 \u03bd\u03b1 \u03b2\u03b5\u03b2\u03b1\u03b9\u03c9\u03b8\u03bf\u03cd\u03bc\u03b5 \u03cc\u03c4\u03b9 \u03b7 \u03b5\u03bc\u03c0\u03b5\u03b9\u03c1\u03af\u03b1 \u03c4\u03c9\u03bd \u03b1\u03b3\u03bf\u03c1\u03ce\u03bd \u03c3\u03b1\u03c2 \u03b5\u03af\u03bd\u03b1\u03b9 \u03b9\u03ba\u03b1\u03bd\u03bf\u03c0\u03bf\u03b9\u03b7\u03c4\u03b9\u03ba\u03ae.<\/p>\n\n\n\n<p>\u03a3\u03b1\u03c2 \u03b5\u03c5\u03c7\u03b1\u03c1\u03b9\u03c3\u03c4\u03bf\u03cd\u03bc\u03b5 \u03c0\u03bf\u03c5 \u03ba\u03ac\u03bd\u03b1\u03c4\u03b5 \u03c4\u03b9\u03c2 \u03b1\u03b3\u03bf\u03c1\u03ad\u03c2 \u03c3\u03b1\u03c2 \u03c3\u03c4\u03bf Ko-Tropfen-Kaufen.com!<\/p>","protected":false},"excerpt":{"rendered":"<p>ko-tropfen-kaufen.com R\u00fcckgaberecht Bei Ko-Tropfen-Kaufen.com bem\u00fchen wir uns, sicherzustellen, dass unsere Kunden vollst\u00e4ndig zufrieden mit ihren Eink\u00e4ufen sind. Wenn Sie aus irgendeinem Grund nicht ganz zufrieden mit Ihrer Bestellung sind, hilft Ihnen unser R\u00fcckgaberecht weiter. 30-Tage-Geld-zur\u00fcck-Garantie Wir bieten eine 30-Tage-Geld-zur\u00fcck-Garantie auf alle unsere Produkte. Wenn Sie mit Ihrem Kauf nicht zufrieden sind, k\u00f6nnen Sie innerhalb von [&hellip;]<\/p>\n","protected":false},"author":2,"featured_media":0,"parent":0,"menu_order":0,"comment_status":"closed","ping_status":"closed","template":"","meta":{"footnotes":""},"class_list":["post-15715","page","type-page","status-publish","hentry"],"blocksy_meta":[],"jetpack_sharing_enabled":true,"_links":{"self":[{"href":"https:\/\/ko-tropfen-kaufen.com\/el\/wp-json\/wp\/v2\/pages\/15715","targetHints":{"allow":["GET"]}}],"collection":[{"href":"https:\/\/ko-tropfen-kaufen.com\/el\/wp-json\/wp\/v2\/pages"}],"about":[{"href":"https:\/\/ko-tropfen-kaufen.com\/el\/wp-json\/wp\/v2\/types\/page"}],"author":[{"embeddable":true,"href":"https:\/\/ko-tropfen-kaufen.com\/el\/wp-json\/wp\/v2\/users\/2"}],"replies":[{"embeddable":true,"href":"https:\/\/ko-tropfen-kaufen.com\/el\/wp-json\/wp\/v2\/comments?post=15715"}],"version-history":[{"count":1,"href":"https:\/\/ko-tropfen-kaufen.com\/el\/wp-json\/wp\/v2\/pages\/15715\/revisions"}],"predecessor-version":[{"id":15716,"href":"https:\/\/ko-tropfen-kaufen.com\/el\/wp-json\/wp\/v2\/pages\/15715\/revisions\/15716"}],"wp:attachment":[{"href":"https:\/\/ko-tropfen-kaufen.com\/el\/wp-json\/wp\/v2\/media?parent=15715"}],"curies":[{"name":"wp","href":"https:\/\/api.w.org\/{rel}","templated":true}]}}