{"id":15712,"date":"2024-11-25T20:10:01","date_gmt":"2024-11-25T20:10:01","guid":{"rendered":"https:\/\/ko-tropfen-kaufen.com\/?page_id=15712"},"modified":"2024-11-25T20:10:02","modified_gmt":"2024-11-25T20:10:02","slug":"%ce%b1%cf%83%cf%86%ce%ac%ce%bb%ce%b5%ce%b9%ce%b1-%ce%ba%ce%b1%ce%b9-%ce%bd%ce%bf%ce%bc%ce%b9%ce%ba%ce%ad%cf%82-%cf%80%ce%bb%ce%b7%cf%81%ce%bf%cf%86%ce%bf%cf%81%ce%af%ce%b5%cf%82","status":"publish","type":"page","link":"https:\/\/ko-tropfen-kaufen.com\/el\/%ce%b1%cf%83%cf%86%ce%ac%ce%bb%ce%b5%ce%b9%ce%b1-%ce%ba%ce%b1%ce%b9-%ce%bd%ce%bf%ce%bc%ce%b9%ce%ba%ce%ad%cf%82-%cf%80%ce%bb%ce%b7%cf%81%ce%bf%cf%86%ce%bf%cf%81%ce%af%ce%b5%cf%82\/","title":{"rendered":"\u0391\u03c3\u03c6\u03ac\u03bb\u03b5\u03b9\u03b1"},"content":{"rendered":"<p><a href=\"https:\/\/ko-tropfen-kaufen.com\/product\/gbl-kaufen-legal\/\">GBL<\/a> \u03ba\u03b1\u03b9 <a href=\"https:\/\/ko-tropfen-kaufen.com\/product\/ghb-kaufen\/\">GHB<\/a> \u03bc\u03c0\u03bf\u03c1\u03b5\u03af \u03bd\u03b1 \u03b5\u03af\u03bd\u03b1\u03b9 \u03b5\u03c0\u03b9\u03ba\u03af\u03bd\u03b4\u03c5\u03bd\u03b5\u03c2 \u03bf\u03c5\u03c3\u03af\u03b5\u03c2 \u03b5\u03ac\u03bd \u03b4\u03b5\u03bd \u03b1\u03bd\u03c4\u03b9\u03bc\u03b5\u03c4\u03c9\u03c0\u03b9\u03c3\u03c4\u03bf\u03cd\u03bd \u03c3\u03c9\u03c3\u03c4\u03ac.<\/p>\n\n\n\n<ul class=\"wp-block-list\">\n<li><strong>\u0392\u03bb\u03ac\u03b2\u03b7 \u03c3\u03c4\u03b7\u03bd \u03c5\u03b3\u03b5\u03af\u03b1:<\/strong> \u039a\u03b1\u03b9 \u03bf\u03b9 \u03b4\u03cd\u03bf \u03bf\u03c5\u03c3\u03af\u03b5\u03c2 \u03bc\u03c0\u03bf\u03c1\u03bf\u03cd\u03bd \u03bd\u03b1 \u03c0\u03c1\u03bf\u03ba\u03b1\u03bb\u03ad\u03c3\u03bf\u03c5\u03bd \u03c3\u03bf\u03b2\u03b1\u03c1\u03ad\u03c2 \u03b2\u03bb\u03ac\u03b2\u03b5\u03c2 \u03c3\u03c4\u03b7\u03bd \u03c5\u03b3\u03b5\u03af\u03b1, \u03b1\u03c0\u03ce\u03bb\u03b5\u03b9\u03b1 \u03c4\u03c9\u03bd \u03b1\u03b9\u03c3\u03b8\u03ae\u03c3\u03b5\u03c9\u03bd, \u03b1\u03bd\u03b1\u03c0\u03bd\u03b5\u03c5\u03c3\u03c4\u03b9\u03ba\u03ae \u03ba\u03b1\u03c4\u03b1\u03c3\u03c4\u03bf\u03bb\u03ae \u03ba\u03b1\u03b9 \u03b1\u03ba\u03cc\u03bc\u03b7 \u03ba\u03b1\u03b9 \u03b8\u03ac\u03bd\u03b1\u03c4\u03bf \u03b5\u03ac\u03bd \u03bb\u03b7\u03c6\u03b8\u03bf\u03cd\u03bd \u03b5\u03c3\u03c6\u03b1\u03bb\u03bc\u03ad\u03bd\u03b1.<\/li>\n\n\n\n<li><strong>\u039a\u03af\u03bd\u03b4\u03c5\u03bd\u03bf\u03c2 \u03b5\u03b8\u03b9\u03c3\u03bc\u03bf\u03cd:<\/strong> \u03a4\u03bf GHB \u03ad\u03c7\u03b5\u03b9 \u03c5\u03c8\u03b7\u03bb\u03cc \u03b4\u03c5\u03bd\u03b1\u03bc\u03b9\u03ba\u03cc \u03b5\u03b8\u03b9\u03c3\u03bc\u03bf\u03cd \u03ba\u03b1\u03b9 \u03b7 \u03ba\u03b1\u03c4\u03b1\u03bd\u03ac\u03bb\u03c9\u03c3\u03ae \u03c4\u03bf\u03c5 \u03bc\u03c0\u03bf\u03c1\u03b5\u03af \u03b3\u03c1\u03ae\u03b3\u03bf\u03c1\u03b1 \u03bd\u03b1 \u03bf\u03b4\u03b7\u03b3\u03ae\u03c3\u03b5\u03b9 \u03c3\u03b5 \u03b5\u03be\u03ac\u03c1\u03c4\u03b7\u03c3\u03b7.<\/li>\n\n\n\n<li><strong>\u039d\u03bf\u03bc\u03b9\u03ba\u03bf\u03af \u03c0\u03b5\u03c1\u03b9\u03bf\u03c1\u03b9\u03c3\u03bc\u03bf\u03af:<\/strong> \u0397 \u03c0\u03ce\u03bb\u03b7\u03c3\u03b7 \u03ba\u03b1\u03b9 \u03b7 \u03ba\u03b1\u03c4\u03bf\u03c7\u03ae GHB \u03b1\u03c0\u03b1\u03b3\u03bf\u03c1\u03b5\u03cd\u03b5\u03c4\u03b1\u03b9 \u03b1\u03c5\u03c3\u03c4\u03b7\u03c1\u03ac \u03c3\u03c4\u03b7 \u0393\u03b5\u03c1\u03bc\u03b1\u03bd\u03af\u03b1 \u03b2\u03ac\u03c3\u03b5\u03b9 \u03c4\u03bf\u03c5 \u03bd\u03cc\u03bc\u03bf\u03c5 \u03c0\u03b5\u03c1\u03af \u03bd\u03b1\u03c1\u03ba\u03c9\u03c4\u03b9\u03ba\u03ce\u03bd (BtMG). \u0397 GBL \u03c5\u03c0\u03cc\u03ba\u03b5\u03b9\u03c4\u03b1\u03b9 \u03b5\u03c0\u03af\u03c3\u03b7\u03c2 \u03c3\u03b5 \u03bd\u03bf\u03bc\u03b9\u03ba\u03cc \u03ad\u03bb\u03b5\u03b3\u03c7\u03bf \u03b1\u03bd\u03ac\u03bb\u03bf\u03b3\u03b1 \u03bc\u03b5 \u03c4\u03bf\u03bd \u03c4\u03bf\u03bc\u03ad\u03b1 \u03b5\u03c6\u03b1\u03c1\u03bc\u03bf\u03b3\u03ae\u03c2.<\/li>\n<\/ul>\n\n\n\n<p>\u0395\u03bd\u03b7\u03bc\u03b5\u03c1\u03c9\u03b8\u03b5\u03af\u03c4\u03b5 \u03c0\u03c1\u03b9\u03bd \u03b1\u03c0\u03cc \u03ba\u03ac\u03b8\u03b5 \u03c7\u03c1\u03ae\u03c3\u03b7!<\/p>\n\n\n\n<h2 class=\"wp-block-heading\" id=\"h-rechtliche-aspekte\"><strong>\u039d\u03bf\u03bc\u03b9\u03ba\u03ad\u03c2 \u03c0\u03c4\u03c5\u03c7\u03ad\u03c2<\/strong><\/h2>\n\n\n\n<ul class=\"wp-block-list\">\n<li><strong>\u0393\u03b5\u03c1\u03bc\u03b1\u03bd\u03af\u03b1:<\/strong> \u0397 \u03c0\u03ce\u03bb\u03b7\u03c3\u03b7 \u03ba\u03b1\u03b9 \u03b7 \u03ba\u03b1\u03c4\u03bf\u03c7\u03ae GHB \u03b4\u03b5\u03bd \u03b5\u03af\u03bd\u03b1\u03b9 \u03bd\u03cc\u03bc\u03b9\u03bc\u03b7 (\u03b1\u03bb\u03bb\u03ac \u03bf\u03b9 \u03ad\u03bc\u03c0\u03bf\u03c1\u03bf\u03b9 \u03b5\u03be\u03b1\u03ba\u03bf\u03bb\u03bf\u03c5\u03b8\u03bf\u03cd\u03bd \u03bd\u03b1 \u03b1\u03b3\u03bf\u03c1\u03ac\u03b6\u03bf\u03c5\u03bd \u03ba\u03b1\u03b9 \u03bd\u03b1 \u03c0\u03c9\u03bb\u03bf\u03cd\u03bd GHB). \u0397 GBL \u03c5\u03c0\u03cc\u03ba\u03b5\u03b9\u03c4\u03b1\u03b9 \u03c3\u03c4\u03bf \u03c0\u03b1\u03c1\u03ac\u03c1\u03c4\u03b7\u03bc\u03b1 2 \u03c4\u03bf\u03c5 \u03b4\u03b9\u03b1\u03c4\u03ac\u03b3\u03bc\u03b1\u03c4\u03bf\u03c2 \u03b3\u03b9\u03b1 \u03c4\u03b9\u03c2 \u03b5\u03c0\u03b9\u03ba\u03af\u03bd\u03b4\u03c5\u03bd\u03b5\u03c2 \u03bf\u03c5\u03c3\u03af\u03b5\u03c2 (GefStoffV) \u03ba\u03b1\u03b9 \u03bc\u03c0\u03bf\u03c1\u03b5\u03af \u03bd\u03b1 \u03b1\u03b3\u03bf\u03c1\u03b1\u03c3\u03c4\u03b5\u03af \u03ba\u03b1\u03b9 \u03bd\u03b1 \u03c7\u03c1\u03b7\u03c3\u03b9\u03bc\u03bf\u03c0\u03bf\u03b9\u03b7\u03b8\u03b5\u03af \u03bc\u03cc\u03bd\u03bf \u03bc\u03b5 \u03b1\u03bd\u03c4\u03af\u03c3\u03c4\u03bf\u03b9\u03c7\u03b7 \u03ac\u03b4\u03b5\u03b9\u03b1.<\/li>\n\n\n\n<li><strong>\u0394\u03b9\u03b5\u03b8\u03bd\u03ae\u03c2:<\/strong> \u0397 \u03bd\u03bf\u03bc\u03b9\u03ba\u03ae \u03ba\u03b1\u03c4\u03ac\u03c3\u03c4\u03b1\u03c3\u03b7 \u03cc\u03c3\u03bf\u03bd \u03b1\u03c6\u03bf\u03c1\u03ac \u03c4\u03b7\u03bd GBL \u03ba\u03b1\u03b9 \u03c4\u03b7\u03bd GHB \u03bc\u03c0\u03bf\u03c1\u03b5\u03af \u03bd\u03b1 \u03b4\u03b9\u03b1\u03c6\u03ad\u03c1\u03b5\u03b9 \u03c3\u03b7\u03bc\u03b1\u03bd\u03c4\u03b9\u03ba\u03ac \u03c3\u03b5 \u03cc\u03bb\u03bf \u03c4\u03bf\u03bd \u03ba\u03cc\u03c3\u03bc\u03bf. \u0395\u03bb\u03ad\u03b3\u03c7\u03b5\u03c4\u03b5 \u03c0\u03ac\u03bd\u03c4\u03b1 \u03c4\u03b7\u03bd \u03b9\u03c3\u03c7\u03cd\u03bf\u03c5\u03c3\u03b1 \u03bd\u03bf\u03bc\u03bf\u03b8\u03b5\u03c3\u03af\u03b1 \u03c3\u03c4\u03b7 \u03c7\u03ce\u03c1\u03b1 \u03c3\u03b1\u03c2 \u03c0\u03c1\u03b9\u03bd \u03b1\u03b3\u03bf\u03c1\u03ac\u03c3\u03b5\u03c4\u03b5 \u03ae \u03c7\u03c1\u03b7\u03c3\u03b9\u03bc\u03bf\u03c0\u03bf\u03b9\u03ae\u03c3\u03b5\u03c4\u03b5 GBL \u03ae GHB.<\/li>\n<\/ul>\n\n\n\n<p><strong>\u0395\u03ac\u03bd \u03ad\u03c7\u03b5\u03c4\u03b5 \u03bf\u03c0\u03bf\u03b9\u03b5\u03c3\u03b4\u03ae\u03c0\u03bf\u03c4\u03b5 \u03b5\u03c1\u03c9\u03c4\u03ae\u03c3\u03b5\u03b9\u03c2 \u03c3\u03c7\u03b5\u03c4\u03b9\u03ba\u03ac \u03bc\u03b5 \u03c4\u03bf \u03c7\u03b5\u03b9\u03c1\u03b9\u03c3\u03bc\u03cc \u03b5\u03c0\u03b9\u03ba\u03af\u03bd\u03b4\u03c5\u03bd\u03c9\u03bd \u03c7\u03b7\u03bc\u03b9\u03ba\u03ce\u03bd \u03bf\u03c5\u03c3\u03b9\u03ce\u03bd, \u03b5\u03c0\u03b9\u03ba\u03bf\u03b9\u03bd\u03c9\u03bd\u03ae\u03c3\u03c4\u03b5 \u03bc\u03b5 \u03ad\u03bd\u03b1\u03bd \u03c0\u03b9\u03c3\u03c4\u03bf\u03c0\u03bf\u03b9\u03b7\u03bc\u03ad\u03bd\u03bf \u03b5\u03b9\u03b4\u03b9\u03ba\u03cc \u03b1\u03bd\u03c4\u03b9\u03c0\u03c1\u03cc\u03c3\u03c9\u03c0\u03bf \u03ae \u03ad\u03bd\u03b1\u03bd \u03b5\u03b9\u03b4\u03b9\u03ba\u03cc \u03c3\u03b5 \u03b8\u03ad\u03bc\u03b1\u03c4\u03b1 \u03c7\u03b7\u03bc\u03b9\u03ba\u03ce\u03bd \u03bf\u03c5\u03c3\u03b9\u03ce\u03bd.<\/strong><\/p>\n\n\n\n<p><strong>\u039f\u03b9 \u03b1\u03ba\u03cc\u03bb\u03bf\u03c5\u03b8\u03bf\u03b9 \u03c0\u03cc\u03c1\u03bf\u03b9 \u03bc\u03c0\u03bf\u03c1\u03b5\u03af \u03bd\u03b1 \u03b5\u03af\u03bd\u03b1\u03b9 \u03c7\u03c1\u03ae\u03c3\u03b9\u03bc\u03bf\u03b9:<\/strong><\/p>\n\n\n\n<ul class=\"wp-block-list\">\n<li><strong>\u039f\u03bc\u03bf\u03c3\u03c0\u03bf\u03bd\u03b4\u03b9\u03b1\u03ba\u03cc \u0399\u03bd\u03c3\u03c4\u03b9\u03c4\u03bf\u03cd\u03c4\u03bf \u03b3\u03b9\u03b1 \u03c4\u03b7\u03bd \u0391\u03c3\u03c6\u03ac\u03bb\u03b5\u03b9\u03b1 \u03ba\u03b1\u03b9 \u03c4\u03b7\u03bd \u03a5\u03b3\u03b5\u03af\u03b1 \u03c3\u03c4\u03b7\u03bd \u0395\u03c1\u03b3\u03b1\u03c3\u03af\u03b1 (BAUA):<\/strong> <a href=\"https:\/\/www.baua.de\/\" target=\"_blank\" rel=\"noreferrer noopener\">https:\/\/www.baua.de\/<\/a><\/li>\n\n\n\n<li><strong>\u039a\u03ad\u03bd\u03c4\u03c1\u03bf \u03b5\u03bb\u03ad\u03b3\u03c7\u03bf\u03c5 \u03b4\u03b7\u03bb\u03b7\u03c4\u03b7\u03c1\u03b9\u03ac\u03c3\u03b5\u03c9\u03bd:<\/strong> <a href=\"\/\/www.bvl.bund.de\/DE\/Arbeitsbereiche\/01_Lebensmittel\/03_Verbraucher\/09_InfektionenIntoxikationen\/02_Giftnotrufzentralen\/lm_LMVergiftung_giftnotrufzentralen_node.html\" target=\"_blank\" rel=\"noreferrer noopener\">https:\/\/www.bvl.bund.de\/DE\/Arbeitsbereiche\/01_Lebensmittel\/03_Verbraucher\/09_InfektionenIntoxikationen\/02_Giftnotrufzentralen\/lm_LMVergiftung_giftnotrufzentralen_node.html<\/a><\/li>\n<\/ul>\n\n\n\n<p><strong>\u0386\u03bb\u03bb\u03b5\u03c2 \u03c3\u03c7\u03b5\u03c4\u03b9\u03ba\u03ad\u03c2 \u03bb\u03ad\u03be\u03b5\u03b9\u03c2-\u03ba\u03bb\u03b5\u03b9\u03b4\u03b9\u03ac:<\/strong> GBL, \u03b3-\u03b2\u03bf\u03c5\u03c4\u03c5\u03c1\u03bf\u03bb\u03b1\u03ba\u03c4\u03cc\u03bd\u03b7, GHB, \u03b3-\u03c5\u03b4\u03c1\u03bf\u03be\u03c5\u03b2\u03bf\u03c5\u03c4\u03c5\u03c1\u03b9\u03ba\u03cc \u03bf\u03be\u03cd, \u03b5\u03c0\u03b9\u03ba\u03af\u03bd\u03b4\u03c5\u03bd\u03b5\u03c2 \u03bf\u03c5\u03c3\u03af\u03b5\u03c2, \u03bd\u03cc\u03bc\u03bf\u03c2 \u03c0\u03b5\u03c1\u03af \u03bd\u03b1\u03c1\u03ba\u03c9\u03c4\u03b9\u03ba\u03ce\u03bd (BtMG), \u03ba\u03b1\u03bd\u03bf\u03bd\u03b9\u03c3\u03bc\u03cc\u03c2 \u03c0\u03b5\u03c1\u03af \u03b5\u03c0\u03b9\u03ba\u03af\u03bd\u03b4\u03c5\u03bd\u03c9\u03bd \u03bf\u03c5\u03c3\u03b9\u03ce\u03bd (GefStoffV), \u03bd\u03bf\u03bc\u03b9\u03ba\u03ae \u03ba\u03b1\u03c4\u03ac\u03c3\u03c4\u03b1\u03c3\u03b7, \u03b2\u03bb\u03ac\u03b2\u03b7 \u03c3\u03c4\u03b7\u03bd \u03c5\u03b3\u03b5\u03af\u03b1, \u03ba\u03af\u03bd\u03b4\u03c5\u03bd\u03bf\u03c2 \u03b5\u03b8\u03b9\u03c3\u03bc\u03bf\u03cd.<\/p>","protected":false},"excerpt":{"rendered":"<p>GBL und GHB k\u00f6nnen gef\u00e4hrliche Stoffe sein, wenn sie nicht ordnungsgem\u00e4\u00df gehandhabt werden. Informieren Sie sich vor jeder Verwendung! Rechtliche Aspekte Wenn Sie Fragen zum Umgang mit gef\u00e4hrlichen chemischen Substanzen haben, wenden Sie sich bitte an einen zertifizierten Fachh\u00e4ndler oder eine chemische Sachverst\u00e4ndigen. Folgende Ressourcen k\u00f6nnen hilfreich sein: Andere relevante Keywords: GBL, Gamma-Butyrolacton, GHB, Gamma-Hydroxybutters\u00e4ure, [&hellip;]<\/p>\n","protected":false},"author":2,"featured_media":15713,"parent":0,"menu_order":0,"comment_status":"closed","ping_status":"closed","template":"","meta":{"footnotes":""},"class_list":["post-15712","page","type-page","status-publish","has-post-thumbnail","hentry"],"blocksy_meta":[],"jetpack_sharing_enabled":true,"_links":{"self":[{"href":"https:\/\/ko-tropfen-kaufen.com\/el\/wp-json\/wp\/v2\/pages\/15712","targetHints":{"allow":["GET"]}}],"collection":[{"href":"https:\/\/ko-tropfen-kaufen.com\/el\/wp-json\/wp\/v2\/pages"}],"about":[{"href":"https:\/\/ko-tropfen-kaufen.com\/el\/wp-json\/wp\/v2\/types\/page"}],"author":[{"embeddable":true,"href":"https:\/\/ko-tropfen-kaufen.com\/el\/wp-json\/wp\/v2\/users\/2"}],"replies":[{"embeddable":true,"href":"https:\/\/ko-tropfen-kaufen.com\/el\/wp-json\/wp\/v2\/comments?post=15712"}],"version-history":[{"count":1,"href":"https:\/\/ko-tropfen-kaufen.com\/el\/wp-json\/wp\/v2\/pages\/15712\/revisions"}],"predecessor-version":[{"id":15714,"href":"https:\/\/ko-tropfen-kaufen.com\/el\/wp-json\/wp\/v2\/pages\/15712\/revisions\/15714"}],"wp:featuredmedia":[{"embeddable":true,"href":"https:\/\/ko-tropfen-kaufen.com\/el\/wp-json\/wp\/v2\/media\/15713"}],"wp:attachment":[{"href":"https:\/\/ko-tropfen-kaufen.com\/el\/wp-json\/wp\/v2\/media?parent=15712"}],"curies":[{"name":"wp","href":"https:\/\/api.w.org\/{rel}","templated":true}]}}