{"id":15965,"date":"2025-08-13T20:06:48","date_gmt":"2025-08-13T20:06:48","guid":{"rendered":"https:\/\/ko-tropfen-kaufen.com\/?post_type=product&#038;p=15965"},"modified":"2025-11-16T14:24:14","modified_gmt":"2025-11-16T13:24:14","slug":"oxybat-sodny","status":"publish","type":"product","link":"https:\/\/ko-tropfen-kaufen.com\/cs\/product\/oxybat-sodny\/","title":{"rendered":"Oxyb\u00e1t sodn\u00fd Ethypharm 500 mg\/ml"},"content":{"rendered":"<h2 data-start=\"213\" data-end=\"315\">Koupit roztok oxybanu sodn\u00e9ho Ethypharm 500 mg\/ml - Vysoce kvalitn\u00ed surovina pro v\u00fdzkum a pr\u016fmysl<\/h2>\n<p data-start=\"317\" data-end=\"694\"><strong data-start=\"317\" data-end=\"361\">Oxyb\u00e1t sodn\u00fd Ethypharm 500 mg\/ml roztok<\/strong> (zn\u00e1m\u00fd tak\u00e9 pod mezin\u00e1rodn\u00edm nechr\u00e1n\u011bn\u00fdm n\u00e1zvem oxyb\u00e1t sodn\u00fd a obchodn\u00edm n\u00e1zvem <em data-start=\"448\" data-end=\"455\">Xyrem<\/em>) je sodn\u00e1 s\u016fl kyseliny gama-hydroxym\u00e1seln\u00e9 (<a href=\"https:\/\/ko-tropfen-kaufen.com\/product\/ghb-kaufen\/\">GHB<\/a>).<br data-start=\"512\" data-end=\"515\" \/>Ve v\u00fdzkumu a pr\u016fmyslu se pou\u017e\u00edv\u00e1 p\u0159edev\u0161\u00edm pro farmakologick\u00e9 studie, neurochemick\u00e9 anal\u00fdzy a pro v\u00fdvoj a validaci nov\u00fdch p\u0159\u00edpravk\u016f.<\/p>\n<p data-start=\"696\" data-end=\"929\">V N\u011bmecku <strong data-start=\"722\" data-end=\"749\">Oxyb\u00e1t sodn\u00fd Ethypharm<\/strong> p\u0159\u00edsn\u00e9 pr\u00e1vn\u00ed p\u0159edpisy podle <strong data-start=\"792\" data-end=\"825\">Z\u00e1kon o drog\u00e1ch (BtMG)<\/strong> a mohou b\u00fdt pou\u017eity pouze k povolen\u00fdm v\u011bdeck\u00fdm nebo pr\u016fmyslov\u00fdm \u00fa\u010del\u016fm.<\/p>\n<h3 data-start=\"936\" data-end=\"977\">Pro\u010d zvolit sodium oxybate Ethypharm?<\/h3>\n<ul data-start=\"978\" data-end=\"1391\">\n<li data-start=\"978\" data-end=\"1074\">\n<p data-start=\"980\" data-end=\"1074\"><strong data-start=\"980\" data-end=\"1013\">P\u0159esn\u00e9 v\u00fdzkumn\u00e9 aplikace<\/strong> - ide\u00e1ln\u00ed pro farmakologick\u00e9 a neurobiologick\u00e9 studie.<\/p>\n<\/li>\n<li data-start=\"1075\" data-end=\"1183\">\n<p data-start=\"1077\" data-end=\"1183\"><strong data-start=\"1077\" data-end=\"1121\">Vysok\u00e1 \u010distota a definovan\u00e1 koncentrace<\/strong> - 500 mg\/ml zaru\u010duj\u00ed reprodukovateln\u00e9 v\u00fdsledky test\u016f.<\/p>\n<\/li>\n<li data-start=\"1184\" data-end=\"1281\">\n<p data-start=\"1186\" data-end=\"1281\"><strong data-start=\"1186\" data-end=\"1209\">Kompatibiln\u00ed s pr\u016fmyslem<\/strong> - Vhodn\u00e9 pro optimalizaci proces\u016f, kontrolu kvality a anal\u00fdzu.<\/p>\n<\/li>\n<li data-start=\"1282\" data-end=\"1391\">\n<p data-start=\"1284\" data-end=\"1391\"><strong data-start=\"1284\" data-end=\"1312\">Kompletn\u00ed dokumentace<\/strong> - Dod\u00e1v\u00e1 se s COA (certifik\u00e1tem anal\u00fdzy) a SDS (bezpe\u010dnostn\u00edm listem).<\/p>\n<\/li>\n<\/ul>\n<h3 data-start=\"1398\" data-end=\"1464\">Na co si d\u00e1t pozor p\u0159i n\u00e1kupu p\u0159\u00edpravku Sodium oxybate Ethypharm 500 mg\/ml?<\/h3>\n<ol data-start=\"1465\" data-end=\"2035\">\n<li data-start=\"1465\" data-end=\"1615\">\n<p data-start=\"1468\" data-end=\"1500\"><strong data-start=\"1468\" data-end=\"1498\">\u010cistota a koncentrace<\/strong><\/p>\n<ul data-start=\"1504\" data-end=\"1615\">\n<li data-start=\"1504\" data-end=\"1615\">\n<p data-start=\"1506\" data-end=\"1615\">Farmaceutick\u00e1 jakost definovan\u00e1 jako 500 mg\/ml; pro v\u011bdeckou pr\u00e1ci je vy\u017eadov\u00e1na \u010distota \u2265 99 %.<\/p>\n<\/li>\n<\/ul>\n<\/li>\n<li data-start=\"1616\" data-end=\"1751\">\n<p data-start=\"1619\" data-end=\"1636\"><strong data-start=\"1619\" data-end=\"1634\">Certifik\u00e1ty<\/strong><\/p>\n<ul data-start=\"1640\" data-end=\"1751\">\n<li data-start=\"1640\" data-end=\"1690\">\n<p data-start=\"1642\" data-end=\"1690\"><strong data-start=\"1642\" data-end=\"1649\">COA<\/strong> k potvrzen\u00ed chemick\u00e9 anal\u00fdzy<\/p>\n<\/li>\n<li data-start=\"1694\" data-end=\"1751\">\n<p data-start=\"1696\" data-end=\"1751\"><strong data-start=\"1696\" data-end=\"1703\">SDS<\/strong> se v\u0161emi informacemi d\u016fle\u017eit\u00fdmi z hlediska bezpe\u010dnosti<\/p>\n<\/li>\n<\/ul>\n<\/li>\n<li data-start=\"1752\" data-end=\"1906\">\n<p data-start=\"1755\" data-end=\"1789\"><strong data-start=\"1755\" data-end=\"1787\">D\u016fv\u011bryhodn\u00fd dodavatel<\/strong><\/p>\n<ul data-start=\"1793\" data-end=\"1906\">\n<li data-start=\"1793\" data-end=\"1850\">\n<p data-start=\"1795\" data-end=\"1850\">Prokazateln\u00e9 zku\u0161enosti s kontrolovan\u00fdmi l\u00e1tkami<\/p>\n<\/li>\n<li data-start=\"1854\" data-end=\"1906\">\n<p data-start=\"1856\" data-end=\"1906\">Dodr\u017eov\u00e1n\u00ed n\u011bmeck\u00fdch pr\u00e1vn\u00edch p\u0159edpis\u016f a pr\u00e1vn\u00edch p\u0159edpis\u016f EU<\/p>\n<\/li>\n<\/ul>\n<\/li>\n<li data-start=\"1907\" data-end=\"2035\">\n<p data-start=\"1910\" data-end=\"1936\"><strong data-start=\"1910\" data-end=\"1934\">Balen\u00ed a p\u0159eprava<\/strong><\/p>\n<ul data-start=\"1940\" data-end=\"2035\">\n<li data-start=\"1940\" data-end=\"1982\">\n<p data-start=\"1942\" data-end=\"1982\">Chemicky odoln\u00e9, uzav\u0159en\u00e9 lahve<\/p>\n<\/li>\n<li data-start=\"1986\" data-end=\"2035\">\n<p data-start=\"1988\" data-end=\"2035\">P\u0159eprava nebezpe\u010dn\u00e9ho zbo\u017e\u00ed ADR s \u0159\u00edzenou teplotou<\/p>\n<\/li>\n<\/ul>\n<\/li>\n<\/ol>\n<h3 data-start=\"2042\" data-end=\"2079\">Technick\u00e9 \u00fadaje<\/h3>\n<ul data-start=\"2080\" data-end=\"2469\">\n<li data-start=\"2080\" data-end=\"2141\">\n<p data-start=\"2082\" data-end=\"2141\"><strong data-start=\"2082\" data-end=\"2098\">Obchodn\u00ed n\u00e1zev:<\/strong> Oxyb\u00e1t sodn\u00fd Ethypharm 500 mg\/ml roztok<\/p>\n<\/li>\n<li data-start=\"2142\" data-end=\"2198\">\n<p data-start=\"2144\" data-end=\"2198\"><strong data-start=\"2144\" data-end=\"2170\">Chemick\u00fd n\u00e1zev:<\/strong> 4-hydroxybutano\u00e1t sodn\u00fd<\/p>\n<\/li>\n<li data-start=\"2199\" data-end=\"2229\">\n<p data-start=\"2201\" data-end=\"2229\"><strong data-start=\"2201\" data-end=\"2218\">Sou\u010dtov\u00fd vzorec:<\/strong> <a href=\"https:\/\/pubchem.ncbi.nlm.nih.gov\/compound\/49849725\" target=\"_blank\" rel=\"noopener\">C\u2084H\u2087NaO\u2083<\/a><\/p>\n<\/li>\n<li data-start=\"2230\" data-end=\"2264\">\n<p data-start=\"2232\" data-end=\"2264\"><strong data-start=\"2232\" data-end=\"2249\">Mol\u00e1rn\u00ed hmotnost:<\/strong> 126,09 g\/mol<\/p>\n<\/li>\n<li data-start=\"2265\" data-end=\"2330\">\n<p data-start=\"2267\" data-end=\"2330\"><strong data-start=\"2267\" data-end=\"2288\">D\u00e1vkovac\u00ed forma:<\/strong> \u010cir\u00e1, bezbarv\u00e1 kapalina (500 mg\/ml)<\/p>\n<\/li>\n<li data-start=\"2331\" data-end=\"2370\">\n<p data-start=\"2333\" data-end=\"2370\"><strong data-start=\"2333\" data-end=\"2349\">Rozpustnost:<\/strong> Velmi dobr\u00e9 ve vod\u011b<\/p>\n<\/li>\n<li data-start=\"2371\" data-end=\"2409\">\n<p data-start=\"2373\" data-end=\"2409\"><strong data-start=\"2373\" data-end=\"2399\">hodnota pH (roztok 10 %):<\/strong> cca 7-8<\/p>\n<\/li>\n<li data-start=\"2410\" data-end=\"2469\">\n<p data-start=\"2412\" data-end=\"2469\"><strong data-start=\"2412\" data-end=\"2435\">Balic\u00ed jednotka:<\/strong> 180 ml lahvi\u010dka = 90 g \u00fa\u010dinn\u00e9 l\u00e1tky<\/p>\n<\/li>\n<\/ul>\n<h3 data-start=\"2476\" data-end=\"2501\">Skladov\u00e1n\u00ed a bezpe\u010dnost<\/h3>\n<ul data-start=\"2502\" data-end=\"2759\">\n<li data-start=\"2502\" data-end=\"2565\">\n<p data-start=\"2504\" data-end=\"2565\"><strong data-start=\"2504\" data-end=\"2517\">Skladov\u00e1n\u00ed:<\/strong> Vychladl\u00e9, such\u00e9 a dob\u0159e uzav\u0159en\u00e9 p\u0159i teplot\u011b 2-8 \u00b0C.<\/p>\n<\/li>\n<li data-start=\"2566\" data-end=\"2622\">\n<p data-start=\"2568\" data-end=\"2622\"><strong data-start=\"2568\" data-end=\"2576\">OSOBN\u00cd OCHRANN\u00c9 PROST\u0158EDKY:<\/strong> Ochrann\u00e9 br\u00fdle, nitrilov\u00e9 rukavice, laboratorn\u00ed pl\u00e1\u0161\u0165<\/p>\n<\/li>\n<li data-start=\"2623\" data-end=\"2675\">\n<p data-start=\"2625\" data-end=\"2675\"><strong data-start=\"2625\" data-end=\"2640\">Manipulace:<\/strong> Pouze ve v\u011btran\u00fdch laboratorn\u00edch prostor\u00e1ch<\/p>\n<\/li>\n<li data-start=\"2676\" data-end=\"2759\">\n<p data-start=\"2678\" data-end=\"2759\"><strong data-start=\"2678\" data-end=\"2693\">Likvidace:<\/strong> Podle m\u00edstn\u00edch p\u0159edpis\u016f pro omamn\u00e9 a nebezpe\u010dn\u00e9 l\u00e1tky<\/p>\n<\/li>\n<\/ul>\n<h3 data-start=\"2766\" data-end=\"2790\">FAQ - \u010casto kladen\u00e9 ot\u00e1zky<\/h3>\n<p data-start=\"2791\" data-end=\"2858\"><strong data-start=\"2791\" data-end=\"2856\">Je sodium oxybate Ethypharm leg\u00e1ln\u00ed koupit v N\u011bmecku?<\/strong><\/p>\n<ul data-start=\"2859\" data-end=\"2933\">\n<li data-start=\"2859\" data-end=\"2933\">\n<p data-start=\"2861\" data-end=\"2933\">Ano, ale pouze pro autorizovan\u00e1 za\u0159\u00edzen\u00ed s licenc\u00ed v souladu s BtMG.<\/p>\n<\/li>\n<\/ul>\n<p data-start=\"2935\" data-end=\"2967\"><strong data-start=\"2935\" data-end=\"2965\">Jak je dod\u00e1vka organizov\u00e1na?<\/strong><\/p>\n<ul data-start=\"2968\" data-end=\"3045\">\n<li data-start=\"2968\" data-end=\"3045\">\n<p data-start=\"2970\" data-end=\"3045\">V\u00fdhradn\u011b registrovan\u00fdm instituc\u00edm prost\u0159ednictv\u00edm p\u0159epravy nebezpe\u010dn\u00fdch v\u011bc\u00ed ADR.<\/p>\n<\/li>\n<\/ul>\n<p data-start=\"3047\" data-end=\"3086\"><strong data-start=\"3047\" data-end=\"3084\">Jak\u00e9 dokumenty jsou vy\u017eadov\u00e1ny?<\/strong><\/p>\n<ul data-start=\"3087\" data-end=\"3158\">\n<li data-start=\"3087\" data-end=\"3158\">\n<p data-start=\"3089\" data-end=\"3158\">\u00da\u0159edn\u00ed licence, \u017eivnostensk\u00fd list, p\u0159\u00edpadn\u011b osv\u011bd\u010den\u00ed o kone\u010dn\u00e9m pou\u017eit\u00ed.<\/p>\n<\/li>\n<\/ul>\n<p data-start=\"3160\" data-end=\"3202\"><strong data-start=\"3160\" data-end=\"3200\">Rozd\u00edl oproti podobn\u00fdm l\u00e1tk\u00e1m?<\/strong><\/p>\n<ul data-start=\"3203\" data-end=\"3301\">\n<li data-start=\"3203\" data-end=\"3301\">\n<p data-start=\"3205\" data-end=\"3301\">P\u0159\u00edsn\u011b regulovan\u00e1 l\u00e1tka, nezam\u011b\u0148ovat s nekontrolovan\u00fdmi solemi nebo prekurzory.<\/p>\n<\/li>\n<\/ul>\n<h3 data-start=\"3308\" data-end=\"3335\">Po\u017e\u00e1dejte o cenovou nab\u00eddku<\/h3>\n<p data-start=\"3336\" data-end=\"3521\">Nab\u00eddka na m\u00edru pro <strong data-start=\"3369\" data-end=\"3420\">Koupit Sodium oxybate Ethypharm 500 mg\/ml roztok<\/strong> a podrobnosti o podm\u00ednk\u00e1ch dod\u00e1n\u00ed v N\u011bmecku, za\u0161lete n\u00e1m pros\u00edm doklady o povolen\u00ed.<\/p>\n<p data-start=\"3528\" data-end=\"3815\"><strong data-start=\"3528\" data-end=\"3552\">Pr\u00e1vn\u00ed upozorn\u011bn\u00ed:<\/strong><br data-start=\"3552\" data-end=\"3555\" \/>Distribuce a zas\u00edl\u00e1n\u00ed prob\u00edh\u00e1 v\u00fdhradn\u011b autorizovan\u00fdm instituc\u00edm v souladu s n\u011bmeck\u00fdmi p\u0159edpisy BtMG a EU. Kupuj\u00edc\u00ed je odpov\u011bdn\u00fd za dodr\u017een\u00ed v\u0161ech z\u00e1konn\u00fdch po\u017eadavk\u016f, v\u010detn\u011b skladov\u00e1n\u00ed, manipulace a kone\u010dn\u00e9ho pou\u017eit\u00ed.<\/p>","protected":false},"excerpt":{"rendered":"<p>Oxyb\u00e1t sodn\u00fd Ethypharm 500 mg\/ml roztok (oxyb\u00e1t sodn\u00fd, Xyrem) ve farmaceutick\u00e9 kvalit\u011b \u226599 % \u010distoty s COA a SDS. P\u0159eprava v souladu s pr\u00e1vn\u00edmi p\u0159edpisy ADR do autorizovan\u00fdch za\u0159\u00edzen\u00ed v N\u011bmecku podle BtMG.<\/p>","protected":false},"featured_media":15966,"comment_status":"open","ping_status":"closed","template":"","meta":{"jetpack_publicize_message":"","jetpack_publicize_feature_enabled":true,"jetpack_social_post_already_shared":false,"jetpack_social_options":{"image_generator_settings":{"template":"highway","default_image_id":0,"font":"","enabled":false},"version":2}},"product_brand":[],"product_cat":[27],"product_tag":[89,90],"class_list":{"0":"post-15965","1":"product","2":"type-product","3":"status-publish","4":"has-post-thumbnail","6":"product_cat-ko-tropfen-wo-kaufen","7":"product_tag-gbl-bestellen-deutschland","8":"product_tag-ghb-kaufen-deutschland","10":"first","11":"instock","12":"sale","13":"featured","14":"shipping-taxable","15":"purchasable","16":"product-type-simple"},"jetpack_publicize_connections":[],"jetpack_sharing_enabled":true,"_links":{"self":[{"href":"https:\/\/ko-tropfen-kaufen.com\/cs\/wp-json\/wp\/v2\/product\/15965","targetHints":{"allow":["GET"]}}],"collection":[{"href":"https:\/\/ko-tropfen-kaufen.com\/cs\/wp-json\/wp\/v2\/product"}],"about":[{"href":"https:\/\/ko-tropfen-kaufen.com\/cs\/wp-json\/wp\/v2\/types\/product"}],"replies":[{"embeddable":true,"href":"https:\/\/ko-tropfen-kaufen.com\/cs\/wp-json\/wp\/v2\/comments?post=15965"}],"version-history":[{"count":1,"href":"https:\/\/ko-tropfen-kaufen.com\/cs\/wp-json\/wp\/v2\/product\/15965\/revisions"}],"predecessor-version":[{"id":15967,"href":"https:\/\/ko-tropfen-kaufen.com\/cs\/wp-json\/wp\/v2\/product\/15965\/revisions\/15967"}],"wp:featuredmedia":[{"embeddable":true,"href":"https:\/\/ko-tropfen-kaufen.com\/cs\/wp-json\/wp\/v2\/media\/15966"}],"wp:attachment":[{"href":"https:\/\/ko-tropfen-kaufen.com\/cs\/wp-json\/wp\/v2\/media?parent=15965"}],"wp:term":[{"taxonomy":"product_brand","embeddable":true,"href":"https:\/\/ko-tropfen-kaufen.com\/cs\/wp-json\/wp\/v2\/product_brand?post=15965"},{"taxonomy":"product_cat","embeddable":true,"href":"https:\/\/ko-tropfen-kaufen.com\/cs\/wp-json\/wp\/v2\/product_cat?post=15965"},{"taxonomy":"product_tag","embeddable":true,"href":"https:\/\/ko-tropfen-kaufen.com\/cs\/wp-json\/wp\/v2\/product_tag?post=15965"}],"curies":[{"name":"wp","href":"https:\/\/api.w.org\/{rel}","templated":true}]}}