{"id":15622,"date":"2024-11-25T10:53:35","date_gmt":"2024-11-25T10:53:35","guid":{"rendered":"https:\/\/ko-tropfen-kaufen.com\/?post_type=product&#038;p=15622"},"modified":"2026-04-10T05:33:46","modified_gmt":"2026-04-10T04:33:46","slug":"koupit-ghb","status":"publish","type":"product","link":"https:\/\/ko-tropfen-kaufen.com\/cs\/product\/koupit-ghb\/","title":{"rendered":"Gama-hydroxybutyr\u00e1t (GHB)"},"content":{"rendered":"<h1>Koupit GHB<\/h1>\n<h2>\u00davod do gama-hydroxybutyr\u00e1tu (GHB)<\/h2>\n<p>V\u00edtejte v <a href=\"https:\/\/ko-tropfen-kaufen.com\/\">KO-Drops-Buy.com<\/a>v\u00e1\u0161 d\u016fv\u011bryhodn\u00fd zdroj pro n\u00e1kup <a href=\"https:\/\/flexikon.doccheck.com\/de\/Gammahydroxybutters\u00e4ure\" target=\"_blank\" rel=\"noopener\">Gama-hydroxybutyr\u00e1t (GHB)<\/a>. Gama-hydroxybutyr\u00e1t (koupit GHB) je vysoce kvalitn\u00ed chemick\u00e1 slou\u010denina, kter\u00e1 se \u0161iroce pou\u017e\u00edv\u00e1 v r\u016fzn\u00fdch pr\u016fmyslov\u00fdch a v\u00fdzkumn\u00fdch aplikac\u00edch. GHB je zn\u00e1m\u00fd svou \u00fa\u010dinnost\u00ed a v\u0161estrannost\u00ed a je nezbytnou sou\u010d\u00e1st\u00ed mnoha specializovan\u00fdch proces\u016f.<\/p>\n<h2>Pou\u017eit\u00ed a v\u00fdhody gama-hydroxybutyr\u00e1tu (koupit GHB)<\/h2>\n<p>Gama-hydroxybutyr\u00e1t (GHB) od spole\u010dnosti KO-Tropfen-Kaufen.com nab\u00edz\u00ed \u0159adu v\u00fdhod pro pr\u016fmyslov\u00e9 a v\u00fdzkumn\u00e9 \u00fa\u010dely:<\/p>\n<ul>\n<li><strong>Pr\u016fmyslov\u00e9 aplikace<\/strong>GHB se \u010dasto pou\u017e\u00edv\u00e1 v chemick\u00e9m pr\u016fmyslu, zejm\u00e9na p\u0159i v\u00fdrob\u011b rozpou\u0161t\u011bdel a \u010dinidel. Je tak\u00e9 d\u016fle\u017eitou slo\u017ekou p\u0159i v\u00fdrob\u011b l\u00e9\u010div a kosmetiky.<\/li>\n<li><strong>V\u00fdzkumn\u00e9 aplikace<\/strong>Ve v\u00fdzkumu slou\u017e\u00ed GHB jako cenn\u00fd n\u00e1stroj pro zkoum\u00e1n\u00ed neurologick\u00fdch proces\u016f a jako meziprodukt p\u0159i synt\u00e9ze r\u016fzn\u00fdch chemick\u00fdch slou\u010denin.<\/li>\n<li><strong>Vysok\u00e1 \u010distota a kvalita<\/strong>N\u00e1\u0161 GHB m\u00e1 nejvy\u0161\u0161\u00ed \u010distotu, kter\u00e1 zaji\u0161\u0165uje optim\u00e1ln\u00ed v\u00fdkon a spolehlivost ve v\u0161ech aplikac\u00edch.<\/li>\n<\/ul>\n<h2>Varianty produkt\u016f a mo\u017enosti balen\u00ed<\/h2>\n<p>Na KO-Drops-Buy.com nab\u00edz\u00edme celou \u0159adu variant produkt\u016f s gama hydroxybutyr\u00e1tem (koupit GHB) a mo\u017enost\u00ed balen\u00ed, kter\u00e9 spln\u00ed va\u0161e specifick\u00e9 pot\u0159eby:<\/p>\n<ul>\n<li><strong>Varianty produktu<\/strong>Vyberte si z r\u016fzn\u00fdch koncentrac\u00ed a kvalit GHB, abyste vyhov\u011bli sv\u00fdm pr\u016fmyslov\u00fdm nebo v\u00fdzkumn\u00fdm po\u017eadavk\u016fm.<\/li>\n<li><strong>Mo\u017enosti balen\u00ed<\/strong>GHB nab\u00edz\u00edme v r\u016fzn\u00fdch velikostech balen\u00ed, v\u010detn\u011b litrov\u00fdch lahv\u00ed, p\u011btilitrov\u00fdch kanystr\u016f a v\u011bt\u0161\u00edch velkoobjemov\u00fdch kontejner\u016f. V\u0161echna balen\u00ed jsou navr\u017eena tak, aby byla zaji\u0161t\u011bna bezpe\u010dn\u00e1 p\u0159eprava.<\/li>\n<\/ul>\n<h2>Pokyny pro bezpe\u010dnost a manipulaci<\/h2>\n<p>Bezpe\u010dn\u00e9 pou\u017e\u00edv\u00e1n\u00ed GHB a zach\u00e1zen\u00ed s n\u00edm je na\u0161\u00ed nejvy\u0161\u0161\u00ed prioritou. P\u0159i n\u00e1kupu gama-hydroxybutyr\u00e1tu (GHB) od spole\u010dnosti KO-Drops-Buy.com dodr\u017eujte tyto pokyny, abyste zajistili bezpe\u010dnost a dodr\u017eov\u00e1n\u00ed p\u0159edpis\u016f:<\/p>\n<ul>\n<li><strong>Osobn\u00ed ochrann\u00e9 prost\u0159edky (<a href=\"https:\/\/www.bghm.de\/arbeitsschuetzer\/fach-themen\/persoenliche-schutzausruestung-psa\/\" target=\"_blank\" rel=\"noopener\">PSA<\/a>)<\/strong>P\u0159i manipulaci s GHB v\u017edy pou\u017e\u00edvejte vhodn\u00e9 osobn\u00ed ochrann\u00e9 prost\u0159edky, v\u010detn\u011b rukavic, ochrann\u00fdch br\u00fdl\u00ed a ochrann\u00e9ho od\u011bvu.<\/li>\n<li><strong>\u00dalo\u017ei\u0161t\u011b<\/strong>GHB skladujte na chladn\u00e9m, such\u00e9m a dob\u0159e v\u011btran\u00e9m m\u00edst\u011b, mimo dosah p\u0159\u00edm\u00e9ho slune\u010dn\u00edho z\u00e1\u0159en\u00ed a zdroj\u016f tepla. Zajist\u011bte, aby n\u00e1doby byly t\u011bsn\u011b uzav\u0159eny, pokud se nepou\u017e\u00edvaj\u00ed.<\/li>\n<li><strong>Manipula\u010dn\u00ed postupy<\/strong>GHB pou\u017e\u00edvejte v dob\u0159e v\u011btran\u00e9m prostoru a zabra\u0148te vdechnut\u00ed nebo kontaktu s k\u016f\u017e\u00ed a o\u010dima. V p\u0159\u00edpad\u011b n\u00e1hodn\u00e9ho kontaktu d\u016fkladn\u011b opl\u00e1chn\u011bte vodou a v p\u0159\u00edpad\u011b pot\u0159eby vyhledejte l\u00e9ka\u0159skou pomoc.<\/li>\n<li><strong>Likvidace odpadu<\/strong>GHB likvidujte v souladu s m\u00edstn\u00edmi, st\u00e1tn\u00edmi a feder\u00e1ln\u00edmi p\u0159edpisy. GHB nevyl\u00e9vejte do kanalizace ani nevypou\u0161t\u011bjte do \u017eivotn\u00edho prost\u0159ed\u00ed.<\/li>\n<\/ul>\n<blockquote><p>Objevte na\u0161i \u0161irokou nab\u00eddku <strong>Gama-hydroxybutyr\u00e1t (koupit GHB)<\/strong> mo\u017enosti a vyzkou\u0161ejte kvalitu a spolehlivost, kterou nab\u00edz\u00ed KO-Tropfen-Kaufen.com. Objednejte si je\u0161t\u011b dnes a vyu\u017eijte na\u0161ich bezpe\u010dn\u00fdch a diskr\u00e9tn\u00edch p\u0159epravn\u00edch slu\u017eeb.<\/p><\/blockquote>","protected":false},"excerpt":{"rendered":"<p>Kvalitn\u00ed gama-hydroxybutyr\u00e1t (GHB) pro r\u016fzn\u00e9 aplikace. Bezpe\u010dn\u00fd a spolehliv\u00fd. GHB ucinky | GHB prodej | Droga na sex | GHB<\/p>","protected":false},"featured_media":15628,"comment_status":"open","ping_status":"closed","template":"","meta":{"jetpack_publicize_message":"","jetpack_publicize_feature_enabled":true,"jetpack_social_post_already_shared":false,"jetpack_social_options":{"image_generator_settings":{"template":"highway","default_image_id":0,"font":"","enabled":false},"version":2}},"product_brand":[],"product_cat":[27],"product_tag":[89,90],"class_list":{"0":"post-15622","1":"product","2":"type-product","3":"status-publish","4":"has-post-thumbnail","6":"product_cat-ko-tropfen-wo-kaufen","7":"product_tag-gbl-bestellen-deutschland","8":"product_tag-ghb-kaufen-deutschland","10":"first","11":"instock","12":"shipping-taxable","13":"purchasable","14":"product-type-variable"},"jetpack_publicize_connections":[],"jetpack_sharing_enabled":true,"_links":{"self":[{"href":"https:\/\/ko-tropfen-kaufen.com\/cs\/wp-json\/wp\/v2\/product\/15622","targetHints":{"allow":["GET"]}}],"collection":[{"href":"https:\/\/ko-tropfen-kaufen.com\/cs\/wp-json\/wp\/v2\/product"}],"about":[{"href":"https:\/\/ko-tropfen-kaufen.com\/cs\/wp-json\/wp\/v2\/types\/product"}],"replies":[{"embeddable":true,"href":"https:\/\/ko-tropfen-kaufen.com\/cs\/wp-json\/wp\/v2\/comments?post=15622"}],"version-history":[{"count":1,"href":"https:\/\/ko-tropfen-kaufen.com\/cs\/wp-json\/wp\/v2\/product\/15622\/revisions"}],"predecessor-version":[{"id":15631,"href":"https:\/\/ko-tropfen-kaufen.com\/cs\/wp-json\/wp\/v2\/product\/15622\/revisions\/15631"}],"wp:featuredmedia":[{"embeddable":true,"href":"https:\/\/ko-tropfen-kaufen.com\/cs\/wp-json\/wp\/v2\/media\/15628"}],"wp:attachment":[{"href":"https:\/\/ko-tropfen-kaufen.com\/cs\/wp-json\/wp\/v2\/media?parent=15622"}],"wp:term":[{"taxonomy":"product_brand","embeddable":true,"href":"https:\/\/ko-tropfen-kaufen.com\/cs\/wp-json\/wp\/v2\/product_brand?post=15622"},{"taxonomy":"product_cat","embeddable":true,"href":"https:\/\/ko-tropfen-kaufen.com\/cs\/wp-json\/wp\/v2\/product_cat?post=15622"},{"taxonomy":"product_tag","embeddable":true,"href":"https:\/\/ko-tropfen-kaufen.com\/cs\/wp-json\/wp\/v2\/product_tag?post=15622"}],"curies":[{"name":"wp","href":"https:\/\/api.w.org\/{rel}","templated":true}]}}