{"id":15725,"date":"2024-11-25T21:57:31","date_gmt":"2024-11-25T20:57:31","guid":{"rendered":"https:\/\/ko-tropfen-kaufen.com\/?page_id=15725"},"modified":"2025-11-24T16:12:14","modified_gmt":"2025-11-24T15:12:14","slug":"vseobecne-podminky","status":"publish","type":"page","link":"https:\/\/ko-tropfen-kaufen.com\/cs\/vseobecne-podminky\/","title":{"rendered":"V\u0161eobecn\u00e9 podm\u00ednky"},"content":{"rendered":"<div id=\"ez-toc-container\" class=\"ez-toc-v2_0_82_2 counter-hierarchy ez-toc-counter ez-toc-grey ez-toc-container-direction\">\n<div class=\"ez-toc-title-container\">\n<p class=\"ez-toc-title\" style=\"cursor:inherit\">Obsah<\/p>\n<span class=\"ez-toc-title-toggle\"><a href=\"#\" class=\"ez-toc-pull-right ez-toc-btn ez-toc-btn-xs ez-toc-btn-default ez-toc-toggle\" aria-label=\"P\u0159epnut\u00ed tabulky obsahu\"><span class=\"ez-toc-js-icon-con\"><span class=\"\"><span class=\"eztoc-hide\" style=\"display:none;\">P\u0159ep\u00edna\u010d<\/span><span class=\"ez-toc-icon-toggle-span\"><svg style=\"fill: #999;color:#999\" xmlns=\"http:\/\/www.w3.org\/2000\/svg\" class=\"list-377408\" width=\"20px\" height=\"20px\" viewbox=\"0 0 24 24\" fill=\"none\"><path d=\"M6 6H4v2h2V6zm14 0H8v2h12V6zM4 11h2v2H4v-2zm16 0H8v2h12v-2zM4 16h2v2H4v-2zm16 0H8v2h12v-2z\" fill=\"currentColor\"><\/path><\/svg><svg style=\"fill: #999;color:#999\" class=\"arrow-unsorted-368013\" xmlns=\"http:\/\/www.w3.org\/2000\/svg\" width=\"10px\" height=\"10px\" viewbox=\"0 0 24 24\" version=\"1.2\" baseprofile=\"tiny\"><path d=\"M18.2 9.3l-6.2-6.3-6.2 6.3c-.2.2-.3.4-.3.7s.1.5.3.7c.2.2.4.3.7.3h11c.3 0 .5-.1.7-.3.2-.2.3-.5.3-.7s-.1-.5-.3-.7zM5.8 14.7l6.2 6.3 6.2-6.3c.2-.2.3-.5.3-.7s-.1-.5-.3-.7c-.2-.2-.4-.3-.7-.3h-11c-.3 0-.5.1-.7.3-.2.2-.3.5-.3.7s.1.5.3.7z\"\/><\/svg><\/span><\/span><\/span><\/a><\/span><\/div>\n<nav><ul class='ez-toc-list ez-toc-list-level-1' ><li class='ez-toc-page-1 ez-toc-heading-level-3'><a class=\"ez-toc-link ez-toc-heading-1\" href=\"https:\/\/ko-tropfen-kaufen.com\/cs\/vseobecne-podminky\/#Ko-Tropfen-Kaufencom\" >Koupit-co-drops.com<\/a><\/li><li class='ez-toc-page-1 ez-toc-heading-level-3'><a class=\"ez-toc-link ez-toc-heading-2\" href=\"https:\/\/ko-tropfen-kaufen.com\/cs\/vseobecne-podminky\/#1_Allgemeine_Bedingungen\" >1. obecn\u00e9 podm\u00ednky<\/a><\/li><li class='ez-toc-page-1 ez-toc-heading-level-3'><a class=\"ez-toc-link ez-toc-heading-3\" href=\"https:\/\/ko-tropfen-kaufen.com\/cs\/vseobecne-podminky\/#2_Bestellungen_und_Zahlungen\" >2. objedn\u00e1vky a platby<\/a><\/li><li class='ez-toc-page-1 ez-toc-heading-level-3'><a class=\"ez-toc-link ez-toc-heading-4\" href=\"https:\/\/ko-tropfen-kaufen.com\/cs\/vseobecne-podminky\/#3_Versand_und_Lieferung\" >3. odesl\u00e1n\u00ed a doru\u010den\u00ed<\/a><\/li><li class='ez-toc-page-1 ez-toc-heading-level-3'><a class=\"ez-toc-link ez-toc-heading-5\" href=\"https:\/\/ko-tropfen-kaufen.com\/cs\/vseobecne-podminky\/#4_Ruckgabe_und_Ruckerstattung\" >4. vr\u00e1cen\u00ed a refundace<\/a><\/li><li class='ez-toc-page-1 ez-toc-heading-level-3'><a class=\"ez-toc-link ez-toc-heading-6\" href=\"https:\/\/ko-tropfen-kaufen.com\/cs\/vseobecne-podminky\/#5_Haftungsausschluss\" >5. z\u0159eknut\u00ed se odpov\u011bdnosti<\/a><\/li><li class='ez-toc-page-1 ez-toc-heading-level-3'><a class=\"ez-toc-link ez-toc-heading-7\" href=\"https:\/\/ko-tropfen-kaufen.com\/cs\/vseobecne-podminky\/#6_Datenschutz\" >6. ochrana \u00fadaj\u016f<\/a><\/li><li class='ez-toc-page-1 ez-toc-heading-level-3'><a class=\"ez-toc-link ez-toc-heading-8\" href=\"https:\/\/ko-tropfen-kaufen.com\/cs\/vseobecne-podminky\/#7_Geistiges_Eigentum\" >7 Du\u0161evn\u00ed vlastnictv\u00ed<\/a><\/li><li class='ez-toc-page-1 ez-toc-heading-level-3'><a class=\"ez-toc-link ez-toc-heading-9\" href=\"https:\/\/ko-tropfen-kaufen.com\/cs\/vseobecne-podminky\/#8_Anwendbares_Recht\" >8 Rozhodn\u00e9 pr\u00e1vo<\/a><\/li><li class='ez-toc-page-1 ez-toc-heading-level-3'><a class=\"ez-toc-link ez-toc-heading-10\" href=\"https:\/\/ko-tropfen-kaufen.com\/cs\/vseobecne-podminky\/#9_Kontakt\" >9. kontakt<\/a><\/li><\/ul><\/nav><\/div>\n<h3 class=\"wp-block-heading\" id=\"h-ko-tropfen-kaufen-com\"><span class=\"ez-toc-section\" id=\"Ko-Tropfen-Kaufencom\"><\/span>Koupit-co-drops.com<span class=\"ez-toc-section-end\"><\/span><\/h3>\n\n\n\n<p>V\u00edtejte v <a href=\"https:\/\/ko-tropfen-kaufen.com?v=820eb5b696ea\">Koupit-co-drops.com<\/a>. P\u0159\u00edstupem na na\u0161e webov\u00e9 str\u00e1nky a vyu\u017e\u00edv\u00e1n\u00edm na\u0161ich slu\u017eeb souhlas\u00edte s n\u00e1sleduj\u00edc\u00edmi V\u0161eobecn\u00fdmi obchodn\u00edmi podm\u00ednkami (VOP). Pe\u010dliv\u011b si je p\u0159e\u010dt\u011bte.<\/p>\n\n\n\n<h3 class=\"wp-block-heading\" id=\"h-1-allgemeine-bedingungen\"><span class=\"ez-toc-section\" id=\"1_Allgemeine_Bedingungen\"><\/span>1. obecn\u00e9 podm\u00ednky<span class=\"ez-toc-section-end\"><\/span><\/h3>\n\n\n\n<p>1.1. <strong>Pou\u017e\u00edv\u00e1n\u00ed webov\u00fdch str\u00e1nek:<\/strong> Pou\u017e\u00edv\u00e1n\u00edm na\u0161ich webov\u00fdch str\u00e1nek souhlas\u00edte s t\u011bmito podm\u00ednkami a zavazujete se dodr\u017eovat v\u0161echny platn\u00e9 z\u00e1kony a p\u0159edpisy.<\/p>\n\n\n\n<p>1.2. <strong>Zm\u011bny:<\/strong> Vyhrazujeme si pr\u00e1vo tyto VOP kdykoli zm\u011bnit. Zm\u011bny budou zve\u0159ejn\u011bny na t\u00e9to str\u00e1nce a vstoup\u00ed v platnost okam\u017eit\u011b. Va\u0161e dal\u0161\u00ed pou\u017e\u00edv\u00e1n\u00ed t\u011bchto webov\u00fdch str\u00e1nek znamen\u00e1 souhlas se zm\u011bn\u011bn\u00fdmi podm\u00ednkami.<\/p>\n\n\n\n<h3 class=\"wp-block-heading\" id=\"h-2-bestellungen-und-zahlungen\"><span class=\"ez-toc-section\" id=\"2_Bestellungen_und_Zahlungen\"><\/span>2. objedn\u00e1vky a platby<span class=\"ez-toc-section-end\"><\/span><\/h3>\n\n\n\n<p>2.1. <strong>Proces objedn\u00e1v\u00e1n\u00ed:<\/strong> V\u0161echny objedn\u00e1vky zadan\u00e9 na na\u0161ich webov\u00fdch str\u00e1nk\u00e1ch jsou z\u00e1vazn\u00e9. Potvrzen\u00ed objedn\u00e1vky obdr\u017e\u00edte e-mailem, jakmile bude va\u0161e objedn\u00e1vka \u00fasp\u011b\u0161n\u011b zad\u00e1na.<\/p>\n\n\n\n<p>2.2. <strong>Ceny:<\/strong> V\u0161echny ceny uveden\u00e9 na webov\u00fdch str\u00e1nk\u00e1ch jsou v\u010detn\u011b DPH, ale bez n\u00e1klad\u016f na dopravu. Vyhrazujeme si pr\u00e1vo kdykoli zm\u011bnit ceny.<\/p>\n\n\n\n<p>2.3. <strong>Platebn\u00ed metody:<\/strong> P\u0159ij\u00edm\u00e1me r\u016fzn\u00e9 zp\u016fsoby platby, kter\u00e9 jsou uvedeny v pr\u016fb\u011bhu objedn\u00e1vky. Platba mus\u00ed b\u00fdt provedena p\u0159ed odesl\u00e1n\u00edm objednan\u00fdch produkt\u016f.<\/p>\n\n\n\n<h3 class=\"wp-block-heading\" id=\"h-3-versand-und-lieferung\"><span class=\"ez-toc-section\" id=\"3_Versand_und_Lieferung\"><\/span>3. odesl\u00e1n\u00ed a doru\u010den\u00ed<span class=\"ez-toc-section-end\"><\/span><\/h3>\n\n\n\n<p>3.1. <strong>P\u0159eprava:<\/strong> Na\u0161e v\u00fdrobky zas\u00edl\u00e1me v r\u00e1mci N\u011bmecka i do zahrani\u010d\u00ed. N\u00e1klady na dopravu a dodac\u00ed lh\u016fty jsou zobrazeny b\u011bhem procesu objedn\u00e1v\u00e1n\u00ed.<\/p>\n\n\n\n<p>3.2. <strong>Dodac\u00ed lh\u016fty:<\/strong> Doba dod\u00e1n\u00ed se m\u016f\u017ee li\u0161it v z\u00e1vislosti na m\u00edst\u011b ur\u010den\u00ed. Sna\u017e\u00edme se va\u0161i objedn\u00e1vku odeslat co nejrychleji. Zpo\u017ed\u011bn\u00ed zp\u016fsoben\u00e9 nep\u0159edv\u00eddan\u00fdmi okolnostmi nem\u016f\u017eeme ovlivnit.<\/p>\n\n\n\n<h3 class=\"wp-block-heading\" id=\"h-4-ruckgabe-und-ruckerstattung\"><span class=\"ez-toc-section\" id=\"4_Ruckgabe_und_Ruckerstattung\"><\/span>4. vr\u00e1cen\u00ed a refundace<span class=\"ez-toc-section-end\"><\/span><\/h3>\n\n\n\n<p>4.1. <strong>Pr\u00e1vo na n\u00e1vrat:<\/strong> M\u00e1te pr\u00e1vo vr\u00e1tit v\u00fdrobky do 30 dn\u016f od jejich obdr\u017een\u00ed. V\u00fdrobky mus\u00ed b\u00fdt vr\u00e1ceny v p\u016fvodn\u00edm stavu, neotev\u0159en\u00e9 a nepou\u017eit\u00e9.<\/p>\n\n\n\n<p>4.2. <strong>\u00dahrada:<\/strong> Po obdr\u017een\u00ed a kontrole vr\u00e1cen\u00fdch v\u00fdrobk\u016f v\u00e1m bude do 5-7 pracovn\u00edch dn\u016f vr\u00e1cena \u010d\u00e1stka na p\u016fvodn\u00ed zp\u016fsob platby.<\/p>\n\n\n\n<h3 class=\"wp-block-heading\" id=\"h-5-haftungsausschluss\"><span class=\"ez-toc-section\" id=\"5_Haftungsausschluss\"><\/span>5. z\u0159eknut\u00ed se odpov\u011bdnosti<span class=\"ez-toc-section-end\"><\/span><\/h3>\n\n\n\n<p>5.1. <strong>Obsah webov\u00fdch str\u00e1nek:<\/strong> P\u0159esto\u017ee se sna\u017e\u00edme poskytovat p\u0159esn\u00e9 a aktu\u00e1ln\u00ed informace, neneseme \u017e\u00e1dnou odpov\u011bdnost za p\u0159esnost, \u00faplnost a aktu\u00e1lnost obsahu na\u0161ich webov\u00fdch str\u00e1nek.<\/p>\n\n\n\n<p>5.2. <strong>Extern\u00ed odkazy:<\/strong> Na\u0161e webov\u00e9 str\u00e1nky mohou obsahovat odkazy na extern\u00ed webov\u00e9 str\u00e1nky. Nejsme zodpov\u011bdn\u00ed za obsah nebo ochranu osobn\u00edch \u00fadaj\u016f na t\u011bchto webov\u00fdch str\u00e1nk\u00e1ch.<\/p>\n\n\n\n<h3 class=\"wp-block-heading\" id=\"h-6-datenschutz\"><span class=\"ez-toc-section\" id=\"6_Datenschutz\"><\/span>6. ochrana \u00fadaj\u016f<span class=\"ez-toc-section-end\"><\/span><\/h3>\n\n\n\n<p>6.1. <strong>Z\u00e1sady ochrany osobn\u00edch \u00fadaj\u016f:<\/strong> Ned\u00edlnou sou\u010d\u00e1st\u00ed t\u011bchto VOP jsou na\u0161e z\u00e1sady ochrany osobn\u00edch \u00fadaj\u016f, kter\u00e9 popisuj\u00ed, jak shroma\u017e\u010fujeme, pou\u017e\u00edv\u00e1me a chr\u00e1n\u00edme va\u0161e osobn\u00ed \u00fadaje.<\/p>\n\n\n\n<h3 class=\"wp-block-heading\" id=\"h-7-geistiges-eigentum\"><span class=\"ez-toc-section\" id=\"7_Geistiges_Eigentum\"><\/span>7 Du\u0161evn\u00ed vlastnictv\u00ed<span class=\"ez-toc-section-end\"><\/span><\/h3>\n\n\n\n<p>7.1. <strong>Autorsk\u00e1 pr\u00e1va:<\/strong> Ve\u0161ker\u00fd obsah na\u0161ich webov\u00fdch str\u00e1nek, v\u010detn\u011b textu, obr\u00e1zk\u016f a grafiky, je chr\u00e1n\u011bn autorsk\u00fdmi pr\u00e1vy. Pou\u017e\u00edv\u00e1n\u00ed tohoto obsahu bez na\u0161eho v\u00fdslovn\u00e9ho p\u00edsemn\u00e9ho souhlasu je zak\u00e1z\u00e1no.<\/p>\n\n\n\n<h3 class=\"wp-block-heading\" id=\"h-8-anwendbares-recht\"><span class=\"ez-toc-section\" id=\"8_Anwendbares_Recht\"><\/span>8 Rozhodn\u00e9 pr\u00e1vo<span class=\"ez-toc-section-end\"><\/span><\/h3>\n\n\n\n<p>8.1. <strong>M\u00edsto p\u0159\u00edslu\u0161nosti:<\/strong> Tyto VOP se \u0159\u00edd\u00ed n\u011bmeck\u00fdm pr\u00e1vem. V p\u0159\u00edpad\u011b spor\u016f je m\u00edstn\u011b p\u0159\u00edslu\u0161n\u00fdm soudem s\u00eddlo na\u0161\u00ed spole\u010dnosti.<\/p>\n\n\n\n<h3 class=\"wp-block-heading\" id=\"h-9-kontakt\"><span class=\"ez-toc-section\" id=\"9_Kontakt\"><\/span>9. kontakt<span class=\"ez-toc-section-end\"><\/span><\/h3>\n\n\n\n<p>M\u00e1te-li jak\u00e9koli dotazy k t\u011bmto VOP, kontaktujte n\u00e1s pros\u00edm na adrese. <a>support@ko-tropfen-kaufen.com<\/a>. V\u017edy se sna\u017e\u00edme va\u0161e probl\u00e9my rychle a uspokojiv\u011b vy\u0159e\u0161it.<\/p>\n\n\n\n<p>D\u011bkujeme, \u017ee jste nakoupili u Ko-Tropfen-Kaufen.com!<\/p>","protected":false},"excerpt":{"rendered":"<p>Ko-Tropfen-Kaufen.com Willkommen bei Ko-Tropfen-Kaufen.com. Durch den Zugriff auf unsere Website und die Nutzung unserer Dienste stimmen Sie den folgenden Allgemeinen Gesch\u00e4ftsbedingungen (AGB) zu. Bitte lesen Sie diese sorgf\u00e4ltig durch. 1. Allgemeine Bedingungen 1.1. Nutzung der Website: Durch die Nutzung unserer Website erkl\u00e4ren Sie sich mit diesen AGB einverstanden und verpflichten sich, alle geltenden Gesetze und [&hellip;]<\/p>\n","protected":false},"author":2,"featured_media":0,"parent":0,"menu_order":0,"comment_status":"closed","ping_status":"closed","template":"","meta":{"footnotes":""},"class_list":["post-15725","page","type-page","status-publish","hentry"],"blocksy_meta":[],"jetpack_sharing_enabled":true,"_links":{"self":[{"href":"https:\/\/ko-tropfen-kaufen.com\/cs\/wp-json\/wp\/v2\/pages\/15725","targetHints":{"allow":["GET"]}}],"collection":[{"href":"https:\/\/ko-tropfen-kaufen.com\/cs\/wp-json\/wp\/v2\/pages"}],"about":[{"href":"https:\/\/ko-tropfen-kaufen.com\/cs\/wp-json\/wp\/v2\/types\/page"}],"author":[{"embeddable":true,"href":"https:\/\/ko-tropfen-kaufen.com\/cs\/wp-json\/wp\/v2\/users\/2"}],"replies":[{"embeddable":true,"href":"https:\/\/ko-tropfen-kaufen.com\/cs\/wp-json\/wp\/v2\/comments?post=15725"}],"version-history":[{"count":1,"href":"https:\/\/ko-tropfen-kaufen.com\/cs\/wp-json\/wp\/v2\/pages\/15725\/revisions"}],"predecessor-version":[{"id":15726,"href":"https:\/\/ko-tropfen-kaufen.com\/cs\/wp-json\/wp\/v2\/pages\/15725\/revisions\/15726"}],"wp:attachment":[{"href":"https:\/\/ko-tropfen-kaufen.com\/cs\/wp-json\/wp\/v2\/media?parent=15725"}],"curies":[{"name":"wp","href":"https:\/\/api.w.org\/{rel}","templated":true}]}}