{"id":15720,"date":"2024-11-25T20:38:37","date_gmt":"2024-11-25T20:38:37","guid":{"rendered":"https:\/\/ko-tropfen-kaufen.com\/?page_id=15720"},"modified":"2024-11-25T20:38:42","modified_gmt":"2024-11-25T20:38:42","slug":"zasady-ochrany-osobnich-udaju","status":"publish","type":"page","link":"https:\/\/ko-tropfen-kaufen.com\/cs\/zasady-ochrany-osobnich-udaju\/","title":{"rendered":"Z\u00e1sady ochrany osobn\u00edch \u00fadaj\u016f"},"content":{"rendered":"<div id=\"ez-toc-container\" class=\"ez-toc-v2_0_82_2 counter-hierarchy ez-toc-counter ez-toc-grey ez-toc-container-direction\">\n<div class=\"ez-toc-title-container\">\n<p class=\"ez-toc-title\" style=\"cursor:inherit\">Obsah<\/p>\n<span class=\"ez-toc-title-toggle\"><a href=\"#\" class=\"ez-toc-pull-right ez-toc-btn ez-toc-btn-xs ez-toc-btn-default ez-toc-toggle\" aria-label=\"P\u0159epnut\u00ed tabulky obsahu\"><span class=\"ez-toc-js-icon-con\"><span class=\"\"><span class=\"eztoc-hide\" style=\"display:none;\">P\u0159ep\u00edna\u010d<\/span><span class=\"ez-toc-icon-toggle-span\"><svg style=\"fill: #999;color:#999\" xmlns=\"http:\/\/www.w3.org\/2000\/svg\" class=\"list-377408\" width=\"20px\" height=\"20px\" viewbox=\"0 0 24 24\" fill=\"none\"><path d=\"M6 6H4v2h2V6zm14 0H8v2h12V6zM4 11h2v2H4v-2zm16 0H8v2h12v-2zM4 16h2v2H4v-2zm16 0H8v2h12v-2z\" fill=\"currentColor\"><\/path><\/svg><svg style=\"fill: #999;color:#999\" class=\"arrow-unsorted-368013\" xmlns=\"http:\/\/www.w3.org\/2000\/svg\" width=\"10px\" height=\"10px\" viewbox=\"0 0 24 24\" version=\"1.2\" baseprofile=\"tiny\"><path d=\"M18.2 9.3l-6.2-6.3-6.2 6.3c-.2.2-.3.4-.3.7s.1.5.3.7c.2.2.4.3.7.3h11c.3 0 .5-.1.7-.3.2-.2.3-.5.3-.7s-.1-.5-.3-.7zM5.8 14.7l6.2 6.3 6.2-6.3c.2-.2.3-.5.3-.7s-.1-.5-.3-.7c-.2-.2-.4-.3-.7-.3h-11c-.3 0-.5.1-.7.3-.2.2-.3.5-.3.7s.1.5.3.7z\"\/><\/svg><\/span><\/span><\/span><\/a><\/span><\/div>\n<nav><ul class='ez-toc-list ez-toc-list-level-1' ><li class='ez-toc-page-1 ez-toc-heading-level-3'><a class=\"ez-toc-link ez-toc-heading-1\" href=\"https:\/\/ko-tropfen-kaufen.com\/cs\/zasady-ochrany-osobnich-udaju\/#Ko-Tropfen-Kaufencom_Datenschutzrichtlinie\" >Ko-Tropfen-Kaufen.com Z\u00e1sady ochrany osobn\u00edch \u00fadaj\u016f<\/a><\/li><li class='ez-toc-page-1 ez-toc-heading-level-3'><a class=\"ez-toc-link ez-toc-heading-2\" href=\"https:\/\/ko-tropfen-kaufen.com\/cs\/zasady-ochrany-osobnich-udaju\/#Erfassung_und_Verwendung_von_Daten\" >Shroma\u017e\u010fov\u00e1n\u00ed a pou\u017e\u00edv\u00e1n\u00ed \u00fadaj\u016f<\/a><ul class='ez-toc-list-level-4' ><li class='ez-toc-heading-level-4'><a class=\"ez-toc-link ez-toc-heading-3\" href=\"https:\/\/ko-tropfen-kaufen.com\/cs\/zasady-ochrany-osobnich-udaju\/#Personliche_Daten\" >Osobn\u00ed \u00fadaje<\/a><\/li><li class='ez-toc-page-1 ez-toc-heading-level-4'><a class=\"ez-toc-link ez-toc-heading-4\" href=\"https:\/\/ko-tropfen-kaufen.com\/cs\/zasady-ochrany-osobnich-udaju\/#Automatisch_erfasste_Daten\" >Automaticky zaznamenan\u00e1 data<\/a><\/li><\/ul><\/li><li class='ez-toc-page-1 ez-toc-heading-level-3'><a class=\"ez-toc-link ez-toc-heading-5\" href=\"https:\/\/ko-tropfen-kaufen.com\/cs\/zasady-ochrany-osobnich-udaju\/#Verwendung_von_Cookies\" >Pou\u017e\u00edv\u00e1n\u00ed soubor\u016f cookie<\/a><\/li><li class='ez-toc-page-1 ez-toc-heading-level-3'><a class=\"ez-toc-link ez-toc-heading-6\" href=\"https:\/\/ko-tropfen-kaufen.com\/cs\/zasady-ochrany-osobnich-udaju\/#Weitergabe_von_Daten\" >P\u0159ed\u00e1v\u00e1n\u00ed dat<\/a><\/li><li class='ez-toc-page-1 ez-toc-heading-level-3'><a class=\"ez-toc-link ez-toc-heading-7\" href=\"https:\/\/ko-tropfen-kaufen.com\/cs\/zasady-ochrany-osobnich-udaju\/#Datensicherheit\" >Zabezpe\u010den\u00ed dat<\/a><\/li><li class='ez-toc-page-1 ez-toc-heading-level-3'><a class=\"ez-toc-link ez-toc-heading-8\" href=\"https:\/\/ko-tropfen-kaufen.com\/cs\/zasady-ochrany-osobnich-udaju\/#Ihre_Rechte\" >Va\u0161e pr\u00e1va<\/a><\/li><li class='ez-toc-page-1 ez-toc-heading-level-3'><a class=\"ez-toc-link ez-toc-heading-9\" href=\"https:\/\/ko-tropfen-kaufen.com\/cs\/zasady-ochrany-osobnich-udaju\/#Anderungen_an_dieser_Datenschutzrichtlinie\" >Zm\u011bny t\u011bchto z\u00e1sad ochrany osobn\u00edch \u00fadaj\u016f<\/a><\/li><li class='ez-toc-page-1 ez-toc-heading-level-3'><a class=\"ez-toc-link ez-toc-heading-10\" href=\"https:\/\/ko-tropfen-kaufen.com\/cs\/zasady-ochrany-osobnich-udaju\/#Kontakt\" >Kontaktujte n\u00e1s<\/a><\/li><\/ul><\/nav><\/div>\n<h3 class=\"wp-block-heading\" id=\"h-ko-tropfen-kaufen-com-datenschutzrichtlinie\"><span class=\"ez-toc-section\" id=\"Ko-Tropfen-Kaufencom_Datenschutzrichtlinie\"><\/span>Ko-Tropfen-Kaufen.com Z\u00e1sady ochrany osobn\u00edch \u00fadaj\u016f<span class=\"ez-toc-section-end\"><\/span><\/h3>\n\n\n\n<p>S <a href=\"https:\/\/ko-tropfen-kaufen.com?v=820eb5b696ea\">Koupit-co-drops.com<\/a> p\u0159ikl\u00e1d\u00e1me velk\u00fd v\u00fdznam ochran\u011b va\u0161eho soukrom\u00ed a bezpe\u010dnosti va\u0161ich osobn\u00edch \u00fadaj\u016f. Tyto z\u00e1sady ochrany osobn\u00edch \u00fadaj\u016f vysv\u011btluj\u00ed, jak\u00e9 informace shroma\u017e\u010fujeme, jak je pou\u017e\u00edv\u00e1me a jak\u00e1 opat\u0159en\u00ed p\u0159ij\u00edm\u00e1me k ochran\u011b va\u0161ich \u00fadaj\u016f.<\/p>\n\n\n\n<h3 class=\"wp-block-heading\" id=\"h-erfassung-und-verwendung-von-daten\"><span class=\"ez-toc-section\" id=\"Erfassung_und_Verwendung_von_Daten\"><\/span>Shroma\u017e\u010fov\u00e1n\u00ed a pou\u017e\u00edv\u00e1n\u00ed \u00fadaj\u016f<span class=\"ez-toc-section-end\"><\/span><\/h3>\n\n\n\n<h4 class=\"wp-block-heading\" id=\"h-personliche-daten\"><span class=\"ez-toc-section\" id=\"Personliche_Daten\"><\/span>Osobn\u00ed \u00fadaje<span class=\"ez-toc-section-end\"><\/span><\/h4>\n\n\n\n<p>Shroma\u017e\u010fujeme osobn\u00ed \u00fadaje, kter\u00e9 n\u00e1m dobrovoln\u011b poskytnete, kdy\u017e pou\u017e\u00edv\u00e1te na\u0161e webov\u00e9 str\u00e1nky, jako jsou nap\u0159.<\/p>\n\n\n\n<ul class=\"wp-block-list\">\n<li>N\u00e1zev<\/li>\n\n\n\n<li>Adresa<\/li>\n\n\n\n<li>E-mailov\u00e1 adresa<\/li>\n\n\n\n<li>Telefonn\u00ed \u010d\u00edslo<\/li>\n\n\n\n<li>Informace o platb\u011b<\/li>\n<\/ul>\n\n\n\n<p>Tyto informace slou\u017e\u00ed ke zpracov\u00e1n\u00ed va\u0161ich objedn\u00e1vek, poskytov\u00e1n\u00ed z\u00e1kaznick\u00e9 podpory a zas\u00edl\u00e1n\u00ed relevantn\u00edch informac\u00ed a nab\u00eddek.<\/p>\n\n\n\n<h4 class=\"wp-block-heading\" id=\"h-automatisch-erfasste-daten\"><span class=\"ez-toc-section\" id=\"Automatisch_erfasste_Daten\"><\/span>Automaticky zaznamenan\u00e1 data<span class=\"ez-toc-section-end\"><\/span><\/h4>\n\n\n\n<p>Kdy\u017e nav\u0161t\u00edv\u00edte na\u0161e webov\u00e9 str\u00e1nky, automaticky shroma\u017e\u010fujeme ur\u010dit\u00e9 informace o va\u0161em za\u0159\u00edzen\u00ed a va\u0161em pou\u017e\u00edv\u00e1n\u00ed na\u0161ich webov\u00fdch str\u00e1nek, v\u010detn\u011b:<\/p>\n\n\n\n<ul class=\"wp-block-list\">\n<li>IP adresa<\/li>\n\n\n\n<li>Typ a verze prohl\u00ed\u017ee\u010de<\/li>\n\n\n\n<li>Referen\u010dn\u00ed adresa URL<\/li>\n\n\n\n<li>Datum a \u010das p\u0159\u00edstupu<\/li>\n\n\n\n<li>Nav\u0161t\u00edven\u00e9 str\u00e1nky a odkazy, na kter\u00e9 bylo kliknuto<\/li>\n<\/ul>\n\n\n\n<p>Tyto informace n\u00e1m pom\u00e1haj\u00ed zlep\u0161ovat na\u0161e webov\u00e9 str\u00e1nky a optimalizovat u\u017eivatelsk\u00e9 prost\u0159ed\u00ed.<\/p>\n\n\n\n<h3 class=\"wp-block-heading\" id=\"h-verwendung-von-cookies\"><span class=\"ez-toc-section\" id=\"Verwendung_von_Cookies\"><\/span>Pou\u017e\u00edv\u00e1n\u00ed soubor\u016f cookie<span class=\"ez-toc-section-end\"><\/span><\/h3>\n\n\n\n<p>Na\u0161e webov\u00e9 str\u00e1nky pou\u017e\u00edvaj\u00ed soubory cookie ke zlep\u0161en\u00ed u\u017eivatelsk\u00e9ho komfortu a k poskytov\u00e1n\u00ed ur\u010dit\u00fdch funkc\u00ed. Soubory cookie jsou mal\u00e9 textov\u00e9 soubory, kter\u00e9 se ukl\u00e1daj\u00ed ve va\u0161em za\u0159\u00edzen\u00ed. Pou\u017e\u00edv\u00e1n\u00ed soubor\u016f cookie m\u016f\u017eete v nastaven\u00ed prohl\u00ed\u017ee\u010de zak\u00e1zat, co\u017e v\u0161ak m\u016f\u017ee ovlivnit funk\u010dnost na\u0161ich webov\u00fdch str\u00e1nek.<\/p>\n\n\n\n<h3 class=\"wp-block-heading\" id=\"h-weitergabe-von-daten\"><span class=\"ez-toc-section\" id=\"Weitergabe_von_Daten\"><\/span>P\u0159ed\u00e1v\u00e1n\u00ed dat<span class=\"ez-toc-section-end\"><\/span><\/h3>\n\n\n\n<p>Va\u0161e osobn\u00ed \u00fadaje nep\u0159ed\u00e1v\u00e1me t\u0159et\u00edm stran\u00e1m, s v\u00fdjimkou n\u00e1sleduj\u00edc\u00edch p\u0159\u00edpad\u016f:<\/p>\n\n\n\n<ul class=\"wp-block-list\">\n<li><strong>Poskytovatel slu\u017eeb:<\/strong> Spolupracujeme s d\u016fv\u011bryhodn\u00fdmi poskytovateli slu\u017eeb, kte\u0159\u00ed na\u0161\u00edm jm\u00e9nem prov\u00e1d\u011bj\u00ed ur\u010dit\u00e9 \u00fakoly, nap\u0159\u00edklad zpracov\u00e1n\u00ed plateb a p\u0159epravu. Tito poskytovatel\u00e9 slu\u017eeb maj\u00ed p\u0159\u00edstup pouze k informac\u00edm, kter\u00e9 pot\u0159ebuj\u00ed k pln\u011bn\u00ed sv\u00fdch \u00fakol\u016f, a jsou smluvn\u011b zav\u00e1z\u00e1ni k ochran\u011b va\u0161ich \u00fadaj\u016f.<\/li>\n\n\n\n<li><strong>Pr\u00e1vn\u00ed po\u017eadavky:<\/strong> Va\u0161e \u00fadaje m\u016f\u017eeme zve\u0159ejnit, pokud to vy\u017eaduje z\u00e1kon nebo ochrana na\u0161ich pr\u00e1v.<\/li>\n<\/ul>\n\n\n\n<h3 class=\"wp-block-heading\" id=\"h-datensicherheit\"><span class=\"ez-toc-section\" id=\"Datensicherheit\"><\/span>Zabezpe\u010den\u00ed dat<span class=\"ez-toc-section-end\"><\/span><\/h3>\n\n\n\n<p>K ochran\u011b va\u0161ich osobn\u00edch \u00fadaj\u016f p\u0159ed neopr\u00e1vn\u011bn\u00fdm p\u0159\u00edstupem, ztr\u00e1tou nebo zneu\u017eit\u00edm pou\u017e\u00edv\u00e1me vhodn\u00e1 technick\u00e1 a organiza\u010dn\u00ed opat\u0159en\u00ed. Pat\u0159\u00ed mezi n\u011b \u0161ifrov\u00e1n\u00ed citliv\u00fdch informac\u00ed a pravideln\u00e9 bezpe\u010dnostn\u00ed kontroly.<\/p>\n\n\n\n<h3 class=\"wp-block-heading\" id=\"h-ihre-rechte\"><span class=\"ez-toc-section\" id=\"Ihre_Rechte\"><\/span>Va\u0161e pr\u00e1va<span class=\"ez-toc-section-end\"><\/span><\/h3>\n\n\n\n<p>M\u00e1te pr\u00e1vo kdykoli obdr\u017eet informace o n\u00e1mi ulo\u017een\u00fdch osobn\u00edch \u00fadaj\u00edch, po\u017e\u00e1dat o jejich opravu nebo vymaz\u00e1n\u00ed a vzn\u00e9st n\u00e1mitku proti zpracov\u00e1n\u00ed va\u0161ich \u00fadaj\u016f. Za t\u00edmto \u00fa\u010delem n\u00e1s pros\u00edm kontaktujte na adrese <a>support@ko-tropfen-kaufen.com<\/a>.<\/p>\n\n\n\n<h3 class=\"wp-block-heading\" id=\"h-anderungen-an-dieser-datenschutzrichtlinie\"><span class=\"ez-toc-section\" id=\"Anderungen_an_dieser_Datenschutzrichtlinie\"><\/span>Zm\u011bny t\u011bchto z\u00e1sad ochrany osobn\u00edch \u00fadaj\u016f<span class=\"ez-toc-section-end\"><\/span><\/h3>\n\n\n\n<p>Vyhrazujeme si pr\u00e1vo tyto z\u00e1sady ochrany osobn\u00edch \u00fadaj\u016f kdykoli aktualizovat. Zm\u011bny budou zve\u0159ejn\u011bny na t\u00e9to str\u00e1nce a vstoup\u00ed v platnost okam\u017eit\u011b. Doporu\u010dujeme, abyste tyto z\u00e1sady pravideln\u011b kontrolovali.<\/p>\n\n\n\n<h3 class=\"wp-block-heading\" id=\"h-kontakt\"><span class=\"ez-toc-section\" id=\"Kontakt\"><\/span>Kontaktujte n\u00e1s<span class=\"ez-toc-section-end\"><\/span><\/h3>\n\n\n\n<p>Pokud m\u00e1te jak\u00e9koli dotazy nebo obavy ohledn\u011b na\u0161ich z\u00e1sad ochrany osobn\u00edch \u00fadaj\u016f, kontaktujte n\u00e1s na adrese. <a>support@ko-tropfen-kaufen.com<\/a>. V\u017edy se sna\u017e\u00edme va\u0161e probl\u00e9my rychle a uspokojiv\u011b vy\u0159e\u0161it.<\/p>\n\n\n\n<p>D\u011bkujeme v\u00e1m za d\u016fv\u011bru v Ko-Tropfen-Kaufen.com!<\/p>","protected":false},"excerpt":{"rendered":"<p>Ko-Tropfen-Kaufen.com Datenschutzrichtlinie Bei Ko-Tropfen-Kaufen.com legen wir gro\u00dfen Wert auf den Schutz Ihrer Privatsph\u00e4re und die Sicherheit Ihrer pers\u00f6nlichen Daten. Diese Datenschutzrichtlinie erkl\u00e4rt, welche Informationen wir sammeln, wie wir sie verwenden und welche Ma\u00dfnahmen wir ergreifen, um Ihre Daten zu sch\u00fctzen. Erfassung und Verwendung von Daten Pers\u00f6nliche Daten Wir erfassen pers\u00f6nliche Daten, die Sie uns freiwillig [&hellip;]<\/p>\n","protected":false},"author":2,"featured_media":0,"parent":0,"menu_order":0,"comment_status":"closed","ping_status":"closed","template":"","meta":{"footnotes":""},"class_list":["post-15720","page","type-page","status-publish","hentry"],"blocksy_meta":[],"jetpack_sharing_enabled":true,"_links":{"self":[{"href":"https:\/\/ko-tropfen-kaufen.com\/cs\/wp-json\/wp\/v2\/pages\/15720","targetHints":{"allow":["GET"]}}],"collection":[{"href":"https:\/\/ko-tropfen-kaufen.com\/cs\/wp-json\/wp\/v2\/pages"}],"about":[{"href":"https:\/\/ko-tropfen-kaufen.com\/cs\/wp-json\/wp\/v2\/types\/page"}],"author":[{"embeddable":true,"href":"https:\/\/ko-tropfen-kaufen.com\/cs\/wp-json\/wp\/v2\/users\/2"}],"replies":[{"embeddable":true,"href":"https:\/\/ko-tropfen-kaufen.com\/cs\/wp-json\/wp\/v2\/comments?post=15720"}],"version-history":[{"count":1,"href":"https:\/\/ko-tropfen-kaufen.com\/cs\/wp-json\/wp\/v2\/pages\/15720\/revisions"}],"predecessor-version":[{"id":15721,"href":"https:\/\/ko-tropfen-kaufen.com\/cs\/wp-json\/wp\/v2\/pages\/15720\/revisions\/15721"}],"wp:attachment":[{"href":"https:\/\/ko-tropfen-kaufen.com\/cs\/wp-json\/wp\/v2\/media?parent=15720"}],"curies":[{"name":"wp","href":"https:\/\/api.w.org\/{rel}","templated":true}]}}