{"id":15717,"date":"2024-11-25T21:29:54","date_gmt":"2024-11-25T20:29:54","guid":{"rendered":"https:\/\/ko-tropfen-kaufen.com\/?page_id=15717"},"modified":"2025-11-24T16:12:52","modified_gmt":"2025-11-24T15:12:52","slug":"dotazy-tykajici-se-gbl-a-ghb","status":"publish","type":"page","link":"https:\/\/ko-tropfen-kaufen.com\/cs\/dotazy-tykajici-se-gbl-a-ghb\/","title":{"rendered":"Nej\u010dast\u011bj\u0161\u00ed dotazy"},"content":{"rendered":"<div id=\"ez-toc-container\" class=\"ez-toc-v2_0_82_2 counter-hierarchy ez-toc-counter ez-toc-grey ez-toc-container-direction\">\n<div class=\"ez-toc-title-container\">\n<p class=\"ez-toc-title\" style=\"cursor:inherit\">Obsah<\/p>\n<span class=\"ez-toc-title-toggle\"><a href=\"#\" class=\"ez-toc-pull-right ez-toc-btn ez-toc-btn-xs ez-toc-btn-default ez-toc-toggle\" aria-label=\"P\u0159epnut\u00ed tabulky obsahu\"><span class=\"ez-toc-js-icon-con\"><span class=\"\"><span class=\"eztoc-hide\" style=\"display:none;\">P\u0159ep\u00edna\u010d<\/span><span class=\"ez-toc-icon-toggle-span\"><svg style=\"fill: #999;color:#999\" xmlns=\"http:\/\/www.w3.org\/2000\/svg\" class=\"list-377408\" width=\"20px\" height=\"20px\" viewbox=\"0 0 24 24\" fill=\"none\"><path d=\"M6 6H4v2h2V6zm14 0H8v2h12V6zM4 11h2v2H4v-2zm16 0H8v2h12v-2zM4 16h2v2H4v-2zm16 0H8v2h12v-2z\" fill=\"currentColor\"><\/path><\/svg><svg style=\"fill: #999;color:#999\" class=\"arrow-unsorted-368013\" xmlns=\"http:\/\/www.w3.org\/2000\/svg\" width=\"10px\" height=\"10px\" viewbox=\"0 0 24 24\" version=\"1.2\" baseprofile=\"tiny\"><path d=\"M18.2 9.3l-6.2-6.3-6.2 6.3c-.2.2-.3.4-.3.7s.1.5.3.7c.2.2.4.3.7.3h11c.3 0 .5-.1.7-.3.2-.2.3-.5.3-.7s-.1-.5-.3-.7zM5.8 14.7l6.2 6.3 6.2-6.3c.2-.2.3-.5.3-.7s-.1-.5-.3-.7c-.2-.2-.4-.3-.7-.3h-11c-.3 0-.5.1-.7.3-.2.2-.3.5-.3.7s.1.5.3.7z\"\/><\/svg><\/span><\/span><\/span><\/a><\/span><\/div>\n<nav><ul class='ez-toc-list ez-toc-list-level-1' ><li class='ez-toc-page-1 ez-toc-heading-level-1'><a class=\"ez-toc-link ez-toc-heading-1\" href=\"https:\/\/ko-tropfen-kaufen.com\/cs\/dotazy-tykajici-se-gbl-a-ghb\/#FAQs_zu_GBL_und_GHB\" >\u010casto kladen\u00e9 ot\u00e1zky t\u00fdkaj\u00edc\u00ed se GBL a GHB<\/a><ul class='ez-toc-list-level-3' ><li class='ez-toc-heading-level-3'><ul class='ez-toc-list-level-3' ><li class='ez-toc-heading-level-3'><a class=\"ez-toc-link ez-toc-heading-2\" href=\"https:\/\/ko-tropfen-kaufen.com\/cs\/dotazy-tykajici-se-gbl-a-ghb\/#Was_sind_GBL_und_GHB\" >Co jsou GBL a GHB?<\/a><\/li><li class='ez-toc-page-1 ez-toc-heading-level-3'><a class=\"ez-toc-link ez-toc-heading-3\" href=\"https:\/\/ko-tropfen-kaufen.com\/cs\/dotazy-tykajici-se-gbl-a-ghb\/#Wie_werden_GBL_und_GHB_konsumiert\" >Jak se GBL a GHB konzumuj\u00ed?<\/a><\/li><li class='ez-toc-page-1 ez-toc-heading-level-3'><a class=\"ez-toc-link ez-toc-heading-4\" href=\"https:\/\/ko-tropfen-kaufen.com\/cs\/dotazy-tykajici-se-gbl-a-ghb\/#Welche_Wirkungen_haben_GBL_und_GHB\" >Jak\u00e9 jsou \u00fa\u010dinky GBL a GHB?<\/a><\/li><li class='ez-toc-page-1 ez-toc-heading-level-3'><a class=\"ez-toc-link ez-toc-heading-5\" href=\"https:\/\/ko-tropfen-kaufen.com\/cs\/dotazy-tykajici-se-gbl-a-ghb\/#Was_sind_die_Risiken_und_Nebenwirkungen\" >Jak\u00e1 jsou rizika a vedlej\u0161\u00ed \u00fa\u010dinky?<\/a><\/li><li class='ez-toc-page-1 ez-toc-heading-level-3'><a class=\"ez-toc-link ez-toc-heading-6\" href=\"https:\/\/ko-tropfen-kaufen.com\/cs\/dotazy-tykajici-se-gbl-a-ghb\/#Warum_werden_GBL_und_GHB_manchmal_als_%E2%80%9EK-o-Tropfen%E2%80%9C_bezeichnet\" >Pro\u010d se GBL a GHB n\u011bkdy ozna\u010duj\u00ed jako \"knockout drops\"?<\/a><\/li><li class='ez-toc-page-1 ez-toc-heading-level-3'><a class=\"ez-toc-link ez-toc-heading-7\" href=\"https:\/\/ko-tropfen-kaufen.com\/cs\/dotazy-tykajici-se-gbl-a-ghb\/#Wie_kann_man_das_Risiko_bei_der_Verwendung_von_GBL_oder_GHB_minimieren\" >Jak m\u016f\u017eete minimalizovat riziko p\u0159i u\u017e\u00edv\u00e1n\u00ed GBL nebo GHB?<\/a><\/li><li class='ez-toc-page-1 ez-toc-heading-level-3'><a class=\"ez-toc-link ez-toc-heading-8\" href=\"https:\/\/ko-tropfen-kaufen.com\/cs\/dotazy-tykajici-se-gbl-a-ghb\/#Was_sollte_man_im_Falle_einer_Uberdosierung_tun\" >Co m\u00e1m d\u011blat v p\u0159\u00edpad\u011b p\u0159ed\u00e1vkov\u00e1n\u00ed?<\/a><\/li><\/ul><\/li><\/ul><\/li><\/ul><\/nav><\/div>\n<h1 class=\"wp-block-heading\" id=\"h-faqs-zu-gbl-und-ghb\"><span class=\"ez-toc-section\" id=\"FAQs_zu_GBL_und_GHB\"><\/span>\u010casto kladen\u00e9 ot\u00e1zky t\u00fdkaj\u00edc\u00ed se GBL a GHB<span class=\"ez-toc-section-end\"><\/span><\/h1>\n\n\n\n<p>Najd\u011bte odpov\u011bdi na \u010dasto kladen\u00e9 ot\u00e1zky t\u00fdkaj\u00edc\u00ed se na\u0161ich<a href=\"https:\/\/ko-tropfen-kaufen.com\/product\/gbl-kaufen-legal\/\" data-type=\"product\" data-id=\"15632\"> GBL<\/a>- a <a href=\"https:\/\/ko-tropfen-kaufen.com\/product\/ghb-kaufen\/\" data-type=\"product\" data-id=\"15622\">GHB<\/a>-v\u00fdrobky a slu\u017eby.<\/p>\n\n\n\n<h3 class=\"wp-block-heading\" id=\"h-was-sind-gbl-und-ghb\"><span class=\"ez-toc-section\" id=\"Was_sind_GBL_und_GHB\"><\/span><strong>Co jsou GBL a GHB?<\/strong><span class=\"ez-toc-section-end\"><\/span><\/h3>\n\n\n\n<p>GBL (gama-butyrolakton) a GHB (gama-hydroxybutyr\u00e1t) jsou chemicky podobn\u00e9 l\u00e1tky. GBL je prekurzorem GHB a v t\u011ble se p\u0159em\u011b\u0148uje na GHB. Ob\u011b jsou l\u00e1tky tlum\u00edc\u00ed CNS se sedativn\u00edmi a euforizuj\u00edc\u00edmi \u00fa\u010dinky (<a href=\"https:\/\/www.alcoholanddrugsaction.org.uk\/a-to-z\/ghb-gbl\" target=\"_blank\" rel=\"noreferrer noopener\">Akce Alkohol a drogy<\/a>).<\/p>\n\n\n\n<h3 class=\"wp-block-heading\" id=\"h-wie-werden-gbl-und-ghb-konsumiert\"><span class=\"ez-toc-section\" id=\"Wie_werden_GBL_und_GHB_konsumiert\"><\/span><strong>Jak se GBL a GHB konzumuj\u00ed?<\/strong><span class=\"ez-toc-section-end\"><\/span><\/h3>\n\n\n\n<p>Ob\u011b l\u00e1tky se obvykle u\u017e\u00edvaj\u00ed peror\u00e1ln\u011b. GHB je \u010dasto k dispozici v \u010dir\u00e9 kapaln\u00e9 form\u011b bez z\u00e1pachu a t\u00e9m\u011b\u0159 bez chuti. GBL se obvykle \u0159ed\u00ed d\u017eusem nebo jin\u00fdmi tekutinami kv\u016fli sv\u00e9 siln\u00e9 chemick\u00e9 chuti.<\/p>\n\n\n\n<h3 class=\"wp-block-heading\" id=\"h-welche-wirkungen-haben-gbl-und-ghb\"><span class=\"ez-toc-section\" id=\"Welche_Wirkungen_haben_GBL_und_GHB\"><\/span><strong>Jak\u00e9 jsou \u00fa\u010dinky GBL a GHB?<\/strong><span class=\"ez-toc-section-end\"><\/span><\/h3>\n\n\n\n<p>Mezi \u00fa\u010dinky pat\u0159\u00ed euforie, sn\u00ed\u017een\u00ed z\u00e1bran a ospalost. P\u0159i vy\u0161\u0161\u00edch d\u00e1vk\u00e1ch mohou zp\u016fsobit zmatenost, bezv\u011bdom\u00ed a \u00fatlum d\u00fdch\u00e1n\u00ed. \u00da\u010dinky se mohou dostavit b\u011bhem 10-60 minut a trvat a\u017e sedm hodin (<a href=\"https:\/\/www.drugfacts.org.uk\/index.php?title=GBL_\/_GHB\" target=\"_blank\" rel=\"noreferrer noopener\">DrugFacts<\/a>) (<a href=\"https:\/\/www.cads.org.nz\/reducing-harm\/drugs\/ghb-gbl-and-14b-g-gbh-one4b-liquid-ecstasy-fantasy\/\" target=\"_blank\" rel=\"noreferrer noopener\">CADS Auckland<\/a>).<\/p>\n\n\n\n<h3 class=\"wp-block-heading\" id=\"h-was-sind-die-risiken-und-nebenwirkungen\"><span class=\"ez-toc-section\" id=\"Was_sind_die_Risiken_und_Nebenwirkungen\"><\/span><strong>Jak\u00e1 jsou rizika a vedlej\u0161\u00ed \u00fa\u010dinky?<\/strong><span class=\"ez-toc-section-end\"><\/span><\/h3>\n\n\n\n<p>Kr\u00e1tkodob\u00e9 \u00fa\u010dinky zahrnuj\u00ed nevolnost, zvracen\u00ed, ztr\u00e1tu pam\u011bti a sn\u00ed\u017een\u00ed srde\u010dn\u00ed frekvence. Riziko p\u0159ed\u00e1vkov\u00e1n\u00ed je zna\u010dn\u00e9, zejm\u00e9na ve sm\u011bsi s alkoholem nebo jin\u00fdmi tlumiv\u00fdmi l\u00e1tkami, co\u017e m\u016f\u017ee v\u00e9st ke k\u00f3matu nebo smrti. Dlouhodob\u00e9 u\u017e\u00edv\u00e1n\u00ed m\u016f\u017ee v\u00e9st k z\u00e1vislosti, abstinen\u010dn\u00edm p\u0159\u00edznak\u016fm a z\u00e1va\u017en\u00fdm zdravotn\u00edm probl\u00e9m\u016fm.<\/p>\n\n\n\n<h3 class=\"wp-block-heading\" id=\"h-warum-werden-gbl-und-ghb-manchmal-als-k-o-tropfen-bezeichnet\"><span class=\"ez-toc-section\" id=\"Warum_werden_GBL_und_GHB_manchmal_als_%E2%80%9EK-o-Tropfen%E2%80%9C_bezeichnet\"><\/span><strong>Pro\u010d se GBL a GHB n\u011bkdy ozna\u010duj\u00ed jako \"knockout drops\"?<\/strong><span class=\"ez-toc-section-end\"><\/span><\/h3>\n\n\n\n<p>D\u00edky sv\u00fdm sedativn\u00edm \u00fa\u010dink\u016fm a skute\u010dnosti, \u017ee jsou \u010dasto bezbarv\u00e9 a bez chuti, byly GBL a GHB pou\u017e\u00edv\u00e1ny k usnadn\u011bn\u00ed sexu\u00e1ln\u00edch trestn\u00fdch \u010din\u016f t\u00edm, \u017ee ob\u011bti bez jejich v\u011bdom\u00ed uspaly.<\/p>\n\n\n\n<h3 class=\"wp-block-heading\" id=\"h-wie-kann-man-das-risiko-bei-der-verwendung-von-gbl-oder-ghb-minimieren\"><span class=\"ez-toc-section\" id=\"Wie_kann_man_das_Risiko_bei_der_Verwendung_von_GBL_oder_GHB_minimieren\"><\/span><strong>Jak m\u016f\u017eete minimalizovat riziko p\u0159i u\u017e\u00edv\u00e1n\u00ed GBL nebo GHB?<\/strong><span class=\"ez-toc-section-end\"><\/span><\/h3>\n\n\n\n<p>Vyhn\u011bte se u\u017e\u00edv\u00e1n\u00ed o samot\u011b, v\u017edy z\u016fsta\u0148te s p\u0159\u00e1teli a ujist\u011bte se, \u017ee n\u011bkdo v\u00ed, co jste si vzali. D\u00e1vejte si pozor na zdroj drogy, proto\u017ee s\u00edla se m\u016f\u017ee li\u0161it. Nikdy nem\u00edchejte s alkoholem nebo jin\u00fdmi uklid\u0148uj\u00edc\u00edmi l\u00e9ky, proto\u017ee riziko p\u0159ed\u00e1vkov\u00e1n\u00ed je vysok\u00e9.<\/p>\n\n\n\n<h3 class=\"wp-block-heading\" id=\"h-was-sollte-man-im-falle-einer-uberdosierung-tun\"><span class=\"ez-toc-section\" id=\"Was_sollte_man_im_Falle_einer_Uberdosierung_tun\"><\/span><strong>Co m\u00e1m d\u011blat v p\u0159\u00edpad\u011b p\u0159ed\u00e1vkov\u00e1n\u00ed?<\/strong><span class=\"ez-toc-section-end\"><\/span><\/h3>\n\n\n\n<p>Pokud n\u011bkdo po u\u017eit\u00ed GBL nebo GHB ztrat\u00ed v\u011bdom\u00ed, je d\u016fle\u017eit\u00e9 okam\u017eit\u011b zavolat z\u00e1chrannou slu\u017ebu. Do p\u0159\u00edjezdu pomoci udr\u017eujte osobu p\u0159i v\u011bdom\u00ed a v bezpe\u010dn\u00e9 poloze.<\/p>","protected":false},"excerpt":{"rendered":"<p>FAQs zu GBL und GHB Finden Sie Antworten auf h\u00e4ufig gestellte Fragen zu unseren GBL&#8211; und GHB-Produkten und -Dienstleistungen. Was sind GBL und GHB? GBL (Gamma-Butyrolacton) und GHB (Gamma-Hydroxybutyrat) sind chemisch \u00e4hnliche Substanzen. GBL ist eine Vorstufe von GHB und wird im K\u00f6rper zu GHB umgewandelt. Beide sind ZNS-Depressiva mit sedativen und euphorisierenden Effekten\u200b (Alcohol [&hellip;]<\/p>\n","protected":false},"author":2,"featured_media":0,"parent":0,"menu_order":0,"comment_status":"closed","ping_status":"closed","template":"","meta":{"footnotes":""},"class_list":["post-15717","page","type-page","status-publish","hentry"],"blocksy_meta":[],"jetpack_sharing_enabled":true,"_links":{"self":[{"href":"https:\/\/ko-tropfen-kaufen.com\/cs\/wp-json\/wp\/v2\/pages\/15717","targetHints":{"allow":["GET"]}}],"collection":[{"href":"https:\/\/ko-tropfen-kaufen.com\/cs\/wp-json\/wp\/v2\/pages"}],"about":[{"href":"https:\/\/ko-tropfen-kaufen.com\/cs\/wp-json\/wp\/v2\/types\/page"}],"author":[{"embeddable":true,"href":"https:\/\/ko-tropfen-kaufen.com\/cs\/wp-json\/wp\/v2\/users\/2"}],"replies":[{"embeddable":true,"href":"https:\/\/ko-tropfen-kaufen.com\/cs\/wp-json\/wp\/v2\/comments?post=15717"}],"version-history":[{"count":2,"href":"https:\/\/ko-tropfen-kaufen.com\/cs\/wp-json\/wp\/v2\/pages\/15717\/revisions"}],"predecessor-version":[{"id":15886,"href":"https:\/\/ko-tropfen-kaufen.com\/cs\/wp-json\/wp\/v2\/pages\/15717\/revisions\/15886"}],"wp:attachment":[{"href":"https:\/\/ko-tropfen-kaufen.com\/cs\/wp-json\/wp\/v2\/media?parent=15717"}],"curies":[{"name":"wp","href":"https:\/\/api.w.org\/{rel}","templated":true}]}}