{"id":15715,"date":"2024-11-25T20:20:18","date_gmt":"2024-11-25T20:20:18","guid":{"rendered":"https:\/\/ko-tropfen-kaufen.com\/?page_id=15715"},"modified":"2024-11-28T18:29:42","modified_gmt":"2024-11-28T18:29:42","slug":"pravo-na-navrat","status":"publish","type":"page","link":"https:\/\/ko-tropfen-kaufen.com\/cs\/pravo-na-navrat\/","title":{"rendered":"Pr\u00e1vo na n\u00e1vrat"},"content":{"rendered":"<div id=\"ez-toc-container\" class=\"ez-toc-v2_0_82_2 counter-hierarchy ez-toc-counter ez-toc-grey ez-toc-container-direction\">\n<div class=\"ez-toc-title-container\">\n<p class=\"ez-toc-title\" style=\"cursor:inherit\">Obsah<\/p>\n<span class=\"ez-toc-title-toggle\"><a href=\"#\" class=\"ez-toc-pull-right ez-toc-btn ez-toc-btn-xs ez-toc-btn-default ez-toc-toggle\" aria-label=\"P\u0159epnut\u00ed tabulky obsahu\"><span class=\"ez-toc-js-icon-con\"><span class=\"\"><span class=\"eztoc-hide\" style=\"display:none;\">P\u0159ep\u00edna\u010d<\/span><span class=\"ez-toc-icon-toggle-span\"><svg style=\"fill: #999;color:#999\" xmlns=\"http:\/\/www.w3.org\/2000\/svg\" class=\"list-377408\" width=\"20px\" height=\"20px\" viewbox=\"0 0 24 24\" fill=\"none\"><path d=\"M6 6H4v2h2V6zm14 0H8v2h12V6zM4 11h2v2H4v-2zm16 0H8v2h12v-2zM4 16h2v2H4v-2zm16 0H8v2h12v-2z\" fill=\"currentColor\"><\/path><\/svg><svg style=\"fill: #999;color:#999\" class=\"arrow-unsorted-368013\" xmlns=\"http:\/\/www.w3.org\/2000\/svg\" width=\"10px\" height=\"10px\" viewbox=\"0 0 24 24\" version=\"1.2\" baseprofile=\"tiny\"><path d=\"M18.2 9.3l-6.2-6.3-6.2 6.3c-.2.2-.3.4-.3.7s.1.5.3.7c.2.2.4.3.7.3h11c.3 0 .5-.1.7-.3.2-.2.3-.5.3-.7s-.1-.5-.3-.7zM5.8 14.7l6.2 6.3 6.2-6.3c.2-.2.3-.5.3-.7s-.1-.5-.3-.7c-.2-.2-.4-.3-.7-.3h-11c-.3 0-.5.1-.7.3-.2.2-.3.5-.3.7s.1.5.3.7z\"\/><\/svg><\/span><\/span><\/span><\/a><\/span><\/div>\n<nav><ul class='ez-toc-list ez-toc-list-level-1' ><li class='ez-toc-page-1 ez-toc-heading-level-2'><a class=\"ez-toc-link ez-toc-heading-1\" href=\"https:\/\/ko-tropfen-kaufen.com\/cs\/pravo-na-navrat\/#ko-tropfen-kaufencom_Ruckgaberecht\" >ko-tropfen-kaufen.com Pr\u00e1vo na vr\u00e1cen\u00ed zbo\u017e\u00ed<\/a><ul class='ez-toc-list-level-3' ><li class='ez-toc-heading-level-3'><a class=\"ez-toc-link ez-toc-heading-2\" href=\"https:\/\/ko-tropfen-kaufen.com\/cs\/pravo-na-navrat\/#30-Tage-Geld-zuruck-Garantie\" >30denn\u00ed z\u00e1ruka vr\u00e1cen\u00ed pen\u011bz<\/a><\/li><li class='ez-toc-page-1 ez-toc-heading-level-3'><a class=\"ez-toc-link ez-toc-heading-3\" href=\"https:\/\/ko-tropfen-kaufen.com\/cs\/pravo-na-navrat\/#Voraussetzungen_fur_eine_Ruckerstattung\" >Po\u017eadavky na vr\u00e1cen\u00ed pen\u011bz<\/a><\/li><li class='ez-toc-page-1 ez-toc-heading-level-3'><a class=\"ez-toc-link ez-toc-heading-4\" href=\"https:\/\/ko-tropfen-kaufen.com\/cs\/pravo-na-navrat\/#Nicht_erstattungsfahige_Artikel\" >Nevratn\u00e9 polo\u017eky<\/a><\/li><li class='ez-toc-page-1 ez-toc-heading-level-3'><a class=\"ez-toc-link ez-toc-heading-5\" href=\"https:\/\/ko-tropfen-kaufen.com\/cs\/pravo-na-navrat\/#So_beantragen_Sie_eine_Ruckerstattung\" >Jak po\u017e\u00e1dat o vr\u00e1cen\u00ed pen\u011bz<\/a><\/li><li class='ez-toc-page-1 ez-toc-heading-level-3'><a class=\"ez-toc-link ez-toc-heading-6\" href=\"https:\/\/ko-tropfen-kaufen.com\/cs\/pravo-na-navrat\/#Bearbeitung_Ihrer_Ruckerstattung\" >Zpracov\u00e1n\u00ed n\u00e1hrady<\/a><\/li><li class='ez-toc-page-1 ez-toc-heading-level-3'><a class=\"ez-toc-link ez-toc-heading-7\" href=\"https:\/\/ko-tropfen-kaufen.com\/cs\/pravo-na-navrat\/#Kontaktieren_Sie_uns\" >Spojte se s n\u00e1mi<\/a><\/li><\/ul><\/li><\/ul><\/nav><\/div>\n<h2 class=\"wp-block-heading\" id=\"h-ko-tropfen-kaufen-com-ruckgaberecht\"><span class=\"ez-toc-section\" id=\"ko-tropfen-kaufencom_Ruckgaberecht\"><\/span>ko-tropfen-kaufen.com Pr\u00e1vo na vr\u00e1cen\u00ed zbo\u017e\u00ed<span class=\"ez-toc-section-end\"><\/span><\/h2>\n\n\n\n<p>S <a href=\"https:\/\/ko-tropfen-kaufen.com?v=820eb5b696ea\">Koupit-co-drops.com<\/a> sna\u017e\u00edme se, aby na\u0161i z\u00e1kazn\u00edci byli se sv\u00fdmi n\u00e1kupy naprosto spokojeni. Pokud z jak\u00e9hokoli d\u016fvodu nejste se svou objedn\u00e1vkou zcela spokojeni, pomohou v\u00e1m na\u0161e z\u00e1sady vr\u00e1cen\u00ed zbo\u017e\u00ed.<\/p>\n\n\n\n<h3 class=\"wp-block-heading\" id=\"h-30-tage-geld-zuruck-garantie\"><span class=\"ez-toc-section\" id=\"30-Tage-Geld-zuruck-Garantie\"><\/span>30denn\u00ed z\u00e1ruka vr\u00e1cen\u00ed pen\u011bz<span class=\"ez-toc-section-end\"><\/span><\/h3>\n\n\n\n<p>Na v\u0161echny na\u0161e produkty poskytujeme 30denn\u00ed z\u00e1ruku vr\u00e1cen\u00ed pen\u011bz. Pokud nejste s n\u00e1kupem spokojeni, m\u016f\u017eete po\u017e\u00e1dat o vr\u00e1cen\u00ed pen\u011bz do 30 dn\u016f od data n\u00e1kupu.<\/p>\n\n\n\n<h3 class=\"wp-block-heading\" id=\"h-voraussetzungen-fur-eine-ruckerstattung\"><span class=\"ez-toc-section\" id=\"Voraussetzungen_fur_eine_Ruckerstattung\"><\/span>Po\u017eadavky na vr\u00e1cen\u00ed pen\u011bz<span class=\"ez-toc-section-end\"><\/span><\/h3>\n\n\n\n<p>Abyste m\u011bli n\u00e1rok na vr\u00e1cen\u00ed pen\u011bz, mus\u00ed b\u00fdt spln\u011bny n\u00e1sleduj\u00edc\u00ed podm\u00ednky:<\/p>\n\n\n\n<ul class=\"wp-block-list\">\n<li>V\u00fdrobek mus\u00ed b\u00fdt vr\u00e1cen v p\u016fvodn\u00edm stavu, neotev\u0159en\u00fd a nepou\u017eit\u00fd.<\/li>\n\n\n\n<li>Je t\u0159eba p\u0159edlo\u017eit doklad o n\u00e1kupu (\u010d\u00edslo objedn\u00e1vky, \u00fa\u010dtenku nebo potvrzuj\u00edc\u00ed e-mail).<\/li>\n\n\n\n<li>\u017d\u00e1dost o vr\u00e1cen\u00ed pen\u011bz mus\u00ed b\u00fdt pod\u00e1na do 30 dn\u016f od data n\u00e1kupu.<\/li>\n<\/ul>\n\n\n\n<h3 class=\"wp-block-heading\" id=\"h-nicht-erstattungsfahige-artikel\"><span class=\"ez-toc-section\" id=\"Nicht_erstattungsfahige_Artikel\"><\/span>Nevratn\u00e9 polo\u017eky<span class=\"ez-toc-section-end\"><\/span><\/h3>\n\n\n\n<p>N\u011bkter\u00e9 polo\u017eky jsou nevratn\u00e9, v\u010detn\u011b:<\/p>\n\n\n\n<ul class=\"wp-block-list\">\n<li>Otev\u0159en\u00e9 nebo pou\u017eit\u00e9 v\u00fdrobky.<\/li>\n\n\n\n<li>Polo\u017eky, kter\u00e9 byly zakoupeny ve v\u00fdprodeji nebo ve speci\u00e1ln\u00ed nab\u00eddce.<\/li>\n<\/ul>\n\n\n\n<h3 class=\"wp-block-heading\" id=\"h-so-beantragen-sie-eine-ruckerstattung\"><span class=\"ez-toc-section\" id=\"So_beantragen_Sie_eine_Ruckerstattung\"><\/span>Jak po\u017e\u00e1dat o vr\u00e1cen\u00ed pen\u011bz<span class=\"ez-toc-section-end\"><\/span><\/h3>\n\n\n\n<ol class=\"wp-block-list\">\n<li><strong>Kontaktujte n\u00e1s:<\/strong> Po\u0161lete e-mail na\u0161emu t\u00fdmu z\u00e1kaznick\u00e9ho servisu na adresu support@ko-tropfen-kaufen.com s \u00fadaji o sv\u00e9 objedn\u00e1vce a d\u016fvodem vr\u00e1cen\u00ed pen\u011bz.<\/li>\n\n\n\n<li><strong>Povolen\u00ed k vr\u00e1cen\u00ed:<\/strong> N\u00e1\u0161 t\u00fdm v\u00e1m za\u0161le povolen\u00ed k vr\u00e1cen\u00ed a pokyny, jak v\u00fdrobek vr\u00e1tit.<\/li>\n\n\n\n<li><strong>Odeslat \u010dl\u00e1nek:<\/strong> Zbo\u017e\u00ed n\u00e1m za\u0161lete zp\u011bt v p\u016fvodn\u00edm obalu spolu s potvrzen\u00edm o vr\u00e1cen\u00ed.<\/li>\n<\/ol>\n\n\n\n<h3 class=\"wp-block-heading\" id=\"h-bearbeitung-ihrer-ruckerstattung\"><span class=\"ez-toc-section\" id=\"Bearbeitung_Ihrer_Ruckerstattung\"><\/span>Zpracov\u00e1n\u00ed n\u00e1hrady<span class=\"ez-toc-section-end\"><\/span><\/h3>\n\n\n\n<p>Po obdr\u017een\u00ed a kontrole vr\u00e1cen\u00e9ho v\u00fdrobku v\u00e1s budeme informovat e-mailem. Pokud bude vr\u00e1cen\u00ed pen\u011bz schv\u00e1leno, bude zpracov\u00e1no a pen\u00edze budou p\u0159ips\u00e1ny na v\u00e1\u0161 p\u016fvodn\u00ed zp\u016fsob platby do 5-7 pracovn\u00edch dn\u016f.<\/p>\n\n\n\n<h3 class=\"wp-block-heading\" id=\"h-kontaktieren-sie-uns\"><span class=\"ez-toc-section\" id=\"Kontaktieren_Sie_uns\"><\/span>Spojte se s n\u00e1mi<span class=\"ez-toc-section-end\"><\/span><\/h3>\n\n\n\n<p>M\u00e1te-li jak\u00e9koli dotazy t\u00fdkaj\u00edc\u00ed se na\u0161ich z\u00e1sad pro vracen\u00ed zbo\u017e\u00ed, kontaktujte pros\u00edm n\u00e1\u0161 z\u00e1kaznick\u00fd servis na adrese support@ko-tropfen-kaufen.com. Jsme tu pro v\u00e1s, abychom v\u00e1m pomohli a zajistili, \u017ee va\u0161e n\u00e1kupn\u00ed zku\u0161enosti budou uspokojiv\u00e9.<\/p>\n\n\n\n<p>D\u011bkujeme, \u017ee jste nakoupili u Ko-Tropfen-Kaufen.com!<\/p>","protected":false},"excerpt":{"rendered":"<p>ko-tropfen-kaufen.com R\u00fcckgaberecht Bei Ko-Tropfen-Kaufen.com bem\u00fchen wir uns, sicherzustellen, dass unsere Kunden vollst\u00e4ndig zufrieden mit ihren Eink\u00e4ufen sind. Wenn Sie aus irgendeinem Grund nicht ganz zufrieden mit Ihrer Bestellung sind, hilft Ihnen unser R\u00fcckgaberecht weiter. 30-Tage-Geld-zur\u00fcck-Garantie Wir bieten eine 30-Tage-Geld-zur\u00fcck-Garantie auf alle unsere Produkte. Wenn Sie mit Ihrem Kauf nicht zufrieden sind, k\u00f6nnen Sie innerhalb von [&hellip;]<\/p>\n","protected":false},"author":2,"featured_media":0,"parent":0,"menu_order":0,"comment_status":"closed","ping_status":"closed","template":"","meta":{"footnotes":""},"class_list":["post-15715","page","type-page","status-publish","hentry"],"blocksy_meta":[],"jetpack_sharing_enabled":true,"_links":{"self":[{"href":"https:\/\/ko-tropfen-kaufen.com\/cs\/wp-json\/wp\/v2\/pages\/15715","targetHints":{"allow":["GET"]}}],"collection":[{"href":"https:\/\/ko-tropfen-kaufen.com\/cs\/wp-json\/wp\/v2\/pages"}],"about":[{"href":"https:\/\/ko-tropfen-kaufen.com\/cs\/wp-json\/wp\/v2\/types\/page"}],"author":[{"embeddable":true,"href":"https:\/\/ko-tropfen-kaufen.com\/cs\/wp-json\/wp\/v2\/users\/2"}],"replies":[{"embeddable":true,"href":"https:\/\/ko-tropfen-kaufen.com\/cs\/wp-json\/wp\/v2\/comments?post=15715"}],"version-history":[{"count":1,"href":"https:\/\/ko-tropfen-kaufen.com\/cs\/wp-json\/wp\/v2\/pages\/15715\/revisions"}],"predecessor-version":[{"id":15716,"href":"https:\/\/ko-tropfen-kaufen.com\/cs\/wp-json\/wp\/v2\/pages\/15715\/revisions\/15716"}],"wp:attachment":[{"href":"https:\/\/ko-tropfen-kaufen.com\/cs\/wp-json\/wp\/v2\/media?parent=15715"}],"curies":[{"name":"wp","href":"https:\/\/api.w.org\/{rel}","templated":true}]}}