{"id":15712,"date":"2024-11-25T20:10:01","date_gmt":"2024-11-25T20:10:01","guid":{"rendered":"https:\/\/ko-tropfen-kaufen.com\/?page_id=15712"},"modified":"2024-11-25T20:10:02","modified_gmt":"2024-11-25T20:10:02","slug":"bezpecnostni-a-pravni-informace","status":"publish","type":"page","link":"https:\/\/ko-tropfen-kaufen.com\/cs\/bezpecnostni-a-pravni-informace\/","title":{"rendered":"Zabezpe\u010den\u00ed"},"content":{"rendered":"<p><a href=\"https:\/\/ko-tropfen-kaufen.com\/product\/gbl-kaufen-legal\/\">GBL<\/a> a <a href=\"https:\/\/ko-tropfen-kaufen.com\/product\/ghb-kaufen\/\">GHB<\/a> mohou b\u00fdt nebezpe\u010dn\u00e9, pokud se s nimi nezach\u00e1z\u00ed spr\u00e1vn\u011b.<\/p>\n\n\n\n<ul class=\"wp-block-list\">\n<li><strong>Po\u0161kozen\u00ed zdrav\u00ed:<\/strong> Ob\u011b l\u00e1tky mohou p\u0159i nespr\u00e1vn\u00e9m u\u017eit\u00ed zp\u016fsobit v\u00e1\u017en\u00e9 po\u0161kozen\u00ed zdrav\u00ed, bezv\u011bdom\u00ed, \u00fatlum d\u00fdch\u00e1n\u00ed a dokonce i smrt.<\/li>\n\n\n\n<li><strong>Nebezpe\u010d\u00ed z\u00e1vislosti:<\/strong> GHB m\u00e1 vysok\u00fd n\u00e1vykov\u00fd potenci\u00e1l a jeho konzumace m\u016f\u017ee rychle v\u00e9st k z\u00e1vislosti.<\/li>\n\n\n\n<li><strong>Pr\u00e1vn\u00ed omezen\u00ed:<\/strong> Prodej a dr\u017een\u00ed GHB jsou v N\u011bmecku p\u0159\u00edsn\u011b zak\u00e1z\u00e1ny podle z\u00e1kona o omamn\u00fdch l\u00e1tk\u00e1ch (BtMG). V z\u00e1vislosti na oblasti pou\u017eit\u00ed podl\u00e9h\u00e1 z\u00e1konn\u00e9 kontrole tak\u00e9 GBL.<\/li>\n<\/ul>\n\n\n\n<p>P\u0159ed ka\u017ed\u00fdm pou\u017eit\u00edm se informujte!<\/p>\n\n\n\n<h2 class=\"wp-block-heading\" id=\"h-rechtliche-aspekte\"><strong>Pr\u00e1vn\u00ed aspekty<\/strong><\/h2>\n\n\n\n<ul class=\"wp-block-list\">\n<li><strong>N\u011bmecko:<\/strong> Prodej a dr\u017een\u00ed GHB nen\u00ed leg\u00e1ln\u00ed (deale\u0159i v\u0161ak GHB st\u00e1le kupuj\u00ed a prod\u00e1vaj\u00ed). GBL podl\u00e9h\u00e1 p\u0159\u00edloze 2 vyhl\u00e1\u0161ky o nebezpe\u010dn\u00fdch l\u00e1tk\u00e1ch (GefStoffV) a sm\u00ed se nakupovat a pou\u017e\u00edvat pouze s p\u0159\u00edslu\u0161nou licenc\u00ed.<\/li>\n\n\n\n<li><strong>Mezin\u00e1rodn\u00ed:<\/strong> Pr\u00e1vn\u00ed situace t\u00fdkaj\u00edc\u00ed se GBL a GHB se m\u016f\u017ee ve sv\u011bt\u011b zna\u010dn\u011b li\u0161it. P\u0159ed n\u00e1kupem nebo pou\u017eit\u00edm GBL nebo GHB si v\u017edy ov\u011b\u0159te platn\u00e9 z\u00e1kony ve va\u0161\u00ed zemi.<\/li>\n<\/ul>\n\n\n\n<p><strong>V p\u0159\u00edpad\u011b jak\u00fdchkoli dotaz\u016f ohledn\u011b manipulace s nebezpe\u010dn\u00fdmi chemick\u00fdmi l\u00e1tkami se obra\u0165te na certifikovan\u00e9ho odborn\u00e9ho prodejce nebo odborn\u00edka na chemick\u00e9 l\u00e1tky.<\/strong><\/p>\n\n\n\n<p><strong>N\u00e1pomocn\u00e9 v\u00e1m mohou b\u00fdt n\u00e1sleduj\u00edc\u00ed zdroje:<\/strong><\/p>\n\n\n\n<ul class=\"wp-block-list\">\n<li><strong>Spolkov\u00fd institut pro bezpe\u010dnost a ochranu zdrav\u00ed p\u0159i pr\u00e1ci (BAUA):<\/strong> <a href=\"https:\/\/www.baua.de\/\" target=\"_blank\" rel=\"noreferrer noopener\">https:\/\/www.baua.de\/<\/a><\/li>\n\n\n\n<li><strong>Centrum pro kontrolu otrav:<\/strong> <a href=\"\/\/www.bvl.bund.de\/DE\/Arbeitsbereiche\/01_Lebensmittel\/03_Verbraucher\/09_InfektionenIntoxikationen\/02_Giftnotrufzentralen\/lm_LMVergiftung_giftnotrufzentralen_node.html\" target=\"_blank\" rel=\"noreferrer noopener\">https:\/\/www.bvl.bund.de\/DE\/Arbeitsbereiche\/01_Lebensmittel\/03_Verbraucher\/09_InfektionenIntoxikationen\/02_Giftnotrufzentralen\/lm_LMVergiftung_giftnotrufzentralen_node.html<\/a><\/li>\n<\/ul>\n\n\n\n<p><strong>Dal\u0161\u00ed relevantn\u00ed kl\u00ed\u010dov\u00e1 slova:<\/strong> GBL, gama-butyrolakton, GHB, kyselina gama-hydroxym\u00e1seln\u00e1, nebezpe\u010dn\u00e9 l\u00e1tky, z\u00e1kon o omamn\u00fdch l\u00e1tk\u00e1ch (BtMG), na\u0159\u00edzen\u00ed o nebezpe\u010dn\u00fdch l\u00e1tk\u00e1ch (GefStoffV), pr\u00e1vn\u00ed situace, po\u0161kozen\u00ed zdrav\u00ed, riziko z\u00e1vislosti.<\/p>","protected":false},"excerpt":{"rendered":"<p>GBL und GHB k\u00f6nnen gef\u00e4hrliche Stoffe sein, wenn sie nicht ordnungsgem\u00e4\u00df gehandhabt werden. Informieren Sie sich vor jeder Verwendung! Rechtliche Aspekte Wenn Sie Fragen zum Umgang mit gef\u00e4hrlichen chemischen Substanzen haben, wenden Sie sich bitte an einen zertifizierten Fachh\u00e4ndler oder eine chemische Sachverst\u00e4ndigen. Folgende Ressourcen k\u00f6nnen hilfreich sein: Andere relevante Keywords: GBL, Gamma-Butyrolacton, GHB, Gamma-Hydroxybutters\u00e4ure, [&hellip;]<\/p>\n","protected":false},"author":2,"featured_media":15713,"parent":0,"menu_order":0,"comment_status":"closed","ping_status":"closed","template":"","meta":{"footnotes":""},"class_list":["post-15712","page","type-page","status-publish","has-post-thumbnail","hentry"],"blocksy_meta":[],"jetpack_sharing_enabled":true,"_links":{"self":[{"href":"https:\/\/ko-tropfen-kaufen.com\/cs\/wp-json\/wp\/v2\/pages\/15712","targetHints":{"allow":["GET"]}}],"collection":[{"href":"https:\/\/ko-tropfen-kaufen.com\/cs\/wp-json\/wp\/v2\/pages"}],"about":[{"href":"https:\/\/ko-tropfen-kaufen.com\/cs\/wp-json\/wp\/v2\/types\/page"}],"author":[{"embeddable":true,"href":"https:\/\/ko-tropfen-kaufen.com\/cs\/wp-json\/wp\/v2\/users\/2"}],"replies":[{"embeddable":true,"href":"https:\/\/ko-tropfen-kaufen.com\/cs\/wp-json\/wp\/v2\/comments?post=15712"}],"version-history":[{"count":1,"href":"https:\/\/ko-tropfen-kaufen.com\/cs\/wp-json\/wp\/v2\/pages\/15712\/revisions"}],"predecessor-version":[{"id":15714,"href":"https:\/\/ko-tropfen-kaufen.com\/cs\/wp-json\/wp\/v2\/pages\/15712\/revisions\/15714"}],"wp:featuredmedia":[{"embeddable":true,"href":"https:\/\/ko-tropfen-kaufen.com\/cs\/wp-json\/wp\/v2\/media\/15713"}],"wp:attachment":[{"href":"https:\/\/ko-tropfen-kaufen.com\/cs\/wp-json\/wp\/v2\/media?parent=15712"}],"curies":[{"name":"wp","href":"https:\/\/api.w.org\/{rel}","templated":true}]}}