{"id":15705,"date":"2024-11-25T20:57:41","date_gmt":"2024-11-25T19:57:41","guid":{"rendered":"https:\/\/ko-tropfen-kaufen.com\/?page_id=15705"},"modified":"2025-11-05T08:36:16","modified_gmt":"2025-11-05T07:36:16","slug":"co-je-gbl","status":"publish","type":"page","link":"https:\/\/ko-tropfen-kaufen.com\/cs\/co-je-gbl\/","title":{"rendered":"Co je GBL"},"content":{"rendered":"<p>Co je GBL - gama-butyrolakton (GBL) je bezbarv\u00e1 hygroskopick\u00e1 kapalina zn\u00e1m\u00e1 sv\u00fdm pou\u017eit\u00edm jako pr\u016fmyslov\u00e9 rozpou\u0161t\u011bdlo a chemick\u00fd meziprodukt.<\/p>\n\n\n\n<p>M\u00e1 molekul\u00e1rn\u00ed vzorec C\u2084H\u2086O\u2082 a vyzna\u010duje se slab\u00fdm z\u00e1pachem a ho\u0159kou chut\u00ed. GBL je lakton, typ cyklick\u00e9ho esteru, a je prekurzorem kyseliny gama-hydroxym\u00e1seln\u00e9 (GHB).<\/p>\n\n\n\n<blockquote class=\"wp-block-quote is-layout-flow wp-block-quote-is-layout-flow\">\n<p>Dal\u0161\u00ed n\u00e1zvy GBL: liquid ecstasys, blue nitro, blue nitro vitality, ghb droge, g droge, gbl dosieren, renewtrient, fire water, gamma-g, gh revitaliser, remforce.<\/p>\n<\/blockquote>\n\n\n\n<div id=\"ez-toc-container\" class=\"ez-toc-v2_0_82_2 counter-hierarchy ez-toc-counter ez-toc-grey ez-toc-container-direction\">\n<div class=\"ez-toc-title-container\">\n<p class=\"ez-toc-title\" style=\"cursor:inherit\">Obsah<\/p>\n<span class=\"ez-toc-title-toggle\"><a href=\"#\" class=\"ez-toc-pull-right ez-toc-btn ez-toc-btn-xs ez-toc-btn-default ez-toc-toggle\" aria-label=\"P\u0159epnut\u00ed tabulky obsahu\"><span class=\"ez-toc-js-icon-con\"><span class=\"\"><span class=\"eztoc-hide\" style=\"display:none;\">P\u0159ep\u00edna\u010d<\/span><span class=\"ez-toc-icon-toggle-span\"><svg style=\"fill: #999;color:#999\" xmlns=\"http:\/\/www.w3.org\/2000\/svg\" class=\"list-377408\" width=\"20px\" height=\"20px\" viewbox=\"0 0 24 24\" fill=\"none\"><path d=\"M6 6H4v2h2V6zm14 0H8v2h12V6zM4 11h2v2H4v-2zm16 0H8v2h12v-2zM4 16h2v2H4v-2zm16 0H8v2h12v-2z\" fill=\"currentColor\"><\/path><\/svg><svg style=\"fill: #999;color:#999\" class=\"arrow-unsorted-368013\" xmlns=\"http:\/\/www.w3.org\/2000\/svg\" width=\"10px\" height=\"10px\" viewbox=\"0 0 24 24\" version=\"1.2\" baseprofile=\"tiny\"><path d=\"M18.2 9.3l-6.2-6.3-6.2 6.3c-.2.2-.3.4-.3.7s.1.5.3.7c.2.2.4.3.7.3h11c.3 0 .5-.1.7-.3.2-.2.3-.5.3-.7s-.1-.5-.3-.7zM5.8 14.7l6.2 6.3 6.2-6.3c.2-.2.3-.5.3-.7s-.1-.5-.3-.7c-.2-.2-.4-.3-.7-.3h-11c-.3 0-.5.1-.7.3-.2.2-.3.5-.3.7s.1.5.3.7z\"\/><\/svg><\/span><\/span><\/span><\/a><\/span><\/div>\n<nav><ul class='ez-toc-list ez-toc-list-level-1' ><li class='ez-toc-page-1 ez-toc-heading-level-2'><a class=\"ez-toc-link ez-toc-heading-1\" href=\"https:\/\/ko-tropfen-kaufen.com\/cs\/co-je-gbl\/#Chemische_Eigenschaften_und_industrielle_Verwendung_von_Gamma-Butyrolacton\" >Chemick\u00e9 vlastnosti a pr\u016fmyslov\u00e9 vyu\u017eit\u00ed gama-butyrolaktonu<\/a><\/li><li class='ez-toc-page-1 ez-toc-heading-level-2'><a class=\"ez-toc-link ez-toc-heading-2\" href=\"https:\/\/ko-tropfen-kaufen.com\/cs\/co-je-gbl\/#Andere_Verwendungen_von_GBL\" >Dal\u0161\u00ed pou\u017eit\u00ed GBL<\/a><\/li><li class='ez-toc-page-1 ez-toc-heading-level-2'><a class=\"ez-toc-link ez-toc-heading-3\" href=\"https:\/\/ko-tropfen-kaufen.com\/cs\/co-je-gbl\/#Chemische_Reaktionen_von_GBL\" >Chemick\u00e9 reakce GBL<\/a><\/li><li class='ez-toc-page-1 ez-toc-heading-level-2'><a class=\"ez-toc-link ez-toc-heading-4\" href=\"https:\/\/ko-tropfen-kaufen.com\/cs\/co-je-gbl\/#Regulierung_und_Rechtsstatus\" >Regulace a pr\u00e1vn\u00ed status<\/a><\/li><li class='ez-toc-page-1 ez-toc-heading-level-2'><a class=\"ez-toc-link ez-toc-heading-5\" href=\"https:\/\/ko-tropfen-kaufen.com\/cs\/co-je-gbl\/#Gesundheitliche_Auswirkungen_und_Risiken\" >Zdravotn\u00ed \u00fa\u010dinky a rizika<\/a><\/li><li class='ez-toc-page-1 ez-toc-heading-level-2'><a class=\"ez-toc-link ez-toc-heading-6\" href=\"https:\/\/ko-tropfen-kaufen.com\/cs\/co-je-gbl\/#Wo_kann_man_GBL_kaufen\" >Kde si m\u016f\u017eete koupit GBL?<\/a><\/li><\/ul><\/nav><\/div>\n<h2 class=\"wp-block-heading\" id=\"h-chemische-eigenschaften-und-industrielle-verwendung-von-gamma-butyrolacton\"><span class=\"ez-toc-section\" id=\"Chemische_Eigenschaften_und_industrielle_Verwendung_von_Gamma-Butyrolacton\"><\/span>Chemick\u00e9 vlastnosti a pr\u016fmyslov\u00e9 vyu\u017eit\u00ed gama-butyrolaktonu<span class=\"ez-toc-section-end\"><\/span><\/h2>\n\n\n\n<p>GBL se pr\u016fmyslov\u011b vyr\u00e1b\u00ed dehydrogenac\u00ed 1,4-butandiolu za p\u0159\u00edtomnosti m\u011bd\u011bn\u00e9ho katalyz\u00e1toru p\u0159i teplot\u00e1ch 180-300 \u00b0C.<\/p>\n\n\n\n<p>V\u00fdt\u011b\u017eek tohoto procesu je p\u0159ibli\u017en\u011b 95 % s \u010di\u0161t\u011bn\u00edm extrakc\u00ed v kapaln\u00e9 plynn\u00e9 f\u00e1zi. GBL lze tak\u00e9 syntetizovat v laborato\u0159i oxidac\u00ed tetrahydrofuranu (THF) nebo reakc\u00ed katalyzovanou lip\u00e1zou se 4-hydroxybutyr\u00e1tem (4-HB).<\/p>\n\n\n\n<p>GBL se tak\u00e9 pou\u017e\u00edv\u00e1 jako meziprodukt p\u0159i v\u00fdrob\u011b dal\u0161\u00edch chemick\u00fdch l\u00e1tek, jako je N-methyl-2-pyrrolidon (NMP) a pyrrolidon, a p\u0159i synt\u00e9ze n\u011bkter\u00fdch l\u00e9\u010div.<\/p>\n\n\n\n<h2 class=\"wp-block-heading\" id=\"h-andere-verwendungen-von-gbl\"><span class=\"ez-toc-section\" id=\"Andere_Verwendungen_von_GBL\"><\/span>Dal\u0161\u00ed pou\u017eit\u00ed GBL<span class=\"ez-toc-section-end\"><\/span><\/h2>\n\n\n\n<ul class=\"wp-block-list\">\n<li>\u0158edidlo barvy<\/li>\n\n\n\n<li>\u010cistic\u00ed prost\u0159edky<\/li>\n\n\n\n<li>Odstra\u0148ova\u010d superlepidla<\/li>\n\n\n\n<li>Elektrolytick\u00e9 kondenz\u00e1tory<\/li>\n<\/ul>\n\n\n\n<h2 class=\"wp-block-heading\" id=\"h-chemische-reaktionen-von-gbl\"><span class=\"ez-toc-section\" id=\"Chemische_Reaktionen_von_GBL\"><\/span>Chemick\u00e9 reakce GBL<span class=\"ez-toc-section-end\"><\/span><\/h2>\n\n\n\n<p>Chemick\u00e1 struktura GBL umo\u017e\u0148uje jeho hydrol\u00fdzu na kyselinu gama-hydroxym\u00e1selnou (GHB) za z\u00e1kladn\u00edch podm\u00ednek. Tato vlastnost vedla k tomu, \u017ee se GBL pou\u017e\u00edv\u00e1 k v\u00fdrob\u011b GHB, kter\u00fd je jak terapeutickou l\u00e1tkou, tak l\u00e1tkou zneu\u017e\u00edvanou. Proces p\u0159em\u011bny je jednoduch\u00fd, co\u017e z GBL \u010din\u00ed d\u016fle\u017eit\u00fd prekurzor pro synt\u00e9zu GHB.<\/p>\n\n\n\n<figure class=\"wp-block-image size-full\"><img data-recalc-dims=\"1\" fetchpriority=\"high\" decoding=\"async\" width=\"1024\" height=\"379\" src=\"https:\/\/i0.wp.com\/ko-tropfen-kaufen.com\/wp-content\/uploads\/2024\/11\/Gbl-Produktionsprozess-1024x379-1.png?resize=1024%2C379&#038;ssl=1\" alt=\"\" class=\"wp-image-15708\" srcset=\"https:\/\/i0.wp.com\/ko-tropfen-kaufen.com\/wp-content\/uploads\/2024\/11\/Gbl-Produktionsprozess-1024x379-1.png?w=1024&amp;ssl=1 1024w, https:\/\/i0.wp.com\/ko-tropfen-kaufen.com\/wp-content\/uploads\/2024\/11\/Gbl-Produktionsprozess-1024x379-1.png?resize=430%2C159&amp;ssl=1 430w, https:\/\/i0.wp.com\/ko-tropfen-kaufen.com\/wp-content\/uploads\/2024\/11\/Gbl-Produktionsprozess-1024x379-1.png?resize=700%2C259&amp;ssl=1 700w, https:\/\/i0.wp.com\/ko-tropfen-kaufen.com\/wp-content\/uploads\/2024\/11\/Gbl-Produktionsprozess-1024x379-1.png?resize=400%2C148&amp;ssl=1 400w, https:\/\/i0.wp.com\/ko-tropfen-kaufen.com\/wp-content\/uploads\/2024\/11\/Gbl-Produktionsprozess-1024x379-1.png?resize=768%2C284&amp;ssl=1 768w\" sizes=\"(max-width: 1024px) 100vw, 1024px\" \/><\/figure>\n\n\n\n<h2 class=\"wp-block-heading\" id=\"h-regulierung-und-rechtsstatus\"><span class=\"ez-toc-section\" id=\"Regulierung_und_Rechtsstatus\"><\/span>Regulace a pr\u00e1vn\u00ed status<span class=\"ez-toc-section-end\"><\/span><\/h2>\n\n\n\n<p>GBL je v mnoha zem\u00edch regulov\u00e1n z\u00e1konem, proto\u017ee m\u016f\u017ee b\u00fdt zneu\u017e\u00edv\u00e1n jako rekrea\u010dn\u00ed droga t\u00edm, \u017ee se v t\u011ble p\u0159em\u011bn\u00ed na GHB. GHB je zn\u00e1m\u00fd sv\u00fdmi sedativn\u00edmi a euforizuj\u00edc\u00edmi \u00fa\u010dinky, kter\u00e9 vedly k tomu, \u017ee je spojov\u00e1n s neleg\u00e1ln\u00edm u\u017e\u00edv\u00e1n\u00edm a obavami o bezpe\u010dnost. V d\u016fsledku toho je GBL \u010dasto kontrolov\u00e1n podle z\u00e1kon\u016f o prekurzorech drog a jeho prodej a dr\u017een\u00ed mohou b\u00fdt omezeny.<\/p>\n\n\n\n<h2 class=\"wp-block-heading\" id=\"h-gesundheitliche-auswirkungen-und-risiken\"><span class=\"ez-toc-section\" id=\"Gesundheitliche_Auswirkungen_und_Risiken\"><\/span>Zdravotn\u00ed \u00fa\u010dinky a rizika<span class=\"ez-toc-section-end\"><\/span><\/h2>\n\n\n\n<p>U\u017e\u00edv\u00e1n\u00ed GBL m\u016f\u017ee zp\u016fsobit \u0159adu ne\u017e\u00e1douc\u00edch \u00fa\u010dink\u016f, v\u010detn\u011b nevolnosti, bolest\u00ed hlavy, rozmazan\u00e9ho vid\u011bn\u00ed, zrychlen\u00e9ho srde\u010dn\u00edho tepu a zv\u00fd\u0161en\u00e9ho krevn\u00edho tlaku. Dlouhodob\u00e9 zneu\u017e\u00edv\u00e1n\u00ed m\u016f\u017ee v\u00e9st k v\u00e1\u017en\u00fdm psychick\u00fdm a fyzick\u00fdm zdravotn\u00edm probl\u00e9m\u016fm, jako jsou deprese, \u00fazkost a dokonce psych\u00f3za. Je proto z\u00e1sadn\u00ed konzumovat GBL zodpov\u011bdn\u011b a v souladu s p\u0159\u00edslu\u0161n\u00fdmi pr\u00e1vn\u00edmi a bezpe\u010dnostn\u00edmi pokyny.<\/p>\n\n\n\n<figure class=\"wp-block-image size-full is-resized\"><img data-recalc-dims=\"1\" decoding=\"async\" width=\"1024\" height=\"585\" src=\"https:\/\/i0.wp.com\/ko-tropfen-kaufen.com\/wp-content\/uploads\/2024\/11\/GBL-pharmacie-1024x585-1.jpg?resize=1024%2C585&#038;ssl=1\" alt=\"\" class=\"wp-image-15709\" style=\"width:1192px;height:auto\" srcset=\"https:\/\/i0.wp.com\/ko-tropfen-kaufen.com\/wp-content\/uploads\/2024\/11\/GBL-pharmacie-1024x585-1.jpg?w=1024&amp;ssl=1 1024w, https:\/\/i0.wp.com\/ko-tropfen-kaufen.com\/wp-content\/uploads\/2024\/11\/GBL-pharmacie-1024x585-1.jpg?resize=430%2C246&amp;ssl=1 430w, https:\/\/i0.wp.com\/ko-tropfen-kaufen.com\/wp-content\/uploads\/2024\/11\/GBL-pharmacie-1024x585-1.jpg?resize=700%2C400&amp;ssl=1 700w, https:\/\/i0.wp.com\/ko-tropfen-kaufen.com\/wp-content\/uploads\/2024\/11\/GBL-pharmacie-1024x585-1.jpg?resize=400%2C229&amp;ssl=1 400w, https:\/\/i0.wp.com\/ko-tropfen-kaufen.com\/wp-content\/uploads\/2024\/11\/GBL-pharmacie-1024x585-1.jpg?resize=768%2C439&amp;ssl=1 768w\" sizes=\"(max-width: 1024px) 100vw, 1024px\" \/><\/figure>\n\n\n\n<h2 class=\"wp-block-heading\" id=\"h-wo-kann-man-gbl-kaufen\"><span class=\"ez-toc-section\" id=\"Wo_kann_man_GBL_kaufen\"><\/span>Kde si m\u016f\u017eete koupit GBL?<span class=\"ez-toc-section-end\"><\/span><\/h2>\n\n\n\n<p>Pokud pot\u0159ebujete GBL pro legitimn\u00ed pr\u016fmyslov\u00e9 \u00fa\u010dely, m\u016f\u017eete si ho koupit od r\u016fzn\u00fdch dodavatel\u016f. Mezi spolehliv\u00e9 zdroje pat\u0159\u00ed specializovan\u00ed dodavatel\u00e9 chemik\u00e1li\u00ed a pr\u016fmyslov\u00ed dodavatel\u00e9. P\u0159i n\u00e1kupu GBL v\u017edy dbejte na dodr\u017eov\u00e1n\u00ed m\u00edstn\u00edch p\u0159edpis\u016f. Zkoum\u00e1n\u00ed dodavatel\u016f a \u010dten\u00ed recenz\u00ed v\u00e1m pom\u016f\u017ee zajistit, \u017ee pro sv\u00e9 pot\u0159eby z\u00edsk\u00e1te vysoce kvalitn\u00ed GBL.<\/p>\n\n\n\n<ul class=\"wp-block-list\">\n<li><strong>GBL Clean Shop<\/strong>Tento obchod nab\u00edz\u00ed celou \u0159adu v\u00fdrobk\u016f GBL, kter\u00e9 jsou prim\u00e1rn\u011b ur\u010deny pro pr\u016fmyslov\u00e9 \u010di\u0161t\u011bn\u00ed, jako je \u010di\u0161t\u011bn\u00ed kol a pou\u017eit\u00ed rozpou\u0161t\u011bdel. Spole\u010dnost klade velk\u00fd d\u016fraz na kvalitu a \u010distotu sv\u00fdch v\u00fdrobk\u016f GBL a poskytuje podrobn\u00e9 pokyny k pou\u017eit\u00ed (GBL Clean Shop).<\/li>\n\n\n\n<li><strong>Obchod GBL<\/strong>Tento obchod je zn\u00e1m\u00fd sv\u00fdm rozs\u00e1hl\u00fdm sortimentem produkt\u016f GBL a nab\u00edz\u00ed mo\u017enosti r\u016fzn\u00fdch mno\u017estv\u00ed, v\u010detn\u011b 500 ml, 1 litru, 2 litr\u016f, 5 litr\u016f a dal\u0161\u00edch. Zaji\u0161\u0165uje bezpe\u010dn\u00e9 a diskr\u00e9tn\u00ed transakce a nab\u00edz\u00ed konkurenceschopn\u00e9 ceny (<a href=\"https:\/\/ko-tropfen-kaufen.com\/serioser-gbl-shop\">Obchod GBL<\/a>).<\/li>\n\n\n\n<li><strong>Chemick\u00e1 laborato\u0159 GBL<\/strong>GBL se na t\u011bchto webov\u00fdch str\u00e1nk\u00e1ch prod\u00e1v\u00e1 v r\u016fzn\u00fdch mno\u017estv\u00edch a inzeruje se jeho pou\u017eit\u00ed pro pr\u016fmyslov\u00e9 \u010di\u0161t\u011bn\u00ed a jako chemick\u00fd meziprodukt. Zd\u016fraz\u0148uj\u00ed bezpe\u010dn\u00fd proces objedn\u00e1v\u00e1n\u00ed a mo\u017enost rychl\u00e9 p\u0159epravy (GBL Chem Lab).<\/li>\n<\/ul>\n\n\n\n<p>Podrobn\u011bj\u0161\u00ed informace lze nal\u00e9zt ve zdroj\u00edch, jako jsou Wikipedia a FineChemical.net (<a href=\"https:\/\/de.wikipedia.org\/wiki\/\u0393-Butyrolacton\" target=\"_blank\" rel=\"noopener\">Wikipedia<\/a>) (Anbu Chem).<\/p>\n\n\n\n<p>Historie GBL se vyzna\u010duje dvoj\u00ed rol\u00ed, a to jako cenn\u00e9ho pr\u016fmyslov\u00e9ho rozpou\u0161t\u011bdla a kontrolovan\u00e9ho prekurzoru GHB, co\u017e odr\u00e1\u017e\u00ed jak jeho u\u017eite\u010dnost, tak pot\u0159ebu regulace za \u00fa\u010delem omezen\u00ed zneu\u017e\u00edv\u00e1n\u00ed.<\/p>","protected":false},"excerpt":{"rendered":"<p>Was ist GBL &#8211; Gamma-Butyrolacton (GBL) ist eine farblose, hygroskopische Fl\u00fcssigkeit, die f\u00fcr ihre Verwendung als industrielles L\u00f6sungsmittel und chemisches Zwischenprodukt bekannt ist. Es hat die Molekularformel C\u2084H\u2086O\u2082 und zeichnet sich durch einen schwachen Geruch und einen bitteren Geschmack aus. GBL ist ein Lacton, eine Art zyklischer Ester, und ist ein Vorl\u00e4ufer von Gamma-Hydroxybutters\u00e4ure (GHB). [&hellip;]<\/p>\n","protected":false},"author":2,"featured_media":0,"parent":0,"menu_order":0,"comment_status":"closed","ping_status":"closed","template":"","meta":{"footnotes":""},"class_list":["post-15705","page","type-page","status-publish","hentry"],"blocksy_meta":[],"jetpack_sharing_enabled":true,"_links":{"self":[{"href":"https:\/\/ko-tropfen-kaufen.com\/cs\/wp-json\/wp\/v2\/pages\/15705","targetHints":{"allow":["GET"]}}],"collection":[{"href":"https:\/\/ko-tropfen-kaufen.com\/cs\/wp-json\/wp\/v2\/pages"}],"about":[{"href":"https:\/\/ko-tropfen-kaufen.com\/cs\/wp-json\/wp\/v2\/types\/page"}],"author":[{"embeddable":true,"href":"https:\/\/ko-tropfen-kaufen.com\/cs\/wp-json\/wp\/v2\/users\/2"}],"replies":[{"embeddable":true,"href":"https:\/\/ko-tropfen-kaufen.com\/cs\/wp-json\/wp\/v2\/comments?post=15705"}],"version-history":[{"count":2,"href":"https:\/\/ko-tropfen-kaufen.com\/cs\/wp-json\/wp\/v2\/pages\/15705\/revisions"}],"predecessor-version":[{"id":15831,"href":"https:\/\/ko-tropfen-kaufen.com\/cs\/wp-json\/wp\/v2\/pages\/15705\/revisions\/15831"}],"wp:attachment":[{"href":"https:\/\/ko-tropfen-kaufen.com\/cs\/wp-json\/wp\/v2\/media?parent=15705"}],"curies":[{"name":"wp","href":"https:\/\/api.w.org\/{rel}","templated":true}]}}